{"id":108683,"date":"2026-04-14T16:36:25","date_gmt":"2026-04-14T14:36:25","guid":{"rendered":"https:\/\/www.koonings.com\/product\/herve-paris-nele\/"},"modified":"2026-04-14T15:36:25","modified_gmt":"2026-04-14T13:36:25","slug":"herve-paris-nele","status":"publish","type":"product","link":"https:\/\/www.koonings.com\/fr\/product\/herve-paris-nele\/","title":{"rendered":"Herve Paris Nele"},"content":{"rendered":"<p>Cette robe attirera tous les regards, et pour toutes les bonnes raisons. Cette robe en dentelle ajust\u00e9e et \u00e9vas\u00e9e est enti\u00e8rement rehauss\u00e9e de perles sur le dessus, ce qui ajoute un \u00e9clat parfaitement subtil \u00e0 l&#8217;\u00e9l\u00e9gance du mod\u00e8le. Les manches longues en dentelle amovibles ajoutent un \u00e9l\u00e9ment dramatique et romantique, et peuvent \u00eatre facilement enlev\u00e9es pour un look plus serr\u00e9. \u00c9galement disponible sans manches pour un look simple mais tout aussi \u00e9blouissant, de la collection Herv\u00e9 Paris.   <\/p>\n","protected":false},"featured_media":108684,"template":"","meta":{"_acf_changed":false,"ghostkit_customizer_options":"","ghostkit_custom_css":"","ghostkit_custom_js_head":"","ghostkit_custom_js_foot":"","ghostkit_typography":""},"productdetails":[376,381],"productneck":[352],"productcolor":[392],"maat":[],"productsupplier":[424],"productsleeve":[357,362],"productcategory":[18],"productsilhouette":[389],"productstyle":[366],"class_list":["post-108683","product","type-product","status-publish","has-post-thumbnail","hentry","productdetails-376","productdetails-381","productneck-352","productcolor-392","productsupplier-herve-paris","productsleeve-357","productsleeve-362","productcategory-trouwjurken","productsilhouette-389","productstyle-366"],"acf":[],"yoast_head":"<!-- This site is optimized with the Yoast SEO plugin v27.3 - https:\/\/yoast.com\/product\/yoast-seo-wordpress\/ -->\n<title>Herve Paris Nele | Koonings<\/title>\n<meta name=\"description\" content=\"Cette robe attirera tous les regards, et pour toutes les bonnes raisons. Cette robe en dentelle ajust\u00e9e et \u00e9vas\u00e9e est enti\u00e8rement rehauss\u00e9e de perles sur le dessus, ce qui ajoute un \u00e9clat parfaitement subtil \u00e0 l&#039;\u00e9l\u00e9gance du mod\u00e8le. Les manches longues en dentelle amovibles ajoutent un \u00e9l\u00e9ment dramatique et romantique, et peuvent \u00eatre facilement enlev\u00e9es pour un look plus serr\u00e9. \u00c9galement disponible sans manches pour un look simple mais tout aussi \u00e9blouissant, de la collection Herv\u00e9 Paris.\" \/>\n<meta name=\"robots\" content=\"index, follow, max-snippet:-1, max-image-preview:large, max-video-preview:-1\" \/>\n<link rel=\"canonical\" href=\"https:\/\/www.koonings.com\/fr\/product\/herve-paris-nele\/\" \/>\n<meta property=\"og:locale\" content=\"fr_FR\" \/>\n<meta property=\"og:type\" content=\"article\" \/>\n<meta property=\"og:title\" content=\"Herve Paris Nele | Koonings\" \/>\n<meta property=\"og:description\" content=\"Cette robe attirera tous les regards, et pour toutes les bonnes raisons. Cette robe en dentelle ajust\u00e9e et \u00e9vas\u00e9e est enti\u00e8rement rehauss\u00e9e de perles sur le dessus, ce qui ajoute un \u00e9clat parfaitement subtil \u00e0 l&#039;\u00e9l\u00e9gance du mod\u00e8le. Les manches longues en dentelle amovibles ajoutent un \u00e9l\u00e9ment dramatique et romantique, et peuvent \u00eatre facilement enlev\u00e9es pour un look plus serr\u00e9. \u00c9galement disponible sans manches pour un look simple mais tout aussi \u00e9blouissant, de la collection Herv\u00e9 Paris.\" \/>\n<meta property=\"og:url\" content=\"https:\/\/www.koonings.com\/fr\/product\/herve-paris-nele\/\" \/>\n<meta property=\"og:site_name\" content=\"Koonings\" \/>\n<meta property=\"article:publisher\" content=\"https:\/\/www.facebook.com\/kooningstheweddingpalace\" \/>\n<meta property=\"og:image\" content=\"https:\/\/www.koonings.com\/wp-content\/uploads\/2025\/11\/51057_e1ba02e68a83b1ce1cff7078aaef6fc7900cda03713ddc3776ef9003521e3697e592fb7e.jpeg\" \/>\n\t<meta property=\"og:image:width\" content=\"1385\" \/>\n\t<meta property=\"og:image:height\" content=\"1956\" \/>\n\t<meta property=\"og:image:type\" content=\"image\/jpeg\" \/>\n<meta name=\"twitter:card\" content=\"summary_large_image\" \/>\n<script type=\"application\/ld+json\" class=\"yoast-schema-graph\">{\"@context\":\"https:\\\/\\\/schema.org\",\"@graph\":[{\"@type\":\"WebPage\",\"@id\":\"https:\\\/\\\/www.koonings.com\\\/fr\\\/product\\\/herve-paris-nele\\\/\",\"url\":\"https:\\\/\\\/www.koonings.com\\\/fr\\\/product\\\/herve-paris-nele\\\/\",\"name\":\"Herve Paris Nele | Koonings\",\"isPartOf\":{\"@id\":\"https:\\\/\\\/www.koonings.com\\\/fr\\\/#website\"},\"primaryImageOfPage\":{\"@id\":\"https:\\\/\\\/www.koonings.com\\\/fr\\\/product\\\/herve-paris-nele\\\/#primaryimage\"},\"image\":{\"@id\":\"https:\\\/\\\/www.koonings.com\\\/fr\\\/product\\\/herve-paris-nele\\\/#primaryimage\"},\"thumbnailUrl\":\"https:\\\/\\\/www.koonings.com\\\/wp-content\\\/uploads\\\/2025\\\/11\\\/51057_e1ba02e68a83b1ce1cff7078aaef6fc7900cda03713ddc3776ef9003521e3697e592fb7e.jpeg\",\"datePublished\":\"2026-04-14T14:36:25+00:00\",\"description\":\"Cette robe attirera tous les regards, et pour toutes les bonnes raisons. Cette robe en dentelle ajust\u00e9e et \u00e9vas\u00e9e est enti\u00e8rement rehauss\u00e9e de perles sur le dessus, ce qui ajoute un \u00e9clat parfaitement subtil \u00e0 l'\u00e9l\u00e9gance du mod\u00e8le. Les manches longues en dentelle amovibles ajoutent un \u00e9l\u00e9ment dramatique et romantique, et peuvent \u00eatre facilement enlev\u00e9es pour un look plus serr\u00e9. \u00c9galement disponible sans manches pour un look simple mais tout aussi \u00e9blouissant, de la collection Herv\u00e9 Paris.\",\"breadcrumb\":{\"@id\":\"https:\\\/\\\/www.koonings.com\\\/fr\\\/product\\\/herve-paris-nele\\\/#breadcrumb\"},\"inLanguage\":\"fr-FR\",\"potentialAction\":[{\"@type\":\"ReadAction\",\"target\":[\"https:\\\/\\\/www.koonings.com\\\/fr\\\/product\\\/herve-paris-nele\\\/\"]}]},{\"@type\":\"ImageObject\",\"inLanguage\":\"fr-FR\",\"@id\":\"https:\\\/\\\/www.koonings.com\\\/fr\\\/product\\\/herve-paris-nele\\\/#primaryimage\",\"url\":\"https:\\\/\\\/www.koonings.com\\\/wp-content\\\/uploads\\\/2025\\\/11\\\/51057_e1ba02e68a83b1ce1cff7078aaef6fc7900cda03713ddc3776ef9003521e3697e592fb7e.jpeg\",\"contentUrl\":\"https:\\\/\\\/www.koonings.com\\\/wp-content\\\/uploads\\\/2025\\\/11\\\/51057_e1ba02e68a83b1ce1cff7078aaef6fc7900cda03713ddc3776ef9003521e3697e592fb7e.jpeg\",\"width\":1385,\"height\":1956},{\"@type\":\"BreadcrumbList\",\"@id\":\"https:\\\/\\\/www.koonings.com\\\/fr\\\/product\\\/herve-paris-nele\\\/#breadcrumb\",\"itemListElement\":[{\"@type\":\"ListItem\",\"position\":1,\"name\":\"Home\",\"item\":\"https:\\\/\\\/www.koonings.com\\\/fr\\\/\"},{\"@type\":\"ListItem\",\"position\":2,\"name\":\"Herve Paris Nele\"}]},{\"@type\":\"WebSite\",\"@id\":\"https:\\\/\\\/www.koonings.com\\\/fr\\\/#website\",\"url\":\"https:\\\/\\\/www.koonings.com\\\/fr\\\/\",\"name\":\"Koonings\",\"description\":\"De grootste bruidsmodewinkel ter wereld\",\"publisher\":{\"@id\":\"https:\\\/\\\/www.koonings.com\\\/fr\\\/#organization\"},\"potentialAction\":[{\"@type\":\"SearchAction\",\"target\":{\"@type\":\"EntryPoint\",\"urlTemplate\":\"https:\\\/\\\/www.koonings.com\\\/fr\\\/?s={search_term_string}\"},\"query-input\":{\"@type\":\"PropertyValueSpecification\",\"valueRequired\":true,\"valueName\":\"search_term_string\"}}],\"inLanguage\":\"fr-FR\"},{\"@type\":\"Organization\",\"@id\":\"https:\\\/\\\/www.koonings.com\\\/fr\\\/#organization\",\"name\":\"Koonings\",\"url\":\"https:\\\/\\\/www.koonings.com\\\/fr\\\/\",\"logo\":{\"@type\":\"ImageObject\",\"inLanguage\":\"fr-FR\",\"@id\":\"https:\\\/\\\/www.koonings.com\\\/fr\\\/#\\\/schema\\\/logo\\\/image\\\/\",\"url\":\"https:\\\/\\\/www.koonings.com\\\/wp-content\\\/uploads\\\/2024\\\/07\\\/logo.png\",\"contentUrl\":\"https:\\\/\\\/www.koonings.com\\\/wp-content\\\/uploads\\\/2024\\\/07\\\/logo.png\",\"width\":600,\"height\":428,\"caption\":\"Koonings\"},\"image\":{\"@id\":\"https:\\\/\\\/www.koonings.com\\\/fr\\\/#\\\/schema\\\/logo\\\/image\\\/\"},\"sameAs\":[\"https:\\\/\\\/www.facebook.com\\\/kooningstheweddingpalace\",\"https:\\\/\\\/www.instagram.com\\\/kooningstheweddingpalace\",\"https:\\\/\\\/www.pinterest.com\\\/koonings\",\"https:\\\/\\\/www.youtube.com\\\/kooningstheweddingpalace\"]}]}<\/script>\n<!-- \/ Yoast SEO plugin. -->","yoast_head_json":{"title":"Herve Paris Nele | Koonings","description":"Cette robe attirera tous les regards, et pour toutes les bonnes raisons. Cette robe en dentelle ajust\u00e9e et \u00e9vas\u00e9e est enti\u00e8rement rehauss\u00e9e de perles sur le dessus, ce qui ajoute un \u00e9clat parfaitement subtil \u00e0 l'\u00e9l\u00e9gance du mod\u00e8le. Les manches longues en dentelle amovibles ajoutent un \u00e9l\u00e9ment dramatique et romantique, et peuvent \u00eatre facilement enlev\u00e9es pour un look plus serr\u00e9. \u00c9galement disponible sans manches pour un look simple mais tout aussi \u00e9blouissant, de la collection Herv\u00e9 Paris.","robots":{"index":"index","follow":"follow","max-snippet":"max-snippet:-1","max-image-preview":"max-image-preview:large","max-video-preview":"max-video-preview:-1"},"canonical":"https:\/\/www.koonings.com\/fr\/product\/herve-paris-nele\/","og_locale":"fr_FR","og_type":"article","og_title":"Herve Paris Nele | Koonings","og_description":"Cette robe attirera tous les regards, et pour toutes les bonnes raisons. Cette robe en dentelle ajust\u00e9e et \u00e9vas\u00e9e est enti\u00e8rement rehauss\u00e9e de perles sur le dessus, ce qui ajoute un \u00e9clat parfaitement subtil \u00e0 l'\u00e9l\u00e9gance du mod\u00e8le. Les manches longues en dentelle amovibles ajoutent un \u00e9l\u00e9ment dramatique et romantique, et peuvent \u00eatre facilement enlev\u00e9es pour un look plus serr\u00e9. \u00c9galement disponible sans manches pour un look simple mais tout aussi \u00e9blouissant, de la collection Herv\u00e9 Paris.","og_url":"https:\/\/www.koonings.com\/fr\/product\/herve-paris-nele\/","og_site_name":"Koonings","article_publisher":"https:\/\/www.facebook.com\/kooningstheweddingpalace","og_image":[{"width":1385,"height":1956,"url":"https:\/\/www.koonings.com\/wp-content\/uploads\/2025\/11\/51057_e1ba02e68a83b1ce1cff7078aaef6fc7900cda03713ddc3776ef9003521e3697e592fb7e.jpeg","type":"image\/jpeg"}],"twitter_card":"summary_large_image","schema":{"@context":"https:\/\/schema.org","@graph":[{"@type":"WebPage","@id":"https:\/\/www.koonings.com\/fr\/product\/herve-paris-nele\/","url":"https:\/\/www.koonings.com\/fr\/product\/herve-paris-nele\/","name":"Herve Paris Nele | Koonings","isPartOf":{"@id":"https:\/\/www.koonings.com\/fr\/#website"},"primaryImageOfPage":{"@id":"https:\/\/www.koonings.com\/fr\/product\/herve-paris-nele\/#primaryimage"},"image":{"@id":"https:\/\/www.koonings.com\/fr\/product\/herve-paris-nele\/#primaryimage"},"thumbnailUrl":"https:\/\/www.koonings.com\/wp-content\/uploads\/2025\/11\/51057_e1ba02e68a83b1ce1cff7078aaef6fc7900cda03713ddc3776ef9003521e3697e592fb7e.jpeg","datePublished":"2026-04-14T14:36:25+00:00","description":"Cette robe attirera tous les regards, et pour toutes les bonnes raisons. Cette robe en dentelle ajust\u00e9e et \u00e9vas\u00e9e est enti\u00e8rement rehauss\u00e9e de perles sur le dessus, ce qui ajoute un \u00e9clat parfaitement subtil \u00e0 l'\u00e9l\u00e9gance du mod\u00e8le. Les manches longues en dentelle amovibles ajoutent un \u00e9l\u00e9ment dramatique et romantique, et peuvent \u00eatre facilement enlev\u00e9es pour un look plus serr\u00e9. \u00c9galement disponible sans manches pour un look simple mais tout aussi \u00e9blouissant, de la collection Herv\u00e9 Paris.","breadcrumb":{"@id":"https:\/\/www.koonings.com\/fr\/product\/herve-paris-nele\/#breadcrumb"},"inLanguage":"fr-FR","potentialAction":[{"@type":"ReadAction","target":["https:\/\/www.koonings.com\/fr\/product\/herve-paris-nele\/"]}]},{"@type":"ImageObject","inLanguage":"fr-FR","@id":"https:\/\/www.koonings.com\/fr\/product\/herve-paris-nele\/#primaryimage","url":"https:\/\/www.koonings.com\/wp-content\/uploads\/2025\/11\/51057_e1ba02e68a83b1ce1cff7078aaef6fc7900cda03713ddc3776ef9003521e3697e592fb7e.jpeg","contentUrl":"https:\/\/www.koonings.com\/wp-content\/uploads\/2025\/11\/51057_e1ba02e68a83b1ce1cff7078aaef6fc7900cda03713ddc3776ef9003521e3697e592fb7e.jpeg","width":1385,"height":1956},{"@type":"BreadcrumbList","@id":"https:\/\/www.koonings.com\/fr\/product\/herve-paris-nele\/#breadcrumb","itemListElement":[{"@type":"ListItem","position":1,"name":"Home","item":"https:\/\/www.koonings.com\/fr\/"},{"@type":"ListItem","position":2,"name":"Herve Paris Nele"}]},{"@type":"WebSite","@id":"https:\/\/www.koonings.com\/fr\/#website","url":"https:\/\/www.koonings.com\/fr\/","name":"Koonings","description":"De grootste bruidsmodewinkel ter wereld","publisher":{"@id":"https:\/\/www.koonings.com\/fr\/#organization"},"potentialAction":[{"@type":"SearchAction","target":{"@type":"EntryPoint","urlTemplate":"https:\/\/www.koonings.com\/fr\/?s={search_term_string}"},"query-input":{"@type":"PropertyValueSpecification","valueRequired":true,"valueName":"search_term_string"}}],"inLanguage":"fr-FR"},{"@type":"Organization","@id":"https:\/\/www.koonings.com\/fr\/#organization","name":"Koonings","url":"https:\/\/www.koonings.com\/fr\/","logo":{"@type":"ImageObject","inLanguage":"fr-FR","@id":"https:\/\/www.koonings.com\/fr\/#\/schema\/logo\/image\/","url":"https:\/\/www.koonings.com\/wp-content\/uploads\/2024\/07\/logo.png","contentUrl":"https:\/\/www.koonings.com\/wp-content\/uploads\/2024\/07\/logo.png","width":600,"height":428,"caption":"Koonings"},"image":{"@id":"https:\/\/www.koonings.com\/fr\/#\/schema\/logo\/image\/"},"sameAs":["https:\/\/www.facebook.com\/kooningstheweddingpalace","https:\/\/www.instagram.com\/kooningstheweddingpalace","https:\/\/www.pinterest.com\/koonings","https:\/\/www.youtube.com\/kooningstheweddingpalace"]}]}},"_links":{"self":[{"href":"https:\/\/www.koonings.com\/fr\/wp-json\/wp\/v2\/product\/108683","targetHints":{"allow":["GET"]}}],"collection":[{"href":"https:\/\/www.koonings.com\/fr\/wp-json\/wp\/v2\/product"}],"about":[{"href":"https:\/\/www.koonings.com\/fr\/wp-json\/wp\/v2\/types\/product"}],"wp:featuredmedia":[{"embeddable":true,"href":"https:\/\/www.koonings.com\/fr\/wp-json\/wp\/v2\/media\/108684"}],"wp:attachment":[{"href":"https:\/\/www.koonings.com\/fr\/wp-json\/wp\/v2\/media?parent=108683"}],"wp:term":[{"taxonomy":"productdetails","embeddable":true,"href":"https:\/\/www.koonings.com\/fr\/wp-json\/wp\/v2\/productdetails?post=108683"},{"taxonomy":"productneck","embeddable":true,"href":"https:\/\/www.koonings.com\/fr\/wp-json\/wp\/v2\/productneck?post=108683"},{"taxonomy":"productcolor","embeddable":true,"href":"https:\/\/www.koonings.com\/fr\/wp-json\/wp\/v2\/productcolor?post=108683"},{"taxonomy":"maat","embeddable":true,"href":"https:\/\/www.koonings.com\/fr\/wp-json\/wp\/v2\/maat?post=108683"},{"taxonomy":"productsupplier","embeddable":true,"href":"https:\/\/www.koonings.com\/fr\/wp-json\/wp\/v2\/productsupplier?post=108683"},{"taxonomy":"productsleeve","embeddable":true,"href":"https:\/\/www.koonings.com\/fr\/wp-json\/wp\/v2\/productsleeve?post=108683"},{"taxonomy":"productcategory","embeddable":true,"href":"https:\/\/www.koonings.com\/fr\/wp-json\/wp\/v2\/productcategory?post=108683"},{"taxonomy":"productsilhouette","embeddable":true,"href":"https:\/\/www.koonings.com\/fr\/wp-json\/wp\/v2\/productsilhouette?post=108683"},{"taxonomy":"productstyle","embeddable":true,"href":"https:\/\/www.koonings.com\/fr\/wp-json\/wp\/v2\/productstyle?post=108683"}],"curies":[{"name":"wp","href":"https:\/\/api.w.org\/{rel}","templated":true}]}}