{"id":108658,"date":"2026-04-14T16:36:34","date_gmt":"2026-04-14T14:36:34","guid":{"rendered":"https:\/\/www.koonings.com\/product\/le-papillon-par-modeca-hajar\/"},"modified":"2026-04-14T15:36:32","modified_gmt":"2026-04-14T13:36:32","slug":"le-papillon-par-modeca-hajar","status":"publish","type":"product","link":"https:\/\/www.koonings.com\/fr\/product\/le-papillon-par-modeca-hajar\/","title":{"rendered":"Le Papillon par Modeca Hajar"},"content":{"rendered":"<p>Chic, \u00e9tincelante et f\u00e9minine sans effort &#8211; c&#8217;est votre moment de conte de f\u00e9es. Rayonnez dans cette robe de r\u00eave de forme A, enti\u00e8rement r\u00e9alis\u00e9e en tulle \u00e9tincelant. Les bretelles d\u00e9collet\u00e9es et le d\u00e9collet\u00e9 en c\u0153ur sont magnifiquement orn\u00e9s de p\u00e9tales de fleurs en 3D, pour un look romantique et doux. Une fente compl\u00e8te le look avec une touche d&#8217;\u00e9l\u00e9gance audacieuse.   <\/p>\n<p>Ce motif enchanteur fait partie de la collection Le Papillon by Modeca et est disponible chez Koonings.<\/p>\n","protected":false},"featured_media":96736,"template":"","meta":{"_acf_changed":false,"ghostkit_customizer_options":"","ghostkit_custom_css":"","ghostkit_custom_js_head":"","ghostkit_custom_js_foot":"","ghostkit_typography":""},"productdetails":[379,378,381],"productneck":[355],"productcolor":[392],"maat":[],"productsupplier":[411],"productsleeve":[359,363],"productcategory":[18],"productsilhouette":[384],"productstyle":[366,373],"class_list":["post-108658","product","type-product","status-publish","has-post-thumbnail","hentry","productdetails-379","productdetails-378","productdetails-381","productneck-355","productcolor-392","productsupplier-le-papillon-by-modeca","productsleeve-359","productsleeve-363","productcategory-trouwjurken","productsilhouette-384","productstyle-366","productstyle-373"],"acf":[],"yoast_head":"<!-- This site is optimized with the Yoast SEO plugin v27.3 - https:\/\/yoast.com\/product\/yoast-seo-wordpress\/ -->\n<title>Le Papillon par Modeca Hajar | Koonings<\/title>\n<meta name=\"description\" content=\"Chic, \u00e9tincelante et f\u00e9minine sans effort - c&#039;est votre moment de conte de f\u00e9es. Rayonnez dans cette robe de r\u00eave de forme A, enti\u00e8rement r\u00e9alis\u00e9e en tulle \u00e9tincelant. Les bretelles d\u00e9collet\u00e9es et le d\u00e9collet\u00e9 en c\u0153ur sont magnifiquement orn\u00e9s de p\u00e9tales de fleurs en 3D, pour un look romantique et doux. Une fente compl\u00e8te le look avec une touche d&#039;\u00e9l\u00e9gance audacieuse. Ce motif enchanteur fait partie de la collection Le Papillon by Modeca et est disponible chez Koonings.\" \/>\n<meta name=\"robots\" content=\"index, follow, max-snippet:-1, max-image-preview:large, max-video-preview:-1\" \/>\n<link rel=\"canonical\" href=\"https:\/\/www.koonings.com\/fr\/product\/le-papillon-par-modeca-hajar\/\" \/>\n<meta property=\"og:locale\" content=\"fr_FR\" \/>\n<meta property=\"og:type\" content=\"article\" \/>\n<meta property=\"og:title\" content=\"Le Papillon par Modeca Hajar | Koonings\" \/>\n<meta property=\"og:description\" content=\"Chic, \u00e9tincelante et f\u00e9minine sans effort - c&#039;est votre moment de conte de f\u00e9es. Rayonnez dans cette robe de r\u00eave de forme A, enti\u00e8rement r\u00e9alis\u00e9e en tulle \u00e9tincelant. Les bretelles d\u00e9collet\u00e9es et le d\u00e9collet\u00e9 en c\u0153ur sont magnifiquement orn\u00e9s de p\u00e9tales de fleurs en 3D, pour un look romantique et doux. Une fente compl\u00e8te le look avec une touche d&#039;\u00e9l\u00e9gance audacieuse. Ce motif enchanteur fait partie de la collection Le Papillon by Modeca et est disponible chez Koonings.\" \/>\n<meta property=\"og:url\" content=\"https:\/\/www.koonings.com\/fr\/product\/le-papillon-par-modeca-hajar\/\" \/>\n<meta property=\"og:site_name\" content=\"Koonings\" \/>\n<meta property=\"article:publisher\" content=\"https:\/\/www.facebook.com\/kooningstheweddingpalace\" \/>\n<meta property=\"og:image\" content=\"https:\/\/www.koonings.com\/wp-content\/uploads\/2025\/09\/51080_a711ff488df2d44efbed35ef514ba6ea8b096334579d00ab84168bffcc01c1dfb0ed2b1f.jpeg\" \/>\n\t<meta property=\"og:image:width\" content=\"1333\" \/>\n\t<meta property=\"og:image:height\" content=\"1881\" \/>\n\t<meta property=\"og:image:type\" content=\"image\/jpeg\" \/>\n<meta name=\"twitter:card\" content=\"summary_large_image\" \/>\n<script type=\"application\/ld+json\" class=\"yoast-schema-graph\">{\"@context\":\"https:\\\/\\\/schema.org\",\"@graph\":[{\"@type\":\"WebPage\",\"@id\":\"https:\\\/\\\/www.koonings.com\\\/fr\\\/product\\\/le-papillon-par-modeca-hajar\\\/\",\"url\":\"https:\\\/\\\/www.koonings.com\\\/fr\\\/product\\\/le-papillon-par-modeca-hajar\\\/\",\"name\":\"Le Papillon par Modeca Hajar | Koonings\",\"isPartOf\":{\"@id\":\"https:\\\/\\\/www.koonings.com\\\/fr\\\/#website\"},\"primaryImageOfPage\":{\"@id\":\"https:\\\/\\\/www.koonings.com\\\/fr\\\/product\\\/le-papillon-par-modeca-hajar\\\/#primaryimage\"},\"image\":{\"@id\":\"https:\\\/\\\/www.koonings.com\\\/fr\\\/product\\\/le-papillon-par-modeca-hajar\\\/#primaryimage\"},\"thumbnailUrl\":\"https:\\\/\\\/www.koonings.com\\\/wp-content\\\/uploads\\\/2025\\\/09\\\/51080_a711ff488df2d44efbed35ef514ba6ea8b096334579d00ab84168bffcc01c1dfb0ed2b1f.jpeg\",\"datePublished\":\"2026-04-14T14:36:34+00:00\",\"description\":\"Chic, \u00e9tincelante et f\u00e9minine sans effort - c'est votre moment de conte de f\u00e9es. Rayonnez dans cette robe de r\u00eave de forme A, enti\u00e8rement r\u00e9alis\u00e9e en tulle \u00e9tincelant. Les bretelles d\u00e9collet\u00e9es et le d\u00e9collet\u00e9 en c\u0153ur sont magnifiquement orn\u00e9s de p\u00e9tales de fleurs en 3D, pour un look romantique et doux. Une fente compl\u00e8te le look avec une touche d'\u00e9l\u00e9gance audacieuse. Ce motif enchanteur fait partie de la collection Le Papillon by Modeca et est disponible chez Koonings.\",\"breadcrumb\":{\"@id\":\"https:\\\/\\\/www.koonings.com\\\/fr\\\/product\\\/le-papillon-par-modeca-hajar\\\/#breadcrumb\"},\"inLanguage\":\"fr-FR\",\"potentialAction\":[{\"@type\":\"ReadAction\",\"target\":[\"https:\\\/\\\/www.koonings.com\\\/fr\\\/product\\\/le-papillon-par-modeca-hajar\\\/\"]}]},{\"@type\":\"ImageObject\",\"inLanguage\":\"fr-FR\",\"@id\":\"https:\\\/\\\/www.koonings.com\\\/fr\\\/product\\\/le-papillon-par-modeca-hajar\\\/#primaryimage\",\"url\":\"https:\\\/\\\/www.koonings.com\\\/wp-content\\\/uploads\\\/2025\\\/09\\\/51080_a711ff488df2d44efbed35ef514ba6ea8b096334579d00ab84168bffcc01c1dfb0ed2b1f.jpeg\",\"contentUrl\":\"https:\\\/\\\/www.koonings.com\\\/wp-content\\\/uploads\\\/2025\\\/09\\\/51080_a711ff488df2d44efbed35ef514ba6ea8b096334579d00ab84168bffcc01c1dfb0ed2b1f.jpeg\",\"width\":1333,\"height\":1881},{\"@type\":\"BreadcrumbList\",\"@id\":\"https:\\\/\\\/www.koonings.com\\\/fr\\\/product\\\/le-papillon-par-modeca-hajar\\\/#breadcrumb\",\"itemListElement\":[{\"@type\":\"ListItem\",\"position\":1,\"name\":\"Home\",\"item\":\"https:\\\/\\\/www.koonings.com\\\/fr\\\/\"},{\"@type\":\"ListItem\",\"position\":2,\"name\":\"Le Papillon par Modeca Hajar\"}]},{\"@type\":\"WebSite\",\"@id\":\"https:\\\/\\\/www.koonings.com\\\/fr\\\/#website\",\"url\":\"https:\\\/\\\/www.koonings.com\\\/fr\\\/\",\"name\":\"Koonings\",\"description\":\"De grootste bruidsmodewinkel ter wereld\",\"publisher\":{\"@id\":\"https:\\\/\\\/www.koonings.com\\\/fr\\\/#organization\"},\"potentialAction\":[{\"@type\":\"SearchAction\",\"target\":{\"@type\":\"EntryPoint\",\"urlTemplate\":\"https:\\\/\\\/www.koonings.com\\\/fr\\\/?s={search_term_string}\"},\"query-input\":{\"@type\":\"PropertyValueSpecification\",\"valueRequired\":true,\"valueName\":\"search_term_string\"}}],\"inLanguage\":\"fr-FR\"},{\"@type\":\"Organization\",\"@id\":\"https:\\\/\\\/www.koonings.com\\\/fr\\\/#organization\",\"name\":\"Koonings\",\"url\":\"https:\\\/\\\/www.koonings.com\\\/fr\\\/\",\"logo\":{\"@type\":\"ImageObject\",\"inLanguage\":\"fr-FR\",\"@id\":\"https:\\\/\\\/www.koonings.com\\\/fr\\\/#\\\/schema\\\/logo\\\/image\\\/\",\"url\":\"https:\\\/\\\/www.koonings.com\\\/wp-content\\\/uploads\\\/2024\\\/07\\\/logo.png\",\"contentUrl\":\"https:\\\/\\\/www.koonings.com\\\/wp-content\\\/uploads\\\/2024\\\/07\\\/logo.png\",\"width\":600,\"height\":428,\"caption\":\"Koonings\"},\"image\":{\"@id\":\"https:\\\/\\\/www.koonings.com\\\/fr\\\/#\\\/schema\\\/logo\\\/image\\\/\"},\"sameAs\":[\"https:\\\/\\\/www.facebook.com\\\/kooningstheweddingpalace\",\"https:\\\/\\\/www.instagram.com\\\/kooningstheweddingpalace\",\"https:\\\/\\\/www.pinterest.com\\\/koonings\",\"https:\\\/\\\/www.youtube.com\\\/kooningstheweddingpalace\"]}]}<\/script>\n<!-- \/ Yoast SEO plugin. -->","yoast_head_json":{"title":"Le Papillon par Modeca Hajar | Koonings","description":"Chic, \u00e9tincelante et f\u00e9minine sans effort - c'est votre moment de conte de f\u00e9es. Rayonnez dans cette robe de r\u00eave de forme A, enti\u00e8rement r\u00e9alis\u00e9e en tulle \u00e9tincelant. Les bretelles d\u00e9collet\u00e9es et le d\u00e9collet\u00e9 en c\u0153ur sont magnifiquement orn\u00e9s de p\u00e9tales de fleurs en 3D, pour un look romantique et doux. Une fente compl\u00e8te le look avec une touche d'\u00e9l\u00e9gance audacieuse. Ce motif enchanteur fait partie de la collection Le Papillon by Modeca et est disponible chez Koonings.","robots":{"index":"index","follow":"follow","max-snippet":"max-snippet:-1","max-image-preview":"max-image-preview:large","max-video-preview":"max-video-preview:-1"},"canonical":"https:\/\/www.koonings.com\/fr\/product\/le-papillon-par-modeca-hajar\/","og_locale":"fr_FR","og_type":"article","og_title":"Le Papillon par Modeca Hajar | Koonings","og_description":"Chic, \u00e9tincelante et f\u00e9minine sans effort - c'est votre moment de conte de f\u00e9es. Rayonnez dans cette robe de r\u00eave de forme A, enti\u00e8rement r\u00e9alis\u00e9e en tulle \u00e9tincelant. Les bretelles d\u00e9collet\u00e9es et le d\u00e9collet\u00e9 en c\u0153ur sont magnifiquement orn\u00e9s de p\u00e9tales de fleurs en 3D, pour un look romantique et doux. Une fente compl\u00e8te le look avec une touche d'\u00e9l\u00e9gance audacieuse. Ce motif enchanteur fait partie de la collection Le Papillon by Modeca et est disponible chez Koonings.","og_url":"https:\/\/www.koonings.com\/fr\/product\/le-papillon-par-modeca-hajar\/","og_site_name":"Koonings","article_publisher":"https:\/\/www.facebook.com\/kooningstheweddingpalace","og_image":[{"width":1333,"height":1881,"url":"https:\/\/www.koonings.com\/wp-content\/uploads\/2025\/09\/51080_a711ff488df2d44efbed35ef514ba6ea8b096334579d00ab84168bffcc01c1dfb0ed2b1f.jpeg","type":"image\/jpeg"}],"twitter_card":"summary_large_image","schema":{"@context":"https:\/\/schema.org","@graph":[{"@type":"WebPage","@id":"https:\/\/www.koonings.com\/fr\/product\/le-papillon-par-modeca-hajar\/","url":"https:\/\/www.koonings.com\/fr\/product\/le-papillon-par-modeca-hajar\/","name":"Le Papillon par Modeca Hajar | Koonings","isPartOf":{"@id":"https:\/\/www.koonings.com\/fr\/#website"},"primaryImageOfPage":{"@id":"https:\/\/www.koonings.com\/fr\/product\/le-papillon-par-modeca-hajar\/#primaryimage"},"image":{"@id":"https:\/\/www.koonings.com\/fr\/product\/le-papillon-par-modeca-hajar\/#primaryimage"},"thumbnailUrl":"https:\/\/www.koonings.com\/wp-content\/uploads\/2025\/09\/51080_a711ff488df2d44efbed35ef514ba6ea8b096334579d00ab84168bffcc01c1dfb0ed2b1f.jpeg","datePublished":"2026-04-14T14:36:34+00:00","description":"Chic, \u00e9tincelante et f\u00e9minine sans effort - c'est votre moment de conte de f\u00e9es. Rayonnez dans cette robe de r\u00eave de forme A, enti\u00e8rement r\u00e9alis\u00e9e en tulle \u00e9tincelant. Les bretelles d\u00e9collet\u00e9es et le d\u00e9collet\u00e9 en c\u0153ur sont magnifiquement orn\u00e9s de p\u00e9tales de fleurs en 3D, pour un look romantique et doux. Une fente compl\u00e8te le look avec une touche d'\u00e9l\u00e9gance audacieuse. Ce motif enchanteur fait partie de la collection Le Papillon by Modeca et est disponible chez Koonings.","breadcrumb":{"@id":"https:\/\/www.koonings.com\/fr\/product\/le-papillon-par-modeca-hajar\/#breadcrumb"},"inLanguage":"fr-FR","potentialAction":[{"@type":"ReadAction","target":["https:\/\/www.koonings.com\/fr\/product\/le-papillon-par-modeca-hajar\/"]}]},{"@type":"ImageObject","inLanguage":"fr-FR","@id":"https:\/\/www.koonings.com\/fr\/product\/le-papillon-par-modeca-hajar\/#primaryimage","url":"https:\/\/www.koonings.com\/wp-content\/uploads\/2025\/09\/51080_a711ff488df2d44efbed35ef514ba6ea8b096334579d00ab84168bffcc01c1dfb0ed2b1f.jpeg","contentUrl":"https:\/\/www.koonings.com\/wp-content\/uploads\/2025\/09\/51080_a711ff488df2d44efbed35ef514ba6ea8b096334579d00ab84168bffcc01c1dfb0ed2b1f.jpeg","width":1333,"height":1881},{"@type":"BreadcrumbList","@id":"https:\/\/www.koonings.com\/fr\/product\/le-papillon-par-modeca-hajar\/#breadcrumb","itemListElement":[{"@type":"ListItem","position":1,"name":"Home","item":"https:\/\/www.koonings.com\/fr\/"},{"@type":"ListItem","position":2,"name":"Le Papillon par Modeca Hajar"}]},{"@type":"WebSite","@id":"https:\/\/www.koonings.com\/fr\/#website","url":"https:\/\/www.koonings.com\/fr\/","name":"Koonings","description":"De grootste bruidsmodewinkel ter wereld","publisher":{"@id":"https:\/\/www.koonings.com\/fr\/#organization"},"potentialAction":[{"@type":"SearchAction","target":{"@type":"EntryPoint","urlTemplate":"https:\/\/www.koonings.com\/fr\/?s={search_term_string}"},"query-input":{"@type":"PropertyValueSpecification","valueRequired":true,"valueName":"search_term_string"}}],"inLanguage":"fr-FR"},{"@type":"Organization","@id":"https:\/\/www.koonings.com\/fr\/#organization","name":"Koonings","url":"https:\/\/www.koonings.com\/fr\/","logo":{"@type":"ImageObject","inLanguage":"fr-FR","@id":"https:\/\/www.koonings.com\/fr\/#\/schema\/logo\/image\/","url":"https:\/\/www.koonings.com\/wp-content\/uploads\/2024\/07\/logo.png","contentUrl":"https:\/\/www.koonings.com\/wp-content\/uploads\/2024\/07\/logo.png","width":600,"height":428,"caption":"Koonings"},"image":{"@id":"https:\/\/www.koonings.com\/fr\/#\/schema\/logo\/image\/"},"sameAs":["https:\/\/www.facebook.com\/kooningstheweddingpalace","https:\/\/www.instagram.com\/kooningstheweddingpalace","https:\/\/www.pinterest.com\/koonings","https:\/\/www.youtube.com\/kooningstheweddingpalace"]}]}},"_links":{"self":[{"href":"https:\/\/www.koonings.com\/fr\/wp-json\/wp\/v2\/product\/108658","targetHints":{"allow":["GET"]}}],"collection":[{"href":"https:\/\/www.koonings.com\/fr\/wp-json\/wp\/v2\/product"}],"about":[{"href":"https:\/\/www.koonings.com\/fr\/wp-json\/wp\/v2\/types\/product"}],"wp:featuredmedia":[{"embeddable":true,"href":"https:\/\/www.koonings.com\/fr\/wp-json\/wp\/v2\/media\/96736"}],"wp:attachment":[{"href":"https:\/\/www.koonings.com\/fr\/wp-json\/wp\/v2\/media?parent=108658"}],"wp:term":[{"taxonomy":"productdetails","embeddable":true,"href":"https:\/\/www.koonings.com\/fr\/wp-json\/wp\/v2\/productdetails?post=108658"},{"taxonomy":"productneck","embeddable":true,"href":"https:\/\/www.koonings.com\/fr\/wp-json\/wp\/v2\/productneck?post=108658"},{"taxonomy":"productcolor","embeddable":true,"href":"https:\/\/www.koonings.com\/fr\/wp-json\/wp\/v2\/productcolor?post=108658"},{"taxonomy":"maat","embeddable":true,"href":"https:\/\/www.koonings.com\/fr\/wp-json\/wp\/v2\/maat?post=108658"},{"taxonomy":"productsupplier","embeddable":true,"href":"https:\/\/www.koonings.com\/fr\/wp-json\/wp\/v2\/productsupplier?post=108658"},{"taxonomy":"productsleeve","embeddable":true,"href":"https:\/\/www.koonings.com\/fr\/wp-json\/wp\/v2\/productsleeve?post=108658"},{"taxonomy":"productcategory","embeddable":true,"href":"https:\/\/www.koonings.com\/fr\/wp-json\/wp\/v2\/productcategory?post=108658"},{"taxonomy":"productsilhouette","embeddable":true,"href":"https:\/\/www.koonings.com\/fr\/wp-json\/wp\/v2\/productsilhouette?post=108658"},{"taxonomy":"productstyle","embeddable":true,"href":"https:\/\/www.koonings.com\/fr\/wp-json\/wp\/v2\/productstyle?post=108658"}],"curies":[{"name":"wp","href":"https:\/\/api.w.org\/{rel}","templated":true}]}}