{"id":108653,"date":"2026-04-14T16:36:26","date_gmt":"2026-04-14T14:36:26","guid":{"rendered":"https:\/\/www.koonings.com\/product\/herve-paris-jupe-nixon-b-uniquement-en-satin\/"},"modified":"2026-04-14T15:36:27","modified_gmt":"2026-04-14T13:36:27","slug":"herve-paris-jupe-nixon-b-uniquement-en-satin","status":"publish","type":"product","link":"https:\/\/www.koonings.com\/fr\/product\/herve-paris-jupe-nixon-b-uniquement-en-satin\/","title":{"rendered":"Herve Paris Jupe Nixon-B uniquement en satin"},"content":{"rendered":"<p>Cette superbe jupe mikado fit-and-flare pr\u00e9sente une fente haute et des appliques florales 3D qui tombent magnifiquement sur la tra\u00eene. Un choix audacieux mais \u00e9l\u00e9gant pour la mari\u00e9e moderne qui cherche \u00e0 faire une impression durable.<br \/>\nCette jupe est \u00e9galement disponible en :<br \/>\nSans fleurs 3D et sans fente &#8211; Nixon-A<br \/>\nEn satin &#8211; Nixon-B<br \/>\nEn satin, sans fleurs 3D et sans fente &#8211; Nixon-BA<br \/>\nTous de la collection Mix &amp; Match d&#8217;Herv\u00e9 Paris. <\/p>\n","protected":false},"featured_media":108654,"template":"","meta":{"_acf_changed":false,"ghostkit_customizer_options":"","ghostkit_custom_css":"","ghostkit_custom_js_head":"","ghostkit_custom_js_foot":"","ghostkit_typography":""},"productdetails":[379,378],"productneck":[355],"productcolor":[392],"maat":[],"productsupplier":[424],"productsleeve":[363],"productcategory":[18],"productsilhouette":[384],"productstyle":[366,370],"class_list":["post-108653","product","type-product","status-publish","has-post-thumbnail","hentry","productdetails-379","productdetails-378","productneck-355","productcolor-392","productsupplier-herve-paris","productsleeve-363","productcategory-trouwjurken","productsilhouette-384","productstyle-366","productstyle-370"],"acf":[],"yoast_head":"<!-- This site is optimized with the Yoast SEO plugin v27.3 - https:\/\/yoast.com\/product\/yoast-seo-wordpress\/ -->\n<title>Herve Paris Jupe Nixon-B uniquement en satin | Koonings<\/title>\n<meta name=\"description\" content=\"Cette superbe jupe mikado fit-and-flare pr\u00e9sente une fente haute et des appliques florales 3D qui tombent magnifiquement sur la tra\u00eene. Un choix audacieux mais \u00e9l\u00e9gant pour la mari\u00e9e moderne qui cherche \u00e0 faire une impression durable. Cette jupe est \u00e9galement disponible en : Sans fleurs 3D et sans fente - Nixon-A En satin - Nixon-B En satin, sans fleurs 3D et sans fente - Nixon-BA Tous de la collection Mix &amp; Match d&#039;Herv\u00e9 Paris.\" \/>\n<meta name=\"robots\" content=\"index, follow, max-snippet:-1, max-image-preview:large, max-video-preview:-1\" \/>\n<link rel=\"canonical\" href=\"https:\/\/www.koonings.com\/fr\/product\/herve-paris-jupe-nixon-b-uniquement-en-satin\/\" \/>\n<meta property=\"og:locale\" content=\"fr_FR\" \/>\n<meta property=\"og:type\" content=\"article\" \/>\n<meta property=\"og:title\" content=\"Herve Paris Jupe Nixon-B uniquement en satin | Koonings\" \/>\n<meta property=\"og:description\" content=\"Cette superbe jupe mikado fit-and-flare pr\u00e9sente une fente haute et des appliques florales 3D qui tombent magnifiquement sur la tra\u00eene. Un choix audacieux mais \u00e9l\u00e9gant pour la mari\u00e9e moderne qui cherche \u00e0 faire une impression durable. Cette jupe est \u00e9galement disponible en : Sans fleurs 3D et sans fente - Nixon-A En satin - Nixon-B En satin, sans fleurs 3D et sans fente - Nixon-BA Tous de la collection Mix &amp; Match d&#039;Herv\u00e9 Paris.\" \/>\n<meta property=\"og:url\" content=\"https:\/\/www.koonings.com\/fr\/product\/herve-paris-jupe-nixon-b-uniquement-en-satin\/\" \/>\n<meta property=\"og:site_name\" content=\"Koonings\" \/>\n<meta property=\"article:publisher\" content=\"https:\/\/www.facebook.com\/kooningstheweddingpalace\" \/>\n<meta property=\"og:image\" content=\"https:\/\/www.koonings.com\/wp-content\/uploads\/2025\/11\/51061_b27b6558aab69c0ef60b68e8cc9847ebf71b98de880ff0c8af2af7a64186a1e6d52e411e.jpeg\" \/>\n\t<meta property=\"og:image:width\" content=\"1322\" \/>\n\t<meta property=\"og:image:height\" content=\"1871\" \/>\n\t<meta property=\"og:image:type\" content=\"image\/jpeg\" \/>\n<meta name=\"twitter:card\" content=\"summary_large_image\" \/>\n<script type=\"application\/ld+json\" class=\"yoast-schema-graph\">{\"@context\":\"https:\\\/\\\/schema.org\",\"@graph\":[{\"@type\":\"WebPage\",\"@id\":\"https:\\\/\\\/www.koonings.com\\\/fr\\\/product\\\/herve-paris-jupe-nixon-b-uniquement-en-satin\\\/\",\"url\":\"https:\\\/\\\/www.koonings.com\\\/fr\\\/product\\\/herve-paris-jupe-nixon-b-uniquement-en-satin\\\/\",\"name\":\"Herve Paris Jupe Nixon-B uniquement en satin | Koonings\",\"isPartOf\":{\"@id\":\"https:\\\/\\\/www.koonings.com\\\/fr\\\/#website\"},\"primaryImageOfPage\":{\"@id\":\"https:\\\/\\\/www.koonings.com\\\/fr\\\/product\\\/herve-paris-jupe-nixon-b-uniquement-en-satin\\\/#primaryimage\"},\"image\":{\"@id\":\"https:\\\/\\\/www.koonings.com\\\/fr\\\/product\\\/herve-paris-jupe-nixon-b-uniquement-en-satin\\\/#primaryimage\"},\"thumbnailUrl\":\"https:\\\/\\\/www.koonings.com\\\/wp-content\\\/uploads\\\/2025\\\/11\\\/51061_b27b6558aab69c0ef60b68e8cc9847ebf71b98de880ff0c8af2af7a64186a1e6d52e411e.jpeg\",\"datePublished\":\"2026-04-14T14:36:26+00:00\",\"description\":\"Cette superbe jupe mikado fit-and-flare pr\u00e9sente une fente haute et des appliques florales 3D qui tombent magnifiquement sur la tra\u00eene. Un choix audacieux mais \u00e9l\u00e9gant pour la mari\u00e9e moderne qui cherche \u00e0 faire une impression durable. Cette jupe est \u00e9galement disponible en : Sans fleurs 3D et sans fente - Nixon-A En satin - Nixon-B En satin, sans fleurs 3D et sans fente - Nixon-BA Tous de la collection Mix & Match d'Herv\u00e9 Paris.\",\"breadcrumb\":{\"@id\":\"https:\\\/\\\/www.koonings.com\\\/fr\\\/product\\\/herve-paris-jupe-nixon-b-uniquement-en-satin\\\/#breadcrumb\"},\"inLanguage\":\"fr-FR\",\"potentialAction\":[{\"@type\":\"ReadAction\",\"target\":[\"https:\\\/\\\/www.koonings.com\\\/fr\\\/product\\\/herve-paris-jupe-nixon-b-uniquement-en-satin\\\/\"]}]},{\"@type\":\"ImageObject\",\"inLanguage\":\"fr-FR\",\"@id\":\"https:\\\/\\\/www.koonings.com\\\/fr\\\/product\\\/herve-paris-jupe-nixon-b-uniquement-en-satin\\\/#primaryimage\",\"url\":\"https:\\\/\\\/www.koonings.com\\\/wp-content\\\/uploads\\\/2025\\\/11\\\/51061_b27b6558aab69c0ef60b68e8cc9847ebf71b98de880ff0c8af2af7a64186a1e6d52e411e.jpeg\",\"contentUrl\":\"https:\\\/\\\/www.koonings.com\\\/wp-content\\\/uploads\\\/2025\\\/11\\\/51061_b27b6558aab69c0ef60b68e8cc9847ebf71b98de880ff0c8af2af7a64186a1e6d52e411e.jpeg\",\"width\":1322,\"height\":1871},{\"@type\":\"BreadcrumbList\",\"@id\":\"https:\\\/\\\/www.koonings.com\\\/fr\\\/product\\\/herve-paris-jupe-nixon-b-uniquement-en-satin\\\/#breadcrumb\",\"itemListElement\":[{\"@type\":\"ListItem\",\"position\":1,\"name\":\"Home\",\"item\":\"https:\\\/\\\/www.koonings.com\\\/fr\\\/\"},{\"@type\":\"ListItem\",\"position\":2,\"name\":\"Herve Paris Jupe Nixon-B uniquement en satin\"}]},{\"@type\":\"WebSite\",\"@id\":\"https:\\\/\\\/www.koonings.com\\\/fr\\\/#website\",\"url\":\"https:\\\/\\\/www.koonings.com\\\/fr\\\/\",\"name\":\"Koonings\",\"description\":\"De grootste bruidsmodewinkel ter wereld\",\"publisher\":{\"@id\":\"https:\\\/\\\/www.koonings.com\\\/fr\\\/#organization\"},\"potentialAction\":[{\"@type\":\"SearchAction\",\"target\":{\"@type\":\"EntryPoint\",\"urlTemplate\":\"https:\\\/\\\/www.koonings.com\\\/fr\\\/?s={search_term_string}\"},\"query-input\":{\"@type\":\"PropertyValueSpecification\",\"valueRequired\":true,\"valueName\":\"search_term_string\"}}],\"inLanguage\":\"fr-FR\"},{\"@type\":\"Organization\",\"@id\":\"https:\\\/\\\/www.koonings.com\\\/fr\\\/#organization\",\"name\":\"Koonings\",\"url\":\"https:\\\/\\\/www.koonings.com\\\/fr\\\/\",\"logo\":{\"@type\":\"ImageObject\",\"inLanguage\":\"fr-FR\",\"@id\":\"https:\\\/\\\/www.koonings.com\\\/fr\\\/#\\\/schema\\\/logo\\\/image\\\/\",\"url\":\"https:\\\/\\\/www.koonings.com\\\/wp-content\\\/uploads\\\/2024\\\/07\\\/logo.png\",\"contentUrl\":\"https:\\\/\\\/www.koonings.com\\\/wp-content\\\/uploads\\\/2024\\\/07\\\/logo.png\",\"width\":600,\"height\":428,\"caption\":\"Koonings\"},\"image\":{\"@id\":\"https:\\\/\\\/www.koonings.com\\\/fr\\\/#\\\/schema\\\/logo\\\/image\\\/\"},\"sameAs\":[\"https:\\\/\\\/www.facebook.com\\\/kooningstheweddingpalace\",\"https:\\\/\\\/www.instagram.com\\\/kooningstheweddingpalace\",\"https:\\\/\\\/www.pinterest.com\\\/koonings\",\"https:\\\/\\\/www.youtube.com\\\/kooningstheweddingpalace\"]}]}<\/script>\n<!-- \/ Yoast SEO plugin. -->","yoast_head_json":{"title":"Herve Paris Jupe Nixon-B uniquement en satin | Koonings","description":"Cette superbe jupe mikado fit-and-flare pr\u00e9sente une fente haute et des appliques florales 3D qui tombent magnifiquement sur la tra\u00eene. Un choix audacieux mais \u00e9l\u00e9gant pour la mari\u00e9e moderne qui cherche \u00e0 faire une impression durable. Cette jupe est \u00e9galement disponible en : Sans fleurs 3D et sans fente - Nixon-A En satin - Nixon-B En satin, sans fleurs 3D et sans fente - Nixon-BA Tous de la collection Mix & Match d'Herv\u00e9 Paris.","robots":{"index":"index","follow":"follow","max-snippet":"max-snippet:-1","max-image-preview":"max-image-preview:large","max-video-preview":"max-video-preview:-1"},"canonical":"https:\/\/www.koonings.com\/fr\/product\/herve-paris-jupe-nixon-b-uniquement-en-satin\/","og_locale":"fr_FR","og_type":"article","og_title":"Herve Paris Jupe Nixon-B uniquement en satin | Koonings","og_description":"Cette superbe jupe mikado fit-and-flare pr\u00e9sente une fente haute et des appliques florales 3D qui tombent magnifiquement sur la tra\u00eene. Un choix audacieux mais \u00e9l\u00e9gant pour la mari\u00e9e moderne qui cherche \u00e0 faire une impression durable. Cette jupe est \u00e9galement disponible en : Sans fleurs 3D et sans fente - Nixon-A En satin - Nixon-B En satin, sans fleurs 3D et sans fente - Nixon-BA Tous de la collection Mix & Match d'Herv\u00e9 Paris.","og_url":"https:\/\/www.koonings.com\/fr\/product\/herve-paris-jupe-nixon-b-uniquement-en-satin\/","og_site_name":"Koonings","article_publisher":"https:\/\/www.facebook.com\/kooningstheweddingpalace","og_image":[{"width":1322,"height":1871,"url":"https:\/\/www.koonings.com\/wp-content\/uploads\/2025\/11\/51061_b27b6558aab69c0ef60b68e8cc9847ebf71b98de880ff0c8af2af7a64186a1e6d52e411e.jpeg","type":"image\/jpeg"}],"twitter_card":"summary_large_image","schema":{"@context":"https:\/\/schema.org","@graph":[{"@type":"WebPage","@id":"https:\/\/www.koonings.com\/fr\/product\/herve-paris-jupe-nixon-b-uniquement-en-satin\/","url":"https:\/\/www.koonings.com\/fr\/product\/herve-paris-jupe-nixon-b-uniquement-en-satin\/","name":"Herve Paris Jupe Nixon-B uniquement en satin | Koonings","isPartOf":{"@id":"https:\/\/www.koonings.com\/fr\/#website"},"primaryImageOfPage":{"@id":"https:\/\/www.koonings.com\/fr\/product\/herve-paris-jupe-nixon-b-uniquement-en-satin\/#primaryimage"},"image":{"@id":"https:\/\/www.koonings.com\/fr\/product\/herve-paris-jupe-nixon-b-uniquement-en-satin\/#primaryimage"},"thumbnailUrl":"https:\/\/www.koonings.com\/wp-content\/uploads\/2025\/11\/51061_b27b6558aab69c0ef60b68e8cc9847ebf71b98de880ff0c8af2af7a64186a1e6d52e411e.jpeg","datePublished":"2026-04-14T14:36:26+00:00","description":"Cette superbe jupe mikado fit-and-flare pr\u00e9sente une fente haute et des appliques florales 3D qui tombent magnifiquement sur la tra\u00eene. Un choix audacieux mais \u00e9l\u00e9gant pour la mari\u00e9e moderne qui cherche \u00e0 faire une impression durable. Cette jupe est \u00e9galement disponible en : Sans fleurs 3D et sans fente - Nixon-A En satin - Nixon-B En satin, sans fleurs 3D et sans fente - Nixon-BA Tous de la collection Mix & Match d'Herv\u00e9 Paris.","breadcrumb":{"@id":"https:\/\/www.koonings.com\/fr\/product\/herve-paris-jupe-nixon-b-uniquement-en-satin\/#breadcrumb"},"inLanguage":"fr-FR","potentialAction":[{"@type":"ReadAction","target":["https:\/\/www.koonings.com\/fr\/product\/herve-paris-jupe-nixon-b-uniquement-en-satin\/"]}]},{"@type":"ImageObject","inLanguage":"fr-FR","@id":"https:\/\/www.koonings.com\/fr\/product\/herve-paris-jupe-nixon-b-uniquement-en-satin\/#primaryimage","url":"https:\/\/www.koonings.com\/wp-content\/uploads\/2025\/11\/51061_b27b6558aab69c0ef60b68e8cc9847ebf71b98de880ff0c8af2af7a64186a1e6d52e411e.jpeg","contentUrl":"https:\/\/www.koonings.com\/wp-content\/uploads\/2025\/11\/51061_b27b6558aab69c0ef60b68e8cc9847ebf71b98de880ff0c8af2af7a64186a1e6d52e411e.jpeg","width":1322,"height":1871},{"@type":"BreadcrumbList","@id":"https:\/\/www.koonings.com\/fr\/product\/herve-paris-jupe-nixon-b-uniquement-en-satin\/#breadcrumb","itemListElement":[{"@type":"ListItem","position":1,"name":"Home","item":"https:\/\/www.koonings.com\/fr\/"},{"@type":"ListItem","position":2,"name":"Herve Paris Jupe Nixon-B uniquement en satin"}]},{"@type":"WebSite","@id":"https:\/\/www.koonings.com\/fr\/#website","url":"https:\/\/www.koonings.com\/fr\/","name":"Koonings","description":"De grootste bruidsmodewinkel ter wereld","publisher":{"@id":"https:\/\/www.koonings.com\/fr\/#organization"},"potentialAction":[{"@type":"SearchAction","target":{"@type":"EntryPoint","urlTemplate":"https:\/\/www.koonings.com\/fr\/?s={search_term_string}"},"query-input":{"@type":"PropertyValueSpecification","valueRequired":true,"valueName":"search_term_string"}}],"inLanguage":"fr-FR"},{"@type":"Organization","@id":"https:\/\/www.koonings.com\/fr\/#organization","name":"Koonings","url":"https:\/\/www.koonings.com\/fr\/","logo":{"@type":"ImageObject","inLanguage":"fr-FR","@id":"https:\/\/www.koonings.com\/fr\/#\/schema\/logo\/image\/","url":"https:\/\/www.koonings.com\/wp-content\/uploads\/2024\/07\/logo.png","contentUrl":"https:\/\/www.koonings.com\/wp-content\/uploads\/2024\/07\/logo.png","width":600,"height":428,"caption":"Koonings"},"image":{"@id":"https:\/\/www.koonings.com\/fr\/#\/schema\/logo\/image\/"},"sameAs":["https:\/\/www.facebook.com\/kooningstheweddingpalace","https:\/\/www.instagram.com\/kooningstheweddingpalace","https:\/\/www.pinterest.com\/koonings","https:\/\/www.youtube.com\/kooningstheweddingpalace"]}]}},"_links":{"self":[{"href":"https:\/\/www.koonings.com\/fr\/wp-json\/wp\/v2\/product\/108653","targetHints":{"allow":["GET"]}}],"collection":[{"href":"https:\/\/www.koonings.com\/fr\/wp-json\/wp\/v2\/product"}],"about":[{"href":"https:\/\/www.koonings.com\/fr\/wp-json\/wp\/v2\/types\/product"}],"wp:featuredmedia":[{"embeddable":true,"href":"https:\/\/www.koonings.com\/fr\/wp-json\/wp\/v2\/media\/108654"}],"wp:attachment":[{"href":"https:\/\/www.koonings.com\/fr\/wp-json\/wp\/v2\/media?parent=108653"}],"wp:term":[{"taxonomy":"productdetails","embeddable":true,"href":"https:\/\/www.koonings.com\/fr\/wp-json\/wp\/v2\/productdetails?post=108653"},{"taxonomy":"productneck","embeddable":true,"href":"https:\/\/www.koonings.com\/fr\/wp-json\/wp\/v2\/productneck?post=108653"},{"taxonomy":"productcolor","embeddable":true,"href":"https:\/\/www.koonings.com\/fr\/wp-json\/wp\/v2\/productcolor?post=108653"},{"taxonomy":"maat","embeddable":true,"href":"https:\/\/www.koonings.com\/fr\/wp-json\/wp\/v2\/maat?post=108653"},{"taxonomy":"productsupplier","embeddable":true,"href":"https:\/\/www.koonings.com\/fr\/wp-json\/wp\/v2\/productsupplier?post=108653"},{"taxonomy":"productsleeve","embeddable":true,"href":"https:\/\/www.koonings.com\/fr\/wp-json\/wp\/v2\/productsleeve?post=108653"},{"taxonomy":"productcategory","embeddable":true,"href":"https:\/\/www.koonings.com\/fr\/wp-json\/wp\/v2\/productcategory?post=108653"},{"taxonomy":"productsilhouette","embeddable":true,"href":"https:\/\/www.koonings.com\/fr\/wp-json\/wp\/v2\/productsilhouette?post=108653"},{"taxonomy":"productstyle","embeddable":true,"href":"https:\/\/www.koonings.com\/fr\/wp-json\/wp\/v2\/productstyle?post=108653"}],"curies":[{"name":"wp","href":"https:\/\/api.w.org\/{rel}","templated":true}]}}