{"id":108641,"date":"2026-04-14T16:36:35","date_gmt":"2026-04-14T14:36:35","guid":{"rendered":"https:\/\/www.koonings.com\/product\/le-papillon-par-modeca-halia\/"},"modified":"2026-04-14T15:36:33","modified_gmt":"2026-04-14T13:36:33","slug":"le-papillon-par-modeca-halia","status":"publish","type":"product","link":"https:\/\/www.koonings.com\/fr\/product\/le-papillon-par-modeca-halia\/","title":{"rendered":"Le Papillon par Modeca Halia"},"content":{"rendered":"<p>Bougez avec gr\u00e2ce dans cette robe romantique de forme A, dot\u00e9e d&#8217;un d\u00e9collet\u00e9 en c\u0153ur orn\u00e9 de d\u00e9licats p\u00e9tales en 3D et de bretelles amovibles sur les \u00e9paules. La jupe en tulle est magnifiquement finie par des d\u00e9tails en dentelle, tandis que le d\u00e9tail crois\u00e9 au dos attire imm\u00e9diatement l&#8217;attention. Pour une simplicit\u00e9 plus \u00e9l\u00e9gante, ce mod\u00e8le est \u00e9galement disponible avec une fermeture \u00e0 glissi\u00e8re sous le nom de Halia-A.  <\/p>\n<p>Ce motif enchanteur fait partie de la collection Le Papillon by Modeca et est disponible chez Koonings.<\/p>\n","protected":false},"featured_media":96761,"template":"","meta":{"_acf_changed":false,"ghostkit_customizer_options":"","ghostkit_custom_css":"","ghostkit_custom_js_head":"","ghostkit_custom_js_foot":"","ghostkit_typography":""},"productdetails":[379,376,381],"productneck":[355],"productcolor":[393,392],"maat":[],"productsupplier":[411],"productsleeve":[357,359,363],"productcategory":[18],"productsilhouette":[384],"productstyle":[366],"class_list":["post-108641","product","type-product","status-publish","has-post-thumbnail","hentry","productdetails-379","productdetails-376","productdetails-381","productneck-355","productcolor-393","productcolor-392","productsupplier-le-papillon-by-modeca","productsleeve-357","productsleeve-359","productsleeve-363","productcategory-trouwjurken","productsilhouette-384","productstyle-366"],"acf":[],"yoast_head":"<!-- This site is optimized with the Yoast SEO plugin v27.3 - https:\/\/yoast.com\/product\/yoast-seo-wordpress\/ -->\n<title>Le Papillon par Modeca Halia | Koonings<\/title>\n<meta name=\"description\" content=\"Bougez avec gr\u00e2ce dans cette robe romantique de forme A, dot\u00e9e d&#039;un d\u00e9collet\u00e9 en c\u0153ur orn\u00e9 de d\u00e9licats p\u00e9tales en 3D et de bretelles amovibles sur les \u00e9paules. La jupe en tulle est magnifiquement finie par des d\u00e9tails en dentelle, tandis que le d\u00e9tail crois\u00e9 au dos attire imm\u00e9diatement l&#039;attention. Pour une simplicit\u00e9 plus \u00e9l\u00e9gante, ce mod\u00e8le est \u00e9galement disponible avec une fermeture \u00e0 glissi\u00e8re sous le nom de Halia-A. Ce motif enchanteur fait partie de la collection Le Papillon by Modeca et est disponible chez Koonings.\" \/>\n<meta name=\"robots\" content=\"index, follow, max-snippet:-1, max-image-preview:large, max-video-preview:-1\" \/>\n<link rel=\"canonical\" href=\"https:\/\/www.koonings.com\/fr\/product\/le-papillon-par-modeca-halia\/\" \/>\n<meta property=\"og:locale\" content=\"fr_FR\" \/>\n<meta property=\"og:type\" content=\"article\" \/>\n<meta property=\"og:title\" content=\"Le Papillon par Modeca Halia | Koonings\" \/>\n<meta property=\"og:description\" content=\"Bougez avec gr\u00e2ce dans cette robe romantique de forme A, dot\u00e9e d&#039;un d\u00e9collet\u00e9 en c\u0153ur orn\u00e9 de d\u00e9licats p\u00e9tales en 3D et de bretelles amovibles sur les \u00e9paules. La jupe en tulle est magnifiquement finie par des d\u00e9tails en dentelle, tandis que le d\u00e9tail crois\u00e9 au dos attire imm\u00e9diatement l&#039;attention. Pour une simplicit\u00e9 plus \u00e9l\u00e9gante, ce mod\u00e8le est \u00e9galement disponible avec une fermeture \u00e0 glissi\u00e8re sous le nom de Halia-A. Ce motif enchanteur fait partie de la collection Le Papillon by Modeca et est disponible chez Koonings.\" \/>\n<meta property=\"og:url\" content=\"https:\/\/www.koonings.com\/fr\/product\/le-papillon-par-modeca-halia\/\" \/>\n<meta property=\"og:site_name\" content=\"Koonings\" \/>\n<meta property=\"article:publisher\" content=\"https:\/\/www.facebook.com\/kooningstheweddingpalace\" \/>\n<meta property=\"og:image\" content=\"https:\/\/www.koonings.com\/wp-content\/uploads\/2025\/09\/51081_80997ede224c806d28822136d5a04726d228b74412a644d5875168b8f5a75780f5dacb3c-scaled.jpeg\" \/>\n\t<meta property=\"og:image:width\" content=\"1920\" \/>\n\t<meta property=\"og:image:height\" content=\"2560\" \/>\n\t<meta property=\"og:image:type\" content=\"image\/jpeg\" \/>\n<meta name=\"twitter:card\" content=\"summary_large_image\" \/>\n<script type=\"application\/ld+json\" class=\"yoast-schema-graph\">{\"@context\":\"https:\\\/\\\/schema.org\",\"@graph\":[{\"@type\":\"WebPage\",\"@id\":\"https:\\\/\\\/www.koonings.com\\\/fr\\\/product\\\/le-papillon-par-modeca-halia\\\/\",\"url\":\"https:\\\/\\\/www.koonings.com\\\/fr\\\/product\\\/le-papillon-par-modeca-halia\\\/\",\"name\":\"Le Papillon par Modeca Halia | Koonings\",\"isPartOf\":{\"@id\":\"https:\\\/\\\/www.koonings.com\\\/fr\\\/#website\"},\"primaryImageOfPage\":{\"@id\":\"https:\\\/\\\/www.koonings.com\\\/fr\\\/product\\\/le-papillon-par-modeca-halia\\\/#primaryimage\"},\"image\":{\"@id\":\"https:\\\/\\\/www.koonings.com\\\/fr\\\/product\\\/le-papillon-par-modeca-halia\\\/#primaryimage\"},\"thumbnailUrl\":\"https:\\\/\\\/www.koonings.com\\\/wp-content\\\/uploads\\\/2025\\\/09\\\/51081_80997ede224c806d28822136d5a04726d228b74412a644d5875168b8f5a75780f5dacb3c-scaled.jpeg\",\"datePublished\":\"2026-04-14T14:36:35+00:00\",\"description\":\"Bougez avec gr\u00e2ce dans cette robe romantique de forme A, dot\u00e9e d'un d\u00e9collet\u00e9 en c\u0153ur orn\u00e9 de d\u00e9licats p\u00e9tales en 3D et de bretelles amovibles sur les \u00e9paules. La jupe en tulle est magnifiquement finie par des d\u00e9tails en dentelle, tandis que le d\u00e9tail crois\u00e9 au dos attire imm\u00e9diatement l'attention. Pour une simplicit\u00e9 plus \u00e9l\u00e9gante, ce mod\u00e8le est \u00e9galement disponible avec une fermeture \u00e0 glissi\u00e8re sous le nom de Halia-A. Ce motif enchanteur fait partie de la collection Le Papillon by Modeca et est disponible chez Koonings.\",\"breadcrumb\":{\"@id\":\"https:\\\/\\\/www.koonings.com\\\/fr\\\/product\\\/le-papillon-par-modeca-halia\\\/#breadcrumb\"},\"inLanguage\":\"fr-FR\",\"potentialAction\":[{\"@type\":\"ReadAction\",\"target\":[\"https:\\\/\\\/www.koonings.com\\\/fr\\\/product\\\/le-papillon-par-modeca-halia\\\/\"]}]},{\"@type\":\"ImageObject\",\"inLanguage\":\"fr-FR\",\"@id\":\"https:\\\/\\\/www.koonings.com\\\/fr\\\/product\\\/le-papillon-par-modeca-halia\\\/#primaryimage\",\"url\":\"https:\\\/\\\/www.koonings.com\\\/wp-content\\\/uploads\\\/2025\\\/09\\\/51081_80997ede224c806d28822136d5a04726d228b74412a644d5875168b8f5a75780f5dacb3c-scaled.jpeg\",\"contentUrl\":\"https:\\\/\\\/www.koonings.com\\\/wp-content\\\/uploads\\\/2025\\\/09\\\/51081_80997ede224c806d28822136d5a04726d228b74412a644d5875168b8f5a75780f5dacb3c-scaled.jpeg\",\"width\":1920,\"height\":2560},{\"@type\":\"BreadcrumbList\",\"@id\":\"https:\\\/\\\/www.koonings.com\\\/fr\\\/product\\\/le-papillon-par-modeca-halia\\\/#breadcrumb\",\"itemListElement\":[{\"@type\":\"ListItem\",\"position\":1,\"name\":\"Home\",\"item\":\"https:\\\/\\\/www.koonings.com\\\/fr\\\/\"},{\"@type\":\"ListItem\",\"position\":2,\"name\":\"Le Papillon par Modeca Halia\"}]},{\"@type\":\"WebSite\",\"@id\":\"https:\\\/\\\/www.koonings.com\\\/fr\\\/#website\",\"url\":\"https:\\\/\\\/www.koonings.com\\\/fr\\\/\",\"name\":\"Koonings\",\"description\":\"De grootste bruidsmodewinkel ter wereld\",\"publisher\":{\"@id\":\"https:\\\/\\\/www.koonings.com\\\/fr\\\/#organization\"},\"potentialAction\":[{\"@type\":\"SearchAction\",\"target\":{\"@type\":\"EntryPoint\",\"urlTemplate\":\"https:\\\/\\\/www.koonings.com\\\/fr\\\/?s={search_term_string}\"},\"query-input\":{\"@type\":\"PropertyValueSpecification\",\"valueRequired\":true,\"valueName\":\"search_term_string\"}}],\"inLanguage\":\"fr-FR\"},{\"@type\":\"Organization\",\"@id\":\"https:\\\/\\\/www.koonings.com\\\/fr\\\/#organization\",\"name\":\"Koonings\",\"url\":\"https:\\\/\\\/www.koonings.com\\\/fr\\\/\",\"logo\":{\"@type\":\"ImageObject\",\"inLanguage\":\"fr-FR\",\"@id\":\"https:\\\/\\\/www.koonings.com\\\/fr\\\/#\\\/schema\\\/logo\\\/image\\\/\",\"url\":\"https:\\\/\\\/www.koonings.com\\\/wp-content\\\/uploads\\\/2024\\\/07\\\/logo.png\",\"contentUrl\":\"https:\\\/\\\/www.koonings.com\\\/wp-content\\\/uploads\\\/2024\\\/07\\\/logo.png\",\"width\":600,\"height\":428,\"caption\":\"Koonings\"},\"image\":{\"@id\":\"https:\\\/\\\/www.koonings.com\\\/fr\\\/#\\\/schema\\\/logo\\\/image\\\/\"},\"sameAs\":[\"https:\\\/\\\/www.facebook.com\\\/kooningstheweddingpalace\",\"https:\\\/\\\/www.instagram.com\\\/kooningstheweddingpalace\",\"https:\\\/\\\/www.pinterest.com\\\/koonings\",\"https:\\\/\\\/www.youtube.com\\\/kooningstheweddingpalace\"]}]}<\/script>\n<!-- \/ Yoast SEO plugin. -->","yoast_head_json":{"title":"Le Papillon par Modeca Halia | Koonings","description":"Bougez avec gr\u00e2ce dans cette robe romantique de forme A, dot\u00e9e d'un d\u00e9collet\u00e9 en c\u0153ur orn\u00e9 de d\u00e9licats p\u00e9tales en 3D et de bretelles amovibles sur les \u00e9paules. La jupe en tulle est magnifiquement finie par des d\u00e9tails en dentelle, tandis que le d\u00e9tail crois\u00e9 au dos attire imm\u00e9diatement l'attention. Pour une simplicit\u00e9 plus \u00e9l\u00e9gante, ce mod\u00e8le est \u00e9galement disponible avec une fermeture \u00e0 glissi\u00e8re sous le nom de Halia-A. Ce motif enchanteur fait partie de la collection Le Papillon by Modeca et est disponible chez Koonings.","robots":{"index":"index","follow":"follow","max-snippet":"max-snippet:-1","max-image-preview":"max-image-preview:large","max-video-preview":"max-video-preview:-1"},"canonical":"https:\/\/www.koonings.com\/fr\/product\/le-papillon-par-modeca-halia\/","og_locale":"fr_FR","og_type":"article","og_title":"Le Papillon par Modeca Halia | Koonings","og_description":"Bougez avec gr\u00e2ce dans cette robe romantique de forme A, dot\u00e9e d'un d\u00e9collet\u00e9 en c\u0153ur orn\u00e9 de d\u00e9licats p\u00e9tales en 3D et de bretelles amovibles sur les \u00e9paules. La jupe en tulle est magnifiquement finie par des d\u00e9tails en dentelle, tandis que le d\u00e9tail crois\u00e9 au dos attire imm\u00e9diatement l'attention. Pour une simplicit\u00e9 plus \u00e9l\u00e9gante, ce mod\u00e8le est \u00e9galement disponible avec une fermeture \u00e0 glissi\u00e8re sous le nom de Halia-A. Ce motif enchanteur fait partie de la collection Le Papillon by Modeca et est disponible chez Koonings.","og_url":"https:\/\/www.koonings.com\/fr\/product\/le-papillon-par-modeca-halia\/","og_site_name":"Koonings","article_publisher":"https:\/\/www.facebook.com\/kooningstheweddingpalace","og_image":[{"width":1920,"height":2560,"url":"https:\/\/www.koonings.com\/wp-content\/uploads\/2025\/09\/51081_80997ede224c806d28822136d5a04726d228b74412a644d5875168b8f5a75780f5dacb3c-scaled.jpeg","type":"image\/jpeg"}],"twitter_card":"summary_large_image","schema":{"@context":"https:\/\/schema.org","@graph":[{"@type":"WebPage","@id":"https:\/\/www.koonings.com\/fr\/product\/le-papillon-par-modeca-halia\/","url":"https:\/\/www.koonings.com\/fr\/product\/le-papillon-par-modeca-halia\/","name":"Le Papillon par Modeca Halia | Koonings","isPartOf":{"@id":"https:\/\/www.koonings.com\/fr\/#website"},"primaryImageOfPage":{"@id":"https:\/\/www.koonings.com\/fr\/product\/le-papillon-par-modeca-halia\/#primaryimage"},"image":{"@id":"https:\/\/www.koonings.com\/fr\/product\/le-papillon-par-modeca-halia\/#primaryimage"},"thumbnailUrl":"https:\/\/www.koonings.com\/wp-content\/uploads\/2025\/09\/51081_80997ede224c806d28822136d5a04726d228b74412a644d5875168b8f5a75780f5dacb3c-scaled.jpeg","datePublished":"2026-04-14T14:36:35+00:00","description":"Bougez avec gr\u00e2ce dans cette robe romantique de forme A, dot\u00e9e d'un d\u00e9collet\u00e9 en c\u0153ur orn\u00e9 de d\u00e9licats p\u00e9tales en 3D et de bretelles amovibles sur les \u00e9paules. La jupe en tulle est magnifiquement finie par des d\u00e9tails en dentelle, tandis que le d\u00e9tail crois\u00e9 au dos attire imm\u00e9diatement l'attention. Pour une simplicit\u00e9 plus \u00e9l\u00e9gante, ce mod\u00e8le est \u00e9galement disponible avec une fermeture \u00e0 glissi\u00e8re sous le nom de Halia-A. Ce motif enchanteur fait partie de la collection Le Papillon by Modeca et est disponible chez Koonings.","breadcrumb":{"@id":"https:\/\/www.koonings.com\/fr\/product\/le-papillon-par-modeca-halia\/#breadcrumb"},"inLanguage":"fr-FR","potentialAction":[{"@type":"ReadAction","target":["https:\/\/www.koonings.com\/fr\/product\/le-papillon-par-modeca-halia\/"]}]},{"@type":"ImageObject","inLanguage":"fr-FR","@id":"https:\/\/www.koonings.com\/fr\/product\/le-papillon-par-modeca-halia\/#primaryimage","url":"https:\/\/www.koonings.com\/wp-content\/uploads\/2025\/09\/51081_80997ede224c806d28822136d5a04726d228b74412a644d5875168b8f5a75780f5dacb3c-scaled.jpeg","contentUrl":"https:\/\/www.koonings.com\/wp-content\/uploads\/2025\/09\/51081_80997ede224c806d28822136d5a04726d228b74412a644d5875168b8f5a75780f5dacb3c-scaled.jpeg","width":1920,"height":2560},{"@type":"BreadcrumbList","@id":"https:\/\/www.koonings.com\/fr\/product\/le-papillon-par-modeca-halia\/#breadcrumb","itemListElement":[{"@type":"ListItem","position":1,"name":"Home","item":"https:\/\/www.koonings.com\/fr\/"},{"@type":"ListItem","position":2,"name":"Le Papillon par Modeca Halia"}]},{"@type":"WebSite","@id":"https:\/\/www.koonings.com\/fr\/#website","url":"https:\/\/www.koonings.com\/fr\/","name":"Koonings","description":"De grootste bruidsmodewinkel ter wereld","publisher":{"@id":"https:\/\/www.koonings.com\/fr\/#organization"},"potentialAction":[{"@type":"SearchAction","target":{"@type":"EntryPoint","urlTemplate":"https:\/\/www.koonings.com\/fr\/?s={search_term_string}"},"query-input":{"@type":"PropertyValueSpecification","valueRequired":true,"valueName":"search_term_string"}}],"inLanguage":"fr-FR"},{"@type":"Organization","@id":"https:\/\/www.koonings.com\/fr\/#organization","name":"Koonings","url":"https:\/\/www.koonings.com\/fr\/","logo":{"@type":"ImageObject","inLanguage":"fr-FR","@id":"https:\/\/www.koonings.com\/fr\/#\/schema\/logo\/image\/","url":"https:\/\/www.koonings.com\/wp-content\/uploads\/2024\/07\/logo.png","contentUrl":"https:\/\/www.koonings.com\/wp-content\/uploads\/2024\/07\/logo.png","width":600,"height":428,"caption":"Koonings"},"image":{"@id":"https:\/\/www.koonings.com\/fr\/#\/schema\/logo\/image\/"},"sameAs":["https:\/\/www.facebook.com\/kooningstheweddingpalace","https:\/\/www.instagram.com\/kooningstheweddingpalace","https:\/\/www.pinterest.com\/koonings","https:\/\/www.youtube.com\/kooningstheweddingpalace"]}]}},"_links":{"self":[{"href":"https:\/\/www.koonings.com\/fr\/wp-json\/wp\/v2\/product\/108641","targetHints":{"allow":["GET"]}}],"collection":[{"href":"https:\/\/www.koonings.com\/fr\/wp-json\/wp\/v2\/product"}],"about":[{"href":"https:\/\/www.koonings.com\/fr\/wp-json\/wp\/v2\/types\/product"}],"wp:featuredmedia":[{"embeddable":true,"href":"https:\/\/www.koonings.com\/fr\/wp-json\/wp\/v2\/media\/96761"}],"wp:attachment":[{"href":"https:\/\/www.koonings.com\/fr\/wp-json\/wp\/v2\/media?parent=108641"}],"wp:term":[{"taxonomy":"productdetails","embeddable":true,"href":"https:\/\/www.koonings.com\/fr\/wp-json\/wp\/v2\/productdetails?post=108641"},{"taxonomy":"productneck","embeddable":true,"href":"https:\/\/www.koonings.com\/fr\/wp-json\/wp\/v2\/productneck?post=108641"},{"taxonomy":"productcolor","embeddable":true,"href":"https:\/\/www.koonings.com\/fr\/wp-json\/wp\/v2\/productcolor?post=108641"},{"taxonomy":"maat","embeddable":true,"href":"https:\/\/www.koonings.com\/fr\/wp-json\/wp\/v2\/maat?post=108641"},{"taxonomy":"productsupplier","embeddable":true,"href":"https:\/\/www.koonings.com\/fr\/wp-json\/wp\/v2\/productsupplier?post=108641"},{"taxonomy":"productsleeve","embeddable":true,"href":"https:\/\/www.koonings.com\/fr\/wp-json\/wp\/v2\/productsleeve?post=108641"},{"taxonomy":"productcategory","embeddable":true,"href":"https:\/\/www.koonings.com\/fr\/wp-json\/wp\/v2\/productcategory?post=108641"},{"taxonomy":"productsilhouette","embeddable":true,"href":"https:\/\/www.koonings.com\/fr\/wp-json\/wp\/v2\/productsilhouette?post=108641"},{"taxonomy":"productstyle","embeddable":true,"href":"https:\/\/www.koonings.com\/fr\/wp-json\/wp\/v2\/productstyle?post=108641"}],"curies":[{"name":"wp","href":"https:\/\/api.w.org\/{rel}","templated":true}]}}