{"id":108632,"date":"2026-04-14T16:36:36","date_gmt":"2026-04-14T14:36:36","guid":{"rendered":"https:\/\/www.koonings.com\/product\/le-papillon-par-modeca-hanne\/"},"modified":"2026-04-14T15:36:33","modified_gmt":"2026-04-14T13:36:33","slug":"le-papillon-par-modeca-hanne","status":"publish","type":"product","link":"https:\/\/www.koonings.com\/fr\/product\/le-papillon-par-modeca-hanne\/","title":{"rendered":"Le Papillon par Modeca Hanne"},"content":{"rendered":"<p>Hanne est une robe de mari\u00e9e sophistiqu\u00e9e, de coupe ajust\u00e9e et \u00e9vas\u00e9e, enti\u00e8rement en dentelle. Elle se caract\u00e9rise par un corsage transparent, des bretelles d\u00e9licates et de longues manches en dentelle qui lui conf\u00e8rent une allure romantique et tendance. Pour un look plus serr\u00e9, ce mod\u00e8le est \u00e9galement disponible sans manches sous le nom de Hanne-D.  <\/p>\n<p>Ce design \u00e9l\u00e9gant fait partie de la collection Le Papillon by Modeca et est disponible chez Koonings.<\/p>\n","protected":false},"featured_media":96782,"template":"","meta":{"_acf_changed":false,"ghostkit_customizer_options":"","ghostkit_custom_css":"","ghostkit_custom_js_head":"","ghostkit_custom_js_foot":"","ghostkit_typography":""},"productdetails":[376],"productneck":[355],"productcolor":[393,392],"maat":[],"productsupplier":[411],"productsleeve":[357,359,362],"productcategory":[18],"productsilhouette":[389],"productstyle":[369,366],"class_list":["post-108632","product","type-product","status-publish","has-post-thumbnail","hentry","productdetails-376","productneck-355","productcolor-393","productcolor-392","productsupplier-le-papillon-by-modeca","productsleeve-357","productsleeve-359","productsleeve-362","productcategory-trouwjurken","productsilhouette-389","productstyle-369","productstyle-366"],"acf":[],"yoast_head":"<!-- This site is optimized with the Yoast SEO plugin v27.3 - https:\/\/yoast.com\/product\/yoast-seo-wordpress\/ -->\n<title>Le Papillon par Modeca Hanne | Koonings<\/title>\n<meta name=\"description\" content=\"Hanne est une robe de mari\u00e9e sophistiqu\u00e9e, de coupe ajust\u00e9e et \u00e9vas\u00e9e, enti\u00e8rement en dentelle. Elle se caract\u00e9rise par un corsage transparent, des bretelles d\u00e9licates et de longues manches en dentelle qui lui conf\u00e8rent une allure romantique et tendance. Pour un look plus serr\u00e9, ce mod\u00e8le est \u00e9galement disponible sans manches sous le nom de Hanne-D. Ce design \u00e9l\u00e9gant fait partie de la collection Le Papillon by Modeca et est disponible chez Koonings.\" \/>\n<meta name=\"robots\" content=\"index, follow, max-snippet:-1, max-image-preview:large, max-video-preview:-1\" \/>\n<link rel=\"canonical\" href=\"https:\/\/www.koonings.com\/fr\/product\/le-papillon-par-modeca-hanne\/\" \/>\n<meta property=\"og:locale\" content=\"fr_FR\" \/>\n<meta property=\"og:type\" content=\"article\" \/>\n<meta property=\"og:title\" content=\"Le Papillon par Modeca Hanne | Koonings\" \/>\n<meta property=\"og:description\" content=\"Hanne est une robe de mari\u00e9e sophistiqu\u00e9e, de coupe ajust\u00e9e et \u00e9vas\u00e9e, enti\u00e8rement en dentelle. Elle se caract\u00e9rise par un corsage transparent, des bretelles d\u00e9licates et de longues manches en dentelle qui lui conf\u00e8rent une allure romantique et tendance. Pour un look plus serr\u00e9, ce mod\u00e8le est \u00e9galement disponible sans manches sous le nom de Hanne-D. Ce design \u00e9l\u00e9gant fait partie de la collection Le Papillon by Modeca et est disponible chez Koonings.\" \/>\n<meta property=\"og:url\" content=\"https:\/\/www.koonings.com\/fr\/product\/le-papillon-par-modeca-hanne\/\" \/>\n<meta property=\"og:site_name\" content=\"Koonings\" \/>\n<meta property=\"article:publisher\" content=\"https:\/\/www.facebook.com\/kooningstheweddingpalace\" \/>\n<meta property=\"og:image\" content=\"https:\/\/www.koonings.com\/wp-content\/uploads\/2025\/09\/51082_f16c33bb59c352dc42d4c92f503f249fe18cf5824bbbe4e88e1fad36476ce2bb176956aa.jpeg\" \/>\n\t<meta property=\"og:image:width\" content=\"1520\" \/>\n\t<meta property=\"og:image:height\" content=\"2147\" \/>\n\t<meta property=\"og:image:type\" content=\"image\/jpeg\" \/>\n<meta name=\"twitter:card\" content=\"summary_large_image\" \/>\n<script type=\"application\/ld+json\" class=\"yoast-schema-graph\">{\"@context\":\"https:\\\/\\\/schema.org\",\"@graph\":[{\"@type\":\"WebPage\",\"@id\":\"https:\\\/\\\/www.koonings.com\\\/fr\\\/product\\\/le-papillon-par-modeca-hanne\\\/\",\"url\":\"https:\\\/\\\/www.koonings.com\\\/fr\\\/product\\\/le-papillon-par-modeca-hanne\\\/\",\"name\":\"Le Papillon par Modeca Hanne | Koonings\",\"isPartOf\":{\"@id\":\"https:\\\/\\\/www.koonings.com\\\/fr\\\/#website\"},\"primaryImageOfPage\":{\"@id\":\"https:\\\/\\\/www.koonings.com\\\/fr\\\/product\\\/le-papillon-par-modeca-hanne\\\/#primaryimage\"},\"image\":{\"@id\":\"https:\\\/\\\/www.koonings.com\\\/fr\\\/product\\\/le-papillon-par-modeca-hanne\\\/#primaryimage\"},\"thumbnailUrl\":\"https:\\\/\\\/www.koonings.com\\\/wp-content\\\/uploads\\\/2025\\\/09\\\/51082_f16c33bb59c352dc42d4c92f503f249fe18cf5824bbbe4e88e1fad36476ce2bb176956aa.jpeg\",\"datePublished\":\"2026-04-14T14:36:36+00:00\",\"description\":\"Hanne est une robe de mari\u00e9e sophistiqu\u00e9e, de coupe ajust\u00e9e et \u00e9vas\u00e9e, enti\u00e8rement en dentelle. Elle se caract\u00e9rise par un corsage transparent, des bretelles d\u00e9licates et de longues manches en dentelle qui lui conf\u00e8rent une allure romantique et tendance. Pour un look plus serr\u00e9, ce mod\u00e8le est \u00e9galement disponible sans manches sous le nom de Hanne-D. Ce design \u00e9l\u00e9gant fait partie de la collection Le Papillon by Modeca et est disponible chez Koonings.\",\"breadcrumb\":{\"@id\":\"https:\\\/\\\/www.koonings.com\\\/fr\\\/product\\\/le-papillon-par-modeca-hanne\\\/#breadcrumb\"},\"inLanguage\":\"fr-FR\",\"potentialAction\":[{\"@type\":\"ReadAction\",\"target\":[\"https:\\\/\\\/www.koonings.com\\\/fr\\\/product\\\/le-papillon-par-modeca-hanne\\\/\"]}]},{\"@type\":\"ImageObject\",\"inLanguage\":\"fr-FR\",\"@id\":\"https:\\\/\\\/www.koonings.com\\\/fr\\\/product\\\/le-papillon-par-modeca-hanne\\\/#primaryimage\",\"url\":\"https:\\\/\\\/www.koonings.com\\\/wp-content\\\/uploads\\\/2025\\\/09\\\/51082_f16c33bb59c352dc42d4c92f503f249fe18cf5824bbbe4e88e1fad36476ce2bb176956aa.jpeg\",\"contentUrl\":\"https:\\\/\\\/www.koonings.com\\\/wp-content\\\/uploads\\\/2025\\\/09\\\/51082_f16c33bb59c352dc42d4c92f503f249fe18cf5824bbbe4e88e1fad36476ce2bb176956aa.jpeg\",\"width\":1520,\"height\":2147},{\"@type\":\"BreadcrumbList\",\"@id\":\"https:\\\/\\\/www.koonings.com\\\/fr\\\/product\\\/le-papillon-par-modeca-hanne\\\/#breadcrumb\",\"itemListElement\":[{\"@type\":\"ListItem\",\"position\":1,\"name\":\"Home\",\"item\":\"https:\\\/\\\/www.koonings.com\\\/fr\\\/\"},{\"@type\":\"ListItem\",\"position\":2,\"name\":\"Le Papillon par Modeca Hanne\"}]},{\"@type\":\"WebSite\",\"@id\":\"https:\\\/\\\/www.koonings.com\\\/fr\\\/#website\",\"url\":\"https:\\\/\\\/www.koonings.com\\\/fr\\\/\",\"name\":\"Koonings\",\"description\":\"De grootste bruidsmodewinkel ter wereld\",\"publisher\":{\"@id\":\"https:\\\/\\\/www.koonings.com\\\/fr\\\/#organization\"},\"potentialAction\":[{\"@type\":\"SearchAction\",\"target\":{\"@type\":\"EntryPoint\",\"urlTemplate\":\"https:\\\/\\\/www.koonings.com\\\/fr\\\/?s={search_term_string}\"},\"query-input\":{\"@type\":\"PropertyValueSpecification\",\"valueRequired\":true,\"valueName\":\"search_term_string\"}}],\"inLanguage\":\"fr-FR\"},{\"@type\":\"Organization\",\"@id\":\"https:\\\/\\\/www.koonings.com\\\/fr\\\/#organization\",\"name\":\"Koonings\",\"url\":\"https:\\\/\\\/www.koonings.com\\\/fr\\\/\",\"logo\":{\"@type\":\"ImageObject\",\"inLanguage\":\"fr-FR\",\"@id\":\"https:\\\/\\\/www.koonings.com\\\/fr\\\/#\\\/schema\\\/logo\\\/image\\\/\",\"url\":\"https:\\\/\\\/www.koonings.com\\\/wp-content\\\/uploads\\\/2024\\\/07\\\/logo.png\",\"contentUrl\":\"https:\\\/\\\/www.koonings.com\\\/wp-content\\\/uploads\\\/2024\\\/07\\\/logo.png\",\"width\":600,\"height\":428,\"caption\":\"Koonings\"},\"image\":{\"@id\":\"https:\\\/\\\/www.koonings.com\\\/fr\\\/#\\\/schema\\\/logo\\\/image\\\/\"},\"sameAs\":[\"https:\\\/\\\/www.facebook.com\\\/kooningstheweddingpalace\",\"https:\\\/\\\/www.instagram.com\\\/kooningstheweddingpalace\",\"https:\\\/\\\/www.pinterest.com\\\/koonings\",\"https:\\\/\\\/www.youtube.com\\\/kooningstheweddingpalace\"]}]}<\/script>\n<!-- \/ Yoast SEO plugin. -->","yoast_head_json":{"title":"Le Papillon par Modeca Hanne | Koonings","description":"Hanne est une robe de mari\u00e9e sophistiqu\u00e9e, de coupe ajust\u00e9e et \u00e9vas\u00e9e, enti\u00e8rement en dentelle. Elle se caract\u00e9rise par un corsage transparent, des bretelles d\u00e9licates et de longues manches en dentelle qui lui conf\u00e8rent une allure romantique et tendance. Pour un look plus serr\u00e9, ce mod\u00e8le est \u00e9galement disponible sans manches sous le nom de Hanne-D. Ce design \u00e9l\u00e9gant fait partie de la collection Le Papillon by Modeca et est disponible chez Koonings.","robots":{"index":"index","follow":"follow","max-snippet":"max-snippet:-1","max-image-preview":"max-image-preview:large","max-video-preview":"max-video-preview:-1"},"canonical":"https:\/\/www.koonings.com\/fr\/product\/le-papillon-par-modeca-hanne\/","og_locale":"fr_FR","og_type":"article","og_title":"Le Papillon par Modeca Hanne | Koonings","og_description":"Hanne est une robe de mari\u00e9e sophistiqu\u00e9e, de coupe ajust\u00e9e et \u00e9vas\u00e9e, enti\u00e8rement en dentelle. Elle se caract\u00e9rise par un corsage transparent, des bretelles d\u00e9licates et de longues manches en dentelle qui lui conf\u00e8rent une allure romantique et tendance. Pour un look plus serr\u00e9, ce mod\u00e8le est \u00e9galement disponible sans manches sous le nom de Hanne-D. Ce design \u00e9l\u00e9gant fait partie de la collection Le Papillon by Modeca et est disponible chez Koonings.","og_url":"https:\/\/www.koonings.com\/fr\/product\/le-papillon-par-modeca-hanne\/","og_site_name":"Koonings","article_publisher":"https:\/\/www.facebook.com\/kooningstheweddingpalace","og_image":[{"width":1520,"height":2147,"url":"https:\/\/www.koonings.com\/wp-content\/uploads\/2025\/09\/51082_f16c33bb59c352dc42d4c92f503f249fe18cf5824bbbe4e88e1fad36476ce2bb176956aa.jpeg","type":"image\/jpeg"}],"twitter_card":"summary_large_image","schema":{"@context":"https:\/\/schema.org","@graph":[{"@type":"WebPage","@id":"https:\/\/www.koonings.com\/fr\/product\/le-papillon-par-modeca-hanne\/","url":"https:\/\/www.koonings.com\/fr\/product\/le-papillon-par-modeca-hanne\/","name":"Le Papillon par Modeca Hanne | Koonings","isPartOf":{"@id":"https:\/\/www.koonings.com\/fr\/#website"},"primaryImageOfPage":{"@id":"https:\/\/www.koonings.com\/fr\/product\/le-papillon-par-modeca-hanne\/#primaryimage"},"image":{"@id":"https:\/\/www.koonings.com\/fr\/product\/le-papillon-par-modeca-hanne\/#primaryimage"},"thumbnailUrl":"https:\/\/www.koonings.com\/wp-content\/uploads\/2025\/09\/51082_f16c33bb59c352dc42d4c92f503f249fe18cf5824bbbe4e88e1fad36476ce2bb176956aa.jpeg","datePublished":"2026-04-14T14:36:36+00:00","description":"Hanne est une robe de mari\u00e9e sophistiqu\u00e9e, de coupe ajust\u00e9e et \u00e9vas\u00e9e, enti\u00e8rement en dentelle. Elle se caract\u00e9rise par un corsage transparent, des bretelles d\u00e9licates et de longues manches en dentelle qui lui conf\u00e8rent une allure romantique et tendance. Pour un look plus serr\u00e9, ce mod\u00e8le est \u00e9galement disponible sans manches sous le nom de Hanne-D. Ce design \u00e9l\u00e9gant fait partie de la collection Le Papillon by Modeca et est disponible chez Koonings.","breadcrumb":{"@id":"https:\/\/www.koonings.com\/fr\/product\/le-papillon-par-modeca-hanne\/#breadcrumb"},"inLanguage":"fr-FR","potentialAction":[{"@type":"ReadAction","target":["https:\/\/www.koonings.com\/fr\/product\/le-papillon-par-modeca-hanne\/"]}]},{"@type":"ImageObject","inLanguage":"fr-FR","@id":"https:\/\/www.koonings.com\/fr\/product\/le-papillon-par-modeca-hanne\/#primaryimage","url":"https:\/\/www.koonings.com\/wp-content\/uploads\/2025\/09\/51082_f16c33bb59c352dc42d4c92f503f249fe18cf5824bbbe4e88e1fad36476ce2bb176956aa.jpeg","contentUrl":"https:\/\/www.koonings.com\/wp-content\/uploads\/2025\/09\/51082_f16c33bb59c352dc42d4c92f503f249fe18cf5824bbbe4e88e1fad36476ce2bb176956aa.jpeg","width":1520,"height":2147},{"@type":"BreadcrumbList","@id":"https:\/\/www.koonings.com\/fr\/product\/le-papillon-par-modeca-hanne\/#breadcrumb","itemListElement":[{"@type":"ListItem","position":1,"name":"Home","item":"https:\/\/www.koonings.com\/fr\/"},{"@type":"ListItem","position":2,"name":"Le Papillon par Modeca Hanne"}]},{"@type":"WebSite","@id":"https:\/\/www.koonings.com\/fr\/#website","url":"https:\/\/www.koonings.com\/fr\/","name":"Koonings","description":"De grootste bruidsmodewinkel ter wereld","publisher":{"@id":"https:\/\/www.koonings.com\/fr\/#organization"},"potentialAction":[{"@type":"SearchAction","target":{"@type":"EntryPoint","urlTemplate":"https:\/\/www.koonings.com\/fr\/?s={search_term_string}"},"query-input":{"@type":"PropertyValueSpecification","valueRequired":true,"valueName":"search_term_string"}}],"inLanguage":"fr-FR"},{"@type":"Organization","@id":"https:\/\/www.koonings.com\/fr\/#organization","name":"Koonings","url":"https:\/\/www.koonings.com\/fr\/","logo":{"@type":"ImageObject","inLanguage":"fr-FR","@id":"https:\/\/www.koonings.com\/fr\/#\/schema\/logo\/image\/","url":"https:\/\/www.koonings.com\/wp-content\/uploads\/2024\/07\/logo.png","contentUrl":"https:\/\/www.koonings.com\/wp-content\/uploads\/2024\/07\/logo.png","width":600,"height":428,"caption":"Koonings"},"image":{"@id":"https:\/\/www.koonings.com\/fr\/#\/schema\/logo\/image\/"},"sameAs":["https:\/\/www.facebook.com\/kooningstheweddingpalace","https:\/\/www.instagram.com\/kooningstheweddingpalace","https:\/\/www.pinterest.com\/koonings","https:\/\/www.youtube.com\/kooningstheweddingpalace"]}]}},"_links":{"self":[{"href":"https:\/\/www.koonings.com\/fr\/wp-json\/wp\/v2\/product\/108632","targetHints":{"allow":["GET"]}}],"collection":[{"href":"https:\/\/www.koonings.com\/fr\/wp-json\/wp\/v2\/product"}],"about":[{"href":"https:\/\/www.koonings.com\/fr\/wp-json\/wp\/v2\/types\/product"}],"wp:featuredmedia":[{"embeddable":true,"href":"https:\/\/www.koonings.com\/fr\/wp-json\/wp\/v2\/media\/96782"}],"wp:attachment":[{"href":"https:\/\/www.koonings.com\/fr\/wp-json\/wp\/v2\/media?parent=108632"}],"wp:term":[{"taxonomy":"productdetails","embeddable":true,"href":"https:\/\/www.koonings.com\/fr\/wp-json\/wp\/v2\/productdetails?post=108632"},{"taxonomy":"productneck","embeddable":true,"href":"https:\/\/www.koonings.com\/fr\/wp-json\/wp\/v2\/productneck?post=108632"},{"taxonomy":"productcolor","embeddable":true,"href":"https:\/\/www.koonings.com\/fr\/wp-json\/wp\/v2\/productcolor?post=108632"},{"taxonomy":"maat","embeddable":true,"href":"https:\/\/www.koonings.com\/fr\/wp-json\/wp\/v2\/maat?post=108632"},{"taxonomy":"productsupplier","embeddable":true,"href":"https:\/\/www.koonings.com\/fr\/wp-json\/wp\/v2\/productsupplier?post=108632"},{"taxonomy":"productsleeve","embeddable":true,"href":"https:\/\/www.koonings.com\/fr\/wp-json\/wp\/v2\/productsleeve?post=108632"},{"taxonomy":"productcategory","embeddable":true,"href":"https:\/\/www.koonings.com\/fr\/wp-json\/wp\/v2\/productcategory?post=108632"},{"taxonomy":"productsilhouette","embeddable":true,"href":"https:\/\/www.koonings.com\/fr\/wp-json\/wp\/v2\/productsilhouette?post=108632"},{"taxonomy":"productstyle","embeddable":true,"href":"https:\/\/www.koonings.com\/fr\/wp-json\/wp\/v2\/productstyle?post=108632"}],"curies":[{"name":"wp","href":"https:\/\/api.w.org\/{rel}","templated":true}]}}