{"id":108618,"date":"2026-04-14T16:36:04","date_gmt":"2026-04-14T14:36:04","guid":{"rendered":"https:\/\/www.koonings.com\/product\/poirier-kb-76050-coussin-pour-anneaux-et-jarretiere\/"},"modified":"2026-04-14T15:35:00","modified_gmt":"2026-04-14T13:35:00","slug":"poirier-kb-76050-coussin-pour-anneaux-et-jarretiere","status":"publish","type":"product","link":"https:\/\/www.koonings.com\/fr\/product\/poirier-kb-76050-coussin-pour-anneaux-et-jarretiere\/","title":{"rendered":"Poirier KB-76050 Coussin pour anneaux et jarreti\u00e8re"},"content":{"rendered":"<p>Ensemble compos\u00e9 d&#8217;un coussin \u00e0 anneaux et d&#8217;une jarreti\u00e8re orn\u00e9s de dentelle fine ivoire, d&#8217;une fleur de dentelle ivoire avec p\u00e9tales et d&#8217;une perle ivoire | Collection GEM | Ligne Rubia<br \/>\nEnsemble compos\u00e9 d&#8217;un coussin \u00e0 anneaux et d&#8217;une jarreti\u00e8re de la Collection GEM de Poirier.<br \/>\nLes articles de la ligne Rubia de la collection GEM sont r\u00e9alis\u00e9s en fine dentelle ivoire.<br \/>\nLe coussin \u00e0 anneaux est recouvert d&#8217;un motif de fine dentelle ivoire, d&#8217;une fleur de dentelle ivoire avec p\u00e9tales et d&#8217;une perle ivoire. De plus, ce coussin est muni de rubans de couleur ivoire pour attacher les alliances.<br \/>\nLa jarreti\u00e8re assortie est d\u00e9cor\u00e9e d&#8217;une fine dentelle ivoire, mais aussi d&#8217;une fleur et de p\u00e9tales de dentelle ivoire avec une perle ivoire. Cette jarreti\u00e8re est orn\u00e9e de rubans ivoire et bleus.<br \/>\nQuelque chose d&#8217;ancien. Quelque chose de nouveau. Quelque chose d&#8217;emprunt\u00e9. Quelque chose de bleu.     <\/p>\n","protected":false},"featured_media":108625,"template":"","meta":{"_acf_changed":false,"ghostkit_customizer_options":"","ghostkit_custom_css":"","ghostkit_custom_js_head":"","ghostkit_custom_js_foot":"","ghostkit_typography":""},"productdetails":[],"productneck":[],"productcolor":[],"maat":[],"productsupplier":[416],"productsleeve":[],"productcategory":[509],"productsilhouette":[],"productstyle":[],"class_list":["post-108618","product","type-product","status-publish","has-post-thumbnail","hentry","productsupplier-poirier","productcategory-accessoires-bruid"],"acf":[],"yoast_head":"<!-- This site is optimized with the Yoast SEO plugin v27.3 - https:\/\/yoast.com\/product\/yoast-seo-wordpress\/ -->\n<title>Poirier KB-76050 Coussin pour anneaux et jarreti\u00e8re | Koonings<\/title>\n<meta name=\"description\" content=\"Ensemble compos\u00e9 d&#039;un coussin \u00e0 anneaux et d&#039;une jarreti\u00e8re orn\u00e9s de dentelle fine ivoire, d&#039;une fleur de dentelle ivoire avec p\u00e9tales et d&#039;une perle ivoire | Collection GEM | Ligne Rubia Ensemble compos\u00e9 d&#039;un coussin \u00e0 anneaux et d&#039;une jarreti\u00e8re de la Collection GEM de Poirier. Les articles de la ligne Rubia de la collection GEM sont r\u00e9alis\u00e9s en fine dentelle ivoire. Le coussin \u00e0 anneaux est recouvert d&#039;un motif de fine dentelle ivoire, d&#039;une fleur de dentelle ivoire avec p\u00e9tales et d&#039;une perle ivoire. De plus, ce coussin \u00e0 anneaux est muni de rubans de couleur ivoire pour attacher les alliances. La jarreti\u00e8re assortie est d\u00e9cor\u00e9e d&#039;une fine dentelle ivoire, mais aussi d&#039;une fleur et de p\u00e9tales en dentelle ivoire avec une perle ivoire. Cette jarreti\u00e8re est orn\u00e9e de rubans ivoire et bleus. Quelque chose d&#039;ancien. Quelque chose de nouveau. Quelque chose d&#039;emprunt\u00e9. Quelque chose de bleu.\" \/>\n<meta name=\"robots\" content=\"index, follow, max-snippet:-1, max-image-preview:large, max-video-preview:-1\" \/>\n<link rel=\"canonical\" href=\"https:\/\/www.koonings.com\/fr\/product\/poirier-kb-76050-coussin-pour-anneaux-et-jarretiere\/\" \/>\n<meta property=\"og:locale\" content=\"fr_FR\" \/>\n<meta property=\"og:type\" content=\"article\" \/>\n<meta property=\"og:title\" content=\"Poirier KB-76050 Coussin pour anneaux et jarreti\u00e8re | Koonings\" \/>\n<meta property=\"og:description\" content=\"Ensemble compos\u00e9 d&#039;un coussin \u00e0 anneaux et d&#039;une jarreti\u00e8re orn\u00e9s de dentelle fine ivoire, d&#039;une fleur de dentelle ivoire avec p\u00e9tales et d&#039;une perle ivoire | Collection GEM | Ligne Rubia Ensemble compos\u00e9 d&#039;un coussin \u00e0 anneaux et d&#039;une jarreti\u00e8re de la Collection GEM de Poirier. Les articles de la ligne Rubia de la collection GEM sont r\u00e9alis\u00e9s en fine dentelle ivoire. Le coussin \u00e0 anneaux est recouvert d&#039;un motif de fine dentelle ivoire, d&#039;une fleur de dentelle ivoire avec p\u00e9tales et d&#039;une perle ivoire. De plus, ce coussin \u00e0 anneaux est muni de rubans de couleur ivoire pour attacher les alliances. La jarreti\u00e8re assortie est d\u00e9cor\u00e9e d&#039;une fine dentelle ivoire, mais aussi d&#039;une fleur et de p\u00e9tales en dentelle ivoire avec une perle ivoire. Cette jarreti\u00e8re est orn\u00e9e de rubans ivoire et bleus. Quelque chose d&#039;ancien. Quelque chose de nouveau. Quelque chose d&#039;emprunt\u00e9. Quelque chose de bleu.\" \/>\n<meta property=\"og:url\" content=\"https:\/\/www.koonings.com\/fr\/product\/poirier-kb-76050-coussin-pour-anneaux-et-jarretiere\/\" \/>\n<meta property=\"og:site_name\" content=\"Koonings\" \/>\n<meta property=\"article:publisher\" content=\"https:\/\/www.facebook.com\/kooningstheweddingpalace\" \/>\n<meta property=\"og:image\" content=\"https:\/\/www.koonings.com\/wp-content\/uploads\/2025\/12\/50822_fe2dfebf08dc96518c57ddcf99e62c8a1638a54d160fffcc331ca7f2df40e4875dd68678.jpeg\" \/>\n\t<meta property=\"og:image:width\" content=\"1734\" \/>\n\t<meta property=\"og:image:height\" content=\"2306\" \/>\n\t<meta property=\"og:image:type\" content=\"image\/jpeg\" \/>\n<meta name=\"twitter:card\" content=\"summary_large_image\" \/>\n<meta name=\"twitter:label1\" content=\"Dur\u00e9e de lecture estim\u00e9e\" \/>\n\t<meta name=\"twitter:data1\" content=\"1 minute\" \/>\n<script type=\"application\/ld+json\" class=\"yoast-schema-graph\">{\"@context\":\"https:\\\/\\\/schema.org\",\"@graph\":[{\"@type\":\"WebPage\",\"@id\":\"https:\\\/\\\/www.koonings.com\\\/fr\\\/product\\\/poirier-kb-76050-coussin-pour-anneaux-et-jarretiere\\\/\",\"url\":\"https:\\\/\\\/www.koonings.com\\\/fr\\\/product\\\/poirier-kb-76050-coussin-pour-anneaux-et-jarretiere\\\/\",\"name\":\"Poirier KB-76050 Coussin pour anneaux et jarreti\u00e8re | Koonings\",\"isPartOf\":{\"@id\":\"https:\\\/\\\/www.koonings.com\\\/fr\\\/#website\"},\"primaryImageOfPage\":{\"@id\":\"https:\\\/\\\/www.koonings.com\\\/fr\\\/product\\\/poirier-kb-76050-coussin-pour-anneaux-et-jarretiere\\\/#primaryimage\"},\"image\":{\"@id\":\"https:\\\/\\\/www.koonings.com\\\/fr\\\/product\\\/poirier-kb-76050-coussin-pour-anneaux-et-jarretiere\\\/#primaryimage\"},\"thumbnailUrl\":\"https:\\\/\\\/www.koonings.com\\\/wp-content\\\/uploads\\\/2025\\\/12\\\/50822_fe2dfebf08dc96518c57ddcf99e62c8a1638a54d160fffcc331ca7f2df40e4875dd68678.jpeg\",\"datePublished\":\"2026-04-14T14:36:04+00:00\",\"description\":\"Ensemble compos\u00e9 d'un coussin \u00e0 anneaux et d'une jarreti\u00e8re orn\u00e9s de dentelle fine ivoire, d'une fleur de dentelle ivoire avec p\u00e9tales et d'une perle ivoire | Collection GEM | Ligne Rubia Ensemble compos\u00e9 d'un coussin \u00e0 anneaux et d'une jarreti\u00e8re de la Collection GEM de Poirier. Les articles de la ligne Rubia de la collection GEM sont r\u00e9alis\u00e9s en fine dentelle ivoire. Le coussin \u00e0 anneaux est recouvert d'un motif de fine dentelle ivoire, d'une fleur de dentelle ivoire avec p\u00e9tales et d'une perle ivoire. De plus, ce coussin \u00e0 anneaux est muni de rubans de couleur ivoire pour attacher les alliances. La jarreti\u00e8re assortie est d\u00e9cor\u00e9e d'une fine dentelle ivoire, mais aussi d'une fleur et de p\u00e9tales en dentelle ivoire avec une perle ivoire. Cette jarreti\u00e8re est orn\u00e9e de rubans ivoire et bleus. Quelque chose d'ancien. Quelque chose de nouveau. Quelque chose d'emprunt\u00e9. Quelque chose de bleu.\",\"breadcrumb\":{\"@id\":\"https:\\\/\\\/www.koonings.com\\\/fr\\\/product\\\/poirier-kb-76050-coussin-pour-anneaux-et-jarretiere\\\/#breadcrumb\"},\"inLanguage\":\"fr-FR\",\"potentialAction\":[{\"@type\":\"ReadAction\",\"target\":[\"https:\\\/\\\/www.koonings.com\\\/fr\\\/product\\\/poirier-kb-76050-coussin-pour-anneaux-et-jarretiere\\\/\"]}]},{\"@type\":\"ImageObject\",\"inLanguage\":\"fr-FR\",\"@id\":\"https:\\\/\\\/www.koonings.com\\\/fr\\\/product\\\/poirier-kb-76050-coussin-pour-anneaux-et-jarretiere\\\/#primaryimage\",\"url\":\"https:\\\/\\\/www.koonings.com\\\/wp-content\\\/uploads\\\/2025\\\/12\\\/50822_fe2dfebf08dc96518c57ddcf99e62c8a1638a54d160fffcc331ca7f2df40e4875dd68678.jpeg\",\"contentUrl\":\"https:\\\/\\\/www.koonings.com\\\/wp-content\\\/uploads\\\/2025\\\/12\\\/50822_fe2dfebf08dc96518c57ddcf99e62c8a1638a54d160fffcc331ca7f2df40e4875dd68678.jpeg\",\"width\":1734,\"height\":2306},{\"@type\":\"BreadcrumbList\",\"@id\":\"https:\\\/\\\/www.koonings.com\\\/fr\\\/product\\\/poirier-kb-76050-coussin-pour-anneaux-et-jarretiere\\\/#breadcrumb\",\"itemListElement\":[{\"@type\":\"ListItem\",\"position\":1,\"name\":\"Home\",\"item\":\"https:\\\/\\\/www.koonings.com\\\/fr\\\/\"},{\"@type\":\"ListItem\",\"position\":2,\"name\":\"Poirier KB-76050 Coussin pour anneaux et jarreti\u00e8re\"}]},{\"@type\":\"WebSite\",\"@id\":\"https:\\\/\\\/www.koonings.com\\\/fr\\\/#website\",\"url\":\"https:\\\/\\\/www.koonings.com\\\/fr\\\/\",\"name\":\"Koonings\",\"description\":\"De grootste bruidsmodewinkel ter wereld\",\"publisher\":{\"@id\":\"https:\\\/\\\/www.koonings.com\\\/fr\\\/#organization\"},\"potentialAction\":[{\"@type\":\"SearchAction\",\"target\":{\"@type\":\"EntryPoint\",\"urlTemplate\":\"https:\\\/\\\/www.koonings.com\\\/fr\\\/?s={search_term_string}\"},\"query-input\":{\"@type\":\"PropertyValueSpecification\",\"valueRequired\":true,\"valueName\":\"search_term_string\"}}],\"inLanguage\":\"fr-FR\"},{\"@type\":\"Organization\",\"@id\":\"https:\\\/\\\/www.koonings.com\\\/fr\\\/#organization\",\"name\":\"Koonings\",\"url\":\"https:\\\/\\\/www.koonings.com\\\/fr\\\/\",\"logo\":{\"@type\":\"ImageObject\",\"inLanguage\":\"fr-FR\",\"@id\":\"https:\\\/\\\/www.koonings.com\\\/fr\\\/#\\\/schema\\\/logo\\\/image\\\/\",\"url\":\"https:\\\/\\\/www.koonings.com\\\/wp-content\\\/uploads\\\/2024\\\/07\\\/logo.png\",\"contentUrl\":\"https:\\\/\\\/www.koonings.com\\\/wp-content\\\/uploads\\\/2024\\\/07\\\/logo.png\",\"width\":600,\"height\":428,\"caption\":\"Koonings\"},\"image\":{\"@id\":\"https:\\\/\\\/www.koonings.com\\\/fr\\\/#\\\/schema\\\/logo\\\/image\\\/\"},\"sameAs\":[\"https:\\\/\\\/www.facebook.com\\\/kooningstheweddingpalace\",\"https:\\\/\\\/www.instagram.com\\\/kooningstheweddingpalace\",\"https:\\\/\\\/www.pinterest.com\\\/koonings\",\"https:\\\/\\\/www.youtube.com\\\/kooningstheweddingpalace\"]}]}<\/script>\n<!-- \/ Yoast SEO plugin. -->","yoast_head_json":{"title":"Poirier KB-76050 Coussin pour anneaux et jarreti\u00e8re | Koonings","description":"Ensemble compos\u00e9 d'un coussin \u00e0 anneaux et d'une jarreti\u00e8re orn\u00e9s de dentelle fine ivoire, d'une fleur de dentelle ivoire avec p\u00e9tales et d'une perle ivoire | Collection GEM | Ligne Rubia Ensemble compos\u00e9 d'un coussin \u00e0 anneaux et d'une jarreti\u00e8re de la Collection GEM de Poirier. Les articles de la ligne Rubia de la collection GEM sont r\u00e9alis\u00e9s en fine dentelle ivoire. Le coussin \u00e0 anneaux est recouvert d'un motif de fine dentelle ivoire, d'une fleur de dentelle ivoire avec p\u00e9tales et d'une perle ivoire. De plus, ce coussin \u00e0 anneaux est muni de rubans de couleur ivoire pour attacher les alliances. La jarreti\u00e8re assortie est d\u00e9cor\u00e9e d'une fine dentelle ivoire, mais aussi d'une fleur et de p\u00e9tales en dentelle ivoire avec une perle ivoire. Cette jarreti\u00e8re est orn\u00e9e de rubans ivoire et bleus. Quelque chose d'ancien. Quelque chose de nouveau. Quelque chose d'emprunt\u00e9. Quelque chose de bleu.","robots":{"index":"index","follow":"follow","max-snippet":"max-snippet:-1","max-image-preview":"max-image-preview:large","max-video-preview":"max-video-preview:-1"},"canonical":"https:\/\/www.koonings.com\/fr\/product\/poirier-kb-76050-coussin-pour-anneaux-et-jarretiere\/","og_locale":"fr_FR","og_type":"article","og_title":"Poirier KB-76050 Coussin pour anneaux et jarreti\u00e8re | Koonings","og_description":"Ensemble compos\u00e9 d'un coussin \u00e0 anneaux et d'une jarreti\u00e8re orn\u00e9s de dentelle fine ivoire, d'une fleur de dentelle ivoire avec p\u00e9tales et d'une perle ivoire | Collection GEM | Ligne Rubia Ensemble compos\u00e9 d'un coussin \u00e0 anneaux et d'une jarreti\u00e8re de la Collection GEM de Poirier. Les articles de la ligne Rubia de la collection GEM sont r\u00e9alis\u00e9s en fine dentelle ivoire. Le coussin \u00e0 anneaux est recouvert d'un motif de fine dentelle ivoire, d'une fleur de dentelle ivoire avec p\u00e9tales et d'une perle ivoire. De plus, ce coussin \u00e0 anneaux est muni de rubans de couleur ivoire pour attacher les alliances. La jarreti\u00e8re assortie est d\u00e9cor\u00e9e d'une fine dentelle ivoire, mais aussi d'une fleur et de p\u00e9tales en dentelle ivoire avec une perle ivoire. Cette jarreti\u00e8re est orn\u00e9e de rubans ivoire et bleus. Quelque chose d'ancien. Quelque chose de nouveau. Quelque chose d'emprunt\u00e9. Quelque chose de bleu.","og_url":"https:\/\/www.koonings.com\/fr\/product\/poirier-kb-76050-coussin-pour-anneaux-et-jarretiere\/","og_site_name":"Koonings","article_publisher":"https:\/\/www.facebook.com\/kooningstheweddingpalace","og_image":[{"width":1734,"height":2306,"url":"https:\/\/www.koonings.com\/wp-content\/uploads\/2025\/12\/50822_fe2dfebf08dc96518c57ddcf99e62c8a1638a54d160fffcc331ca7f2df40e4875dd68678.jpeg","type":"image\/jpeg"}],"twitter_card":"summary_large_image","twitter_misc":{"Dur\u00e9e de lecture estim\u00e9e":"1 minute"},"schema":{"@context":"https:\/\/schema.org","@graph":[{"@type":"WebPage","@id":"https:\/\/www.koonings.com\/fr\/product\/poirier-kb-76050-coussin-pour-anneaux-et-jarretiere\/","url":"https:\/\/www.koonings.com\/fr\/product\/poirier-kb-76050-coussin-pour-anneaux-et-jarretiere\/","name":"Poirier KB-76050 Coussin pour anneaux et jarreti\u00e8re | Koonings","isPartOf":{"@id":"https:\/\/www.koonings.com\/fr\/#website"},"primaryImageOfPage":{"@id":"https:\/\/www.koonings.com\/fr\/product\/poirier-kb-76050-coussin-pour-anneaux-et-jarretiere\/#primaryimage"},"image":{"@id":"https:\/\/www.koonings.com\/fr\/product\/poirier-kb-76050-coussin-pour-anneaux-et-jarretiere\/#primaryimage"},"thumbnailUrl":"https:\/\/www.koonings.com\/wp-content\/uploads\/2025\/12\/50822_fe2dfebf08dc96518c57ddcf99e62c8a1638a54d160fffcc331ca7f2df40e4875dd68678.jpeg","datePublished":"2026-04-14T14:36:04+00:00","description":"Ensemble compos\u00e9 d'un coussin \u00e0 anneaux et d'une jarreti\u00e8re orn\u00e9s de dentelle fine ivoire, d'une fleur de dentelle ivoire avec p\u00e9tales et d'une perle ivoire | Collection GEM | Ligne Rubia Ensemble compos\u00e9 d'un coussin \u00e0 anneaux et d'une jarreti\u00e8re de la Collection GEM de Poirier. Les articles de la ligne Rubia de la collection GEM sont r\u00e9alis\u00e9s en fine dentelle ivoire. Le coussin \u00e0 anneaux est recouvert d'un motif de fine dentelle ivoire, d'une fleur de dentelle ivoire avec p\u00e9tales et d'une perle ivoire. De plus, ce coussin \u00e0 anneaux est muni de rubans de couleur ivoire pour attacher les alliances. La jarreti\u00e8re assortie est d\u00e9cor\u00e9e d'une fine dentelle ivoire, mais aussi d'une fleur et de p\u00e9tales en dentelle ivoire avec une perle ivoire. Cette jarreti\u00e8re est orn\u00e9e de rubans ivoire et bleus. Quelque chose d'ancien. Quelque chose de nouveau. Quelque chose d'emprunt\u00e9. Quelque chose de bleu.","breadcrumb":{"@id":"https:\/\/www.koonings.com\/fr\/product\/poirier-kb-76050-coussin-pour-anneaux-et-jarretiere\/#breadcrumb"},"inLanguage":"fr-FR","potentialAction":[{"@type":"ReadAction","target":["https:\/\/www.koonings.com\/fr\/product\/poirier-kb-76050-coussin-pour-anneaux-et-jarretiere\/"]}]},{"@type":"ImageObject","inLanguage":"fr-FR","@id":"https:\/\/www.koonings.com\/fr\/product\/poirier-kb-76050-coussin-pour-anneaux-et-jarretiere\/#primaryimage","url":"https:\/\/www.koonings.com\/wp-content\/uploads\/2025\/12\/50822_fe2dfebf08dc96518c57ddcf99e62c8a1638a54d160fffcc331ca7f2df40e4875dd68678.jpeg","contentUrl":"https:\/\/www.koonings.com\/wp-content\/uploads\/2025\/12\/50822_fe2dfebf08dc96518c57ddcf99e62c8a1638a54d160fffcc331ca7f2df40e4875dd68678.jpeg","width":1734,"height":2306},{"@type":"BreadcrumbList","@id":"https:\/\/www.koonings.com\/fr\/product\/poirier-kb-76050-coussin-pour-anneaux-et-jarretiere\/#breadcrumb","itemListElement":[{"@type":"ListItem","position":1,"name":"Home","item":"https:\/\/www.koonings.com\/fr\/"},{"@type":"ListItem","position":2,"name":"Poirier KB-76050 Coussin pour anneaux et jarreti\u00e8re"}]},{"@type":"WebSite","@id":"https:\/\/www.koonings.com\/fr\/#website","url":"https:\/\/www.koonings.com\/fr\/","name":"Koonings","description":"De grootste bruidsmodewinkel ter wereld","publisher":{"@id":"https:\/\/www.koonings.com\/fr\/#organization"},"potentialAction":[{"@type":"SearchAction","target":{"@type":"EntryPoint","urlTemplate":"https:\/\/www.koonings.com\/fr\/?s={search_term_string}"},"query-input":{"@type":"PropertyValueSpecification","valueRequired":true,"valueName":"search_term_string"}}],"inLanguage":"fr-FR"},{"@type":"Organization","@id":"https:\/\/www.koonings.com\/fr\/#organization","name":"Koonings","url":"https:\/\/www.koonings.com\/fr\/","logo":{"@type":"ImageObject","inLanguage":"fr-FR","@id":"https:\/\/www.koonings.com\/fr\/#\/schema\/logo\/image\/","url":"https:\/\/www.koonings.com\/wp-content\/uploads\/2024\/07\/logo.png","contentUrl":"https:\/\/www.koonings.com\/wp-content\/uploads\/2024\/07\/logo.png","width":600,"height":428,"caption":"Koonings"},"image":{"@id":"https:\/\/www.koonings.com\/fr\/#\/schema\/logo\/image\/"},"sameAs":["https:\/\/www.facebook.com\/kooningstheweddingpalace","https:\/\/www.instagram.com\/kooningstheweddingpalace","https:\/\/www.pinterest.com\/koonings","https:\/\/www.youtube.com\/kooningstheweddingpalace"]}]}},"_links":{"self":[{"href":"https:\/\/www.koonings.com\/fr\/wp-json\/wp\/v2\/product\/108618","targetHints":{"allow":["GET"]}}],"collection":[{"href":"https:\/\/www.koonings.com\/fr\/wp-json\/wp\/v2\/product"}],"about":[{"href":"https:\/\/www.koonings.com\/fr\/wp-json\/wp\/v2\/types\/product"}],"wp:featuredmedia":[{"embeddable":true,"href":"https:\/\/www.koonings.com\/fr\/wp-json\/wp\/v2\/media\/108625"}],"wp:attachment":[{"href":"https:\/\/www.koonings.com\/fr\/wp-json\/wp\/v2\/media?parent=108618"}],"wp:term":[{"taxonomy":"productdetails","embeddable":true,"href":"https:\/\/www.koonings.com\/fr\/wp-json\/wp\/v2\/productdetails?post=108618"},{"taxonomy":"productneck","embeddable":true,"href":"https:\/\/www.koonings.com\/fr\/wp-json\/wp\/v2\/productneck?post=108618"},{"taxonomy":"productcolor","embeddable":true,"href":"https:\/\/www.koonings.com\/fr\/wp-json\/wp\/v2\/productcolor?post=108618"},{"taxonomy":"maat","embeddable":true,"href":"https:\/\/www.koonings.com\/fr\/wp-json\/wp\/v2\/maat?post=108618"},{"taxonomy":"productsupplier","embeddable":true,"href":"https:\/\/www.koonings.com\/fr\/wp-json\/wp\/v2\/productsupplier?post=108618"},{"taxonomy":"productsleeve","embeddable":true,"href":"https:\/\/www.koonings.com\/fr\/wp-json\/wp\/v2\/productsleeve?post=108618"},{"taxonomy":"productcategory","embeddable":true,"href":"https:\/\/www.koonings.com\/fr\/wp-json\/wp\/v2\/productcategory?post=108618"},{"taxonomy":"productsilhouette","embeddable":true,"href":"https:\/\/www.koonings.com\/fr\/wp-json\/wp\/v2\/productsilhouette?post=108618"},{"taxonomy":"productstyle","embeddable":true,"href":"https:\/\/www.koonings.com\/fr\/wp-json\/wp\/v2\/productstyle?post=108618"}],"curies":[{"name":"wp","href":"https:\/\/api.w.org\/{rel}","templated":true}]}}