{"id":108614,"date":"2026-04-14T16:36:36","date_gmt":"2026-04-14T14:36:36","guid":{"rendered":"https:\/\/www.koonings.com\/product\/le-papillon-par-modeca-harva\/"},"modified":"2026-04-14T15:36:34","modified_gmt":"2026-04-14T13:36:34","slug":"le-papillon-par-modeca-harva","status":"publish","type":"product","link":"https:\/\/www.koonings.com\/fr\/product\/le-papillon-par-modeca-harva\/","title":{"rendered":"Le Papillon par Modeca Harva"},"content":{"rendered":"<p>Harva est une magnifique robe de mari\u00e9e ajust\u00e9e et \u00e9vas\u00e9e en cr\u00eape luxueux. Le bustier est agr\u00e9ment\u00e9 de satin pliss\u00e9 sur le dessus, ce qui lui conf\u00e8re une allure \u00e9l\u00e9gante et sophistiqu\u00e9e. Les n\u0153uds papillon aux \u00e9paules ajoutent une touche de f\u00e9minit\u00e9, tandis que la dentelle sur la tra\u00eene rehausse l&#8217;\u00e9l\u00e9gance de l&#8217;ensemble.  <\/p>\n<p>Ce mod\u00e8le est disponible en plusieurs variantes :<\/p>\n<p>Harva-D : Sans les n\u0153uds papillons, pour un look plus minimaliste et classique.<\/p>\n<p>Harva-A : Avec des n\u0153uds papillons et une tra\u00eene lisse, pour un look chic et \u00e9l\u00e9gant.<\/p>\n<p>Harva-DA : sans n\u0153ud papillon et avec une tra\u00eene lisse, pour un design \u00e9pur\u00e9 et moderne.<\/p>\n<p>Ce mod\u00e8le polyvalent fait partie de la collection Le Papillon by Modeca et est disponible chez Koonings.<\/p>\n","protected":false},"featured_media":96803,"template":"","meta":{"_acf_changed":false,"ghostkit_customizer_options":"","ghostkit_custom_css":"","ghostkit_custom_js_head":"","ghostkit_custom_js_foot":"","ghostkit_typography":""},"productdetails":[],"productneck":[354],"productcolor":[392],"maat":[],"productsupplier":[411],"productsleeve":[363],"productcategory":[18],"productsilhouette":[389],"productstyle":[369,365],"class_list":["post-108614","product","type-product","status-publish","has-post-thumbnail","hentry","productneck-354","productcolor-392","productsupplier-le-papillon-by-modeca","productsleeve-363","productcategory-trouwjurken","productsilhouette-389","productstyle-369","productstyle-365"],"acf":[],"yoast_head":"<!-- This site is optimized with the Yoast SEO plugin v27.3 - https:\/\/yoast.com\/product\/yoast-seo-wordpress\/ -->\n<title>Le Papillon par Modeca Harva | Koonings<\/title>\n<meta name=\"description\" content=\"Harva est une magnifique robe de mari\u00e9e ajust\u00e9e et \u00e9vas\u00e9e en cr\u00eape luxueux. Le bustier est agr\u00e9ment\u00e9 de satin pliss\u00e9 sur le dessus, ce qui lui conf\u00e8re une allure \u00e9l\u00e9gante et sophistiqu\u00e9e. Les n\u0153uds papillon aux \u00e9paules ajoutent une touche de f\u00e9minit\u00e9, tandis que la dentelle sur la tra\u00eene rehausse l&#039;\u00e9l\u00e9gance de l&#039;ensemble. Ce mod\u00e8le est disponible en plusieurs variantes : Harva-D : Sans les n\u0153uds papillons, pour un look plus minimaliste et classique. Harva-A : Avec des n\u0153uds papillons et une tra\u00eene lisse, pour un look chic et \u00e9l\u00e9gant. Harva-DA : sans n\u0153ud papillon et avec une tra\u00eene lisse, pour un design \u00e9pur\u00e9 et moderne. Ce mod\u00e8le polyvalent fait partie de la collection Le Papillon by Modeca et est disponible chez Koonings.\" \/>\n<meta name=\"robots\" content=\"index, follow, max-snippet:-1, max-image-preview:large, max-video-preview:-1\" \/>\n<link rel=\"canonical\" href=\"https:\/\/www.koonings.com\/fr\/product\/le-papillon-par-modeca-harva\/\" \/>\n<meta property=\"og:locale\" content=\"fr_FR\" \/>\n<meta property=\"og:type\" content=\"article\" \/>\n<meta property=\"og:title\" content=\"Le Papillon par Modeca Harva | Koonings\" \/>\n<meta property=\"og:description\" content=\"Harva est une magnifique robe de mari\u00e9e ajust\u00e9e et \u00e9vas\u00e9e en cr\u00eape luxueux. Le bustier est agr\u00e9ment\u00e9 de satin pliss\u00e9 sur le dessus, ce qui lui conf\u00e8re une allure \u00e9l\u00e9gante et sophistiqu\u00e9e. Les n\u0153uds papillon aux \u00e9paules ajoutent une touche de f\u00e9minit\u00e9, tandis que la dentelle sur la tra\u00eene rehausse l&#039;\u00e9l\u00e9gance de l&#039;ensemble. Ce mod\u00e8le est disponible en plusieurs variantes : Harva-D : Sans les n\u0153uds papillons, pour un look plus minimaliste et classique. Harva-A : Avec des n\u0153uds papillons et une tra\u00eene lisse, pour un look chic et \u00e9l\u00e9gant. Harva-DA : sans n\u0153ud papillon et avec une tra\u00eene lisse, pour un design \u00e9pur\u00e9 et moderne. Ce mod\u00e8le polyvalent fait partie de la collection Le Papillon by Modeca et est disponible chez Koonings.\" \/>\n<meta property=\"og:url\" content=\"https:\/\/www.koonings.com\/fr\/product\/le-papillon-par-modeca-harva\/\" \/>\n<meta property=\"og:site_name\" content=\"Koonings\" \/>\n<meta property=\"article:publisher\" content=\"https:\/\/www.facebook.com\/kooningstheweddingpalace\" \/>\n<meta property=\"og:image\" content=\"https:\/\/www.koonings.com\/wp-content\/uploads\/2025\/09\/51083_3cc7e85b8beb7abd0395e4590f5a454c7b632c757d3b67e2f743a08f594c4f067c45ef52.jpeg\" \/>\n\t<meta property=\"og:image:width\" content=\"1534\" \/>\n\t<meta property=\"og:image:height\" content=\"2169\" \/>\n\t<meta property=\"og:image:type\" content=\"image\/jpeg\" \/>\n<meta name=\"twitter:card\" content=\"summary_large_image\" \/>\n<meta name=\"twitter:label1\" content=\"Dur\u00e9e de lecture estim\u00e9e\" \/>\n\t<meta name=\"twitter:data1\" content=\"1 minute\" \/>\n<script type=\"application\/ld+json\" class=\"yoast-schema-graph\">{\"@context\":\"https:\\\/\\\/schema.org\",\"@graph\":[{\"@type\":\"WebPage\",\"@id\":\"https:\\\/\\\/www.koonings.com\\\/fr\\\/product\\\/le-papillon-par-modeca-harva\\\/\",\"url\":\"https:\\\/\\\/www.koonings.com\\\/fr\\\/product\\\/le-papillon-par-modeca-harva\\\/\",\"name\":\"Le Papillon par Modeca Harva | Koonings\",\"isPartOf\":{\"@id\":\"https:\\\/\\\/www.koonings.com\\\/fr\\\/#website\"},\"primaryImageOfPage\":{\"@id\":\"https:\\\/\\\/www.koonings.com\\\/fr\\\/product\\\/le-papillon-par-modeca-harva\\\/#primaryimage\"},\"image\":{\"@id\":\"https:\\\/\\\/www.koonings.com\\\/fr\\\/product\\\/le-papillon-par-modeca-harva\\\/#primaryimage\"},\"thumbnailUrl\":\"https:\\\/\\\/www.koonings.com\\\/wp-content\\\/uploads\\\/2025\\\/09\\\/51083_3cc7e85b8beb7abd0395e4590f5a454c7b632c757d3b67e2f743a08f594c4f067c45ef52.jpeg\",\"datePublished\":\"2026-04-14T14:36:36+00:00\",\"description\":\"Harva est une magnifique robe de mari\u00e9e ajust\u00e9e et \u00e9vas\u00e9e en cr\u00eape luxueux. Le bustier est agr\u00e9ment\u00e9 de satin pliss\u00e9 sur le dessus, ce qui lui conf\u00e8re une allure \u00e9l\u00e9gante et sophistiqu\u00e9e. Les n\u0153uds papillon aux \u00e9paules ajoutent une touche de f\u00e9minit\u00e9, tandis que la dentelle sur la tra\u00eene rehausse l'\u00e9l\u00e9gance de l'ensemble. Ce mod\u00e8le est disponible en plusieurs variantes : Harva-D : Sans les n\u0153uds papillons, pour un look plus minimaliste et classique. Harva-A : Avec des n\u0153uds papillons et une tra\u00eene lisse, pour un look chic et \u00e9l\u00e9gant. Harva-DA : sans n\u0153ud papillon et avec une tra\u00eene lisse, pour un design \u00e9pur\u00e9 et moderne. Ce mod\u00e8le polyvalent fait partie de la collection Le Papillon by Modeca et est disponible chez Koonings.\",\"breadcrumb\":{\"@id\":\"https:\\\/\\\/www.koonings.com\\\/fr\\\/product\\\/le-papillon-par-modeca-harva\\\/#breadcrumb\"},\"inLanguage\":\"fr-FR\",\"potentialAction\":[{\"@type\":\"ReadAction\",\"target\":[\"https:\\\/\\\/www.koonings.com\\\/fr\\\/product\\\/le-papillon-par-modeca-harva\\\/\"]}]},{\"@type\":\"ImageObject\",\"inLanguage\":\"fr-FR\",\"@id\":\"https:\\\/\\\/www.koonings.com\\\/fr\\\/product\\\/le-papillon-par-modeca-harva\\\/#primaryimage\",\"url\":\"https:\\\/\\\/www.koonings.com\\\/wp-content\\\/uploads\\\/2025\\\/09\\\/51083_3cc7e85b8beb7abd0395e4590f5a454c7b632c757d3b67e2f743a08f594c4f067c45ef52.jpeg\",\"contentUrl\":\"https:\\\/\\\/www.koonings.com\\\/wp-content\\\/uploads\\\/2025\\\/09\\\/51083_3cc7e85b8beb7abd0395e4590f5a454c7b632c757d3b67e2f743a08f594c4f067c45ef52.jpeg\",\"width\":1534,\"height\":2169},{\"@type\":\"BreadcrumbList\",\"@id\":\"https:\\\/\\\/www.koonings.com\\\/fr\\\/product\\\/le-papillon-par-modeca-harva\\\/#breadcrumb\",\"itemListElement\":[{\"@type\":\"ListItem\",\"position\":1,\"name\":\"Home\",\"item\":\"https:\\\/\\\/www.koonings.com\\\/fr\\\/\"},{\"@type\":\"ListItem\",\"position\":2,\"name\":\"Le Papillon par Modeca Harva\"}]},{\"@type\":\"WebSite\",\"@id\":\"https:\\\/\\\/www.koonings.com\\\/fr\\\/#website\",\"url\":\"https:\\\/\\\/www.koonings.com\\\/fr\\\/\",\"name\":\"Koonings\",\"description\":\"De grootste bruidsmodewinkel ter wereld\",\"publisher\":{\"@id\":\"https:\\\/\\\/www.koonings.com\\\/fr\\\/#organization\"},\"potentialAction\":[{\"@type\":\"SearchAction\",\"target\":{\"@type\":\"EntryPoint\",\"urlTemplate\":\"https:\\\/\\\/www.koonings.com\\\/fr\\\/?s={search_term_string}\"},\"query-input\":{\"@type\":\"PropertyValueSpecification\",\"valueRequired\":true,\"valueName\":\"search_term_string\"}}],\"inLanguage\":\"fr-FR\"},{\"@type\":\"Organization\",\"@id\":\"https:\\\/\\\/www.koonings.com\\\/fr\\\/#organization\",\"name\":\"Koonings\",\"url\":\"https:\\\/\\\/www.koonings.com\\\/fr\\\/\",\"logo\":{\"@type\":\"ImageObject\",\"inLanguage\":\"fr-FR\",\"@id\":\"https:\\\/\\\/www.koonings.com\\\/fr\\\/#\\\/schema\\\/logo\\\/image\\\/\",\"url\":\"https:\\\/\\\/www.koonings.com\\\/wp-content\\\/uploads\\\/2024\\\/07\\\/logo.png\",\"contentUrl\":\"https:\\\/\\\/www.koonings.com\\\/wp-content\\\/uploads\\\/2024\\\/07\\\/logo.png\",\"width\":600,\"height\":428,\"caption\":\"Koonings\"},\"image\":{\"@id\":\"https:\\\/\\\/www.koonings.com\\\/fr\\\/#\\\/schema\\\/logo\\\/image\\\/\"},\"sameAs\":[\"https:\\\/\\\/www.facebook.com\\\/kooningstheweddingpalace\",\"https:\\\/\\\/www.instagram.com\\\/kooningstheweddingpalace\",\"https:\\\/\\\/www.pinterest.com\\\/koonings\",\"https:\\\/\\\/www.youtube.com\\\/kooningstheweddingpalace\"]}]}<\/script>\n<!-- \/ Yoast SEO plugin. -->","yoast_head_json":{"title":"Le Papillon par Modeca Harva | Koonings","description":"Harva est une magnifique robe de mari\u00e9e ajust\u00e9e et \u00e9vas\u00e9e en cr\u00eape luxueux. Le bustier est agr\u00e9ment\u00e9 de satin pliss\u00e9 sur le dessus, ce qui lui conf\u00e8re une allure \u00e9l\u00e9gante et sophistiqu\u00e9e. Les n\u0153uds papillon aux \u00e9paules ajoutent une touche de f\u00e9minit\u00e9, tandis que la dentelle sur la tra\u00eene rehausse l'\u00e9l\u00e9gance de l'ensemble. Ce mod\u00e8le est disponible en plusieurs variantes : Harva-D : Sans les n\u0153uds papillons, pour un look plus minimaliste et classique. Harva-A : Avec des n\u0153uds papillons et une tra\u00eene lisse, pour un look chic et \u00e9l\u00e9gant. Harva-DA : sans n\u0153ud papillon et avec une tra\u00eene lisse, pour un design \u00e9pur\u00e9 et moderne. Ce mod\u00e8le polyvalent fait partie de la collection Le Papillon by Modeca et est disponible chez Koonings.","robots":{"index":"index","follow":"follow","max-snippet":"max-snippet:-1","max-image-preview":"max-image-preview:large","max-video-preview":"max-video-preview:-1"},"canonical":"https:\/\/www.koonings.com\/fr\/product\/le-papillon-par-modeca-harva\/","og_locale":"fr_FR","og_type":"article","og_title":"Le Papillon par Modeca Harva | Koonings","og_description":"Harva est une magnifique robe de mari\u00e9e ajust\u00e9e et \u00e9vas\u00e9e en cr\u00eape luxueux. Le bustier est agr\u00e9ment\u00e9 de satin pliss\u00e9 sur le dessus, ce qui lui conf\u00e8re une allure \u00e9l\u00e9gante et sophistiqu\u00e9e. Les n\u0153uds papillon aux \u00e9paules ajoutent une touche de f\u00e9minit\u00e9, tandis que la dentelle sur la tra\u00eene rehausse l'\u00e9l\u00e9gance de l'ensemble. Ce mod\u00e8le est disponible en plusieurs variantes : Harva-D : Sans les n\u0153uds papillons, pour un look plus minimaliste et classique. Harva-A : Avec des n\u0153uds papillons et une tra\u00eene lisse, pour un look chic et \u00e9l\u00e9gant. Harva-DA : sans n\u0153ud papillon et avec une tra\u00eene lisse, pour un design \u00e9pur\u00e9 et moderne. Ce mod\u00e8le polyvalent fait partie de la collection Le Papillon by Modeca et est disponible chez Koonings.","og_url":"https:\/\/www.koonings.com\/fr\/product\/le-papillon-par-modeca-harva\/","og_site_name":"Koonings","article_publisher":"https:\/\/www.facebook.com\/kooningstheweddingpalace","og_image":[{"width":1534,"height":2169,"url":"https:\/\/www.koonings.com\/wp-content\/uploads\/2025\/09\/51083_3cc7e85b8beb7abd0395e4590f5a454c7b632c757d3b67e2f743a08f594c4f067c45ef52.jpeg","type":"image\/jpeg"}],"twitter_card":"summary_large_image","twitter_misc":{"Dur\u00e9e de lecture estim\u00e9e":"1 minute"},"schema":{"@context":"https:\/\/schema.org","@graph":[{"@type":"WebPage","@id":"https:\/\/www.koonings.com\/fr\/product\/le-papillon-par-modeca-harva\/","url":"https:\/\/www.koonings.com\/fr\/product\/le-papillon-par-modeca-harva\/","name":"Le Papillon par Modeca Harva | Koonings","isPartOf":{"@id":"https:\/\/www.koonings.com\/fr\/#website"},"primaryImageOfPage":{"@id":"https:\/\/www.koonings.com\/fr\/product\/le-papillon-par-modeca-harva\/#primaryimage"},"image":{"@id":"https:\/\/www.koonings.com\/fr\/product\/le-papillon-par-modeca-harva\/#primaryimage"},"thumbnailUrl":"https:\/\/www.koonings.com\/wp-content\/uploads\/2025\/09\/51083_3cc7e85b8beb7abd0395e4590f5a454c7b632c757d3b67e2f743a08f594c4f067c45ef52.jpeg","datePublished":"2026-04-14T14:36:36+00:00","description":"Harva est une magnifique robe de mari\u00e9e ajust\u00e9e et \u00e9vas\u00e9e en cr\u00eape luxueux. Le bustier est agr\u00e9ment\u00e9 de satin pliss\u00e9 sur le dessus, ce qui lui conf\u00e8re une allure \u00e9l\u00e9gante et sophistiqu\u00e9e. Les n\u0153uds papillon aux \u00e9paules ajoutent une touche de f\u00e9minit\u00e9, tandis que la dentelle sur la tra\u00eene rehausse l'\u00e9l\u00e9gance de l'ensemble. Ce mod\u00e8le est disponible en plusieurs variantes : Harva-D : Sans les n\u0153uds papillons, pour un look plus minimaliste et classique. Harva-A : Avec des n\u0153uds papillons et une tra\u00eene lisse, pour un look chic et \u00e9l\u00e9gant. Harva-DA : sans n\u0153ud papillon et avec une tra\u00eene lisse, pour un design \u00e9pur\u00e9 et moderne. Ce mod\u00e8le polyvalent fait partie de la collection Le Papillon by Modeca et est disponible chez Koonings.","breadcrumb":{"@id":"https:\/\/www.koonings.com\/fr\/product\/le-papillon-par-modeca-harva\/#breadcrumb"},"inLanguage":"fr-FR","potentialAction":[{"@type":"ReadAction","target":["https:\/\/www.koonings.com\/fr\/product\/le-papillon-par-modeca-harva\/"]}]},{"@type":"ImageObject","inLanguage":"fr-FR","@id":"https:\/\/www.koonings.com\/fr\/product\/le-papillon-par-modeca-harva\/#primaryimage","url":"https:\/\/www.koonings.com\/wp-content\/uploads\/2025\/09\/51083_3cc7e85b8beb7abd0395e4590f5a454c7b632c757d3b67e2f743a08f594c4f067c45ef52.jpeg","contentUrl":"https:\/\/www.koonings.com\/wp-content\/uploads\/2025\/09\/51083_3cc7e85b8beb7abd0395e4590f5a454c7b632c757d3b67e2f743a08f594c4f067c45ef52.jpeg","width":1534,"height":2169},{"@type":"BreadcrumbList","@id":"https:\/\/www.koonings.com\/fr\/product\/le-papillon-par-modeca-harva\/#breadcrumb","itemListElement":[{"@type":"ListItem","position":1,"name":"Home","item":"https:\/\/www.koonings.com\/fr\/"},{"@type":"ListItem","position":2,"name":"Le Papillon par Modeca Harva"}]},{"@type":"WebSite","@id":"https:\/\/www.koonings.com\/fr\/#website","url":"https:\/\/www.koonings.com\/fr\/","name":"Koonings","description":"De grootste bruidsmodewinkel ter wereld","publisher":{"@id":"https:\/\/www.koonings.com\/fr\/#organization"},"potentialAction":[{"@type":"SearchAction","target":{"@type":"EntryPoint","urlTemplate":"https:\/\/www.koonings.com\/fr\/?s={search_term_string}"},"query-input":{"@type":"PropertyValueSpecification","valueRequired":true,"valueName":"search_term_string"}}],"inLanguage":"fr-FR"},{"@type":"Organization","@id":"https:\/\/www.koonings.com\/fr\/#organization","name":"Koonings","url":"https:\/\/www.koonings.com\/fr\/","logo":{"@type":"ImageObject","inLanguage":"fr-FR","@id":"https:\/\/www.koonings.com\/fr\/#\/schema\/logo\/image\/","url":"https:\/\/www.koonings.com\/wp-content\/uploads\/2024\/07\/logo.png","contentUrl":"https:\/\/www.koonings.com\/wp-content\/uploads\/2024\/07\/logo.png","width":600,"height":428,"caption":"Koonings"},"image":{"@id":"https:\/\/www.koonings.com\/fr\/#\/schema\/logo\/image\/"},"sameAs":["https:\/\/www.facebook.com\/kooningstheweddingpalace","https:\/\/www.instagram.com\/kooningstheweddingpalace","https:\/\/www.pinterest.com\/koonings","https:\/\/www.youtube.com\/kooningstheweddingpalace"]}]}},"_links":{"self":[{"href":"https:\/\/www.koonings.com\/fr\/wp-json\/wp\/v2\/product\/108614","targetHints":{"allow":["GET"]}}],"collection":[{"href":"https:\/\/www.koonings.com\/fr\/wp-json\/wp\/v2\/product"}],"about":[{"href":"https:\/\/www.koonings.com\/fr\/wp-json\/wp\/v2\/types\/product"}],"wp:featuredmedia":[{"embeddable":true,"href":"https:\/\/www.koonings.com\/fr\/wp-json\/wp\/v2\/media\/96803"}],"wp:attachment":[{"href":"https:\/\/www.koonings.com\/fr\/wp-json\/wp\/v2\/media?parent=108614"}],"wp:term":[{"taxonomy":"productdetails","embeddable":true,"href":"https:\/\/www.koonings.com\/fr\/wp-json\/wp\/v2\/productdetails?post=108614"},{"taxonomy":"productneck","embeddable":true,"href":"https:\/\/www.koonings.com\/fr\/wp-json\/wp\/v2\/productneck?post=108614"},{"taxonomy":"productcolor","embeddable":true,"href":"https:\/\/www.koonings.com\/fr\/wp-json\/wp\/v2\/productcolor?post=108614"},{"taxonomy":"maat","embeddable":true,"href":"https:\/\/www.koonings.com\/fr\/wp-json\/wp\/v2\/maat?post=108614"},{"taxonomy":"productsupplier","embeddable":true,"href":"https:\/\/www.koonings.com\/fr\/wp-json\/wp\/v2\/productsupplier?post=108614"},{"taxonomy":"productsleeve","embeddable":true,"href":"https:\/\/www.koonings.com\/fr\/wp-json\/wp\/v2\/productsleeve?post=108614"},{"taxonomy":"productcategory","embeddable":true,"href":"https:\/\/www.koonings.com\/fr\/wp-json\/wp\/v2\/productcategory?post=108614"},{"taxonomy":"productsilhouette","embeddable":true,"href":"https:\/\/www.koonings.com\/fr\/wp-json\/wp\/v2\/productsilhouette?post=108614"},{"taxonomy":"productstyle","embeddable":true,"href":"https:\/\/www.koonings.com\/fr\/wp-json\/wp\/v2\/productstyle?post=108614"}],"curies":[{"name":"wp","href":"https:\/\/api.w.org\/{rel}","templated":true}]}}