{"id":108613,"date":"2026-04-14T16:36:40","date_gmt":"2026-04-14T14:36:40","guid":{"rendered":"https:\/\/www.koonings.com\/product\/le-papillon-par-modeca-hemilly\/"},"modified":"2026-04-14T15:36:36","modified_gmt":"2026-04-14T13:36:36","slug":"le-papillon-par-modeca-hemilly","status":"publish","type":"product","link":"https:\/\/www.koonings.com\/fr\/product\/le-papillon-par-modeca-hemilly\/","title":{"rendered":"Le Papillon par Modeca Hemilly"},"content":{"rendered":"<p>Hemilly est une robe de type A avec un corsage en dentelle illusion et des manches longues amovibles, combin\u00e9s \u00e0 une jupe fluide en mousseline de soie. Les d\u00e9tails en dentelle sur la tra\u00eene ajoutent une touche romantique. Ce mod\u00e8le est \u00e9galement disponible en plusieurs versions : sans les manches longues (Hemilly-D), avec des manches amovibles et une tra\u00eene lisse (Hemilly-A), et sans les manches et avec une jupe lisse (Hemilly-DA).  <\/p>\n<p>Ce mod\u00e8le polyvalent fait partie de la collection Le Papillon by Modeca et est disponible chez Koonings.<\/p>\n","protected":false},"featured_media":96933,"template":"","meta":{"_acf_changed":false,"ghostkit_customizer_options":"","ghostkit_custom_css":"","ghostkit_custom_js_head":"","ghostkit_custom_js_foot":"","ghostkit_typography":""},"productdetails":[382,376,381],"productneck":[350],"productcolor":[393,392],"maat":[],"productsupplier":[411],"productsleeve":[357],"productcategory":[18],"productsilhouette":[384],"productstyle":[369],"class_list":["post-108613","product","type-product","status-publish","has-post-thumbnail","hentry","productdetails-382","productdetails-376","productdetails-381","productneck-350","productcolor-393","productcolor-392","productsupplier-le-papillon-by-modeca","productsleeve-357","productcategory-trouwjurken","productsilhouette-384","productstyle-369"],"acf":[],"yoast_head":"<!-- This site is optimized with the Yoast SEO plugin v27.3 - https:\/\/yoast.com\/product\/yoast-seo-wordpress\/ -->\n<title>Le Papillon par Modeca Hemilly | Koonings<\/title>\n<meta name=\"description\" content=\"Hemilly est une robe de type A avec un corsage en dentelle illusion et des manches longues amovibles, combin\u00e9s \u00e0 une jupe fluide en mousseline de soie. Les d\u00e9tails en dentelle sur la tra\u00eene ajoutent une touche romantique. Ce mod\u00e8le est \u00e9galement disponible en plusieurs versions : sans les manches longues (Hemilly-D), avec des manches amovibles et une tra\u00eene lisse (Hemilly-A), et sans les manches et avec une jupe lisse (Hemilly-DA). Ce mod\u00e8le polyvalent fait partie de la collection Le Papillon by Modeca et est disponible chez Koonings.\" \/>\n<meta name=\"robots\" content=\"index, follow, max-snippet:-1, max-image-preview:large, max-video-preview:-1\" \/>\n<link rel=\"canonical\" href=\"https:\/\/www.koonings.com\/fr\/product\/le-papillon-par-modeca-hemilly\/\" \/>\n<meta property=\"og:locale\" content=\"fr_FR\" \/>\n<meta property=\"og:type\" content=\"article\" \/>\n<meta property=\"og:title\" content=\"Le Papillon par Modeca Hemilly | Koonings\" \/>\n<meta property=\"og:description\" content=\"Hemilly est une robe de type A avec un corsage en dentelle illusion et des manches longues amovibles, combin\u00e9s \u00e0 une jupe fluide en mousseline de soie. Les d\u00e9tails en dentelle sur la tra\u00eene ajoutent une touche romantique. Ce mod\u00e8le est \u00e9galement disponible en plusieurs versions : sans les manches longues (Hemilly-D), avec des manches amovibles et une tra\u00eene lisse (Hemilly-A), et sans les manches et avec une jupe lisse (Hemilly-DA). Ce mod\u00e8le polyvalent fait partie de la collection Le Papillon by Modeca et est disponible chez Koonings.\" \/>\n<meta property=\"og:url\" content=\"https:\/\/www.koonings.com\/fr\/product\/le-papillon-par-modeca-hemilly\/\" \/>\n<meta property=\"og:site_name\" content=\"Koonings\" \/>\n<meta property=\"article:publisher\" content=\"https:\/\/www.facebook.com\/kooningstheweddingpalace\" \/>\n<meta property=\"og:image\" content=\"https:\/\/www.koonings.com\/wp-content\/uploads\/2025\/09\/51089_4b1e58c66416228ee77b80b3bc12159943b46465f5647dcb30dbce1cc24272ed5862cefb.jpeg\" \/>\n\t<meta property=\"og:image:width\" content=\"1718\" \/>\n\t<meta property=\"og:image:height\" content=\"2429\" \/>\n\t<meta property=\"og:image:type\" content=\"image\/jpeg\" \/>\n<meta name=\"twitter:card\" content=\"summary_large_image\" \/>\n<script type=\"application\/ld+json\" class=\"yoast-schema-graph\">{\"@context\":\"https:\\\/\\\/schema.org\",\"@graph\":[{\"@type\":\"WebPage\",\"@id\":\"https:\\\/\\\/www.koonings.com\\\/fr\\\/product\\\/le-papillon-par-modeca-hemilly\\\/\",\"url\":\"https:\\\/\\\/www.koonings.com\\\/fr\\\/product\\\/le-papillon-par-modeca-hemilly\\\/\",\"name\":\"Le Papillon par Modeca Hemilly | Koonings\",\"isPartOf\":{\"@id\":\"https:\\\/\\\/www.koonings.com\\\/fr\\\/#website\"},\"primaryImageOfPage\":{\"@id\":\"https:\\\/\\\/www.koonings.com\\\/fr\\\/product\\\/le-papillon-par-modeca-hemilly\\\/#primaryimage\"},\"image\":{\"@id\":\"https:\\\/\\\/www.koonings.com\\\/fr\\\/product\\\/le-papillon-par-modeca-hemilly\\\/#primaryimage\"},\"thumbnailUrl\":\"https:\\\/\\\/www.koonings.com\\\/wp-content\\\/uploads\\\/2025\\\/09\\\/51089_4b1e58c66416228ee77b80b3bc12159943b46465f5647dcb30dbce1cc24272ed5862cefb.jpeg\",\"datePublished\":\"2026-04-14T14:36:40+00:00\",\"description\":\"Hemilly est une robe de type A avec un corsage en dentelle illusion et des manches longues amovibles, combin\u00e9s \u00e0 une jupe fluide en mousseline de soie. Les d\u00e9tails en dentelle sur la tra\u00eene ajoutent une touche romantique. Ce mod\u00e8le est \u00e9galement disponible en plusieurs versions : sans les manches longues (Hemilly-D), avec des manches amovibles et une tra\u00eene lisse (Hemilly-A), et sans les manches et avec une jupe lisse (Hemilly-DA). Ce mod\u00e8le polyvalent fait partie de la collection Le Papillon by Modeca et est disponible chez Koonings.\",\"breadcrumb\":{\"@id\":\"https:\\\/\\\/www.koonings.com\\\/fr\\\/product\\\/le-papillon-par-modeca-hemilly\\\/#breadcrumb\"},\"inLanguage\":\"fr-FR\",\"potentialAction\":[{\"@type\":\"ReadAction\",\"target\":[\"https:\\\/\\\/www.koonings.com\\\/fr\\\/product\\\/le-papillon-par-modeca-hemilly\\\/\"]}]},{\"@type\":\"ImageObject\",\"inLanguage\":\"fr-FR\",\"@id\":\"https:\\\/\\\/www.koonings.com\\\/fr\\\/product\\\/le-papillon-par-modeca-hemilly\\\/#primaryimage\",\"url\":\"https:\\\/\\\/www.koonings.com\\\/wp-content\\\/uploads\\\/2025\\\/09\\\/51089_4b1e58c66416228ee77b80b3bc12159943b46465f5647dcb30dbce1cc24272ed5862cefb.jpeg\",\"contentUrl\":\"https:\\\/\\\/www.koonings.com\\\/wp-content\\\/uploads\\\/2025\\\/09\\\/51089_4b1e58c66416228ee77b80b3bc12159943b46465f5647dcb30dbce1cc24272ed5862cefb.jpeg\",\"width\":1718,\"height\":2429},{\"@type\":\"BreadcrumbList\",\"@id\":\"https:\\\/\\\/www.koonings.com\\\/fr\\\/product\\\/le-papillon-par-modeca-hemilly\\\/#breadcrumb\",\"itemListElement\":[{\"@type\":\"ListItem\",\"position\":1,\"name\":\"Home\",\"item\":\"https:\\\/\\\/www.koonings.com\\\/fr\\\/\"},{\"@type\":\"ListItem\",\"position\":2,\"name\":\"Le Papillon par Modeca Hemilly\"}]},{\"@type\":\"WebSite\",\"@id\":\"https:\\\/\\\/www.koonings.com\\\/fr\\\/#website\",\"url\":\"https:\\\/\\\/www.koonings.com\\\/fr\\\/\",\"name\":\"Koonings\",\"description\":\"De grootste bruidsmodewinkel ter wereld\",\"publisher\":{\"@id\":\"https:\\\/\\\/www.koonings.com\\\/fr\\\/#organization\"},\"potentialAction\":[{\"@type\":\"SearchAction\",\"target\":{\"@type\":\"EntryPoint\",\"urlTemplate\":\"https:\\\/\\\/www.koonings.com\\\/fr\\\/?s={search_term_string}\"},\"query-input\":{\"@type\":\"PropertyValueSpecification\",\"valueRequired\":true,\"valueName\":\"search_term_string\"}}],\"inLanguage\":\"fr-FR\"},{\"@type\":\"Organization\",\"@id\":\"https:\\\/\\\/www.koonings.com\\\/fr\\\/#organization\",\"name\":\"Koonings\",\"url\":\"https:\\\/\\\/www.koonings.com\\\/fr\\\/\",\"logo\":{\"@type\":\"ImageObject\",\"inLanguage\":\"fr-FR\",\"@id\":\"https:\\\/\\\/www.koonings.com\\\/fr\\\/#\\\/schema\\\/logo\\\/image\\\/\",\"url\":\"https:\\\/\\\/www.koonings.com\\\/wp-content\\\/uploads\\\/2024\\\/07\\\/logo.png\",\"contentUrl\":\"https:\\\/\\\/www.koonings.com\\\/wp-content\\\/uploads\\\/2024\\\/07\\\/logo.png\",\"width\":600,\"height\":428,\"caption\":\"Koonings\"},\"image\":{\"@id\":\"https:\\\/\\\/www.koonings.com\\\/fr\\\/#\\\/schema\\\/logo\\\/image\\\/\"},\"sameAs\":[\"https:\\\/\\\/www.facebook.com\\\/kooningstheweddingpalace\",\"https:\\\/\\\/www.instagram.com\\\/kooningstheweddingpalace\",\"https:\\\/\\\/www.pinterest.com\\\/koonings\",\"https:\\\/\\\/www.youtube.com\\\/kooningstheweddingpalace\"]}]}<\/script>\n<!-- \/ Yoast SEO plugin. -->","yoast_head_json":{"title":"Le Papillon par Modeca Hemilly | Koonings","description":"Hemilly est une robe de type A avec un corsage en dentelle illusion et des manches longues amovibles, combin\u00e9s \u00e0 une jupe fluide en mousseline de soie. Les d\u00e9tails en dentelle sur la tra\u00eene ajoutent une touche romantique. Ce mod\u00e8le est \u00e9galement disponible en plusieurs versions : sans les manches longues (Hemilly-D), avec des manches amovibles et une tra\u00eene lisse (Hemilly-A), et sans les manches et avec une jupe lisse (Hemilly-DA). Ce mod\u00e8le polyvalent fait partie de la collection Le Papillon by Modeca et est disponible chez Koonings.","robots":{"index":"index","follow":"follow","max-snippet":"max-snippet:-1","max-image-preview":"max-image-preview:large","max-video-preview":"max-video-preview:-1"},"canonical":"https:\/\/www.koonings.com\/fr\/product\/le-papillon-par-modeca-hemilly\/","og_locale":"fr_FR","og_type":"article","og_title":"Le Papillon par Modeca Hemilly | Koonings","og_description":"Hemilly est une robe de type A avec un corsage en dentelle illusion et des manches longues amovibles, combin\u00e9s \u00e0 une jupe fluide en mousseline de soie. Les d\u00e9tails en dentelle sur la tra\u00eene ajoutent une touche romantique. Ce mod\u00e8le est \u00e9galement disponible en plusieurs versions : sans les manches longues (Hemilly-D), avec des manches amovibles et une tra\u00eene lisse (Hemilly-A), et sans les manches et avec une jupe lisse (Hemilly-DA). Ce mod\u00e8le polyvalent fait partie de la collection Le Papillon by Modeca et est disponible chez Koonings.","og_url":"https:\/\/www.koonings.com\/fr\/product\/le-papillon-par-modeca-hemilly\/","og_site_name":"Koonings","article_publisher":"https:\/\/www.facebook.com\/kooningstheweddingpalace","og_image":[{"width":1718,"height":2429,"url":"https:\/\/www.koonings.com\/wp-content\/uploads\/2025\/09\/51089_4b1e58c66416228ee77b80b3bc12159943b46465f5647dcb30dbce1cc24272ed5862cefb.jpeg","type":"image\/jpeg"}],"twitter_card":"summary_large_image","schema":{"@context":"https:\/\/schema.org","@graph":[{"@type":"WebPage","@id":"https:\/\/www.koonings.com\/fr\/product\/le-papillon-par-modeca-hemilly\/","url":"https:\/\/www.koonings.com\/fr\/product\/le-papillon-par-modeca-hemilly\/","name":"Le Papillon par Modeca Hemilly | Koonings","isPartOf":{"@id":"https:\/\/www.koonings.com\/fr\/#website"},"primaryImageOfPage":{"@id":"https:\/\/www.koonings.com\/fr\/product\/le-papillon-par-modeca-hemilly\/#primaryimage"},"image":{"@id":"https:\/\/www.koonings.com\/fr\/product\/le-papillon-par-modeca-hemilly\/#primaryimage"},"thumbnailUrl":"https:\/\/www.koonings.com\/wp-content\/uploads\/2025\/09\/51089_4b1e58c66416228ee77b80b3bc12159943b46465f5647dcb30dbce1cc24272ed5862cefb.jpeg","datePublished":"2026-04-14T14:36:40+00:00","description":"Hemilly est une robe de type A avec un corsage en dentelle illusion et des manches longues amovibles, combin\u00e9s \u00e0 une jupe fluide en mousseline de soie. Les d\u00e9tails en dentelle sur la tra\u00eene ajoutent une touche romantique. Ce mod\u00e8le est \u00e9galement disponible en plusieurs versions : sans les manches longues (Hemilly-D), avec des manches amovibles et une tra\u00eene lisse (Hemilly-A), et sans les manches et avec une jupe lisse (Hemilly-DA). Ce mod\u00e8le polyvalent fait partie de la collection Le Papillon by Modeca et est disponible chez Koonings.","breadcrumb":{"@id":"https:\/\/www.koonings.com\/fr\/product\/le-papillon-par-modeca-hemilly\/#breadcrumb"},"inLanguage":"fr-FR","potentialAction":[{"@type":"ReadAction","target":["https:\/\/www.koonings.com\/fr\/product\/le-papillon-par-modeca-hemilly\/"]}]},{"@type":"ImageObject","inLanguage":"fr-FR","@id":"https:\/\/www.koonings.com\/fr\/product\/le-papillon-par-modeca-hemilly\/#primaryimage","url":"https:\/\/www.koonings.com\/wp-content\/uploads\/2025\/09\/51089_4b1e58c66416228ee77b80b3bc12159943b46465f5647dcb30dbce1cc24272ed5862cefb.jpeg","contentUrl":"https:\/\/www.koonings.com\/wp-content\/uploads\/2025\/09\/51089_4b1e58c66416228ee77b80b3bc12159943b46465f5647dcb30dbce1cc24272ed5862cefb.jpeg","width":1718,"height":2429},{"@type":"BreadcrumbList","@id":"https:\/\/www.koonings.com\/fr\/product\/le-papillon-par-modeca-hemilly\/#breadcrumb","itemListElement":[{"@type":"ListItem","position":1,"name":"Home","item":"https:\/\/www.koonings.com\/fr\/"},{"@type":"ListItem","position":2,"name":"Le Papillon par Modeca Hemilly"}]},{"@type":"WebSite","@id":"https:\/\/www.koonings.com\/fr\/#website","url":"https:\/\/www.koonings.com\/fr\/","name":"Koonings","description":"De grootste bruidsmodewinkel ter wereld","publisher":{"@id":"https:\/\/www.koonings.com\/fr\/#organization"},"potentialAction":[{"@type":"SearchAction","target":{"@type":"EntryPoint","urlTemplate":"https:\/\/www.koonings.com\/fr\/?s={search_term_string}"},"query-input":{"@type":"PropertyValueSpecification","valueRequired":true,"valueName":"search_term_string"}}],"inLanguage":"fr-FR"},{"@type":"Organization","@id":"https:\/\/www.koonings.com\/fr\/#organization","name":"Koonings","url":"https:\/\/www.koonings.com\/fr\/","logo":{"@type":"ImageObject","inLanguage":"fr-FR","@id":"https:\/\/www.koonings.com\/fr\/#\/schema\/logo\/image\/","url":"https:\/\/www.koonings.com\/wp-content\/uploads\/2024\/07\/logo.png","contentUrl":"https:\/\/www.koonings.com\/wp-content\/uploads\/2024\/07\/logo.png","width":600,"height":428,"caption":"Koonings"},"image":{"@id":"https:\/\/www.koonings.com\/fr\/#\/schema\/logo\/image\/"},"sameAs":["https:\/\/www.facebook.com\/kooningstheweddingpalace","https:\/\/www.instagram.com\/kooningstheweddingpalace","https:\/\/www.pinterest.com\/koonings","https:\/\/www.youtube.com\/kooningstheweddingpalace"]}]}},"_links":{"self":[{"href":"https:\/\/www.koonings.com\/fr\/wp-json\/wp\/v2\/product\/108613","targetHints":{"allow":["GET"]}}],"collection":[{"href":"https:\/\/www.koonings.com\/fr\/wp-json\/wp\/v2\/product"}],"about":[{"href":"https:\/\/www.koonings.com\/fr\/wp-json\/wp\/v2\/types\/product"}],"wp:featuredmedia":[{"embeddable":true,"href":"https:\/\/www.koonings.com\/fr\/wp-json\/wp\/v2\/media\/96933"}],"wp:attachment":[{"href":"https:\/\/www.koonings.com\/fr\/wp-json\/wp\/v2\/media?parent=108613"}],"wp:term":[{"taxonomy":"productdetails","embeddable":true,"href":"https:\/\/www.koonings.com\/fr\/wp-json\/wp\/v2\/productdetails?post=108613"},{"taxonomy":"productneck","embeddable":true,"href":"https:\/\/www.koonings.com\/fr\/wp-json\/wp\/v2\/productneck?post=108613"},{"taxonomy":"productcolor","embeddable":true,"href":"https:\/\/www.koonings.com\/fr\/wp-json\/wp\/v2\/productcolor?post=108613"},{"taxonomy":"maat","embeddable":true,"href":"https:\/\/www.koonings.com\/fr\/wp-json\/wp\/v2\/maat?post=108613"},{"taxonomy":"productsupplier","embeddable":true,"href":"https:\/\/www.koonings.com\/fr\/wp-json\/wp\/v2\/productsupplier?post=108613"},{"taxonomy":"productsleeve","embeddable":true,"href":"https:\/\/www.koonings.com\/fr\/wp-json\/wp\/v2\/productsleeve?post=108613"},{"taxonomy":"productcategory","embeddable":true,"href":"https:\/\/www.koonings.com\/fr\/wp-json\/wp\/v2\/productcategory?post=108613"},{"taxonomy":"productsilhouette","embeddable":true,"href":"https:\/\/www.koonings.com\/fr\/wp-json\/wp\/v2\/productsilhouette?post=108613"},{"taxonomy":"productstyle","embeddable":true,"href":"https:\/\/www.koonings.com\/fr\/wp-json\/wp\/v2\/productstyle?post=108613"}],"curies":[{"name":"wp","href":"https:\/\/api.w.org\/{rel}","templated":true}]}}