{"id":108595,"date":"2026-04-14T16:36:25","date_gmt":"2026-04-14T14:36:25","guid":{"rendered":"https:\/\/www.koonings.com\/product\/herve-paris-niam\/"},"modified":"2026-04-14T15:36:26","modified_gmt":"2026-04-14T13:36:26","slug":"herve-paris-niam","status":"publish","type":"product","link":"https:\/\/www.koonings.com\/fr\/product\/herve-paris-niam\/","title":{"rendered":"Herve Paris Niam"},"content":{"rendered":"<p>Un r\u00eave minimaliste moderne. Cette robe trap\u00e8ze en satin est l&#8217;incarnation m\u00eame de la sophistication \u00e9l\u00e9gante, avec un buste pliss\u00e9 et de fines bretelles. La fente haute ajoute une touche d&#8217;audace, tout en restant chic et sans effort. C&#8217;est le type de robe qui fait briller la mari\u00e9e &#8211; intemporelle, \u00e9l\u00e9gante et parfaite pour une entr\u00e9e assur\u00e9e. Uir la collection d&#8217;Herv\u00e9 Paris.    <\/p>\n","protected":false},"featured_media":108596,"template":"","meta":{"_acf_changed":false,"ghostkit_customizer_options":"","ghostkit_custom_css":"","ghostkit_custom_js_head":"","ghostkit_custom_js_foot":"","ghostkit_typography":""},"productdetails":[378],"productneck":[355],"productcolor":[392],"maat":[],"productsupplier":[424],"productsleeve":[359],"productcategory":[18],"productsilhouette":[384],"productstyle":[366,370],"class_list":["post-108595","product","type-product","status-publish","has-post-thumbnail","hentry","productdetails-378","productneck-355","productcolor-392","productsupplier-herve-paris","productsleeve-359","productcategory-trouwjurken","productsilhouette-384","productstyle-366","productstyle-370"],"acf":[],"yoast_head":"<!-- This site is optimized with the Yoast SEO plugin v27.3 - https:\/\/yoast.com\/product\/yoast-seo-wordpress\/ -->\n<title>Herve Paris Niam | Koonings<\/title>\n<meta name=\"description\" content=\"Un r\u00eave minimaliste moderne. Cette robe trap\u00e8ze en satin est l&#039;incarnation m\u00eame de la sophistication \u00e9l\u00e9gante, avec un buste pliss\u00e9 et de fines bretelles. La fente haute ajoute une touche d&#039;audace, tout en restant chic et sans effort. C&#039;est le type de robe qui fait briller la mari\u00e9e - intemporelle, \u00e9l\u00e9gante et parfaite pour une entr\u00e9e assur\u00e9e. Uir la collection d&#039;Herv\u00e9 Paris.\" \/>\n<meta name=\"robots\" content=\"index, follow, max-snippet:-1, max-image-preview:large, max-video-preview:-1\" \/>\n<link rel=\"canonical\" href=\"https:\/\/www.koonings.com\/fr\/product\/herve-paris-niam\/\" \/>\n<meta property=\"og:locale\" content=\"fr_FR\" \/>\n<meta property=\"og:type\" content=\"article\" \/>\n<meta property=\"og:title\" content=\"Herve Paris Niam | Koonings\" \/>\n<meta property=\"og:description\" content=\"Un r\u00eave minimaliste moderne. Cette robe trap\u00e8ze en satin est l&#039;incarnation m\u00eame de la sophistication \u00e9l\u00e9gante, avec un buste pliss\u00e9 et de fines bretelles. La fente haute ajoute une touche d&#039;audace, tout en restant chic et sans effort. C&#039;est le type de robe qui fait briller la mari\u00e9e - intemporelle, \u00e9l\u00e9gante et parfaite pour une entr\u00e9e assur\u00e9e. Uir la collection d&#039;Herv\u00e9 Paris.\" \/>\n<meta property=\"og:url\" content=\"https:\/\/www.koonings.com\/fr\/product\/herve-paris-niam\/\" \/>\n<meta property=\"og:site_name\" content=\"Koonings\" \/>\n<meta property=\"article:publisher\" content=\"https:\/\/www.facebook.com\/kooningstheweddingpalace\" \/>\n<meta property=\"og:image\" content=\"https:\/\/www.koonings.com\/wp-content\/uploads\/2025\/11\/51058_fdabd4ecc43024806c209dad0ee380269492c223159d3e285570551b70d2b1d07b9f99aa.jpeg\" \/>\n\t<meta property=\"og:image:width\" content=\"1251\" \/>\n\t<meta property=\"og:image:height\" content=\"1771\" \/>\n\t<meta property=\"og:image:type\" content=\"image\/jpeg\" \/>\n<meta name=\"twitter:card\" content=\"summary_large_image\" \/>\n<script type=\"application\/ld+json\" class=\"yoast-schema-graph\">{\"@context\":\"https:\\\/\\\/schema.org\",\"@graph\":[{\"@type\":\"WebPage\",\"@id\":\"https:\\\/\\\/www.koonings.com\\\/fr\\\/product\\\/herve-paris-niam\\\/\",\"url\":\"https:\\\/\\\/www.koonings.com\\\/fr\\\/product\\\/herve-paris-niam\\\/\",\"name\":\"Herve Paris Niam | Koonings\",\"isPartOf\":{\"@id\":\"https:\\\/\\\/www.koonings.com\\\/fr\\\/#website\"},\"primaryImageOfPage\":{\"@id\":\"https:\\\/\\\/www.koonings.com\\\/fr\\\/product\\\/herve-paris-niam\\\/#primaryimage\"},\"image\":{\"@id\":\"https:\\\/\\\/www.koonings.com\\\/fr\\\/product\\\/herve-paris-niam\\\/#primaryimage\"},\"thumbnailUrl\":\"https:\\\/\\\/www.koonings.com\\\/wp-content\\\/uploads\\\/2025\\\/11\\\/51058_fdabd4ecc43024806c209dad0ee380269492c223159d3e285570551b70d2b1d07b9f99aa.jpeg\",\"datePublished\":\"2026-04-14T14:36:25+00:00\",\"description\":\"Un r\u00eave minimaliste moderne. Cette robe trap\u00e8ze en satin est l'incarnation m\u00eame de la sophistication \u00e9l\u00e9gante, avec un buste pliss\u00e9 et de fines bretelles. La fente haute ajoute une touche d'audace, tout en restant chic et sans effort. C'est le type de robe qui fait briller la mari\u00e9e - intemporelle, \u00e9l\u00e9gante et parfaite pour une entr\u00e9e assur\u00e9e. Uir la collection d'Herv\u00e9 Paris.\",\"breadcrumb\":{\"@id\":\"https:\\\/\\\/www.koonings.com\\\/fr\\\/product\\\/herve-paris-niam\\\/#breadcrumb\"},\"inLanguage\":\"fr-FR\",\"potentialAction\":[{\"@type\":\"ReadAction\",\"target\":[\"https:\\\/\\\/www.koonings.com\\\/fr\\\/product\\\/herve-paris-niam\\\/\"]}]},{\"@type\":\"ImageObject\",\"inLanguage\":\"fr-FR\",\"@id\":\"https:\\\/\\\/www.koonings.com\\\/fr\\\/product\\\/herve-paris-niam\\\/#primaryimage\",\"url\":\"https:\\\/\\\/www.koonings.com\\\/wp-content\\\/uploads\\\/2025\\\/11\\\/51058_fdabd4ecc43024806c209dad0ee380269492c223159d3e285570551b70d2b1d07b9f99aa.jpeg\",\"contentUrl\":\"https:\\\/\\\/www.koonings.com\\\/wp-content\\\/uploads\\\/2025\\\/11\\\/51058_fdabd4ecc43024806c209dad0ee380269492c223159d3e285570551b70d2b1d07b9f99aa.jpeg\",\"width\":1251,\"height\":1771},{\"@type\":\"BreadcrumbList\",\"@id\":\"https:\\\/\\\/www.koonings.com\\\/fr\\\/product\\\/herve-paris-niam\\\/#breadcrumb\",\"itemListElement\":[{\"@type\":\"ListItem\",\"position\":1,\"name\":\"Home\",\"item\":\"https:\\\/\\\/www.koonings.com\\\/fr\\\/\"},{\"@type\":\"ListItem\",\"position\":2,\"name\":\"Herve Paris Niam\"}]},{\"@type\":\"WebSite\",\"@id\":\"https:\\\/\\\/www.koonings.com\\\/fr\\\/#website\",\"url\":\"https:\\\/\\\/www.koonings.com\\\/fr\\\/\",\"name\":\"Koonings\",\"description\":\"De grootste bruidsmodewinkel ter wereld\",\"publisher\":{\"@id\":\"https:\\\/\\\/www.koonings.com\\\/fr\\\/#organization\"},\"potentialAction\":[{\"@type\":\"SearchAction\",\"target\":{\"@type\":\"EntryPoint\",\"urlTemplate\":\"https:\\\/\\\/www.koonings.com\\\/fr\\\/?s={search_term_string}\"},\"query-input\":{\"@type\":\"PropertyValueSpecification\",\"valueRequired\":true,\"valueName\":\"search_term_string\"}}],\"inLanguage\":\"fr-FR\"},{\"@type\":\"Organization\",\"@id\":\"https:\\\/\\\/www.koonings.com\\\/fr\\\/#organization\",\"name\":\"Koonings\",\"url\":\"https:\\\/\\\/www.koonings.com\\\/fr\\\/\",\"logo\":{\"@type\":\"ImageObject\",\"inLanguage\":\"fr-FR\",\"@id\":\"https:\\\/\\\/www.koonings.com\\\/fr\\\/#\\\/schema\\\/logo\\\/image\\\/\",\"url\":\"https:\\\/\\\/www.koonings.com\\\/wp-content\\\/uploads\\\/2024\\\/07\\\/logo.png\",\"contentUrl\":\"https:\\\/\\\/www.koonings.com\\\/wp-content\\\/uploads\\\/2024\\\/07\\\/logo.png\",\"width\":600,\"height\":428,\"caption\":\"Koonings\"},\"image\":{\"@id\":\"https:\\\/\\\/www.koonings.com\\\/fr\\\/#\\\/schema\\\/logo\\\/image\\\/\"},\"sameAs\":[\"https:\\\/\\\/www.facebook.com\\\/kooningstheweddingpalace\",\"https:\\\/\\\/www.instagram.com\\\/kooningstheweddingpalace\",\"https:\\\/\\\/www.pinterest.com\\\/koonings\",\"https:\\\/\\\/www.youtube.com\\\/kooningstheweddingpalace\"]}]}<\/script>\n<!-- \/ Yoast SEO plugin. -->","yoast_head_json":{"title":"Herve Paris Niam | Koonings","description":"Un r\u00eave minimaliste moderne. Cette robe trap\u00e8ze en satin est l'incarnation m\u00eame de la sophistication \u00e9l\u00e9gante, avec un buste pliss\u00e9 et de fines bretelles. La fente haute ajoute une touche d'audace, tout en restant chic et sans effort. C'est le type de robe qui fait briller la mari\u00e9e - intemporelle, \u00e9l\u00e9gante et parfaite pour une entr\u00e9e assur\u00e9e. Uir la collection d'Herv\u00e9 Paris.","robots":{"index":"index","follow":"follow","max-snippet":"max-snippet:-1","max-image-preview":"max-image-preview:large","max-video-preview":"max-video-preview:-1"},"canonical":"https:\/\/www.koonings.com\/fr\/product\/herve-paris-niam\/","og_locale":"fr_FR","og_type":"article","og_title":"Herve Paris Niam | Koonings","og_description":"Un r\u00eave minimaliste moderne. Cette robe trap\u00e8ze en satin est l'incarnation m\u00eame de la sophistication \u00e9l\u00e9gante, avec un buste pliss\u00e9 et de fines bretelles. La fente haute ajoute une touche d'audace, tout en restant chic et sans effort. C'est le type de robe qui fait briller la mari\u00e9e - intemporelle, \u00e9l\u00e9gante et parfaite pour une entr\u00e9e assur\u00e9e. Uir la collection d'Herv\u00e9 Paris.","og_url":"https:\/\/www.koonings.com\/fr\/product\/herve-paris-niam\/","og_site_name":"Koonings","article_publisher":"https:\/\/www.facebook.com\/kooningstheweddingpalace","og_image":[{"width":1251,"height":1771,"url":"https:\/\/www.koonings.com\/wp-content\/uploads\/2025\/11\/51058_fdabd4ecc43024806c209dad0ee380269492c223159d3e285570551b70d2b1d07b9f99aa.jpeg","type":"image\/jpeg"}],"twitter_card":"summary_large_image","schema":{"@context":"https:\/\/schema.org","@graph":[{"@type":"WebPage","@id":"https:\/\/www.koonings.com\/fr\/product\/herve-paris-niam\/","url":"https:\/\/www.koonings.com\/fr\/product\/herve-paris-niam\/","name":"Herve Paris Niam | Koonings","isPartOf":{"@id":"https:\/\/www.koonings.com\/fr\/#website"},"primaryImageOfPage":{"@id":"https:\/\/www.koonings.com\/fr\/product\/herve-paris-niam\/#primaryimage"},"image":{"@id":"https:\/\/www.koonings.com\/fr\/product\/herve-paris-niam\/#primaryimage"},"thumbnailUrl":"https:\/\/www.koonings.com\/wp-content\/uploads\/2025\/11\/51058_fdabd4ecc43024806c209dad0ee380269492c223159d3e285570551b70d2b1d07b9f99aa.jpeg","datePublished":"2026-04-14T14:36:25+00:00","description":"Un r\u00eave minimaliste moderne. Cette robe trap\u00e8ze en satin est l'incarnation m\u00eame de la sophistication \u00e9l\u00e9gante, avec un buste pliss\u00e9 et de fines bretelles. La fente haute ajoute une touche d'audace, tout en restant chic et sans effort. C'est le type de robe qui fait briller la mari\u00e9e - intemporelle, \u00e9l\u00e9gante et parfaite pour une entr\u00e9e assur\u00e9e. Uir la collection d'Herv\u00e9 Paris.","breadcrumb":{"@id":"https:\/\/www.koonings.com\/fr\/product\/herve-paris-niam\/#breadcrumb"},"inLanguage":"fr-FR","potentialAction":[{"@type":"ReadAction","target":["https:\/\/www.koonings.com\/fr\/product\/herve-paris-niam\/"]}]},{"@type":"ImageObject","inLanguage":"fr-FR","@id":"https:\/\/www.koonings.com\/fr\/product\/herve-paris-niam\/#primaryimage","url":"https:\/\/www.koonings.com\/wp-content\/uploads\/2025\/11\/51058_fdabd4ecc43024806c209dad0ee380269492c223159d3e285570551b70d2b1d07b9f99aa.jpeg","contentUrl":"https:\/\/www.koonings.com\/wp-content\/uploads\/2025\/11\/51058_fdabd4ecc43024806c209dad0ee380269492c223159d3e285570551b70d2b1d07b9f99aa.jpeg","width":1251,"height":1771},{"@type":"BreadcrumbList","@id":"https:\/\/www.koonings.com\/fr\/product\/herve-paris-niam\/#breadcrumb","itemListElement":[{"@type":"ListItem","position":1,"name":"Home","item":"https:\/\/www.koonings.com\/fr\/"},{"@type":"ListItem","position":2,"name":"Herve Paris Niam"}]},{"@type":"WebSite","@id":"https:\/\/www.koonings.com\/fr\/#website","url":"https:\/\/www.koonings.com\/fr\/","name":"Koonings","description":"De grootste bruidsmodewinkel ter wereld","publisher":{"@id":"https:\/\/www.koonings.com\/fr\/#organization"},"potentialAction":[{"@type":"SearchAction","target":{"@type":"EntryPoint","urlTemplate":"https:\/\/www.koonings.com\/fr\/?s={search_term_string}"},"query-input":{"@type":"PropertyValueSpecification","valueRequired":true,"valueName":"search_term_string"}}],"inLanguage":"fr-FR"},{"@type":"Organization","@id":"https:\/\/www.koonings.com\/fr\/#organization","name":"Koonings","url":"https:\/\/www.koonings.com\/fr\/","logo":{"@type":"ImageObject","inLanguage":"fr-FR","@id":"https:\/\/www.koonings.com\/fr\/#\/schema\/logo\/image\/","url":"https:\/\/www.koonings.com\/wp-content\/uploads\/2024\/07\/logo.png","contentUrl":"https:\/\/www.koonings.com\/wp-content\/uploads\/2024\/07\/logo.png","width":600,"height":428,"caption":"Koonings"},"image":{"@id":"https:\/\/www.koonings.com\/fr\/#\/schema\/logo\/image\/"},"sameAs":["https:\/\/www.facebook.com\/kooningstheweddingpalace","https:\/\/www.instagram.com\/kooningstheweddingpalace","https:\/\/www.pinterest.com\/koonings","https:\/\/www.youtube.com\/kooningstheweddingpalace"]}]}},"_links":{"self":[{"href":"https:\/\/www.koonings.com\/fr\/wp-json\/wp\/v2\/product\/108595","targetHints":{"allow":["GET"]}}],"collection":[{"href":"https:\/\/www.koonings.com\/fr\/wp-json\/wp\/v2\/product"}],"about":[{"href":"https:\/\/www.koonings.com\/fr\/wp-json\/wp\/v2\/types\/product"}],"wp:featuredmedia":[{"embeddable":true,"href":"https:\/\/www.koonings.com\/fr\/wp-json\/wp\/v2\/media\/108596"}],"wp:attachment":[{"href":"https:\/\/www.koonings.com\/fr\/wp-json\/wp\/v2\/media?parent=108595"}],"wp:term":[{"taxonomy":"productdetails","embeddable":true,"href":"https:\/\/www.koonings.com\/fr\/wp-json\/wp\/v2\/productdetails?post=108595"},{"taxonomy":"productneck","embeddable":true,"href":"https:\/\/www.koonings.com\/fr\/wp-json\/wp\/v2\/productneck?post=108595"},{"taxonomy":"productcolor","embeddable":true,"href":"https:\/\/www.koonings.com\/fr\/wp-json\/wp\/v2\/productcolor?post=108595"},{"taxonomy":"maat","embeddable":true,"href":"https:\/\/www.koonings.com\/fr\/wp-json\/wp\/v2\/maat?post=108595"},{"taxonomy":"productsupplier","embeddable":true,"href":"https:\/\/www.koonings.com\/fr\/wp-json\/wp\/v2\/productsupplier?post=108595"},{"taxonomy":"productsleeve","embeddable":true,"href":"https:\/\/www.koonings.com\/fr\/wp-json\/wp\/v2\/productsleeve?post=108595"},{"taxonomy":"productcategory","embeddable":true,"href":"https:\/\/www.koonings.com\/fr\/wp-json\/wp\/v2\/productcategory?post=108595"},{"taxonomy":"productsilhouette","embeddable":true,"href":"https:\/\/www.koonings.com\/fr\/wp-json\/wp\/v2\/productsilhouette?post=108595"},{"taxonomy":"productstyle","embeddable":true,"href":"https:\/\/www.koonings.com\/fr\/wp-json\/wp\/v2\/productstyle?post=108595"}],"curies":[{"name":"wp","href":"https:\/\/api.w.org\/{rel}","templated":true}]}}