{"id":108589,"date":"2026-04-14T16:36:28","date_gmt":"2026-04-14T14:36:28","guid":{"rendered":"https:\/\/www.koonings.com\/product\/herve-paris-norma-b-top-only-satin\/"},"modified":"2026-04-14T15:36:28","modified_gmt":"2026-04-14T13:36:28","slug":"herve-paris-norma-b-top-only-satin","status":"publish","type":"product","link":"https:\/\/www.koonings.com\/fr\/product\/herve-paris-norma-b-top-only-satin\/","title":{"rendered":"Herve Paris Norma-B top only satin"},"content":{"rendered":"<p>Ce corset mikado pr\u00e9sente une douce encolure en forme de c\u0153ur, d\u00e9cor\u00e9e de d\u00e9licates fleurs en 3D qui se prolongent \u00e9l\u00e9gamment sur les bretelles d\u00e9collet\u00e9es. Un choix romantique et f\u00e9minin, \u00e9galement disponible en satin dans le mod\u00e8le Norma-B de la collection Mix &amp; Match d&#8217;Herv\u00e9 Paris. <\/p>\n","protected":false},"featured_media":108590,"template":"","meta":{"_acf_changed":false,"ghostkit_customizer_options":"","ghostkit_custom_css":"","ghostkit_custom_js_head":"","ghostkit_custom_js_foot":"","ghostkit_typography":""},"productdetails":[379],"productneck":[355],"productcolor":[],"maat":[],"productsupplier":[424],"productsleeve":[363],"productcategory":[18],"productsilhouette":[],"productstyle":[366],"class_list":["post-108589","product","type-product","status-publish","has-post-thumbnail","hentry","productdetails-379","productneck-355","productsupplier-herve-paris","productsleeve-363","productcategory-trouwjurken","productstyle-366"],"acf":[],"yoast_head":"<!-- This site is optimized with the Yoast SEO plugin v27.3 - https:\/\/yoast.com\/product\/yoast-seo-wordpress\/ -->\n<title>Herve Paris Norma-B top only satin | Koonings<\/title>\n<meta name=\"description\" content=\"Ce corset mikado pr\u00e9sente une douce encolure en forme de c\u0153ur, d\u00e9cor\u00e9e de d\u00e9licates fleurs en 3D qui se prolongent \u00e9l\u00e9gamment sur les bretelles d\u00e9collet\u00e9es. Un choix romantique et f\u00e9minin, \u00e9galement disponible en satin dans le mod\u00e8le Norma-B de la collection Mix &amp; Match d&#039;Herv\u00e9 Paris.\" \/>\n<meta name=\"robots\" content=\"index, follow, max-snippet:-1, max-image-preview:large, max-video-preview:-1\" \/>\n<link rel=\"canonical\" href=\"https:\/\/www.koonings.com\/fr\/product\/herve-paris-norma-b-top-only-satin\/\" \/>\n<meta property=\"og:locale\" content=\"fr_FR\" \/>\n<meta property=\"og:type\" content=\"article\" \/>\n<meta property=\"og:title\" content=\"Herve Paris Norma-B top only satin | Koonings\" \/>\n<meta property=\"og:description\" content=\"Ce corset mikado pr\u00e9sente une douce encolure en forme de c\u0153ur, d\u00e9cor\u00e9e de d\u00e9licates fleurs en 3D qui se prolongent \u00e9l\u00e9gamment sur les bretelles d\u00e9collet\u00e9es. Un choix romantique et f\u00e9minin, \u00e9galement disponible en satin dans le mod\u00e8le Norma-B de la collection Mix &amp; Match d&#039;Herv\u00e9 Paris.\" \/>\n<meta property=\"og:url\" content=\"https:\/\/www.koonings.com\/fr\/product\/herve-paris-norma-b-top-only-satin\/\" \/>\n<meta property=\"og:site_name\" content=\"Koonings\" \/>\n<meta property=\"article:publisher\" content=\"https:\/\/www.facebook.com\/kooningstheweddingpalace\" \/>\n<meta property=\"og:image\" content=\"https:\/\/www.koonings.com\/wp-content\/uploads\/2025\/11\/51066_fa397bbd0abc33fb358f4697fe4234d068c533d3b1da46c90ac0d1f636d75c8b2d408b2b.jpeg\" \/>\n\t<meta property=\"og:image:width\" content=\"1600\" \/>\n\t<meta property=\"og:image:height\" content=\"2240\" \/>\n\t<meta property=\"og:image:type\" content=\"image\/jpeg\" \/>\n<meta name=\"twitter:card\" content=\"summary_large_image\" \/>\n<script type=\"application\/ld+json\" class=\"yoast-schema-graph\">{\"@context\":\"https:\\\/\\\/schema.org\",\"@graph\":[{\"@type\":\"WebPage\",\"@id\":\"https:\\\/\\\/www.koonings.com\\\/fr\\\/product\\\/herve-paris-norma-b-top-only-satin\\\/\",\"url\":\"https:\\\/\\\/www.koonings.com\\\/fr\\\/product\\\/herve-paris-norma-b-top-only-satin\\\/\",\"name\":\"Herve Paris Norma-B top only satin | Koonings\",\"isPartOf\":{\"@id\":\"https:\\\/\\\/www.koonings.com\\\/fr\\\/#website\"},\"primaryImageOfPage\":{\"@id\":\"https:\\\/\\\/www.koonings.com\\\/fr\\\/product\\\/herve-paris-norma-b-top-only-satin\\\/#primaryimage\"},\"image\":{\"@id\":\"https:\\\/\\\/www.koonings.com\\\/fr\\\/product\\\/herve-paris-norma-b-top-only-satin\\\/#primaryimage\"},\"thumbnailUrl\":\"https:\\\/\\\/www.koonings.com\\\/wp-content\\\/uploads\\\/2025\\\/11\\\/51066_fa397bbd0abc33fb358f4697fe4234d068c533d3b1da46c90ac0d1f636d75c8b2d408b2b.jpeg\",\"datePublished\":\"2026-04-14T14:36:28+00:00\",\"description\":\"Ce corset mikado pr\u00e9sente une douce encolure en forme de c\u0153ur, d\u00e9cor\u00e9e de d\u00e9licates fleurs en 3D qui se prolongent \u00e9l\u00e9gamment sur les bretelles d\u00e9collet\u00e9es. Un choix romantique et f\u00e9minin, \u00e9galement disponible en satin dans le mod\u00e8le Norma-B de la collection Mix & Match d'Herv\u00e9 Paris.\",\"breadcrumb\":{\"@id\":\"https:\\\/\\\/www.koonings.com\\\/fr\\\/product\\\/herve-paris-norma-b-top-only-satin\\\/#breadcrumb\"},\"inLanguage\":\"fr-FR\",\"potentialAction\":[{\"@type\":\"ReadAction\",\"target\":[\"https:\\\/\\\/www.koonings.com\\\/fr\\\/product\\\/herve-paris-norma-b-top-only-satin\\\/\"]}]},{\"@type\":\"ImageObject\",\"inLanguage\":\"fr-FR\",\"@id\":\"https:\\\/\\\/www.koonings.com\\\/fr\\\/product\\\/herve-paris-norma-b-top-only-satin\\\/#primaryimage\",\"url\":\"https:\\\/\\\/www.koonings.com\\\/wp-content\\\/uploads\\\/2025\\\/11\\\/51066_fa397bbd0abc33fb358f4697fe4234d068c533d3b1da46c90ac0d1f636d75c8b2d408b2b.jpeg\",\"contentUrl\":\"https:\\\/\\\/www.koonings.com\\\/wp-content\\\/uploads\\\/2025\\\/11\\\/51066_fa397bbd0abc33fb358f4697fe4234d068c533d3b1da46c90ac0d1f636d75c8b2d408b2b.jpeg\",\"width\":1600,\"height\":2240},{\"@type\":\"BreadcrumbList\",\"@id\":\"https:\\\/\\\/www.koonings.com\\\/fr\\\/product\\\/herve-paris-norma-b-top-only-satin\\\/#breadcrumb\",\"itemListElement\":[{\"@type\":\"ListItem\",\"position\":1,\"name\":\"Home\",\"item\":\"https:\\\/\\\/www.koonings.com\\\/fr\\\/\"},{\"@type\":\"ListItem\",\"position\":2,\"name\":\"Herve Paris Norma-B top only satin\"}]},{\"@type\":\"WebSite\",\"@id\":\"https:\\\/\\\/www.koonings.com\\\/fr\\\/#website\",\"url\":\"https:\\\/\\\/www.koonings.com\\\/fr\\\/\",\"name\":\"Koonings\",\"description\":\"De grootste bruidsmodewinkel ter wereld\",\"publisher\":{\"@id\":\"https:\\\/\\\/www.koonings.com\\\/fr\\\/#organization\"},\"potentialAction\":[{\"@type\":\"SearchAction\",\"target\":{\"@type\":\"EntryPoint\",\"urlTemplate\":\"https:\\\/\\\/www.koonings.com\\\/fr\\\/?s={search_term_string}\"},\"query-input\":{\"@type\":\"PropertyValueSpecification\",\"valueRequired\":true,\"valueName\":\"search_term_string\"}}],\"inLanguage\":\"fr-FR\"},{\"@type\":\"Organization\",\"@id\":\"https:\\\/\\\/www.koonings.com\\\/fr\\\/#organization\",\"name\":\"Koonings\",\"url\":\"https:\\\/\\\/www.koonings.com\\\/fr\\\/\",\"logo\":{\"@type\":\"ImageObject\",\"inLanguage\":\"fr-FR\",\"@id\":\"https:\\\/\\\/www.koonings.com\\\/fr\\\/#\\\/schema\\\/logo\\\/image\\\/\",\"url\":\"https:\\\/\\\/www.koonings.com\\\/wp-content\\\/uploads\\\/2024\\\/07\\\/logo.png\",\"contentUrl\":\"https:\\\/\\\/www.koonings.com\\\/wp-content\\\/uploads\\\/2024\\\/07\\\/logo.png\",\"width\":600,\"height\":428,\"caption\":\"Koonings\"},\"image\":{\"@id\":\"https:\\\/\\\/www.koonings.com\\\/fr\\\/#\\\/schema\\\/logo\\\/image\\\/\"},\"sameAs\":[\"https:\\\/\\\/www.facebook.com\\\/kooningstheweddingpalace\",\"https:\\\/\\\/www.instagram.com\\\/kooningstheweddingpalace\",\"https:\\\/\\\/www.pinterest.com\\\/koonings\",\"https:\\\/\\\/www.youtube.com\\\/kooningstheweddingpalace\"]}]}<\/script>\n<!-- \/ Yoast SEO plugin. -->","yoast_head_json":{"title":"Herve Paris Norma-B top only satin | Koonings","description":"Ce corset mikado pr\u00e9sente une douce encolure en forme de c\u0153ur, d\u00e9cor\u00e9e de d\u00e9licates fleurs en 3D qui se prolongent \u00e9l\u00e9gamment sur les bretelles d\u00e9collet\u00e9es. Un choix romantique et f\u00e9minin, \u00e9galement disponible en satin dans le mod\u00e8le Norma-B de la collection Mix & Match d'Herv\u00e9 Paris.","robots":{"index":"index","follow":"follow","max-snippet":"max-snippet:-1","max-image-preview":"max-image-preview:large","max-video-preview":"max-video-preview:-1"},"canonical":"https:\/\/www.koonings.com\/fr\/product\/herve-paris-norma-b-top-only-satin\/","og_locale":"fr_FR","og_type":"article","og_title":"Herve Paris Norma-B top only satin | Koonings","og_description":"Ce corset mikado pr\u00e9sente une douce encolure en forme de c\u0153ur, d\u00e9cor\u00e9e de d\u00e9licates fleurs en 3D qui se prolongent \u00e9l\u00e9gamment sur les bretelles d\u00e9collet\u00e9es. Un choix romantique et f\u00e9minin, \u00e9galement disponible en satin dans le mod\u00e8le Norma-B de la collection Mix & Match d'Herv\u00e9 Paris.","og_url":"https:\/\/www.koonings.com\/fr\/product\/herve-paris-norma-b-top-only-satin\/","og_site_name":"Koonings","article_publisher":"https:\/\/www.facebook.com\/kooningstheweddingpalace","og_image":[{"width":1600,"height":2240,"url":"https:\/\/www.koonings.com\/wp-content\/uploads\/2025\/11\/51066_fa397bbd0abc33fb358f4697fe4234d068c533d3b1da46c90ac0d1f636d75c8b2d408b2b.jpeg","type":"image\/jpeg"}],"twitter_card":"summary_large_image","schema":{"@context":"https:\/\/schema.org","@graph":[{"@type":"WebPage","@id":"https:\/\/www.koonings.com\/fr\/product\/herve-paris-norma-b-top-only-satin\/","url":"https:\/\/www.koonings.com\/fr\/product\/herve-paris-norma-b-top-only-satin\/","name":"Herve Paris Norma-B top only satin | Koonings","isPartOf":{"@id":"https:\/\/www.koonings.com\/fr\/#website"},"primaryImageOfPage":{"@id":"https:\/\/www.koonings.com\/fr\/product\/herve-paris-norma-b-top-only-satin\/#primaryimage"},"image":{"@id":"https:\/\/www.koonings.com\/fr\/product\/herve-paris-norma-b-top-only-satin\/#primaryimage"},"thumbnailUrl":"https:\/\/www.koonings.com\/wp-content\/uploads\/2025\/11\/51066_fa397bbd0abc33fb358f4697fe4234d068c533d3b1da46c90ac0d1f636d75c8b2d408b2b.jpeg","datePublished":"2026-04-14T14:36:28+00:00","description":"Ce corset mikado pr\u00e9sente une douce encolure en forme de c\u0153ur, d\u00e9cor\u00e9e de d\u00e9licates fleurs en 3D qui se prolongent \u00e9l\u00e9gamment sur les bretelles d\u00e9collet\u00e9es. Un choix romantique et f\u00e9minin, \u00e9galement disponible en satin dans le mod\u00e8le Norma-B de la collection Mix & Match d'Herv\u00e9 Paris.","breadcrumb":{"@id":"https:\/\/www.koonings.com\/fr\/product\/herve-paris-norma-b-top-only-satin\/#breadcrumb"},"inLanguage":"fr-FR","potentialAction":[{"@type":"ReadAction","target":["https:\/\/www.koonings.com\/fr\/product\/herve-paris-norma-b-top-only-satin\/"]}]},{"@type":"ImageObject","inLanguage":"fr-FR","@id":"https:\/\/www.koonings.com\/fr\/product\/herve-paris-norma-b-top-only-satin\/#primaryimage","url":"https:\/\/www.koonings.com\/wp-content\/uploads\/2025\/11\/51066_fa397bbd0abc33fb358f4697fe4234d068c533d3b1da46c90ac0d1f636d75c8b2d408b2b.jpeg","contentUrl":"https:\/\/www.koonings.com\/wp-content\/uploads\/2025\/11\/51066_fa397bbd0abc33fb358f4697fe4234d068c533d3b1da46c90ac0d1f636d75c8b2d408b2b.jpeg","width":1600,"height":2240},{"@type":"BreadcrumbList","@id":"https:\/\/www.koonings.com\/fr\/product\/herve-paris-norma-b-top-only-satin\/#breadcrumb","itemListElement":[{"@type":"ListItem","position":1,"name":"Home","item":"https:\/\/www.koonings.com\/fr\/"},{"@type":"ListItem","position":2,"name":"Herve Paris Norma-B top only satin"}]},{"@type":"WebSite","@id":"https:\/\/www.koonings.com\/fr\/#website","url":"https:\/\/www.koonings.com\/fr\/","name":"Koonings","description":"De grootste bruidsmodewinkel ter wereld","publisher":{"@id":"https:\/\/www.koonings.com\/fr\/#organization"},"potentialAction":[{"@type":"SearchAction","target":{"@type":"EntryPoint","urlTemplate":"https:\/\/www.koonings.com\/fr\/?s={search_term_string}"},"query-input":{"@type":"PropertyValueSpecification","valueRequired":true,"valueName":"search_term_string"}}],"inLanguage":"fr-FR"},{"@type":"Organization","@id":"https:\/\/www.koonings.com\/fr\/#organization","name":"Koonings","url":"https:\/\/www.koonings.com\/fr\/","logo":{"@type":"ImageObject","inLanguage":"fr-FR","@id":"https:\/\/www.koonings.com\/fr\/#\/schema\/logo\/image\/","url":"https:\/\/www.koonings.com\/wp-content\/uploads\/2024\/07\/logo.png","contentUrl":"https:\/\/www.koonings.com\/wp-content\/uploads\/2024\/07\/logo.png","width":600,"height":428,"caption":"Koonings"},"image":{"@id":"https:\/\/www.koonings.com\/fr\/#\/schema\/logo\/image\/"},"sameAs":["https:\/\/www.facebook.com\/kooningstheweddingpalace","https:\/\/www.instagram.com\/kooningstheweddingpalace","https:\/\/www.pinterest.com\/koonings","https:\/\/www.youtube.com\/kooningstheweddingpalace"]}]}},"_links":{"self":[{"href":"https:\/\/www.koonings.com\/fr\/wp-json\/wp\/v2\/product\/108589","targetHints":{"allow":["GET"]}}],"collection":[{"href":"https:\/\/www.koonings.com\/fr\/wp-json\/wp\/v2\/product"}],"about":[{"href":"https:\/\/www.koonings.com\/fr\/wp-json\/wp\/v2\/types\/product"}],"wp:featuredmedia":[{"embeddable":true,"href":"https:\/\/www.koonings.com\/fr\/wp-json\/wp\/v2\/media\/108590"}],"wp:attachment":[{"href":"https:\/\/www.koonings.com\/fr\/wp-json\/wp\/v2\/media?parent=108589"}],"wp:term":[{"taxonomy":"productdetails","embeddable":true,"href":"https:\/\/www.koonings.com\/fr\/wp-json\/wp\/v2\/productdetails?post=108589"},{"taxonomy":"productneck","embeddable":true,"href":"https:\/\/www.koonings.com\/fr\/wp-json\/wp\/v2\/productneck?post=108589"},{"taxonomy":"productcolor","embeddable":true,"href":"https:\/\/www.koonings.com\/fr\/wp-json\/wp\/v2\/productcolor?post=108589"},{"taxonomy":"maat","embeddable":true,"href":"https:\/\/www.koonings.com\/fr\/wp-json\/wp\/v2\/maat?post=108589"},{"taxonomy":"productsupplier","embeddable":true,"href":"https:\/\/www.koonings.com\/fr\/wp-json\/wp\/v2\/productsupplier?post=108589"},{"taxonomy":"productsleeve","embeddable":true,"href":"https:\/\/www.koonings.com\/fr\/wp-json\/wp\/v2\/productsleeve?post=108589"},{"taxonomy":"productcategory","embeddable":true,"href":"https:\/\/www.koonings.com\/fr\/wp-json\/wp\/v2\/productcategory?post=108589"},{"taxonomy":"productsilhouette","embeddable":true,"href":"https:\/\/www.koonings.com\/fr\/wp-json\/wp\/v2\/productsilhouette?post=108589"},{"taxonomy":"productstyle","embeddable":true,"href":"https:\/\/www.koonings.com\/fr\/wp-json\/wp\/v2\/productstyle?post=108589"}],"curies":[{"name":"wp","href":"https:\/\/api.w.org\/{rel}","templated":true}]}}