{"id":108576,"date":"2026-04-21T18:36:39","date_gmt":"2026-04-21T16:36:39","guid":{"rendered":"https:\/\/www.koonings.com\/product\/herve-paris-jupe-noor-b-uniquement-en-satin\/"},"modified":"2026-04-14T15:36:27","modified_gmt":"2026-04-14T13:36:27","slug":"herve-paris-jupe-noor-b-uniquement-en-satin","status":"publish","type":"product","link":"https:\/\/www.koonings.com\/fr\/product\/herve-paris-jupe-noor-b-uniquement-en-satin\/","title":{"rendered":"Herve Paris Jupe Noor-B uniquement en satin"},"content":{"rendered":"<p>Cette jupe princesse en mikado avec une fente audacieuse est parfaite pour les mari\u00e9es qui veulent de l&#8217;\u00e9l\u00e9gance avec une touche de drame. \u00c9galement disponible en satin dans le mod\u00e8le Noor-B pour un look plus doux et minimaliste, de la collection Mix &amp; Match d&#8217;Herv\u00e9 Paris. <\/p>\n","protected":false},"featured_media":108577,"template":"","meta":{"_acf_changed":false,"ghostkit_customizer_options":"","ghostkit_custom_css":"","ghostkit_custom_js_head":"","ghostkit_custom_js_foot":"","ghostkit_typography":""},"productdetails":[378],"productneck":[355],"productcolor":[392],"maat":[],"productsupplier":[424],"productsleeve":[363],"productcategory":[18],"productsilhouette":[384,388],"productstyle":[365,372],"class_list":["post-108576","product","type-product","status-publish","has-post-thumbnail","hentry","productdetails-378","productneck-355","productcolor-392","productsupplier-herve-paris","productsleeve-363","productcategory-trouwjurken","productsilhouette-384","productsilhouette-388","productstyle-365","productstyle-372"],"acf":[],"yoast_head":"<!-- This site is optimized with the Yoast SEO plugin v27.3 - https:\/\/yoast.com\/product\/yoast-seo-wordpress\/ -->\n<title>Herve Paris Jupe Noor-B uniquement en satin | Koonings<\/title>\n<meta name=\"description\" content=\"Cette jupe princesse en mikado avec une fente audacieuse est parfaite pour les mari\u00e9es qui veulent de l&#039;\u00e9l\u00e9gance avec une touche de drame. \u00c9galement disponible en satin dans le mod\u00e8le Noor-B pour un look plus doux et minimaliste, de la collection Mix &amp; Match d&#039;Herv\u00e9 Paris.\" \/>\n<meta name=\"robots\" content=\"index, follow, max-snippet:-1, max-image-preview:large, max-video-preview:-1\" \/>\n<link rel=\"canonical\" href=\"https:\/\/www.koonings.com\/fr\/product\/herve-paris-jupe-noor-b-uniquement-en-satin\/\" \/>\n<meta property=\"og:locale\" content=\"fr_FR\" \/>\n<meta property=\"og:type\" content=\"article\" \/>\n<meta property=\"og:title\" content=\"Herve Paris Jupe Noor-B uniquement en satin | Koonings\" \/>\n<meta property=\"og:description\" content=\"Cette jupe princesse en mikado avec une fente audacieuse est parfaite pour les mari\u00e9es qui veulent de l&#039;\u00e9l\u00e9gance avec une touche de drame. \u00c9galement disponible en satin dans le mod\u00e8le Noor-B pour un look plus doux et minimaliste, de la collection Mix &amp; Match d&#039;Herv\u00e9 Paris.\" \/>\n<meta property=\"og:url\" content=\"https:\/\/www.koonings.com\/fr\/product\/herve-paris-jupe-noor-b-uniquement-en-satin\/\" \/>\n<meta property=\"og:site_name\" content=\"Koonings\" \/>\n<meta property=\"article:publisher\" content=\"https:\/\/www.facebook.com\/kooningstheweddingpalace\" \/>\n<meta property=\"og:image\" content=\"https:\/\/www.koonings.com\/wp-content\/uploads\/2025\/11\/51064_52673262662b5baa2c1384dfb17ce31961f247405f74005f756dc374a5ca95c943b0fc85.jpeg\" \/>\n\t<meta property=\"og:image:width\" content=\"1312\" \/>\n\t<meta property=\"og:image:height\" content=\"1858\" \/>\n\t<meta property=\"og:image:type\" content=\"image\/jpeg\" \/>\n<meta name=\"twitter:card\" content=\"summary_large_image\" \/>\n<script type=\"application\/ld+json\" class=\"yoast-schema-graph\">{\"@context\":\"https:\\\/\\\/schema.org\",\"@graph\":[{\"@type\":\"WebPage\",\"@id\":\"https:\\\/\\\/www.koonings.com\\\/fr\\\/product\\\/herve-paris-jupe-noor-b-uniquement-en-satin\\\/\",\"url\":\"https:\\\/\\\/www.koonings.com\\\/fr\\\/product\\\/herve-paris-jupe-noor-b-uniquement-en-satin\\\/\",\"name\":\"Herve Paris Jupe Noor-B uniquement en satin | Koonings\",\"isPartOf\":{\"@id\":\"https:\\\/\\\/www.koonings.com\\\/fr\\\/#website\"},\"primaryImageOfPage\":{\"@id\":\"https:\\\/\\\/www.koonings.com\\\/fr\\\/product\\\/herve-paris-jupe-noor-b-uniquement-en-satin\\\/#primaryimage\"},\"image\":{\"@id\":\"https:\\\/\\\/www.koonings.com\\\/fr\\\/product\\\/herve-paris-jupe-noor-b-uniquement-en-satin\\\/#primaryimage\"},\"thumbnailUrl\":\"https:\\\/\\\/www.koonings.com\\\/wp-content\\\/uploads\\\/2025\\\/11\\\/51064_52673262662b5baa2c1384dfb17ce31961f247405f74005f756dc374a5ca95c943b0fc85.jpeg\",\"datePublished\":\"2026-04-21T16:36:39+00:00\",\"description\":\"Cette jupe princesse en mikado avec une fente audacieuse est parfaite pour les mari\u00e9es qui veulent de l'\u00e9l\u00e9gance avec une touche de drame. \u00c9galement disponible en satin dans le mod\u00e8le Noor-B pour un look plus doux et minimaliste, de la collection Mix & Match d'Herv\u00e9 Paris.\",\"breadcrumb\":{\"@id\":\"https:\\\/\\\/www.koonings.com\\\/fr\\\/product\\\/herve-paris-jupe-noor-b-uniquement-en-satin\\\/#breadcrumb\"},\"inLanguage\":\"fr-FR\",\"potentialAction\":[{\"@type\":\"ReadAction\",\"target\":[\"https:\\\/\\\/www.koonings.com\\\/fr\\\/product\\\/herve-paris-jupe-noor-b-uniquement-en-satin\\\/\"]}]},{\"@type\":\"ImageObject\",\"inLanguage\":\"fr-FR\",\"@id\":\"https:\\\/\\\/www.koonings.com\\\/fr\\\/product\\\/herve-paris-jupe-noor-b-uniquement-en-satin\\\/#primaryimage\",\"url\":\"https:\\\/\\\/www.koonings.com\\\/wp-content\\\/uploads\\\/2025\\\/11\\\/51064_52673262662b5baa2c1384dfb17ce31961f247405f74005f756dc374a5ca95c943b0fc85.jpeg\",\"contentUrl\":\"https:\\\/\\\/www.koonings.com\\\/wp-content\\\/uploads\\\/2025\\\/11\\\/51064_52673262662b5baa2c1384dfb17ce31961f247405f74005f756dc374a5ca95c943b0fc85.jpeg\",\"width\":1312,\"height\":1858},{\"@type\":\"BreadcrumbList\",\"@id\":\"https:\\\/\\\/www.koonings.com\\\/fr\\\/product\\\/herve-paris-jupe-noor-b-uniquement-en-satin\\\/#breadcrumb\",\"itemListElement\":[{\"@type\":\"ListItem\",\"position\":1,\"name\":\"Home\",\"item\":\"https:\\\/\\\/www.koonings.com\\\/fr\\\/\"},{\"@type\":\"ListItem\",\"position\":2,\"name\":\"Herve Paris Jupe Noor-B uniquement en satin\"}]},{\"@type\":\"WebSite\",\"@id\":\"https:\\\/\\\/www.koonings.com\\\/fr\\\/#website\",\"url\":\"https:\\\/\\\/www.koonings.com\\\/fr\\\/\",\"name\":\"Koonings\",\"description\":\"De grootste bruidsmodewinkel ter wereld\",\"publisher\":{\"@id\":\"https:\\\/\\\/www.koonings.com\\\/fr\\\/#organization\"},\"potentialAction\":[{\"@type\":\"SearchAction\",\"target\":{\"@type\":\"EntryPoint\",\"urlTemplate\":\"https:\\\/\\\/www.koonings.com\\\/fr\\\/?s={search_term_string}\"},\"query-input\":{\"@type\":\"PropertyValueSpecification\",\"valueRequired\":true,\"valueName\":\"search_term_string\"}}],\"inLanguage\":\"fr-FR\"},{\"@type\":\"Organization\",\"@id\":\"https:\\\/\\\/www.koonings.com\\\/fr\\\/#organization\",\"name\":\"Koonings\",\"url\":\"https:\\\/\\\/www.koonings.com\\\/fr\\\/\",\"logo\":{\"@type\":\"ImageObject\",\"inLanguage\":\"fr-FR\",\"@id\":\"https:\\\/\\\/www.koonings.com\\\/fr\\\/#\\\/schema\\\/logo\\\/image\\\/\",\"url\":\"https:\\\/\\\/www.koonings.com\\\/wp-content\\\/uploads\\\/2024\\\/07\\\/logo.png\",\"contentUrl\":\"https:\\\/\\\/www.koonings.com\\\/wp-content\\\/uploads\\\/2024\\\/07\\\/logo.png\",\"width\":600,\"height\":428,\"caption\":\"Koonings\"},\"image\":{\"@id\":\"https:\\\/\\\/www.koonings.com\\\/fr\\\/#\\\/schema\\\/logo\\\/image\\\/\"},\"sameAs\":[\"https:\\\/\\\/www.facebook.com\\\/kooningstheweddingpalace\",\"https:\\\/\\\/www.instagram.com\\\/kooningstheweddingpalace\",\"https:\\\/\\\/www.pinterest.com\\\/koonings\",\"https:\\\/\\\/www.youtube.com\\\/kooningstheweddingpalace\"]}]}<\/script>\n<!-- \/ Yoast SEO plugin. -->","yoast_head_json":{"title":"Herve Paris Jupe Noor-B uniquement en satin | Koonings","description":"Cette jupe princesse en mikado avec une fente audacieuse est parfaite pour les mari\u00e9es qui veulent de l'\u00e9l\u00e9gance avec une touche de drame. \u00c9galement disponible en satin dans le mod\u00e8le Noor-B pour un look plus doux et minimaliste, de la collection Mix & Match d'Herv\u00e9 Paris.","robots":{"index":"index","follow":"follow","max-snippet":"max-snippet:-1","max-image-preview":"max-image-preview:large","max-video-preview":"max-video-preview:-1"},"canonical":"https:\/\/www.koonings.com\/fr\/product\/herve-paris-jupe-noor-b-uniquement-en-satin\/","og_locale":"fr_FR","og_type":"article","og_title":"Herve Paris Jupe Noor-B uniquement en satin | Koonings","og_description":"Cette jupe princesse en mikado avec une fente audacieuse est parfaite pour les mari\u00e9es qui veulent de l'\u00e9l\u00e9gance avec une touche de drame. \u00c9galement disponible en satin dans le mod\u00e8le Noor-B pour un look plus doux et minimaliste, de la collection Mix & Match d'Herv\u00e9 Paris.","og_url":"https:\/\/www.koonings.com\/fr\/product\/herve-paris-jupe-noor-b-uniquement-en-satin\/","og_site_name":"Koonings","article_publisher":"https:\/\/www.facebook.com\/kooningstheweddingpalace","og_image":[{"width":1312,"height":1858,"url":"https:\/\/www.koonings.com\/wp-content\/uploads\/2025\/11\/51064_52673262662b5baa2c1384dfb17ce31961f247405f74005f756dc374a5ca95c943b0fc85.jpeg","type":"image\/jpeg"}],"twitter_card":"summary_large_image","schema":{"@context":"https:\/\/schema.org","@graph":[{"@type":"WebPage","@id":"https:\/\/www.koonings.com\/fr\/product\/herve-paris-jupe-noor-b-uniquement-en-satin\/","url":"https:\/\/www.koonings.com\/fr\/product\/herve-paris-jupe-noor-b-uniquement-en-satin\/","name":"Herve Paris Jupe Noor-B uniquement en satin | Koonings","isPartOf":{"@id":"https:\/\/www.koonings.com\/fr\/#website"},"primaryImageOfPage":{"@id":"https:\/\/www.koonings.com\/fr\/product\/herve-paris-jupe-noor-b-uniquement-en-satin\/#primaryimage"},"image":{"@id":"https:\/\/www.koonings.com\/fr\/product\/herve-paris-jupe-noor-b-uniquement-en-satin\/#primaryimage"},"thumbnailUrl":"https:\/\/www.koonings.com\/wp-content\/uploads\/2025\/11\/51064_52673262662b5baa2c1384dfb17ce31961f247405f74005f756dc374a5ca95c943b0fc85.jpeg","datePublished":"2026-04-21T16:36:39+00:00","description":"Cette jupe princesse en mikado avec une fente audacieuse est parfaite pour les mari\u00e9es qui veulent de l'\u00e9l\u00e9gance avec une touche de drame. \u00c9galement disponible en satin dans le mod\u00e8le Noor-B pour un look plus doux et minimaliste, de la collection Mix & Match d'Herv\u00e9 Paris.","breadcrumb":{"@id":"https:\/\/www.koonings.com\/fr\/product\/herve-paris-jupe-noor-b-uniquement-en-satin\/#breadcrumb"},"inLanguage":"fr-FR","potentialAction":[{"@type":"ReadAction","target":["https:\/\/www.koonings.com\/fr\/product\/herve-paris-jupe-noor-b-uniquement-en-satin\/"]}]},{"@type":"ImageObject","inLanguage":"fr-FR","@id":"https:\/\/www.koonings.com\/fr\/product\/herve-paris-jupe-noor-b-uniquement-en-satin\/#primaryimage","url":"https:\/\/www.koonings.com\/wp-content\/uploads\/2025\/11\/51064_52673262662b5baa2c1384dfb17ce31961f247405f74005f756dc374a5ca95c943b0fc85.jpeg","contentUrl":"https:\/\/www.koonings.com\/wp-content\/uploads\/2025\/11\/51064_52673262662b5baa2c1384dfb17ce31961f247405f74005f756dc374a5ca95c943b0fc85.jpeg","width":1312,"height":1858},{"@type":"BreadcrumbList","@id":"https:\/\/www.koonings.com\/fr\/product\/herve-paris-jupe-noor-b-uniquement-en-satin\/#breadcrumb","itemListElement":[{"@type":"ListItem","position":1,"name":"Home","item":"https:\/\/www.koonings.com\/fr\/"},{"@type":"ListItem","position":2,"name":"Herve Paris Jupe Noor-B uniquement en satin"}]},{"@type":"WebSite","@id":"https:\/\/www.koonings.com\/fr\/#website","url":"https:\/\/www.koonings.com\/fr\/","name":"Koonings","description":"De grootste bruidsmodewinkel ter wereld","publisher":{"@id":"https:\/\/www.koonings.com\/fr\/#organization"},"potentialAction":[{"@type":"SearchAction","target":{"@type":"EntryPoint","urlTemplate":"https:\/\/www.koonings.com\/fr\/?s={search_term_string}"},"query-input":{"@type":"PropertyValueSpecification","valueRequired":true,"valueName":"search_term_string"}}],"inLanguage":"fr-FR"},{"@type":"Organization","@id":"https:\/\/www.koonings.com\/fr\/#organization","name":"Koonings","url":"https:\/\/www.koonings.com\/fr\/","logo":{"@type":"ImageObject","inLanguage":"fr-FR","@id":"https:\/\/www.koonings.com\/fr\/#\/schema\/logo\/image\/","url":"https:\/\/www.koonings.com\/wp-content\/uploads\/2024\/07\/logo.png","contentUrl":"https:\/\/www.koonings.com\/wp-content\/uploads\/2024\/07\/logo.png","width":600,"height":428,"caption":"Koonings"},"image":{"@id":"https:\/\/www.koonings.com\/fr\/#\/schema\/logo\/image\/"},"sameAs":["https:\/\/www.facebook.com\/kooningstheweddingpalace","https:\/\/www.instagram.com\/kooningstheweddingpalace","https:\/\/www.pinterest.com\/koonings","https:\/\/www.youtube.com\/kooningstheweddingpalace"]}]}},"_links":{"self":[{"href":"https:\/\/www.koonings.com\/fr\/wp-json\/wp\/v2\/product\/108576","targetHints":{"allow":["GET"]}}],"collection":[{"href":"https:\/\/www.koonings.com\/fr\/wp-json\/wp\/v2\/product"}],"about":[{"href":"https:\/\/www.koonings.com\/fr\/wp-json\/wp\/v2\/types\/product"}],"wp:featuredmedia":[{"embeddable":true,"href":"https:\/\/www.koonings.com\/fr\/wp-json\/wp\/v2\/media\/108577"}],"wp:attachment":[{"href":"https:\/\/www.koonings.com\/fr\/wp-json\/wp\/v2\/media?parent=108576"}],"wp:term":[{"taxonomy":"productdetails","embeddable":true,"href":"https:\/\/www.koonings.com\/fr\/wp-json\/wp\/v2\/productdetails?post=108576"},{"taxonomy":"productneck","embeddable":true,"href":"https:\/\/www.koonings.com\/fr\/wp-json\/wp\/v2\/productneck?post=108576"},{"taxonomy":"productcolor","embeddable":true,"href":"https:\/\/www.koonings.com\/fr\/wp-json\/wp\/v2\/productcolor?post=108576"},{"taxonomy":"maat","embeddable":true,"href":"https:\/\/www.koonings.com\/fr\/wp-json\/wp\/v2\/maat?post=108576"},{"taxonomy":"productsupplier","embeddable":true,"href":"https:\/\/www.koonings.com\/fr\/wp-json\/wp\/v2\/productsupplier?post=108576"},{"taxonomy":"productsleeve","embeddable":true,"href":"https:\/\/www.koonings.com\/fr\/wp-json\/wp\/v2\/productsleeve?post=108576"},{"taxonomy":"productcategory","embeddable":true,"href":"https:\/\/www.koonings.com\/fr\/wp-json\/wp\/v2\/productcategory?post=108576"},{"taxonomy":"productsilhouette","embeddable":true,"href":"https:\/\/www.koonings.com\/fr\/wp-json\/wp\/v2\/productsilhouette?post=108576"},{"taxonomy":"productstyle","embeddable":true,"href":"https:\/\/www.koonings.com\/fr\/wp-json\/wp\/v2\/productstyle?post=108576"}],"curies":[{"name":"wp","href":"https:\/\/api.w.org\/{rel}","templated":true}]}}