{"id":108568,"date":"2026-04-14T16:36:27","date_gmt":"2026-04-14T14:36:27","guid":{"rendered":"https:\/\/www.koonings.com\/product\/herve-paris-top-noor-b-uniquement-en-satin\/"},"modified":"2026-04-14T15:36:27","modified_gmt":"2026-04-14T13:36:27","slug":"herve-paris-top-noor-b-uniquement-en-satin","status":"publish","type":"product","link":"https:\/\/www.koonings.com\/fr\/product\/herve-paris-top-noor-b-uniquement-en-satin\/","title":{"rendered":"Herve Paris Top Noor-B uniquement en satin"},"content":{"rendered":"<p>Un choix sophistiqu\u00e9 pour la mari\u00e9e moderne : ce top en mikado de la collection Mix &amp; Match d&#8217;Herv\u00e9 Paris pr\u00e9sente une encolure en forme de c\u0153ur avec un doux pliss\u00e9 en cascade, des bretelles d\u00e9collet\u00e9es chics et une taille basque flatteuse. \u00c9galement disponible en satin dans le mod\u00e8le Noor-B, pour un look plus lisse et plus minimaliste. <\/p>\n","protected":false},"featured_media":108570,"template":"","meta":{"_acf_changed":false,"ghostkit_customizer_options":"","ghostkit_custom_css":"","ghostkit_custom_js_head":"","ghostkit_custom_js_foot":"","ghostkit_typography":""},"productdetails":[],"productneck":[355],"productcolor":[392],"maat":[],"productsupplier":[424],"productsleeve":[363],"productcategory":[18],"productsilhouette":[384],"productstyle":[371],"class_list":["post-108568","product","type-product","status-publish","has-post-thumbnail","hentry","productneck-355","productcolor-392","productsupplier-herve-paris","productsleeve-363","productcategory-trouwjurken","productsilhouette-384","productstyle-371"],"acf":[],"yoast_head":"<!-- This site is optimized with the Yoast SEO plugin v27.3 - https:\/\/yoast.com\/product\/yoast-seo-wordpress\/ -->\n<title>Herve Paris Top Noor-B uniquement en satin | Koonings<\/title>\n<meta name=\"description\" content=\"Un choix sophistiqu\u00e9 pour la mari\u00e9e moderne : ce top en mikado de la collection Mix &amp; Match d&#039;Herv\u00e9 Paris pr\u00e9sente une encolure en forme de c\u0153ur avec un doux pliss\u00e9 en cascade, des bretelles d\u00e9collet\u00e9es chics et une taille basque flatteuse. \u00c9galement disponible en satin dans le mod\u00e8le Noor-B, pour un look plus lisse et plus minimaliste.\" \/>\n<meta name=\"robots\" content=\"index, follow, max-snippet:-1, max-image-preview:large, max-video-preview:-1\" \/>\n<link rel=\"canonical\" href=\"https:\/\/www.koonings.com\/fr\/product\/herve-paris-top-noor-b-uniquement-en-satin\/\" \/>\n<meta property=\"og:locale\" content=\"fr_FR\" \/>\n<meta property=\"og:type\" content=\"article\" \/>\n<meta property=\"og:title\" content=\"Herve Paris Top Noor-B uniquement en satin | Koonings\" \/>\n<meta property=\"og:description\" content=\"Un choix sophistiqu\u00e9 pour la mari\u00e9e moderne : ce top en mikado de la collection Mix &amp; Match d&#039;Herv\u00e9 Paris pr\u00e9sente une encolure en forme de c\u0153ur avec un doux pliss\u00e9 en cascade, des bretelles d\u00e9collet\u00e9es chics et une taille basque flatteuse. \u00c9galement disponible en satin dans le mod\u00e8le Noor-B, pour un look plus lisse et plus minimaliste.\" \/>\n<meta property=\"og:url\" content=\"https:\/\/www.koonings.com\/fr\/product\/herve-paris-top-noor-b-uniquement-en-satin\/\" \/>\n<meta property=\"og:site_name\" content=\"Koonings\" \/>\n<meta property=\"article:publisher\" content=\"https:\/\/www.facebook.com\/kooningstheweddingpalace\" \/>\n<meta property=\"og:image\" content=\"https:\/\/www.koonings.com\/wp-content\/uploads\/2025\/11\/51063_aa42ecf52b716b54d3210a2fd336e075898c5b9de9a396114ee7faaaf8fe5a999bbbcf27.jpeg\" \/>\n\t<meta property=\"og:image:width\" content=\"1472\" \/>\n\t<meta property=\"og:image:height\" content=\"2084\" \/>\n\t<meta property=\"og:image:type\" content=\"image\/jpeg\" \/>\n<meta name=\"twitter:card\" content=\"summary_large_image\" \/>\n<script type=\"application\/ld+json\" class=\"yoast-schema-graph\">{\"@context\":\"https:\\\/\\\/schema.org\",\"@graph\":[{\"@type\":\"WebPage\",\"@id\":\"https:\\\/\\\/www.koonings.com\\\/fr\\\/product\\\/herve-paris-top-noor-b-uniquement-en-satin\\\/\",\"url\":\"https:\\\/\\\/www.koonings.com\\\/fr\\\/product\\\/herve-paris-top-noor-b-uniquement-en-satin\\\/\",\"name\":\"Herve Paris Top Noor-B uniquement en satin | Koonings\",\"isPartOf\":{\"@id\":\"https:\\\/\\\/www.koonings.com\\\/fr\\\/#website\"},\"primaryImageOfPage\":{\"@id\":\"https:\\\/\\\/www.koonings.com\\\/fr\\\/product\\\/herve-paris-top-noor-b-uniquement-en-satin\\\/#primaryimage\"},\"image\":{\"@id\":\"https:\\\/\\\/www.koonings.com\\\/fr\\\/product\\\/herve-paris-top-noor-b-uniquement-en-satin\\\/#primaryimage\"},\"thumbnailUrl\":\"https:\\\/\\\/www.koonings.com\\\/wp-content\\\/uploads\\\/2025\\\/11\\\/51063_aa42ecf52b716b54d3210a2fd336e075898c5b9de9a396114ee7faaaf8fe5a999bbbcf27.jpeg\",\"datePublished\":\"2026-04-14T14:36:27+00:00\",\"description\":\"Un choix sophistiqu\u00e9 pour la mari\u00e9e moderne : ce top en mikado de la collection Mix & Match d'Herv\u00e9 Paris pr\u00e9sente une encolure en forme de c\u0153ur avec un doux pliss\u00e9 en cascade, des bretelles d\u00e9collet\u00e9es chics et une taille basque flatteuse. \u00c9galement disponible en satin dans le mod\u00e8le Noor-B, pour un look plus lisse et plus minimaliste.\",\"breadcrumb\":{\"@id\":\"https:\\\/\\\/www.koonings.com\\\/fr\\\/product\\\/herve-paris-top-noor-b-uniquement-en-satin\\\/#breadcrumb\"},\"inLanguage\":\"fr-FR\",\"potentialAction\":[{\"@type\":\"ReadAction\",\"target\":[\"https:\\\/\\\/www.koonings.com\\\/fr\\\/product\\\/herve-paris-top-noor-b-uniquement-en-satin\\\/\"]}]},{\"@type\":\"ImageObject\",\"inLanguage\":\"fr-FR\",\"@id\":\"https:\\\/\\\/www.koonings.com\\\/fr\\\/product\\\/herve-paris-top-noor-b-uniquement-en-satin\\\/#primaryimage\",\"url\":\"https:\\\/\\\/www.koonings.com\\\/wp-content\\\/uploads\\\/2025\\\/11\\\/51063_aa42ecf52b716b54d3210a2fd336e075898c5b9de9a396114ee7faaaf8fe5a999bbbcf27.jpeg\",\"contentUrl\":\"https:\\\/\\\/www.koonings.com\\\/wp-content\\\/uploads\\\/2025\\\/11\\\/51063_aa42ecf52b716b54d3210a2fd336e075898c5b9de9a396114ee7faaaf8fe5a999bbbcf27.jpeg\",\"width\":1472,\"height\":2084},{\"@type\":\"BreadcrumbList\",\"@id\":\"https:\\\/\\\/www.koonings.com\\\/fr\\\/product\\\/herve-paris-top-noor-b-uniquement-en-satin\\\/#breadcrumb\",\"itemListElement\":[{\"@type\":\"ListItem\",\"position\":1,\"name\":\"Home\",\"item\":\"https:\\\/\\\/www.koonings.com\\\/fr\\\/\"},{\"@type\":\"ListItem\",\"position\":2,\"name\":\"Herve Paris Top Noor-B uniquement en satin\"}]},{\"@type\":\"WebSite\",\"@id\":\"https:\\\/\\\/www.koonings.com\\\/fr\\\/#website\",\"url\":\"https:\\\/\\\/www.koonings.com\\\/fr\\\/\",\"name\":\"Koonings\",\"description\":\"De grootste bruidsmodewinkel ter wereld\",\"publisher\":{\"@id\":\"https:\\\/\\\/www.koonings.com\\\/fr\\\/#organization\"},\"potentialAction\":[{\"@type\":\"SearchAction\",\"target\":{\"@type\":\"EntryPoint\",\"urlTemplate\":\"https:\\\/\\\/www.koonings.com\\\/fr\\\/?s={search_term_string}\"},\"query-input\":{\"@type\":\"PropertyValueSpecification\",\"valueRequired\":true,\"valueName\":\"search_term_string\"}}],\"inLanguage\":\"fr-FR\"},{\"@type\":\"Organization\",\"@id\":\"https:\\\/\\\/www.koonings.com\\\/fr\\\/#organization\",\"name\":\"Koonings\",\"url\":\"https:\\\/\\\/www.koonings.com\\\/fr\\\/\",\"logo\":{\"@type\":\"ImageObject\",\"inLanguage\":\"fr-FR\",\"@id\":\"https:\\\/\\\/www.koonings.com\\\/fr\\\/#\\\/schema\\\/logo\\\/image\\\/\",\"url\":\"https:\\\/\\\/www.koonings.com\\\/wp-content\\\/uploads\\\/2024\\\/07\\\/logo.png\",\"contentUrl\":\"https:\\\/\\\/www.koonings.com\\\/wp-content\\\/uploads\\\/2024\\\/07\\\/logo.png\",\"width\":600,\"height\":428,\"caption\":\"Koonings\"},\"image\":{\"@id\":\"https:\\\/\\\/www.koonings.com\\\/fr\\\/#\\\/schema\\\/logo\\\/image\\\/\"},\"sameAs\":[\"https:\\\/\\\/www.facebook.com\\\/kooningstheweddingpalace\",\"https:\\\/\\\/www.instagram.com\\\/kooningstheweddingpalace\",\"https:\\\/\\\/www.pinterest.com\\\/koonings\",\"https:\\\/\\\/www.youtube.com\\\/kooningstheweddingpalace\"]}]}<\/script>\n<!-- \/ Yoast SEO plugin. -->","yoast_head_json":{"title":"Herve Paris Top Noor-B uniquement en satin | Koonings","description":"Un choix sophistiqu\u00e9 pour la mari\u00e9e moderne : ce top en mikado de la collection Mix & Match d'Herv\u00e9 Paris pr\u00e9sente une encolure en forme de c\u0153ur avec un doux pliss\u00e9 en cascade, des bretelles d\u00e9collet\u00e9es chics et une taille basque flatteuse. \u00c9galement disponible en satin dans le mod\u00e8le Noor-B, pour un look plus lisse et plus minimaliste.","robots":{"index":"index","follow":"follow","max-snippet":"max-snippet:-1","max-image-preview":"max-image-preview:large","max-video-preview":"max-video-preview:-1"},"canonical":"https:\/\/www.koonings.com\/fr\/product\/herve-paris-top-noor-b-uniquement-en-satin\/","og_locale":"fr_FR","og_type":"article","og_title":"Herve Paris Top Noor-B uniquement en satin | Koonings","og_description":"Un choix sophistiqu\u00e9 pour la mari\u00e9e moderne : ce top en mikado de la collection Mix & Match d'Herv\u00e9 Paris pr\u00e9sente une encolure en forme de c\u0153ur avec un doux pliss\u00e9 en cascade, des bretelles d\u00e9collet\u00e9es chics et une taille basque flatteuse. \u00c9galement disponible en satin dans le mod\u00e8le Noor-B, pour un look plus lisse et plus minimaliste.","og_url":"https:\/\/www.koonings.com\/fr\/product\/herve-paris-top-noor-b-uniquement-en-satin\/","og_site_name":"Koonings","article_publisher":"https:\/\/www.facebook.com\/kooningstheweddingpalace","og_image":[{"width":1472,"height":2084,"url":"https:\/\/www.koonings.com\/wp-content\/uploads\/2025\/11\/51063_aa42ecf52b716b54d3210a2fd336e075898c5b9de9a396114ee7faaaf8fe5a999bbbcf27.jpeg","type":"image\/jpeg"}],"twitter_card":"summary_large_image","schema":{"@context":"https:\/\/schema.org","@graph":[{"@type":"WebPage","@id":"https:\/\/www.koonings.com\/fr\/product\/herve-paris-top-noor-b-uniquement-en-satin\/","url":"https:\/\/www.koonings.com\/fr\/product\/herve-paris-top-noor-b-uniquement-en-satin\/","name":"Herve Paris Top Noor-B uniquement en satin | Koonings","isPartOf":{"@id":"https:\/\/www.koonings.com\/fr\/#website"},"primaryImageOfPage":{"@id":"https:\/\/www.koonings.com\/fr\/product\/herve-paris-top-noor-b-uniquement-en-satin\/#primaryimage"},"image":{"@id":"https:\/\/www.koonings.com\/fr\/product\/herve-paris-top-noor-b-uniquement-en-satin\/#primaryimage"},"thumbnailUrl":"https:\/\/www.koonings.com\/wp-content\/uploads\/2025\/11\/51063_aa42ecf52b716b54d3210a2fd336e075898c5b9de9a396114ee7faaaf8fe5a999bbbcf27.jpeg","datePublished":"2026-04-14T14:36:27+00:00","description":"Un choix sophistiqu\u00e9 pour la mari\u00e9e moderne : ce top en mikado de la collection Mix & Match d'Herv\u00e9 Paris pr\u00e9sente une encolure en forme de c\u0153ur avec un doux pliss\u00e9 en cascade, des bretelles d\u00e9collet\u00e9es chics et une taille basque flatteuse. \u00c9galement disponible en satin dans le mod\u00e8le Noor-B, pour un look plus lisse et plus minimaliste.","breadcrumb":{"@id":"https:\/\/www.koonings.com\/fr\/product\/herve-paris-top-noor-b-uniquement-en-satin\/#breadcrumb"},"inLanguage":"fr-FR","potentialAction":[{"@type":"ReadAction","target":["https:\/\/www.koonings.com\/fr\/product\/herve-paris-top-noor-b-uniquement-en-satin\/"]}]},{"@type":"ImageObject","inLanguage":"fr-FR","@id":"https:\/\/www.koonings.com\/fr\/product\/herve-paris-top-noor-b-uniquement-en-satin\/#primaryimage","url":"https:\/\/www.koonings.com\/wp-content\/uploads\/2025\/11\/51063_aa42ecf52b716b54d3210a2fd336e075898c5b9de9a396114ee7faaaf8fe5a999bbbcf27.jpeg","contentUrl":"https:\/\/www.koonings.com\/wp-content\/uploads\/2025\/11\/51063_aa42ecf52b716b54d3210a2fd336e075898c5b9de9a396114ee7faaaf8fe5a999bbbcf27.jpeg","width":1472,"height":2084},{"@type":"BreadcrumbList","@id":"https:\/\/www.koonings.com\/fr\/product\/herve-paris-top-noor-b-uniquement-en-satin\/#breadcrumb","itemListElement":[{"@type":"ListItem","position":1,"name":"Home","item":"https:\/\/www.koonings.com\/fr\/"},{"@type":"ListItem","position":2,"name":"Herve Paris Top Noor-B uniquement en satin"}]},{"@type":"WebSite","@id":"https:\/\/www.koonings.com\/fr\/#website","url":"https:\/\/www.koonings.com\/fr\/","name":"Koonings","description":"De grootste bruidsmodewinkel ter wereld","publisher":{"@id":"https:\/\/www.koonings.com\/fr\/#organization"},"potentialAction":[{"@type":"SearchAction","target":{"@type":"EntryPoint","urlTemplate":"https:\/\/www.koonings.com\/fr\/?s={search_term_string}"},"query-input":{"@type":"PropertyValueSpecification","valueRequired":true,"valueName":"search_term_string"}}],"inLanguage":"fr-FR"},{"@type":"Organization","@id":"https:\/\/www.koonings.com\/fr\/#organization","name":"Koonings","url":"https:\/\/www.koonings.com\/fr\/","logo":{"@type":"ImageObject","inLanguage":"fr-FR","@id":"https:\/\/www.koonings.com\/fr\/#\/schema\/logo\/image\/","url":"https:\/\/www.koonings.com\/wp-content\/uploads\/2024\/07\/logo.png","contentUrl":"https:\/\/www.koonings.com\/wp-content\/uploads\/2024\/07\/logo.png","width":600,"height":428,"caption":"Koonings"},"image":{"@id":"https:\/\/www.koonings.com\/fr\/#\/schema\/logo\/image\/"},"sameAs":["https:\/\/www.facebook.com\/kooningstheweddingpalace","https:\/\/www.instagram.com\/kooningstheweddingpalace","https:\/\/www.pinterest.com\/koonings","https:\/\/www.youtube.com\/kooningstheweddingpalace"]}]}},"_links":{"self":[{"href":"https:\/\/www.koonings.com\/fr\/wp-json\/wp\/v2\/product\/108568","targetHints":{"allow":["GET"]}}],"collection":[{"href":"https:\/\/www.koonings.com\/fr\/wp-json\/wp\/v2\/product"}],"about":[{"href":"https:\/\/www.koonings.com\/fr\/wp-json\/wp\/v2\/types\/product"}],"wp:featuredmedia":[{"embeddable":true,"href":"https:\/\/www.koonings.com\/fr\/wp-json\/wp\/v2\/media\/108570"}],"wp:attachment":[{"href":"https:\/\/www.koonings.com\/fr\/wp-json\/wp\/v2\/media?parent=108568"}],"wp:term":[{"taxonomy":"productdetails","embeddable":true,"href":"https:\/\/www.koonings.com\/fr\/wp-json\/wp\/v2\/productdetails?post=108568"},{"taxonomy":"productneck","embeddable":true,"href":"https:\/\/www.koonings.com\/fr\/wp-json\/wp\/v2\/productneck?post=108568"},{"taxonomy":"productcolor","embeddable":true,"href":"https:\/\/www.koonings.com\/fr\/wp-json\/wp\/v2\/productcolor?post=108568"},{"taxonomy":"maat","embeddable":true,"href":"https:\/\/www.koonings.com\/fr\/wp-json\/wp\/v2\/maat?post=108568"},{"taxonomy":"productsupplier","embeddable":true,"href":"https:\/\/www.koonings.com\/fr\/wp-json\/wp\/v2\/productsupplier?post=108568"},{"taxonomy":"productsleeve","embeddable":true,"href":"https:\/\/www.koonings.com\/fr\/wp-json\/wp\/v2\/productsleeve?post=108568"},{"taxonomy":"productcategory","embeddable":true,"href":"https:\/\/www.koonings.com\/fr\/wp-json\/wp\/v2\/productcategory?post=108568"},{"taxonomy":"productsilhouette","embeddable":true,"href":"https:\/\/www.koonings.com\/fr\/wp-json\/wp\/v2\/productsilhouette?post=108568"},{"taxonomy":"productstyle","embeddable":true,"href":"https:\/\/www.koonings.com\/fr\/wp-json\/wp\/v2\/productstyle?post=108568"}],"curies":[{"name":"wp","href":"https:\/\/api.w.org\/{rel}","templated":true}]}}