{"id":108536,"date":"2026-04-14T16:36:54","date_gmt":"2026-04-14T14:36:54","guid":{"rendered":"https:\/\/www.koonings.com\/product\/modeca-curves-jada\/"},"modified":"2026-04-14T15:36:49","modified_gmt":"2026-04-14T13:36:49","slug":"modeca-curves-jada","status":"publish","type":"product","link":"https:\/\/www.koonings.com\/fr\/product\/modeca-curves-jada\/","title":{"rendered":"Modeca Curves Jada"},"content":{"rendered":"<p>Cette robe de mari\u00e9e en ligne A est con\u00e7ue pour flatter et c\u00e9l\u00e9brer vos courbes de mani\u00e8re parfaite. Le d\u00e9collet\u00e9 en V profond et le corsage romantique en dentelle cr\u00e9ent un look f\u00e9minin et allong\u00e9, tandis que la jupe en tulle doux tombe sans effort pour un look de mari\u00e9e l\u00e9ger et a\u00e9rien. Le dos en V profond ajoute une touche d&#8217;allure, et les manches volantes d\u00e9tachables apportent mouvement et polyvalence.<br \/>\nD\u00e9couvrez cette robe et toute la collection Modeca Curves chez Koonings.  <\/p>\n","protected":false},"featured_media":96211,"template":"","meta":{"_acf_changed":false,"ghostkit_customizer_options":"","ghostkit_custom_css":"","ghostkit_custom_js_head":"","ghostkit_custom_js_foot":"","ghostkit_typography":""},"productdetails":[376,381],"productneck":[356],"productcolor":[392],"maat":[375],"productsupplier":[439],"productsleeve":[359],"productcategory":[18],"productsilhouette":[384],"productstyle":[366],"class_list":["post-108536","product","type-product","status-publish","has-post-thumbnail","hentry","productdetails-376","productdetails-381","productneck-356","productcolor-392","maat-375","productsupplier-modeca-curves","productsleeve-359","productcategory-trouwjurken","productsilhouette-384","productstyle-366"],"acf":[],"yoast_head":"<!-- This site is optimized with the Yoast SEO plugin v27.3 - https:\/\/yoast.com\/product\/yoast-seo-wordpress\/ -->\n<title>Modeca Curves Jada | Koonings<\/title>\n<meta name=\"description\" content=\"Cette robe de mari\u00e9e en ligne A est con\u00e7ue pour flatter et c\u00e9l\u00e9brer vos courbes de mani\u00e8re parfaite. Le d\u00e9collet\u00e9 en V profond et le corsage romantique en dentelle cr\u00e9ent un look f\u00e9minin et allong\u00e9, tandis que la jupe en tulle doux tombe sans effort pour un look de mari\u00e9e l\u00e9ger et a\u00e9rien. Le dos en V profond ajoute une touche d&#039;allure, et les manches volantes d\u00e9tachables apportent mouvement et polyvalence. D\u00e9couvrez cette robe et toute la collection Modeca Curves chez Koonings.\" \/>\n<meta name=\"robots\" content=\"index, follow, max-snippet:-1, max-image-preview:large, max-video-preview:-1\" \/>\n<link rel=\"canonical\" href=\"https:\/\/www.koonings.com\/fr\/product\/modeca-curves-jada\/\" \/>\n<meta property=\"og:locale\" content=\"fr_FR\" \/>\n<meta property=\"og:type\" content=\"article\" \/>\n<meta property=\"og:title\" content=\"Modeca Curves Jada | Koonings\" \/>\n<meta property=\"og:description\" content=\"Cette robe de mari\u00e9e en ligne A est con\u00e7ue pour flatter et c\u00e9l\u00e9brer vos courbes de mani\u00e8re parfaite. Le d\u00e9collet\u00e9 en V profond et le corsage romantique en dentelle cr\u00e9ent un look f\u00e9minin et allong\u00e9, tandis que la jupe en tulle doux tombe sans effort pour un look de mari\u00e9e l\u00e9ger et a\u00e9rien. Le dos en V profond ajoute une touche d&#039;allure, et les manches volantes d\u00e9tachables apportent mouvement et polyvalence. D\u00e9couvrez cette robe et toute la collection Modeca Curves chez Koonings.\" \/>\n<meta property=\"og:url\" content=\"https:\/\/www.koonings.com\/fr\/product\/modeca-curves-jada\/\" \/>\n<meta property=\"og:site_name\" content=\"Koonings\" \/>\n<meta property=\"article:publisher\" content=\"https:\/\/www.facebook.com\/kooningstheweddingpalace\" \/>\n<meta property=\"og:image\" content=\"https:\/\/www.koonings.com\/wp-content\/uploads\/2025\/09\/51111_a2579b4dda3ca78a65b410952d30b98e20989cf304e955d5d939b6f8e2bccfa447e5265b.jpeg\" \/>\n\t<meta property=\"og:image:width\" content=\"1615\" \/>\n\t<meta property=\"og:image:height\" content=\"2287\" \/>\n\t<meta property=\"og:image:type\" content=\"image\/jpeg\" \/>\n<meta name=\"twitter:card\" content=\"summary_large_image\" \/>\n<script type=\"application\/ld+json\" class=\"yoast-schema-graph\">{\"@context\":\"https:\\\/\\\/schema.org\",\"@graph\":[{\"@type\":\"WebPage\",\"@id\":\"https:\\\/\\\/www.koonings.com\\\/fr\\\/product\\\/modeca-curves-jada\\\/\",\"url\":\"https:\\\/\\\/www.koonings.com\\\/fr\\\/product\\\/modeca-curves-jada\\\/\",\"name\":\"Modeca Curves Jada | Koonings\",\"isPartOf\":{\"@id\":\"https:\\\/\\\/www.koonings.com\\\/fr\\\/#website\"},\"primaryImageOfPage\":{\"@id\":\"https:\\\/\\\/www.koonings.com\\\/fr\\\/product\\\/modeca-curves-jada\\\/#primaryimage\"},\"image\":{\"@id\":\"https:\\\/\\\/www.koonings.com\\\/fr\\\/product\\\/modeca-curves-jada\\\/#primaryimage\"},\"thumbnailUrl\":\"https:\\\/\\\/www.koonings.com\\\/wp-content\\\/uploads\\\/2025\\\/09\\\/51111_a2579b4dda3ca78a65b410952d30b98e20989cf304e955d5d939b6f8e2bccfa447e5265b.jpeg\",\"datePublished\":\"2026-04-14T14:36:54+00:00\",\"description\":\"Cette robe de mari\u00e9e en ligne A est con\u00e7ue pour flatter et c\u00e9l\u00e9brer vos courbes de mani\u00e8re parfaite. Le d\u00e9collet\u00e9 en V profond et le corsage romantique en dentelle cr\u00e9ent un look f\u00e9minin et allong\u00e9, tandis que la jupe en tulle doux tombe sans effort pour un look de mari\u00e9e l\u00e9ger et a\u00e9rien. Le dos en V profond ajoute une touche d'allure, et les manches volantes d\u00e9tachables apportent mouvement et polyvalence. D\u00e9couvrez cette robe et toute la collection Modeca Curves chez Koonings.\",\"breadcrumb\":{\"@id\":\"https:\\\/\\\/www.koonings.com\\\/fr\\\/product\\\/modeca-curves-jada\\\/#breadcrumb\"},\"inLanguage\":\"fr-FR\",\"potentialAction\":[{\"@type\":\"ReadAction\",\"target\":[\"https:\\\/\\\/www.koonings.com\\\/fr\\\/product\\\/modeca-curves-jada\\\/\"]}]},{\"@type\":\"ImageObject\",\"inLanguage\":\"fr-FR\",\"@id\":\"https:\\\/\\\/www.koonings.com\\\/fr\\\/product\\\/modeca-curves-jada\\\/#primaryimage\",\"url\":\"https:\\\/\\\/www.koonings.com\\\/wp-content\\\/uploads\\\/2025\\\/09\\\/51111_a2579b4dda3ca78a65b410952d30b98e20989cf304e955d5d939b6f8e2bccfa447e5265b.jpeg\",\"contentUrl\":\"https:\\\/\\\/www.koonings.com\\\/wp-content\\\/uploads\\\/2025\\\/09\\\/51111_a2579b4dda3ca78a65b410952d30b98e20989cf304e955d5d939b6f8e2bccfa447e5265b.jpeg\",\"width\":1615,\"height\":2287},{\"@type\":\"BreadcrumbList\",\"@id\":\"https:\\\/\\\/www.koonings.com\\\/fr\\\/product\\\/modeca-curves-jada\\\/#breadcrumb\",\"itemListElement\":[{\"@type\":\"ListItem\",\"position\":1,\"name\":\"Home\",\"item\":\"https:\\\/\\\/www.koonings.com\\\/fr\\\/\"},{\"@type\":\"ListItem\",\"position\":2,\"name\":\"Modeca Curves Jada\"}]},{\"@type\":\"WebSite\",\"@id\":\"https:\\\/\\\/www.koonings.com\\\/fr\\\/#website\",\"url\":\"https:\\\/\\\/www.koonings.com\\\/fr\\\/\",\"name\":\"Koonings\",\"description\":\"De grootste bruidsmodewinkel ter wereld\",\"publisher\":{\"@id\":\"https:\\\/\\\/www.koonings.com\\\/fr\\\/#organization\"},\"potentialAction\":[{\"@type\":\"SearchAction\",\"target\":{\"@type\":\"EntryPoint\",\"urlTemplate\":\"https:\\\/\\\/www.koonings.com\\\/fr\\\/?s={search_term_string}\"},\"query-input\":{\"@type\":\"PropertyValueSpecification\",\"valueRequired\":true,\"valueName\":\"search_term_string\"}}],\"inLanguage\":\"fr-FR\"},{\"@type\":\"Organization\",\"@id\":\"https:\\\/\\\/www.koonings.com\\\/fr\\\/#organization\",\"name\":\"Koonings\",\"url\":\"https:\\\/\\\/www.koonings.com\\\/fr\\\/\",\"logo\":{\"@type\":\"ImageObject\",\"inLanguage\":\"fr-FR\",\"@id\":\"https:\\\/\\\/www.koonings.com\\\/fr\\\/#\\\/schema\\\/logo\\\/image\\\/\",\"url\":\"https:\\\/\\\/www.koonings.com\\\/wp-content\\\/uploads\\\/2024\\\/07\\\/logo.png\",\"contentUrl\":\"https:\\\/\\\/www.koonings.com\\\/wp-content\\\/uploads\\\/2024\\\/07\\\/logo.png\",\"width\":600,\"height\":428,\"caption\":\"Koonings\"},\"image\":{\"@id\":\"https:\\\/\\\/www.koonings.com\\\/fr\\\/#\\\/schema\\\/logo\\\/image\\\/\"},\"sameAs\":[\"https:\\\/\\\/www.facebook.com\\\/kooningstheweddingpalace\",\"https:\\\/\\\/www.instagram.com\\\/kooningstheweddingpalace\",\"https:\\\/\\\/www.pinterest.com\\\/koonings\",\"https:\\\/\\\/www.youtube.com\\\/kooningstheweddingpalace\"]}]}<\/script>\n<!-- \/ Yoast SEO plugin. -->","yoast_head_json":{"title":"Modeca Curves Jada | Koonings","description":"Cette robe de mari\u00e9e en ligne A est con\u00e7ue pour flatter et c\u00e9l\u00e9brer vos courbes de mani\u00e8re parfaite. Le d\u00e9collet\u00e9 en V profond et le corsage romantique en dentelle cr\u00e9ent un look f\u00e9minin et allong\u00e9, tandis que la jupe en tulle doux tombe sans effort pour un look de mari\u00e9e l\u00e9ger et a\u00e9rien. Le dos en V profond ajoute une touche d'allure, et les manches volantes d\u00e9tachables apportent mouvement et polyvalence. D\u00e9couvrez cette robe et toute la collection Modeca Curves chez Koonings.","robots":{"index":"index","follow":"follow","max-snippet":"max-snippet:-1","max-image-preview":"max-image-preview:large","max-video-preview":"max-video-preview:-1"},"canonical":"https:\/\/www.koonings.com\/fr\/product\/modeca-curves-jada\/","og_locale":"fr_FR","og_type":"article","og_title":"Modeca Curves Jada | Koonings","og_description":"Cette robe de mari\u00e9e en ligne A est con\u00e7ue pour flatter et c\u00e9l\u00e9brer vos courbes de mani\u00e8re parfaite. Le d\u00e9collet\u00e9 en V profond et le corsage romantique en dentelle cr\u00e9ent un look f\u00e9minin et allong\u00e9, tandis que la jupe en tulle doux tombe sans effort pour un look de mari\u00e9e l\u00e9ger et a\u00e9rien. Le dos en V profond ajoute une touche d'allure, et les manches volantes d\u00e9tachables apportent mouvement et polyvalence. D\u00e9couvrez cette robe et toute la collection Modeca Curves chez Koonings.","og_url":"https:\/\/www.koonings.com\/fr\/product\/modeca-curves-jada\/","og_site_name":"Koonings","article_publisher":"https:\/\/www.facebook.com\/kooningstheweddingpalace","og_image":[{"width":1615,"height":2287,"url":"https:\/\/www.koonings.com\/wp-content\/uploads\/2025\/09\/51111_a2579b4dda3ca78a65b410952d30b98e20989cf304e955d5d939b6f8e2bccfa447e5265b.jpeg","type":"image\/jpeg"}],"twitter_card":"summary_large_image","schema":{"@context":"https:\/\/schema.org","@graph":[{"@type":"WebPage","@id":"https:\/\/www.koonings.com\/fr\/product\/modeca-curves-jada\/","url":"https:\/\/www.koonings.com\/fr\/product\/modeca-curves-jada\/","name":"Modeca Curves Jada | Koonings","isPartOf":{"@id":"https:\/\/www.koonings.com\/fr\/#website"},"primaryImageOfPage":{"@id":"https:\/\/www.koonings.com\/fr\/product\/modeca-curves-jada\/#primaryimage"},"image":{"@id":"https:\/\/www.koonings.com\/fr\/product\/modeca-curves-jada\/#primaryimage"},"thumbnailUrl":"https:\/\/www.koonings.com\/wp-content\/uploads\/2025\/09\/51111_a2579b4dda3ca78a65b410952d30b98e20989cf304e955d5d939b6f8e2bccfa447e5265b.jpeg","datePublished":"2026-04-14T14:36:54+00:00","description":"Cette robe de mari\u00e9e en ligne A est con\u00e7ue pour flatter et c\u00e9l\u00e9brer vos courbes de mani\u00e8re parfaite. Le d\u00e9collet\u00e9 en V profond et le corsage romantique en dentelle cr\u00e9ent un look f\u00e9minin et allong\u00e9, tandis que la jupe en tulle doux tombe sans effort pour un look de mari\u00e9e l\u00e9ger et a\u00e9rien. Le dos en V profond ajoute une touche d'allure, et les manches volantes d\u00e9tachables apportent mouvement et polyvalence. D\u00e9couvrez cette robe et toute la collection Modeca Curves chez Koonings.","breadcrumb":{"@id":"https:\/\/www.koonings.com\/fr\/product\/modeca-curves-jada\/#breadcrumb"},"inLanguage":"fr-FR","potentialAction":[{"@type":"ReadAction","target":["https:\/\/www.koonings.com\/fr\/product\/modeca-curves-jada\/"]}]},{"@type":"ImageObject","inLanguage":"fr-FR","@id":"https:\/\/www.koonings.com\/fr\/product\/modeca-curves-jada\/#primaryimage","url":"https:\/\/www.koonings.com\/wp-content\/uploads\/2025\/09\/51111_a2579b4dda3ca78a65b410952d30b98e20989cf304e955d5d939b6f8e2bccfa447e5265b.jpeg","contentUrl":"https:\/\/www.koonings.com\/wp-content\/uploads\/2025\/09\/51111_a2579b4dda3ca78a65b410952d30b98e20989cf304e955d5d939b6f8e2bccfa447e5265b.jpeg","width":1615,"height":2287},{"@type":"BreadcrumbList","@id":"https:\/\/www.koonings.com\/fr\/product\/modeca-curves-jada\/#breadcrumb","itemListElement":[{"@type":"ListItem","position":1,"name":"Home","item":"https:\/\/www.koonings.com\/fr\/"},{"@type":"ListItem","position":2,"name":"Modeca Curves Jada"}]},{"@type":"WebSite","@id":"https:\/\/www.koonings.com\/fr\/#website","url":"https:\/\/www.koonings.com\/fr\/","name":"Koonings","description":"De grootste bruidsmodewinkel ter wereld","publisher":{"@id":"https:\/\/www.koonings.com\/fr\/#organization"},"potentialAction":[{"@type":"SearchAction","target":{"@type":"EntryPoint","urlTemplate":"https:\/\/www.koonings.com\/fr\/?s={search_term_string}"},"query-input":{"@type":"PropertyValueSpecification","valueRequired":true,"valueName":"search_term_string"}}],"inLanguage":"fr-FR"},{"@type":"Organization","@id":"https:\/\/www.koonings.com\/fr\/#organization","name":"Koonings","url":"https:\/\/www.koonings.com\/fr\/","logo":{"@type":"ImageObject","inLanguage":"fr-FR","@id":"https:\/\/www.koonings.com\/fr\/#\/schema\/logo\/image\/","url":"https:\/\/www.koonings.com\/wp-content\/uploads\/2024\/07\/logo.png","contentUrl":"https:\/\/www.koonings.com\/wp-content\/uploads\/2024\/07\/logo.png","width":600,"height":428,"caption":"Koonings"},"image":{"@id":"https:\/\/www.koonings.com\/fr\/#\/schema\/logo\/image\/"},"sameAs":["https:\/\/www.facebook.com\/kooningstheweddingpalace","https:\/\/www.instagram.com\/kooningstheweddingpalace","https:\/\/www.pinterest.com\/koonings","https:\/\/www.youtube.com\/kooningstheweddingpalace"]}]}},"_links":{"self":[{"href":"https:\/\/www.koonings.com\/fr\/wp-json\/wp\/v2\/product\/108536","targetHints":{"allow":["GET"]}}],"collection":[{"href":"https:\/\/www.koonings.com\/fr\/wp-json\/wp\/v2\/product"}],"about":[{"href":"https:\/\/www.koonings.com\/fr\/wp-json\/wp\/v2\/types\/product"}],"wp:featuredmedia":[{"embeddable":true,"href":"https:\/\/www.koonings.com\/fr\/wp-json\/wp\/v2\/media\/96211"}],"wp:attachment":[{"href":"https:\/\/www.koonings.com\/fr\/wp-json\/wp\/v2\/media?parent=108536"}],"wp:term":[{"taxonomy":"productdetails","embeddable":true,"href":"https:\/\/www.koonings.com\/fr\/wp-json\/wp\/v2\/productdetails?post=108536"},{"taxonomy":"productneck","embeddable":true,"href":"https:\/\/www.koonings.com\/fr\/wp-json\/wp\/v2\/productneck?post=108536"},{"taxonomy":"productcolor","embeddable":true,"href":"https:\/\/www.koonings.com\/fr\/wp-json\/wp\/v2\/productcolor?post=108536"},{"taxonomy":"maat","embeddable":true,"href":"https:\/\/www.koonings.com\/fr\/wp-json\/wp\/v2\/maat?post=108536"},{"taxonomy":"productsupplier","embeddable":true,"href":"https:\/\/www.koonings.com\/fr\/wp-json\/wp\/v2\/productsupplier?post=108536"},{"taxonomy":"productsleeve","embeddable":true,"href":"https:\/\/www.koonings.com\/fr\/wp-json\/wp\/v2\/productsleeve?post=108536"},{"taxonomy":"productcategory","embeddable":true,"href":"https:\/\/www.koonings.com\/fr\/wp-json\/wp\/v2\/productcategory?post=108536"},{"taxonomy":"productsilhouette","embeddable":true,"href":"https:\/\/www.koonings.com\/fr\/wp-json\/wp\/v2\/productsilhouette?post=108536"},{"taxonomy":"productstyle","embeddable":true,"href":"https:\/\/www.koonings.com\/fr\/wp-json\/wp\/v2\/productstyle?post=108536"}],"curies":[{"name":"wp","href":"https:\/\/api.w.org\/{rel}","templated":true}]}}