{"id":108519,"date":"2026-04-14T16:36:58","date_gmt":"2026-04-14T14:36:58","guid":{"rendered":"https:\/\/www.koonings.com\/product\/modeca-gabby\/"},"modified":"2026-04-14T15:43:17","modified_gmt":"2026-04-14T13:43:17","slug":"modeca-gabby","status":"publish","type":"product","link":"https:\/\/www.koonings.com\/fr\/product\/modeca-gabby\/","title":{"rendered":"Modeca Gabby"},"content":{"rendered":"<p>Gabby est le m\u00e9lange parfait de romantisme et d&#8217;\u00e9l\u00e9gance. Le corsage en dentelle illusion, avec un d\u00e9collet\u00e9 en V rose fonc\u00e9, se fond harmonieusement dans une jupe en tulle souple de type A, cr\u00e9ant une silhouette de r\u00eave et f\u00e9minine. De d\u00e9licats appliqu\u00e9s floraux ajoutent une touche d&#8217;espi\u00e8glerie, tandis que le dos en V profond ajoute \u00e0 l&#8217;ambiance \u00e0 la fois moderne et intemporelle. Chez Koonings, nous stockons toute la collection Modeca, afin que vous puissiez toujours choisir parmi les plus beaux styles et mod\u00e8les.   <\/p>\n","protected":false},"featured_media":108520,"template":"","meta":{"_acf_changed":false,"ghostkit_customizer_options":"","ghostkit_custom_css":"","ghostkit_custom_js_head":"","ghostkit_custom_js_foot":"","ghostkit_typography":""},"productdetails":[376,381],"productneck":[356],"productcolor":[393,392],"maat":[],"productsupplier":[434],"productsleeve":[359],"productcategory":[18],"productsilhouette":[384],"productstyle":[366],"class_list":["post-108519","product","type-product","status-publish","has-post-thumbnail","hentry","productdetails-376","productdetails-381","productneck-356","productcolor-393","productcolor-392","productsupplier-modeca","productsleeve-359","productcategory-trouwjurken","productsilhouette-384","productstyle-366"],"acf":[],"yoast_head":"<!-- This site is optimized with the Yoast SEO plugin v27.3 - https:\/\/yoast.com\/product\/yoast-seo-wordpress\/ -->\n<title>Modeca Gabby | Koonings<\/title>\n<meta name=\"description\" content=\"Gabby est le m\u00e9lange parfait de romantisme et d&#039;\u00e9l\u00e9gance. Le corsage en dentelle illusion, avec un d\u00e9collet\u00e9 en V rose fonc\u00e9, se fond harmonieusement dans une jupe en tulle souple de type A, cr\u00e9ant une silhouette de r\u00eave et f\u00e9minine. De d\u00e9licats appliqu\u00e9s floraux ajoutent une touche d&#039;espi\u00e8glerie, tandis que le dos en V profond ajoute \u00e0 l&#039;ambiance \u00e0 la fois moderne et intemporelle. Chez Koonings, nous stockons toute la collection Modeca, pour que vous puissiez toujours choisir parmi les plus beaux styles et mod\u00e8les.\" \/>\n<meta name=\"robots\" content=\"index, follow, max-snippet:-1, max-image-preview:large, max-video-preview:-1\" \/>\n<link rel=\"canonical\" href=\"https:\/\/www.koonings.com\/fr\/product\/modeca-gabby\/\" \/>\n<meta property=\"og:locale\" content=\"fr_FR\" \/>\n<meta property=\"og:type\" content=\"article\" \/>\n<meta property=\"og:title\" content=\"Modeca Gabby | Koonings\" \/>\n<meta property=\"og:description\" content=\"Gabby est le m\u00e9lange parfait de romantisme et d&#039;\u00e9l\u00e9gance. Le corsage en dentelle illusion, avec un d\u00e9collet\u00e9 en V rose fonc\u00e9, se fond harmonieusement dans une jupe en tulle souple de type A, cr\u00e9ant une silhouette de r\u00eave et f\u00e9minine. De d\u00e9licats appliqu\u00e9s floraux ajoutent une touche d&#039;espi\u00e8glerie, tandis que le dos en V profond ajoute \u00e0 l&#039;ambiance \u00e0 la fois moderne et intemporelle. Chez Koonings, nous stockons toute la collection Modeca, pour que vous puissiez toujours choisir parmi les plus beaux styles et mod\u00e8les.\" \/>\n<meta property=\"og:url\" content=\"https:\/\/www.koonings.com\/fr\/product\/modeca-gabby\/\" \/>\n<meta property=\"og:site_name\" content=\"Koonings\" \/>\n<meta property=\"article:publisher\" content=\"https:\/\/www.facebook.com\/kooningstheweddingpalace\" \/>\n<meta property=\"og:image\" content=\"https:\/\/www.koonings.com\/wp-content\/uploads\/2025\/11\/51121_01e72250b778311e1a4d148536ddad074e6ecf84a17e74c3139bb40840aae69a679535b3.jpeg\" \/>\n\t<meta property=\"og:image:width\" content=\"1358\" \/>\n\t<meta property=\"og:image:height\" content=\"1920\" \/>\n\t<meta property=\"og:image:type\" content=\"image\/jpeg\" \/>\n<meta name=\"twitter:card\" content=\"summary_large_image\" \/>\n<script type=\"application\/ld+json\" class=\"yoast-schema-graph\">{\"@context\":\"https:\\\/\\\/schema.org\",\"@graph\":[{\"@type\":\"WebPage\",\"@id\":\"https:\\\/\\\/www.koonings.com\\\/fr\\\/product\\\/modeca-gabby\\\/\",\"url\":\"https:\\\/\\\/www.koonings.com\\\/fr\\\/product\\\/modeca-gabby\\\/\",\"name\":\"Modeca Gabby | Koonings\",\"isPartOf\":{\"@id\":\"https:\\\/\\\/www.koonings.com\\\/fr\\\/#website\"},\"primaryImageOfPage\":{\"@id\":\"https:\\\/\\\/www.koonings.com\\\/fr\\\/product\\\/modeca-gabby\\\/#primaryimage\"},\"image\":{\"@id\":\"https:\\\/\\\/www.koonings.com\\\/fr\\\/product\\\/modeca-gabby\\\/#primaryimage\"},\"thumbnailUrl\":\"https:\\\/\\\/www.koonings.com\\\/wp-content\\\/uploads\\\/2025\\\/11\\\/51121_01e72250b778311e1a4d148536ddad074e6ecf84a17e74c3139bb40840aae69a679535b3.jpeg\",\"datePublished\":\"2026-04-14T14:36:58+00:00\",\"description\":\"Gabby est le m\u00e9lange parfait de romantisme et d'\u00e9l\u00e9gance. Le corsage en dentelle illusion, avec un d\u00e9collet\u00e9 en V rose fonc\u00e9, se fond harmonieusement dans une jupe en tulle souple de type A, cr\u00e9ant une silhouette de r\u00eave et f\u00e9minine. De d\u00e9licats appliqu\u00e9s floraux ajoutent une touche d'espi\u00e8glerie, tandis que le dos en V profond ajoute \u00e0 l'ambiance \u00e0 la fois moderne et intemporelle. Chez Koonings, nous stockons toute la collection Modeca, pour que vous puissiez toujours choisir parmi les plus beaux styles et mod\u00e8les.\",\"breadcrumb\":{\"@id\":\"https:\\\/\\\/www.koonings.com\\\/fr\\\/product\\\/modeca-gabby\\\/#breadcrumb\"},\"inLanguage\":\"fr-FR\",\"potentialAction\":[{\"@type\":\"ReadAction\",\"target\":[\"https:\\\/\\\/www.koonings.com\\\/fr\\\/product\\\/modeca-gabby\\\/\"]}]},{\"@type\":\"ImageObject\",\"inLanguage\":\"fr-FR\",\"@id\":\"https:\\\/\\\/www.koonings.com\\\/fr\\\/product\\\/modeca-gabby\\\/#primaryimage\",\"url\":\"https:\\\/\\\/www.koonings.com\\\/wp-content\\\/uploads\\\/2025\\\/11\\\/51121_01e72250b778311e1a4d148536ddad074e6ecf84a17e74c3139bb40840aae69a679535b3.jpeg\",\"contentUrl\":\"https:\\\/\\\/www.koonings.com\\\/wp-content\\\/uploads\\\/2025\\\/11\\\/51121_01e72250b778311e1a4d148536ddad074e6ecf84a17e74c3139bb40840aae69a679535b3.jpeg\",\"width\":1358,\"height\":1920},{\"@type\":\"BreadcrumbList\",\"@id\":\"https:\\\/\\\/www.koonings.com\\\/fr\\\/product\\\/modeca-gabby\\\/#breadcrumb\",\"itemListElement\":[{\"@type\":\"ListItem\",\"position\":1,\"name\":\"Home\",\"item\":\"https:\\\/\\\/www.koonings.com\\\/fr\\\/\"},{\"@type\":\"ListItem\",\"position\":2,\"name\":\"Modeca Gabby\"}]},{\"@type\":\"WebSite\",\"@id\":\"https:\\\/\\\/www.koonings.com\\\/fr\\\/#website\",\"url\":\"https:\\\/\\\/www.koonings.com\\\/fr\\\/\",\"name\":\"Koonings\",\"description\":\"De grootste bruidsmodewinkel ter wereld\",\"publisher\":{\"@id\":\"https:\\\/\\\/www.koonings.com\\\/fr\\\/#organization\"},\"potentialAction\":[{\"@type\":\"SearchAction\",\"target\":{\"@type\":\"EntryPoint\",\"urlTemplate\":\"https:\\\/\\\/www.koonings.com\\\/fr\\\/?s={search_term_string}\"},\"query-input\":{\"@type\":\"PropertyValueSpecification\",\"valueRequired\":true,\"valueName\":\"search_term_string\"}}],\"inLanguage\":\"fr-FR\"},{\"@type\":\"Organization\",\"@id\":\"https:\\\/\\\/www.koonings.com\\\/fr\\\/#organization\",\"name\":\"Koonings\",\"url\":\"https:\\\/\\\/www.koonings.com\\\/fr\\\/\",\"logo\":{\"@type\":\"ImageObject\",\"inLanguage\":\"fr-FR\",\"@id\":\"https:\\\/\\\/www.koonings.com\\\/fr\\\/#\\\/schema\\\/logo\\\/image\\\/\",\"url\":\"https:\\\/\\\/www.koonings.com\\\/wp-content\\\/uploads\\\/2024\\\/07\\\/logo.png\",\"contentUrl\":\"https:\\\/\\\/www.koonings.com\\\/wp-content\\\/uploads\\\/2024\\\/07\\\/logo.png\",\"width\":600,\"height\":428,\"caption\":\"Koonings\"},\"image\":{\"@id\":\"https:\\\/\\\/www.koonings.com\\\/fr\\\/#\\\/schema\\\/logo\\\/image\\\/\"},\"sameAs\":[\"https:\\\/\\\/www.facebook.com\\\/kooningstheweddingpalace\",\"https:\\\/\\\/www.instagram.com\\\/kooningstheweddingpalace\",\"https:\\\/\\\/www.pinterest.com\\\/koonings\",\"https:\\\/\\\/www.youtube.com\\\/kooningstheweddingpalace\"]}]}<\/script>\n<!-- \/ Yoast SEO plugin. -->","yoast_head_json":{"title":"Modeca Gabby | Koonings","description":"Gabby est le m\u00e9lange parfait de romantisme et d'\u00e9l\u00e9gance. Le corsage en dentelle illusion, avec un d\u00e9collet\u00e9 en V rose fonc\u00e9, se fond harmonieusement dans une jupe en tulle souple de type A, cr\u00e9ant une silhouette de r\u00eave et f\u00e9minine. De d\u00e9licats appliqu\u00e9s floraux ajoutent une touche d'espi\u00e8glerie, tandis que le dos en V profond ajoute \u00e0 l'ambiance \u00e0 la fois moderne et intemporelle. Chez Koonings, nous stockons toute la collection Modeca, pour que vous puissiez toujours choisir parmi les plus beaux styles et mod\u00e8les.","robots":{"index":"index","follow":"follow","max-snippet":"max-snippet:-1","max-image-preview":"max-image-preview:large","max-video-preview":"max-video-preview:-1"},"canonical":"https:\/\/www.koonings.com\/fr\/product\/modeca-gabby\/","og_locale":"fr_FR","og_type":"article","og_title":"Modeca Gabby | Koonings","og_description":"Gabby est le m\u00e9lange parfait de romantisme et d'\u00e9l\u00e9gance. Le corsage en dentelle illusion, avec un d\u00e9collet\u00e9 en V rose fonc\u00e9, se fond harmonieusement dans une jupe en tulle souple de type A, cr\u00e9ant une silhouette de r\u00eave et f\u00e9minine. De d\u00e9licats appliqu\u00e9s floraux ajoutent une touche d'espi\u00e8glerie, tandis que le dos en V profond ajoute \u00e0 l'ambiance \u00e0 la fois moderne et intemporelle. Chez Koonings, nous stockons toute la collection Modeca, pour que vous puissiez toujours choisir parmi les plus beaux styles et mod\u00e8les.","og_url":"https:\/\/www.koonings.com\/fr\/product\/modeca-gabby\/","og_site_name":"Koonings","article_publisher":"https:\/\/www.facebook.com\/kooningstheweddingpalace","og_image":[{"width":1358,"height":1920,"url":"https:\/\/www.koonings.com\/wp-content\/uploads\/2025\/11\/51121_01e72250b778311e1a4d148536ddad074e6ecf84a17e74c3139bb40840aae69a679535b3.jpeg","type":"image\/jpeg"}],"twitter_card":"summary_large_image","schema":{"@context":"https:\/\/schema.org","@graph":[{"@type":"WebPage","@id":"https:\/\/www.koonings.com\/fr\/product\/modeca-gabby\/","url":"https:\/\/www.koonings.com\/fr\/product\/modeca-gabby\/","name":"Modeca Gabby | Koonings","isPartOf":{"@id":"https:\/\/www.koonings.com\/fr\/#website"},"primaryImageOfPage":{"@id":"https:\/\/www.koonings.com\/fr\/product\/modeca-gabby\/#primaryimage"},"image":{"@id":"https:\/\/www.koonings.com\/fr\/product\/modeca-gabby\/#primaryimage"},"thumbnailUrl":"https:\/\/www.koonings.com\/wp-content\/uploads\/2025\/11\/51121_01e72250b778311e1a4d148536ddad074e6ecf84a17e74c3139bb40840aae69a679535b3.jpeg","datePublished":"2026-04-14T14:36:58+00:00","description":"Gabby est le m\u00e9lange parfait de romantisme et d'\u00e9l\u00e9gance. Le corsage en dentelle illusion, avec un d\u00e9collet\u00e9 en V rose fonc\u00e9, se fond harmonieusement dans une jupe en tulle souple de type A, cr\u00e9ant une silhouette de r\u00eave et f\u00e9minine. De d\u00e9licats appliqu\u00e9s floraux ajoutent une touche d'espi\u00e8glerie, tandis que le dos en V profond ajoute \u00e0 l'ambiance \u00e0 la fois moderne et intemporelle. Chez Koonings, nous stockons toute la collection Modeca, pour que vous puissiez toujours choisir parmi les plus beaux styles et mod\u00e8les.","breadcrumb":{"@id":"https:\/\/www.koonings.com\/fr\/product\/modeca-gabby\/#breadcrumb"},"inLanguage":"fr-FR","potentialAction":[{"@type":"ReadAction","target":["https:\/\/www.koonings.com\/fr\/product\/modeca-gabby\/"]}]},{"@type":"ImageObject","inLanguage":"fr-FR","@id":"https:\/\/www.koonings.com\/fr\/product\/modeca-gabby\/#primaryimage","url":"https:\/\/www.koonings.com\/wp-content\/uploads\/2025\/11\/51121_01e72250b778311e1a4d148536ddad074e6ecf84a17e74c3139bb40840aae69a679535b3.jpeg","contentUrl":"https:\/\/www.koonings.com\/wp-content\/uploads\/2025\/11\/51121_01e72250b778311e1a4d148536ddad074e6ecf84a17e74c3139bb40840aae69a679535b3.jpeg","width":1358,"height":1920},{"@type":"BreadcrumbList","@id":"https:\/\/www.koonings.com\/fr\/product\/modeca-gabby\/#breadcrumb","itemListElement":[{"@type":"ListItem","position":1,"name":"Home","item":"https:\/\/www.koonings.com\/fr\/"},{"@type":"ListItem","position":2,"name":"Modeca Gabby"}]},{"@type":"WebSite","@id":"https:\/\/www.koonings.com\/fr\/#website","url":"https:\/\/www.koonings.com\/fr\/","name":"Koonings","description":"De grootste bruidsmodewinkel ter wereld","publisher":{"@id":"https:\/\/www.koonings.com\/fr\/#organization"},"potentialAction":[{"@type":"SearchAction","target":{"@type":"EntryPoint","urlTemplate":"https:\/\/www.koonings.com\/fr\/?s={search_term_string}"},"query-input":{"@type":"PropertyValueSpecification","valueRequired":true,"valueName":"search_term_string"}}],"inLanguage":"fr-FR"},{"@type":"Organization","@id":"https:\/\/www.koonings.com\/fr\/#organization","name":"Koonings","url":"https:\/\/www.koonings.com\/fr\/","logo":{"@type":"ImageObject","inLanguage":"fr-FR","@id":"https:\/\/www.koonings.com\/fr\/#\/schema\/logo\/image\/","url":"https:\/\/www.koonings.com\/wp-content\/uploads\/2024\/07\/logo.png","contentUrl":"https:\/\/www.koonings.com\/wp-content\/uploads\/2024\/07\/logo.png","width":600,"height":428,"caption":"Koonings"},"image":{"@id":"https:\/\/www.koonings.com\/fr\/#\/schema\/logo\/image\/"},"sameAs":["https:\/\/www.facebook.com\/kooningstheweddingpalace","https:\/\/www.instagram.com\/kooningstheweddingpalace","https:\/\/www.pinterest.com\/koonings","https:\/\/www.youtube.com\/kooningstheweddingpalace"]}]}},"_links":{"self":[{"href":"https:\/\/www.koonings.com\/fr\/wp-json\/wp\/v2\/product\/108519","targetHints":{"allow":["GET"]}}],"collection":[{"href":"https:\/\/www.koonings.com\/fr\/wp-json\/wp\/v2\/product"}],"about":[{"href":"https:\/\/www.koonings.com\/fr\/wp-json\/wp\/v2\/types\/product"}],"wp:featuredmedia":[{"embeddable":true,"href":"https:\/\/www.koonings.com\/fr\/wp-json\/wp\/v2\/media\/108520"}],"wp:attachment":[{"href":"https:\/\/www.koonings.com\/fr\/wp-json\/wp\/v2\/media?parent=108519"}],"wp:term":[{"taxonomy":"productdetails","embeddable":true,"href":"https:\/\/www.koonings.com\/fr\/wp-json\/wp\/v2\/productdetails?post=108519"},{"taxonomy":"productneck","embeddable":true,"href":"https:\/\/www.koonings.com\/fr\/wp-json\/wp\/v2\/productneck?post=108519"},{"taxonomy":"productcolor","embeddable":true,"href":"https:\/\/www.koonings.com\/fr\/wp-json\/wp\/v2\/productcolor?post=108519"},{"taxonomy":"maat","embeddable":true,"href":"https:\/\/www.koonings.com\/fr\/wp-json\/wp\/v2\/maat?post=108519"},{"taxonomy":"productsupplier","embeddable":true,"href":"https:\/\/www.koonings.com\/fr\/wp-json\/wp\/v2\/productsupplier?post=108519"},{"taxonomy":"productsleeve","embeddable":true,"href":"https:\/\/www.koonings.com\/fr\/wp-json\/wp\/v2\/productsleeve?post=108519"},{"taxonomy":"productcategory","embeddable":true,"href":"https:\/\/www.koonings.com\/fr\/wp-json\/wp\/v2\/productcategory?post=108519"},{"taxonomy":"productsilhouette","embeddable":true,"href":"https:\/\/www.koonings.com\/fr\/wp-json\/wp\/v2\/productsilhouette?post=108519"},{"taxonomy":"productstyle","embeddable":true,"href":"https:\/\/www.koonings.com\/fr\/wp-json\/wp\/v2\/productstyle?post=108519"}],"curies":[{"name":"wp","href":"https:\/\/api.w.org\/{rel}","templated":true}]}}