{"id":108514,"date":"2026-04-14T16:38:01","date_gmt":"2026-04-14T14:38:01","guid":{"rendered":"https:\/\/www.koonings.com\/product\/modeca-galina\/"},"modified":"2026-04-14T15:42:50","modified_gmt":"2026-04-14T13:42:50","slug":"modeca-galina","status":"publish","type":"product","link":"https:\/\/www.koonings.com\/fr\/product\/modeca-galina\/","title":{"rendered":"Modeca Galina"},"content":{"rendered":"<p>Tombez sous le charme de la superbe robe Galina, v\u00e9ritable symbole de romantisme. Cette robe de forme A est dot\u00e9e d&#8217;une jupe en tulle souple qui lui conf\u00e8re une sensation de l\u00e9g\u00e8ret\u00e9. Le profond d\u00e9collet\u00e9 en V ajoute une touche d&#8217;allure moderne, tandis que les d\u00e9licats p\u00e9tales qui ornent le corsage et la jupe ajoutent une touche douce et f\u00e9minine au design.<br \/>\nD\u00e9couvrez la Galina ainsi que l&#8217;ensemble de la collection en exclusivit\u00e9 chez Koonings.  <\/p>\n","protected":false},"featured_media":95342,"template":"","meta":{"_acf_changed":false,"ghostkit_customizer_options":"","ghostkit_custom_css":"","ghostkit_custom_js_head":"","ghostkit_custom_js_foot":"","ghostkit_typography":""},"productdetails":[376,381],"productneck":[356],"productcolor":[393,392],"maat":[],"productsupplier":[434],"productsleeve":[359],"productcategory":[18],"productsilhouette":[384],"productstyle":[366],"class_list":["post-108514","product","type-product","status-publish","has-post-thumbnail","hentry","productdetails-376","productdetails-381","productneck-356","productcolor-393","productcolor-392","productsupplier-modeca","productsleeve-359","productcategory-trouwjurken","productsilhouette-384","productstyle-366"],"acf":[],"yoast_head":"<!-- This site is optimized with the Yoast SEO plugin v27.3 - https:\/\/yoast.com\/product\/yoast-seo-wordpress\/ -->\n<title>Modeca Galina | Koonings<\/title>\n<meta name=\"description\" content=\"Tombez sous le charme de la superbe robe Galina, v\u00e9ritable symbole de romantisme. Cette robe de forme A est dot\u00e9e d&#039;une jupe en tulle souple qui lui conf\u00e8re une sensation de l\u00e9g\u00e8ret\u00e9. Le profond d\u00e9collet\u00e9 en V ajoute une touche d&#039;allure moderne, tandis que les d\u00e9licats p\u00e9tales qui ornent le corsage et la jupe ajoutent une touche douce et f\u00e9minine au design. D\u00e9couvrez la Galina ainsi que l&#039;ensemble de la collection en exclusivit\u00e9 chez Koonings.\" \/>\n<meta name=\"robots\" content=\"index, follow, max-snippet:-1, max-image-preview:large, max-video-preview:-1\" \/>\n<link rel=\"canonical\" href=\"https:\/\/www.koonings.com\/fr\/product\/modeca-galina\/\" \/>\n<meta property=\"og:locale\" content=\"fr_FR\" \/>\n<meta property=\"og:type\" content=\"article\" \/>\n<meta property=\"og:title\" content=\"Modeca Galina | Koonings\" \/>\n<meta property=\"og:description\" content=\"Tombez sous le charme de la superbe robe Galina, v\u00e9ritable symbole de romantisme. Cette robe de forme A est dot\u00e9e d&#039;une jupe en tulle souple qui lui conf\u00e8re une sensation de l\u00e9g\u00e8ret\u00e9. Le profond d\u00e9collet\u00e9 en V ajoute une touche d&#039;allure moderne, tandis que les d\u00e9licats p\u00e9tales qui ornent le corsage et la jupe ajoutent une touche douce et f\u00e9minine au design. D\u00e9couvrez la Galina ainsi que l&#039;ensemble de la collection en exclusivit\u00e9 chez Koonings.\" \/>\n<meta property=\"og:url\" content=\"https:\/\/www.koonings.com\/fr\/product\/modeca-galina\/\" \/>\n<meta property=\"og:site_name\" content=\"Koonings\" \/>\n<meta property=\"article:publisher\" content=\"https:\/\/www.facebook.com\/kooningstheweddingpalace\" \/>\n<meta property=\"og:image\" content=\"https:\/\/www.koonings.com\/wp-content\/uploads\/2025\/09\/51125_d38a4bc2f52fdd5825b51fa51642598254fc466c976c522d351695446513636a9c573faf.jpeg\" \/>\n\t<meta property=\"og:image:width\" content=\"1789\" \/>\n\t<meta property=\"og:image:height\" content=\"2530\" \/>\n\t<meta property=\"og:image:type\" content=\"image\/jpeg\" \/>\n<meta name=\"twitter:card\" content=\"summary_large_image\" \/>\n<script type=\"application\/ld+json\" class=\"yoast-schema-graph\">{\"@context\":\"https:\\\/\\\/schema.org\",\"@graph\":[{\"@type\":\"WebPage\",\"@id\":\"https:\\\/\\\/www.koonings.com\\\/fr\\\/product\\\/modeca-galina\\\/\",\"url\":\"https:\\\/\\\/www.koonings.com\\\/fr\\\/product\\\/modeca-galina\\\/\",\"name\":\"Modeca Galina | Koonings\",\"isPartOf\":{\"@id\":\"https:\\\/\\\/www.koonings.com\\\/fr\\\/#website\"},\"primaryImageOfPage\":{\"@id\":\"https:\\\/\\\/www.koonings.com\\\/fr\\\/product\\\/modeca-galina\\\/#primaryimage\"},\"image\":{\"@id\":\"https:\\\/\\\/www.koonings.com\\\/fr\\\/product\\\/modeca-galina\\\/#primaryimage\"},\"thumbnailUrl\":\"https:\\\/\\\/www.koonings.com\\\/wp-content\\\/uploads\\\/2025\\\/09\\\/51125_d38a4bc2f52fdd5825b51fa51642598254fc466c976c522d351695446513636a9c573faf.jpeg\",\"datePublished\":\"2026-04-14T14:38:01+00:00\",\"description\":\"Tombez sous le charme de la superbe robe Galina, v\u00e9ritable symbole de romantisme. Cette robe de forme A est dot\u00e9e d'une jupe en tulle souple qui lui conf\u00e8re une sensation de l\u00e9g\u00e8ret\u00e9. Le profond d\u00e9collet\u00e9 en V ajoute une touche d'allure moderne, tandis que les d\u00e9licats p\u00e9tales qui ornent le corsage et la jupe ajoutent une touche douce et f\u00e9minine au design. D\u00e9couvrez la Galina ainsi que l'ensemble de la collection en exclusivit\u00e9 chez Koonings.\",\"breadcrumb\":{\"@id\":\"https:\\\/\\\/www.koonings.com\\\/fr\\\/product\\\/modeca-galina\\\/#breadcrumb\"},\"inLanguage\":\"fr-FR\",\"potentialAction\":[{\"@type\":\"ReadAction\",\"target\":[\"https:\\\/\\\/www.koonings.com\\\/fr\\\/product\\\/modeca-galina\\\/\"]}]},{\"@type\":\"ImageObject\",\"inLanguage\":\"fr-FR\",\"@id\":\"https:\\\/\\\/www.koonings.com\\\/fr\\\/product\\\/modeca-galina\\\/#primaryimage\",\"url\":\"https:\\\/\\\/www.koonings.com\\\/wp-content\\\/uploads\\\/2025\\\/09\\\/51125_d38a4bc2f52fdd5825b51fa51642598254fc466c976c522d351695446513636a9c573faf.jpeg\",\"contentUrl\":\"https:\\\/\\\/www.koonings.com\\\/wp-content\\\/uploads\\\/2025\\\/09\\\/51125_d38a4bc2f52fdd5825b51fa51642598254fc466c976c522d351695446513636a9c573faf.jpeg\",\"width\":1789,\"height\":2530},{\"@type\":\"BreadcrumbList\",\"@id\":\"https:\\\/\\\/www.koonings.com\\\/fr\\\/product\\\/modeca-galina\\\/#breadcrumb\",\"itemListElement\":[{\"@type\":\"ListItem\",\"position\":1,\"name\":\"Home\",\"item\":\"https:\\\/\\\/www.koonings.com\\\/fr\\\/\"},{\"@type\":\"ListItem\",\"position\":2,\"name\":\"Modeca Galina\"}]},{\"@type\":\"WebSite\",\"@id\":\"https:\\\/\\\/www.koonings.com\\\/fr\\\/#website\",\"url\":\"https:\\\/\\\/www.koonings.com\\\/fr\\\/\",\"name\":\"Koonings\",\"description\":\"De grootste bruidsmodewinkel ter wereld\",\"publisher\":{\"@id\":\"https:\\\/\\\/www.koonings.com\\\/fr\\\/#organization\"},\"potentialAction\":[{\"@type\":\"SearchAction\",\"target\":{\"@type\":\"EntryPoint\",\"urlTemplate\":\"https:\\\/\\\/www.koonings.com\\\/fr\\\/?s={search_term_string}\"},\"query-input\":{\"@type\":\"PropertyValueSpecification\",\"valueRequired\":true,\"valueName\":\"search_term_string\"}}],\"inLanguage\":\"fr-FR\"},{\"@type\":\"Organization\",\"@id\":\"https:\\\/\\\/www.koonings.com\\\/fr\\\/#organization\",\"name\":\"Koonings\",\"url\":\"https:\\\/\\\/www.koonings.com\\\/fr\\\/\",\"logo\":{\"@type\":\"ImageObject\",\"inLanguage\":\"fr-FR\",\"@id\":\"https:\\\/\\\/www.koonings.com\\\/fr\\\/#\\\/schema\\\/logo\\\/image\\\/\",\"url\":\"https:\\\/\\\/www.koonings.com\\\/wp-content\\\/uploads\\\/2024\\\/07\\\/logo.png\",\"contentUrl\":\"https:\\\/\\\/www.koonings.com\\\/wp-content\\\/uploads\\\/2024\\\/07\\\/logo.png\",\"width\":600,\"height\":428,\"caption\":\"Koonings\"},\"image\":{\"@id\":\"https:\\\/\\\/www.koonings.com\\\/fr\\\/#\\\/schema\\\/logo\\\/image\\\/\"},\"sameAs\":[\"https:\\\/\\\/www.facebook.com\\\/kooningstheweddingpalace\",\"https:\\\/\\\/www.instagram.com\\\/kooningstheweddingpalace\",\"https:\\\/\\\/www.pinterest.com\\\/koonings\",\"https:\\\/\\\/www.youtube.com\\\/kooningstheweddingpalace\"]}]}<\/script>\n<!-- \/ Yoast SEO plugin. -->","yoast_head_json":{"title":"Modeca Galina | Koonings","description":"Tombez sous le charme de la superbe robe Galina, v\u00e9ritable symbole de romantisme. Cette robe de forme A est dot\u00e9e d'une jupe en tulle souple qui lui conf\u00e8re une sensation de l\u00e9g\u00e8ret\u00e9. Le profond d\u00e9collet\u00e9 en V ajoute une touche d'allure moderne, tandis que les d\u00e9licats p\u00e9tales qui ornent le corsage et la jupe ajoutent une touche douce et f\u00e9minine au design. D\u00e9couvrez la Galina ainsi que l'ensemble de la collection en exclusivit\u00e9 chez Koonings.","robots":{"index":"index","follow":"follow","max-snippet":"max-snippet:-1","max-image-preview":"max-image-preview:large","max-video-preview":"max-video-preview:-1"},"canonical":"https:\/\/www.koonings.com\/fr\/product\/modeca-galina\/","og_locale":"fr_FR","og_type":"article","og_title":"Modeca Galina | Koonings","og_description":"Tombez sous le charme de la superbe robe Galina, v\u00e9ritable symbole de romantisme. Cette robe de forme A est dot\u00e9e d'une jupe en tulle souple qui lui conf\u00e8re une sensation de l\u00e9g\u00e8ret\u00e9. Le profond d\u00e9collet\u00e9 en V ajoute une touche d'allure moderne, tandis que les d\u00e9licats p\u00e9tales qui ornent le corsage et la jupe ajoutent une touche douce et f\u00e9minine au design. D\u00e9couvrez la Galina ainsi que l'ensemble de la collection en exclusivit\u00e9 chez Koonings.","og_url":"https:\/\/www.koonings.com\/fr\/product\/modeca-galina\/","og_site_name":"Koonings","article_publisher":"https:\/\/www.facebook.com\/kooningstheweddingpalace","og_image":[{"width":1789,"height":2530,"url":"https:\/\/www.koonings.com\/wp-content\/uploads\/2025\/09\/51125_d38a4bc2f52fdd5825b51fa51642598254fc466c976c522d351695446513636a9c573faf.jpeg","type":"image\/jpeg"}],"twitter_card":"summary_large_image","schema":{"@context":"https:\/\/schema.org","@graph":[{"@type":"WebPage","@id":"https:\/\/www.koonings.com\/fr\/product\/modeca-galina\/","url":"https:\/\/www.koonings.com\/fr\/product\/modeca-galina\/","name":"Modeca Galina | Koonings","isPartOf":{"@id":"https:\/\/www.koonings.com\/fr\/#website"},"primaryImageOfPage":{"@id":"https:\/\/www.koonings.com\/fr\/product\/modeca-galina\/#primaryimage"},"image":{"@id":"https:\/\/www.koonings.com\/fr\/product\/modeca-galina\/#primaryimage"},"thumbnailUrl":"https:\/\/www.koonings.com\/wp-content\/uploads\/2025\/09\/51125_d38a4bc2f52fdd5825b51fa51642598254fc466c976c522d351695446513636a9c573faf.jpeg","datePublished":"2026-04-14T14:38:01+00:00","description":"Tombez sous le charme de la superbe robe Galina, v\u00e9ritable symbole de romantisme. Cette robe de forme A est dot\u00e9e d'une jupe en tulle souple qui lui conf\u00e8re une sensation de l\u00e9g\u00e8ret\u00e9. Le profond d\u00e9collet\u00e9 en V ajoute une touche d'allure moderne, tandis que les d\u00e9licats p\u00e9tales qui ornent le corsage et la jupe ajoutent une touche douce et f\u00e9minine au design. D\u00e9couvrez la Galina ainsi que l'ensemble de la collection en exclusivit\u00e9 chez Koonings.","breadcrumb":{"@id":"https:\/\/www.koonings.com\/fr\/product\/modeca-galina\/#breadcrumb"},"inLanguage":"fr-FR","potentialAction":[{"@type":"ReadAction","target":["https:\/\/www.koonings.com\/fr\/product\/modeca-galina\/"]}]},{"@type":"ImageObject","inLanguage":"fr-FR","@id":"https:\/\/www.koonings.com\/fr\/product\/modeca-galina\/#primaryimage","url":"https:\/\/www.koonings.com\/wp-content\/uploads\/2025\/09\/51125_d38a4bc2f52fdd5825b51fa51642598254fc466c976c522d351695446513636a9c573faf.jpeg","contentUrl":"https:\/\/www.koonings.com\/wp-content\/uploads\/2025\/09\/51125_d38a4bc2f52fdd5825b51fa51642598254fc466c976c522d351695446513636a9c573faf.jpeg","width":1789,"height":2530},{"@type":"BreadcrumbList","@id":"https:\/\/www.koonings.com\/fr\/product\/modeca-galina\/#breadcrumb","itemListElement":[{"@type":"ListItem","position":1,"name":"Home","item":"https:\/\/www.koonings.com\/fr\/"},{"@type":"ListItem","position":2,"name":"Modeca Galina"}]},{"@type":"WebSite","@id":"https:\/\/www.koonings.com\/fr\/#website","url":"https:\/\/www.koonings.com\/fr\/","name":"Koonings","description":"De grootste bruidsmodewinkel ter wereld","publisher":{"@id":"https:\/\/www.koonings.com\/fr\/#organization"},"potentialAction":[{"@type":"SearchAction","target":{"@type":"EntryPoint","urlTemplate":"https:\/\/www.koonings.com\/fr\/?s={search_term_string}"},"query-input":{"@type":"PropertyValueSpecification","valueRequired":true,"valueName":"search_term_string"}}],"inLanguage":"fr-FR"},{"@type":"Organization","@id":"https:\/\/www.koonings.com\/fr\/#organization","name":"Koonings","url":"https:\/\/www.koonings.com\/fr\/","logo":{"@type":"ImageObject","inLanguage":"fr-FR","@id":"https:\/\/www.koonings.com\/fr\/#\/schema\/logo\/image\/","url":"https:\/\/www.koonings.com\/wp-content\/uploads\/2024\/07\/logo.png","contentUrl":"https:\/\/www.koonings.com\/wp-content\/uploads\/2024\/07\/logo.png","width":600,"height":428,"caption":"Koonings"},"image":{"@id":"https:\/\/www.koonings.com\/fr\/#\/schema\/logo\/image\/"},"sameAs":["https:\/\/www.facebook.com\/kooningstheweddingpalace","https:\/\/www.instagram.com\/kooningstheweddingpalace","https:\/\/www.pinterest.com\/koonings","https:\/\/www.youtube.com\/kooningstheweddingpalace"]}]}},"_links":{"self":[{"href":"https:\/\/www.koonings.com\/fr\/wp-json\/wp\/v2\/product\/108514","targetHints":{"allow":["GET"]}}],"collection":[{"href":"https:\/\/www.koonings.com\/fr\/wp-json\/wp\/v2\/product"}],"about":[{"href":"https:\/\/www.koonings.com\/fr\/wp-json\/wp\/v2\/types\/product"}],"wp:featuredmedia":[{"embeddable":true,"href":"https:\/\/www.koonings.com\/fr\/wp-json\/wp\/v2\/media\/95342"}],"wp:attachment":[{"href":"https:\/\/www.koonings.com\/fr\/wp-json\/wp\/v2\/media?parent=108514"}],"wp:term":[{"taxonomy":"productdetails","embeddable":true,"href":"https:\/\/www.koonings.com\/fr\/wp-json\/wp\/v2\/productdetails?post=108514"},{"taxonomy":"productneck","embeddable":true,"href":"https:\/\/www.koonings.com\/fr\/wp-json\/wp\/v2\/productneck?post=108514"},{"taxonomy":"productcolor","embeddable":true,"href":"https:\/\/www.koonings.com\/fr\/wp-json\/wp\/v2\/productcolor?post=108514"},{"taxonomy":"maat","embeddable":true,"href":"https:\/\/www.koonings.com\/fr\/wp-json\/wp\/v2\/maat?post=108514"},{"taxonomy":"productsupplier","embeddable":true,"href":"https:\/\/www.koonings.com\/fr\/wp-json\/wp\/v2\/productsupplier?post=108514"},{"taxonomy":"productsleeve","embeddable":true,"href":"https:\/\/www.koonings.com\/fr\/wp-json\/wp\/v2\/productsleeve?post=108514"},{"taxonomy":"productcategory","embeddable":true,"href":"https:\/\/www.koonings.com\/fr\/wp-json\/wp\/v2\/productcategory?post=108514"},{"taxonomy":"productsilhouette","embeddable":true,"href":"https:\/\/www.koonings.com\/fr\/wp-json\/wp\/v2\/productsilhouette?post=108514"},{"taxonomy":"productstyle","embeddable":true,"href":"https:\/\/www.koonings.com\/fr\/wp-json\/wp\/v2\/productstyle?post=108514"}],"curies":[{"name":"wp","href":"https:\/\/api.w.org\/{rel}","templated":true}]}}