{"id":108511,"date":"2026-04-14T16:36:59","date_gmt":"2026-04-14T14:36:59","guid":{"rendered":"https:\/\/www.koonings.com\/product\/modeca-gaelle\/"},"modified":"2026-04-14T15:43:10","modified_gmt":"2026-04-14T13:43:10","slug":"modeca-gaelle","status":"publish","type":"product","link":"https:\/\/www.koonings.com\/fr\/product\/modeca-gaelle\/","title":{"rendered":"Modeca Gaelle"},"content":{"rendered":"<p>Gaelle est l&#8217;incarnation de l&#8217;\u00e9l\u00e9gance moderne. Confectionn\u00e9e en cr\u00eape lisse, cette robe coupe \u00e9vas\u00e9e met en valeur votre silhouette gr\u00e2ce \u00e0 une coupe \u00e9l\u00e9gante et sophistiqu\u00e9e. La dentelle illusion du corsage, orn\u00e9e de d\u00e9licats appliqu\u00e9s floraux, cr\u00e9e un contraste romantique avec le profond d\u00e9collet\u00e9 en V et les bretelles en dentelle. La robe se termine par une tra\u00eene en dentelle pour un d\u00e9tail sophistiqu\u00e9 suppl\u00e9mentaire, tandis que Gaelle-A propose une tra\u00eene simple pour un look plus \u00e9pur\u00e9 et minimaliste. Toute la collection est disponible chez Koonings.    <\/p>\n","protected":false},"featured_media":95243,"template":"","meta":{"_acf_changed":false,"ghostkit_customizer_options":"","ghostkit_custom_css":"","ghostkit_custom_js_head":"","ghostkit_custom_js_foot":"","ghostkit_typography":""},"productdetails":[376,381],"productneck":[356],"productcolor":[392],"maat":[],"productsupplier":[434],"productsleeve":[359],"productcategory":[18],"productsilhouette":[387],"productstyle":[366,370],"class_list":["post-108511","product","type-product","status-publish","has-post-thumbnail","hentry","productdetails-376","productdetails-381","productneck-356","productcolor-392","productsupplier-modeca","productsleeve-359","productcategory-trouwjurken","productsilhouette-387","productstyle-366","productstyle-370"],"acf":[],"yoast_head":"<!-- This site is optimized with the Yoast SEO plugin v27.3 - https:\/\/yoast.com\/product\/yoast-seo-wordpress\/ -->\n<title>Modeca Gaelle | Koonings<\/title>\n<meta name=\"description\" content=\"Gaelle est l&#039;incarnation de l&#039;\u00e9l\u00e9gance moderne. Confectionn\u00e9e en cr\u00eape lisse, cette robe coupe \u00e9vas\u00e9e met en valeur votre silhouette gr\u00e2ce \u00e0 une coupe \u00e9l\u00e9gante et sophistiqu\u00e9e. La dentelle illusion du corsage, orn\u00e9e de d\u00e9licats appliqu\u00e9s floraux, cr\u00e9e un contraste romantique avec le profond d\u00e9collet\u00e9 en V et les bretelles en dentelle. La robe se termine par une tra\u00eene en dentelle pour un d\u00e9tail sophistiqu\u00e9 suppl\u00e9mentaire, tandis que Gaelle-A propose une tra\u00eene simple pour un look plus \u00e9pur\u00e9 et minimaliste. Toute la collection est disponible chez Koonings.\" \/>\n<meta name=\"robots\" content=\"index, follow, max-snippet:-1, max-image-preview:large, max-video-preview:-1\" \/>\n<link rel=\"canonical\" href=\"https:\/\/www.koonings.com\/fr\/product\/modeca-gaelle\/\" \/>\n<meta property=\"og:locale\" content=\"fr_FR\" \/>\n<meta property=\"og:type\" content=\"article\" \/>\n<meta property=\"og:title\" content=\"Modeca Gaelle | Koonings\" \/>\n<meta property=\"og:description\" content=\"Gaelle est l&#039;incarnation de l&#039;\u00e9l\u00e9gance moderne. Confectionn\u00e9e en cr\u00eape lisse, cette robe coupe \u00e9vas\u00e9e met en valeur votre silhouette gr\u00e2ce \u00e0 une coupe \u00e9l\u00e9gante et sophistiqu\u00e9e. La dentelle illusion du corsage, orn\u00e9e de d\u00e9licats appliqu\u00e9s floraux, cr\u00e9e un contraste romantique avec le profond d\u00e9collet\u00e9 en V et les bretelles en dentelle. La robe se termine par une tra\u00eene en dentelle pour un d\u00e9tail sophistiqu\u00e9 suppl\u00e9mentaire, tandis que Gaelle-A propose une tra\u00eene simple pour un look plus \u00e9pur\u00e9 et minimaliste. Toute la collection est disponible chez Koonings.\" \/>\n<meta property=\"og:url\" content=\"https:\/\/www.koonings.com\/fr\/product\/modeca-gaelle\/\" \/>\n<meta property=\"og:site_name\" content=\"Koonings\" \/>\n<meta property=\"article:publisher\" content=\"https:\/\/www.facebook.com\/kooningstheweddingpalace\" \/>\n<meta property=\"og:image\" content=\"https:\/\/www.koonings.com\/wp-content\/uploads\/2025\/09\/51122_30299ad948eb49f711828b3d9aee034ed435d34b78187cae8085ac62253784b197934694-scaled.jpeg\" \/>\n\t<meta property=\"og:image:width\" content=\"1810\" \/>\n\t<meta property=\"og:image:height\" content=\"2560\" \/>\n\t<meta property=\"og:image:type\" content=\"image\/jpeg\" \/>\n<meta name=\"twitter:card\" content=\"summary_large_image\" \/>\n<meta name=\"twitter:label1\" content=\"Dur\u00e9e de lecture estim\u00e9e\" \/>\n\t<meta name=\"twitter:data1\" content=\"1 minute\" \/>\n<script type=\"application\/ld+json\" class=\"yoast-schema-graph\">{\"@context\":\"https:\\\/\\\/schema.org\",\"@graph\":[{\"@type\":\"WebPage\",\"@id\":\"https:\\\/\\\/www.koonings.com\\\/fr\\\/product\\\/modeca-gaelle\\\/\",\"url\":\"https:\\\/\\\/www.koonings.com\\\/fr\\\/product\\\/modeca-gaelle\\\/\",\"name\":\"Modeca Gaelle | Koonings\",\"isPartOf\":{\"@id\":\"https:\\\/\\\/www.koonings.com\\\/fr\\\/#website\"},\"primaryImageOfPage\":{\"@id\":\"https:\\\/\\\/www.koonings.com\\\/fr\\\/product\\\/modeca-gaelle\\\/#primaryimage\"},\"image\":{\"@id\":\"https:\\\/\\\/www.koonings.com\\\/fr\\\/product\\\/modeca-gaelle\\\/#primaryimage\"},\"thumbnailUrl\":\"https:\\\/\\\/www.koonings.com\\\/wp-content\\\/uploads\\\/2025\\\/09\\\/51122_30299ad948eb49f711828b3d9aee034ed435d34b78187cae8085ac62253784b197934694-scaled.jpeg\",\"datePublished\":\"2026-04-14T14:36:59+00:00\",\"description\":\"Gaelle est l'incarnation de l'\u00e9l\u00e9gance moderne. Confectionn\u00e9e en cr\u00eape lisse, cette robe coupe \u00e9vas\u00e9e met en valeur votre silhouette gr\u00e2ce \u00e0 une coupe \u00e9l\u00e9gante et sophistiqu\u00e9e. La dentelle illusion du corsage, orn\u00e9e de d\u00e9licats appliqu\u00e9s floraux, cr\u00e9e un contraste romantique avec le profond d\u00e9collet\u00e9 en V et les bretelles en dentelle. La robe se termine par une tra\u00eene en dentelle pour un d\u00e9tail sophistiqu\u00e9 suppl\u00e9mentaire, tandis que Gaelle-A propose une tra\u00eene simple pour un look plus \u00e9pur\u00e9 et minimaliste. Toute la collection est disponible chez Koonings.\",\"breadcrumb\":{\"@id\":\"https:\\\/\\\/www.koonings.com\\\/fr\\\/product\\\/modeca-gaelle\\\/#breadcrumb\"},\"inLanguage\":\"fr-FR\",\"potentialAction\":[{\"@type\":\"ReadAction\",\"target\":[\"https:\\\/\\\/www.koonings.com\\\/fr\\\/product\\\/modeca-gaelle\\\/\"]}]},{\"@type\":\"ImageObject\",\"inLanguage\":\"fr-FR\",\"@id\":\"https:\\\/\\\/www.koonings.com\\\/fr\\\/product\\\/modeca-gaelle\\\/#primaryimage\",\"url\":\"https:\\\/\\\/www.koonings.com\\\/wp-content\\\/uploads\\\/2025\\\/09\\\/51122_30299ad948eb49f711828b3d9aee034ed435d34b78187cae8085ac62253784b197934694-scaled.jpeg\",\"contentUrl\":\"https:\\\/\\\/www.koonings.com\\\/wp-content\\\/uploads\\\/2025\\\/09\\\/51122_30299ad948eb49f711828b3d9aee034ed435d34b78187cae8085ac62253784b197934694-scaled.jpeg\",\"width\":1810,\"height\":2560},{\"@type\":\"BreadcrumbList\",\"@id\":\"https:\\\/\\\/www.koonings.com\\\/fr\\\/product\\\/modeca-gaelle\\\/#breadcrumb\",\"itemListElement\":[{\"@type\":\"ListItem\",\"position\":1,\"name\":\"Home\",\"item\":\"https:\\\/\\\/www.koonings.com\\\/fr\\\/\"},{\"@type\":\"ListItem\",\"position\":2,\"name\":\"Modeca Gaelle\"}]},{\"@type\":\"WebSite\",\"@id\":\"https:\\\/\\\/www.koonings.com\\\/fr\\\/#website\",\"url\":\"https:\\\/\\\/www.koonings.com\\\/fr\\\/\",\"name\":\"Koonings\",\"description\":\"De grootste bruidsmodewinkel ter wereld\",\"publisher\":{\"@id\":\"https:\\\/\\\/www.koonings.com\\\/fr\\\/#organization\"},\"potentialAction\":[{\"@type\":\"SearchAction\",\"target\":{\"@type\":\"EntryPoint\",\"urlTemplate\":\"https:\\\/\\\/www.koonings.com\\\/fr\\\/?s={search_term_string}\"},\"query-input\":{\"@type\":\"PropertyValueSpecification\",\"valueRequired\":true,\"valueName\":\"search_term_string\"}}],\"inLanguage\":\"fr-FR\"},{\"@type\":\"Organization\",\"@id\":\"https:\\\/\\\/www.koonings.com\\\/fr\\\/#organization\",\"name\":\"Koonings\",\"url\":\"https:\\\/\\\/www.koonings.com\\\/fr\\\/\",\"logo\":{\"@type\":\"ImageObject\",\"inLanguage\":\"fr-FR\",\"@id\":\"https:\\\/\\\/www.koonings.com\\\/fr\\\/#\\\/schema\\\/logo\\\/image\\\/\",\"url\":\"https:\\\/\\\/www.koonings.com\\\/wp-content\\\/uploads\\\/2024\\\/07\\\/logo.png\",\"contentUrl\":\"https:\\\/\\\/www.koonings.com\\\/wp-content\\\/uploads\\\/2024\\\/07\\\/logo.png\",\"width\":600,\"height\":428,\"caption\":\"Koonings\"},\"image\":{\"@id\":\"https:\\\/\\\/www.koonings.com\\\/fr\\\/#\\\/schema\\\/logo\\\/image\\\/\"},\"sameAs\":[\"https:\\\/\\\/www.facebook.com\\\/kooningstheweddingpalace\",\"https:\\\/\\\/www.instagram.com\\\/kooningstheweddingpalace\",\"https:\\\/\\\/www.pinterest.com\\\/koonings\",\"https:\\\/\\\/www.youtube.com\\\/kooningstheweddingpalace\"]}]}<\/script>\n<!-- \/ Yoast SEO plugin. -->","yoast_head_json":{"title":"Modeca Gaelle | Koonings","description":"Gaelle est l'incarnation de l'\u00e9l\u00e9gance moderne. Confectionn\u00e9e en cr\u00eape lisse, cette robe coupe \u00e9vas\u00e9e met en valeur votre silhouette gr\u00e2ce \u00e0 une coupe \u00e9l\u00e9gante et sophistiqu\u00e9e. La dentelle illusion du corsage, orn\u00e9e de d\u00e9licats appliqu\u00e9s floraux, cr\u00e9e un contraste romantique avec le profond d\u00e9collet\u00e9 en V et les bretelles en dentelle. La robe se termine par une tra\u00eene en dentelle pour un d\u00e9tail sophistiqu\u00e9 suppl\u00e9mentaire, tandis que Gaelle-A propose une tra\u00eene simple pour un look plus \u00e9pur\u00e9 et minimaliste. Toute la collection est disponible chez Koonings.","robots":{"index":"index","follow":"follow","max-snippet":"max-snippet:-1","max-image-preview":"max-image-preview:large","max-video-preview":"max-video-preview:-1"},"canonical":"https:\/\/www.koonings.com\/fr\/product\/modeca-gaelle\/","og_locale":"fr_FR","og_type":"article","og_title":"Modeca Gaelle | Koonings","og_description":"Gaelle est l'incarnation de l'\u00e9l\u00e9gance moderne. Confectionn\u00e9e en cr\u00eape lisse, cette robe coupe \u00e9vas\u00e9e met en valeur votre silhouette gr\u00e2ce \u00e0 une coupe \u00e9l\u00e9gante et sophistiqu\u00e9e. La dentelle illusion du corsage, orn\u00e9e de d\u00e9licats appliqu\u00e9s floraux, cr\u00e9e un contraste romantique avec le profond d\u00e9collet\u00e9 en V et les bretelles en dentelle. La robe se termine par une tra\u00eene en dentelle pour un d\u00e9tail sophistiqu\u00e9 suppl\u00e9mentaire, tandis que Gaelle-A propose une tra\u00eene simple pour un look plus \u00e9pur\u00e9 et minimaliste. Toute la collection est disponible chez Koonings.","og_url":"https:\/\/www.koonings.com\/fr\/product\/modeca-gaelle\/","og_site_name":"Koonings","article_publisher":"https:\/\/www.facebook.com\/kooningstheweddingpalace","og_image":[{"width":1810,"height":2560,"url":"https:\/\/www.koonings.com\/wp-content\/uploads\/2025\/09\/51122_30299ad948eb49f711828b3d9aee034ed435d34b78187cae8085ac62253784b197934694-scaled.jpeg","type":"image\/jpeg"}],"twitter_card":"summary_large_image","twitter_misc":{"Dur\u00e9e de lecture estim\u00e9e":"1 minute"},"schema":{"@context":"https:\/\/schema.org","@graph":[{"@type":"WebPage","@id":"https:\/\/www.koonings.com\/fr\/product\/modeca-gaelle\/","url":"https:\/\/www.koonings.com\/fr\/product\/modeca-gaelle\/","name":"Modeca Gaelle | Koonings","isPartOf":{"@id":"https:\/\/www.koonings.com\/fr\/#website"},"primaryImageOfPage":{"@id":"https:\/\/www.koonings.com\/fr\/product\/modeca-gaelle\/#primaryimage"},"image":{"@id":"https:\/\/www.koonings.com\/fr\/product\/modeca-gaelle\/#primaryimage"},"thumbnailUrl":"https:\/\/www.koonings.com\/wp-content\/uploads\/2025\/09\/51122_30299ad948eb49f711828b3d9aee034ed435d34b78187cae8085ac62253784b197934694-scaled.jpeg","datePublished":"2026-04-14T14:36:59+00:00","description":"Gaelle est l'incarnation de l'\u00e9l\u00e9gance moderne. Confectionn\u00e9e en cr\u00eape lisse, cette robe coupe \u00e9vas\u00e9e met en valeur votre silhouette gr\u00e2ce \u00e0 une coupe \u00e9l\u00e9gante et sophistiqu\u00e9e. La dentelle illusion du corsage, orn\u00e9e de d\u00e9licats appliqu\u00e9s floraux, cr\u00e9e un contraste romantique avec le profond d\u00e9collet\u00e9 en V et les bretelles en dentelle. La robe se termine par une tra\u00eene en dentelle pour un d\u00e9tail sophistiqu\u00e9 suppl\u00e9mentaire, tandis que Gaelle-A propose une tra\u00eene simple pour un look plus \u00e9pur\u00e9 et minimaliste. Toute la collection est disponible chez Koonings.","breadcrumb":{"@id":"https:\/\/www.koonings.com\/fr\/product\/modeca-gaelle\/#breadcrumb"},"inLanguage":"fr-FR","potentialAction":[{"@type":"ReadAction","target":["https:\/\/www.koonings.com\/fr\/product\/modeca-gaelle\/"]}]},{"@type":"ImageObject","inLanguage":"fr-FR","@id":"https:\/\/www.koonings.com\/fr\/product\/modeca-gaelle\/#primaryimage","url":"https:\/\/www.koonings.com\/wp-content\/uploads\/2025\/09\/51122_30299ad948eb49f711828b3d9aee034ed435d34b78187cae8085ac62253784b197934694-scaled.jpeg","contentUrl":"https:\/\/www.koonings.com\/wp-content\/uploads\/2025\/09\/51122_30299ad948eb49f711828b3d9aee034ed435d34b78187cae8085ac62253784b197934694-scaled.jpeg","width":1810,"height":2560},{"@type":"BreadcrumbList","@id":"https:\/\/www.koonings.com\/fr\/product\/modeca-gaelle\/#breadcrumb","itemListElement":[{"@type":"ListItem","position":1,"name":"Home","item":"https:\/\/www.koonings.com\/fr\/"},{"@type":"ListItem","position":2,"name":"Modeca Gaelle"}]},{"@type":"WebSite","@id":"https:\/\/www.koonings.com\/fr\/#website","url":"https:\/\/www.koonings.com\/fr\/","name":"Koonings","description":"De grootste bruidsmodewinkel ter wereld","publisher":{"@id":"https:\/\/www.koonings.com\/fr\/#organization"},"potentialAction":[{"@type":"SearchAction","target":{"@type":"EntryPoint","urlTemplate":"https:\/\/www.koonings.com\/fr\/?s={search_term_string}"},"query-input":{"@type":"PropertyValueSpecification","valueRequired":true,"valueName":"search_term_string"}}],"inLanguage":"fr-FR"},{"@type":"Organization","@id":"https:\/\/www.koonings.com\/fr\/#organization","name":"Koonings","url":"https:\/\/www.koonings.com\/fr\/","logo":{"@type":"ImageObject","inLanguage":"fr-FR","@id":"https:\/\/www.koonings.com\/fr\/#\/schema\/logo\/image\/","url":"https:\/\/www.koonings.com\/wp-content\/uploads\/2024\/07\/logo.png","contentUrl":"https:\/\/www.koonings.com\/wp-content\/uploads\/2024\/07\/logo.png","width":600,"height":428,"caption":"Koonings"},"image":{"@id":"https:\/\/www.koonings.com\/fr\/#\/schema\/logo\/image\/"},"sameAs":["https:\/\/www.facebook.com\/kooningstheweddingpalace","https:\/\/www.instagram.com\/kooningstheweddingpalace","https:\/\/www.pinterest.com\/koonings","https:\/\/www.youtube.com\/kooningstheweddingpalace"]}]}},"_links":{"self":[{"href":"https:\/\/www.koonings.com\/fr\/wp-json\/wp\/v2\/product\/108511","targetHints":{"allow":["GET"]}}],"collection":[{"href":"https:\/\/www.koonings.com\/fr\/wp-json\/wp\/v2\/product"}],"about":[{"href":"https:\/\/www.koonings.com\/fr\/wp-json\/wp\/v2\/types\/product"}],"wp:featuredmedia":[{"embeddable":true,"href":"https:\/\/www.koonings.com\/fr\/wp-json\/wp\/v2\/media\/95243"}],"wp:attachment":[{"href":"https:\/\/www.koonings.com\/fr\/wp-json\/wp\/v2\/media?parent=108511"}],"wp:term":[{"taxonomy":"productdetails","embeddable":true,"href":"https:\/\/www.koonings.com\/fr\/wp-json\/wp\/v2\/productdetails?post=108511"},{"taxonomy":"productneck","embeddable":true,"href":"https:\/\/www.koonings.com\/fr\/wp-json\/wp\/v2\/productneck?post=108511"},{"taxonomy":"productcolor","embeddable":true,"href":"https:\/\/www.koonings.com\/fr\/wp-json\/wp\/v2\/productcolor?post=108511"},{"taxonomy":"maat","embeddable":true,"href":"https:\/\/www.koonings.com\/fr\/wp-json\/wp\/v2\/maat?post=108511"},{"taxonomy":"productsupplier","embeddable":true,"href":"https:\/\/www.koonings.com\/fr\/wp-json\/wp\/v2\/productsupplier?post=108511"},{"taxonomy":"productsleeve","embeddable":true,"href":"https:\/\/www.koonings.com\/fr\/wp-json\/wp\/v2\/productsleeve?post=108511"},{"taxonomy":"productcategory","embeddable":true,"href":"https:\/\/www.koonings.com\/fr\/wp-json\/wp\/v2\/productcategory?post=108511"},{"taxonomy":"productsilhouette","embeddable":true,"href":"https:\/\/www.koonings.com\/fr\/wp-json\/wp\/v2\/productsilhouette?post=108511"},{"taxonomy":"productstyle","embeddable":true,"href":"https:\/\/www.koonings.com\/fr\/wp-json\/wp\/v2\/productstyle?post=108511"}],"curies":[{"name":"wp","href":"https:\/\/api.w.org\/{rel}","templated":true}]}}