{"id":108501,"date":"2026-04-14T16:37:01","date_gmt":"2026-04-14T14:37:01","guid":{"rendered":"https:\/\/www.koonings.com\/product\/galaxie-modeca\/"},"modified":"2026-04-14T15:43:02","modified_gmt":"2026-04-14T13:43:02","slug":"galaxie-modeca","status":"publish","type":"product","link":"https:\/\/www.koonings.com\/fr\/product\/galaxie-modeca\/","title":{"rendered":"Galaxie Modeca"},"content":{"rendered":"<p>La robe Galaxy respire l&#8217;\u00e9l\u00e9gance gr\u00e2ce \u00e0 sa magnifique silhouette en ligne A. La dentelle illusion du corsage est orn\u00e9e de paillettes \u00e9tincelantes et de d\u00e9licats appliques de fleurs en 3D, cr\u00e9ant un look romantique \u00e0 couper le souffle. Le d\u00e9collet\u00e9 en V apporte un accent flatteur, tandis que le tulle crois\u00e9 dans le dos ajoute un \u00e9l\u00e9ment unique et ludique au mod\u00e8le. Cette robe est le parfait \u00e9quilibre entre la beaut\u00e9 intemporelle et le charme moderne et enchanteur. Toute la collection est disponible chez Koonings.    <\/p>\n","protected":false},"featured_media":95309,"template":"","meta":{"_acf_changed":false,"ghostkit_customizer_options":"","ghostkit_custom_css":"","ghostkit_custom_js_head":"","ghostkit_custom_js_foot":"","ghostkit_typography":""},"productdetails":[379,376,381],"productneck":[356],"productcolor":[393,392],"maat":[],"productsupplier":[434],"productsleeve":[359],"productcategory":[18],"productsilhouette":[384],"productstyle":[366,370],"class_list":["post-108501","product","type-product","status-publish","has-post-thumbnail","hentry","productdetails-379","productdetails-376","productdetails-381","productneck-356","productcolor-393","productcolor-392","productsupplier-modeca","productsleeve-359","productcategory-trouwjurken","productsilhouette-384","productstyle-366","productstyle-370"],"acf":[],"yoast_head":"<!-- This site is optimized with the Yoast SEO plugin v27.3 - https:\/\/yoast.com\/product\/yoast-seo-wordpress\/ -->\n<title>Galaxie Modeca | Koonings<\/title>\n<meta name=\"description\" content=\"La robe Galaxy respire l&#039;\u00e9l\u00e9gance gr\u00e2ce \u00e0 sa magnifique silhouette en ligne A. La dentelle illusion du corsage est orn\u00e9e de paillettes \u00e9tincelantes et de d\u00e9licats appliques de fleurs en 3D, cr\u00e9ant un look romantique \u00e0 couper le souffle. Le d\u00e9collet\u00e9 en V apporte un accent flatteur, tandis que le tulle crois\u00e9 dans le dos ajoute un \u00e9l\u00e9ment unique et ludique au mod\u00e8le. Cette robe est le parfait \u00e9quilibre entre la beaut\u00e9 intemporelle et le charme moderne et enchanteur. Toute la collection est disponible chez Koonings.\" \/>\n<meta name=\"robots\" content=\"index, follow, max-snippet:-1, max-image-preview:large, max-video-preview:-1\" \/>\n<link rel=\"canonical\" href=\"https:\/\/www.koonings.com\/fr\/product\/galaxie-modeca\/\" \/>\n<meta property=\"og:locale\" content=\"fr_FR\" \/>\n<meta property=\"og:type\" content=\"article\" \/>\n<meta property=\"og:title\" content=\"Galaxie Modeca | Koonings\" \/>\n<meta property=\"og:description\" content=\"La robe Galaxy respire l&#039;\u00e9l\u00e9gance gr\u00e2ce \u00e0 sa magnifique silhouette en ligne A. La dentelle illusion du corsage est orn\u00e9e de paillettes \u00e9tincelantes et de d\u00e9licats appliques de fleurs en 3D, cr\u00e9ant un look romantique \u00e0 couper le souffle. Le d\u00e9collet\u00e9 en V apporte un accent flatteur, tandis que le tulle crois\u00e9 dans le dos ajoute un \u00e9l\u00e9ment unique et ludique au mod\u00e8le. Cette robe est le parfait \u00e9quilibre entre la beaut\u00e9 intemporelle et le charme moderne et enchanteur. Toute la collection est disponible chez Koonings.\" \/>\n<meta property=\"og:url\" content=\"https:\/\/www.koonings.com\/fr\/product\/galaxie-modeca\/\" \/>\n<meta property=\"og:site_name\" content=\"Koonings\" \/>\n<meta property=\"article:publisher\" content=\"https:\/\/www.facebook.com\/kooningstheweddingpalace\" \/>\n<meta property=\"og:image\" content=\"https:\/\/www.koonings.com\/wp-content\/uploads\/2025\/09\/51124_da3f2ac8c862ccde39ffbbdd87a260617e206b206e0a29610c163337e60ed872ce97e090.jpeg\" \/>\n\t<meta property=\"og:image:width\" content=\"1805\" \/>\n\t<meta property=\"og:image:height\" content=\"2556\" \/>\n\t<meta property=\"og:image:type\" content=\"image\/jpeg\" \/>\n<meta name=\"twitter:card\" content=\"summary_large_image\" \/>\n<script type=\"application\/ld+json\" class=\"yoast-schema-graph\">{\"@context\":\"https:\\\/\\\/schema.org\",\"@graph\":[{\"@type\":\"WebPage\",\"@id\":\"https:\\\/\\\/www.koonings.com\\\/fr\\\/product\\\/galaxie-modeca\\\/\",\"url\":\"https:\\\/\\\/www.koonings.com\\\/fr\\\/product\\\/galaxie-modeca\\\/\",\"name\":\"Galaxie Modeca | Koonings\",\"isPartOf\":{\"@id\":\"https:\\\/\\\/www.koonings.com\\\/fr\\\/#website\"},\"primaryImageOfPage\":{\"@id\":\"https:\\\/\\\/www.koonings.com\\\/fr\\\/product\\\/galaxie-modeca\\\/#primaryimage\"},\"image\":{\"@id\":\"https:\\\/\\\/www.koonings.com\\\/fr\\\/product\\\/galaxie-modeca\\\/#primaryimage\"},\"thumbnailUrl\":\"https:\\\/\\\/www.koonings.com\\\/wp-content\\\/uploads\\\/2025\\\/09\\\/51124_da3f2ac8c862ccde39ffbbdd87a260617e206b206e0a29610c163337e60ed872ce97e090.jpeg\",\"datePublished\":\"2026-04-14T14:37:01+00:00\",\"description\":\"La robe Galaxy respire l'\u00e9l\u00e9gance gr\u00e2ce \u00e0 sa magnifique silhouette en ligne A. La dentelle illusion du corsage est orn\u00e9e de paillettes \u00e9tincelantes et de d\u00e9licats appliques de fleurs en 3D, cr\u00e9ant un look romantique \u00e0 couper le souffle. Le d\u00e9collet\u00e9 en V apporte un accent flatteur, tandis que le tulle crois\u00e9 dans le dos ajoute un \u00e9l\u00e9ment unique et ludique au mod\u00e8le. Cette robe est le parfait \u00e9quilibre entre la beaut\u00e9 intemporelle et le charme moderne et enchanteur. Toute la collection est disponible chez Koonings.\",\"breadcrumb\":{\"@id\":\"https:\\\/\\\/www.koonings.com\\\/fr\\\/product\\\/galaxie-modeca\\\/#breadcrumb\"},\"inLanguage\":\"fr-FR\",\"potentialAction\":[{\"@type\":\"ReadAction\",\"target\":[\"https:\\\/\\\/www.koonings.com\\\/fr\\\/product\\\/galaxie-modeca\\\/\"]}]},{\"@type\":\"ImageObject\",\"inLanguage\":\"fr-FR\",\"@id\":\"https:\\\/\\\/www.koonings.com\\\/fr\\\/product\\\/galaxie-modeca\\\/#primaryimage\",\"url\":\"https:\\\/\\\/www.koonings.com\\\/wp-content\\\/uploads\\\/2025\\\/09\\\/51124_da3f2ac8c862ccde39ffbbdd87a260617e206b206e0a29610c163337e60ed872ce97e090.jpeg\",\"contentUrl\":\"https:\\\/\\\/www.koonings.com\\\/wp-content\\\/uploads\\\/2025\\\/09\\\/51124_da3f2ac8c862ccde39ffbbdd87a260617e206b206e0a29610c163337e60ed872ce97e090.jpeg\",\"width\":1805,\"height\":2556},{\"@type\":\"BreadcrumbList\",\"@id\":\"https:\\\/\\\/www.koonings.com\\\/fr\\\/product\\\/galaxie-modeca\\\/#breadcrumb\",\"itemListElement\":[{\"@type\":\"ListItem\",\"position\":1,\"name\":\"Home\",\"item\":\"https:\\\/\\\/www.koonings.com\\\/fr\\\/\"},{\"@type\":\"ListItem\",\"position\":2,\"name\":\"Galaxie Modeca\"}]},{\"@type\":\"WebSite\",\"@id\":\"https:\\\/\\\/www.koonings.com\\\/fr\\\/#website\",\"url\":\"https:\\\/\\\/www.koonings.com\\\/fr\\\/\",\"name\":\"Koonings\",\"description\":\"De grootste bruidsmodewinkel ter wereld\",\"publisher\":{\"@id\":\"https:\\\/\\\/www.koonings.com\\\/fr\\\/#organization\"},\"potentialAction\":[{\"@type\":\"SearchAction\",\"target\":{\"@type\":\"EntryPoint\",\"urlTemplate\":\"https:\\\/\\\/www.koonings.com\\\/fr\\\/?s={search_term_string}\"},\"query-input\":{\"@type\":\"PropertyValueSpecification\",\"valueRequired\":true,\"valueName\":\"search_term_string\"}}],\"inLanguage\":\"fr-FR\"},{\"@type\":\"Organization\",\"@id\":\"https:\\\/\\\/www.koonings.com\\\/fr\\\/#organization\",\"name\":\"Koonings\",\"url\":\"https:\\\/\\\/www.koonings.com\\\/fr\\\/\",\"logo\":{\"@type\":\"ImageObject\",\"inLanguage\":\"fr-FR\",\"@id\":\"https:\\\/\\\/www.koonings.com\\\/fr\\\/#\\\/schema\\\/logo\\\/image\\\/\",\"url\":\"https:\\\/\\\/www.koonings.com\\\/wp-content\\\/uploads\\\/2024\\\/07\\\/logo.png\",\"contentUrl\":\"https:\\\/\\\/www.koonings.com\\\/wp-content\\\/uploads\\\/2024\\\/07\\\/logo.png\",\"width\":600,\"height\":428,\"caption\":\"Koonings\"},\"image\":{\"@id\":\"https:\\\/\\\/www.koonings.com\\\/fr\\\/#\\\/schema\\\/logo\\\/image\\\/\"},\"sameAs\":[\"https:\\\/\\\/www.facebook.com\\\/kooningstheweddingpalace\",\"https:\\\/\\\/www.instagram.com\\\/kooningstheweddingpalace\",\"https:\\\/\\\/www.pinterest.com\\\/koonings\",\"https:\\\/\\\/www.youtube.com\\\/kooningstheweddingpalace\"]}]}<\/script>\n<!-- \/ Yoast SEO plugin. -->","yoast_head_json":{"title":"Galaxie Modeca | Koonings","description":"La robe Galaxy respire l'\u00e9l\u00e9gance gr\u00e2ce \u00e0 sa magnifique silhouette en ligne A. La dentelle illusion du corsage est orn\u00e9e de paillettes \u00e9tincelantes et de d\u00e9licats appliques de fleurs en 3D, cr\u00e9ant un look romantique \u00e0 couper le souffle. Le d\u00e9collet\u00e9 en V apporte un accent flatteur, tandis que le tulle crois\u00e9 dans le dos ajoute un \u00e9l\u00e9ment unique et ludique au mod\u00e8le. Cette robe est le parfait \u00e9quilibre entre la beaut\u00e9 intemporelle et le charme moderne et enchanteur. Toute la collection est disponible chez Koonings.","robots":{"index":"index","follow":"follow","max-snippet":"max-snippet:-1","max-image-preview":"max-image-preview:large","max-video-preview":"max-video-preview:-1"},"canonical":"https:\/\/www.koonings.com\/fr\/product\/galaxie-modeca\/","og_locale":"fr_FR","og_type":"article","og_title":"Galaxie Modeca | Koonings","og_description":"La robe Galaxy respire l'\u00e9l\u00e9gance gr\u00e2ce \u00e0 sa magnifique silhouette en ligne A. La dentelle illusion du corsage est orn\u00e9e de paillettes \u00e9tincelantes et de d\u00e9licats appliques de fleurs en 3D, cr\u00e9ant un look romantique \u00e0 couper le souffle. Le d\u00e9collet\u00e9 en V apporte un accent flatteur, tandis que le tulle crois\u00e9 dans le dos ajoute un \u00e9l\u00e9ment unique et ludique au mod\u00e8le. Cette robe est le parfait \u00e9quilibre entre la beaut\u00e9 intemporelle et le charme moderne et enchanteur. Toute la collection est disponible chez Koonings.","og_url":"https:\/\/www.koonings.com\/fr\/product\/galaxie-modeca\/","og_site_name":"Koonings","article_publisher":"https:\/\/www.facebook.com\/kooningstheweddingpalace","og_image":[{"width":1805,"height":2556,"url":"https:\/\/www.koonings.com\/wp-content\/uploads\/2025\/09\/51124_da3f2ac8c862ccde39ffbbdd87a260617e206b206e0a29610c163337e60ed872ce97e090.jpeg","type":"image\/jpeg"}],"twitter_card":"summary_large_image","schema":{"@context":"https:\/\/schema.org","@graph":[{"@type":"WebPage","@id":"https:\/\/www.koonings.com\/fr\/product\/galaxie-modeca\/","url":"https:\/\/www.koonings.com\/fr\/product\/galaxie-modeca\/","name":"Galaxie Modeca | Koonings","isPartOf":{"@id":"https:\/\/www.koonings.com\/fr\/#website"},"primaryImageOfPage":{"@id":"https:\/\/www.koonings.com\/fr\/product\/galaxie-modeca\/#primaryimage"},"image":{"@id":"https:\/\/www.koonings.com\/fr\/product\/galaxie-modeca\/#primaryimage"},"thumbnailUrl":"https:\/\/www.koonings.com\/wp-content\/uploads\/2025\/09\/51124_da3f2ac8c862ccde39ffbbdd87a260617e206b206e0a29610c163337e60ed872ce97e090.jpeg","datePublished":"2026-04-14T14:37:01+00:00","description":"La robe Galaxy respire l'\u00e9l\u00e9gance gr\u00e2ce \u00e0 sa magnifique silhouette en ligne A. La dentelle illusion du corsage est orn\u00e9e de paillettes \u00e9tincelantes et de d\u00e9licats appliques de fleurs en 3D, cr\u00e9ant un look romantique \u00e0 couper le souffle. Le d\u00e9collet\u00e9 en V apporte un accent flatteur, tandis que le tulle crois\u00e9 dans le dos ajoute un \u00e9l\u00e9ment unique et ludique au mod\u00e8le. Cette robe est le parfait \u00e9quilibre entre la beaut\u00e9 intemporelle et le charme moderne et enchanteur. Toute la collection est disponible chez Koonings.","breadcrumb":{"@id":"https:\/\/www.koonings.com\/fr\/product\/galaxie-modeca\/#breadcrumb"},"inLanguage":"fr-FR","potentialAction":[{"@type":"ReadAction","target":["https:\/\/www.koonings.com\/fr\/product\/galaxie-modeca\/"]}]},{"@type":"ImageObject","inLanguage":"fr-FR","@id":"https:\/\/www.koonings.com\/fr\/product\/galaxie-modeca\/#primaryimage","url":"https:\/\/www.koonings.com\/wp-content\/uploads\/2025\/09\/51124_da3f2ac8c862ccde39ffbbdd87a260617e206b206e0a29610c163337e60ed872ce97e090.jpeg","contentUrl":"https:\/\/www.koonings.com\/wp-content\/uploads\/2025\/09\/51124_da3f2ac8c862ccde39ffbbdd87a260617e206b206e0a29610c163337e60ed872ce97e090.jpeg","width":1805,"height":2556},{"@type":"BreadcrumbList","@id":"https:\/\/www.koonings.com\/fr\/product\/galaxie-modeca\/#breadcrumb","itemListElement":[{"@type":"ListItem","position":1,"name":"Home","item":"https:\/\/www.koonings.com\/fr\/"},{"@type":"ListItem","position":2,"name":"Galaxie Modeca"}]},{"@type":"WebSite","@id":"https:\/\/www.koonings.com\/fr\/#website","url":"https:\/\/www.koonings.com\/fr\/","name":"Koonings","description":"De grootste bruidsmodewinkel ter wereld","publisher":{"@id":"https:\/\/www.koonings.com\/fr\/#organization"},"potentialAction":[{"@type":"SearchAction","target":{"@type":"EntryPoint","urlTemplate":"https:\/\/www.koonings.com\/fr\/?s={search_term_string}"},"query-input":{"@type":"PropertyValueSpecification","valueRequired":true,"valueName":"search_term_string"}}],"inLanguage":"fr-FR"},{"@type":"Organization","@id":"https:\/\/www.koonings.com\/fr\/#organization","name":"Koonings","url":"https:\/\/www.koonings.com\/fr\/","logo":{"@type":"ImageObject","inLanguage":"fr-FR","@id":"https:\/\/www.koonings.com\/fr\/#\/schema\/logo\/image\/","url":"https:\/\/www.koonings.com\/wp-content\/uploads\/2024\/07\/logo.png","contentUrl":"https:\/\/www.koonings.com\/wp-content\/uploads\/2024\/07\/logo.png","width":600,"height":428,"caption":"Koonings"},"image":{"@id":"https:\/\/www.koonings.com\/fr\/#\/schema\/logo\/image\/"},"sameAs":["https:\/\/www.facebook.com\/kooningstheweddingpalace","https:\/\/www.instagram.com\/kooningstheweddingpalace","https:\/\/www.pinterest.com\/koonings","https:\/\/www.youtube.com\/kooningstheweddingpalace"]}]}},"_links":{"self":[{"href":"https:\/\/www.koonings.com\/fr\/wp-json\/wp\/v2\/product\/108501","targetHints":{"allow":["GET"]}}],"collection":[{"href":"https:\/\/www.koonings.com\/fr\/wp-json\/wp\/v2\/product"}],"about":[{"href":"https:\/\/www.koonings.com\/fr\/wp-json\/wp\/v2\/types\/product"}],"wp:featuredmedia":[{"embeddable":true,"href":"https:\/\/www.koonings.com\/fr\/wp-json\/wp\/v2\/media\/95309"}],"wp:attachment":[{"href":"https:\/\/www.koonings.com\/fr\/wp-json\/wp\/v2\/media?parent=108501"}],"wp:term":[{"taxonomy":"productdetails","embeddable":true,"href":"https:\/\/www.koonings.com\/fr\/wp-json\/wp\/v2\/productdetails?post=108501"},{"taxonomy":"productneck","embeddable":true,"href":"https:\/\/www.koonings.com\/fr\/wp-json\/wp\/v2\/productneck?post=108501"},{"taxonomy":"productcolor","embeddable":true,"href":"https:\/\/www.koonings.com\/fr\/wp-json\/wp\/v2\/productcolor?post=108501"},{"taxonomy":"maat","embeddable":true,"href":"https:\/\/www.koonings.com\/fr\/wp-json\/wp\/v2\/maat?post=108501"},{"taxonomy":"productsupplier","embeddable":true,"href":"https:\/\/www.koonings.com\/fr\/wp-json\/wp\/v2\/productsupplier?post=108501"},{"taxonomy":"productsleeve","embeddable":true,"href":"https:\/\/www.koonings.com\/fr\/wp-json\/wp\/v2\/productsleeve?post=108501"},{"taxonomy":"productcategory","embeddable":true,"href":"https:\/\/www.koonings.com\/fr\/wp-json\/wp\/v2\/productcategory?post=108501"},{"taxonomy":"productsilhouette","embeddable":true,"href":"https:\/\/www.koonings.com\/fr\/wp-json\/wp\/v2\/productsilhouette?post=108501"},{"taxonomy":"productstyle","embeddable":true,"href":"https:\/\/www.koonings.com\/fr\/wp-json\/wp\/v2\/productstyle?post=108501"}],"curies":[{"name":"wp","href":"https:\/\/api.w.org\/{rel}","templated":true}]}}