{"id":108493,"date":"2026-04-14T16:36:30","date_gmt":"2026-04-14T14:36:30","guid":{"rendered":"https:\/\/www.koonings.com\/product\/herve-paris-jupe-nureen-b-uniquement-en-satin\/"},"modified":"2026-04-14T15:36:29","modified_gmt":"2026-04-14T13:36:29","slug":"herve-paris-jupe-nureen-b-uniquement-en-satin","status":"publish","type":"product","link":"https:\/\/www.koonings.com\/fr\/product\/herve-paris-jupe-nureen-b-uniquement-en-satin\/","title":{"rendered":"Herve Paris Jupe Nureen-B uniquement en satin"},"content":{"rendered":"<p>Une jupe de tulle ajust\u00e9e et \u00e9vas\u00e9e, magnifiquement embellie par de d\u00e9licates applications de dentelle perl\u00e9e sur toute sa surface. Ce mod\u00e8le offre une combinaison \u00e9poustouflante de douceur et de glamour, ce qui en fait le compl\u00e9ment parfait de n&#8217;importe quelle pi\u00e8ce de la collection Mix &amp; Match d&#8217;Herv\u00e9 Paris pour un look de mari\u00e9e \u00e0 la fois moderne et intemporel. <\/p>\n","protected":false},"featured_media":108494,"template":"","meta":{"_acf_changed":false,"ghostkit_customizer_options":"","ghostkit_custom_css":"","ghostkit_custom_js_head":"","ghostkit_custom_js_foot":"","ghostkit_typography":""},"productdetails":[376],"productneck":[356],"productcolor":[392],"maat":[],"productsupplier":[424],"productsleeve":[359],"productcategory":[18],"productsilhouette":[387,389],"productstyle":[371],"class_list":["post-108493","product","type-product","status-publish","has-post-thumbnail","hentry","productdetails-376","productneck-356","productcolor-392","productsupplier-herve-paris","productsleeve-359","productcategory-trouwjurken","productsilhouette-387","productsilhouette-389","productstyle-371"],"acf":[],"yoast_head":"<!-- This site is optimized with the Yoast SEO plugin v27.3 - https:\/\/yoast.com\/product\/yoast-seo-wordpress\/ -->\n<title>Herve Paris Jupe Nureen-B uniquement en satin | Koonings<\/title>\n<meta name=\"description\" content=\"Une jupe de tulle ajust\u00e9e et \u00e9vas\u00e9e, magnifiquement embellie par de d\u00e9licates applications de dentelle perl\u00e9e sur toute sa surface. Ce mod\u00e8le offre une combinaison \u00e9poustouflante de douceur et de glamour, ce qui en fait le compl\u00e9ment parfait de n&#039;importe quelle pi\u00e8ce de la collection Mix &amp; Match d&#039;Herv\u00e9 Paris pour un look de mari\u00e9e \u00e0 la fois moderne et intemporel.\" \/>\n<meta name=\"robots\" content=\"index, follow, max-snippet:-1, max-image-preview:large, max-video-preview:-1\" \/>\n<link rel=\"canonical\" href=\"https:\/\/www.koonings.com\/fr\/product\/herve-paris-jupe-nureen-b-uniquement-en-satin\/\" \/>\n<meta property=\"og:locale\" content=\"fr_FR\" \/>\n<meta property=\"og:type\" content=\"article\" \/>\n<meta property=\"og:title\" content=\"Herve Paris Jupe Nureen-B uniquement en satin | Koonings\" \/>\n<meta property=\"og:description\" content=\"Une jupe de tulle ajust\u00e9e et \u00e9vas\u00e9e, magnifiquement embellie par de d\u00e9licates applications de dentelle perl\u00e9e sur toute sa surface. Ce mod\u00e8le offre une combinaison \u00e9poustouflante de douceur et de glamour, ce qui en fait le compl\u00e9ment parfait de n&#039;importe quelle pi\u00e8ce de la collection Mix &amp; Match d&#039;Herv\u00e9 Paris pour un look de mari\u00e9e \u00e0 la fois moderne et intemporel.\" \/>\n<meta property=\"og:url\" content=\"https:\/\/www.koonings.com\/fr\/product\/herve-paris-jupe-nureen-b-uniquement-en-satin\/\" \/>\n<meta property=\"og:site_name\" content=\"Koonings\" \/>\n<meta property=\"article:publisher\" content=\"https:\/\/www.facebook.com\/kooningstheweddingpalace\" \/>\n<meta property=\"og:image\" content=\"https:\/\/www.koonings.com\/wp-content\/uploads\/2025\/11\/51071_3072393905464d82bd099b6bf7a4e349ca6fe3acfa1130e5cd816d743637e53c43441ae7.jpeg\" \/>\n\t<meta property=\"og:image:width\" content=\"1393\" \/>\n\t<meta property=\"og:image:height\" content=\"1967\" \/>\n\t<meta property=\"og:image:type\" content=\"image\/jpeg\" \/>\n<meta name=\"twitter:card\" content=\"summary_large_image\" \/>\n<script type=\"application\/ld+json\" class=\"yoast-schema-graph\">{\"@context\":\"https:\\\/\\\/schema.org\",\"@graph\":[{\"@type\":\"WebPage\",\"@id\":\"https:\\\/\\\/www.koonings.com\\\/fr\\\/product\\\/herve-paris-jupe-nureen-b-uniquement-en-satin\\\/\",\"url\":\"https:\\\/\\\/www.koonings.com\\\/fr\\\/product\\\/herve-paris-jupe-nureen-b-uniquement-en-satin\\\/\",\"name\":\"Herve Paris Jupe Nureen-B uniquement en satin | Koonings\",\"isPartOf\":{\"@id\":\"https:\\\/\\\/www.koonings.com\\\/fr\\\/#website\"},\"primaryImageOfPage\":{\"@id\":\"https:\\\/\\\/www.koonings.com\\\/fr\\\/product\\\/herve-paris-jupe-nureen-b-uniquement-en-satin\\\/#primaryimage\"},\"image\":{\"@id\":\"https:\\\/\\\/www.koonings.com\\\/fr\\\/product\\\/herve-paris-jupe-nureen-b-uniquement-en-satin\\\/#primaryimage\"},\"thumbnailUrl\":\"https:\\\/\\\/www.koonings.com\\\/wp-content\\\/uploads\\\/2025\\\/11\\\/51071_3072393905464d82bd099b6bf7a4e349ca6fe3acfa1130e5cd816d743637e53c43441ae7.jpeg\",\"datePublished\":\"2026-04-14T14:36:30+00:00\",\"description\":\"Une jupe de tulle ajust\u00e9e et \u00e9vas\u00e9e, magnifiquement embellie par de d\u00e9licates applications de dentelle perl\u00e9e sur toute sa surface. Ce mod\u00e8le offre une combinaison \u00e9poustouflante de douceur et de glamour, ce qui en fait le compl\u00e9ment parfait de n'importe quelle pi\u00e8ce de la collection Mix & Match d'Herv\u00e9 Paris pour un look de mari\u00e9e \u00e0 la fois moderne et intemporel.\",\"breadcrumb\":{\"@id\":\"https:\\\/\\\/www.koonings.com\\\/fr\\\/product\\\/herve-paris-jupe-nureen-b-uniquement-en-satin\\\/#breadcrumb\"},\"inLanguage\":\"fr-FR\",\"potentialAction\":[{\"@type\":\"ReadAction\",\"target\":[\"https:\\\/\\\/www.koonings.com\\\/fr\\\/product\\\/herve-paris-jupe-nureen-b-uniquement-en-satin\\\/\"]}]},{\"@type\":\"ImageObject\",\"inLanguage\":\"fr-FR\",\"@id\":\"https:\\\/\\\/www.koonings.com\\\/fr\\\/product\\\/herve-paris-jupe-nureen-b-uniquement-en-satin\\\/#primaryimage\",\"url\":\"https:\\\/\\\/www.koonings.com\\\/wp-content\\\/uploads\\\/2025\\\/11\\\/51071_3072393905464d82bd099b6bf7a4e349ca6fe3acfa1130e5cd816d743637e53c43441ae7.jpeg\",\"contentUrl\":\"https:\\\/\\\/www.koonings.com\\\/wp-content\\\/uploads\\\/2025\\\/11\\\/51071_3072393905464d82bd099b6bf7a4e349ca6fe3acfa1130e5cd816d743637e53c43441ae7.jpeg\",\"width\":1393,\"height\":1967},{\"@type\":\"BreadcrumbList\",\"@id\":\"https:\\\/\\\/www.koonings.com\\\/fr\\\/product\\\/herve-paris-jupe-nureen-b-uniquement-en-satin\\\/#breadcrumb\",\"itemListElement\":[{\"@type\":\"ListItem\",\"position\":1,\"name\":\"Home\",\"item\":\"https:\\\/\\\/www.koonings.com\\\/fr\\\/\"},{\"@type\":\"ListItem\",\"position\":2,\"name\":\"Herve Paris Jupe Nureen-B uniquement en satin\"}]},{\"@type\":\"WebSite\",\"@id\":\"https:\\\/\\\/www.koonings.com\\\/fr\\\/#website\",\"url\":\"https:\\\/\\\/www.koonings.com\\\/fr\\\/\",\"name\":\"Koonings\",\"description\":\"De grootste bruidsmodewinkel ter wereld\",\"publisher\":{\"@id\":\"https:\\\/\\\/www.koonings.com\\\/fr\\\/#organization\"},\"potentialAction\":[{\"@type\":\"SearchAction\",\"target\":{\"@type\":\"EntryPoint\",\"urlTemplate\":\"https:\\\/\\\/www.koonings.com\\\/fr\\\/?s={search_term_string}\"},\"query-input\":{\"@type\":\"PropertyValueSpecification\",\"valueRequired\":true,\"valueName\":\"search_term_string\"}}],\"inLanguage\":\"fr-FR\"},{\"@type\":\"Organization\",\"@id\":\"https:\\\/\\\/www.koonings.com\\\/fr\\\/#organization\",\"name\":\"Koonings\",\"url\":\"https:\\\/\\\/www.koonings.com\\\/fr\\\/\",\"logo\":{\"@type\":\"ImageObject\",\"inLanguage\":\"fr-FR\",\"@id\":\"https:\\\/\\\/www.koonings.com\\\/fr\\\/#\\\/schema\\\/logo\\\/image\\\/\",\"url\":\"https:\\\/\\\/www.koonings.com\\\/wp-content\\\/uploads\\\/2024\\\/07\\\/logo.png\",\"contentUrl\":\"https:\\\/\\\/www.koonings.com\\\/wp-content\\\/uploads\\\/2024\\\/07\\\/logo.png\",\"width\":600,\"height\":428,\"caption\":\"Koonings\"},\"image\":{\"@id\":\"https:\\\/\\\/www.koonings.com\\\/fr\\\/#\\\/schema\\\/logo\\\/image\\\/\"},\"sameAs\":[\"https:\\\/\\\/www.facebook.com\\\/kooningstheweddingpalace\",\"https:\\\/\\\/www.instagram.com\\\/kooningstheweddingpalace\",\"https:\\\/\\\/www.pinterest.com\\\/koonings\",\"https:\\\/\\\/www.youtube.com\\\/kooningstheweddingpalace\"]}]}<\/script>\n<!-- \/ Yoast SEO plugin. -->","yoast_head_json":{"title":"Herve Paris Jupe Nureen-B uniquement en satin | Koonings","description":"Une jupe de tulle ajust\u00e9e et \u00e9vas\u00e9e, magnifiquement embellie par de d\u00e9licates applications de dentelle perl\u00e9e sur toute sa surface. Ce mod\u00e8le offre une combinaison \u00e9poustouflante de douceur et de glamour, ce qui en fait le compl\u00e9ment parfait de n'importe quelle pi\u00e8ce de la collection Mix & Match d'Herv\u00e9 Paris pour un look de mari\u00e9e \u00e0 la fois moderne et intemporel.","robots":{"index":"index","follow":"follow","max-snippet":"max-snippet:-1","max-image-preview":"max-image-preview:large","max-video-preview":"max-video-preview:-1"},"canonical":"https:\/\/www.koonings.com\/fr\/product\/herve-paris-jupe-nureen-b-uniquement-en-satin\/","og_locale":"fr_FR","og_type":"article","og_title":"Herve Paris Jupe Nureen-B uniquement en satin | Koonings","og_description":"Une jupe de tulle ajust\u00e9e et \u00e9vas\u00e9e, magnifiquement embellie par de d\u00e9licates applications de dentelle perl\u00e9e sur toute sa surface. Ce mod\u00e8le offre une combinaison \u00e9poustouflante de douceur et de glamour, ce qui en fait le compl\u00e9ment parfait de n'importe quelle pi\u00e8ce de la collection Mix & Match d'Herv\u00e9 Paris pour un look de mari\u00e9e \u00e0 la fois moderne et intemporel.","og_url":"https:\/\/www.koonings.com\/fr\/product\/herve-paris-jupe-nureen-b-uniquement-en-satin\/","og_site_name":"Koonings","article_publisher":"https:\/\/www.facebook.com\/kooningstheweddingpalace","og_image":[{"width":1393,"height":1967,"url":"https:\/\/www.koonings.com\/wp-content\/uploads\/2025\/11\/51071_3072393905464d82bd099b6bf7a4e349ca6fe3acfa1130e5cd816d743637e53c43441ae7.jpeg","type":"image\/jpeg"}],"twitter_card":"summary_large_image","schema":{"@context":"https:\/\/schema.org","@graph":[{"@type":"WebPage","@id":"https:\/\/www.koonings.com\/fr\/product\/herve-paris-jupe-nureen-b-uniquement-en-satin\/","url":"https:\/\/www.koonings.com\/fr\/product\/herve-paris-jupe-nureen-b-uniquement-en-satin\/","name":"Herve Paris Jupe Nureen-B uniquement en satin | Koonings","isPartOf":{"@id":"https:\/\/www.koonings.com\/fr\/#website"},"primaryImageOfPage":{"@id":"https:\/\/www.koonings.com\/fr\/product\/herve-paris-jupe-nureen-b-uniquement-en-satin\/#primaryimage"},"image":{"@id":"https:\/\/www.koonings.com\/fr\/product\/herve-paris-jupe-nureen-b-uniquement-en-satin\/#primaryimage"},"thumbnailUrl":"https:\/\/www.koonings.com\/wp-content\/uploads\/2025\/11\/51071_3072393905464d82bd099b6bf7a4e349ca6fe3acfa1130e5cd816d743637e53c43441ae7.jpeg","datePublished":"2026-04-14T14:36:30+00:00","description":"Une jupe de tulle ajust\u00e9e et \u00e9vas\u00e9e, magnifiquement embellie par de d\u00e9licates applications de dentelle perl\u00e9e sur toute sa surface. Ce mod\u00e8le offre une combinaison \u00e9poustouflante de douceur et de glamour, ce qui en fait le compl\u00e9ment parfait de n'importe quelle pi\u00e8ce de la collection Mix & Match d'Herv\u00e9 Paris pour un look de mari\u00e9e \u00e0 la fois moderne et intemporel.","breadcrumb":{"@id":"https:\/\/www.koonings.com\/fr\/product\/herve-paris-jupe-nureen-b-uniquement-en-satin\/#breadcrumb"},"inLanguage":"fr-FR","potentialAction":[{"@type":"ReadAction","target":["https:\/\/www.koonings.com\/fr\/product\/herve-paris-jupe-nureen-b-uniquement-en-satin\/"]}]},{"@type":"ImageObject","inLanguage":"fr-FR","@id":"https:\/\/www.koonings.com\/fr\/product\/herve-paris-jupe-nureen-b-uniquement-en-satin\/#primaryimage","url":"https:\/\/www.koonings.com\/wp-content\/uploads\/2025\/11\/51071_3072393905464d82bd099b6bf7a4e349ca6fe3acfa1130e5cd816d743637e53c43441ae7.jpeg","contentUrl":"https:\/\/www.koonings.com\/wp-content\/uploads\/2025\/11\/51071_3072393905464d82bd099b6bf7a4e349ca6fe3acfa1130e5cd816d743637e53c43441ae7.jpeg","width":1393,"height":1967},{"@type":"BreadcrumbList","@id":"https:\/\/www.koonings.com\/fr\/product\/herve-paris-jupe-nureen-b-uniquement-en-satin\/#breadcrumb","itemListElement":[{"@type":"ListItem","position":1,"name":"Home","item":"https:\/\/www.koonings.com\/fr\/"},{"@type":"ListItem","position":2,"name":"Herve Paris Jupe Nureen-B uniquement en satin"}]},{"@type":"WebSite","@id":"https:\/\/www.koonings.com\/fr\/#website","url":"https:\/\/www.koonings.com\/fr\/","name":"Koonings","description":"De grootste bruidsmodewinkel ter wereld","publisher":{"@id":"https:\/\/www.koonings.com\/fr\/#organization"},"potentialAction":[{"@type":"SearchAction","target":{"@type":"EntryPoint","urlTemplate":"https:\/\/www.koonings.com\/fr\/?s={search_term_string}"},"query-input":{"@type":"PropertyValueSpecification","valueRequired":true,"valueName":"search_term_string"}}],"inLanguage":"fr-FR"},{"@type":"Organization","@id":"https:\/\/www.koonings.com\/fr\/#organization","name":"Koonings","url":"https:\/\/www.koonings.com\/fr\/","logo":{"@type":"ImageObject","inLanguage":"fr-FR","@id":"https:\/\/www.koonings.com\/fr\/#\/schema\/logo\/image\/","url":"https:\/\/www.koonings.com\/wp-content\/uploads\/2024\/07\/logo.png","contentUrl":"https:\/\/www.koonings.com\/wp-content\/uploads\/2024\/07\/logo.png","width":600,"height":428,"caption":"Koonings"},"image":{"@id":"https:\/\/www.koonings.com\/fr\/#\/schema\/logo\/image\/"},"sameAs":["https:\/\/www.facebook.com\/kooningstheweddingpalace","https:\/\/www.instagram.com\/kooningstheweddingpalace","https:\/\/www.pinterest.com\/koonings","https:\/\/www.youtube.com\/kooningstheweddingpalace"]}]}},"_links":{"self":[{"href":"https:\/\/www.koonings.com\/fr\/wp-json\/wp\/v2\/product\/108493","targetHints":{"allow":["GET"]}}],"collection":[{"href":"https:\/\/www.koonings.com\/fr\/wp-json\/wp\/v2\/product"}],"about":[{"href":"https:\/\/www.koonings.com\/fr\/wp-json\/wp\/v2\/types\/product"}],"wp:featuredmedia":[{"embeddable":true,"href":"https:\/\/www.koonings.com\/fr\/wp-json\/wp\/v2\/media\/108494"}],"wp:attachment":[{"href":"https:\/\/www.koonings.com\/fr\/wp-json\/wp\/v2\/media?parent=108493"}],"wp:term":[{"taxonomy":"productdetails","embeddable":true,"href":"https:\/\/www.koonings.com\/fr\/wp-json\/wp\/v2\/productdetails?post=108493"},{"taxonomy":"productneck","embeddable":true,"href":"https:\/\/www.koonings.com\/fr\/wp-json\/wp\/v2\/productneck?post=108493"},{"taxonomy":"productcolor","embeddable":true,"href":"https:\/\/www.koonings.com\/fr\/wp-json\/wp\/v2\/productcolor?post=108493"},{"taxonomy":"maat","embeddable":true,"href":"https:\/\/www.koonings.com\/fr\/wp-json\/wp\/v2\/maat?post=108493"},{"taxonomy":"productsupplier","embeddable":true,"href":"https:\/\/www.koonings.com\/fr\/wp-json\/wp\/v2\/productsupplier?post=108493"},{"taxonomy":"productsleeve","embeddable":true,"href":"https:\/\/www.koonings.com\/fr\/wp-json\/wp\/v2\/productsleeve?post=108493"},{"taxonomy":"productcategory","embeddable":true,"href":"https:\/\/www.koonings.com\/fr\/wp-json\/wp\/v2\/productcategory?post=108493"},{"taxonomy":"productsilhouette","embeddable":true,"href":"https:\/\/www.koonings.com\/fr\/wp-json\/wp\/v2\/productsilhouette?post=108493"},{"taxonomy":"productstyle","embeddable":true,"href":"https:\/\/www.koonings.com\/fr\/wp-json\/wp\/v2\/productstyle?post=108493"}],"curies":[{"name":"wp","href":"https:\/\/api.w.org\/{rel}","templated":true}]}}