{"id":108485,"date":"2026-04-14T16:36:31","date_gmt":"2026-04-14T14:36:31","guid":{"rendered":"https:\/\/www.koonings.com\/product\/herve-paris-bellini-a\/"},"modified":"2026-04-14T15:36:30","modified_gmt":"2026-04-14T13:36:30","slug":"herve-paris-bellini-a","status":"publish","type":"product","link":"https:\/\/www.koonings.com\/fr\/product\/herve-paris-bellini-a\/","title":{"rendered":"Herv\u00e9 Paris Bellini-A"},"content":{"rendered":"<p>Bellini est le r\u00eave de toute mari\u00e9e minimaliste qui souhaite n\u00e9anmoins ajouter une touche de drame. Cette robe de mari\u00e9e est con\u00e7ue pour les femmes qui veulent un look classique. Le haut de la robe pr\u00e9sente de magnifiques manches \u00e9piscopales en mousseline de soie, des poignets boutonn\u00e9s et une ceinture remarquable, tandis que la robe s&#8217;\u00e9vase en une jupe en dentelle, donnant \u00e0 chaque mari\u00e9e un sentiment d&#8217;opulence et d&#8217;\u00e9l\u00e9gance. Cette robe est issue de la collection Herv\u00e9 Paris.   <\/p>\n","protected":false},"featured_media":108486,"template":"","meta":{"_acf_changed":false,"ghostkit_customizer_options":"","ghostkit_custom_css":"","ghostkit_custom_js_head":"","ghostkit_custom_js_foot":"","ghostkit_typography":""},"productdetails":[376],"productneck":[356],"productcolor":[393,394,392],"maat":[],"productsupplier":[424],"productsleeve":[362],"productcategory":[18],"productsilhouette":[384],"productstyle":[369,365],"class_list":["post-108485","product","type-product","status-publish","has-post-thumbnail","hentry","productdetails-376","productneck-356","productcolor-393","productcolor-394","productcolor-392","productsupplier-herve-paris","productsleeve-362","productcategory-trouwjurken","productsilhouette-384","productstyle-369","productstyle-365"],"acf":[],"yoast_head":"<!-- This site is optimized with the Yoast SEO plugin v27.3 - https:\/\/yoast.com\/product\/yoast-seo-wordpress\/ -->\n<title>Herv\u00e9 Paris Bellini-A | Koonings<\/title>\n<meta name=\"description\" content=\"Bellini est le r\u00eave de toute mari\u00e9e minimaliste qui souhaite n\u00e9anmoins ajouter une touche de drame. Cette robe de mari\u00e9e est con\u00e7ue pour les femmes qui veulent un look classique. Le haut de la robe pr\u00e9sente de magnifiques manches \u00e9piscopales en mousseline de soie, des poignets boutonn\u00e9s et une ceinture remarquable, tandis que la robe s&#039;\u00e9vase en une jupe en dentelle, donnant \u00e0 chaque mari\u00e9e un sentiment d&#039;opulence et d&#039;\u00e9l\u00e9gance. Cette robe est issue de la collection Herv\u00e9 Paris.\" \/>\n<meta name=\"robots\" content=\"index, follow, max-snippet:-1, max-image-preview:large, max-video-preview:-1\" \/>\n<link rel=\"canonical\" href=\"https:\/\/www.koonings.com\/fr\/product\/herve-paris-bellini-a\/\" \/>\n<meta property=\"og:locale\" content=\"fr_FR\" \/>\n<meta property=\"og:type\" content=\"article\" \/>\n<meta property=\"og:title\" content=\"Herv\u00e9 Paris Bellini-A | Koonings\" \/>\n<meta property=\"og:description\" content=\"Bellini est le r\u00eave de toute mari\u00e9e minimaliste qui souhaite n\u00e9anmoins ajouter une touche de drame. Cette robe de mari\u00e9e est con\u00e7ue pour les femmes qui veulent un look classique. Le haut de la robe pr\u00e9sente de magnifiques manches \u00e9piscopales en mousseline de soie, des poignets boutonn\u00e9s et une ceinture remarquable, tandis que la robe s&#039;\u00e9vase en une jupe en dentelle, donnant \u00e0 chaque mari\u00e9e un sentiment d&#039;opulence et d&#039;\u00e9l\u00e9gance. Cette robe est issue de la collection Herv\u00e9 Paris.\" \/>\n<meta property=\"og:url\" content=\"https:\/\/www.koonings.com\/fr\/product\/herve-paris-bellini-a\/\" \/>\n<meta property=\"og:site_name\" content=\"Koonings\" \/>\n<meta property=\"article:publisher\" content=\"https:\/\/www.facebook.com\/kooningstheweddingpalace\" \/>\n<meta property=\"og:image\" content=\"https:\/\/www.koonings.com\/wp-content\/uploads\/2025\/11\/51074_976e9dc0ac40d52f28dda7bef1c4b8aaee1dcd4a0965015819e796ebf2ba42103c97417f.jpeg\" \/>\n\t<meta property=\"og:image:width\" content=\"1296\" \/>\n\t<meta property=\"og:image:height\" content=\"1830\" \/>\n\t<meta property=\"og:image:type\" content=\"image\/jpeg\" \/>\n<meta name=\"twitter:card\" content=\"summary_large_image\" \/>\n<script type=\"application\/ld+json\" class=\"yoast-schema-graph\">{\"@context\":\"https:\\\/\\\/schema.org\",\"@graph\":[{\"@type\":\"WebPage\",\"@id\":\"https:\\\/\\\/www.koonings.com\\\/fr\\\/product\\\/herve-paris-bellini-a\\\/\",\"url\":\"https:\\\/\\\/www.koonings.com\\\/fr\\\/product\\\/herve-paris-bellini-a\\\/\",\"name\":\"Herv\u00e9 Paris Bellini-A | Koonings\",\"isPartOf\":{\"@id\":\"https:\\\/\\\/www.koonings.com\\\/fr\\\/#website\"},\"primaryImageOfPage\":{\"@id\":\"https:\\\/\\\/www.koonings.com\\\/fr\\\/product\\\/herve-paris-bellini-a\\\/#primaryimage\"},\"image\":{\"@id\":\"https:\\\/\\\/www.koonings.com\\\/fr\\\/product\\\/herve-paris-bellini-a\\\/#primaryimage\"},\"thumbnailUrl\":\"https:\\\/\\\/www.koonings.com\\\/wp-content\\\/uploads\\\/2025\\\/11\\\/51074_976e9dc0ac40d52f28dda7bef1c4b8aaee1dcd4a0965015819e796ebf2ba42103c97417f.jpeg\",\"datePublished\":\"2026-04-14T14:36:31+00:00\",\"description\":\"Bellini est le r\u00eave de toute mari\u00e9e minimaliste qui souhaite n\u00e9anmoins ajouter une touche de drame. Cette robe de mari\u00e9e est con\u00e7ue pour les femmes qui veulent un look classique. Le haut de la robe pr\u00e9sente de magnifiques manches \u00e9piscopales en mousseline de soie, des poignets boutonn\u00e9s et une ceinture remarquable, tandis que la robe s'\u00e9vase en une jupe en dentelle, donnant \u00e0 chaque mari\u00e9e un sentiment d'opulence et d'\u00e9l\u00e9gance. Cette robe est issue de la collection Herv\u00e9 Paris.\",\"breadcrumb\":{\"@id\":\"https:\\\/\\\/www.koonings.com\\\/fr\\\/product\\\/herve-paris-bellini-a\\\/#breadcrumb\"},\"inLanguage\":\"fr-FR\",\"potentialAction\":[{\"@type\":\"ReadAction\",\"target\":[\"https:\\\/\\\/www.koonings.com\\\/fr\\\/product\\\/herve-paris-bellini-a\\\/\"]}]},{\"@type\":\"ImageObject\",\"inLanguage\":\"fr-FR\",\"@id\":\"https:\\\/\\\/www.koonings.com\\\/fr\\\/product\\\/herve-paris-bellini-a\\\/#primaryimage\",\"url\":\"https:\\\/\\\/www.koonings.com\\\/wp-content\\\/uploads\\\/2025\\\/11\\\/51074_976e9dc0ac40d52f28dda7bef1c4b8aaee1dcd4a0965015819e796ebf2ba42103c97417f.jpeg\",\"contentUrl\":\"https:\\\/\\\/www.koonings.com\\\/wp-content\\\/uploads\\\/2025\\\/11\\\/51074_976e9dc0ac40d52f28dda7bef1c4b8aaee1dcd4a0965015819e796ebf2ba42103c97417f.jpeg\",\"width\":1296,\"height\":1830},{\"@type\":\"BreadcrumbList\",\"@id\":\"https:\\\/\\\/www.koonings.com\\\/fr\\\/product\\\/herve-paris-bellini-a\\\/#breadcrumb\",\"itemListElement\":[{\"@type\":\"ListItem\",\"position\":1,\"name\":\"Home\",\"item\":\"https:\\\/\\\/www.koonings.com\\\/fr\\\/\"},{\"@type\":\"ListItem\",\"position\":2,\"name\":\"Herv\u00e9 Paris Bellini-A\"}]},{\"@type\":\"WebSite\",\"@id\":\"https:\\\/\\\/www.koonings.com\\\/fr\\\/#website\",\"url\":\"https:\\\/\\\/www.koonings.com\\\/fr\\\/\",\"name\":\"Koonings\",\"description\":\"De grootste bruidsmodewinkel ter wereld\",\"publisher\":{\"@id\":\"https:\\\/\\\/www.koonings.com\\\/fr\\\/#organization\"},\"potentialAction\":[{\"@type\":\"SearchAction\",\"target\":{\"@type\":\"EntryPoint\",\"urlTemplate\":\"https:\\\/\\\/www.koonings.com\\\/fr\\\/?s={search_term_string}\"},\"query-input\":{\"@type\":\"PropertyValueSpecification\",\"valueRequired\":true,\"valueName\":\"search_term_string\"}}],\"inLanguage\":\"fr-FR\"},{\"@type\":\"Organization\",\"@id\":\"https:\\\/\\\/www.koonings.com\\\/fr\\\/#organization\",\"name\":\"Koonings\",\"url\":\"https:\\\/\\\/www.koonings.com\\\/fr\\\/\",\"logo\":{\"@type\":\"ImageObject\",\"inLanguage\":\"fr-FR\",\"@id\":\"https:\\\/\\\/www.koonings.com\\\/fr\\\/#\\\/schema\\\/logo\\\/image\\\/\",\"url\":\"https:\\\/\\\/www.koonings.com\\\/wp-content\\\/uploads\\\/2024\\\/07\\\/logo.png\",\"contentUrl\":\"https:\\\/\\\/www.koonings.com\\\/wp-content\\\/uploads\\\/2024\\\/07\\\/logo.png\",\"width\":600,\"height\":428,\"caption\":\"Koonings\"},\"image\":{\"@id\":\"https:\\\/\\\/www.koonings.com\\\/fr\\\/#\\\/schema\\\/logo\\\/image\\\/\"},\"sameAs\":[\"https:\\\/\\\/www.facebook.com\\\/kooningstheweddingpalace\",\"https:\\\/\\\/www.instagram.com\\\/kooningstheweddingpalace\",\"https:\\\/\\\/www.pinterest.com\\\/koonings\",\"https:\\\/\\\/www.youtube.com\\\/kooningstheweddingpalace\"]}]}<\/script>\n<!-- \/ Yoast SEO plugin. -->","yoast_head_json":{"title":"Herv\u00e9 Paris Bellini-A | Koonings","description":"Bellini est le r\u00eave de toute mari\u00e9e minimaliste qui souhaite n\u00e9anmoins ajouter une touche de drame. Cette robe de mari\u00e9e est con\u00e7ue pour les femmes qui veulent un look classique. Le haut de la robe pr\u00e9sente de magnifiques manches \u00e9piscopales en mousseline de soie, des poignets boutonn\u00e9s et une ceinture remarquable, tandis que la robe s'\u00e9vase en une jupe en dentelle, donnant \u00e0 chaque mari\u00e9e un sentiment d'opulence et d'\u00e9l\u00e9gance. Cette robe est issue de la collection Herv\u00e9 Paris.","robots":{"index":"index","follow":"follow","max-snippet":"max-snippet:-1","max-image-preview":"max-image-preview:large","max-video-preview":"max-video-preview:-1"},"canonical":"https:\/\/www.koonings.com\/fr\/product\/herve-paris-bellini-a\/","og_locale":"fr_FR","og_type":"article","og_title":"Herv\u00e9 Paris Bellini-A | Koonings","og_description":"Bellini est le r\u00eave de toute mari\u00e9e minimaliste qui souhaite n\u00e9anmoins ajouter une touche de drame. Cette robe de mari\u00e9e est con\u00e7ue pour les femmes qui veulent un look classique. Le haut de la robe pr\u00e9sente de magnifiques manches \u00e9piscopales en mousseline de soie, des poignets boutonn\u00e9s et une ceinture remarquable, tandis que la robe s'\u00e9vase en une jupe en dentelle, donnant \u00e0 chaque mari\u00e9e un sentiment d'opulence et d'\u00e9l\u00e9gance. Cette robe est issue de la collection Herv\u00e9 Paris.","og_url":"https:\/\/www.koonings.com\/fr\/product\/herve-paris-bellini-a\/","og_site_name":"Koonings","article_publisher":"https:\/\/www.facebook.com\/kooningstheweddingpalace","og_image":[{"width":1296,"height":1830,"url":"https:\/\/www.koonings.com\/wp-content\/uploads\/2025\/11\/51074_976e9dc0ac40d52f28dda7bef1c4b8aaee1dcd4a0965015819e796ebf2ba42103c97417f.jpeg","type":"image\/jpeg"}],"twitter_card":"summary_large_image","schema":{"@context":"https:\/\/schema.org","@graph":[{"@type":"WebPage","@id":"https:\/\/www.koonings.com\/fr\/product\/herve-paris-bellini-a\/","url":"https:\/\/www.koonings.com\/fr\/product\/herve-paris-bellini-a\/","name":"Herv\u00e9 Paris Bellini-A | Koonings","isPartOf":{"@id":"https:\/\/www.koonings.com\/fr\/#website"},"primaryImageOfPage":{"@id":"https:\/\/www.koonings.com\/fr\/product\/herve-paris-bellini-a\/#primaryimage"},"image":{"@id":"https:\/\/www.koonings.com\/fr\/product\/herve-paris-bellini-a\/#primaryimage"},"thumbnailUrl":"https:\/\/www.koonings.com\/wp-content\/uploads\/2025\/11\/51074_976e9dc0ac40d52f28dda7bef1c4b8aaee1dcd4a0965015819e796ebf2ba42103c97417f.jpeg","datePublished":"2026-04-14T14:36:31+00:00","description":"Bellini est le r\u00eave de toute mari\u00e9e minimaliste qui souhaite n\u00e9anmoins ajouter une touche de drame. Cette robe de mari\u00e9e est con\u00e7ue pour les femmes qui veulent un look classique. Le haut de la robe pr\u00e9sente de magnifiques manches \u00e9piscopales en mousseline de soie, des poignets boutonn\u00e9s et une ceinture remarquable, tandis que la robe s'\u00e9vase en une jupe en dentelle, donnant \u00e0 chaque mari\u00e9e un sentiment d'opulence et d'\u00e9l\u00e9gance. Cette robe est issue de la collection Herv\u00e9 Paris.","breadcrumb":{"@id":"https:\/\/www.koonings.com\/fr\/product\/herve-paris-bellini-a\/#breadcrumb"},"inLanguage":"fr-FR","potentialAction":[{"@type":"ReadAction","target":["https:\/\/www.koonings.com\/fr\/product\/herve-paris-bellini-a\/"]}]},{"@type":"ImageObject","inLanguage":"fr-FR","@id":"https:\/\/www.koonings.com\/fr\/product\/herve-paris-bellini-a\/#primaryimage","url":"https:\/\/www.koonings.com\/wp-content\/uploads\/2025\/11\/51074_976e9dc0ac40d52f28dda7bef1c4b8aaee1dcd4a0965015819e796ebf2ba42103c97417f.jpeg","contentUrl":"https:\/\/www.koonings.com\/wp-content\/uploads\/2025\/11\/51074_976e9dc0ac40d52f28dda7bef1c4b8aaee1dcd4a0965015819e796ebf2ba42103c97417f.jpeg","width":1296,"height":1830},{"@type":"BreadcrumbList","@id":"https:\/\/www.koonings.com\/fr\/product\/herve-paris-bellini-a\/#breadcrumb","itemListElement":[{"@type":"ListItem","position":1,"name":"Home","item":"https:\/\/www.koonings.com\/fr\/"},{"@type":"ListItem","position":2,"name":"Herv\u00e9 Paris Bellini-A"}]},{"@type":"WebSite","@id":"https:\/\/www.koonings.com\/fr\/#website","url":"https:\/\/www.koonings.com\/fr\/","name":"Koonings","description":"De grootste bruidsmodewinkel ter wereld","publisher":{"@id":"https:\/\/www.koonings.com\/fr\/#organization"},"potentialAction":[{"@type":"SearchAction","target":{"@type":"EntryPoint","urlTemplate":"https:\/\/www.koonings.com\/fr\/?s={search_term_string}"},"query-input":{"@type":"PropertyValueSpecification","valueRequired":true,"valueName":"search_term_string"}}],"inLanguage":"fr-FR"},{"@type":"Organization","@id":"https:\/\/www.koonings.com\/fr\/#organization","name":"Koonings","url":"https:\/\/www.koonings.com\/fr\/","logo":{"@type":"ImageObject","inLanguage":"fr-FR","@id":"https:\/\/www.koonings.com\/fr\/#\/schema\/logo\/image\/","url":"https:\/\/www.koonings.com\/wp-content\/uploads\/2024\/07\/logo.png","contentUrl":"https:\/\/www.koonings.com\/wp-content\/uploads\/2024\/07\/logo.png","width":600,"height":428,"caption":"Koonings"},"image":{"@id":"https:\/\/www.koonings.com\/fr\/#\/schema\/logo\/image\/"},"sameAs":["https:\/\/www.facebook.com\/kooningstheweddingpalace","https:\/\/www.instagram.com\/kooningstheweddingpalace","https:\/\/www.pinterest.com\/koonings","https:\/\/www.youtube.com\/kooningstheweddingpalace"]}]}},"_links":{"self":[{"href":"https:\/\/www.koonings.com\/fr\/wp-json\/wp\/v2\/product\/108485","targetHints":{"allow":["GET"]}}],"collection":[{"href":"https:\/\/www.koonings.com\/fr\/wp-json\/wp\/v2\/product"}],"about":[{"href":"https:\/\/www.koonings.com\/fr\/wp-json\/wp\/v2\/types\/product"}],"wp:featuredmedia":[{"embeddable":true,"href":"https:\/\/www.koonings.com\/fr\/wp-json\/wp\/v2\/media\/108486"}],"wp:attachment":[{"href":"https:\/\/www.koonings.com\/fr\/wp-json\/wp\/v2\/media?parent=108485"}],"wp:term":[{"taxonomy":"productdetails","embeddable":true,"href":"https:\/\/www.koonings.com\/fr\/wp-json\/wp\/v2\/productdetails?post=108485"},{"taxonomy":"productneck","embeddable":true,"href":"https:\/\/www.koonings.com\/fr\/wp-json\/wp\/v2\/productneck?post=108485"},{"taxonomy":"productcolor","embeddable":true,"href":"https:\/\/www.koonings.com\/fr\/wp-json\/wp\/v2\/productcolor?post=108485"},{"taxonomy":"maat","embeddable":true,"href":"https:\/\/www.koonings.com\/fr\/wp-json\/wp\/v2\/maat?post=108485"},{"taxonomy":"productsupplier","embeddable":true,"href":"https:\/\/www.koonings.com\/fr\/wp-json\/wp\/v2\/productsupplier?post=108485"},{"taxonomy":"productsleeve","embeddable":true,"href":"https:\/\/www.koonings.com\/fr\/wp-json\/wp\/v2\/productsleeve?post=108485"},{"taxonomy":"productcategory","embeddable":true,"href":"https:\/\/www.koonings.com\/fr\/wp-json\/wp\/v2\/productcategory?post=108485"},{"taxonomy":"productsilhouette","embeddable":true,"href":"https:\/\/www.koonings.com\/fr\/wp-json\/wp\/v2\/productsilhouette?post=108485"},{"taxonomy":"productstyle","embeddable":true,"href":"https:\/\/www.koonings.com\/fr\/wp-json\/wp\/v2\/productstyle?post=108485"}],"curies":[{"name":"wp","href":"https:\/\/api.w.org\/{rel}","templated":true}]}}