{"id":108470,"date":"2026-04-14T16:36:37","date_gmt":"2026-04-14T14:36:37","guid":{"rendered":"https:\/\/www.koonings.com\/product\/le-papillon-de-modeca-hazan\/"},"modified":"2026-04-14T15:36:34","modified_gmt":"2026-04-14T13:36:34","slug":"le-papillon-de-modeca-hazan","status":"publish","type":"product","link":"https:\/\/www.koonings.com\/fr\/product\/le-papillon-de-modeca-hazan\/","title":{"rendered":"Le Papillon de Modeca Hazan"},"content":{"rendered":"<p>Hazan est l&#8217;incarnation du romantisme et de la sophistication. Cette robe de tulle de forme A est dot\u00e9e d&#8217;un corsage en dentelle florale magnifiquement embelli et d&#8217;un d\u00e9collet\u00e9 en c\u0153ur qui met en valeur votre \u00e9l\u00e9gance naturelle. De fines bretelles ajoutent une touche d\u00e9licate, tandis que le col amovible en tulle avec appliques en dentelle ajoute un d\u00e9tail unique et polyvalent. Pour un look plus simple mais tout aussi \u00e9blouissant, il existe la variante Hazan-D, sans col.   <\/p>\n<p>Ce motif fait partie de la collection Le Papillon by Modeca et est disponible chez Koonings.<\/p>\n","protected":false},"featured_media":96828,"template":"","meta":{"_acf_changed":false,"ghostkit_customizer_options":"","ghostkit_custom_css":"","ghostkit_custom_js_head":"","ghostkit_custom_js_foot":"","ghostkit_typography":""},"productdetails":[379,376,378,381],"productneck":[354],"productcolor":[393,392],"maat":[],"productsupplier":[411],"productsleeve":[359],"productcategory":[18],"productsilhouette":[384],"productstyle":[366,370],"class_list":["post-108470","product","type-product","status-publish","has-post-thumbnail","hentry","productdetails-379","productdetails-376","productdetails-378","productdetails-381","productneck-354","productcolor-393","productcolor-392","productsupplier-le-papillon-by-modeca","productsleeve-359","productcategory-trouwjurken","productsilhouette-384","productstyle-366","productstyle-370"],"acf":[],"yoast_head":"<!-- This site is optimized with the Yoast SEO plugin v27.3 - https:\/\/yoast.com\/product\/yoast-seo-wordpress\/ -->\n<title>Le Papillon de Modeca Hazan | Koonings<\/title>\n<meta name=\"description\" content=\"Hazan est l&#039;incarnation du romantisme et de la sophistication. Cette robe de tulle de forme A est dot\u00e9e d&#039;un corsage en dentelle florale magnifiquement embelli et d&#039;un d\u00e9collet\u00e9 en c\u0153ur qui met en valeur votre \u00e9l\u00e9gance naturelle. De fines bretelles ajoutent une touche d\u00e9licate, tandis que le col amovible en tulle avec appliques en dentelle ajoute un d\u00e9tail unique et polyvalent. Pour un look plus simple mais tout aussi \u00e9blouissant, il existe la variante Hazan-D, sans col. Ce motif fait partie de la collection Le Papillon by Modeca et est disponible chez Koonings.\" \/>\n<meta name=\"robots\" content=\"index, follow, max-snippet:-1, max-image-preview:large, max-video-preview:-1\" \/>\n<link rel=\"canonical\" href=\"https:\/\/www.koonings.com\/fr\/product\/le-papillon-de-modeca-hazan\/\" \/>\n<meta property=\"og:locale\" content=\"fr_FR\" \/>\n<meta property=\"og:type\" content=\"article\" \/>\n<meta property=\"og:title\" content=\"Le Papillon de Modeca Hazan | Koonings\" \/>\n<meta property=\"og:description\" content=\"Hazan est l&#039;incarnation du romantisme et de la sophistication. Cette robe de tulle de forme A est dot\u00e9e d&#039;un corsage en dentelle florale magnifiquement embelli et d&#039;un d\u00e9collet\u00e9 en c\u0153ur qui met en valeur votre \u00e9l\u00e9gance naturelle. De fines bretelles ajoutent une touche d\u00e9licate, tandis que le col amovible en tulle avec appliques en dentelle ajoute un d\u00e9tail unique et polyvalent. Pour un look plus simple mais tout aussi \u00e9blouissant, il existe la variante Hazan-D, sans col. Ce motif fait partie de la collection Le Papillon by Modeca et est disponible chez Koonings.\" \/>\n<meta property=\"og:url\" content=\"https:\/\/www.koonings.com\/fr\/product\/le-papillon-de-modeca-hazan\/\" \/>\n<meta property=\"og:site_name\" content=\"Koonings\" \/>\n<meta property=\"article:publisher\" content=\"https:\/\/www.facebook.com\/kooningstheweddingpalace\" \/>\n<meta property=\"og:image\" content=\"https:\/\/www.koonings.com\/wp-content\/uploads\/2025\/09\/51084_2c5f34e01b49982b56667f00ed54f1fd21d013e2fc4711066adfad9e745b1553abfd9ee3.jpeg\" \/>\n\t<meta property=\"og:image:width\" content=\"1533\" \/>\n\t<meta property=\"og:image:height\" content=\"2169\" \/>\n\t<meta property=\"og:image:type\" content=\"image\/jpeg\" \/>\n<meta name=\"twitter:card\" content=\"summary_large_image\" \/>\n<script type=\"application\/ld+json\" class=\"yoast-schema-graph\">{\"@context\":\"https:\\\/\\\/schema.org\",\"@graph\":[{\"@type\":\"WebPage\",\"@id\":\"https:\\\/\\\/www.koonings.com\\\/fr\\\/product\\\/le-papillon-de-modeca-hazan\\\/\",\"url\":\"https:\\\/\\\/www.koonings.com\\\/fr\\\/product\\\/le-papillon-de-modeca-hazan\\\/\",\"name\":\"Le Papillon de Modeca Hazan | Koonings\",\"isPartOf\":{\"@id\":\"https:\\\/\\\/www.koonings.com\\\/fr\\\/#website\"},\"primaryImageOfPage\":{\"@id\":\"https:\\\/\\\/www.koonings.com\\\/fr\\\/product\\\/le-papillon-de-modeca-hazan\\\/#primaryimage\"},\"image\":{\"@id\":\"https:\\\/\\\/www.koonings.com\\\/fr\\\/product\\\/le-papillon-de-modeca-hazan\\\/#primaryimage\"},\"thumbnailUrl\":\"https:\\\/\\\/www.koonings.com\\\/wp-content\\\/uploads\\\/2025\\\/09\\\/51084_2c5f34e01b49982b56667f00ed54f1fd21d013e2fc4711066adfad9e745b1553abfd9ee3.jpeg\",\"datePublished\":\"2026-04-14T14:36:37+00:00\",\"description\":\"Hazan est l'incarnation du romantisme et de la sophistication. Cette robe de tulle de forme A est dot\u00e9e d'un corsage en dentelle florale magnifiquement embelli et d'un d\u00e9collet\u00e9 en c\u0153ur qui met en valeur votre \u00e9l\u00e9gance naturelle. De fines bretelles ajoutent une touche d\u00e9licate, tandis que le col amovible en tulle avec appliques en dentelle ajoute un d\u00e9tail unique et polyvalent. Pour un look plus simple mais tout aussi \u00e9blouissant, il existe la variante Hazan-D, sans col. Ce motif fait partie de la collection Le Papillon by Modeca et est disponible chez Koonings.\",\"breadcrumb\":{\"@id\":\"https:\\\/\\\/www.koonings.com\\\/fr\\\/product\\\/le-papillon-de-modeca-hazan\\\/#breadcrumb\"},\"inLanguage\":\"fr-FR\",\"potentialAction\":[{\"@type\":\"ReadAction\",\"target\":[\"https:\\\/\\\/www.koonings.com\\\/fr\\\/product\\\/le-papillon-de-modeca-hazan\\\/\"]}]},{\"@type\":\"ImageObject\",\"inLanguage\":\"fr-FR\",\"@id\":\"https:\\\/\\\/www.koonings.com\\\/fr\\\/product\\\/le-papillon-de-modeca-hazan\\\/#primaryimage\",\"url\":\"https:\\\/\\\/www.koonings.com\\\/wp-content\\\/uploads\\\/2025\\\/09\\\/51084_2c5f34e01b49982b56667f00ed54f1fd21d013e2fc4711066adfad9e745b1553abfd9ee3.jpeg\",\"contentUrl\":\"https:\\\/\\\/www.koonings.com\\\/wp-content\\\/uploads\\\/2025\\\/09\\\/51084_2c5f34e01b49982b56667f00ed54f1fd21d013e2fc4711066adfad9e745b1553abfd9ee3.jpeg\",\"width\":1533,\"height\":2169},{\"@type\":\"BreadcrumbList\",\"@id\":\"https:\\\/\\\/www.koonings.com\\\/fr\\\/product\\\/le-papillon-de-modeca-hazan\\\/#breadcrumb\",\"itemListElement\":[{\"@type\":\"ListItem\",\"position\":1,\"name\":\"Home\",\"item\":\"https:\\\/\\\/www.koonings.com\\\/fr\\\/\"},{\"@type\":\"ListItem\",\"position\":2,\"name\":\"Le Papillon de Modeca Hazan\"}]},{\"@type\":\"WebSite\",\"@id\":\"https:\\\/\\\/www.koonings.com\\\/fr\\\/#website\",\"url\":\"https:\\\/\\\/www.koonings.com\\\/fr\\\/\",\"name\":\"Koonings\",\"description\":\"De grootste bruidsmodewinkel ter wereld\",\"publisher\":{\"@id\":\"https:\\\/\\\/www.koonings.com\\\/fr\\\/#organization\"},\"potentialAction\":[{\"@type\":\"SearchAction\",\"target\":{\"@type\":\"EntryPoint\",\"urlTemplate\":\"https:\\\/\\\/www.koonings.com\\\/fr\\\/?s={search_term_string}\"},\"query-input\":{\"@type\":\"PropertyValueSpecification\",\"valueRequired\":true,\"valueName\":\"search_term_string\"}}],\"inLanguage\":\"fr-FR\"},{\"@type\":\"Organization\",\"@id\":\"https:\\\/\\\/www.koonings.com\\\/fr\\\/#organization\",\"name\":\"Koonings\",\"url\":\"https:\\\/\\\/www.koonings.com\\\/fr\\\/\",\"logo\":{\"@type\":\"ImageObject\",\"inLanguage\":\"fr-FR\",\"@id\":\"https:\\\/\\\/www.koonings.com\\\/fr\\\/#\\\/schema\\\/logo\\\/image\\\/\",\"url\":\"https:\\\/\\\/www.koonings.com\\\/wp-content\\\/uploads\\\/2024\\\/07\\\/logo.png\",\"contentUrl\":\"https:\\\/\\\/www.koonings.com\\\/wp-content\\\/uploads\\\/2024\\\/07\\\/logo.png\",\"width\":600,\"height\":428,\"caption\":\"Koonings\"},\"image\":{\"@id\":\"https:\\\/\\\/www.koonings.com\\\/fr\\\/#\\\/schema\\\/logo\\\/image\\\/\"},\"sameAs\":[\"https:\\\/\\\/www.facebook.com\\\/kooningstheweddingpalace\",\"https:\\\/\\\/www.instagram.com\\\/kooningstheweddingpalace\",\"https:\\\/\\\/www.pinterest.com\\\/koonings\",\"https:\\\/\\\/www.youtube.com\\\/kooningstheweddingpalace\"]}]}<\/script>\n<!-- \/ Yoast SEO plugin. -->","yoast_head_json":{"title":"Le Papillon de Modeca Hazan | Koonings","description":"Hazan est l'incarnation du romantisme et de la sophistication. Cette robe de tulle de forme A est dot\u00e9e d'un corsage en dentelle florale magnifiquement embelli et d'un d\u00e9collet\u00e9 en c\u0153ur qui met en valeur votre \u00e9l\u00e9gance naturelle. De fines bretelles ajoutent une touche d\u00e9licate, tandis que le col amovible en tulle avec appliques en dentelle ajoute un d\u00e9tail unique et polyvalent. Pour un look plus simple mais tout aussi \u00e9blouissant, il existe la variante Hazan-D, sans col. Ce motif fait partie de la collection Le Papillon by Modeca et est disponible chez Koonings.","robots":{"index":"index","follow":"follow","max-snippet":"max-snippet:-1","max-image-preview":"max-image-preview:large","max-video-preview":"max-video-preview:-1"},"canonical":"https:\/\/www.koonings.com\/fr\/product\/le-papillon-de-modeca-hazan\/","og_locale":"fr_FR","og_type":"article","og_title":"Le Papillon de Modeca Hazan | Koonings","og_description":"Hazan est l'incarnation du romantisme et de la sophistication. Cette robe de tulle de forme A est dot\u00e9e d'un corsage en dentelle florale magnifiquement embelli et d'un d\u00e9collet\u00e9 en c\u0153ur qui met en valeur votre \u00e9l\u00e9gance naturelle. De fines bretelles ajoutent une touche d\u00e9licate, tandis que le col amovible en tulle avec appliques en dentelle ajoute un d\u00e9tail unique et polyvalent. Pour un look plus simple mais tout aussi \u00e9blouissant, il existe la variante Hazan-D, sans col. Ce motif fait partie de la collection Le Papillon by Modeca et est disponible chez Koonings.","og_url":"https:\/\/www.koonings.com\/fr\/product\/le-papillon-de-modeca-hazan\/","og_site_name":"Koonings","article_publisher":"https:\/\/www.facebook.com\/kooningstheweddingpalace","og_image":[{"width":1533,"height":2169,"url":"https:\/\/www.koonings.com\/wp-content\/uploads\/2025\/09\/51084_2c5f34e01b49982b56667f00ed54f1fd21d013e2fc4711066adfad9e745b1553abfd9ee3.jpeg","type":"image\/jpeg"}],"twitter_card":"summary_large_image","schema":{"@context":"https:\/\/schema.org","@graph":[{"@type":"WebPage","@id":"https:\/\/www.koonings.com\/fr\/product\/le-papillon-de-modeca-hazan\/","url":"https:\/\/www.koonings.com\/fr\/product\/le-papillon-de-modeca-hazan\/","name":"Le Papillon de Modeca Hazan | Koonings","isPartOf":{"@id":"https:\/\/www.koonings.com\/fr\/#website"},"primaryImageOfPage":{"@id":"https:\/\/www.koonings.com\/fr\/product\/le-papillon-de-modeca-hazan\/#primaryimage"},"image":{"@id":"https:\/\/www.koonings.com\/fr\/product\/le-papillon-de-modeca-hazan\/#primaryimage"},"thumbnailUrl":"https:\/\/www.koonings.com\/wp-content\/uploads\/2025\/09\/51084_2c5f34e01b49982b56667f00ed54f1fd21d013e2fc4711066adfad9e745b1553abfd9ee3.jpeg","datePublished":"2026-04-14T14:36:37+00:00","description":"Hazan est l'incarnation du romantisme et de la sophistication. Cette robe de tulle de forme A est dot\u00e9e d'un corsage en dentelle florale magnifiquement embelli et d'un d\u00e9collet\u00e9 en c\u0153ur qui met en valeur votre \u00e9l\u00e9gance naturelle. De fines bretelles ajoutent une touche d\u00e9licate, tandis que le col amovible en tulle avec appliques en dentelle ajoute un d\u00e9tail unique et polyvalent. Pour un look plus simple mais tout aussi \u00e9blouissant, il existe la variante Hazan-D, sans col. Ce motif fait partie de la collection Le Papillon by Modeca et est disponible chez Koonings.","breadcrumb":{"@id":"https:\/\/www.koonings.com\/fr\/product\/le-papillon-de-modeca-hazan\/#breadcrumb"},"inLanguage":"fr-FR","potentialAction":[{"@type":"ReadAction","target":["https:\/\/www.koonings.com\/fr\/product\/le-papillon-de-modeca-hazan\/"]}]},{"@type":"ImageObject","inLanguage":"fr-FR","@id":"https:\/\/www.koonings.com\/fr\/product\/le-papillon-de-modeca-hazan\/#primaryimage","url":"https:\/\/www.koonings.com\/wp-content\/uploads\/2025\/09\/51084_2c5f34e01b49982b56667f00ed54f1fd21d013e2fc4711066adfad9e745b1553abfd9ee3.jpeg","contentUrl":"https:\/\/www.koonings.com\/wp-content\/uploads\/2025\/09\/51084_2c5f34e01b49982b56667f00ed54f1fd21d013e2fc4711066adfad9e745b1553abfd9ee3.jpeg","width":1533,"height":2169},{"@type":"BreadcrumbList","@id":"https:\/\/www.koonings.com\/fr\/product\/le-papillon-de-modeca-hazan\/#breadcrumb","itemListElement":[{"@type":"ListItem","position":1,"name":"Home","item":"https:\/\/www.koonings.com\/fr\/"},{"@type":"ListItem","position":2,"name":"Le Papillon de Modeca Hazan"}]},{"@type":"WebSite","@id":"https:\/\/www.koonings.com\/fr\/#website","url":"https:\/\/www.koonings.com\/fr\/","name":"Koonings","description":"De grootste bruidsmodewinkel ter wereld","publisher":{"@id":"https:\/\/www.koonings.com\/fr\/#organization"},"potentialAction":[{"@type":"SearchAction","target":{"@type":"EntryPoint","urlTemplate":"https:\/\/www.koonings.com\/fr\/?s={search_term_string}"},"query-input":{"@type":"PropertyValueSpecification","valueRequired":true,"valueName":"search_term_string"}}],"inLanguage":"fr-FR"},{"@type":"Organization","@id":"https:\/\/www.koonings.com\/fr\/#organization","name":"Koonings","url":"https:\/\/www.koonings.com\/fr\/","logo":{"@type":"ImageObject","inLanguage":"fr-FR","@id":"https:\/\/www.koonings.com\/fr\/#\/schema\/logo\/image\/","url":"https:\/\/www.koonings.com\/wp-content\/uploads\/2024\/07\/logo.png","contentUrl":"https:\/\/www.koonings.com\/wp-content\/uploads\/2024\/07\/logo.png","width":600,"height":428,"caption":"Koonings"},"image":{"@id":"https:\/\/www.koonings.com\/fr\/#\/schema\/logo\/image\/"},"sameAs":["https:\/\/www.facebook.com\/kooningstheweddingpalace","https:\/\/www.instagram.com\/kooningstheweddingpalace","https:\/\/www.pinterest.com\/koonings","https:\/\/www.youtube.com\/kooningstheweddingpalace"]}]}},"_links":{"self":[{"href":"https:\/\/www.koonings.com\/fr\/wp-json\/wp\/v2\/product\/108470","targetHints":{"allow":["GET"]}}],"collection":[{"href":"https:\/\/www.koonings.com\/fr\/wp-json\/wp\/v2\/product"}],"about":[{"href":"https:\/\/www.koonings.com\/fr\/wp-json\/wp\/v2\/types\/product"}],"wp:featuredmedia":[{"embeddable":true,"href":"https:\/\/www.koonings.com\/fr\/wp-json\/wp\/v2\/media\/96828"}],"wp:attachment":[{"href":"https:\/\/www.koonings.com\/fr\/wp-json\/wp\/v2\/media?parent=108470"}],"wp:term":[{"taxonomy":"productdetails","embeddable":true,"href":"https:\/\/www.koonings.com\/fr\/wp-json\/wp\/v2\/productdetails?post=108470"},{"taxonomy":"productneck","embeddable":true,"href":"https:\/\/www.koonings.com\/fr\/wp-json\/wp\/v2\/productneck?post=108470"},{"taxonomy":"productcolor","embeddable":true,"href":"https:\/\/www.koonings.com\/fr\/wp-json\/wp\/v2\/productcolor?post=108470"},{"taxonomy":"maat","embeddable":true,"href":"https:\/\/www.koonings.com\/fr\/wp-json\/wp\/v2\/maat?post=108470"},{"taxonomy":"productsupplier","embeddable":true,"href":"https:\/\/www.koonings.com\/fr\/wp-json\/wp\/v2\/productsupplier?post=108470"},{"taxonomy":"productsleeve","embeddable":true,"href":"https:\/\/www.koonings.com\/fr\/wp-json\/wp\/v2\/productsleeve?post=108470"},{"taxonomy":"productcategory","embeddable":true,"href":"https:\/\/www.koonings.com\/fr\/wp-json\/wp\/v2\/productcategory?post=108470"},{"taxonomy":"productsilhouette","embeddable":true,"href":"https:\/\/www.koonings.com\/fr\/wp-json\/wp\/v2\/productsilhouette?post=108470"},{"taxonomy":"productstyle","embeddable":true,"href":"https:\/\/www.koonings.com\/fr\/wp-json\/wp\/v2\/productstyle?post=108470"}],"curies":[{"name":"wp","href":"https:\/\/api.w.org\/{rel}","templated":true}]}}