{"id":108459,"date":"2026-04-14T16:38:05","date_gmt":"2026-04-14T14:38:05","guid":{"rendered":"https:\/\/www.koonings.com\/product\/modeca-genesis\/"},"modified":"2026-04-14T15:40:04","modified_gmt":"2026-04-14T13:40:04","slug":"modeca-genesis","status":"publish","type":"product","link":"https:\/\/www.koonings.com\/fr\/product\/modeca-genesis\/","title":{"rendered":"Modeca Genesis"},"content":{"rendered":"<p>Genesis est une robe mikado ajust\u00e9e et \u00e9vas\u00e9e qui allie sans effort un style moderne et classique et d\u00e9gage une \u00e9l\u00e9gance intemporelle. L&#8217;encolure fronc\u00e9e apporte une touche sophistiqu\u00e9e, tandis que la silhouette structur\u00e9e met joliment en valeur vos courbes. Un grand n\u0153ud dans le dos attire tous les regards lorsque vous montez \u00e0 l&#8217;autel, ajoutant un m\u00e9lange parfait de romantisme et de drame. Pour les mari\u00e9es qui pr\u00e9f\u00e8rent un look plus minimaliste, il existe la Genesis-D sans n\u0153ud. Quel que soit votre choix, cette robe est un v\u00e9ritable coup de foudre !<br \/>\nVivez la magie de Genesis et d\u00e9couvrez la collection compl\u00e8te chez Koonings.<\/p>\n","protected":false},"featured_media":95459,"template":"","meta":{"_acf_changed":false,"ghostkit_customizer_options":"","ghostkit_custom_css":"","ghostkit_custom_js_head":"","ghostkit_custom_js_foot":"","ghostkit_typography":""},"productdetails":[378],"productneck":[354],"productcolor":[392],"maat":[],"productsupplier":[434],"productsleeve":[],"productcategory":[18],"productsilhouette":[389],"productstyle":[365,371],"class_list":["post-108459","product","type-product","status-publish","has-post-thumbnail","hentry","productdetails-378","productneck-354","productcolor-392","productsupplier-modeca","productcategory-trouwjurken","productsilhouette-389","productstyle-365","productstyle-371"],"acf":[],"yoast_head":"<!-- This site is optimized with the Yoast SEO plugin v27.3 - https:\/\/yoast.com\/product\/yoast-seo-wordpress\/ -->\n<title>Modeca Genesis | Koonings<\/title>\n<meta name=\"description\" content=\"Genesis est une robe mikado ajust\u00e9e et \u00e9vas\u00e9e qui allie sans effort un style moderne et classique, d\u00e9gageant une \u00e9l\u00e9gance intemporelle. L&#039;encolure fronc\u00e9e apporte une touche sophistiqu\u00e9e, tandis que la silhouette structur\u00e9e met joliment en valeur vos courbes. Un grand n\u0153ud dans le dos attire tous les regards lorsque vous montez \u00e0 l&#039;autel, ajoutant un m\u00e9lange parfait de romantisme et de drame. Pour les mari\u00e9es qui pr\u00e9f\u00e8rent un look plus minimaliste, il existe la Genesis-D sans n\u0153ud. Quel que soit votre choix, cette robe est un v\u00e9ritable coup de foudre ! Vivez la magie de Genesis et d\u00e9couvrez la collection compl\u00e8te chez Koonings.\" \/>\n<meta name=\"robots\" content=\"index, follow, max-snippet:-1, max-image-preview:large, max-video-preview:-1\" \/>\n<link rel=\"canonical\" href=\"https:\/\/www.koonings.com\/fr\/product\/modeca-genesis\/\" \/>\n<meta property=\"og:locale\" content=\"fr_FR\" \/>\n<meta property=\"og:type\" content=\"article\" \/>\n<meta property=\"og:title\" content=\"Modeca Genesis | Koonings\" \/>\n<meta property=\"og:description\" content=\"Genesis est une robe mikado ajust\u00e9e et \u00e9vas\u00e9e qui allie sans effort un style moderne et classique, d\u00e9gageant une \u00e9l\u00e9gance intemporelle. L&#039;encolure fronc\u00e9e apporte une touche sophistiqu\u00e9e, tandis que la silhouette structur\u00e9e met joliment en valeur vos courbes. Un grand n\u0153ud dans le dos attire tous les regards lorsque vous montez \u00e0 l&#039;autel, ajoutant un m\u00e9lange parfait de romantisme et de drame. Pour les mari\u00e9es qui pr\u00e9f\u00e8rent un look plus minimaliste, il existe la Genesis-D sans n\u0153ud. Quel que soit votre choix, cette robe est un v\u00e9ritable coup de foudre ! Vivez la magie de Genesis et d\u00e9couvrez la collection compl\u00e8te chez Koonings.\" \/>\n<meta property=\"og:url\" content=\"https:\/\/www.koonings.com\/fr\/product\/modeca-genesis\/\" \/>\n<meta property=\"og:site_name\" content=\"Koonings\" \/>\n<meta property=\"article:publisher\" content=\"https:\/\/www.facebook.com\/kooningstheweddingpalace\" \/>\n<meta property=\"og:image\" content=\"https:\/\/www.koonings.com\/wp-content\/uploads\/2025\/09\/51130_f30a52c9541d9f4cc3555f2a4ac911c985446ace358d15e50873b29a354ccfc9433532af.jpeg\" \/>\n\t<meta property=\"og:image:width\" content=\"1511\" \/>\n\t<meta property=\"og:image:height\" content=\"2135\" \/>\n\t<meta property=\"og:image:type\" content=\"image\/jpeg\" \/>\n<meta name=\"twitter:card\" content=\"summary_large_image\" \/>\n<meta name=\"twitter:label1\" content=\"Dur\u00e9e de lecture estim\u00e9e\" \/>\n\t<meta name=\"twitter:data1\" content=\"1 minute\" \/>\n<script type=\"application\/ld+json\" class=\"yoast-schema-graph\">{\"@context\":\"https:\\\/\\\/schema.org\",\"@graph\":[{\"@type\":\"WebPage\",\"@id\":\"https:\\\/\\\/www.koonings.com\\\/fr\\\/product\\\/modeca-genesis\\\/\",\"url\":\"https:\\\/\\\/www.koonings.com\\\/fr\\\/product\\\/modeca-genesis\\\/\",\"name\":\"Modeca Genesis | Koonings\",\"isPartOf\":{\"@id\":\"https:\\\/\\\/www.koonings.com\\\/fr\\\/#website\"},\"primaryImageOfPage\":{\"@id\":\"https:\\\/\\\/www.koonings.com\\\/fr\\\/product\\\/modeca-genesis\\\/#primaryimage\"},\"image\":{\"@id\":\"https:\\\/\\\/www.koonings.com\\\/fr\\\/product\\\/modeca-genesis\\\/#primaryimage\"},\"thumbnailUrl\":\"https:\\\/\\\/www.koonings.com\\\/wp-content\\\/uploads\\\/2025\\\/09\\\/51130_f30a52c9541d9f4cc3555f2a4ac911c985446ace358d15e50873b29a354ccfc9433532af.jpeg\",\"datePublished\":\"2026-04-14T14:38:05+00:00\",\"description\":\"Genesis est une robe mikado ajust\u00e9e et \u00e9vas\u00e9e qui allie sans effort un style moderne et classique, d\u00e9gageant une \u00e9l\u00e9gance intemporelle. L'encolure fronc\u00e9e apporte une touche sophistiqu\u00e9e, tandis que la silhouette structur\u00e9e met joliment en valeur vos courbes. Un grand n\u0153ud dans le dos attire tous les regards lorsque vous montez \u00e0 l'autel, ajoutant un m\u00e9lange parfait de romantisme et de drame. Pour les mari\u00e9es qui pr\u00e9f\u00e8rent un look plus minimaliste, il existe la Genesis-D sans n\u0153ud. Quel que soit votre choix, cette robe est un v\u00e9ritable coup de foudre ! Vivez la magie de Genesis et d\u00e9couvrez la collection compl\u00e8te chez Koonings.\",\"breadcrumb\":{\"@id\":\"https:\\\/\\\/www.koonings.com\\\/fr\\\/product\\\/modeca-genesis\\\/#breadcrumb\"},\"inLanguage\":\"fr-FR\",\"potentialAction\":[{\"@type\":\"ReadAction\",\"target\":[\"https:\\\/\\\/www.koonings.com\\\/fr\\\/product\\\/modeca-genesis\\\/\"]}]},{\"@type\":\"ImageObject\",\"inLanguage\":\"fr-FR\",\"@id\":\"https:\\\/\\\/www.koonings.com\\\/fr\\\/product\\\/modeca-genesis\\\/#primaryimage\",\"url\":\"https:\\\/\\\/www.koonings.com\\\/wp-content\\\/uploads\\\/2025\\\/09\\\/51130_f30a52c9541d9f4cc3555f2a4ac911c985446ace358d15e50873b29a354ccfc9433532af.jpeg\",\"contentUrl\":\"https:\\\/\\\/www.koonings.com\\\/wp-content\\\/uploads\\\/2025\\\/09\\\/51130_f30a52c9541d9f4cc3555f2a4ac911c985446ace358d15e50873b29a354ccfc9433532af.jpeg\",\"width\":1511,\"height\":2135},{\"@type\":\"BreadcrumbList\",\"@id\":\"https:\\\/\\\/www.koonings.com\\\/fr\\\/product\\\/modeca-genesis\\\/#breadcrumb\",\"itemListElement\":[{\"@type\":\"ListItem\",\"position\":1,\"name\":\"Home\",\"item\":\"https:\\\/\\\/www.koonings.com\\\/fr\\\/\"},{\"@type\":\"ListItem\",\"position\":2,\"name\":\"Modeca Genesis\"}]},{\"@type\":\"WebSite\",\"@id\":\"https:\\\/\\\/www.koonings.com\\\/fr\\\/#website\",\"url\":\"https:\\\/\\\/www.koonings.com\\\/fr\\\/\",\"name\":\"Koonings\",\"description\":\"De grootste bruidsmodewinkel ter wereld\",\"publisher\":{\"@id\":\"https:\\\/\\\/www.koonings.com\\\/fr\\\/#organization\"},\"potentialAction\":[{\"@type\":\"SearchAction\",\"target\":{\"@type\":\"EntryPoint\",\"urlTemplate\":\"https:\\\/\\\/www.koonings.com\\\/fr\\\/?s={search_term_string}\"},\"query-input\":{\"@type\":\"PropertyValueSpecification\",\"valueRequired\":true,\"valueName\":\"search_term_string\"}}],\"inLanguage\":\"fr-FR\"},{\"@type\":\"Organization\",\"@id\":\"https:\\\/\\\/www.koonings.com\\\/fr\\\/#organization\",\"name\":\"Koonings\",\"url\":\"https:\\\/\\\/www.koonings.com\\\/fr\\\/\",\"logo\":{\"@type\":\"ImageObject\",\"inLanguage\":\"fr-FR\",\"@id\":\"https:\\\/\\\/www.koonings.com\\\/fr\\\/#\\\/schema\\\/logo\\\/image\\\/\",\"url\":\"https:\\\/\\\/www.koonings.com\\\/wp-content\\\/uploads\\\/2024\\\/07\\\/logo.png\",\"contentUrl\":\"https:\\\/\\\/www.koonings.com\\\/wp-content\\\/uploads\\\/2024\\\/07\\\/logo.png\",\"width\":600,\"height\":428,\"caption\":\"Koonings\"},\"image\":{\"@id\":\"https:\\\/\\\/www.koonings.com\\\/fr\\\/#\\\/schema\\\/logo\\\/image\\\/\"},\"sameAs\":[\"https:\\\/\\\/www.facebook.com\\\/kooningstheweddingpalace\",\"https:\\\/\\\/www.instagram.com\\\/kooningstheweddingpalace\",\"https:\\\/\\\/www.pinterest.com\\\/koonings\",\"https:\\\/\\\/www.youtube.com\\\/kooningstheweddingpalace\"]}]}<\/script>\n<!-- \/ Yoast SEO plugin. -->","yoast_head_json":{"title":"Modeca Genesis | Koonings","description":"Genesis est une robe mikado ajust\u00e9e et \u00e9vas\u00e9e qui allie sans effort un style moderne et classique, d\u00e9gageant une \u00e9l\u00e9gance intemporelle. L'encolure fronc\u00e9e apporte une touche sophistiqu\u00e9e, tandis que la silhouette structur\u00e9e met joliment en valeur vos courbes. Un grand n\u0153ud dans le dos attire tous les regards lorsque vous montez \u00e0 l'autel, ajoutant un m\u00e9lange parfait de romantisme et de drame. Pour les mari\u00e9es qui pr\u00e9f\u00e8rent un look plus minimaliste, il existe la Genesis-D sans n\u0153ud. Quel que soit votre choix, cette robe est un v\u00e9ritable coup de foudre ! Vivez la magie de Genesis et d\u00e9couvrez la collection compl\u00e8te chez Koonings.","robots":{"index":"index","follow":"follow","max-snippet":"max-snippet:-1","max-image-preview":"max-image-preview:large","max-video-preview":"max-video-preview:-1"},"canonical":"https:\/\/www.koonings.com\/fr\/product\/modeca-genesis\/","og_locale":"fr_FR","og_type":"article","og_title":"Modeca Genesis | Koonings","og_description":"Genesis est une robe mikado ajust\u00e9e et \u00e9vas\u00e9e qui allie sans effort un style moderne et classique, d\u00e9gageant une \u00e9l\u00e9gance intemporelle. L'encolure fronc\u00e9e apporte une touche sophistiqu\u00e9e, tandis que la silhouette structur\u00e9e met joliment en valeur vos courbes. Un grand n\u0153ud dans le dos attire tous les regards lorsque vous montez \u00e0 l'autel, ajoutant un m\u00e9lange parfait de romantisme et de drame. Pour les mari\u00e9es qui pr\u00e9f\u00e8rent un look plus minimaliste, il existe la Genesis-D sans n\u0153ud. Quel que soit votre choix, cette robe est un v\u00e9ritable coup de foudre ! Vivez la magie de Genesis et d\u00e9couvrez la collection compl\u00e8te chez Koonings.","og_url":"https:\/\/www.koonings.com\/fr\/product\/modeca-genesis\/","og_site_name":"Koonings","article_publisher":"https:\/\/www.facebook.com\/kooningstheweddingpalace","og_image":[{"width":1511,"height":2135,"url":"https:\/\/www.koonings.com\/wp-content\/uploads\/2025\/09\/51130_f30a52c9541d9f4cc3555f2a4ac911c985446ace358d15e50873b29a354ccfc9433532af.jpeg","type":"image\/jpeg"}],"twitter_card":"summary_large_image","twitter_misc":{"Dur\u00e9e de lecture estim\u00e9e":"1 minute"},"schema":{"@context":"https:\/\/schema.org","@graph":[{"@type":"WebPage","@id":"https:\/\/www.koonings.com\/fr\/product\/modeca-genesis\/","url":"https:\/\/www.koonings.com\/fr\/product\/modeca-genesis\/","name":"Modeca Genesis | Koonings","isPartOf":{"@id":"https:\/\/www.koonings.com\/fr\/#website"},"primaryImageOfPage":{"@id":"https:\/\/www.koonings.com\/fr\/product\/modeca-genesis\/#primaryimage"},"image":{"@id":"https:\/\/www.koonings.com\/fr\/product\/modeca-genesis\/#primaryimage"},"thumbnailUrl":"https:\/\/www.koonings.com\/wp-content\/uploads\/2025\/09\/51130_f30a52c9541d9f4cc3555f2a4ac911c985446ace358d15e50873b29a354ccfc9433532af.jpeg","datePublished":"2026-04-14T14:38:05+00:00","description":"Genesis est une robe mikado ajust\u00e9e et \u00e9vas\u00e9e qui allie sans effort un style moderne et classique, d\u00e9gageant une \u00e9l\u00e9gance intemporelle. L'encolure fronc\u00e9e apporte une touche sophistiqu\u00e9e, tandis que la silhouette structur\u00e9e met joliment en valeur vos courbes. Un grand n\u0153ud dans le dos attire tous les regards lorsque vous montez \u00e0 l'autel, ajoutant un m\u00e9lange parfait de romantisme et de drame. Pour les mari\u00e9es qui pr\u00e9f\u00e8rent un look plus minimaliste, il existe la Genesis-D sans n\u0153ud. Quel que soit votre choix, cette robe est un v\u00e9ritable coup de foudre ! Vivez la magie de Genesis et d\u00e9couvrez la collection compl\u00e8te chez Koonings.","breadcrumb":{"@id":"https:\/\/www.koonings.com\/fr\/product\/modeca-genesis\/#breadcrumb"},"inLanguage":"fr-FR","potentialAction":[{"@type":"ReadAction","target":["https:\/\/www.koonings.com\/fr\/product\/modeca-genesis\/"]}]},{"@type":"ImageObject","inLanguage":"fr-FR","@id":"https:\/\/www.koonings.com\/fr\/product\/modeca-genesis\/#primaryimage","url":"https:\/\/www.koonings.com\/wp-content\/uploads\/2025\/09\/51130_f30a52c9541d9f4cc3555f2a4ac911c985446ace358d15e50873b29a354ccfc9433532af.jpeg","contentUrl":"https:\/\/www.koonings.com\/wp-content\/uploads\/2025\/09\/51130_f30a52c9541d9f4cc3555f2a4ac911c985446ace358d15e50873b29a354ccfc9433532af.jpeg","width":1511,"height":2135},{"@type":"BreadcrumbList","@id":"https:\/\/www.koonings.com\/fr\/product\/modeca-genesis\/#breadcrumb","itemListElement":[{"@type":"ListItem","position":1,"name":"Home","item":"https:\/\/www.koonings.com\/fr\/"},{"@type":"ListItem","position":2,"name":"Modeca Genesis"}]},{"@type":"WebSite","@id":"https:\/\/www.koonings.com\/fr\/#website","url":"https:\/\/www.koonings.com\/fr\/","name":"Koonings","description":"De grootste bruidsmodewinkel ter wereld","publisher":{"@id":"https:\/\/www.koonings.com\/fr\/#organization"},"potentialAction":[{"@type":"SearchAction","target":{"@type":"EntryPoint","urlTemplate":"https:\/\/www.koonings.com\/fr\/?s={search_term_string}"},"query-input":{"@type":"PropertyValueSpecification","valueRequired":true,"valueName":"search_term_string"}}],"inLanguage":"fr-FR"},{"@type":"Organization","@id":"https:\/\/www.koonings.com\/fr\/#organization","name":"Koonings","url":"https:\/\/www.koonings.com\/fr\/","logo":{"@type":"ImageObject","inLanguage":"fr-FR","@id":"https:\/\/www.koonings.com\/fr\/#\/schema\/logo\/image\/","url":"https:\/\/www.koonings.com\/wp-content\/uploads\/2024\/07\/logo.png","contentUrl":"https:\/\/www.koonings.com\/wp-content\/uploads\/2024\/07\/logo.png","width":600,"height":428,"caption":"Koonings"},"image":{"@id":"https:\/\/www.koonings.com\/fr\/#\/schema\/logo\/image\/"},"sameAs":["https:\/\/www.facebook.com\/kooningstheweddingpalace","https:\/\/www.instagram.com\/kooningstheweddingpalace","https:\/\/www.pinterest.com\/koonings","https:\/\/www.youtube.com\/kooningstheweddingpalace"]}]}},"_links":{"self":[{"href":"https:\/\/www.koonings.com\/fr\/wp-json\/wp\/v2\/product\/108459","targetHints":{"allow":["GET"]}}],"collection":[{"href":"https:\/\/www.koonings.com\/fr\/wp-json\/wp\/v2\/product"}],"about":[{"href":"https:\/\/www.koonings.com\/fr\/wp-json\/wp\/v2\/types\/product"}],"wp:featuredmedia":[{"embeddable":true,"href":"https:\/\/www.koonings.com\/fr\/wp-json\/wp\/v2\/media\/95459"}],"wp:attachment":[{"href":"https:\/\/www.koonings.com\/fr\/wp-json\/wp\/v2\/media?parent=108459"}],"wp:term":[{"taxonomy":"productdetails","embeddable":true,"href":"https:\/\/www.koonings.com\/fr\/wp-json\/wp\/v2\/productdetails?post=108459"},{"taxonomy":"productneck","embeddable":true,"href":"https:\/\/www.koonings.com\/fr\/wp-json\/wp\/v2\/productneck?post=108459"},{"taxonomy":"productcolor","embeddable":true,"href":"https:\/\/www.koonings.com\/fr\/wp-json\/wp\/v2\/productcolor?post=108459"},{"taxonomy":"maat","embeddable":true,"href":"https:\/\/www.koonings.com\/fr\/wp-json\/wp\/v2\/maat?post=108459"},{"taxonomy":"productsupplier","embeddable":true,"href":"https:\/\/www.koonings.com\/fr\/wp-json\/wp\/v2\/productsupplier?post=108459"},{"taxonomy":"productsleeve","embeddable":true,"href":"https:\/\/www.koonings.com\/fr\/wp-json\/wp\/v2\/productsleeve?post=108459"},{"taxonomy":"productcategory","embeddable":true,"href":"https:\/\/www.koonings.com\/fr\/wp-json\/wp\/v2\/productcategory?post=108459"},{"taxonomy":"productsilhouette","embeddable":true,"href":"https:\/\/www.koonings.com\/fr\/wp-json\/wp\/v2\/productsilhouette?post=108459"},{"taxonomy":"productstyle","embeddable":true,"href":"https:\/\/www.koonings.com\/fr\/wp-json\/wp\/v2\/productstyle?post=108459"}],"curies":[{"name":"wp","href":"https:\/\/api.w.org\/{rel}","templated":true}]}}