{"id":108458,"date":"2026-04-14T16:38:06","date_gmt":"2026-04-14T14:38:06","guid":{"rendered":"https:\/\/www.koonings.com\/product\/modeca-geneve-d\/"},"modified":"2026-04-14T15:39:50","modified_gmt":"2026-04-14T13:39:50","slug":"modeca-geneve-d","status":"publish","type":"product","link":"https:\/\/www.koonings.com\/fr\/product\/modeca-geneve-d\/","title":{"rendered":"Modeca Gen\u00e8ve-D"},"content":{"rendered":"<p>La romance prend vie dans la robe Geneva, un mod\u00e8le de ligne A pour la mari\u00e9e moderne qui aime l&#8217;\u00e9l\u00e9gance avec une touche d&#8217;\u00e9clat. La jupe fluide en mousseline de soie avec fente donne une allure d\u00e9contract\u00e9e mais sophistiqu\u00e9e. Le corsage en dentelle avec paillettes et p\u00e9tales en 3D ajoute l&#8217;\u00e9clat parfait, pour que vous brilliez le jour de votre mariage. Un bol\u00e9ro \u00e0 col roul\u00e9 compl\u00e8te le look. Pour une option plus d\u00e9contract\u00e9e mais tout aussi enchanteresse, il y a la Geneva D, sans bol\u00e9ro.<br \/>\nD\u00e9couvrez Geneva et la collection compl\u00e8te sur Koonings.    <\/p>\n","protected":false},"featured_media":95484,"template":"","meta":{"_acf_changed":false,"ghostkit_customizer_options":"","ghostkit_custom_css":"","ghostkit_custom_js_head":"","ghostkit_custom_js_foot":"","ghostkit_typography":""},"productdetails":[376,378],"productneck":[354],"productcolor":[392],"maat":[],"productsupplier":[434],"productsleeve":[357],"productcategory":[18],"productsilhouette":[384],"productstyle":[366,370],"class_list":["post-108458","product","type-product","status-publish","has-post-thumbnail","hentry","productdetails-376","productdetails-378","productneck-354","productcolor-392","productsupplier-modeca","productsleeve-357","productcategory-trouwjurken","productsilhouette-384","productstyle-366","productstyle-370"],"acf":[],"yoast_head":"<!-- This site is optimized with the Yoast SEO plugin v27.3 - https:\/\/yoast.com\/product\/yoast-seo-wordpress\/ -->\n<title>Modeca Gen\u00e8ve-D | Koonings<\/title>\n<meta name=\"description\" content=\"La romance prend vie dans la robe Geneva, un mod\u00e8le de ligne A pour la mari\u00e9e moderne qui aime l&#039;\u00e9l\u00e9gance avec une touche d&#039;\u00e9clat. La jupe fluide en mousseline de soie avec fente donne une allure d\u00e9contract\u00e9e mais sophistiqu\u00e9e. Le corsage en dentelle avec paillettes et p\u00e9tales en 3D ajoute l&#039;\u00e9clat parfait, pour que vous brilliez le jour de votre mariage. Un bol\u00e9ro \u00e0 col roul\u00e9 compl\u00e8te le look. Pour une option plus d\u00e9contract\u00e9e mais tout aussi enchanteresse, il y a la Geneva D, sans bol\u00e9ro. D\u00e9couvrez Geneva et la collection compl\u00e8te sur Koonings.\" \/>\n<meta name=\"robots\" content=\"index, follow, max-snippet:-1, max-image-preview:large, max-video-preview:-1\" \/>\n<link rel=\"canonical\" href=\"https:\/\/www.koonings.com\/fr\/product\/modeca-geneve-d\/\" \/>\n<meta property=\"og:locale\" content=\"fr_FR\" \/>\n<meta property=\"og:type\" content=\"article\" \/>\n<meta property=\"og:title\" content=\"Modeca Gen\u00e8ve-D | Koonings\" \/>\n<meta property=\"og:description\" content=\"La romance prend vie dans la robe Geneva, un mod\u00e8le de ligne A pour la mari\u00e9e moderne qui aime l&#039;\u00e9l\u00e9gance avec une touche d&#039;\u00e9clat. La jupe fluide en mousseline de soie avec fente donne une allure d\u00e9contract\u00e9e mais sophistiqu\u00e9e. Le corsage en dentelle avec paillettes et p\u00e9tales en 3D ajoute l&#039;\u00e9clat parfait, pour que vous brilliez le jour de votre mariage. Un bol\u00e9ro \u00e0 col roul\u00e9 compl\u00e8te le look. Pour une option plus d\u00e9contract\u00e9e mais tout aussi enchanteresse, il y a la Geneva D, sans bol\u00e9ro. D\u00e9couvrez Geneva et la collection compl\u00e8te sur Koonings.\" \/>\n<meta property=\"og:url\" content=\"https:\/\/www.koonings.com\/fr\/product\/modeca-geneve-d\/\" \/>\n<meta property=\"og:site_name\" content=\"Koonings\" \/>\n<meta property=\"article:publisher\" content=\"https:\/\/www.facebook.com\/kooningstheweddingpalace\" \/>\n<meta property=\"og:image\" content=\"https:\/\/www.koonings.com\/wp-content\/uploads\/2025\/09\/51131_1542a5eb72e525b6ca4434d74041eae03533fcc100fe7926115755c28e142d71518dc579.jpeg\" \/>\n\t<meta property=\"og:image:width\" content=\"1644\" \/>\n\t<meta property=\"og:image:height\" content=\"2326\" \/>\n\t<meta property=\"og:image:type\" content=\"image\/jpeg\" \/>\n<meta name=\"twitter:card\" content=\"summary_large_image\" \/>\n<meta name=\"twitter:label1\" content=\"Dur\u00e9e de lecture estim\u00e9e\" \/>\n\t<meta name=\"twitter:data1\" content=\"1 minute\" \/>\n<script type=\"application\/ld+json\" class=\"yoast-schema-graph\">{\"@context\":\"https:\\\/\\\/schema.org\",\"@graph\":[{\"@type\":\"WebPage\",\"@id\":\"https:\\\/\\\/www.koonings.com\\\/fr\\\/product\\\/modeca-geneve-d\\\/\",\"url\":\"https:\\\/\\\/www.koonings.com\\\/fr\\\/product\\\/modeca-geneve-d\\\/\",\"name\":\"Modeca Gen\u00e8ve-D | Koonings\",\"isPartOf\":{\"@id\":\"https:\\\/\\\/www.koonings.com\\\/fr\\\/#website\"},\"primaryImageOfPage\":{\"@id\":\"https:\\\/\\\/www.koonings.com\\\/fr\\\/product\\\/modeca-geneve-d\\\/#primaryimage\"},\"image\":{\"@id\":\"https:\\\/\\\/www.koonings.com\\\/fr\\\/product\\\/modeca-geneve-d\\\/#primaryimage\"},\"thumbnailUrl\":\"https:\\\/\\\/www.koonings.com\\\/wp-content\\\/uploads\\\/2025\\\/09\\\/51131_1542a5eb72e525b6ca4434d74041eae03533fcc100fe7926115755c28e142d71518dc579.jpeg\",\"datePublished\":\"2026-04-14T14:38:06+00:00\",\"description\":\"La romance prend vie dans la robe Geneva, un mod\u00e8le de ligne A pour la mari\u00e9e moderne qui aime l'\u00e9l\u00e9gance avec une touche d'\u00e9clat. La jupe fluide en mousseline de soie avec fente donne une allure d\u00e9contract\u00e9e mais sophistiqu\u00e9e. Le corsage en dentelle avec paillettes et p\u00e9tales en 3D ajoute l'\u00e9clat parfait, pour que vous brilliez le jour de votre mariage. Un bol\u00e9ro \u00e0 col roul\u00e9 compl\u00e8te le look. Pour une option plus d\u00e9contract\u00e9e mais tout aussi enchanteresse, il y a la Geneva D, sans bol\u00e9ro. D\u00e9couvrez Geneva et la collection compl\u00e8te sur Koonings.\",\"breadcrumb\":{\"@id\":\"https:\\\/\\\/www.koonings.com\\\/fr\\\/product\\\/modeca-geneve-d\\\/#breadcrumb\"},\"inLanguage\":\"fr-FR\",\"potentialAction\":[{\"@type\":\"ReadAction\",\"target\":[\"https:\\\/\\\/www.koonings.com\\\/fr\\\/product\\\/modeca-geneve-d\\\/\"]}]},{\"@type\":\"ImageObject\",\"inLanguage\":\"fr-FR\",\"@id\":\"https:\\\/\\\/www.koonings.com\\\/fr\\\/product\\\/modeca-geneve-d\\\/#primaryimage\",\"url\":\"https:\\\/\\\/www.koonings.com\\\/wp-content\\\/uploads\\\/2025\\\/09\\\/51131_1542a5eb72e525b6ca4434d74041eae03533fcc100fe7926115755c28e142d71518dc579.jpeg\",\"contentUrl\":\"https:\\\/\\\/www.koonings.com\\\/wp-content\\\/uploads\\\/2025\\\/09\\\/51131_1542a5eb72e525b6ca4434d74041eae03533fcc100fe7926115755c28e142d71518dc579.jpeg\",\"width\":1644,\"height\":2326},{\"@type\":\"BreadcrumbList\",\"@id\":\"https:\\\/\\\/www.koonings.com\\\/fr\\\/product\\\/modeca-geneve-d\\\/#breadcrumb\",\"itemListElement\":[{\"@type\":\"ListItem\",\"position\":1,\"name\":\"Home\",\"item\":\"https:\\\/\\\/www.koonings.com\\\/fr\\\/\"},{\"@type\":\"ListItem\",\"position\":2,\"name\":\"Modeca Gen\u00e8ve-D\"}]},{\"@type\":\"WebSite\",\"@id\":\"https:\\\/\\\/www.koonings.com\\\/fr\\\/#website\",\"url\":\"https:\\\/\\\/www.koonings.com\\\/fr\\\/\",\"name\":\"Koonings\",\"description\":\"De grootste bruidsmodewinkel ter wereld\",\"publisher\":{\"@id\":\"https:\\\/\\\/www.koonings.com\\\/fr\\\/#organization\"},\"potentialAction\":[{\"@type\":\"SearchAction\",\"target\":{\"@type\":\"EntryPoint\",\"urlTemplate\":\"https:\\\/\\\/www.koonings.com\\\/fr\\\/?s={search_term_string}\"},\"query-input\":{\"@type\":\"PropertyValueSpecification\",\"valueRequired\":true,\"valueName\":\"search_term_string\"}}],\"inLanguage\":\"fr-FR\"},{\"@type\":\"Organization\",\"@id\":\"https:\\\/\\\/www.koonings.com\\\/fr\\\/#organization\",\"name\":\"Koonings\",\"url\":\"https:\\\/\\\/www.koonings.com\\\/fr\\\/\",\"logo\":{\"@type\":\"ImageObject\",\"inLanguage\":\"fr-FR\",\"@id\":\"https:\\\/\\\/www.koonings.com\\\/fr\\\/#\\\/schema\\\/logo\\\/image\\\/\",\"url\":\"https:\\\/\\\/www.koonings.com\\\/wp-content\\\/uploads\\\/2024\\\/07\\\/logo.png\",\"contentUrl\":\"https:\\\/\\\/www.koonings.com\\\/wp-content\\\/uploads\\\/2024\\\/07\\\/logo.png\",\"width\":600,\"height\":428,\"caption\":\"Koonings\"},\"image\":{\"@id\":\"https:\\\/\\\/www.koonings.com\\\/fr\\\/#\\\/schema\\\/logo\\\/image\\\/\"},\"sameAs\":[\"https:\\\/\\\/www.facebook.com\\\/kooningstheweddingpalace\",\"https:\\\/\\\/www.instagram.com\\\/kooningstheweddingpalace\",\"https:\\\/\\\/www.pinterest.com\\\/koonings\",\"https:\\\/\\\/www.youtube.com\\\/kooningstheweddingpalace\"]}]}<\/script>\n<!-- \/ Yoast SEO plugin. -->","yoast_head_json":{"title":"Modeca Gen\u00e8ve-D | Koonings","description":"La romance prend vie dans la robe Geneva, un mod\u00e8le de ligne A pour la mari\u00e9e moderne qui aime l'\u00e9l\u00e9gance avec une touche d'\u00e9clat. La jupe fluide en mousseline de soie avec fente donne une allure d\u00e9contract\u00e9e mais sophistiqu\u00e9e. Le corsage en dentelle avec paillettes et p\u00e9tales en 3D ajoute l'\u00e9clat parfait, pour que vous brilliez le jour de votre mariage. Un bol\u00e9ro \u00e0 col roul\u00e9 compl\u00e8te le look. Pour une option plus d\u00e9contract\u00e9e mais tout aussi enchanteresse, il y a la Geneva D, sans bol\u00e9ro. D\u00e9couvrez Geneva et la collection compl\u00e8te sur Koonings.","robots":{"index":"index","follow":"follow","max-snippet":"max-snippet:-1","max-image-preview":"max-image-preview:large","max-video-preview":"max-video-preview:-1"},"canonical":"https:\/\/www.koonings.com\/fr\/product\/modeca-geneve-d\/","og_locale":"fr_FR","og_type":"article","og_title":"Modeca Gen\u00e8ve-D | Koonings","og_description":"La romance prend vie dans la robe Geneva, un mod\u00e8le de ligne A pour la mari\u00e9e moderne qui aime l'\u00e9l\u00e9gance avec une touche d'\u00e9clat. La jupe fluide en mousseline de soie avec fente donne une allure d\u00e9contract\u00e9e mais sophistiqu\u00e9e. Le corsage en dentelle avec paillettes et p\u00e9tales en 3D ajoute l'\u00e9clat parfait, pour que vous brilliez le jour de votre mariage. Un bol\u00e9ro \u00e0 col roul\u00e9 compl\u00e8te le look. Pour une option plus d\u00e9contract\u00e9e mais tout aussi enchanteresse, il y a la Geneva D, sans bol\u00e9ro. D\u00e9couvrez Geneva et la collection compl\u00e8te sur Koonings.","og_url":"https:\/\/www.koonings.com\/fr\/product\/modeca-geneve-d\/","og_site_name":"Koonings","article_publisher":"https:\/\/www.facebook.com\/kooningstheweddingpalace","og_image":[{"width":1644,"height":2326,"url":"https:\/\/www.koonings.com\/wp-content\/uploads\/2025\/09\/51131_1542a5eb72e525b6ca4434d74041eae03533fcc100fe7926115755c28e142d71518dc579.jpeg","type":"image\/jpeg"}],"twitter_card":"summary_large_image","twitter_misc":{"Dur\u00e9e de lecture estim\u00e9e":"1 minute"},"schema":{"@context":"https:\/\/schema.org","@graph":[{"@type":"WebPage","@id":"https:\/\/www.koonings.com\/fr\/product\/modeca-geneve-d\/","url":"https:\/\/www.koonings.com\/fr\/product\/modeca-geneve-d\/","name":"Modeca Gen\u00e8ve-D | Koonings","isPartOf":{"@id":"https:\/\/www.koonings.com\/fr\/#website"},"primaryImageOfPage":{"@id":"https:\/\/www.koonings.com\/fr\/product\/modeca-geneve-d\/#primaryimage"},"image":{"@id":"https:\/\/www.koonings.com\/fr\/product\/modeca-geneve-d\/#primaryimage"},"thumbnailUrl":"https:\/\/www.koonings.com\/wp-content\/uploads\/2025\/09\/51131_1542a5eb72e525b6ca4434d74041eae03533fcc100fe7926115755c28e142d71518dc579.jpeg","datePublished":"2026-04-14T14:38:06+00:00","description":"La romance prend vie dans la robe Geneva, un mod\u00e8le de ligne A pour la mari\u00e9e moderne qui aime l'\u00e9l\u00e9gance avec une touche d'\u00e9clat. La jupe fluide en mousseline de soie avec fente donne une allure d\u00e9contract\u00e9e mais sophistiqu\u00e9e. Le corsage en dentelle avec paillettes et p\u00e9tales en 3D ajoute l'\u00e9clat parfait, pour que vous brilliez le jour de votre mariage. Un bol\u00e9ro \u00e0 col roul\u00e9 compl\u00e8te le look. Pour une option plus d\u00e9contract\u00e9e mais tout aussi enchanteresse, il y a la Geneva D, sans bol\u00e9ro. D\u00e9couvrez Geneva et la collection compl\u00e8te sur Koonings.","breadcrumb":{"@id":"https:\/\/www.koonings.com\/fr\/product\/modeca-geneve-d\/#breadcrumb"},"inLanguage":"fr-FR","potentialAction":[{"@type":"ReadAction","target":["https:\/\/www.koonings.com\/fr\/product\/modeca-geneve-d\/"]}]},{"@type":"ImageObject","inLanguage":"fr-FR","@id":"https:\/\/www.koonings.com\/fr\/product\/modeca-geneve-d\/#primaryimage","url":"https:\/\/www.koonings.com\/wp-content\/uploads\/2025\/09\/51131_1542a5eb72e525b6ca4434d74041eae03533fcc100fe7926115755c28e142d71518dc579.jpeg","contentUrl":"https:\/\/www.koonings.com\/wp-content\/uploads\/2025\/09\/51131_1542a5eb72e525b6ca4434d74041eae03533fcc100fe7926115755c28e142d71518dc579.jpeg","width":1644,"height":2326},{"@type":"BreadcrumbList","@id":"https:\/\/www.koonings.com\/fr\/product\/modeca-geneve-d\/#breadcrumb","itemListElement":[{"@type":"ListItem","position":1,"name":"Home","item":"https:\/\/www.koonings.com\/fr\/"},{"@type":"ListItem","position":2,"name":"Modeca Gen\u00e8ve-D"}]},{"@type":"WebSite","@id":"https:\/\/www.koonings.com\/fr\/#website","url":"https:\/\/www.koonings.com\/fr\/","name":"Koonings","description":"De grootste bruidsmodewinkel ter wereld","publisher":{"@id":"https:\/\/www.koonings.com\/fr\/#organization"},"potentialAction":[{"@type":"SearchAction","target":{"@type":"EntryPoint","urlTemplate":"https:\/\/www.koonings.com\/fr\/?s={search_term_string}"},"query-input":{"@type":"PropertyValueSpecification","valueRequired":true,"valueName":"search_term_string"}}],"inLanguage":"fr-FR"},{"@type":"Organization","@id":"https:\/\/www.koonings.com\/fr\/#organization","name":"Koonings","url":"https:\/\/www.koonings.com\/fr\/","logo":{"@type":"ImageObject","inLanguage":"fr-FR","@id":"https:\/\/www.koonings.com\/fr\/#\/schema\/logo\/image\/","url":"https:\/\/www.koonings.com\/wp-content\/uploads\/2024\/07\/logo.png","contentUrl":"https:\/\/www.koonings.com\/wp-content\/uploads\/2024\/07\/logo.png","width":600,"height":428,"caption":"Koonings"},"image":{"@id":"https:\/\/www.koonings.com\/fr\/#\/schema\/logo\/image\/"},"sameAs":["https:\/\/www.facebook.com\/kooningstheweddingpalace","https:\/\/www.instagram.com\/kooningstheweddingpalace","https:\/\/www.pinterest.com\/koonings","https:\/\/www.youtube.com\/kooningstheweddingpalace"]}]}},"_links":{"self":[{"href":"https:\/\/www.koonings.com\/fr\/wp-json\/wp\/v2\/product\/108458","targetHints":{"allow":["GET"]}}],"collection":[{"href":"https:\/\/www.koonings.com\/fr\/wp-json\/wp\/v2\/product"}],"about":[{"href":"https:\/\/www.koonings.com\/fr\/wp-json\/wp\/v2\/types\/product"}],"wp:featuredmedia":[{"embeddable":true,"href":"https:\/\/www.koonings.com\/fr\/wp-json\/wp\/v2\/media\/95484"}],"wp:attachment":[{"href":"https:\/\/www.koonings.com\/fr\/wp-json\/wp\/v2\/media?parent=108458"}],"wp:term":[{"taxonomy":"productdetails","embeddable":true,"href":"https:\/\/www.koonings.com\/fr\/wp-json\/wp\/v2\/productdetails?post=108458"},{"taxonomy":"productneck","embeddable":true,"href":"https:\/\/www.koonings.com\/fr\/wp-json\/wp\/v2\/productneck?post=108458"},{"taxonomy":"productcolor","embeddable":true,"href":"https:\/\/www.koonings.com\/fr\/wp-json\/wp\/v2\/productcolor?post=108458"},{"taxonomy":"maat","embeddable":true,"href":"https:\/\/www.koonings.com\/fr\/wp-json\/wp\/v2\/maat?post=108458"},{"taxonomy":"productsupplier","embeddable":true,"href":"https:\/\/www.koonings.com\/fr\/wp-json\/wp\/v2\/productsupplier?post=108458"},{"taxonomy":"productsleeve","embeddable":true,"href":"https:\/\/www.koonings.com\/fr\/wp-json\/wp\/v2\/productsleeve?post=108458"},{"taxonomy":"productcategory","embeddable":true,"href":"https:\/\/www.koonings.com\/fr\/wp-json\/wp\/v2\/productcategory?post=108458"},{"taxonomy":"productsilhouette","embeddable":true,"href":"https:\/\/www.koonings.com\/fr\/wp-json\/wp\/v2\/productsilhouette?post=108458"},{"taxonomy":"productstyle","embeddable":true,"href":"https:\/\/www.koonings.com\/fr\/wp-json\/wp\/v2\/productstyle?post=108458"}],"curies":[{"name":"wp","href":"https:\/\/api.w.org\/{rel}","templated":true}]}}