{"id":108454,"date":"2026-04-14T16:38:03","date_gmt":"2026-04-14T14:38:03","guid":{"rendered":"https:\/\/www.koonings.com\/product\/modeca-gamze\/"},"modified":"2026-04-14T15:40:14","modified_gmt":"2026-04-14T13:40:14","slug":"modeca-gamze","status":"publish","type":"product","link":"https:\/\/www.koonings.com\/fr\/product\/modeca-gamze\/","title":{"rendered":"Modeca Gamze"},"content":{"rendered":"<p>Cette robe est un v\u00e9ritable coup de foudre ! La robe Gamze pr\u00e9sente une \u00e9l\u00e9gante silhouette en mousseline de soie. Le d\u00e9collet\u00e9 illusion en forme de c\u0153ur et les manches capuchon orn\u00e9es de p\u00e9tales d\u00e9licats exsudent le romantisme \u00e0 l&#8217;\u00e9tat pur. Une bande de dentelle autour de la taille ajoute la sophistication parfaite et met joliment en valeur votre silhouette. Le dos en V conf\u00e8re \u00e0 la robe une touche moderne et f\u00e9minine, tandis que la dentelle sur la tra\u00eene ajoute un d\u00e9tail de r\u00eave qui attirera tous les regards. Pour un look plus discret, il y a aussi la Gamze-A avec une tra\u00eene simple.<br \/>\nD\u00e9couvrez cette robe et la collection compl\u00e8te chez Koonings.     <\/p>\n","protected":false},"featured_media":95367,"template":"","meta":{"_acf_changed":false,"ghostkit_customizer_options":"","ghostkit_custom_css":"","ghostkit_custom_js_head":"","ghostkit_custom_js_foot":"","ghostkit_typography":""},"productdetails":[376],"productneck":[351],"productcolor":[392],"maat":[],"productsupplier":[434],"productsleeve":[361],"productcategory":[18],"productsilhouette":[384],"productstyle":[369,366],"class_list":["post-108454","product","type-product","status-publish","has-post-thumbnail","hentry","productdetails-376","productneck-351","productcolor-392","productsupplier-modeca","productsleeve-361","productcategory-trouwjurken","productsilhouette-384","productstyle-369","productstyle-366"],"acf":[],"yoast_head":"<!-- This site is optimized with the Yoast SEO plugin v27.3 - https:\/\/yoast.com\/product\/yoast-seo-wordpress\/ -->\n<title>Modeca Gamze | Koonings<\/title>\n<meta name=\"description\" content=\"Cette robe est un v\u00e9ritable coup de foudre ! La robe Gamze pr\u00e9sente une \u00e9l\u00e9gante silhouette en mousseline de soie. Le d\u00e9collet\u00e9 illusion en forme de c\u0153ur et les manches capuchon orn\u00e9es de p\u00e9tales d\u00e9licats exsudent le romantisme \u00e0 l&#039;\u00e9tat pur. Une bande de dentelle autour de la taille ajoute la sophistication parfaite et met joliment en valeur votre silhouette. Le dos en V conf\u00e8re \u00e0 la robe une touche moderne et f\u00e9minine, tandis que la dentelle sur la tra\u00eene ajoute un d\u00e9tail de r\u00eave qui attirera tous les regards. Pour un look plus discret, il y a aussi la Gamze-A avec une tra\u00eene simple. D\u00e9couvrez cette robe et la collection compl\u00e8te chez Koonings.\" \/>\n<meta name=\"robots\" content=\"index, follow, max-snippet:-1, max-image-preview:large, max-video-preview:-1\" \/>\n<link rel=\"canonical\" href=\"https:\/\/www.koonings.com\/fr\/product\/modeca-gamze\/\" \/>\n<meta property=\"og:locale\" content=\"fr_FR\" \/>\n<meta property=\"og:type\" content=\"article\" \/>\n<meta property=\"og:title\" content=\"Modeca Gamze | Koonings\" \/>\n<meta property=\"og:description\" content=\"Cette robe est un v\u00e9ritable coup de foudre ! La robe Gamze pr\u00e9sente une \u00e9l\u00e9gante silhouette en mousseline de soie. Le d\u00e9collet\u00e9 illusion en forme de c\u0153ur et les manches capuchon orn\u00e9es de p\u00e9tales d\u00e9licats exsudent le romantisme \u00e0 l&#039;\u00e9tat pur. Une bande de dentelle autour de la taille ajoute la sophistication parfaite et met joliment en valeur votre silhouette. Le dos en V conf\u00e8re \u00e0 la robe une touche moderne et f\u00e9minine, tandis que la dentelle sur la tra\u00eene ajoute un d\u00e9tail de r\u00eave qui attirera tous les regards. Pour un look plus discret, il y a aussi la Gamze-A avec une tra\u00eene simple. D\u00e9couvrez cette robe et la collection compl\u00e8te chez Koonings.\" \/>\n<meta property=\"og:url\" content=\"https:\/\/www.koonings.com\/fr\/product\/modeca-gamze\/\" \/>\n<meta property=\"og:site_name\" content=\"Koonings\" \/>\n<meta property=\"article:publisher\" content=\"https:\/\/www.facebook.com\/kooningstheweddingpalace\" \/>\n<meta property=\"og:image\" content=\"https:\/\/www.koonings.com\/wp-content\/uploads\/2025\/09\/51126_4b0ec185ebbbc857b7e0972b9c82748a14e6a7b89ef513154d7c811e5404ae3bc6b9c6ba.jpeg\" \/>\n\t<meta property=\"og:image:width\" content=\"1693\" \/>\n\t<meta property=\"og:image:height\" content=\"2394\" \/>\n\t<meta property=\"og:image:type\" content=\"image\/jpeg\" \/>\n<meta name=\"twitter:card\" content=\"summary_large_image\" \/>\n<meta name=\"twitter:label1\" content=\"Dur\u00e9e de lecture estim\u00e9e\" \/>\n\t<meta name=\"twitter:data1\" content=\"1 minute\" \/>\n<script type=\"application\/ld+json\" class=\"yoast-schema-graph\">{\"@context\":\"https:\\\/\\\/schema.org\",\"@graph\":[{\"@type\":\"WebPage\",\"@id\":\"https:\\\/\\\/www.koonings.com\\\/fr\\\/product\\\/modeca-gamze\\\/\",\"url\":\"https:\\\/\\\/www.koonings.com\\\/fr\\\/product\\\/modeca-gamze\\\/\",\"name\":\"Modeca Gamze | Koonings\",\"isPartOf\":{\"@id\":\"https:\\\/\\\/www.koonings.com\\\/fr\\\/#website\"},\"primaryImageOfPage\":{\"@id\":\"https:\\\/\\\/www.koonings.com\\\/fr\\\/product\\\/modeca-gamze\\\/#primaryimage\"},\"image\":{\"@id\":\"https:\\\/\\\/www.koonings.com\\\/fr\\\/product\\\/modeca-gamze\\\/#primaryimage\"},\"thumbnailUrl\":\"https:\\\/\\\/www.koonings.com\\\/wp-content\\\/uploads\\\/2025\\\/09\\\/51126_4b0ec185ebbbc857b7e0972b9c82748a14e6a7b89ef513154d7c811e5404ae3bc6b9c6ba.jpeg\",\"datePublished\":\"2026-04-14T14:38:03+00:00\",\"description\":\"Cette robe est un v\u00e9ritable coup de foudre ! La robe Gamze pr\u00e9sente une \u00e9l\u00e9gante silhouette en mousseline de soie. Le d\u00e9collet\u00e9 illusion en forme de c\u0153ur et les manches capuchon orn\u00e9es de p\u00e9tales d\u00e9licats exsudent le romantisme \u00e0 l'\u00e9tat pur. Une bande de dentelle autour de la taille ajoute la sophistication parfaite et met joliment en valeur votre silhouette. Le dos en V conf\u00e8re \u00e0 la robe une touche moderne et f\u00e9minine, tandis que la dentelle sur la tra\u00eene ajoute un d\u00e9tail de r\u00eave qui attirera tous les regards. Pour un look plus discret, il y a aussi la Gamze-A avec une tra\u00eene simple. D\u00e9couvrez cette robe et la collection compl\u00e8te chez Koonings.\",\"breadcrumb\":{\"@id\":\"https:\\\/\\\/www.koonings.com\\\/fr\\\/product\\\/modeca-gamze\\\/#breadcrumb\"},\"inLanguage\":\"fr-FR\",\"potentialAction\":[{\"@type\":\"ReadAction\",\"target\":[\"https:\\\/\\\/www.koonings.com\\\/fr\\\/product\\\/modeca-gamze\\\/\"]}]},{\"@type\":\"ImageObject\",\"inLanguage\":\"fr-FR\",\"@id\":\"https:\\\/\\\/www.koonings.com\\\/fr\\\/product\\\/modeca-gamze\\\/#primaryimage\",\"url\":\"https:\\\/\\\/www.koonings.com\\\/wp-content\\\/uploads\\\/2025\\\/09\\\/51126_4b0ec185ebbbc857b7e0972b9c82748a14e6a7b89ef513154d7c811e5404ae3bc6b9c6ba.jpeg\",\"contentUrl\":\"https:\\\/\\\/www.koonings.com\\\/wp-content\\\/uploads\\\/2025\\\/09\\\/51126_4b0ec185ebbbc857b7e0972b9c82748a14e6a7b89ef513154d7c811e5404ae3bc6b9c6ba.jpeg\",\"width\":1693,\"height\":2394},{\"@type\":\"BreadcrumbList\",\"@id\":\"https:\\\/\\\/www.koonings.com\\\/fr\\\/product\\\/modeca-gamze\\\/#breadcrumb\",\"itemListElement\":[{\"@type\":\"ListItem\",\"position\":1,\"name\":\"Home\",\"item\":\"https:\\\/\\\/www.koonings.com\\\/fr\\\/\"},{\"@type\":\"ListItem\",\"position\":2,\"name\":\"Modeca Gamze\"}]},{\"@type\":\"WebSite\",\"@id\":\"https:\\\/\\\/www.koonings.com\\\/fr\\\/#website\",\"url\":\"https:\\\/\\\/www.koonings.com\\\/fr\\\/\",\"name\":\"Koonings\",\"description\":\"De grootste bruidsmodewinkel ter wereld\",\"publisher\":{\"@id\":\"https:\\\/\\\/www.koonings.com\\\/fr\\\/#organization\"},\"potentialAction\":[{\"@type\":\"SearchAction\",\"target\":{\"@type\":\"EntryPoint\",\"urlTemplate\":\"https:\\\/\\\/www.koonings.com\\\/fr\\\/?s={search_term_string}\"},\"query-input\":{\"@type\":\"PropertyValueSpecification\",\"valueRequired\":true,\"valueName\":\"search_term_string\"}}],\"inLanguage\":\"fr-FR\"},{\"@type\":\"Organization\",\"@id\":\"https:\\\/\\\/www.koonings.com\\\/fr\\\/#organization\",\"name\":\"Koonings\",\"url\":\"https:\\\/\\\/www.koonings.com\\\/fr\\\/\",\"logo\":{\"@type\":\"ImageObject\",\"inLanguage\":\"fr-FR\",\"@id\":\"https:\\\/\\\/www.koonings.com\\\/fr\\\/#\\\/schema\\\/logo\\\/image\\\/\",\"url\":\"https:\\\/\\\/www.koonings.com\\\/wp-content\\\/uploads\\\/2024\\\/07\\\/logo.png\",\"contentUrl\":\"https:\\\/\\\/www.koonings.com\\\/wp-content\\\/uploads\\\/2024\\\/07\\\/logo.png\",\"width\":600,\"height\":428,\"caption\":\"Koonings\"},\"image\":{\"@id\":\"https:\\\/\\\/www.koonings.com\\\/fr\\\/#\\\/schema\\\/logo\\\/image\\\/\"},\"sameAs\":[\"https:\\\/\\\/www.facebook.com\\\/kooningstheweddingpalace\",\"https:\\\/\\\/www.instagram.com\\\/kooningstheweddingpalace\",\"https:\\\/\\\/www.pinterest.com\\\/koonings\",\"https:\\\/\\\/www.youtube.com\\\/kooningstheweddingpalace\"]}]}<\/script>\n<!-- \/ Yoast SEO plugin. -->","yoast_head_json":{"title":"Modeca Gamze | Koonings","description":"Cette robe est un v\u00e9ritable coup de foudre ! La robe Gamze pr\u00e9sente une \u00e9l\u00e9gante silhouette en mousseline de soie. Le d\u00e9collet\u00e9 illusion en forme de c\u0153ur et les manches capuchon orn\u00e9es de p\u00e9tales d\u00e9licats exsudent le romantisme \u00e0 l'\u00e9tat pur. Une bande de dentelle autour de la taille ajoute la sophistication parfaite et met joliment en valeur votre silhouette. Le dos en V conf\u00e8re \u00e0 la robe une touche moderne et f\u00e9minine, tandis que la dentelle sur la tra\u00eene ajoute un d\u00e9tail de r\u00eave qui attirera tous les regards. Pour un look plus discret, il y a aussi la Gamze-A avec une tra\u00eene simple. D\u00e9couvrez cette robe et la collection compl\u00e8te chez Koonings.","robots":{"index":"index","follow":"follow","max-snippet":"max-snippet:-1","max-image-preview":"max-image-preview:large","max-video-preview":"max-video-preview:-1"},"canonical":"https:\/\/www.koonings.com\/fr\/product\/modeca-gamze\/","og_locale":"fr_FR","og_type":"article","og_title":"Modeca Gamze | Koonings","og_description":"Cette robe est un v\u00e9ritable coup de foudre ! La robe Gamze pr\u00e9sente une \u00e9l\u00e9gante silhouette en mousseline de soie. Le d\u00e9collet\u00e9 illusion en forme de c\u0153ur et les manches capuchon orn\u00e9es de p\u00e9tales d\u00e9licats exsudent le romantisme \u00e0 l'\u00e9tat pur. Une bande de dentelle autour de la taille ajoute la sophistication parfaite et met joliment en valeur votre silhouette. Le dos en V conf\u00e8re \u00e0 la robe une touche moderne et f\u00e9minine, tandis que la dentelle sur la tra\u00eene ajoute un d\u00e9tail de r\u00eave qui attirera tous les regards. Pour un look plus discret, il y a aussi la Gamze-A avec une tra\u00eene simple. D\u00e9couvrez cette robe et la collection compl\u00e8te chez Koonings.","og_url":"https:\/\/www.koonings.com\/fr\/product\/modeca-gamze\/","og_site_name":"Koonings","article_publisher":"https:\/\/www.facebook.com\/kooningstheweddingpalace","og_image":[{"width":1693,"height":2394,"url":"https:\/\/www.koonings.com\/wp-content\/uploads\/2025\/09\/51126_4b0ec185ebbbc857b7e0972b9c82748a14e6a7b89ef513154d7c811e5404ae3bc6b9c6ba.jpeg","type":"image\/jpeg"}],"twitter_card":"summary_large_image","twitter_misc":{"Dur\u00e9e de lecture estim\u00e9e":"1 minute"},"schema":{"@context":"https:\/\/schema.org","@graph":[{"@type":"WebPage","@id":"https:\/\/www.koonings.com\/fr\/product\/modeca-gamze\/","url":"https:\/\/www.koonings.com\/fr\/product\/modeca-gamze\/","name":"Modeca Gamze | Koonings","isPartOf":{"@id":"https:\/\/www.koonings.com\/fr\/#website"},"primaryImageOfPage":{"@id":"https:\/\/www.koonings.com\/fr\/product\/modeca-gamze\/#primaryimage"},"image":{"@id":"https:\/\/www.koonings.com\/fr\/product\/modeca-gamze\/#primaryimage"},"thumbnailUrl":"https:\/\/www.koonings.com\/wp-content\/uploads\/2025\/09\/51126_4b0ec185ebbbc857b7e0972b9c82748a14e6a7b89ef513154d7c811e5404ae3bc6b9c6ba.jpeg","datePublished":"2026-04-14T14:38:03+00:00","description":"Cette robe est un v\u00e9ritable coup de foudre ! La robe Gamze pr\u00e9sente une \u00e9l\u00e9gante silhouette en mousseline de soie. Le d\u00e9collet\u00e9 illusion en forme de c\u0153ur et les manches capuchon orn\u00e9es de p\u00e9tales d\u00e9licats exsudent le romantisme \u00e0 l'\u00e9tat pur. Une bande de dentelle autour de la taille ajoute la sophistication parfaite et met joliment en valeur votre silhouette. Le dos en V conf\u00e8re \u00e0 la robe une touche moderne et f\u00e9minine, tandis que la dentelle sur la tra\u00eene ajoute un d\u00e9tail de r\u00eave qui attirera tous les regards. Pour un look plus discret, il y a aussi la Gamze-A avec une tra\u00eene simple. D\u00e9couvrez cette robe et la collection compl\u00e8te chez Koonings.","breadcrumb":{"@id":"https:\/\/www.koonings.com\/fr\/product\/modeca-gamze\/#breadcrumb"},"inLanguage":"fr-FR","potentialAction":[{"@type":"ReadAction","target":["https:\/\/www.koonings.com\/fr\/product\/modeca-gamze\/"]}]},{"@type":"ImageObject","inLanguage":"fr-FR","@id":"https:\/\/www.koonings.com\/fr\/product\/modeca-gamze\/#primaryimage","url":"https:\/\/www.koonings.com\/wp-content\/uploads\/2025\/09\/51126_4b0ec185ebbbc857b7e0972b9c82748a14e6a7b89ef513154d7c811e5404ae3bc6b9c6ba.jpeg","contentUrl":"https:\/\/www.koonings.com\/wp-content\/uploads\/2025\/09\/51126_4b0ec185ebbbc857b7e0972b9c82748a14e6a7b89ef513154d7c811e5404ae3bc6b9c6ba.jpeg","width":1693,"height":2394},{"@type":"BreadcrumbList","@id":"https:\/\/www.koonings.com\/fr\/product\/modeca-gamze\/#breadcrumb","itemListElement":[{"@type":"ListItem","position":1,"name":"Home","item":"https:\/\/www.koonings.com\/fr\/"},{"@type":"ListItem","position":2,"name":"Modeca Gamze"}]},{"@type":"WebSite","@id":"https:\/\/www.koonings.com\/fr\/#website","url":"https:\/\/www.koonings.com\/fr\/","name":"Koonings","description":"De grootste bruidsmodewinkel ter wereld","publisher":{"@id":"https:\/\/www.koonings.com\/fr\/#organization"},"potentialAction":[{"@type":"SearchAction","target":{"@type":"EntryPoint","urlTemplate":"https:\/\/www.koonings.com\/fr\/?s={search_term_string}"},"query-input":{"@type":"PropertyValueSpecification","valueRequired":true,"valueName":"search_term_string"}}],"inLanguage":"fr-FR"},{"@type":"Organization","@id":"https:\/\/www.koonings.com\/fr\/#organization","name":"Koonings","url":"https:\/\/www.koonings.com\/fr\/","logo":{"@type":"ImageObject","inLanguage":"fr-FR","@id":"https:\/\/www.koonings.com\/fr\/#\/schema\/logo\/image\/","url":"https:\/\/www.koonings.com\/wp-content\/uploads\/2024\/07\/logo.png","contentUrl":"https:\/\/www.koonings.com\/wp-content\/uploads\/2024\/07\/logo.png","width":600,"height":428,"caption":"Koonings"},"image":{"@id":"https:\/\/www.koonings.com\/fr\/#\/schema\/logo\/image\/"},"sameAs":["https:\/\/www.facebook.com\/kooningstheweddingpalace","https:\/\/www.instagram.com\/kooningstheweddingpalace","https:\/\/www.pinterest.com\/koonings","https:\/\/www.youtube.com\/kooningstheweddingpalace"]}]}},"_links":{"self":[{"href":"https:\/\/www.koonings.com\/fr\/wp-json\/wp\/v2\/product\/108454","targetHints":{"allow":["GET"]}}],"collection":[{"href":"https:\/\/www.koonings.com\/fr\/wp-json\/wp\/v2\/product"}],"about":[{"href":"https:\/\/www.koonings.com\/fr\/wp-json\/wp\/v2\/types\/product"}],"wp:featuredmedia":[{"embeddable":true,"href":"https:\/\/www.koonings.com\/fr\/wp-json\/wp\/v2\/media\/95367"}],"wp:attachment":[{"href":"https:\/\/www.koonings.com\/fr\/wp-json\/wp\/v2\/media?parent=108454"}],"wp:term":[{"taxonomy":"productdetails","embeddable":true,"href":"https:\/\/www.koonings.com\/fr\/wp-json\/wp\/v2\/productdetails?post=108454"},{"taxonomy":"productneck","embeddable":true,"href":"https:\/\/www.koonings.com\/fr\/wp-json\/wp\/v2\/productneck?post=108454"},{"taxonomy":"productcolor","embeddable":true,"href":"https:\/\/www.koonings.com\/fr\/wp-json\/wp\/v2\/productcolor?post=108454"},{"taxonomy":"maat","embeddable":true,"href":"https:\/\/www.koonings.com\/fr\/wp-json\/wp\/v2\/maat?post=108454"},{"taxonomy":"productsupplier","embeddable":true,"href":"https:\/\/www.koonings.com\/fr\/wp-json\/wp\/v2\/productsupplier?post=108454"},{"taxonomy":"productsleeve","embeddable":true,"href":"https:\/\/www.koonings.com\/fr\/wp-json\/wp\/v2\/productsleeve?post=108454"},{"taxonomy":"productcategory","embeddable":true,"href":"https:\/\/www.koonings.com\/fr\/wp-json\/wp\/v2\/productcategory?post=108454"},{"taxonomy":"productsilhouette","embeddable":true,"href":"https:\/\/www.koonings.com\/fr\/wp-json\/wp\/v2\/productsilhouette?post=108454"},{"taxonomy":"productstyle","embeddable":true,"href":"https:\/\/www.koonings.com\/fr\/wp-json\/wp\/v2\/productstyle?post=108454"}],"curies":[{"name":"wp","href":"https:\/\/api.w.org\/{rel}","templated":true}]}}