{"id":108450,"date":"2026-05-06T15:36:32","date_gmt":"2026-05-06T13:36:32","guid":{"rendered":"https:\/\/www.koonings.com\/product\/modeca-geerda\/"},"modified":"2026-04-14T15:39:56","modified_gmt":"2026-04-14T13:39:56","slug":"modeca-geerda","status":"publish","type":"product","link":"https:\/\/www.koonings.com\/fr\/product\/modeca-geerda\/","title":{"rendered":"Modeca Geerda"},"content":{"rendered":"<p>Cette robe de cr\u00eape ajust\u00e9e et \u00e9vas\u00e9e est l&#8217;incarnation de la sophistication moderne. Le d\u00e9collet\u00e9 profond donne une allure audacieuse mais \u00e9l\u00e9gante, tandis que le n\u0153ud subtil autour de la taille met joliment en valeur votre silhouette. La tra\u00eene amovible en tulle, orn\u00e9e d&#8217;appliques en dentelle, cr\u00e9e un effet de r\u00eave et dramatique &#8211; parfait pour remonter l&#8217;all\u00e9e avec style. Pour un look plus minimaliste, la robe est \u00e9galement disponible sans tra\u00eene sous le nom de Geerda-D.<br \/>\nD\u00e9couvrez cette robe et bien d&#8217;autres robes de r\u00eave chez Koonings.   <\/p>\n","protected":false},"featured_media":95438,"template":"","meta":{"_acf_changed":false,"ghostkit_customizer_options":"","ghostkit_custom_css":"","ghostkit_custom_js_head":"","ghostkit_custom_js_foot":"","ghostkit_typography":""},"productdetails":[376,381],"productneck":[356],"productcolor":[393,392],"maat":[],"productsupplier":[434],"productsleeve":[359],"productcategory":[18],"productsilhouette":[389],"productstyle":[365,370],"class_list":["post-108450","product","type-product","status-publish","has-post-thumbnail","hentry","productdetails-376","productdetails-381","productneck-356","productcolor-393","productcolor-392","productsupplier-modeca","productsleeve-359","productcategory-trouwjurken","productsilhouette-389","productstyle-365","productstyle-370"],"acf":[],"yoast_head":"<!-- This site is optimized with the Yoast SEO plugin v27.3 - https:\/\/yoast.com\/product\/yoast-seo-wordpress\/ -->\n<title>Modeca Geerda | Koonings<\/title>\n<meta name=\"description\" content=\"Cette robe de cr\u00eape ajust\u00e9e et \u00e9vas\u00e9e est l&#039;incarnation de la sophistication moderne. Le d\u00e9collet\u00e9 profond donne une allure audacieuse mais \u00e9l\u00e9gante, tandis que le n\u0153ud subtil autour de la taille met joliment en valeur votre silhouette. La tra\u00eene amovible en tulle, orn\u00e9e d&#039;appliques en dentelle, cr\u00e9e un effet de r\u00eave et dramatique - parfait pour remonter l&#039;all\u00e9e avec style. Pour un look plus minimaliste, la robe est \u00e9galement disponible sans tra\u00eene sous le nom de Geerda-D. D\u00e9couvrez cette robe et bien d&#039;autres robes de r\u00eave chez Koonings.\" \/>\n<meta name=\"robots\" content=\"index, follow, max-snippet:-1, max-image-preview:large, max-video-preview:-1\" \/>\n<link rel=\"canonical\" href=\"https:\/\/www.koonings.com\/fr\/product\/modeca-geerda\/\" \/>\n<meta property=\"og:locale\" content=\"fr_FR\" \/>\n<meta property=\"og:type\" content=\"article\" \/>\n<meta property=\"og:title\" content=\"Modeca Geerda | Koonings\" \/>\n<meta property=\"og:description\" content=\"Cette robe de cr\u00eape ajust\u00e9e et \u00e9vas\u00e9e est l&#039;incarnation de la sophistication moderne. Le d\u00e9collet\u00e9 profond donne une allure audacieuse mais \u00e9l\u00e9gante, tandis que le n\u0153ud subtil autour de la taille met joliment en valeur votre silhouette. La tra\u00eene amovible en tulle, orn\u00e9e d&#039;appliques en dentelle, cr\u00e9e un effet de r\u00eave et dramatique - parfait pour remonter l&#039;all\u00e9e avec style. Pour un look plus minimaliste, la robe est \u00e9galement disponible sans tra\u00eene sous le nom de Geerda-D. D\u00e9couvrez cette robe et bien d&#039;autres robes de r\u00eave chez Koonings.\" \/>\n<meta property=\"og:url\" content=\"https:\/\/www.koonings.com\/fr\/product\/modeca-geerda\/\" \/>\n<meta property=\"og:site_name\" content=\"Koonings\" \/>\n<meta property=\"article:publisher\" content=\"https:\/\/www.facebook.com\/kooningstheweddingpalace\" \/>\n<meta property=\"og:image\" content=\"https:\/\/www.koonings.com\/wp-content\/uploads\/2025\/09\/51129_bb7ca15fc71f8992dc9b92f84e88062a5288a60193256e7443c3fc3c3eedc626f3b8fd50.jpeg\" \/>\n\t<meta property=\"og:image:width\" content=\"1132\" \/>\n\t<meta property=\"og:image:height\" content=\"1602\" \/>\n\t<meta property=\"og:image:type\" content=\"image\/jpeg\" \/>\n<meta name=\"twitter:card\" content=\"summary_large_image\" \/>\n<meta name=\"twitter:label1\" content=\"Dur\u00e9e de lecture estim\u00e9e\" \/>\n\t<meta name=\"twitter:data1\" content=\"1 minute\" \/>\n<script type=\"application\/ld+json\" class=\"yoast-schema-graph\">{\"@context\":\"https:\\\/\\\/schema.org\",\"@graph\":[{\"@type\":\"WebPage\",\"@id\":\"https:\\\/\\\/www.koonings.com\\\/fr\\\/product\\\/modeca-geerda\\\/\",\"url\":\"https:\\\/\\\/www.koonings.com\\\/fr\\\/product\\\/modeca-geerda\\\/\",\"name\":\"Modeca Geerda | Koonings\",\"isPartOf\":{\"@id\":\"https:\\\/\\\/www.koonings.com\\\/fr\\\/#website\"},\"primaryImageOfPage\":{\"@id\":\"https:\\\/\\\/www.koonings.com\\\/fr\\\/product\\\/modeca-geerda\\\/#primaryimage\"},\"image\":{\"@id\":\"https:\\\/\\\/www.koonings.com\\\/fr\\\/product\\\/modeca-geerda\\\/#primaryimage\"},\"thumbnailUrl\":\"https:\\\/\\\/www.koonings.com\\\/wp-content\\\/uploads\\\/2025\\\/09\\\/51129_bb7ca15fc71f8992dc9b92f84e88062a5288a60193256e7443c3fc3c3eedc626f3b8fd50.jpeg\",\"datePublished\":\"2026-05-06T13:36:32+00:00\",\"description\":\"Cette robe de cr\u00eape ajust\u00e9e et \u00e9vas\u00e9e est l'incarnation de la sophistication moderne. Le d\u00e9collet\u00e9 profond donne une allure audacieuse mais \u00e9l\u00e9gante, tandis que le n\u0153ud subtil autour de la taille met joliment en valeur votre silhouette. La tra\u00eene amovible en tulle, orn\u00e9e d'appliques en dentelle, cr\u00e9e un effet de r\u00eave et dramatique - parfait pour remonter l'all\u00e9e avec style. Pour un look plus minimaliste, la robe est \u00e9galement disponible sans tra\u00eene sous le nom de Geerda-D. D\u00e9couvrez cette robe et bien d'autres robes de r\u00eave chez Koonings.\",\"breadcrumb\":{\"@id\":\"https:\\\/\\\/www.koonings.com\\\/fr\\\/product\\\/modeca-geerda\\\/#breadcrumb\"},\"inLanguage\":\"fr-FR\",\"potentialAction\":[{\"@type\":\"ReadAction\",\"target\":[\"https:\\\/\\\/www.koonings.com\\\/fr\\\/product\\\/modeca-geerda\\\/\"]}]},{\"@type\":\"ImageObject\",\"inLanguage\":\"fr-FR\",\"@id\":\"https:\\\/\\\/www.koonings.com\\\/fr\\\/product\\\/modeca-geerda\\\/#primaryimage\",\"url\":\"https:\\\/\\\/www.koonings.com\\\/wp-content\\\/uploads\\\/2025\\\/09\\\/51129_bb7ca15fc71f8992dc9b92f84e88062a5288a60193256e7443c3fc3c3eedc626f3b8fd50.jpeg\",\"contentUrl\":\"https:\\\/\\\/www.koonings.com\\\/wp-content\\\/uploads\\\/2025\\\/09\\\/51129_bb7ca15fc71f8992dc9b92f84e88062a5288a60193256e7443c3fc3c3eedc626f3b8fd50.jpeg\",\"width\":1132,\"height\":1602},{\"@type\":\"BreadcrumbList\",\"@id\":\"https:\\\/\\\/www.koonings.com\\\/fr\\\/product\\\/modeca-geerda\\\/#breadcrumb\",\"itemListElement\":[{\"@type\":\"ListItem\",\"position\":1,\"name\":\"Home\",\"item\":\"https:\\\/\\\/www.koonings.com\\\/fr\\\/\"},{\"@type\":\"ListItem\",\"position\":2,\"name\":\"Modeca Geerda\"}]},{\"@type\":\"WebSite\",\"@id\":\"https:\\\/\\\/www.koonings.com\\\/fr\\\/#website\",\"url\":\"https:\\\/\\\/www.koonings.com\\\/fr\\\/\",\"name\":\"Koonings\",\"description\":\"De grootste bruidsmodewinkel ter wereld\",\"publisher\":{\"@id\":\"https:\\\/\\\/www.koonings.com\\\/fr\\\/#organization\"},\"potentialAction\":[{\"@type\":\"SearchAction\",\"target\":{\"@type\":\"EntryPoint\",\"urlTemplate\":\"https:\\\/\\\/www.koonings.com\\\/fr\\\/?s={search_term_string}\"},\"query-input\":{\"@type\":\"PropertyValueSpecification\",\"valueRequired\":true,\"valueName\":\"search_term_string\"}}],\"inLanguage\":\"fr-FR\"},{\"@type\":\"Organization\",\"@id\":\"https:\\\/\\\/www.koonings.com\\\/fr\\\/#organization\",\"name\":\"Koonings\",\"url\":\"https:\\\/\\\/www.koonings.com\\\/fr\\\/\",\"logo\":{\"@type\":\"ImageObject\",\"inLanguage\":\"fr-FR\",\"@id\":\"https:\\\/\\\/www.koonings.com\\\/fr\\\/#\\\/schema\\\/logo\\\/image\\\/\",\"url\":\"https:\\\/\\\/www.koonings.com\\\/wp-content\\\/uploads\\\/2024\\\/07\\\/logo.png\",\"contentUrl\":\"https:\\\/\\\/www.koonings.com\\\/wp-content\\\/uploads\\\/2024\\\/07\\\/logo.png\",\"width\":600,\"height\":428,\"caption\":\"Koonings\"},\"image\":{\"@id\":\"https:\\\/\\\/www.koonings.com\\\/fr\\\/#\\\/schema\\\/logo\\\/image\\\/\"},\"sameAs\":[\"https:\\\/\\\/www.facebook.com\\\/kooningstheweddingpalace\",\"https:\\\/\\\/www.instagram.com\\\/kooningstheweddingpalace\",\"https:\\\/\\\/www.pinterest.com\\\/koonings\",\"https:\\\/\\\/www.youtube.com\\\/kooningstheweddingpalace\"]}]}<\/script>\n<!-- \/ Yoast SEO plugin. -->","yoast_head_json":{"title":"Modeca Geerda | Koonings","description":"Cette robe de cr\u00eape ajust\u00e9e et \u00e9vas\u00e9e est l'incarnation de la sophistication moderne. Le d\u00e9collet\u00e9 profond donne une allure audacieuse mais \u00e9l\u00e9gante, tandis que le n\u0153ud subtil autour de la taille met joliment en valeur votre silhouette. La tra\u00eene amovible en tulle, orn\u00e9e d'appliques en dentelle, cr\u00e9e un effet de r\u00eave et dramatique - parfait pour remonter l'all\u00e9e avec style. Pour un look plus minimaliste, la robe est \u00e9galement disponible sans tra\u00eene sous le nom de Geerda-D. D\u00e9couvrez cette robe et bien d'autres robes de r\u00eave chez Koonings.","robots":{"index":"index","follow":"follow","max-snippet":"max-snippet:-1","max-image-preview":"max-image-preview:large","max-video-preview":"max-video-preview:-1"},"canonical":"https:\/\/www.koonings.com\/fr\/product\/modeca-geerda\/","og_locale":"fr_FR","og_type":"article","og_title":"Modeca Geerda | Koonings","og_description":"Cette robe de cr\u00eape ajust\u00e9e et \u00e9vas\u00e9e est l'incarnation de la sophistication moderne. Le d\u00e9collet\u00e9 profond donne une allure audacieuse mais \u00e9l\u00e9gante, tandis que le n\u0153ud subtil autour de la taille met joliment en valeur votre silhouette. La tra\u00eene amovible en tulle, orn\u00e9e d'appliques en dentelle, cr\u00e9e un effet de r\u00eave et dramatique - parfait pour remonter l'all\u00e9e avec style. Pour un look plus minimaliste, la robe est \u00e9galement disponible sans tra\u00eene sous le nom de Geerda-D. D\u00e9couvrez cette robe et bien d'autres robes de r\u00eave chez Koonings.","og_url":"https:\/\/www.koonings.com\/fr\/product\/modeca-geerda\/","og_site_name":"Koonings","article_publisher":"https:\/\/www.facebook.com\/kooningstheweddingpalace","og_image":[{"width":1132,"height":1602,"url":"https:\/\/www.koonings.com\/wp-content\/uploads\/2025\/09\/51129_bb7ca15fc71f8992dc9b92f84e88062a5288a60193256e7443c3fc3c3eedc626f3b8fd50.jpeg","type":"image\/jpeg"}],"twitter_card":"summary_large_image","twitter_misc":{"Dur\u00e9e de lecture estim\u00e9e":"1 minute"},"schema":{"@context":"https:\/\/schema.org","@graph":[{"@type":"WebPage","@id":"https:\/\/www.koonings.com\/fr\/product\/modeca-geerda\/","url":"https:\/\/www.koonings.com\/fr\/product\/modeca-geerda\/","name":"Modeca Geerda | Koonings","isPartOf":{"@id":"https:\/\/www.koonings.com\/fr\/#website"},"primaryImageOfPage":{"@id":"https:\/\/www.koonings.com\/fr\/product\/modeca-geerda\/#primaryimage"},"image":{"@id":"https:\/\/www.koonings.com\/fr\/product\/modeca-geerda\/#primaryimage"},"thumbnailUrl":"https:\/\/www.koonings.com\/wp-content\/uploads\/2025\/09\/51129_bb7ca15fc71f8992dc9b92f84e88062a5288a60193256e7443c3fc3c3eedc626f3b8fd50.jpeg","datePublished":"2026-05-06T13:36:32+00:00","description":"Cette robe de cr\u00eape ajust\u00e9e et \u00e9vas\u00e9e est l'incarnation de la sophistication moderne. Le d\u00e9collet\u00e9 profond donne une allure audacieuse mais \u00e9l\u00e9gante, tandis que le n\u0153ud subtil autour de la taille met joliment en valeur votre silhouette. La tra\u00eene amovible en tulle, orn\u00e9e d'appliques en dentelle, cr\u00e9e un effet de r\u00eave et dramatique - parfait pour remonter l'all\u00e9e avec style. Pour un look plus minimaliste, la robe est \u00e9galement disponible sans tra\u00eene sous le nom de Geerda-D. D\u00e9couvrez cette robe et bien d'autres robes de r\u00eave chez Koonings.","breadcrumb":{"@id":"https:\/\/www.koonings.com\/fr\/product\/modeca-geerda\/#breadcrumb"},"inLanguage":"fr-FR","potentialAction":[{"@type":"ReadAction","target":["https:\/\/www.koonings.com\/fr\/product\/modeca-geerda\/"]}]},{"@type":"ImageObject","inLanguage":"fr-FR","@id":"https:\/\/www.koonings.com\/fr\/product\/modeca-geerda\/#primaryimage","url":"https:\/\/www.koonings.com\/wp-content\/uploads\/2025\/09\/51129_bb7ca15fc71f8992dc9b92f84e88062a5288a60193256e7443c3fc3c3eedc626f3b8fd50.jpeg","contentUrl":"https:\/\/www.koonings.com\/wp-content\/uploads\/2025\/09\/51129_bb7ca15fc71f8992dc9b92f84e88062a5288a60193256e7443c3fc3c3eedc626f3b8fd50.jpeg","width":1132,"height":1602},{"@type":"BreadcrumbList","@id":"https:\/\/www.koonings.com\/fr\/product\/modeca-geerda\/#breadcrumb","itemListElement":[{"@type":"ListItem","position":1,"name":"Home","item":"https:\/\/www.koonings.com\/fr\/"},{"@type":"ListItem","position":2,"name":"Modeca Geerda"}]},{"@type":"WebSite","@id":"https:\/\/www.koonings.com\/fr\/#website","url":"https:\/\/www.koonings.com\/fr\/","name":"Koonings","description":"De grootste bruidsmodewinkel ter wereld","publisher":{"@id":"https:\/\/www.koonings.com\/fr\/#organization"},"potentialAction":[{"@type":"SearchAction","target":{"@type":"EntryPoint","urlTemplate":"https:\/\/www.koonings.com\/fr\/?s={search_term_string}"},"query-input":{"@type":"PropertyValueSpecification","valueRequired":true,"valueName":"search_term_string"}}],"inLanguage":"fr-FR"},{"@type":"Organization","@id":"https:\/\/www.koonings.com\/fr\/#organization","name":"Koonings","url":"https:\/\/www.koonings.com\/fr\/","logo":{"@type":"ImageObject","inLanguage":"fr-FR","@id":"https:\/\/www.koonings.com\/fr\/#\/schema\/logo\/image\/","url":"https:\/\/www.koonings.com\/wp-content\/uploads\/2024\/07\/logo.png","contentUrl":"https:\/\/www.koonings.com\/wp-content\/uploads\/2024\/07\/logo.png","width":600,"height":428,"caption":"Koonings"},"image":{"@id":"https:\/\/www.koonings.com\/fr\/#\/schema\/logo\/image\/"},"sameAs":["https:\/\/www.facebook.com\/kooningstheweddingpalace","https:\/\/www.instagram.com\/kooningstheweddingpalace","https:\/\/www.pinterest.com\/koonings","https:\/\/www.youtube.com\/kooningstheweddingpalace"]}]}},"_links":{"self":[{"href":"https:\/\/www.koonings.com\/fr\/wp-json\/wp\/v2\/product\/108450","targetHints":{"allow":["GET"]}}],"collection":[{"href":"https:\/\/www.koonings.com\/fr\/wp-json\/wp\/v2\/product"}],"about":[{"href":"https:\/\/www.koonings.com\/fr\/wp-json\/wp\/v2\/types\/product"}],"wp:featuredmedia":[{"embeddable":true,"href":"https:\/\/www.koonings.com\/fr\/wp-json\/wp\/v2\/media\/95438"}],"wp:attachment":[{"href":"https:\/\/www.koonings.com\/fr\/wp-json\/wp\/v2\/media?parent=108450"}],"wp:term":[{"taxonomy":"productdetails","embeddable":true,"href":"https:\/\/www.koonings.com\/fr\/wp-json\/wp\/v2\/productdetails?post=108450"},{"taxonomy":"productneck","embeddable":true,"href":"https:\/\/www.koonings.com\/fr\/wp-json\/wp\/v2\/productneck?post=108450"},{"taxonomy":"productcolor","embeddable":true,"href":"https:\/\/www.koonings.com\/fr\/wp-json\/wp\/v2\/productcolor?post=108450"},{"taxonomy":"maat","embeddable":true,"href":"https:\/\/www.koonings.com\/fr\/wp-json\/wp\/v2\/maat?post=108450"},{"taxonomy":"productsupplier","embeddable":true,"href":"https:\/\/www.koonings.com\/fr\/wp-json\/wp\/v2\/productsupplier?post=108450"},{"taxonomy":"productsleeve","embeddable":true,"href":"https:\/\/www.koonings.com\/fr\/wp-json\/wp\/v2\/productsleeve?post=108450"},{"taxonomy":"productcategory","embeddable":true,"href":"https:\/\/www.koonings.com\/fr\/wp-json\/wp\/v2\/productcategory?post=108450"},{"taxonomy":"productsilhouette","embeddable":true,"href":"https:\/\/www.koonings.com\/fr\/wp-json\/wp\/v2\/productsilhouette?post=108450"},{"taxonomy":"productstyle","embeddable":true,"href":"https:\/\/www.koonings.com\/fr\/wp-json\/wp\/v2\/productstyle?post=108450"}],"curies":[{"name":"wp","href":"https:\/\/api.w.org\/{rel}","templated":true}]}}