{"id":108442,"date":"2026-04-14T16:36:57","date_gmt":"2026-04-14T14:36:57","guid":{"rendered":"https:\/\/www.koonings.com\/product\/modeca-curves-jolie\/"},"modified":"2026-04-14T15:36:52","modified_gmt":"2026-04-14T13:36:52","slug":"modeca-curves-jolie","status":"publish","type":"product","link":"https:\/\/www.koonings.com\/fr\/product\/modeca-curves-jolie\/","title":{"rendered":"Modeca Curves Jolie"},"content":{"rendered":"<p>Jolie &#8211; o\u00f9 l&#8217;\u00e9l\u00e9gance intemporelle rencontre la sophistication moderne. Cette robe de bal Mikado de Modeca Curves \u00e9pouse vos courbes avec structure et \u00e9l\u00e9gance. Avec son d\u00e9collet\u00e9 flatteur et ses lignes \u00e9pur\u00e9es, Jolie est l&#8217;incarnation de la beaut\u00e9 sophistiqu\u00e9e. La jupe ample ajoute un effet dramatique sans \u00eatre trop imposante, tandis que les poches cach\u00e9es apportent une touche pratique. Un choix magnifique pour la mari\u00e9e aux courbes affirm\u00e9es qui aime le style classique avec une touche contemporaine.<br \/>\nD\u00e9couvrez Jolie et toute la collection Modeca Curves chez Koonings.    <\/p>\n","protected":false},"featured_media":96346,"template":"","meta":{"_acf_changed":false,"ghostkit_customizer_options":"","ghostkit_custom_css":"","ghostkit_custom_js_head":"","ghostkit_custom_js_foot":"","ghostkit_typography":""},"productdetails":[],"productneck":[352],"productcolor":[392],"maat":[375],"productsupplier":[439],"productsleeve":[363],"productcategory":[18],"productsilhouette":[388],"productstyle":[365,366],"class_list":["post-108442","product","type-product","status-publish","has-post-thumbnail","hentry","productneck-352","productcolor-392","maat-375","productsupplier-modeca-curves","productsleeve-363","productcategory-trouwjurken","productsilhouette-388","productstyle-365","productstyle-366"],"acf":[],"yoast_head":"<!-- This site is optimized with the Yoast SEO plugin v27.3 - https:\/\/yoast.com\/product\/yoast-seo-wordpress\/ -->\n<title>Modeca Curves Jolie | Koonings<\/title>\n<meta name=\"description\" content=\"Jolie - o\u00f9 l&#039;\u00e9l\u00e9gance intemporelle rencontre la sophistication moderne. Cette robe de bal Mikado de Modeca Curves \u00e9pouse vos courbes avec structure et \u00e9l\u00e9gance. Avec son d\u00e9collet\u00e9 flatteur et ses lignes \u00e9pur\u00e9es, Jolie est l&#039;incarnation de la beaut\u00e9 sophistiqu\u00e9e. La jupe ample ajoute un effet dramatique sans \u00eatre trop imposante, tandis que les poches cach\u00e9es apportent une touche pratique. Un choix magnifique pour la mari\u00e9e aux courbes affirm\u00e9es qui aime le style classique avec une touche contemporaine. D\u00e9couvrez Jolie et toute la collection Modeca Curves chez Koonings.\" \/>\n<meta name=\"robots\" content=\"index, follow, max-snippet:-1, max-image-preview:large, max-video-preview:-1\" \/>\n<link rel=\"canonical\" href=\"https:\/\/www.koonings.com\/fr\/product\/modeca-curves-jolie\/\" \/>\n<meta property=\"og:locale\" content=\"fr_FR\" \/>\n<meta property=\"og:type\" content=\"article\" \/>\n<meta property=\"og:title\" content=\"Modeca Curves Jolie | Koonings\" \/>\n<meta property=\"og:description\" content=\"Jolie - o\u00f9 l&#039;\u00e9l\u00e9gance intemporelle rencontre la sophistication moderne. Cette robe de bal Mikado de Modeca Curves \u00e9pouse vos courbes avec structure et \u00e9l\u00e9gance. Avec son d\u00e9collet\u00e9 flatteur et ses lignes \u00e9pur\u00e9es, Jolie est l&#039;incarnation de la beaut\u00e9 sophistiqu\u00e9e. La jupe ample ajoute un effet dramatique sans \u00eatre trop imposante, tandis que les poches cach\u00e9es apportent une touche pratique. Un choix magnifique pour la mari\u00e9e aux courbes affirm\u00e9es qui aime le style classique avec une touche contemporaine. D\u00e9couvrez Jolie et toute la collection Modeca Curves chez Koonings.\" \/>\n<meta property=\"og:url\" content=\"https:\/\/www.koonings.com\/fr\/product\/modeca-curves-jolie\/\" \/>\n<meta property=\"og:site_name\" content=\"Koonings\" \/>\n<meta property=\"article:publisher\" content=\"https:\/\/www.facebook.com\/kooningstheweddingpalace\" \/>\n<meta property=\"og:image\" content=\"https:\/\/www.koonings.com\/wp-content\/uploads\/2025\/09\/51119_59b290d7a9429f5b51bfb9b0d33709e6faf541d88be16e8661e7f22a3d054dbf1fabc3b6.jpeg\" \/>\n\t<meta property=\"og:image:width\" content=\"1439\" \/>\n\t<meta property=\"og:image:height\" content=\"2030\" \/>\n\t<meta property=\"og:image:type\" content=\"image\/jpeg\" \/>\n<meta name=\"twitter:card\" content=\"summary_large_image\" \/>\n<script type=\"application\/ld+json\" class=\"yoast-schema-graph\">{\"@context\":\"https:\\\/\\\/schema.org\",\"@graph\":[{\"@type\":\"WebPage\",\"@id\":\"https:\\\/\\\/www.koonings.com\\\/fr\\\/product\\\/modeca-curves-jolie\\\/\",\"url\":\"https:\\\/\\\/www.koonings.com\\\/fr\\\/product\\\/modeca-curves-jolie\\\/\",\"name\":\"Modeca Curves Jolie | Koonings\",\"isPartOf\":{\"@id\":\"https:\\\/\\\/www.koonings.com\\\/fr\\\/#website\"},\"primaryImageOfPage\":{\"@id\":\"https:\\\/\\\/www.koonings.com\\\/fr\\\/product\\\/modeca-curves-jolie\\\/#primaryimage\"},\"image\":{\"@id\":\"https:\\\/\\\/www.koonings.com\\\/fr\\\/product\\\/modeca-curves-jolie\\\/#primaryimage\"},\"thumbnailUrl\":\"https:\\\/\\\/www.koonings.com\\\/wp-content\\\/uploads\\\/2025\\\/09\\\/51119_59b290d7a9429f5b51bfb9b0d33709e6faf541d88be16e8661e7f22a3d054dbf1fabc3b6.jpeg\",\"datePublished\":\"2026-04-14T14:36:57+00:00\",\"description\":\"Jolie - o\u00f9 l'\u00e9l\u00e9gance intemporelle rencontre la sophistication moderne. Cette robe de bal Mikado de Modeca Curves \u00e9pouse vos courbes avec structure et \u00e9l\u00e9gance. Avec son d\u00e9collet\u00e9 flatteur et ses lignes \u00e9pur\u00e9es, Jolie est l'incarnation de la beaut\u00e9 sophistiqu\u00e9e. La jupe ample ajoute un effet dramatique sans \u00eatre trop imposante, tandis que les poches cach\u00e9es apportent une touche pratique. Un choix magnifique pour la mari\u00e9e aux courbes affirm\u00e9es qui aime le style classique avec une touche contemporaine. D\u00e9couvrez Jolie et toute la collection Modeca Curves chez Koonings.\",\"breadcrumb\":{\"@id\":\"https:\\\/\\\/www.koonings.com\\\/fr\\\/product\\\/modeca-curves-jolie\\\/#breadcrumb\"},\"inLanguage\":\"fr-FR\",\"potentialAction\":[{\"@type\":\"ReadAction\",\"target\":[\"https:\\\/\\\/www.koonings.com\\\/fr\\\/product\\\/modeca-curves-jolie\\\/\"]}]},{\"@type\":\"ImageObject\",\"inLanguage\":\"fr-FR\",\"@id\":\"https:\\\/\\\/www.koonings.com\\\/fr\\\/product\\\/modeca-curves-jolie\\\/#primaryimage\",\"url\":\"https:\\\/\\\/www.koonings.com\\\/wp-content\\\/uploads\\\/2025\\\/09\\\/51119_59b290d7a9429f5b51bfb9b0d33709e6faf541d88be16e8661e7f22a3d054dbf1fabc3b6.jpeg\",\"contentUrl\":\"https:\\\/\\\/www.koonings.com\\\/wp-content\\\/uploads\\\/2025\\\/09\\\/51119_59b290d7a9429f5b51bfb9b0d33709e6faf541d88be16e8661e7f22a3d054dbf1fabc3b6.jpeg\",\"width\":1439,\"height\":2030},{\"@type\":\"BreadcrumbList\",\"@id\":\"https:\\\/\\\/www.koonings.com\\\/fr\\\/product\\\/modeca-curves-jolie\\\/#breadcrumb\",\"itemListElement\":[{\"@type\":\"ListItem\",\"position\":1,\"name\":\"Home\",\"item\":\"https:\\\/\\\/www.koonings.com\\\/fr\\\/\"},{\"@type\":\"ListItem\",\"position\":2,\"name\":\"Modeca Curves Jolie\"}]},{\"@type\":\"WebSite\",\"@id\":\"https:\\\/\\\/www.koonings.com\\\/fr\\\/#website\",\"url\":\"https:\\\/\\\/www.koonings.com\\\/fr\\\/\",\"name\":\"Koonings\",\"description\":\"De grootste bruidsmodewinkel ter wereld\",\"publisher\":{\"@id\":\"https:\\\/\\\/www.koonings.com\\\/fr\\\/#organization\"},\"potentialAction\":[{\"@type\":\"SearchAction\",\"target\":{\"@type\":\"EntryPoint\",\"urlTemplate\":\"https:\\\/\\\/www.koonings.com\\\/fr\\\/?s={search_term_string}\"},\"query-input\":{\"@type\":\"PropertyValueSpecification\",\"valueRequired\":true,\"valueName\":\"search_term_string\"}}],\"inLanguage\":\"fr-FR\"},{\"@type\":\"Organization\",\"@id\":\"https:\\\/\\\/www.koonings.com\\\/fr\\\/#organization\",\"name\":\"Koonings\",\"url\":\"https:\\\/\\\/www.koonings.com\\\/fr\\\/\",\"logo\":{\"@type\":\"ImageObject\",\"inLanguage\":\"fr-FR\",\"@id\":\"https:\\\/\\\/www.koonings.com\\\/fr\\\/#\\\/schema\\\/logo\\\/image\\\/\",\"url\":\"https:\\\/\\\/www.koonings.com\\\/wp-content\\\/uploads\\\/2024\\\/07\\\/logo.png\",\"contentUrl\":\"https:\\\/\\\/www.koonings.com\\\/wp-content\\\/uploads\\\/2024\\\/07\\\/logo.png\",\"width\":600,\"height\":428,\"caption\":\"Koonings\"},\"image\":{\"@id\":\"https:\\\/\\\/www.koonings.com\\\/fr\\\/#\\\/schema\\\/logo\\\/image\\\/\"},\"sameAs\":[\"https:\\\/\\\/www.facebook.com\\\/kooningstheweddingpalace\",\"https:\\\/\\\/www.instagram.com\\\/kooningstheweddingpalace\",\"https:\\\/\\\/www.pinterest.com\\\/koonings\",\"https:\\\/\\\/www.youtube.com\\\/kooningstheweddingpalace\"]}]}<\/script>\n<!-- \/ Yoast SEO plugin. -->","yoast_head_json":{"title":"Modeca Curves Jolie | Koonings","description":"Jolie - o\u00f9 l'\u00e9l\u00e9gance intemporelle rencontre la sophistication moderne. Cette robe de bal Mikado de Modeca Curves \u00e9pouse vos courbes avec structure et \u00e9l\u00e9gance. Avec son d\u00e9collet\u00e9 flatteur et ses lignes \u00e9pur\u00e9es, Jolie est l'incarnation de la beaut\u00e9 sophistiqu\u00e9e. La jupe ample ajoute un effet dramatique sans \u00eatre trop imposante, tandis que les poches cach\u00e9es apportent une touche pratique. Un choix magnifique pour la mari\u00e9e aux courbes affirm\u00e9es qui aime le style classique avec une touche contemporaine. D\u00e9couvrez Jolie et toute la collection Modeca Curves chez Koonings.","robots":{"index":"index","follow":"follow","max-snippet":"max-snippet:-1","max-image-preview":"max-image-preview:large","max-video-preview":"max-video-preview:-1"},"canonical":"https:\/\/www.koonings.com\/fr\/product\/modeca-curves-jolie\/","og_locale":"fr_FR","og_type":"article","og_title":"Modeca Curves Jolie | Koonings","og_description":"Jolie - o\u00f9 l'\u00e9l\u00e9gance intemporelle rencontre la sophistication moderne. Cette robe de bal Mikado de Modeca Curves \u00e9pouse vos courbes avec structure et \u00e9l\u00e9gance. Avec son d\u00e9collet\u00e9 flatteur et ses lignes \u00e9pur\u00e9es, Jolie est l'incarnation de la beaut\u00e9 sophistiqu\u00e9e. La jupe ample ajoute un effet dramatique sans \u00eatre trop imposante, tandis que les poches cach\u00e9es apportent une touche pratique. Un choix magnifique pour la mari\u00e9e aux courbes affirm\u00e9es qui aime le style classique avec une touche contemporaine. D\u00e9couvrez Jolie et toute la collection Modeca Curves chez Koonings.","og_url":"https:\/\/www.koonings.com\/fr\/product\/modeca-curves-jolie\/","og_site_name":"Koonings","article_publisher":"https:\/\/www.facebook.com\/kooningstheweddingpalace","og_image":[{"width":1439,"height":2030,"url":"https:\/\/www.koonings.com\/wp-content\/uploads\/2025\/09\/51119_59b290d7a9429f5b51bfb9b0d33709e6faf541d88be16e8661e7f22a3d054dbf1fabc3b6.jpeg","type":"image\/jpeg"}],"twitter_card":"summary_large_image","schema":{"@context":"https:\/\/schema.org","@graph":[{"@type":"WebPage","@id":"https:\/\/www.koonings.com\/fr\/product\/modeca-curves-jolie\/","url":"https:\/\/www.koonings.com\/fr\/product\/modeca-curves-jolie\/","name":"Modeca Curves Jolie | Koonings","isPartOf":{"@id":"https:\/\/www.koonings.com\/fr\/#website"},"primaryImageOfPage":{"@id":"https:\/\/www.koonings.com\/fr\/product\/modeca-curves-jolie\/#primaryimage"},"image":{"@id":"https:\/\/www.koonings.com\/fr\/product\/modeca-curves-jolie\/#primaryimage"},"thumbnailUrl":"https:\/\/www.koonings.com\/wp-content\/uploads\/2025\/09\/51119_59b290d7a9429f5b51bfb9b0d33709e6faf541d88be16e8661e7f22a3d054dbf1fabc3b6.jpeg","datePublished":"2026-04-14T14:36:57+00:00","description":"Jolie - o\u00f9 l'\u00e9l\u00e9gance intemporelle rencontre la sophistication moderne. Cette robe de bal Mikado de Modeca Curves \u00e9pouse vos courbes avec structure et \u00e9l\u00e9gance. Avec son d\u00e9collet\u00e9 flatteur et ses lignes \u00e9pur\u00e9es, Jolie est l'incarnation de la beaut\u00e9 sophistiqu\u00e9e. La jupe ample ajoute un effet dramatique sans \u00eatre trop imposante, tandis que les poches cach\u00e9es apportent une touche pratique. Un choix magnifique pour la mari\u00e9e aux courbes affirm\u00e9es qui aime le style classique avec une touche contemporaine. D\u00e9couvrez Jolie et toute la collection Modeca Curves chez Koonings.","breadcrumb":{"@id":"https:\/\/www.koonings.com\/fr\/product\/modeca-curves-jolie\/#breadcrumb"},"inLanguage":"fr-FR","potentialAction":[{"@type":"ReadAction","target":["https:\/\/www.koonings.com\/fr\/product\/modeca-curves-jolie\/"]}]},{"@type":"ImageObject","inLanguage":"fr-FR","@id":"https:\/\/www.koonings.com\/fr\/product\/modeca-curves-jolie\/#primaryimage","url":"https:\/\/www.koonings.com\/wp-content\/uploads\/2025\/09\/51119_59b290d7a9429f5b51bfb9b0d33709e6faf541d88be16e8661e7f22a3d054dbf1fabc3b6.jpeg","contentUrl":"https:\/\/www.koonings.com\/wp-content\/uploads\/2025\/09\/51119_59b290d7a9429f5b51bfb9b0d33709e6faf541d88be16e8661e7f22a3d054dbf1fabc3b6.jpeg","width":1439,"height":2030},{"@type":"BreadcrumbList","@id":"https:\/\/www.koonings.com\/fr\/product\/modeca-curves-jolie\/#breadcrumb","itemListElement":[{"@type":"ListItem","position":1,"name":"Home","item":"https:\/\/www.koonings.com\/fr\/"},{"@type":"ListItem","position":2,"name":"Modeca Curves Jolie"}]},{"@type":"WebSite","@id":"https:\/\/www.koonings.com\/fr\/#website","url":"https:\/\/www.koonings.com\/fr\/","name":"Koonings","description":"De grootste bruidsmodewinkel ter wereld","publisher":{"@id":"https:\/\/www.koonings.com\/fr\/#organization"},"potentialAction":[{"@type":"SearchAction","target":{"@type":"EntryPoint","urlTemplate":"https:\/\/www.koonings.com\/fr\/?s={search_term_string}"},"query-input":{"@type":"PropertyValueSpecification","valueRequired":true,"valueName":"search_term_string"}}],"inLanguage":"fr-FR"},{"@type":"Organization","@id":"https:\/\/www.koonings.com\/fr\/#organization","name":"Koonings","url":"https:\/\/www.koonings.com\/fr\/","logo":{"@type":"ImageObject","inLanguage":"fr-FR","@id":"https:\/\/www.koonings.com\/fr\/#\/schema\/logo\/image\/","url":"https:\/\/www.koonings.com\/wp-content\/uploads\/2024\/07\/logo.png","contentUrl":"https:\/\/www.koonings.com\/wp-content\/uploads\/2024\/07\/logo.png","width":600,"height":428,"caption":"Koonings"},"image":{"@id":"https:\/\/www.koonings.com\/fr\/#\/schema\/logo\/image\/"},"sameAs":["https:\/\/www.facebook.com\/kooningstheweddingpalace","https:\/\/www.instagram.com\/kooningstheweddingpalace","https:\/\/www.pinterest.com\/koonings","https:\/\/www.youtube.com\/kooningstheweddingpalace"]}]}},"_links":{"self":[{"href":"https:\/\/www.koonings.com\/fr\/wp-json\/wp\/v2\/product\/108442","targetHints":{"allow":["GET"]}}],"collection":[{"href":"https:\/\/www.koonings.com\/fr\/wp-json\/wp\/v2\/product"}],"about":[{"href":"https:\/\/www.koonings.com\/fr\/wp-json\/wp\/v2\/types\/product"}],"wp:featuredmedia":[{"embeddable":true,"href":"https:\/\/www.koonings.com\/fr\/wp-json\/wp\/v2\/media\/96346"}],"wp:attachment":[{"href":"https:\/\/www.koonings.com\/fr\/wp-json\/wp\/v2\/media?parent=108442"}],"wp:term":[{"taxonomy":"productdetails","embeddable":true,"href":"https:\/\/www.koonings.com\/fr\/wp-json\/wp\/v2\/productdetails?post=108442"},{"taxonomy":"productneck","embeddable":true,"href":"https:\/\/www.koonings.com\/fr\/wp-json\/wp\/v2\/productneck?post=108442"},{"taxonomy":"productcolor","embeddable":true,"href":"https:\/\/www.koonings.com\/fr\/wp-json\/wp\/v2\/productcolor?post=108442"},{"taxonomy":"maat","embeddable":true,"href":"https:\/\/www.koonings.com\/fr\/wp-json\/wp\/v2\/maat?post=108442"},{"taxonomy":"productsupplier","embeddable":true,"href":"https:\/\/www.koonings.com\/fr\/wp-json\/wp\/v2\/productsupplier?post=108442"},{"taxonomy":"productsleeve","embeddable":true,"href":"https:\/\/www.koonings.com\/fr\/wp-json\/wp\/v2\/productsleeve?post=108442"},{"taxonomy":"productcategory","embeddable":true,"href":"https:\/\/www.koonings.com\/fr\/wp-json\/wp\/v2\/productcategory?post=108442"},{"taxonomy":"productsilhouette","embeddable":true,"href":"https:\/\/www.koonings.com\/fr\/wp-json\/wp\/v2\/productsilhouette?post=108442"},{"taxonomy":"productstyle","embeddable":true,"href":"https:\/\/www.koonings.com\/fr\/wp-json\/wp\/v2\/productstyle?post=108442"}],"curies":[{"name":"wp","href":"https:\/\/api.w.org\/{rel}","templated":true}]}}