{"id":108439,"date":"2026-04-14T16:38:06","date_gmt":"2026-04-14T14:38:06","guid":{"rendered":"https:\/\/www.koonings.com\/product\/modeca-georgina\/"},"modified":"2026-04-14T15:36:59","modified_gmt":"2026-04-14T13:36:59","slug":"modeca-georgina","status":"publish","type":"product","link":"https:\/\/www.koonings.com\/fr\/product\/modeca-georgina\/","title":{"rendered":"Modeca Georgina"},"content":{"rendered":"<p>Georgina est l&#8217;\u00e9quilibre parfait entre romantisme et glamour. Cette robe ligne A pr\u00e9sente un d\u00e9collet\u00e9 profond avec un motif de dentelle sophistiqu\u00e9 et des paillettes sur le corsage. Les longues manches transparentes amovibles ajoutent une touche dramatique mais d\u00e9licate, tandis que la surjupe en mousseline de soie apporte une touche a\u00e9rienne et \u00e9th\u00e9r\u00e9e. Le dos ouvert compl\u00e8te le look avec une touche audacieuse et f\u00e9minine. Pour un look plus \u00e9pur\u00e9, il existe la Georgina-D sans les manches amovibles. D\u00e9couvrez Georgina et toute la collection chez Koonings.     <\/p>\n","protected":false},"featured_media":95517,"template":"","meta":{"_acf_changed":false,"ghostkit_customizer_options":"","ghostkit_custom_css":"","ghostkit_custom_js_head":"","ghostkit_custom_js_foot":"","ghostkit_typography":""},"productdetails":[376,378,381],"productneck":[356],"productcolor":[392],"maat":[],"productsupplier":[434],"productsleeve":[362],"productcategory":[18],"productsilhouette":[384],"productstyle":[366,370],"class_list":["post-108439","product","type-product","status-publish","has-post-thumbnail","hentry","productdetails-376","productdetails-378","productdetails-381","productneck-356","productcolor-392","productsupplier-modeca","productsleeve-362","productcategory-trouwjurken","productsilhouette-384","productstyle-366","productstyle-370"],"acf":[],"yoast_head":"<!-- This site is optimized with the Yoast SEO plugin v27.3 - https:\/\/yoast.com\/product\/yoast-seo-wordpress\/ -->\n<title>Modeca Georgina | Koonings<\/title>\n<meta name=\"description\" content=\"Georgina est l&#039;\u00e9quilibre parfait entre romantisme et glamour. Cette robe ligne A pr\u00e9sente un d\u00e9collet\u00e9 profond avec un motif de dentelle sophistiqu\u00e9 et des paillettes sur le corsage. Les longues manches transparentes amovibles ajoutent une touche dramatique mais d\u00e9licate, tandis que la surjupe en mousseline de soie apporte une touche a\u00e9rienne et \u00e9th\u00e9r\u00e9e. Le dos ouvert compl\u00e8te le look avec une touche audacieuse et f\u00e9minine. Pour un look plus \u00e9pur\u00e9, il existe la Georgina-D sans les manches amovibles. D\u00e9couvrez Georgina et la collection compl\u00e8te chez Koonings.\" \/>\n<meta name=\"robots\" content=\"index, follow, max-snippet:-1, max-image-preview:large, max-video-preview:-1\" \/>\n<link rel=\"canonical\" href=\"https:\/\/www.koonings.com\/fr\/product\/modeca-georgina\/\" \/>\n<meta property=\"og:locale\" content=\"fr_FR\" \/>\n<meta property=\"og:type\" content=\"article\" \/>\n<meta property=\"og:title\" content=\"Modeca Georgina | Koonings\" \/>\n<meta property=\"og:description\" content=\"Georgina est l&#039;\u00e9quilibre parfait entre romantisme et glamour. Cette robe ligne A pr\u00e9sente un d\u00e9collet\u00e9 profond avec un motif de dentelle sophistiqu\u00e9 et des paillettes sur le corsage. Les longues manches transparentes amovibles ajoutent une touche dramatique mais d\u00e9licate, tandis que la surjupe en mousseline de soie apporte une touche a\u00e9rienne et \u00e9th\u00e9r\u00e9e. Le dos ouvert compl\u00e8te le look avec une touche audacieuse et f\u00e9minine. Pour un look plus \u00e9pur\u00e9, il existe la Georgina-D sans les manches amovibles. D\u00e9couvrez Georgina et la collection compl\u00e8te chez Koonings.\" \/>\n<meta property=\"og:url\" content=\"https:\/\/www.koonings.com\/fr\/product\/modeca-georgina\/\" \/>\n<meta property=\"og:site_name\" content=\"Koonings\" \/>\n<meta property=\"article:publisher\" content=\"https:\/\/www.facebook.com\/kooningstheweddingpalace\" \/>\n<meta property=\"og:image\" content=\"https:\/\/www.koonings.com\/wp-content\/uploads\/2025\/09\/51132_59f8ad897db3107ca22cf772b960b1a6e2fa1040f654d64759acbd8339738ffe53c32ed3.jpeg\" \/>\n\t<meta property=\"og:image:width\" content=\"1686\" \/>\n\t<meta property=\"og:image:height\" content=\"2381\" \/>\n\t<meta property=\"og:image:type\" content=\"image\/jpeg\" \/>\n<meta name=\"twitter:card\" content=\"summary_large_image\" \/>\n<script type=\"application\/ld+json\" class=\"yoast-schema-graph\">{\"@context\":\"https:\\\/\\\/schema.org\",\"@graph\":[{\"@type\":\"WebPage\",\"@id\":\"https:\\\/\\\/www.koonings.com\\\/fr\\\/product\\\/modeca-georgina\\\/\",\"url\":\"https:\\\/\\\/www.koonings.com\\\/fr\\\/product\\\/modeca-georgina\\\/\",\"name\":\"Modeca Georgina | Koonings\",\"isPartOf\":{\"@id\":\"https:\\\/\\\/www.koonings.com\\\/fr\\\/#website\"},\"primaryImageOfPage\":{\"@id\":\"https:\\\/\\\/www.koonings.com\\\/fr\\\/product\\\/modeca-georgina\\\/#primaryimage\"},\"image\":{\"@id\":\"https:\\\/\\\/www.koonings.com\\\/fr\\\/product\\\/modeca-georgina\\\/#primaryimage\"},\"thumbnailUrl\":\"https:\\\/\\\/www.koonings.com\\\/wp-content\\\/uploads\\\/2025\\\/09\\\/51132_59f8ad897db3107ca22cf772b960b1a6e2fa1040f654d64759acbd8339738ffe53c32ed3.jpeg\",\"datePublished\":\"2026-04-14T14:38:06+00:00\",\"description\":\"Georgina est l'\u00e9quilibre parfait entre romantisme et glamour. Cette robe ligne A pr\u00e9sente un d\u00e9collet\u00e9 profond avec un motif de dentelle sophistiqu\u00e9 et des paillettes sur le corsage. Les longues manches transparentes amovibles ajoutent une touche dramatique mais d\u00e9licate, tandis que la surjupe en mousseline de soie apporte une touche a\u00e9rienne et \u00e9th\u00e9r\u00e9e. Le dos ouvert compl\u00e8te le look avec une touche audacieuse et f\u00e9minine. Pour un look plus \u00e9pur\u00e9, il existe la Georgina-D sans les manches amovibles. D\u00e9couvrez Georgina et la collection compl\u00e8te chez Koonings.\",\"breadcrumb\":{\"@id\":\"https:\\\/\\\/www.koonings.com\\\/fr\\\/product\\\/modeca-georgina\\\/#breadcrumb\"},\"inLanguage\":\"fr-FR\",\"potentialAction\":[{\"@type\":\"ReadAction\",\"target\":[\"https:\\\/\\\/www.koonings.com\\\/fr\\\/product\\\/modeca-georgina\\\/\"]}]},{\"@type\":\"ImageObject\",\"inLanguage\":\"fr-FR\",\"@id\":\"https:\\\/\\\/www.koonings.com\\\/fr\\\/product\\\/modeca-georgina\\\/#primaryimage\",\"url\":\"https:\\\/\\\/www.koonings.com\\\/wp-content\\\/uploads\\\/2025\\\/09\\\/51132_59f8ad897db3107ca22cf772b960b1a6e2fa1040f654d64759acbd8339738ffe53c32ed3.jpeg\",\"contentUrl\":\"https:\\\/\\\/www.koonings.com\\\/wp-content\\\/uploads\\\/2025\\\/09\\\/51132_59f8ad897db3107ca22cf772b960b1a6e2fa1040f654d64759acbd8339738ffe53c32ed3.jpeg\",\"width\":1686,\"height\":2381},{\"@type\":\"BreadcrumbList\",\"@id\":\"https:\\\/\\\/www.koonings.com\\\/fr\\\/product\\\/modeca-georgina\\\/#breadcrumb\",\"itemListElement\":[{\"@type\":\"ListItem\",\"position\":1,\"name\":\"Home\",\"item\":\"https:\\\/\\\/www.koonings.com\\\/fr\\\/\"},{\"@type\":\"ListItem\",\"position\":2,\"name\":\"Modeca Georgina\"}]},{\"@type\":\"WebSite\",\"@id\":\"https:\\\/\\\/www.koonings.com\\\/fr\\\/#website\",\"url\":\"https:\\\/\\\/www.koonings.com\\\/fr\\\/\",\"name\":\"Koonings\",\"description\":\"De grootste bruidsmodewinkel ter wereld\",\"publisher\":{\"@id\":\"https:\\\/\\\/www.koonings.com\\\/fr\\\/#organization\"},\"potentialAction\":[{\"@type\":\"SearchAction\",\"target\":{\"@type\":\"EntryPoint\",\"urlTemplate\":\"https:\\\/\\\/www.koonings.com\\\/fr\\\/?s={search_term_string}\"},\"query-input\":{\"@type\":\"PropertyValueSpecification\",\"valueRequired\":true,\"valueName\":\"search_term_string\"}}],\"inLanguage\":\"fr-FR\"},{\"@type\":\"Organization\",\"@id\":\"https:\\\/\\\/www.koonings.com\\\/fr\\\/#organization\",\"name\":\"Koonings\",\"url\":\"https:\\\/\\\/www.koonings.com\\\/fr\\\/\",\"logo\":{\"@type\":\"ImageObject\",\"inLanguage\":\"fr-FR\",\"@id\":\"https:\\\/\\\/www.koonings.com\\\/fr\\\/#\\\/schema\\\/logo\\\/image\\\/\",\"url\":\"https:\\\/\\\/www.koonings.com\\\/wp-content\\\/uploads\\\/2024\\\/07\\\/logo.png\",\"contentUrl\":\"https:\\\/\\\/www.koonings.com\\\/wp-content\\\/uploads\\\/2024\\\/07\\\/logo.png\",\"width\":600,\"height\":428,\"caption\":\"Koonings\"},\"image\":{\"@id\":\"https:\\\/\\\/www.koonings.com\\\/fr\\\/#\\\/schema\\\/logo\\\/image\\\/\"},\"sameAs\":[\"https:\\\/\\\/www.facebook.com\\\/kooningstheweddingpalace\",\"https:\\\/\\\/www.instagram.com\\\/kooningstheweddingpalace\",\"https:\\\/\\\/www.pinterest.com\\\/koonings\",\"https:\\\/\\\/www.youtube.com\\\/kooningstheweddingpalace\"]}]}<\/script>\n<!-- \/ Yoast SEO plugin. -->","yoast_head_json":{"title":"Modeca Georgina | Koonings","description":"Georgina est l'\u00e9quilibre parfait entre romantisme et glamour. Cette robe ligne A pr\u00e9sente un d\u00e9collet\u00e9 profond avec un motif de dentelle sophistiqu\u00e9 et des paillettes sur le corsage. Les longues manches transparentes amovibles ajoutent une touche dramatique mais d\u00e9licate, tandis que la surjupe en mousseline de soie apporte une touche a\u00e9rienne et \u00e9th\u00e9r\u00e9e. Le dos ouvert compl\u00e8te le look avec une touche audacieuse et f\u00e9minine. Pour un look plus \u00e9pur\u00e9, il existe la Georgina-D sans les manches amovibles. D\u00e9couvrez Georgina et la collection compl\u00e8te chez Koonings.","robots":{"index":"index","follow":"follow","max-snippet":"max-snippet:-1","max-image-preview":"max-image-preview:large","max-video-preview":"max-video-preview:-1"},"canonical":"https:\/\/www.koonings.com\/fr\/product\/modeca-georgina\/","og_locale":"fr_FR","og_type":"article","og_title":"Modeca Georgina | Koonings","og_description":"Georgina est l'\u00e9quilibre parfait entre romantisme et glamour. Cette robe ligne A pr\u00e9sente un d\u00e9collet\u00e9 profond avec un motif de dentelle sophistiqu\u00e9 et des paillettes sur le corsage. Les longues manches transparentes amovibles ajoutent une touche dramatique mais d\u00e9licate, tandis que la surjupe en mousseline de soie apporte une touche a\u00e9rienne et \u00e9th\u00e9r\u00e9e. Le dos ouvert compl\u00e8te le look avec une touche audacieuse et f\u00e9minine. Pour un look plus \u00e9pur\u00e9, il existe la Georgina-D sans les manches amovibles. D\u00e9couvrez Georgina et la collection compl\u00e8te chez Koonings.","og_url":"https:\/\/www.koonings.com\/fr\/product\/modeca-georgina\/","og_site_name":"Koonings","article_publisher":"https:\/\/www.facebook.com\/kooningstheweddingpalace","og_image":[{"width":1686,"height":2381,"url":"https:\/\/www.koonings.com\/wp-content\/uploads\/2025\/09\/51132_59f8ad897db3107ca22cf772b960b1a6e2fa1040f654d64759acbd8339738ffe53c32ed3.jpeg","type":"image\/jpeg"}],"twitter_card":"summary_large_image","schema":{"@context":"https:\/\/schema.org","@graph":[{"@type":"WebPage","@id":"https:\/\/www.koonings.com\/fr\/product\/modeca-georgina\/","url":"https:\/\/www.koonings.com\/fr\/product\/modeca-georgina\/","name":"Modeca Georgina | Koonings","isPartOf":{"@id":"https:\/\/www.koonings.com\/fr\/#website"},"primaryImageOfPage":{"@id":"https:\/\/www.koonings.com\/fr\/product\/modeca-georgina\/#primaryimage"},"image":{"@id":"https:\/\/www.koonings.com\/fr\/product\/modeca-georgina\/#primaryimage"},"thumbnailUrl":"https:\/\/www.koonings.com\/wp-content\/uploads\/2025\/09\/51132_59f8ad897db3107ca22cf772b960b1a6e2fa1040f654d64759acbd8339738ffe53c32ed3.jpeg","datePublished":"2026-04-14T14:38:06+00:00","description":"Georgina est l'\u00e9quilibre parfait entre romantisme et glamour. Cette robe ligne A pr\u00e9sente un d\u00e9collet\u00e9 profond avec un motif de dentelle sophistiqu\u00e9 et des paillettes sur le corsage. Les longues manches transparentes amovibles ajoutent une touche dramatique mais d\u00e9licate, tandis que la surjupe en mousseline de soie apporte une touche a\u00e9rienne et \u00e9th\u00e9r\u00e9e. Le dos ouvert compl\u00e8te le look avec une touche audacieuse et f\u00e9minine. Pour un look plus \u00e9pur\u00e9, il existe la Georgina-D sans les manches amovibles. D\u00e9couvrez Georgina et la collection compl\u00e8te chez Koonings.","breadcrumb":{"@id":"https:\/\/www.koonings.com\/fr\/product\/modeca-georgina\/#breadcrumb"},"inLanguage":"fr-FR","potentialAction":[{"@type":"ReadAction","target":["https:\/\/www.koonings.com\/fr\/product\/modeca-georgina\/"]}]},{"@type":"ImageObject","inLanguage":"fr-FR","@id":"https:\/\/www.koonings.com\/fr\/product\/modeca-georgina\/#primaryimage","url":"https:\/\/www.koonings.com\/wp-content\/uploads\/2025\/09\/51132_59f8ad897db3107ca22cf772b960b1a6e2fa1040f654d64759acbd8339738ffe53c32ed3.jpeg","contentUrl":"https:\/\/www.koonings.com\/wp-content\/uploads\/2025\/09\/51132_59f8ad897db3107ca22cf772b960b1a6e2fa1040f654d64759acbd8339738ffe53c32ed3.jpeg","width":1686,"height":2381},{"@type":"BreadcrumbList","@id":"https:\/\/www.koonings.com\/fr\/product\/modeca-georgina\/#breadcrumb","itemListElement":[{"@type":"ListItem","position":1,"name":"Home","item":"https:\/\/www.koonings.com\/fr\/"},{"@type":"ListItem","position":2,"name":"Modeca Georgina"}]},{"@type":"WebSite","@id":"https:\/\/www.koonings.com\/fr\/#website","url":"https:\/\/www.koonings.com\/fr\/","name":"Koonings","description":"De grootste bruidsmodewinkel ter wereld","publisher":{"@id":"https:\/\/www.koonings.com\/fr\/#organization"},"potentialAction":[{"@type":"SearchAction","target":{"@type":"EntryPoint","urlTemplate":"https:\/\/www.koonings.com\/fr\/?s={search_term_string}"},"query-input":{"@type":"PropertyValueSpecification","valueRequired":true,"valueName":"search_term_string"}}],"inLanguage":"fr-FR"},{"@type":"Organization","@id":"https:\/\/www.koonings.com\/fr\/#organization","name":"Koonings","url":"https:\/\/www.koonings.com\/fr\/","logo":{"@type":"ImageObject","inLanguage":"fr-FR","@id":"https:\/\/www.koonings.com\/fr\/#\/schema\/logo\/image\/","url":"https:\/\/www.koonings.com\/wp-content\/uploads\/2024\/07\/logo.png","contentUrl":"https:\/\/www.koonings.com\/wp-content\/uploads\/2024\/07\/logo.png","width":600,"height":428,"caption":"Koonings"},"image":{"@id":"https:\/\/www.koonings.com\/fr\/#\/schema\/logo\/image\/"},"sameAs":["https:\/\/www.facebook.com\/kooningstheweddingpalace","https:\/\/www.instagram.com\/kooningstheweddingpalace","https:\/\/www.pinterest.com\/koonings","https:\/\/www.youtube.com\/kooningstheweddingpalace"]}]}},"_links":{"self":[{"href":"https:\/\/www.koonings.com\/fr\/wp-json\/wp\/v2\/product\/108439","targetHints":{"allow":["GET"]}}],"collection":[{"href":"https:\/\/www.koonings.com\/fr\/wp-json\/wp\/v2\/product"}],"about":[{"href":"https:\/\/www.koonings.com\/fr\/wp-json\/wp\/v2\/types\/product"}],"wp:featuredmedia":[{"embeddable":true,"href":"https:\/\/www.koonings.com\/fr\/wp-json\/wp\/v2\/media\/95517"}],"wp:attachment":[{"href":"https:\/\/www.koonings.com\/fr\/wp-json\/wp\/v2\/media?parent=108439"}],"wp:term":[{"taxonomy":"productdetails","embeddable":true,"href":"https:\/\/www.koonings.com\/fr\/wp-json\/wp\/v2\/productdetails?post=108439"},{"taxonomy":"productneck","embeddable":true,"href":"https:\/\/www.koonings.com\/fr\/wp-json\/wp\/v2\/productneck?post=108439"},{"taxonomy":"productcolor","embeddable":true,"href":"https:\/\/www.koonings.com\/fr\/wp-json\/wp\/v2\/productcolor?post=108439"},{"taxonomy":"maat","embeddable":true,"href":"https:\/\/www.koonings.com\/fr\/wp-json\/wp\/v2\/maat?post=108439"},{"taxonomy":"productsupplier","embeddable":true,"href":"https:\/\/www.koonings.com\/fr\/wp-json\/wp\/v2\/productsupplier?post=108439"},{"taxonomy":"productsleeve","embeddable":true,"href":"https:\/\/www.koonings.com\/fr\/wp-json\/wp\/v2\/productsleeve?post=108439"},{"taxonomy":"productcategory","embeddable":true,"href":"https:\/\/www.koonings.com\/fr\/wp-json\/wp\/v2\/productcategory?post=108439"},{"taxonomy":"productsilhouette","embeddable":true,"href":"https:\/\/www.koonings.com\/fr\/wp-json\/wp\/v2\/productsilhouette?post=108439"},{"taxonomy":"productstyle","embeddable":true,"href":"https:\/\/www.koonings.com\/fr\/wp-json\/wp\/v2\/productstyle?post=108439"}],"curies":[{"name":"wp","href":"https:\/\/api.w.org\/{rel}","templated":true}]}}