{"id":108437,"date":"2026-04-14T16:38:08","date_gmt":"2026-04-14T14:38:08","guid":{"rendered":"https:\/\/www.koonings.com\/product\/modeca-gerlinde\/"},"modified":"2026-04-14T15:37:01","modified_gmt":"2026-04-14T13:37:01","slug":"modeca-gerlinde","status":"publish","type":"product","link":"https:\/\/www.koonings.com\/fr\/product\/modeca-gerlinde\/","title":{"rendered":"Modeca Gerlinde"},"content":{"rendered":"<p>Gerlinde est le choix parfait pour la mari\u00e9e qui recherche \u00e0 la fois confort et beaut\u00e9 pour son grand jour. Cette robe de bal en satin \u00e0 couper le souffle pr\u00e9sente une encolure d\u00e9collet\u00e9e et un corsage drap\u00e9. Les poches ajoutent une touche pratique et \u00e9l\u00e9gante, tandis que la rang\u00e9e de boutons dans le dos ajoute un d\u00e9tail subtil mais accrocheur qui rehausse le charme classique de la robe. Pour les mari\u00e9es qui pr\u00e9f\u00e8rent une texture l\u00e9g\u00e8rement diff\u00e9rente, cette robe est \u00e9galement disponible en mikado sous le nom de Gerlinde-A. D\u00e9couvrez Gerlinde et toute la collection chez Koonings.    <\/p>\n","protected":false},"featured_media":95604,"template":"","meta":{"_acf_changed":false,"ghostkit_customizer_options":"","ghostkit_custom_css":"","ghostkit_custom_js_head":"","ghostkit_custom_js_foot":"","ghostkit_typography":""},"productdetails":[],"productneck":[354],"productcolor":[392],"maat":[],"productsupplier":[434],"productsleeve":[363],"productcategory":[18],"productsilhouette":[388],"productstyle":[365],"class_list":["post-108437","product","type-product","status-publish","has-post-thumbnail","hentry","productneck-354","productcolor-392","productsupplier-modeca","productsleeve-363","productcategory-trouwjurken","productsilhouette-388","productstyle-365"],"acf":[],"yoast_head":"<!-- This site is optimized with the Yoast SEO plugin v27.3 - https:\/\/yoast.com\/product\/yoast-seo-wordpress\/ -->\n<title>Modeca Gerlinde | Koonings<\/title>\n<meta name=\"description\" content=\"Gerlinde est le choix parfait pour la mari\u00e9e qui recherche \u00e0 la fois confort et beaut\u00e9 pour son grand jour. Cette robe de bal en satin \u00e0 couper le souffle pr\u00e9sente une encolure d\u00e9collet\u00e9e et un corsage drap\u00e9. Les poches ajoutent une touche pratique et \u00e9l\u00e9gante, tandis que la rang\u00e9e de boutons dans le dos ajoute un d\u00e9tail subtil mais frappant qui rehausse le charme classique de la robe. Pour les mari\u00e9es qui pr\u00e9f\u00e8rent une texture l\u00e9g\u00e8rement diff\u00e9rente, cette robe est \u00e9galement disponible en mikado sous le nom de Gerlinde-A. D\u00e9couvrez Gerlinde et toute la collection chez Koonings.\" \/>\n<meta name=\"robots\" content=\"index, follow, max-snippet:-1, max-image-preview:large, max-video-preview:-1\" \/>\n<link rel=\"canonical\" href=\"https:\/\/www.koonings.com\/fr\/product\/modeca-gerlinde\/\" \/>\n<meta property=\"og:locale\" content=\"fr_FR\" \/>\n<meta property=\"og:type\" content=\"article\" \/>\n<meta property=\"og:title\" content=\"Modeca Gerlinde | Koonings\" \/>\n<meta property=\"og:description\" content=\"Gerlinde est le choix parfait pour la mari\u00e9e qui recherche \u00e0 la fois confort et beaut\u00e9 pour son grand jour. Cette robe de bal en satin \u00e0 couper le souffle pr\u00e9sente une encolure d\u00e9collet\u00e9e et un corsage drap\u00e9. Les poches ajoutent une touche pratique et \u00e9l\u00e9gante, tandis que la rang\u00e9e de boutons dans le dos ajoute un d\u00e9tail subtil mais frappant qui rehausse le charme classique de la robe. Pour les mari\u00e9es qui pr\u00e9f\u00e8rent une texture l\u00e9g\u00e8rement diff\u00e9rente, cette robe est \u00e9galement disponible en mikado sous le nom de Gerlinde-A. D\u00e9couvrez Gerlinde et toute la collection chez Koonings.\" \/>\n<meta property=\"og:url\" content=\"https:\/\/www.koonings.com\/fr\/product\/modeca-gerlinde\/\" \/>\n<meta property=\"og:site_name\" content=\"Koonings\" \/>\n<meta property=\"article:publisher\" content=\"https:\/\/www.facebook.com\/kooningstheweddingpalace\" \/>\n<meta property=\"og:image\" content=\"https:\/\/www.koonings.com\/wp-content\/uploads\/2025\/09\/51135_e58aea78259e1e998f58de24012853619ea956bd7e68dd9186ea2c981e45e55584f932a1-scaled.jpeg\" \/>\n\t<meta property=\"og:image:width\" content=\"1810\" \/>\n\t<meta property=\"og:image:height\" content=\"2560\" \/>\n\t<meta property=\"og:image:type\" content=\"image\/jpeg\" \/>\n<meta name=\"twitter:card\" content=\"summary_large_image\" \/>\n<meta name=\"twitter:label1\" content=\"Dur\u00e9e de lecture estim\u00e9e\" \/>\n\t<meta name=\"twitter:data1\" content=\"1 minute\" \/>\n<script type=\"application\/ld+json\" class=\"yoast-schema-graph\">{\"@context\":\"https:\\\/\\\/schema.org\",\"@graph\":[{\"@type\":\"WebPage\",\"@id\":\"https:\\\/\\\/www.koonings.com\\\/fr\\\/product\\\/modeca-gerlinde\\\/\",\"url\":\"https:\\\/\\\/www.koonings.com\\\/fr\\\/product\\\/modeca-gerlinde\\\/\",\"name\":\"Modeca Gerlinde | Koonings\",\"isPartOf\":{\"@id\":\"https:\\\/\\\/www.koonings.com\\\/fr\\\/#website\"},\"primaryImageOfPage\":{\"@id\":\"https:\\\/\\\/www.koonings.com\\\/fr\\\/product\\\/modeca-gerlinde\\\/#primaryimage\"},\"image\":{\"@id\":\"https:\\\/\\\/www.koonings.com\\\/fr\\\/product\\\/modeca-gerlinde\\\/#primaryimage\"},\"thumbnailUrl\":\"https:\\\/\\\/www.koonings.com\\\/wp-content\\\/uploads\\\/2025\\\/09\\\/51135_e58aea78259e1e998f58de24012853619ea956bd7e68dd9186ea2c981e45e55584f932a1-scaled.jpeg\",\"datePublished\":\"2026-04-14T14:38:08+00:00\",\"description\":\"Gerlinde est le choix parfait pour la mari\u00e9e qui recherche \u00e0 la fois confort et beaut\u00e9 pour son grand jour. Cette robe de bal en satin \u00e0 couper le souffle pr\u00e9sente une encolure d\u00e9collet\u00e9e et un corsage drap\u00e9. Les poches ajoutent une touche pratique et \u00e9l\u00e9gante, tandis que la rang\u00e9e de boutons dans le dos ajoute un d\u00e9tail subtil mais frappant qui rehausse le charme classique de la robe. Pour les mari\u00e9es qui pr\u00e9f\u00e8rent une texture l\u00e9g\u00e8rement diff\u00e9rente, cette robe est \u00e9galement disponible en mikado sous le nom de Gerlinde-A. D\u00e9couvrez Gerlinde et toute la collection chez Koonings.\",\"breadcrumb\":{\"@id\":\"https:\\\/\\\/www.koonings.com\\\/fr\\\/product\\\/modeca-gerlinde\\\/#breadcrumb\"},\"inLanguage\":\"fr-FR\",\"potentialAction\":[{\"@type\":\"ReadAction\",\"target\":[\"https:\\\/\\\/www.koonings.com\\\/fr\\\/product\\\/modeca-gerlinde\\\/\"]}]},{\"@type\":\"ImageObject\",\"inLanguage\":\"fr-FR\",\"@id\":\"https:\\\/\\\/www.koonings.com\\\/fr\\\/product\\\/modeca-gerlinde\\\/#primaryimage\",\"url\":\"https:\\\/\\\/www.koonings.com\\\/wp-content\\\/uploads\\\/2025\\\/09\\\/51135_e58aea78259e1e998f58de24012853619ea956bd7e68dd9186ea2c981e45e55584f932a1-scaled.jpeg\",\"contentUrl\":\"https:\\\/\\\/www.koonings.com\\\/wp-content\\\/uploads\\\/2025\\\/09\\\/51135_e58aea78259e1e998f58de24012853619ea956bd7e68dd9186ea2c981e45e55584f932a1-scaled.jpeg\",\"width\":1810,\"height\":2560},{\"@type\":\"BreadcrumbList\",\"@id\":\"https:\\\/\\\/www.koonings.com\\\/fr\\\/product\\\/modeca-gerlinde\\\/#breadcrumb\",\"itemListElement\":[{\"@type\":\"ListItem\",\"position\":1,\"name\":\"Home\",\"item\":\"https:\\\/\\\/www.koonings.com\\\/fr\\\/\"},{\"@type\":\"ListItem\",\"position\":2,\"name\":\"Modeca Gerlinde\"}]},{\"@type\":\"WebSite\",\"@id\":\"https:\\\/\\\/www.koonings.com\\\/fr\\\/#website\",\"url\":\"https:\\\/\\\/www.koonings.com\\\/fr\\\/\",\"name\":\"Koonings\",\"description\":\"De grootste bruidsmodewinkel ter wereld\",\"publisher\":{\"@id\":\"https:\\\/\\\/www.koonings.com\\\/fr\\\/#organization\"},\"potentialAction\":[{\"@type\":\"SearchAction\",\"target\":{\"@type\":\"EntryPoint\",\"urlTemplate\":\"https:\\\/\\\/www.koonings.com\\\/fr\\\/?s={search_term_string}\"},\"query-input\":{\"@type\":\"PropertyValueSpecification\",\"valueRequired\":true,\"valueName\":\"search_term_string\"}}],\"inLanguage\":\"fr-FR\"},{\"@type\":\"Organization\",\"@id\":\"https:\\\/\\\/www.koonings.com\\\/fr\\\/#organization\",\"name\":\"Koonings\",\"url\":\"https:\\\/\\\/www.koonings.com\\\/fr\\\/\",\"logo\":{\"@type\":\"ImageObject\",\"inLanguage\":\"fr-FR\",\"@id\":\"https:\\\/\\\/www.koonings.com\\\/fr\\\/#\\\/schema\\\/logo\\\/image\\\/\",\"url\":\"https:\\\/\\\/www.koonings.com\\\/wp-content\\\/uploads\\\/2024\\\/07\\\/logo.png\",\"contentUrl\":\"https:\\\/\\\/www.koonings.com\\\/wp-content\\\/uploads\\\/2024\\\/07\\\/logo.png\",\"width\":600,\"height\":428,\"caption\":\"Koonings\"},\"image\":{\"@id\":\"https:\\\/\\\/www.koonings.com\\\/fr\\\/#\\\/schema\\\/logo\\\/image\\\/\"},\"sameAs\":[\"https:\\\/\\\/www.facebook.com\\\/kooningstheweddingpalace\",\"https:\\\/\\\/www.instagram.com\\\/kooningstheweddingpalace\",\"https:\\\/\\\/www.pinterest.com\\\/koonings\",\"https:\\\/\\\/www.youtube.com\\\/kooningstheweddingpalace\"]}]}<\/script>\n<!-- \/ Yoast SEO plugin. -->","yoast_head_json":{"title":"Modeca Gerlinde | Koonings","description":"Gerlinde est le choix parfait pour la mari\u00e9e qui recherche \u00e0 la fois confort et beaut\u00e9 pour son grand jour. Cette robe de bal en satin \u00e0 couper le souffle pr\u00e9sente une encolure d\u00e9collet\u00e9e et un corsage drap\u00e9. Les poches ajoutent une touche pratique et \u00e9l\u00e9gante, tandis que la rang\u00e9e de boutons dans le dos ajoute un d\u00e9tail subtil mais frappant qui rehausse le charme classique de la robe. Pour les mari\u00e9es qui pr\u00e9f\u00e8rent une texture l\u00e9g\u00e8rement diff\u00e9rente, cette robe est \u00e9galement disponible en mikado sous le nom de Gerlinde-A. D\u00e9couvrez Gerlinde et toute la collection chez Koonings.","robots":{"index":"index","follow":"follow","max-snippet":"max-snippet:-1","max-image-preview":"max-image-preview:large","max-video-preview":"max-video-preview:-1"},"canonical":"https:\/\/www.koonings.com\/fr\/product\/modeca-gerlinde\/","og_locale":"fr_FR","og_type":"article","og_title":"Modeca Gerlinde | Koonings","og_description":"Gerlinde est le choix parfait pour la mari\u00e9e qui recherche \u00e0 la fois confort et beaut\u00e9 pour son grand jour. Cette robe de bal en satin \u00e0 couper le souffle pr\u00e9sente une encolure d\u00e9collet\u00e9e et un corsage drap\u00e9. Les poches ajoutent une touche pratique et \u00e9l\u00e9gante, tandis que la rang\u00e9e de boutons dans le dos ajoute un d\u00e9tail subtil mais frappant qui rehausse le charme classique de la robe. Pour les mari\u00e9es qui pr\u00e9f\u00e8rent une texture l\u00e9g\u00e8rement diff\u00e9rente, cette robe est \u00e9galement disponible en mikado sous le nom de Gerlinde-A. D\u00e9couvrez Gerlinde et toute la collection chez Koonings.","og_url":"https:\/\/www.koonings.com\/fr\/product\/modeca-gerlinde\/","og_site_name":"Koonings","article_publisher":"https:\/\/www.facebook.com\/kooningstheweddingpalace","og_image":[{"width":1810,"height":2560,"url":"https:\/\/www.koonings.com\/wp-content\/uploads\/2025\/09\/51135_e58aea78259e1e998f58de24012853619ea956bd7e68dd9186ea2c981e45e55584f932a1-scaled.jpeg","type":"image\/jpeg"}],"twitter_card":"summary_large_image","twitter_misc":{"Dur\u00e9e de lecture estim\u00e9e":"1 minute"},"schema":{"@context":"https:\/\/schema.org","@graph":[{"@type":"WebPage","@id":"https:\/\/www.koonings.com\/fr\/product\/modeca-gerlinde\/","url":"https:\/\/www.koonings.com\/fr\/product\/modeca-gerlinde\/","name":"Modeca Gerlinde | Koonings","isPartOf":{"@id":"https:\/\/www.koonings.com\/fr\/#website"},"primaryImageOfPage":{"@id":"https:\/\/www.koonings.com\/fr\/product\/modeca-gerlinde\/#primaryimage"},"image":{"@id":"https:\/\/www.koonings.com\/fr\/product\/modeca-gerlinde\/#primaryimage"},"thumbnailUrl":"https:\/\/www.koonings.com\/wp-content\/uploads\/2025\/09\/51135_e58aea78259e1e998f58de24012853619ea956bd7e68dd9186ea2c981e45e55584f932a1-scaled.jpeg","datePublished":"2026-04-14T14:38:08+00:00","description":"Gerlinde est le choix parfait pour la mari\u00e9e qui recherche \u00e0 la fois confort et beaut\u00e9 pour son grand jour. Cette robe de bal en satin \u00e0 couper le souffle pr\u00e9sente une encolure d\u00e9collet\u00e9e et un corsage drap\u00e9. Les poches ajoutent une touche pratique et \u00e9l\u00e9gante, tandis que la rang\u00e9e de boutons dans le dos ajoute un d\u00e9tail subtil mais frappant qui rehausse le charme classique de la robe. Pour les mari\u00e9es qui pr\u00e9f\u00e8rent une texture l\u00e9g\u00e8rement diff\u00e9rente, cette robe est \u00e9galement disponible en mikado sous le nom de Gerlinde-A. D\u00e9couvrez Gerlinde et toute la collection chez Koonings.","breadcrumb":{"@id":"https:\/\/www.koonings.com\/fr\/product\/modeca-gerlinde\/#breadcrumb"},"inLanguage":"fr-FR","potentialAction":[{"@type":"ReadAction","target":["https:\/\/www.koonings.com\/fr\/product\/modeca-gerlinde\/"]}]},{"@type":"ImageObject","inLanguage":"fr-FR","@id":"https:\/\/www.koonings.com\/fr\/product\/modeca-gerlinde\/#primaryimage","url":"https:\/\/www.koonings.com\/wp-content\/uploads\/2025\/09\/51135_e58aea78259e1e998f58de24012853619ea956bd7e68dd9186ea2c981e45e55584f932a1-scaled.jpeg","contentUrl":"https:\/\/www.koonings.com\/wp-content\/uploads\/2025\/09\/51135_e58aea78259e1e998f58de24012853619ea956bd7e68dd9186ea2c981e45e55584f932a1-scaled.jpeg","width":1810,"height":2560},{"@type":"BreadcrumbList","@id":"https:\/\/www.koonings.com\/fr\/product\/modeca-gerlinde\/#breadcrumb","itemListElement":[{"@type":"ListItem","position":1,"name":"Home","item":"https:\/\/www.koonings.com\/fr\/"},{"@type":"ListItem","position":2,"name":"Modeca Gerlinde"}]},{"@type":"WebSite","@id":"https:\/\/www.koonings.com\/fr\/#website","url":"https:\/\/www.koonings.com\/fr\/","name":"Koonings","description":"De grootste bruidsmodewinkel ter wereld","publisher":{"@id":"https:\/\/www.koonings.com\/fr\/#organization"},"potentialAction":[{"@type":"SearchAction","target":{"@type":"EntryPoint","urlTemplate":"https:\/\/www.koonings.com\/fr\/?s={search_term_string}"},"query-input":{"@type":"PropertyValueSpecification","valueRequired":true,"valueName":"search_term_string"}}],"inLanguage":"fr-FR"},{"@type":"Organization","@id":"https:\/\/www.koonings.com\/fr\/#organization","name":"Koonings","url":"https:\/\/www.koonings.com\/fr\/","logo":{"@type":"ImageObject","inLanguage":"fr-FR","@id":"https:\/\/www.koonings.com\/fr\/#\/schema\/logo\/image\/","url":"https:\/\/www.koonings.com\/wp-content\/uploads\/2024\/07\/logo.png","contentUrl":"https:\/\/www.koonings.com\/wp-content\/uploads\/2024\/07\/logo.png","width":600,"height":428,"caption":"Koonings"},"image":{"@id":"https:\/\/www.koonings.com\/fr\/#\/schema\/logo\/image\/"},"sameAs":["https:\/\/www.facebook.com\/kooningstheweddingpalace","https:\/\/www.instagram.com\/kooningstheweddingpalace","https:\/\/www.pinterest.com\/koonings","https:\/\/www.youtube.com\/kooningstheweddingpalace"]}]}},"_links":{"self":[{"href":"https:\/\/www.koonings.com\/fr\/wp-json\/wp\/v2\/product\/108437","targetHints":{"allow":["GET"]}}],"collection":[{"href":"https:\/\/www.koonings.com\/fr\/wp-json\/wp\/v2\/product"}],"about":[{"href":"https:\/\/www.koonings.com\/fr\/wp-json\/wp\/v2\/types\/product"}],"wp:featuredmedia":[{"embeddable":true,"href":"https:\/\/www.koonings.com\/fr\/wp-json\/wp\/v2\/media\/95604"}],"wp:attachment":[{"href":"https:\/\/www.koonings.com\/fr\/wp-json\/wp\/v2\/media?parent=108437"}],"wp:term":[{"taxonomy":"productdetails","embeddable":true,"href":"https:\/\/www.koonings.com\/fr\/wp-json\/wp\/v2\/productdetails?post=108437"},{"taxonomy":"productneck","embeddable":true,"href":"https:\/\/www.koonings.com\/fr\/wp-json\/wp\/v2\/productneck?post=108437"},{"taxonomy":"productcolor","embeddable":true,"href":"https:\/\/www.koonings.com\/fr\/wp-json\/wp\/v2\/productcolor?post=108437"},{"taxonomy":"maat","embeddable":true,"href":"https:\/\/www.koonings.com\/fr\/wp-json\/wp\/v2\/maat?post=108437"},{"taxonomy":"productsupplier","embeddable":true,"href":"https:\/\/www.koonings.com\/fr\/wp-json\/wp\/v2\/productsupplier?post=108437"},{"taxonomy":"productsleeve","embeddable":true,"href":"https:\/\/www.koonings.com\/fr\/wp-json\/wp\/v2\/productsleeve?post=108437"},{"taxonomy":"productcategory","embeddable":true,"href":"https:\/\/www.koonings.com\/fr\/wp-json\/wp\/v2\/productcategory?post=108437"},{"taxonomy":"productsilhouette","embeddable":true,"href":"https:\/\/www.koonings.com\/fr\/wp-json\/wp\/v2\/productsilhouette?post=108437"},{"taxonomy":"productstyle","embeddable":true,"href":"https:\/\/www.koonings.com\/fr\/wp-json\/wp\/v2\/productstyle?post=108437"}],"curies":[{"name":"wp","href":"https:\/\/api.w.org\/{rel}","templated":true}]}}