{"id":108432,"date":"2026-04-14T16:38:07","date_gmt":"2026-04-14T14:38:07","guid":{"rendered":"https:\/\/www.koonings.com\/product\/modeca-geralyn\/"},"modified":"2026-04-14T15:39:36","modified_gmt":"2026-04-14T13:39:36","slug":"modeca-geralyn","status":"publish","type":"product","link":"https:\/\/www.koonings.com\/fr\/product\/modeca-geralyn\/","title":{"rendered":"Modeca Geralyn"},"content":{"rendered":"<p>Geralyn est une robe qui incarne le romantisme sans effort, avec tous les d\u00e9tails qu&#8217;une mari\u00e9e pourrait souhaiter. Cette robe bustier en ligne A pr\u00e9sente un d\u00e9collet\u00e9 en c\u0153ur qui compl\u00e8te magnifiquement le corsage drap\u00e9 pour une coupe flatteuse. Des appliques de dentelle ornent subtilement le corsage et se fondent \u00e9l\u00e9gamment dans la jupe de tulle \u00e9tincelante, ajoutant un \u00e9clat \u00e9th\u00e9r\u00e9 \u00e0 votre look de mari\u00e9e. D\u00e9couvrez Geralyn et la collection compl\u00e8te chez Koonings.   <\/p>\n","protected":false},"featured_media":95542,"template":"","meta":{"_acf_changed":false,"ghostkit_customizer_options":"","ghostkit_custom_css":"","ghostkit_custom_js_head":"","ghostkit_custom_js_foot":"","ghostkit_typography":""},"productdetails":[376,381],"productneck":[354,355],"productcolor":[393,392],"maat":[],"productsupplier":[434],"productsleeve":[],"productcategory":[18],"productsilhouette":[384],"productstyle":[366],"class_list":["post-108432","product","type-product","status-publish","has-post-thumbnail","hentry","productdetails-376","productdetails-381","productneck-354","productneck-355","productcolor-393","productcolor-392","productsupplier-modeca","productcategory-trouwjurken","productsilhouette-384","productstyle-366"],"acf":[],"yoast_head":"<!-- This site is optimized with the Yoast SEO plugin v27.3 - https:\/\/yoast.com\/product\/yoast-seo-wordpress\/ -->\n<title>Modeca Geralyn | Koonings<\/title>\n<meta name=\"description\" content=\"Geralyn est une robe qui incarne le romantisme sans effort, avec tous les d\u00e9tails qu&#039;une mari\u00e9e pourrait souhaiter. Cette robe bustier en ligne A pr\u00e9sente un d\u00e9collet\u00e9 en c\u0153ur qui compl\u00e8te magnifiquement le corsage drap\u00e9 pour une coupe flatteuse. Des appliques de dentelle ornent subtilement le corsage et se fondent \u00e9l\u00e9gamment dans la jupe de tulle \u00e9tincelante, ajoutant un \u00e9clat \u00e9th\u00e9r\u00e9 \u00e0 votre look de mari\u00e9e. D\u00e9couvrez Geralyn et la collection compl\u00e8te chez Koonings.\" \/>\n<meta name=\"robots\" content=\"index, follow, max-snippet:-1, max-image-preview:large, max-video-preview:-1\" \/>\n<link rel=\"canonical\" href=\"https:\/\/www.koonings.com\/fr\/product\/modeca-geralyn\/\" \/>\n<meta property=\"og:locale\" content=\"fr_FR\" \/>\n<meta property=\"og:type\" content=\"article\" \/>\n<meta property=\"og:title\" content=\"Modeca Geralyn | Koonings\" \/>\n<meta property=\"og:description\" content=\"Geralyn est une robe qui incarne le romantisme sans effort, avec tous les d\u00e9tails qu&#039;une mari\u00e9e pourrait souhaiter. Cette robe bustier en ligne A pr\u00e9sente un d\u00e9collet\u00e9 en c\u0153ur qui compl\u00e8te magnifiquement le corsage drap\u00e9 pour une coupe flatteuse. Des appliques de dentelle ornent subtilement le corsage et se fondent \u00e9l\u00e9gamment dans la jupe de tulle \u00e9tincelante, ajoutant un \u00e9clat \u00e9th\u00e9r\u00e9 \u00e0 votre look de mari\u00e9e. D\u00e9couvrez Geralyn et la collection compl\u00e8te chez Koonings.\" \/>\n<meta property=\"og:url\" content=\"https:\/\/www.koonings.com\/fr\/product\/modeca-geralyn\/\" \/>\n<meta property=\"og:site_name\" content=\"Koonings\" \/>\n<meta property=\"article:publisher\" content=\"https:\/\/www.facebook.com\/kooningstheweddingpalace\" \/>\n<meta property=\"og:image\" content=\"https:\/\/www.koonings.com\/wp-content\/uploads\/2025\/09\/51133_5fb4c893d1c240b205a8a417b11a85e8de4846d013e04c64b4c206c5bb4041081982a8f2.jpeg\" \/>\n\t<meta property=\"og:image:width\" content=\"1648\" \/>\n\t<meta property=\"og:image:height\" content=\"2328\" \/>\n\t<meta property=\"og:image:type\" content=\"image\/jpeg\" \/>\n<meta name=\"twitter:card\" content=\"summary_large_image\" \/>\n<script type=\"application\/ld+json\" class=\"yoast-schema-graph\">{\"@context\":\"https:\\\/\\\/schema.org\",\"@graph\":[{\"@type\":\"WebPage\",\"@id\":\"https:\\\/\\\/www.koonings.com\\\/fr\\\/product\\\/modeca-geralyn\\\/\",\"url\":\"https:\\\/\\\/www.koonings.com\\\/fr\\\/product\\\/modeca-geralyn\\\/\",\"name\":\"Modeca Geralyn | Koonings\",\"isPartOf\":{\"@id\":\"https:\\\/\\\/www.koonings.com\\\/fr\\\/#website\"},\"primaryImageOfPage\":{\"@id\":\"https:\\\/\\\/www.koonings.com\\\/fr\\\/product\\\/modeca-geralyn\\\/#primaryimage\"},\"image\":{\"@id\":\"https:\\\/\\\/www.koonings.com\\\/fr\\\/product\\\/modeca-geralyn\\\/#primaryimage\"},\"thumbnailUrl\":\"https:\\\/\\\/www.koonings.com\\\/wp-content\\\/uploads\\\/2025\\\/09\\\/51133_5fb4c893d1c240b205a8a417b11a85e8de4846d013e04c64b4c206c5bb4041081982a8f2.jpeg\",\"datePublished\":\"2026-04-14T14:38:07+00:00\",\"description\":\"Geralyn est une robe qui incarne le romantisme sans effort, avec tous les d\u00e9tails qu'une mari\u00e9e pourrait souhaiter. Cette robe bustier en ligne A pr\u00e9sente un d\u00e9collet\u00e9 en c\u0153ur qui compl\u00e8te magnifiquement le corsage drap\u00e9 pour une coupe flatteuse. Des appliques de dentelle ornent subtilement le corsage et se fondent \u00e9l\u00e9gamment dans la jupe de tulle \u00e9tincelante, ajoutant un \u00e9clat \u00e9th\u00e9r\u00e9 \u00e0 votre look de mari\u00e9e. D\u00e9couvrez Geralyn et la collection compl\u00e8te chez Koonings.\",\"breadcrumb\":{\"@id\":\"https:\\\/\\\/www.koonings.com\\\/fr\\\/product\\\/modeca-geralyn\\\/#breadcrumb\"},\"inLanguage\":\"fr-FR\",\"potentialAction\":[{\"@type\":\"ReadAction\",\"target\":[\"https:\\\/\\\/www.koonings.com\\\/fr\\\/product\\\/modeca-geralyn\\\/\"]}]},{\"@type\":\"ImageObject\",\"inLanguage\":\"fr-FR\",\"@id\":\"https:\\\/\\\/www.koonings.com\\\/fr\\\/product\\\/modeca-geralyn\\\/#primaryimage\",\"url\":\"https:\\\/\\\/www.koonings.com\\\/wp-content\\\/uploads\\\/2025\\\/09\\\/51133_5fb4c893d1c240b205a8a417b11a85e8de4846d013e04c64b4c206c5bb4041081982a8f2.jpeg\",\"contentUrl\":\"https:\\\/\\\/www.koonings.com\\\/wp-content\\\/uploads\\\/2025\\\/09\\\/51133_5fb4c893d1c240b205a8a417b11a85e8de4846d013e04c64b4c206c5bb4041081982a8f2.jpeg\",\"width\":1648,\"height\":2328},{\"@type\":\"BreadcrumbList\",\"@id\":\"https:\\\/\\\/www.koonings.com\\\/fr\\\/product\\\/modeca-geralyn\\\/#breadcrumb\",\"itemListElement\":[{\"@type\":\"ListItem\",\"position\":1,\"name\":\"Home\",\"item\":\"https:\\\/\\\/www.koonings.com\\\/fr\\\/\"},{\"@type\":\"ListItem\",\"position\":2,\"name\":\"Modeca Geralyn\"}]},{\"@type\":\"WebSite\",\"@id\":\"https:\\\/\\\/www.koonings.com\\\/fr\\\/#website\",\"url\":\"https:\\\/\\\/www.koonings.com\\\/fr\\\/\",\"name\":\"Koonings\",\"description\":\"De grootste bruidsmodewinkel ter wereld\",\"publisher\":{\"@id\":\"https:\\\/\\\/www.koonings.com\\\/fr\\\/#organization\"},\"potentialAction\":[{\"@type\":\"SearchAction\",\"target\":{\"@type\":\"EntryPoint\",\"urlTemplate\":\"https:\\\/\\\/www.koonings.com\\\/fr\\\/?s={search_term_string}\"},\"query-input\":{\"@type\":\"PropertyValueSpecification\",\"valueRequired\":true,\"valueName\":\"search_term_string\"}}],\"inLanguage\":\"fr-FR\"},{\"@type\":\"Organization\",\"@id\":\"https:\\\/\\\/www.koonings.com\\\/fr\\\/#organization\",\"name\":\"Koonings\",\"url\":\"https:\\\/\\\/www.koonings.com\\\/fr\\\/\",\"logo\":{\"@type\":\"ImageObject\",\"inLanguage\":\"fr-FR\",\"@id\":\"https:\\\/\\\/www.koonings.com\\\/fr\\\/#\\\/schema\\\/logo\\\/image\\\/\",\"url\":\"https:\\\/\\\/www.koonings.com\\\/wp-content\\\/uploads\\\/2024\\\/07\\\/logo.png\",\"contentUrl\":\"https:\\\/\\\/www.koonings.com\\\/wp-content\\\/uploads\\\/2024\\\/07\\\/logo.png\",\"width\":600,\"height\":428,\"caption\":\"Koonings\"},\"image\":{\"@id\":\"https:\\\/\\\/www.koonings.com\\\/fr\\\/#\\\/schema\\\/logo\\\/image\\\/\"},\"sameAs\":[\"https:\\\/\\\/www.facebook.com\\\/kooningstheweddingpalace\",\"https:\\\/\\\/www.instagram.com\\\/kooningstheweddingpalace\",\"https:\\\/\\\/www.pinterest.com\\\/koonings\",\"https:\\\/\\\/www.youtube.com\\\/kooningstheweddingpalace\"]}]}<\/script>\n<!-- \/ Yoast SEO plugin. -->","yoast_head_json":{"title":"Modeca Geralyn | Koonings","description":"Geralyn est une robe qui incarne le romantisme sans effort, avec tous les d\u00e9tails qu'une mari\u00e9e pourrait souhaiter. Cette robe bustier en ligne A pr\u00e9sente un d\u00e9collet\u00e9 en c\u0153ur qui compl\u00e8te magnifiquement le corsage drap\u00e9 pour une coupe flatteuse. Des appliques de dentelle ornent subtilement le corsage et se fondent \u00e9l\u00e9gamment dans la jupe de tulle \u00e9tincelante, ajoutant un \u00e9clat \u00e9th\u00e9r\u00e9 \u00e0 votre look de mari\u00e9e. D\u00e9couvrez Geralyn et la collection compl\u00e8te chez Koonings.","robots":{"index":"index","follow":"follow","max-snippet":"max-snippet:-1","max-image-preview":"max-image-preview:large","max-video-preview":"max-video-preview:-1"},"canonical":"https:\/\/www.koonings.com\/fr\/product\/modeca-geralyn\/","og_locale":"fr_FR","og_type":"article","og_title":"Modeca Geralyn | Koonings","og_description":"Geralyn est une robe qui incarne le romantisme sans effort, avec tous les d\u00e9tails qu'une mari\u00e9e pourrait souhaiter. Cette robe bustier en ligne A pr\u00e9sente un d\u00e9collet\u00e9 en c\u0153ur qui compl\u00e8te magnifiquement le corsage drap\u00e9 pour une coupe flatteuse. Des appliques de dentelle ornent subtilement le corsage et se fondent \u00e9l\u00e9gamment dans la jupe de tulle \u00e9tincelante, ajoutant un \u00e9clat \u00e9th\u00e9r\u00e9 \u00e0 votre look de mari\u00e9e. D\u00e9couvrez Geralyn et la collection compl\u00e8te chez Koonings.","og_url":"https:\/\/www.koonings.com\/fr\/product\/modeca-geralyn\/","og_site_name":"Koonings","article_publisher":"https:\/\/www.facebook.com\/kooningstheweddingpalace","og_image":[{"width":1648,"height":2328,"url":"https:\/\/www.koonings.com\/wp-content\/uploads\/2025\/09\/51133_5fb4c893d1c240b205a8a417b11a85e8de4846d013e04c64b4c206c5bb4041081982a8f2.jpeg","type":"image\/jpeg"}],"twitter_card":"summary_large_image","schema":{"@context":"https:\/\/schema.org","@graph":[{"@type":"WebPage","@id":"https:\/\/www.koonings.com\/fr\/product\/modeca-geralyn\/","url":"https:\/\/www.koonings.com\/fr\/product\/modeca-geralyn\/","name":"Modeca Geralyn | Koonings","isPartOf":{"@id":"https:\/\/www.koonings.com\/fr\/#website"},"primaryImageOfPage":{"@id":"https:\/\/www.koonings.com\/fr\/product\/modeca-geralyn\/#primaryimage"},"image":{"@id":"https:\/\/www.koonings.com\/fr\/product\/modeca-geralyn\/#primaryimage"},"thumbnailUrl":"https:\/\/www.koonings.com\/wp-content\/uploads\/2025\/09\/51133_5fb4c893d1c240b205a8a417b11a85e8de4846d013e04c64b4c206c5bb4041081982a8f2.jpeg","datePublished":"2026-04-14T14:38:07+00:00","description":"Geralyn est une robe qui incarne le romantisme sans effort, avec tous les d\u00e9tails qu'une mari\u00e9e pourrait souhaiter. Cette robe bustier en ligne A pr\u00e9sente un d\u00e9collet\u00e9 en c\u0153ur qui compl\u00e8te magnifiquement le corsage drap\u00e9 pour une coupe flatteuse. Des appliques de dentelle ornent subtilement le corsage et se fondent \u00e9l\u00e9gamment dans la jupe de tulle \u00e9tincelante, ajoutant un \u00e9clat \u00e9th\u00e9r\u00e9 \u00e0 votre look de mari\u00e9e. D\u00e9couvrez Geralyn et la collection compl\u00e8te chez Koonings.","breadcrumb":{"@id":"https:\/\/www.koonings.com\/fr\/product\/modeca-geralyn\/#breadcrumb"},"inLanguage":"fr-FR","potentialAction":[{"@type":"ReadAction","target":["https:\/\/www.koonings.com\/fr\/product\/modeca-geralyn\/"]}]},{"@type":"ImageObject","inLanguage":"fr-FR","@id":"https:\/\/www.koonings.com\/fr\/product\/modeca-geralyn\/#primaryimage","url":"https:\/\/www.koonings.com\/wp-content\/uploads\/2025\/09\/51133_5fb4c893d1c240b205a8a417b11a85e8de4846d013e04c64b4c206c5bb4041081982a8f2.jpeg","contentUrl":"https:\/\/www.koonings.com\/wp-content\/uploads\/2025\/09\/51133_5fb4c893d1c240b205a8a417b11a85e8de4846d013e04c64b4c206c5bb4041081982a8f2.jpeg","width":1648,"height":2328},{"@type":"BreadcrumbList","@id":"https:\/\/www.koonings.com\/fr\/product\/modeca-geralyn\/#breadcrumb","itemListElement":[{"@type":"ListItem","position":1,"name":"Home","item":"https:\/\/www.koonings.com\/fr\/"},{"@type":"ListItem","position":2,"name":"Modeca Geralyn"}]},{"@type":"WebSite","@id":"https:\/\/www.koonings.com\/fr\/#website","url":"https:\/\/www.koonings.com\/fr\/","name":"Koonings","description":"De grootste bruidsmodewinkel ter wereld","publisher":{"@id":"https:\/\/www.koonings.com\/fr\/#organization"},"potentialAction":[{"@type":"SearchAction","target":{"@type":"EntryPoint","urlTemplate":"https:\/\/www.koonings.com\/fr\/?s={search_term_string}"},"query-input":{"@type":"PropertyValueSpecification","valueRequired":true,"valueName":"search_term_string"}}],"inLanguage":"fr-FR"},{"@type":"Organization","@id":"https:\/\/www.koonings.com\/fr\/#organization","name":"Koonings","url":"https:\/\/www.koonings.com\/fr\/","logo":{"@type":"ImageObject","inLanguage":"fr-FR","@id":"https:\/\/www.koonings.com\/fr\/#\/schema\/logo\/image\/","url":"https:\/\/www.koonings.com\/wp-content\/uploads\/2024\/07\/logo.png","contentUrl":"https:\/\/www.koonings.com\/wp-content\/uploads\/2024\/07\/logo.png","width":600,"height":428,"caption":"Koonings"},"image":{"@id":"https:\/\/www.koonings.com\/fr\/#\/schema\/logo\/image\/"},"sameAs":["https:\/\/www.facebook.com\/kooningstheweddingpalace","https:\/\/www.instagram.com\/kooningstheweddingpalace","https:\/\/www.pinterest.com\/koonings","https:\/\/www.youtube.com\/kooningstheweddingpalace"]}]}},"_links":{"self":[{"href":"https:\/\/www.koonings.com\/fr\/wp-json\/wp\/v2\/product\/108432","targetHints":{"allow":["GET"]}}],"collection":[{"href":"https:\/\/www.koonings.com\/fr\/wp-json\/wp\/v2\/product"}],"about":[{"href":"https:\/\/www.koonings.com\/fr\/wp-json\/wp\/v2\/types\/product"}],"wp:featuredmedia":[{"embeddable":true,"href":"https:\/\/www.koonings.com\/fr\/wp-json\/wp\/v2\/media\/95542"}],"wp:attachment":[{"href":"https:\/\/www.koonings.com\/fr\/wp-json\/wp\/v2\/media?parent=108432"}],"wp:term":[{"taxonomy":"productdetails","embeddable":true,"href":"https:\/\/www.koonings.com\/fr\/wp-json\/wp\/v2\/productdetails?post=108432"},{"taxonomy":"productneck","embeddable":true,"href":"https:\/\/www.koonings.com\/fr\/wp-json\/wp\/v2\/productneck?post=108432"},{"taxonomy":"productcolor","embeddable":true,"href":"https:\/\/www.koonings.com\/fr\/wp-json\/wp\/v2\/productcolor?post=108432"},{"taxonomy":"maat","embeddable":true,"href":"https:\/\/www.koonings.com\/fr\/wp-json\/wp\/v2\/maat?post=108432"},{"taxonomy":"productsupplier","embeddable":true,"href":"https:\/\/www.koonings.com\/fr\/wp-json\/wp\/v2\/productsupplier?post=108432"},{"taxonomy":"productsleeve","embeddable":true,"href":"https:\/\/www.koonings.com\/fr\/wp-json\/wp\/v2\/productsleeve?post=108432"},{"taxonomy":"productcategory","embeddable":true,"href":"https:\/\/www.koonings.com\/fr\/wp-json\/wp\/v2\/productcategory?post=108432"},{"taxonomy":"productsilhouette","embeddable":true,"href":"https:\/\/www.koonings.com\/fr\/wp-json\/wp\/v2\/productsilhouette?post=108432"},{"taxonomy":"productstyle","embeddable":true,"href":"https:\/\/www.koonings.com\/fr\/wp-json\/wp\/v2\/productstyle?post=108432"}],"curies":[{"name":"wp","href":"https:\/\/api.w.org\/{rel}","templated":true}]}}