{"id":108424,"date":"2026-04-14T16:38:04","date_gmt":"2026-04-14T14:38:04","guid":{"rendered":"https:\/\/www.koonings.com\/product\/modeca-geegee\/"},"modified":"2026-04-14T15:36:56","modified_gmt":"2026-04-14T13:36:56","slug":"modeca-geegee","status":"publish","type":"product","link":"https:\/\/www.koonings.com\/fr\/product\/modeca-geegee\/","title":{"rendered":"Modeca Geegee"},"content":{"rendered":"<p>Cette robe Mikado \u00e0 la coupe ajust\u00e9e et \u00e9vas\u00e9e ne manquera pas d&#8217;attirer l&#8217;attention gr\u00e2ce \u00e0 son design \u00e9poustouflant. Le d\u00e9collet\u00e9 en V souligne l&#8217;\u00e9l\u00e9gance de la silhouette, tandis que les motifs de dentelle sophistiqu\u00e9s sur le corsage ajoutent une touche de romantisme et de sophistication. Le dos en forme de trou de serrure ajoute une touche subtile et s\u00e9duisante. La surjupe amovible permet de cr\u00e9er deux looks en un : un style dramatique et volumineux pour la c\u00e9r\u00e9monie et un look \u00e9l\u00e9gant et raffin\u00e9 pour la f\u00eate. Pour un style plus simple, la robe est \u00e9galement disponible sans jupe, sous le nom de Geegee-D.<br \/>\nInspirez-vous de cette robe et de bien d&#8217;autres, disponibles exclusivement chez Koonings.    <\/p>\n","protected":false},"featured_media":95409,"template":"","meta":{"_acf_changed":false,"ghostkit_customizer_options":"","ghostkit_custom_css":"","ghostkit_custom_js_head":"","ghostkit_custom_js_foot":"","ghostkit_typography":""},"productdetails":[376,378],"productneck":[356],"productcolor":[393,392],"maat":[],"productsupplier":[434],"productsleeve":[359],"productcategory":[18],"productsilhouette":[389],"productstyle":[369,370],"class_list":["post-108424","product","type-product","status-publish","has-post-thumbnail","hentry","productdetails-376","productdetails-378","productneck-356","productcolor-393","productcolor-392","productsupplier-modeca","productsleeve-359","productcategory-trouwjurken","productsilhouette-389","productstyle-369","productstyle-370"],"acf":[],"yoast_head":"<!-- This site is optimized with the Yoast SEO plugin v27.3 - https:\/\/yoast.com\/product\/yoast-seo-wordpress\/ -->\n<title>Modeca Geegee | Koonings<\/title>\n<meta name=\"description\" content=\"Cette robe Mikado \u00e0 la coupe ajust\u00e9e et \u00e9vas\u00e9e ne manquera pas d&#039;attirer l&#039;attention gr\u00e2ce \u00e0 son design \u00e9poustouflant. Le d\u00e9collet\u00e9 en V souligne l&#039;\u00e9l\u00e9gance de la silhouette, tandis que les motifs de dentelle sophistiqu\u00e9s sur le corsage ajoutent une touche de romantisme et de sophistication. Le dos en forme de trou de serrure ajoute une touche subtile et s\u00e9duisante. La surjupe amovible permet de cr\u00e9er deux looks en un : un style dramatique et volumineux pour la c\u00e9r\u00e9monie et un look \u00e9l\u00e9gant et raffin\u00e9 pour la f\u00eate. Pour un style plus simple, la robe est \u00e9galement disponible sans jupe, sous le nom de Geegee-D. Inspirez-vous de cette robe et de bien d&#039;autres, disponibles exclusivement chez Koonings.\" \/>\n<meta name=\"robots\" content=\"index, follow, max-snippet:-1, max-image-preview:large, max-video-preview:-1\" \/>\n<link rel=\"canonical\" href=\"https:\/\/www.koonings.com\/fr\/product\/modeca-geegee\/\" \/>\n<meta property=\"og:locale\" content=\"fr_FR\" \/>\n<meta property=\"og:type\" content=\"article\" \/>\n<meta property=\"og:title\" content=\"Modeca Geegee | Koonings\" \/>\n<meta property=\"og:description\" content=\"Cette robe Mikado \u00e0 la coupe ajust\u00e9e et \u00e9vas\u00e9e ne manquera pas d&#039;attirer l&#039;attention gr\u00e2ce \u00e0 son design \u00e9poustouflant. Le d\u00e9collet\u00e9 en V souligne l&#039;\u00e9l\u00e9gance de la silhouette, tandis que les motifs de dentelle sophistiqu\u00e9s sur le corsage ajoutent une touche de romantisme et de sophistication. Le dos en forme de trou de serrure ajoute une touche subtile et s\u00e9duisante. La surjupe amovible permet de cr\u00e9er deux looks en un : un style dramatique et volumineux pour la c\u00e9r\u00e9monie et un look \u00e9l\u00e9gant et raffin\u00e9 pour la f\u00eate. Pour un style plus simple, la robe est \u00e9galement disponible sans jupe, sous le nom de Geegee-D. Inspirez-vous de cette robe et de bien d&#039;autres, disponibles exclusivement chez Koonings.\" \/>\n<meta property=\"og:url\" content=\"https:\/\/www.koonings.com\/fr\/product\/modeca-geegee\/\" \/>\n<meta property=\"og:site_name\" content=\"Koonings\" \/>\n<meta property=\"article:publisher\" content=\"https:\/\/www.facebook.com\/kooningstheweddingpalace\" \/>\n<meta property=\"og:image\" content=\"https:\/\/www.koonings.com\/wp-content\/uploads\/2025\/09\/51128_964d5ca0fcc5be1e4071d3e17cd3b10c03850cd9b0a48d0dcd15ecb456afd2ac0f33aa16.jpeg\" \/>\n\t<meta property=\"og:image:width\" content=\"1475\" \/>\n\t<meta property=\"og:image:height\" content=\"2082\" \/>\n\t<meta property=\"og:image:type\" content=\"image\/jpeg\" \/>\n<meta name=\"twitter:card\" content=\"summary_large_image\" \/>\n<meta name=\"twitter:label1\" content=\"Dur\u00e9e de lecture estim\u00e9e\" \/>\n\t<meta name=\"twitter:data1\" content=\"1 minute\" \/>\n<script type=\"application\/ld+json\" class=\"yoast-schema-graph\">{\"@context\":\"https:\\\/\\\/schema.org\",\"@graph\":[{\"@type\":\"WebPage\",\"@id\":\"https:\\\/\\\/www.koonings.com\\\/fr\\\/product\\\/modeca-geegee\\\/\",\"url\":\"https:\\\/\\\/www.koonings.com\\\/fr\\\/product\\\/modeca-geegee\\\/\",\"name\":\"Modeca Geegee | Koonings\",\"isPartOf\":{\"@id\":\"https:\\\/\\\/www.koonings.com\\\/fr\\\/#website\"},\"primaryImageOfPage\":{\"@id\":\"https:\\\/\\\/www.koonings.com\\\/fr\\\/product\\\/modeca-geegee\\\/#primaryimage\"},\"image\":{\"@id\":\"https:\\\/\\\/www.koonings.com\\\/fr\\\/product\\\/modeca-geegee\\\/#primaryimage\"},\"thumbnailUrl\":\"https:\\\/\\\/www.koonings.com\\\/wp-content\\\/uploads\\\/2025\\\/09\\\/51128_964d5ca0fcc5be1e4071d3e17cd3b10c03850cd9b0a48d0dcd15ecb456afd2ac0f33aa16.jpeg\",\"datePublished\":\"2026-04-14T14:38:04+00:00\",\"description\":\"Cette robe Mikado \u00e0 la coupe ajust\u00e9e et \u00e9vas\u00e9e ne manquera pas d'attirer l'attention gr\u00e2ce \u00e0 son design \u00e9poustouflant. Le d\u00e9collet\u00e9 en V souligne l'\u00e9l\u00e9gance de la silhouette, tandis que les motifs de dentelle sophistiqu\u00e9s sur le corsage ajoutent une touche de romantisme et de sophistication. Le dos en forme de trou de serrure ajoute une touche subtile et s\u00e9duisante. La surjupe amovible permet de cr\u00e9er deux looks en un : un style dramatique et volumineux pour la c\u00e9r\u00e9monie et un look \u00e9l\u00e9gant et raffin\u00e9 pour la f\u00eate. Pour un style plus simple, la robe est \u00e9galement disponible sans jupe, sous le nom de Geegee-D. Inspirez-vous de cette robe et de bien d'autres, disponibles exclusivement chez Koonings.\",\"breadcrumb\":{\"@id\":\"https:\\\/\\\/www.koonings.com\\\/fr\\\/product\\\/modeca-geegee\\\/#breadcrumb\"},\"inLanguage\":\"fr-FR\",\"potentialAction\":[{\"@type\":\"ReadAction\",\"target\":[\"https:\\\/\\\/www.koonings.com\\\/fr\\\/product\\\/modeca-geegee\\\/\"]}]},{\"@type\":\"ImageObject\",\"inLanguage\":\"fr-FR\",\"@id\":\"https:\\\/\\\/www.koonings.com\\\/fr\\\/product\\\/modeca-geegee\\\/#primaryimage\",\"url\":\"https:\\\/\\\/www.koonings.com\\\/wp-content\\\/uploads\\\/2025\\\/09\\\/51128_964d5ca0fcc5be1e4071d3e17cd3b10c03850cd9b0a48d0dcd15ecb456afd2ac0f33aa16.jpeg\",\"contentUrl\":\"https:\\\/\\\/www.koonings.com\\\/wp-content\\\/uploads\\\/2025\\\/09\\\/51128_964d5ca0fcc5be1e4071d3e17cd3b10c03850cd9b0a48d0dcd15ecb456afd2ac0f33aa16.jpeg\",\"width\":1475,\"height\":2082},{\"@type\":\"BreadcrumbList\",\"@id\":\"https:\\\/\\\/www.koonings.com\\\/fr\\\/product\\\/modeca-geegee\\\/#breadcrumb\",\"itemListElement\":[{\"@type\":\"ListItem\",\"position\":1,\"name\":\"Home\",\"item\":\"https:\\\/\\\/www.koonings.com\\\/fr\\\/\"},{\"@type\":\"ListItem\",\"position\":2,\"name\":\"Modeca Geegee\"}]},{\"@type\":\"WebSite\",\"@id\":\"https:\\\/\\\/www.koonings.com\\\/fr\\\/#website\",\"url\":\"https:\\\/\\\/www.koonings.com\\\/fr\\\/\",\"name\":\"Koonings\",\"description\":\"De grootste bruidsmodewinkel ter wereld\",\"publisher\":{\"@id\":\"https:\\\/\\\/www.koonings.com\\\/fr\\\/#organization\"},\"potentialAction\":[{\"@type\":\"SearchAction\",\"target\":{\"@type\":\"EntryPoint\",\"urlTemplate\":\"https:\\\/\\\/www.koonings.com\\\/fr\\\/?s={search_term_string}\"},\"query-input\":{\"@type\":\"PropertyValueSpecification\",\"valueRequired\":true,\"valueName\":\"search_term_string\"}}],\"inLanguage\":\"fr-FR\"},{\"@type\":\"Organization\",\"@id\":\"https:\\\/\\\/www.koonings.com\\\/fr\\\/#organization\",\"name\":\"Koonings\",\"url\":\"https:\\\/\\\/www.koonings.com\\\/fr\\\/\",\"logo\":{\"@type\":\"ImageObject\",\"inLanguage\":\"fr-FR\",\"@id\":\"https:\\\/\\\/www.koonings.com\\\/fr\\\/#\\\/schema\\\/logo\\\/image\\\/\",\"url\":\"https:\\\/\\\/www.koonings.com\\\/wp-content\\\/uploads\\\/2024\\\/07\\\/logo.png\",\"contentUrl\":\"https:\\\/\\\/www.koonings.com\\\/wp-content\\\/uploads\\\/2024\\\/07\\\/logo.png\",\"width\":600,\"height\":428,\"caption\":\"Koonings\"},\"image\":{\"@id\":\"https:\\\/\\\/www.koonings.com\\\/fr\\\/#\\\/schema\\\/logo\\\/image\\\/\"},\"sameAs\":[\"https:\\\/\\\/www.facebook.com\\\/kooningstheweddingpalace\",\"https:\\\/\\\/www.instagram.com\\\/kooningstheweddingpalace\",\"https:\\\/\\\/www.pinterest.com\\\/koonings\",\"https:\\\/\\\/www.youtube.com\\\/kooningstheweddingpalace\"]}]}<\/script>\n<!-- \/ Yoast SEO plugin. -->","yoast_head_json":{"title":"Modeca Geegee | Koonings","description":"Cette robe Mikado \u00e0 la coupe ajust\u00e9e et \u00e9vas\u00e9e ne manquera pas d'attirer l'attention gr\u00e2ce \u00e0 son design \u00e9poustouflant. Le d\u00e9collet\u00e9 en V souligne l'\u00e9l\u00e9gance de la silhouette, tandis que les motifs de dentelle sophistiqu\u00e9s sur le corsage ajoutent une touche de romantisme et de sophistication. Le dos en forme de trou de serrure ajoute une touche subtile et s\u00e9duisante. La surjupe amovible permet de cr\u00e9er deux looks en un : un style dramatique et volumineux pour la c\u00e9r\u00e9monie et un look \u00e9l\u00e9gant et raffin\u00e9 pour la f\u00eate. Pour un style plus simple, la robe est \u00e9galement disponible sans jupe, sous le nom de Geegee-D. Inspirez-vous de cette robe et de bien d'autres, disponibles exclusivement chez Koonings.","robots":{"index":"index","follow":"follow","max-snippet":"max-snippet:-1","max-image-preview":"max-image-preview:large","max-video-preview":"max-video-preview:-1"},"canonical":"https:\/\/www.koonings.com\/fr\/product\/modeca-geegee\/","og_locale":"fr_FR","og_type":"article","og_title":"Modeca Geegee | Koonings","og_description":"Cette robe Mikado \u00e0 la coupe ajust\u00e9e et \u00e9vas\u00e9e ne manquera pas d'attirer l'attention gr\u00e2ce \u00e0 son design \u00e9poustouflant. Le d\u00e9collet\u00e9 en V souligne l'\u00e9l\u00e9gance de la silhouette, tandis que les motifs de dentelle sophistiqu\u00e9s sur le corsage ajoutent une touche de romantisme et de sophistication. Le dos en forme de trou de serrure ajoute une touche subtile et s\u00e9duisante. La surjupe amovible permet de cr\u00e9er deux looks en un : un style dramatique et volumineux pour la c\u00e9r\u00e9monie et un look \u00e9l\u00e9gant et raffin\u00e9 pour la f\u00eate. Pour un style plus simple, la robe est \u00e9galement disponible sans jupe, sous le nom de Geegee-D. Inspirez-vous de cette robe et de bien d'autres, disponibles exclusivement chez Koonings.","og_url":"https:\/\/www.koonings.com\/fr\/product\/modeca-geegee\/","og_site_name":"Koonings","article_publisher":"https:\/\/www.facebook.com\/kooningstheweddingpalace","og_image":[{"width":1475,"height":2082,"url":"https:\/\/www.koonings.com\/wp-content\/uploads\/2025\/09\/51128_964d5ca0fcc5be1e4071d3e17cd3b10c03850cd9b0a48d0dcd15ecb456afd2ac0f33aa16.jpeg","type":"image\/jpeg"}],"twitter_card":"summary_large_image","twitter_misc":{"Dur\u00e9e de lecture estim\u00e9e":"1 minute"},"schema":{"@context":"https:\/\/schema.org","@graph":[{"@type":"WebPage","@id":"https:\/\/www.koonings.com\/fr\/product\/modeca-geegee\/","url":"https:\/\/www.koonings.com\/fr\/product\/modeca-geegee\/","name":"Modeca Geegee | Koonings","isPartOf":{"@id":"https:\/\/www.koonings.com\/fr\/#website"},"primaryImageOfPage":{"@id":"https:\/\/www.koonings.com\/fr\/product\/modeca-geegee\/#primaryimage"},"image":{"@id":"https:\/\/www.koonings.com\/fr\/product\/modeca-geegee\/#primaryimage"},"thumbnailUrl":"https:\/\/www.koonings.com\/wp-content\/uploads\/2025\/09\/51128_964d5ca0fcc5be1e4071d3e17cd3b10c03850cd9b0a48d0dcd15ecb456afd2ac0f33aa16.jpeg","datePublished":"2026-04-14T14:38:04+00:00","description":"Cette robe Mikado \u00e0 la coupe ajust\u00e9e et \u00e9vas\u00e9e ne manquera pas d'attirer l'attention gr\u00e2ce \u00e0 son design \u00e9poustouflant. Le d\u00e9collet\u00e9 en V souligne l'\u00e9l\u00e9gance de la silhouette, tandis que les motifs de dentelle sophistiqu\u00e9s sur le corsage ajoutent une touche de romantisme et de sophistication. Le dos en forme de trou de serrure ajoute une touche subtile et s\u00e9duisante. La surjupe amovible permet de cr\u00e9er deux looks en un : un style dramatique et volumineux pour la c\u00e9r\u00e9monie et un look \u00e9l\u00e9gant et raffin\u00e9 pour la f\u00eate. Pour un style plus simple, la robe est \u00e9galement disponible sans jupe, sous le nom de Geegee-D. Inspirez-vous de cette robe et de bien d'autres, disponibles exclusivement chez Koonings.","breadcrumb":{"@id":"https:\/\/www.koonings.com\/fr\/product\/modeca-geegee\/#breadcrumb"},"inLanguage":"fr-FR","potentialAction":[{"@type":"ReadAction","target":["https:\/\/www.koonings.com\/fr\/product\/modeca-geegee\/"]}]},{"@type":"ImageObject","inLanguage":"fr-FR","@id":"https:\/\/www.koonings.com\/fr\/product\/modeca-geegee\/#primaryimage","url":"https:\/\/www.koonings.com\/wp-content\/uploads\/2025\/09\/51128_964d5ca0fcc5be1e4071d3e17cd3b10c03850cd9b0a48d0dcd15ecb456afd2ac0f33aa16.jpeg","contentUrl":"https:\/\/www.koonings.com\/wp-content\/uploads\/2025\/09\/51128_964d5ca0fcc5be1e4071d3e17cd3b10c03850cd9b0a48d0dcd15ecb456afd2ac0f33aa16.jpeg","width":1475,"height":2082},{"@type":"BreadcrumbList","@id":"https:\/\/www.koonings.com\/fr\/product\/modeca-geegee\/#breadcrumb","itemListElement":[{"@type":"ListItem","position":1,"name":"Home","item":"https:\/\/www.koonings.com\/fr\/"},{"@type":"ListItem","position":2,"name":"Modeca Geegee"}]},{"@type":"WebSite","@id":"https:\/\/www.koonings.com\/fr\/#website","url":"https:\/\/www.koonings.com\/fr\/","name":"Koonings","description":"De grootste bruidsmodewinkel ter wereld","publisher":{"@id":"https:\/\/www.koonings.com\/fr\/#organization"},"potentialAction":[{"@type":"SearchAction","target":{"@type":"EntryPoint","urlTemplate":"https:\/\/www.koonings.com\/fr\/?s={search_term_string}"},"query-input":{"@type":"PropertyValueSpecification","valueRequired":true,"valueName":"search_term_string"}}],"inLanguage":"fr-FR"},{"@type":"Organization","@id":"https:\/\/www.koonings.com\/fr\/#organization","name":"Koonings","url":"https:\/\/www.koonings.com\/fr\/","logo":{"@type":"ImageObject","inLanguage":"fr-FR","@id":"https:\/\/www.koonings.com\/fr\/#\/schema\/logo\/image\/","url":"https:\/\/www.koonings.com\/wp-content\/uploads\/2024\/07\/logo.png","contentUrl":"https:\/\/www.koonings.com\/wp-content\/uploads\/2024\/07\/logo.png","width":600,"height":428,"caption":"Koonings"},"image":{"@id":"https:\/\/www.koonings.com\/fr\/#\/schema\/logo\/image\/"},"sameAs":["https:\/\/www.facebook.com\/kooningstheweddingpalace","https:\/\/www.instagram.com\/kooningstheweddingpalace","https:\/\/www.pinterest.com\/koonings","https:\/\/www.youtube.com\/kooningstheweddingpalace"]}]}},"_links":{"self":[{"href":"https:\/\/www.koonings.com\/fr\/wp-json\/wp\/v2\/product\/108424","targetHints":{"allow":["GET"]}}],"collection":[{"href":"https:\/\/www.koonings.com\/fr\/wp-json\/wp\/v2\/product"}],"about":[{"href":"https:\/\/www.koonings.com\/fr\/wp-json\/wp\/v2\/types\/product"}],"wp:featuredmedia":[{"embeddable":true,"href":"https:\/\/www.koonings.com\/fr\/wp-json\/wp\/v2\/media\/95409"}],"wp:attachment":[{"href":"https:\/\/www.koonings.com\/fr\/wp-json\/wp\/v2\/media?parent=108424"}],"wp:term":[{"taxonomy":"productdetails","embeddable":true,"href":"https:\/\/www.koonings.com\/fr\/wp-json\/wp\/v2\/productdetails?post=108424"},{"taxonomy":"productneck","embeddable":true,"href":"https:\/\/www.koonings.com\/fr\/wp-json\/wp\/v2\/productneck?post=108424"},{"taxonomy":"productcolor","embeddable":true,"href":"https:\/\/www.koonings.com\/fr\/wp-json\/wp\/v2\/productcolor?post=108424"},{"taxonomy":"maat","embeddable":true,"href":"https:\/\/www.koonings.com\/fr\/wp-json\/wp\/v2\/maat?post=108424"},{"taxonomy":"productsupplier","embeddable":true,"href":"https:\/\/www.koonings.com\/fr\/wp-json\/wp\/v2\/productsupplier?post=108424"},{"taxonomy":"productsleeve","embeddable":true,"href":"https:\/\/www.koonings.com\/fr\/wp-json\/wp\/v2\/productsleeve?post=108424"},{"taxonomy":"productcategory","embeddable":true,"href":"https:\/\/www.koonings.com\/fr\/wp-json\/wp\/v2\/productcategory?post=108424"},{"taxonomy":"productsilhouette","embeddable":true,"href":"https:\/\/www.koonings.com\/fr\/wp-json\/wp\/v2\/productsilhouette?post=108424"},{"taxonomy":"productstyle","embeddable":true,"href":"https:\/\/www.koonings.com\/fr\/wp-json\/wp\/v2\/productstyle?post=108424"}],"curies":[{"name":"wp","href":"https:\/\/api.w.org\/{rel}","templated":true}]}}