{"id":108421,"date":"2026-04-14T16:36:56","date_gmt":"2026-04-14T14:36:56","guid":{"rendered":"https:\/\/www.koonings.com\/product\/modeca-curves-jewel\/"},"modified":"2026-04-14T15:39:09","modified_gmt":"2026-04-14T13:39:09","slug":"modeca-curves-jewel","status":"publish","type":"product","link":"https:\/\/www.koonings.com\/fr\/product\/modeca-curves-jewel\/","title":{"rendered":"Modeca Curves Jewel"},"content":{"rendered":"<p>Jewel &#8211; une robe A-line \u00e0 couper le souffle qui met merveilleusement en valeur vos courbes. La jupe en tulle \u00e9tincelante avec une fente audacieuse ajoute une touche de glamour moderne. Le d\u00e9collet\u00e9 en V et le corsage en dentelle perl\u00e9e exsudent l&#8217;\u00e9l\u00e9gance et la sophistication, tandis que les manches volantes amovibles vous donnent deux looks en un &#8211; romantique et \u00e9th\u00e9r\u00e9, ou \u00e9l\u00e9gant et frappant avec la variante Jewel-D.<br \/>\nD\u00e9couvrez Jewel et toute la collection Modeca Curves chez Koonings.  <\/p>\n","protected":false},"featured_media":96295,"template":"","meta":{"_acf_changed":false,"ghostkit_customizer_options":"","ghostkit_custom_css":"","ghostkit_custom_js_head":"","ghostkit_custom_js_foot":"","ghostkit_typography":""},"productdetails":[378,381],"productneck":[356],"productcolor":[393,392],"maat":[375],"productsupplier":[439],"productsleeve":[357,361],"productcategory":[18],"productsilhouette":[384],"productstyle":[366,370],"class_list":["post-108421","product","type-product","status-publish","has-post-thumbnail","hentry","productdetails-378","productdetails-381","productneck-356","productcolor-393","productcolor-392","maat-375","productsupplier-modeca-curves","productsleeve-357","productsleeve-361","productcategory-trouwjurken","productsilhouette-384","productstyle-366","productstyle-370"],"acf":[],"yoast_head":"<!-- This site is optimized with the Yoast SEO plugin v27.3 - https:\/\/yoast.com\/product\/yoast-seo-wordpress\/ -->\n<title>Modeca Curves Jewel | Koonings<\/title>\n<meta name=\"description\" content=\"Jewel - une robe A-line \u00e0 couper le souffle qui met merveilleusement en valeur vos courbes. La jupe en tulle \u00e9tincelante avec une fente audacieuse ajoute une touche de glamour moderne. Le d\u00e9collet\u00e9 en V et le corsage en dentelle perl\u00e9e exsudent l&#039;\u00e9l\u00e9gance et la sophistication, tandis que les manches volantes amovibles vous donnent deux looks en un - romantique et \u00e9th\u00e9r\u00e9, ou \u00e9l\u00e9gant et frappant avec la variante Jewel-D. D\u00e9couvrez Jewel et toute la collection Modeca Curves chez Koonings.\" \/>\n<meta name=\"robots\" content=\"index, follow, max-snippet:-1, max-image-preview:large, max-video-preview:-1\" \/>\n<link rel=\"canonical\" href=\"https:\/\/www.koonings.com\/fr\/product\/modeca-curves-jewel\/\" \/>\n<meta property=\"og:locale\" content=\"fr_FR\" \/>\n<meta property=\"og:type\" content=\"article\" \/>\n<meta property=\"og:title\" content=\"Modeca Curves Jewel | Koonings\" \/>\n<meta property=\"og:description\" content=\"Jewel - une robe A-line \u00e0 couper le souffle qui met merveilleusement en valeur vos courbes. La jupe en tulle \u00e9tincelante avec une fente audacieuse ajoute une touche de glamour moderne. Le d\u00e9collet\u00e9 en V et le corsage en dentelle perl\u00e9e exsudent l&#039;\u00e9l\u00e9gance et la sophistication, tandis que les manches volantes amovibles vous donnent deux looks en un - romantique et \u00e9th\u00e9r\u00e9, ou \u00e9l\u00e9gant et frappant avec la variante Jewel-D. D\u00e9couvrez Jewel et toute la collection Modeca Curves chez Koonings.\" \/>\n<meta property=\"og:url\" content=\"https:\/\/www.koonings.com\/fr\/product\/modeca-curves-jewel\/\" \/>\n<meta property=\"og:site_name\" content=\"Koonings\" \/>\n<meta property=\"article:publisher\" content=\"https:\/\/www.facebook.com\/kooningstheweddingpalace\" \/>\n<meta property=\"og:image\" content=\"https:\/\/www.koonings.com\/wp-content\/uploads\/2025\/09\/51116_56a1e9f16b3fb88a8b83c18398d7a06166d1bc830e565f453bc0f450e04a8c6849f0fc17.jpeg\" \/>\n\t<meta property=\"og:image:width\" content=\"833\" \/>\n\t<meta property=\"og:image:height\" content=\"1174\" \/>\n\t<meta property=\"og:image:type\" content=\"image\/jpeg\" \/>\n<meta name=\"twitter:card\" content=\"summary_large_image\" \/>\n<script type=\"application\/ld+json\" class=\"yoast-schema-graph\">{\"@context\":\"https:\\\/\\\/schema.org\",\"@graph\":[{\"@type\":\"WebPage\",\"@id\":\"https:\\\/\\\/www.koonings.com\\\/fr\\\/product\\\/modeca-curves-jewel\\\/\",\"url\":\"https:\\\/\\\/www.koonings.com\\\/fr\\\/product\\\/modeca-curves-jewel\\\/\",\"name\":\"Modeca Curves Jewel | Koonings\",\"isPartOf\":{\"@id\":\"https:\\\/\\\/www.koonings.com\\\/fr\\\/#website\"},\"primaryImageOfPage\":{\"@id\":\"https:\\\/\\\/www.koonings.com\\\/fr\\\/product\\\/modeca-curves-jewel\\\/#primaryimage\"},\"image\":{\"@id\":\"https:\\\/\\\/www.koonings.com\\\/fr\\\/product\\\/modeca-curves-jewel\\\/#primaryimage\"},\"thumbnailUrl\":\"https:\\\/\\\/www.koonings.com\\\/wp-content\\\/uploads\\\/2025\\\/09\\\/51116_56a1e9f16b3fb88a8b83c18398d7a06166d1bc830e565f453bc0f450e04a8c6849f0fc17.jpeg\",\"datePublished\":\"2026-04-14T14:36:56+00:00\",\"description\":\"Jewel - une robe A-line \u00e0 couper le souffle qui met merveilleusement en valeur vos courbes. La jupe en tulle \u00e9tincelante avec une fente audacieuse ajoute une touche de glamour moderne. Le d\u00e9collet\u00e9 en V et le corsage en dentelle perl\u00e9e exsudent l'\u00e9l\u00e9gance et la sophistication, tandis que les manches volantes amovibles vous donnent deux looks en un - romantique et \u00e9th\u00e9r\u00e9, ou \u00e9l\u00e9gant et frappant avec la variante Jewel-D. D\u00e9couvrez Jewel et toute la collection Modeca Curves chez Koonings.\",\"breadcrumb\":{\"@id\":\"https:\\\/\\\/www.koonings.com\\\/fr\\\/product\\\/modeca-curves-jewel\\\/#breadcrumb\"},\"inLanguage\":\"fr-FR\",\"potentialAction\":[{\"@type\":\"ReadAction\",\"target\":[\"https:\\\/\\\/www.koonings.com\\\/fr\\\/product\\\/modeca-curves-jewel\\\/\"]}]},{\"@type\":\"ImageObject\",\"inLanguage\":\"fr-FR\",\"@id\":\"https:\\\/\\\/www.koonings.com\\\/fr\\\/product\\\/modeca-curves-jewel\\\/#primaryimage\",\"url\":\"https:\\\/\\\/www.koonings.com\\\/wp-content\\\/uploads\\\/2025\\\/09\\\/51116_56a1e9f16b3fb88a8b83c18398d7a06166d1bc830e565f453bc0f450e04a8c6849f0fc17.jpeg\",\"contentUrl\":\"https:\\\/\\\/www.koonings.com\\\/wp-content\\\/uploads\\\/2025\\\/09\\\/51116_56a1e9f16b3fb88a8b83c18398d7a06166d1bc830e565f453bc0f450e04a8c6849f0fc17.jpeg\",\"width\":833,\"height\":1174},{\"@type\":\"BreadcrumbList\",\"@id\":\"https:\\\/\\\/www.koonings.com\\\/fr\\\/product\\\/modeca-curves-jewel\\\/#breadcrumb\",\"itemListElement\":[{\"@type\":\"ListItem\",\"position\":1,\"name\":\"Home\",\"item\":\"https:\\\/\\\/www.koonings.com\\\/fr\\\/\"},{\"@type\":\"ListItem\",\"position\":2,\"name\":\"Modeca Curves Jewel\"}]},{\"@type\":\"WebSite\",\"@id\":\"https:\\\/\\\/www.koonings.com\\\/fr\\\/#website\",\"url\":\"https:\\\/\\\/www.koonings.com\\\/fr\\\/\",\"name\":\"Koonings\",\"description\":\"De grootste bruidsmodewinkel ter wereld\",\"publisher\":{\"@id\":\"https:\\\/\\\/www.koonings.com\\\/fr\\\/#organization\"},\"potentialAction\":[{\"@type\":\"SearchAction\",\"target\":{\"@type\":\"EntryPoint\",\"urlTemplate\":\"https:\\\/\\\/www.koonings.com\\\/fr\\\/?s={search_term_string}\"},\"query-input\":{\"@type\":\"PropertyValueSpecification\",\"valueRequired\":true,\"valueName\":\"search_term_string\"}}],\"inLanguage\":\"fr-FR\"},{\"@type\":\"Organization\",\"@id\":\"https:\\\/\\\/www.koonings.com\\\/fr\\\/#organization\",\"name\":\"Koonings\",\"url\":\"https:\\\/\\\/www.koonings.com\\\/fr\\\/\",\"logo\":{\"@type\":\"ImageObject\",\"inLanguage\":\"fr-FR\",\"@id\":\"https:\\\/\\\/www.koonings.com\\\/fr\\\/#\\\/schema\\\/logo\\\/image\\\/\",\"url\":\"https:\\\/\\\/www.koonings.com\\\/wp-content\\\/uploads\\\/2024\\\/07\\\/logo.png\",\"contentUrl\":\"https:\\\/\\\/www.koonings.com\\\/wp-content\\\/uploads\\\/2024\\\/07\\\/logo.png\",\"width\":600,\"height\":428,\"caption\":\"Koonings\"},\"image\":{\"@id\":\"https:\\\/\\\/www.koonings.com\\\/fr\\\/#\\\/schema\\\/logo\\\/image\\\/\"},\"sameAs\":[\"https:\\\/\\\/www.facebook.com\\\/kooningstheweddingpalace\",\"https:\\\/\\\/www.instagram.com\\\/kooningstheweddingpalace\",\"https:\\\/\\\/www.pinterest.com\\\/koonings\",\"https:\\\/\\\/www.youtube.com\\\/kooningstheweddingpalace\"]}]}<\/script>\n<!-- \/ Yoast SEO plugin. -->","yoast_head_json":{"title":"Modeca Curves Jewel | Koonings","description":"Jewel - une robe A-line \u00e0 couper le souffle qui met merveilleusement en valeur vos courbes. La jupe en tulle \u00e9tincelante avec une fente audacieuse ajoute une touche de glamour moderne. Le d\u00e9collet\u00e9 en V et le corsage en dentelle perl\u00e9e exsudent l'\u00e9l\u00e9gance et la sophistication, tandis que les manches volantes amovibles vous donnent deux looks en un - romantique et \u00e9th\u00e9r\u00e9, ou \u00e9l\u00e9gant et frappant avec la variante Jewel-D. D\u00e9couvrez Jewel et toute la collection Modeca Curves chez Koonings.","robots":{"index":"index","follow":"follow","max-snippet":"max-snippet:-1","max-image-preview":"max-image-preview:large","max-video-preview":"max-video-preview:-1"},"canonical":"https:\/\/www.koonings.com\/fr\/product\/modeca-curves-jewel\/","og_locale":"fr_FR","og_type":"article","og_title":"Modeca Curves Jewel | Koonings","og_description":"Jewel - une robe A-line \u00e0 couper le souffle qui met merveilleusement en valeur vos courbes. La jupe en tulle \u00e9tincelante avec une fente audacieuse ajoute une touche de glamour moderne. Le d\u00e9collet\u00e9 en V et le corsage en dentelle perl\u00e9e exsudent l'\u00e9l\u00e9gance et la sophistication, tandis que les manches volantes amovibles vous donnent deux looks en un - romantique et \u00e9th\u00e9r\u00e9, ou \u00e9l\u00e9gant et frappant avec la variante Jewel-D. D\u00e9couvrez Jewel et toute la collection Modeca Curves chez Koonings.","og_url":"https:\/\/www.koonings.com\/fr\/product\/modeca-curves-jewel\/","og_site_name":"Koonings","article_publisher":"https:\/\/www.facebook.com\/kooningstheweddingpalace","og_image":[{"width":833,"height":1174,"url":"https:\/\/www.koonings.com\/wp-content\/uploads\/2025\/09\/51116_56a1e9f16b3fb88a8b83c18398d7a06166d1bc830e565f453bc0f450e04a8c6849f0fc17.jpeg","type":"image\/jpeg"}],"twitter_card":"summary_large_image","schema":{"@context":"https:\/\/schema.org","@graph":[{"@type":"WebPage","@id":"https:\/\/www.koonings.com\/fr\/product\/modeca-curves-jewel\/","url":"https:\/\/www.koonings.com\/fr\/product\/modeca-curves-jewel\/","name":"Modeca Curves Jewel | Koonings","isPartOf":{"@id":"https:\/\/www.koonings.com\/fr\/#website"},"primaryImageOfPage":{"@id":"https:\/\/www.koonings.com\/fr\/product\/modeca-curves-jewel\/#primaryimage"},"image":{"@id":"https:\/\/www.koonings.com\/fr\/product\/modeca-curves-jewel\/#primaryimage"},"thumbnailUrl":"https:\/\/www.koonings.com\/wp-content\/uploads\/2025\/09\/51116_56a1e9f16b3fb88a8b83c18398d7a06166d1bc830e565f453bc0f450e04a8c6849f0fc17.jpeg","datePublished":"2026-04-14T14:36:56+00:00","description":"Jewel - une robe A-line \u00e0 couper le souffle qui met merveilleusement en valeur vos courbes. La jupe en tulle \u00e9tincelante avec une fente audacieuse ajoute une touche de glamour moderne. Le d\u00e9collet\u00e9 en V et le corsage en dentelle perl\u00e9e exsudent l'\u00e9l\u00e9gance et la sophistication, tandis que les manches volantes amovibles vous donnent deux looks en un - romantique et \u00e9th\u00e9r\u00e9, ou \u00e9l\u00e9gant et frappant avec la variante Jewel-D. D\u00e9couvrez Jewel et toute la collection Modeca Curves chez Koonings.","breadcrumb":{"@id":"https:\/\/www.koonings.com\/fr\/product\/modeca-curves-jewel\/#breadcrumb"},"inLanguage":"fr-FR","potentialAction":[{"@type":"ReadAction","target":["https:\/\/www.koonings.com\/fr\/product\/modeca-curves-jewel\/"]}]},{"@type":"ImageObject","inLanguage":"fr-FR","@id":"https:\/\/www.koonings.com\/fr\/product\/modeca-curves-jewel\/#primaryimage","url":"https:\/\/www.koonings.com\/wp-content\/uploads\/2025\/09\/51116_56a1e9f16b3fb88a8b83c18398d7a06166d1bc830e565f453bc0f450e04a8c6849f0fc17.jpeg","contentUrl":"https:\/\/www.koonings.com\/wp-content\/uploads\/2025\/09\/51116_56a1e9f16b3fb88a8b83c18398d7a06166d1bc830e565f453bc0f450e04a8c6849f0fc17.jpeg","width":833,"height":1174},{"@type":"BreadcrumbList","@id":"https:\/\/www.koonings.com\/fr\/product\/modeca-curves-jewel\/#breadcrumb","itemListElement":[{"@type":"ListItem","position":1,"name":"Home","item":"https:\/\/www.koonings.com\/fr\/"},{"@type":"ListItem","position":2,"name":"Modeca Curves Jewel"}]},{"@type":"WebSite","@id":"https:\/\/www.koonings.com\/fr\/#website","url":"https:\/\/www.koonings.com\/fr\/","name":"Koonings","description":"De grootste bruidsmodewinkel ter wereld","publisher":{"@id":"https:\/\/www.koonings.com\/fr\/#organization"},"potentialAction":[{"@type":"SearchAction","target":{"@type":"EntryPoint","urlTemplate":"https:\/\/www.koonings.com\/fr\/?s={search_term_string}"},"query-input":{"@type":"PropertyValueSpecification","valueRequired":true,"valueName":"search_term_string"}}],"inLanguage":"fr-FR"},{"@type":"Organization","@id":"https:\/\/www.koonings.com\/fr\/#organization","name":"Koonings","url":"https:\/\/www.koonings.com\/fr\/","logo":{"@type":"ImageObject","inLanguage":"fr-FR","@id":"https:\/\/www.koonings.com\/fr\/#\/schema\/logo\/image\/","url":"https:\/\/www.koonings.com\/wp-content\/uploads\/2024\/07\/logo.png","contentUrl":"https:\/\/www.koonings.com\/wp-content\/uploads\/2024\/07\/logo.png","width":600,"height":428,"caption":"Koonings"},"image":{"@id":"https:\/\/www.koonings.com\/fr\/#\/schema\/logo\/image\/"},"sameAs":["https:\/\/www.facebook.com\/kooningstheweddingpalace","https:\/\/www.instagram.com\/kooningstheweddingpalace","https:\/\/www.pinterest.com\/koonings","https:\/\/www.youtube.com\/kooningstheweddingpalace"]}]}},"_links":{"self":[{"href":"https:\/\/www.koonings.com\/fr\/wp-json\/wp\/v2\/product\/108421","targetHints":{"allow":["GET"]}}],"collection":[{"href":"https:\/\/www.koonings.com\/fr\/wp-json\/wp\/v2\/product"}],"about":[{"href":"https:\/\/www.koonings.com\/fr\/wp-json\/wp\/v2\/types\/product"}],"wp:featuredmedia":[{"embeddable":true,"href":"https:\/\/www.koonings.com\/fr\/wp-json\/wp\/v2\/media\/96295"}],"wp:attachment":[{"href":"https:\/\/www.koonings.com\/fr\/wp-json\/wp\/v2\/media?parent=108421"}],"wp:term":[{"taxonomy":"productdetails","embeddable":true,"href":"https:\/\/www.koonings.com\/fr\/wp-json\/wp\/v2\/productdetails?post=108421"},{"taxonomy":"productneck","embeddable":true,"href":"https:\/\/www.koonings.com\/fr\/wp-json\/wp\/v2\/productneck?post=108421"},{"taxonomy":"productcolor","embeddable":true,"href":"https:\/\/www.koonings.com\/fr\/wp-json\/wp\/v2\/productcolor?post=108421"},{"taxonomy":"maat","embeddable":true,"href":"https:\/\/www.koonings.com\/fr\/wp-json\/wp\/v2\/maat?post=108421"},{"taxonomy":"productsupplier","embeddable":true,"href":"https:\/\/www.koonings.com\/fr\/wp-json\/wp\/v2\/productsupplier?post=108421"},{"taxonomy":"productsleeve","embeddable":true,"href":"https:\/\/www.koonings.com\/fr\/wp-json\/wp\/v2\/productsleeve?post=108421"},{"taxonomy":"productcategory","embeddable":true,"href":"https:\/\/www.koonings.com\/fr\/wp-json\/wp\/v2\/productcategory?post=108421"},{"taxonomy":"productsilhouette","embeddable":true,"href":"https:\/\/www.koonings.com\/fr\/wp-json\/wp\/v2\/productsilhouette?post=108421"},{"taxonomy":"productstyle","embeddable":true,"href":"https:\/\/www.koonings.com\/fr\/wp-json\/wp\/v2\/productstyle?post=108421"}],"curies":[{"name":"wp","href":"https:\/\/api.w.org\/{rel}","templated":true}]}}