{"id":108417,"date":"2026-04-14T16:36:54","date_gmt":"2026-04-14T14:36:54","guid":{"rendered":"https:\/\/www.koonings.com\/product\/modeca-curves-janneke-d\/"},"modified":"2026-04-14T15:39:14","modified_gmt":"2026-04-14T13:39:14","slug":"modeca-curves-janneke-d","status":"publish","type":"product","link":"https:\/\/www.koonings.com\/fr\/product\/modeca-curves-janneke-d\/","title":{"rendered":"Modeca Curves Janneke-D"},"content":{"rendered":"<p>Joanna &#8211; parfaite pour les mari\u00e9es aux formes arrondies qui aiment la simplicit\u00e9 et l&#8217;impact. Cette robe de bal minimaliste du luxueux Mikado se caract\u00e9rise par des lignes \u00e9pur\u00e9es et une \u00e9l\u00e9gance assur\u00e9e. La taille basque structur\u00e9e souligne votre silhouette, tandis que les poches cach\u00e9es ajoutent une touche de modernit\u00e9. Une rang\u00e9e de boutons dans le dos apporte juste ce qu&#8217;il faut de d\u00e9tails nuptiaux classiques.<br \/>\nD\u00e9couvrez Janneke et toute la collection Modeca Curves chez Koonings.   <\/p>\n","protected":false},"featured_media":96236,"template":"","meta":{"_acf_changed":false,"ghostkit_customizer_options":"","ghostkit_custom_css":"","ghostkit_custom_js_head":"","ghostkit_custom_js_foot":"","ghostkit_typography":""},"productdetails":[],"productneck":[356],"productcolor":[392],"maat":[375],"productsupplier":[439],"productsleeve":[359],"productcategory":[18],"productsilhouette":[388],"productstyle":[365],"class_list":["post-108417","product","type-product","status-publish","has-post-thumbnail","hentry","productneck-356","productcolor-392","maat-375","productsupplier-modeca-curves","productsleeve-359","productcategory-trouwjurken","productsilhouette-388","productstyle-365"],"acf":[],"yoast_head":"<!-- This site is optimized with the Yoast SEO plugin v27.3 - https:\/\/yoast.com\/product\/yoast-seo-wordpress\/ -->\n<title>Modeca Curves Janneke-D | Koonings<\/title>\n<meta name=\"description\" content=\"Joanna - parfaite pour les mari\u00e9es aux formes arrondies qui aiment la simplicit\u00e9 et l&#039;impact. Cette robe de bal minimaliste du luxueux Mikado se caract\u00e9rise par des lignes \u00e9pur\u00e9es et une \u00e9l\u00e9gance assur\u00e9e. La taille basque structur\u00e9e souligne votre silhouette, tandis que les poches cach\u00e9es ajoutent une touche de modernit\u00e9. Une rang\u00e9e de boutons dans le dos apporte juste ce qu&#039;il faut de d\u00e9tails nuptiaux classiques. D\u00e9couvrez Janneke et toute la collection Modeca Curves chez Koonings.\" \/>\n<meta name=\"robots\" content=\"index, follow, max-snippet:-1, max-image-preview:large, max-video-preview:-1\" \/>\n<link rel=\"canonical\" href=\"https:\/\/www.koonings.com\/fr\/product\/modeca-curves-janneke-d\/\" \/>\n<meta property=\"og:locale\" content=\"fr_FR\" \/>\n<meta property=\"og:type\" content=\"article\" \/>\n<meta property=\"og:title\" content=\"Modeca Curves Janneke-D | Koonings\" \/>\n<meta property=\"og:description\" content=\"Joanna - parfaite pour les mari\u00e9es aux formes arrondies qui aiment la simplicit\u00e9 et l&#039;impact. Cette robe de bal minimaliste du luxueux Mikado se caract\u00e9rise par des lignes \u00e9pur\u00e9es et une \u00e9l\u00e9gance assur\u00e9e. La taille basque structur\u00e9e souligne votre silhouette, tandis que les poches cach\u00e9es ajoutent une touche de modernit\u00e9. Une rang\u00e9e de boutons dans le dos apporte juste ce qu&#039;il faut de d\u00e9tails nuptiaux classiques. D\u00e9couvrez Janneke et toute la collection Modeca Curves chez Koonings.\" \/>\n<meta property=\"og:url\" content=\"https:\/\/www.koonings.com\/fr\/product\/modeca-curves-janneke-d\/\" \/>\n<meta property=\"og:site_name\" content=\"Koonings\" \/>\n<meta property=\"article:publisher\" content=\"https:\/\/www.facebook.com\/kooningstheweddingpalace\" \/>\n<meta property=\"og:image\" content=\"https:\/\/www.koonings.com\/wp-content\/uploads\/2025\/09\/51112_6d1e59244afeebe3e73cd83e1e3a3b6d9650c0463a9f0a7e06a6ab268b3dc93827237b16.jpeg\" \/>\n\t<meta property=\"og:image:width\" content=\"1475\" \/>\n\t<meta property=\"og:image:height\" content=\"2083\" \/>\n\t<meta property=\"og:image:type\" content=\"image\/jpeg\" \/>\n<meta name=\"twitter:card\" content=\"summary_large_image\" \/>\n<script type=\"application\/ld+json\" class=\"yoast-schema-graph\">{\"@context\":\"https:\\\/\\\/schema.org\",\"@graph\":[{\"@type\":\"WebPage\",\"@id\":\"https:\\\/\\\/www.koonings.com\\\/fr\\\/product\\\/modeca-curves-janneke-d\\\/\",\"url\":\"https:\\\/\\\/www.koonings.com\\\/fr\\\/product\\\/modeca-curves-janneke-d\\\/\",\"name\":\"Modeca Curves Janneke-D | Koonings\",\"isPartOf\":{\"@id\":\"https:\\\/\\\/www.koonings.com\\\/fr\\\/#website\"},\"primaryImageOfPage\":{\"@id\":\"https:\\\/\\\/www.koonings.com\\\/fr\\\/product\\\/modeca-curves-janneke-d\\\/#primaryimage\"},\"image\":{\"@id\":\"https:\\\/\\\/www.koonings.com\\\/fr\\\/product\\\/modeca-curves-janneke-d\\\/#primaryimage\"},\"thumbnailUrl\":\"https:\\\/\\\/www.koonings.com\\\/wp-content\\\/uploads\\\/2025\\\/09\\\/51112_6d1e59244afeebe3e73cd83e1e3a3b6d9650c0463a9f0a7e06a6ab268b3dc93827237b16.jpeg\",\"datePublished\":\"2026-04-14T14:36:54+00:00\",\"description\":\"Joanna - parfaite pour les mari\u00e9es aux formes arrondies qui aiment la simplicit\u00e9 et l'impact. Cette robe de bal minimaliste du luxueux Mikado se caract\u00e9rise par des lignes \u00e9pur\u00e9es et une \u00e9l\u00e9gance assur\u00e9e. La taille basque structur\u00e9e souligne votre silhouette, tandis que les poches cach\u00e9es ajoutent une touche de modernit\u00e9. Une rang\u00e9e de boutons dans le dos apporte juste ce qu'il faut de d\u00e9tails nuptiaux classiques. D\u00e9couvrez Janneke et toute la collection Modeca Curves chez Koonings.\",\"breadcrumb\":{\"@id\":\"https:\\\/\\\/www.koonings.com\\\/fr\\\/product\\\/modeca-curves-janneke-d\\\/#breadcrumb\"},\"inLanguage\":\"fr-FR\",\"potentialAction\":[{\"@type\":\"ReadAction\",\"target\":[\"https:\\\/\\\/www.koonings.com\\\/fr\\\/product\\\/modeca-curves-janneke-d\\\/\"]}]},{\"@type\":\"ImageObject\",\"inLanguage\":\"fr-FR\",\"@id\":\"https:\\\/\\\/www.koonings.com\\\/fr\\\/product\\\/modeca-curves-janneke-d\\\/#primaryimage\",\"url\":\"https:\\\/\\\/www.koonings.com\\\/wp-content\\\/uploads\\\/2025\\\/09\\\/51112_6d1e59244afeebe3e73cd83e1e3a3b6d9650c0463a9f0a7e06a6ab268b3dc93827237b16.jpeg\",\"contentUrl\":\"https:\\\/\\\/www.koonings.com\\\/wp-content\\\/uploads\\\/2025\\\/09\\\/51112_6d1e59244afeebe3e73cd83e1e3a3b6d9650c0463a9f0a7e06a6ab268b3dc93827237b16.jpeg\",\"width\":1475,\"height\":2083},{\"@type\":\"BreadcrumbList\",\"@id\":\"https:\\\/\\\/www.koonings.com\\\/fr\\\/product\\\/modeca-curves-janneke-d\\\/#breadcrumb\",\"itemListElement\":[{\"@type\":\"ListItem\",\"position\":1,\"name\":\"Home\",\"item\":\"https:\\\/\\\/www.koonings.com\\\/fr\\\/\"},{\"@type\":\"ListItem\",\"position\":2,\"name\":\"Modeca Curves Janneke-D\"}]},{\"@type\":\"WebSite\",\"@id\":\"https:\\\/\\\/www.koonings.com\\\/fr\\\/#website\",\"url\":\"https:\\\/\\\/www.koonings.com\\\/fr\\\/\",\"name\":\"Koonings\",\"description\":\"De grootste bruidsmodewinkel ter wereld\",\"publisher\":{\"@id\":\"https:\\\/\\\/www.koonings.com\\\/fr\\\/#organization\"},\"potentialAction\":[{\"@type\":\"SearchAction\",\"target\":{\"@type\":\"EntryPoint\",\"urlTemplate\":\"https:\\\/\\\/www.koonings.com\\\/fr\\\/?s={search_term_string}\"},\"query-input\":{\"@type\":\"PropertyValueSpecification\",\"valueRequired\":true,\"valueName\":\"search_term_string\"}}],\"inLanguage\":\"fr-FR\"},{\"@type\":\"Organization\",\"@id\":\"https:\\\/\\\/www.koonings.com\\\/fr\\\/#organization\",\"name\":\"Koonings\",\"url\":\"https:\\\/\\\/www.koonings.com\\\/fr\\\/\",\"logo\":{\"@type\":\"ImageObject\",\"inLanguage\":\"fr-FR\",\"@id\":\"https:\\\/\\\/www.koonings.com\\\/fr\\\/#\\\/schema\\\/logo\\\/image\\\/\",\"url\":\"https:\\\/\\\/www.koonings.com\\\/wp-content\\\/uploads\\\/2024\\\/07\\\/logo.png\",\"contentUrl\":\"https:\\\/\\\/www.koonings.com\\\/wp-content\\\/uploads\\\/2024\\\/07\\\/logo.png\",\"width\":600,\"height\":428,\"caption\":\"Koonings\"},\"image\":{\"@id\":\"https:\\\/\\\/www.koonings.com\\\/fr\\\/#\\\/schema\\\/logo\\\/image\\\/\"},\"sameAs\":[\"https:\\\/\\\/www.facebook.com\\\/kooningstheweddingpalace\",\"https:\\\/\\\/www.instagram.com\\\/kooningstheweddingpalace\",\"https:\\\/\\\/www.pinterest.com\\\/koonings\",\"https:\\\/\\\/www.youtube.com\\\/kooningstheweddingpalace\"]}]}<\/script>\n<!-- \/ Yoast SEO plugin. -->","yoast_head_json":{"title":"Modeca Curves Janneke-D | Koonings","description":"Joanna - parfaite pour les mari\u00e9es aux formes arrondies qui aiment la simplicit\u00e9 et l'impact. Cette robe de bal minimaliste du luxueux Mikado se caract\u00e9rise par des lignes \u00e9pur\u00e9es et une \u00e9l\u00e9gance assur\u00e9e. La taille basque structur\u00e9e souligne votre silhouette, tandis que les poches cach\u00e9es ajoutent une touche de modernit\u00e9. Une rang\u00e9e de boutons dans le dos apporte juste ce qu'il faut de d\u00e9tails nuptiaux classiques. D\u00e9couvrez Janneke et toute la collection Modeca Curves chez Koonings.","robots":{"index":"index","follow":"follow","max-snippet":"max-snippet:-1","max-image-preview":"max-image-preview:large","max-video-preview":"max-video-preview:-1"},"canonical":"https:\/\/www.koonings.com\/fr\/product\/modeca-curves-janneke-d\/","og_locale":"fr_FR","og_type":"article","og_title":"Modeca Curves Janneke-D | Koonings","og_description":"Joanna - parfaite pour les mari\u00e9es aux formes arrondies qui aiment la simplicit\u00e9 et l'impact. Cette robe de bal minimaliste du luxueux Mikado se caract\u00e9rise par des lignes \u00e9pur\u00e9es et une \u00e9l\u00e9gance assur\u00e9e. La taille basque structur\u00e9e souligne votre silhouette, tandis que les poches cach\u00e9es ajoutent une touche de modernit\u00e9. Une rang\u00e9e de boutons dans le dos apporte juste ce qu'il faut de d\u00e9tails nuptiaux classiques. D\u00e9couvrez Janneke et toute la collection Modeca Curves chez Koonings.","og_url":"https:\/\/www.koonings.com\/fr\/product\/modeca-curves-janneke-d\/","og_site_name":"Koonings","article_publisher":"https:\/\/www.facebook.com\/kooningstheweddingpalace","og_image":[{"width":1475,"height":2083,"url":"https:\/\/www.koonings.com\/wp-content\/uploads\/2025\/09\/51112_6d1e59244afeebe3e73cd83e1e3a3b6d9650c0463a9f0a7e06a6ab268b3dc93827237b16.jpeg","type":"image\/jpeg"}],"twitter_card":"summary_large_image","schema":{"@context":"https:\/\/schema.org","@graph":[{"@type":"WebPage","@id":"https:\/\/www.koonings.com\/fr\/product\/modeca-curves-janneke-d\/","url":"https:\/\/www.koonings.com\/fr\/product\/modeca-curves-janneke-d\/","name":"Modeca Curves Janneke-D | Koonings","isPartOf":{"@id":"https:\/\/www.koonings.com\/fr\/#website"},"primaryImageOfPage":{"@id":"https:\/\/www.koonings.com\/fr\/product\/modeca-curves-janneke-d\/#primaryimage"},"image":{"@id":"https:\/\/www.koonings.com\/fr\/product\/modeca-curves-janneke-d\/#primaryimage"},"thumbnailUrl":"https:\/\/www.koonings.com\/wp-content\/uploads\/2025\/09\/51112_6d1e59244afeebe3e73cd83e1e3a3b6d9650c0463a9f0a7e06a6ab268b3dc93827237b16.jpeg","datePublished":"2026-04-14T14:36:54+00:00","description":"Joanna - parfaite pour les mari\u00e9es aux formes arrondies qui aiment la simplicit\u00e9 et l'impact. Cette robe de bal minimaliste du luxueux Mikado se caract\u00e9rise par des lignes \u00e9pur\u00e9es et une \u00e9l\u00e9gance assur\u00e9e. La taille basque structur\u00e9e souligne votre silhouette, tandis que les poches cach\u00e9es ajoutent une touche de modernit\u00e9. Une rang\u00e9e de boutons dans le dos apporte juste ce qu'il faut de d\u00e9tails nuptiaux classiques. D\u00e9couvrez Janneke et toute la collection Modeca Curves chez Koonings.","breadcrumb":{"@id":"https:\/\/www.koonings.com\/fr\/product\/modeca-curves-janneke-d\/#breadcrumb"},"inLanguage":"fr-FR","potentialAction":[{"@type":"ReadAction","target":["https:\/\/www.koonings.com\/fr\/product\/modeca-curves-janneke-d\/"]}]},{"@type":"ImageObject","inLanguage":"fr-FR","@id":"https:\/\/www.koonings.com\/fr\/product\/modeca-curves-janneke-d\/#primaryimage","url":"https:\/\/www.koonings.com\/wp-content\/uploads\/2025\/09\/51112_6d1e59244afeebe3e73cd83e1e3a3b6d9650c0463a9f0a7e06a6ab268b3dc93827237b16.jpeg","contentUrl":"https:\/\/www.koonings.com\/wp-content\/uploads\/2025\/09\/51112_6d1e59244afeebe3e73cd83e1e3a3b6d9650c0463a9f0a7e06a6ab268b3dc93827237b16.jpeg","width":1475,"height":2083},{"@type":"BreadcrumbList","@id":"https:\/\/www.koonings.com\/fr\/product\/modeca-curves-janneke-d\/#breadcrumb","itemListElement":[{"@type":"ListItem","position":1,"name":"Home","item":"https:\/\/www.koonings.com\/fr\/"},{"@type":"ListItem","position":2,"name":"Modeca Curves Janneke-D"}]},{"@type":"WebSite","@id":"https:\/\/www.koonings.com\/fr\/#website","url":"https:\/\/www.koonings.com\/fr\/","name":"Koonings","description":"De grootste bruidsmodewinkel ter wereld","publisher":{"@id":"https:\/\/www.koonings.com\/fr\/#organization"},"potentialAction":[{"@type":"SearchAction","target":{"@type":"EntryPoint","urlTemplate":"https:\/\/www.koonings.com\/fr\/?s={search_term_string}"},"query-input":{"@type":"PropertyValueSpecification","valueRequired":true,"valueName":"search_term_string"}}],"inLanguage":"fr-FR"},{"@type":"Organization","@id":"https:\/\/www.koonings.com\/fr\/#organization","name":"Koonings","url":"https:\/\/www.koonings.com\/fr\/","logo":{"@type":"ImageObject","inLanguage":"fr-FR","@id":"https:\/\/www.koonings.com\/fr\/#\/schema\/logo\/image\/","url":"https:\/\/www.koonings.com\/wp-content\/uploads\/2024\/07\/logo.png","contentUrl":"https:\/\/www.koonings.com\/wp-content\/uploads\/2024\/07\/logo.png","width":600,"height":428,"caption":"Koonings"},"image":{"@id":"https:\/\/www.koonings.com\/fr\/#\/schema\/logo\/image\/"},"sameAs":["https:\/\/www.facebook.com\/kooningstheweddingpalace","https:\/\/www.instagram.com\/kooningstheweddingpalace","https:\/\/www.pinterest.com\/koonings","https:\/\/www.youtube.com\/kooningstheweddingpalace"]}]}},"_links":{"self":[{"href":"https:\/\/www.koonings.com\/fr\/wp-json\/wp\/v2\/product\/108417","targetHints":{"allow":["GET"]}}],"collection":[{"href":"https:\/\/www.koonings.com\/fr\/wp-json\/wp\/v2\/product"}],"about":[{"href":"https:\/\/www.koonings.com\/fr\/wp-json\/wp\/v2\/types\/product"}],"wp:featuredmedia":[{"embeddable":true,"href":"https:\/\/www.koonings.com\/fr\/wp-json\/wp\/v2\/media\/96236"}],"wp:attachment":[{"href":"https:\/\/www.koonings.com\/fr\/wp-json\/wp\/v2\/media?parent=108417"}],"wp:term":[{"taxonomy":"productdetails","embeddable":true,"href":"https:\/\/www.koonings.com\/fr\/wp-json\/wp\/v2\/productdetails?post=108417"},{"taxonomy":"productneck","embeddable":true,"href":"https:\/\/www.koonings.com\/fr\/wp-json\/wp\/v2\/productneck?post=108417"},{"taxonomy":"productcolor","embeddable":true,"href":"https:\/\/www.koonings.com\/fr\/wp-json\/wp\/v2\/productcolor?post=108417"},{"taxonomy":"maat","embeddable":true,"href":"https:\/\/www.koonings.com\/fr\/wp-json\/wp\/v2\/maat?post=108417"},{"taxonomy":"productsupplier","embeddable":true,"href":"https:\/\/www.koonings.com\/fr\/wp-json\/wp\/v2\/productsupplier?post=108417"},{"taxonomy":"productsleeve","embeddable":true,"href":"https:\/\/www.koonings.com\/fr\/wp-json\/wp\/v2\/productsleeve?post=108417"},{"taxonomy":"productcategory","embeddable":true,"href":"https:\/\/www.koonings.com\/fr\/wp-json\/wp\/v2\/productcategory?post=108417"},{"taxonomy":"productsilhouette","embeddable":true,"href":"https:\/\/www.koonings.com\/fr\/wp-json\/wp\/v2\/productsilhouette?post=108417"},{"taxonomy":"productstyle","embeddable":true,"href":"https:\/\/www.koonings.com\/fr\/wp-json\/wp\/v2\/productstyle?post=108417"}],"curies":[{"name":"wp","href":"https:\/\/api.w.org\/{rel}","templated":true}]}}