{"id":108415,"date":"2026-04-14T16:38:04","date_gmt":"2026-04-14T14:38:04","guid":{"rendered":"https:\/\/www.koonings.com\/product\/modeca-gaura-d\/"},"modified":"2026-04-14T15:36:56","modified_gmt":"2026-04-14T13:36:56","slug":"modeca-gaura-d","status":"publish","type":"product","link":"https:\/\/www.koonings.com\/fr\/product\/modeca-gaura-d\/","title":{"rendered":"Modeca Gaura-D"},"content":{"rendered":"<p>Vous vous sentirez \u00e0 votre meilleur le jour J dans l&#8217;\u00e9poustouflante robe Gaura, parfait m\u00e9lange de sophistication et de romantisme. Confectionn\u00e9e en cr\u00eape luxueux, cette robe ajust\u00e9e et \u00e9vas\u00e9e pr\u00e9sente un corsage magnifiquement drap\u00e9 qui souligne \u00e9l\u00e9gamment votre silhouette. La cape amovible en tulle, orn\u00e9e de p\u00e9tales d\u00e9licats, ajoute une touche dramatique mais f\u00e9minine et cr\u00e9e un look inoubliable lors de votre passage \u00e0 l&#8217;autel. Pour un look plus \u00e9pur\u00e9, il existe la Gaura-D sans la cape, tandis que la cape est \u00e9galement disponible s\u00e9par\u00e9ment en tant que Gaura-FL, id\u00e9ale pour la mari\u00e9e qui souhaite ajouter un peu de magie \u00e0 son mariage.<br \/>\nD\u00e9couvrez cette robe et bien d&#8217;autres robes de la collection chez Koonings.   <\/p>\n","protected":false},"featured_media":95384,"template":"","meta":{"_acf_changed":false,"ghostkit_customizer_options":"","ghostkit_custom_css":"","ghostkit_custom_js_head":"","ghostkit_custom_js_foot":"","ghostkit_typography":""},"productdetails":[379,381],"productneck":[352],"productcolor":[392],"maat":[],"productsupplier":[434],"productsleeve":[359],"productcategory":[18],"productsilhouette":[389],"productstyle":[365],"class_list":["post-108415","product","type-product","status-publish","has-post-thumbnail","hentry","productdetails-379","productdetails-381","productneck-352","productcolor-392","productsupplier-modeca","productsleeve-359","productcategory-trouwjurken","productsilhouette-389","productstyle-365"],"acf":[],"yoast_head":"<!-- This site is optimized with the Yoast SEO plugin v27.3 - https:\/\/yoast.com\/product\/yoast-seo-wordpress\/ -->\n<title>Modeca Gaura-D | Koonings<\/title>\n<meta name=\"description\" content=\"Vous vous sentirez \u00e0 votre meilleur le jour J dans l&#039;\u00e9poustouflante robe Gaura, parfait m\u00e9lange de sophistication et de romantisme. Confectionn\u00e9e en cr\u00eape luxueux, cette robe ajust\u00e9e et \u00e9vas\u00e9e pr\u00e9sente un corsage magnifiquement drap\u00e9 qui souligne \u00e9l\u00e9gamment votre silhouette. La cape amovible en tulle, orn\u00e9e de p\u00e9tales d\u00e9licats, ajoute une touche dramatique mais f\u00e9minine et cr\u00e9e un look inoubliable lors de votre passage \u00e0 l&#039;autel. Pour un look plus \u00e9pur\u00e9, il existe la Gaura-D sans la cape, tandis que la cape est \u00e9galement disponible s\u00e9par\u00e9ment en tant que Gaura-FL, id\u00e9ale pour la mari\u00e9e qui souhaite ajouter un peu de magie \u00e0 son mariage. D\u00e9couvrez cette robe et bien d&#039;autres robes de la collection chez Koonings.\" \/>\n<meta name=\"robots\" content=\"index, follow, max-snippet:-1, max-image-preview:large, max-video-preview:-1\" \/>\n<link rel=\"canonical\" href=\"https:\/\/www.koonings.com\/fr\/product\/modeca-gaura-d\/\" \/>\n<meta property=\"og:locale\" content=\"fr_FR\" \/>\n<meta property=\"og:type\" content=\"article\" \/>\n<meta property=\"og:title\" content=\"Modeca Gaura-D | Koonings\" \/>\n<meta property=\"og:description\" content=\"Vous vous sentirez \u00e0 votre meilleur le jour J dans l&#039;\u00e9poustouflante robe Gaura, parfait m\u00e9lange de sophistication et de romantisme. Confectionn\u00e9e en cr\u00eape luxueux, cette robe ajust\u00e9e et \u00e9vas\u00e9e pr\u00e9sente un corsage magnifiquement drap\u00e9 qui souligne \u00e9l\u00e9gamment votre silhouette. La cape amovible en tulle, orn\u00e9e de p\u00e9tales d\u00e9licats, ajoute une touche dramatique mais f\u00e9minine et cr\u00e9e un look inoubliable lors de votre passage \u00e0 l&#039;autel. Pour un look plus \u00e9pur\u00e9, il existe la Gaura-D sans la cape, tandis que la cape est \u00e9galement disponible s\u00e9par\u00e9ment en tant que Gaura-FL, id\u00e9ale pour la mari\u00e9e qui souhaite ajouter un peu de magie \u00e0 son mariage. D\u00e9couvrez cette robe et bien d&#039;autres robes de la collection chez Koonings.\" \/>\n<meta property=\"og:url\" content=\"https:\/\/www.koonings.com\/fr\/product\/modeca-gaura-d\/\" \/>\n<meta property=\"og:site_name\" content=\"Koonings\" \/>\n<meta property=\"article:publisher\" content=\"https:\/\/www.facebook.com\/kooningstheweddingpalace\" \/>\n<meta property=\"og:image\" content=\"https:\/\/www.koonings.com\/wp-content\/uploads\/2025\/09\/51127_474658ba8f1c0684a888ee11a2eee36bb88a765a1851ad22e102cd2e7c730471fe33d64e-scaled.jpeg\" \/>\n\t<meta property=\"og:image:width\" content=\"1808\" \/>\n\t<meta property=\"og:image:height\" content=\"2560\" \/>\n\t<meta property=\"og:image:type\" content=\"image\/jpeg\" \/>\n<meta name=\"twitter:card\" content=\"summary_large_image\" \/>\n<meta name=\"twitter:label1\" content=\"Dur\u00e9e de lecture estim\u00e9e\" \/>\n\t<meta name=\"twitter:data1\" content=\"1 minute\" \/>\n<script type=\"application\/ld+json\" class=\"yoast-schema-graph\">{\"@context\":\"https:\\\/\\\/schema.org\",\"@graph\":[{\"@type\":\"WebPage\",\"@id\":\"https:\\\/\\\/www.koonings.com\\\/fr\\\/product\\\/modeca-gaura-d\\\/\",\"url\":\"https:\\\/\\\/www.koonings.com\\\/fr\\\/product\\\/modeca-gaura-d\\\/\",\"name\":\"Modeca Gaura-D | Koonings\",\"isPartOf\":{\"@id\":\"https:\\\/\\\/www.koonings.com\\\/fr\\\/#website\"},\"primaryImageOfPage\":{\"@id\":\"https:\\\/\\\/www.koonings.com\\\/fr\\\/product\\\/modeca-gaura-d\\\/#primaryimage\"},\"image\":{\"@id\":\"https:\\\/\\\/www.koonings.com\\\/fr\\\/product\\\/modeca-gaura-d\\\/#primaryimage\"},\"thumbnailUrl\":\"https:\\\/\\\/www.koonings.com\\\/wp-content\\\/uploads\\\/2025\\\/09\\\/51127_474658ba8f1c0684a888ee11a2eee36bb88a765a1851ad22e102cd2e7c730471fe33d64e-scaled.jpeg\",\"datePublished\":\"2026-04-14T14:38:04+00:00\",\"description\":\"Vous vous sentirez \u00e0 votre meilleur le jour J dans l'\u00e9poustouflante robe Gaura, parfait m\u00e9lange de sophistication et de romantisme. Confectionn\u00e9e en cr\u00eape luxueux, cette robe ajust\u00e9e et \u00e9vas\u00e9e pr\u00e9sente un corsage magnifiquement drap\u00e9 qui souligne \u00e9l\u00e9gamment votre silhouette. La cape amovible en tulle, orn\u00e9e de p\u00e9tales d\u00e9licats, ajoute une touche dramatique mais f\u00e9minine et cr\u00e9e un look inoubliable lors de votre passage \u00e0 l'autel. Pour un look plus \u00e9pur\u00e9, il existe la Gaura-D sans la cape, tandis que la cape est \u00e9galement disponible s\u00e9par\u00e9ment en tant que Gaura-FL, id\u00e9ale pour la mari\u00e9e qui souhaite ajouter un peu de magie \u00e0 son mariage. D\u00e9couvrez cette robe et bien d'autres robes de la collection chez Koonings.\",\"breadcrumb\":{\"@id\":\"https:\\\/\\\/www.koonings.com\\\/fr\\\/product\\\/modeca-gaura-d\\\/#breadcrumb\"},\"inLanguage\":\"fr-FR\",\"potentialAction\":[{\"@type\":\"ReadAction\",\"target\":[\"https:\\\/\\\/www.koonings.com\\\/fr\\\/product\\\/modeca-gaura-d\\\/\"]}]},{\"@type\":\"ImageObject\",\"inLanguage\":\"fr-FR\",\"@id\":\"https:\\\/\\\/www.koonings.com\\\/fr\\\/product\\\/modeca-gaura-d\\\/#primaryimage\",\"url\":\"https:\\\/\\\/www.koonings.com\\\/wp-content\\\/uploads\\\/2025\\\/09\\\/51127_474658ba8f1c0684a888ee11a2eee36bb88a765a1851ad22e102cd2e7c730471fe33d64e-scaled.jpeg\",\"contentUrl\":\"https:\\\/\\\/www.koonings.com\\\/wp-content\\\/uploads\\\/2025\\\/09\\\/51127_474658ba8f1c0684a888ee11a2eee36bb88a765a1851ad22e102cd2e7c730471fe33d64e-scaled.jpeg\",\"width\":1808,\"height\":2560},{\"@type\":\"BreadcrumbList\",\"@id\":\"https:\\\/\\\/www.koonings.com\\\/fr\\\/product\\\/modeca-gaura-d\\\/#breadcrumb\",\"itemListElement\":[{\"@type\":\"ListItem\",\"position\":1,\"name\":\"Home\",\"item\":\"https:\\\/\\\/www.koonings.com\\\/fr\\\/\"},{\"@type\":\"ListItem\",\"position\":2,\"name\":\"Modeca Gaura-D\"}]},{\"@type\":\"WebSite\",\"@id\":\"https:\\\/\\\/www.koonings.com\\\/fr\\\/#website\",\"url\":\"https:\\\/\\\/www.koonings.com\\\/fr\\\/\",\"name\":\"Koonings\",\"description\":\"De grootste bruidsmodewinkel ter wereld\",\"publisher\":{\"@id\":\"https:\\\/\\\/www.koonings.com\\\/fr\\\/#organization\"},\"potentialAction\":[{\"@type\":\"SearchAction\",\"target\":{\"@type\":\"EntryPoint\",\"urlTemplate\":\"https:\\\/\\\/www.koonings.com\\\/fr\\\/?s={search_term_string}\"},\"query-input\":{\"@type\":\"PropertyValueSpecification\",\"valueRequired\":true,\"valueName\":\"search_term_string\"}}],\"inLanguage\":\"fr-FR\"},{\"@type\":\"Organization\",\"@id\":\"https:\\\/\\\/www.koonings.com\\\/fr\\\/#organization\",\"name\":\"Koonings\",\"url\":\"https:\\\/\\\/www.koonings.com\\\/fr\\\/\",\"logo\":{\"@type\":\"ImageObject\",\"inLanguage\":\"fr-FR\",\"@id\":\"https:\\\/\\\/www.koonings.com\\\/fr\\\/#\\\/schema\\\/logo\\\/image\\\/\",\"url\":\"https:\\\/\\\/www.koonings.com\\\/wp-content\\\/uploads\\\/2024\\\/07\\\/logo.png\",\"contentUrl\":\"https:\\\/\\\/www.koonings.com\\\/wp-content\\\/uploads\\\/2024\\\/07\\\/logo.png\",\"width\":600,\"height\":428,\"caption\":\"Koonings\"},\"image\":{\"@id\":\"https:\\\/\\\/www.koonings.com\\\/fr\\\/#\\\/schema\\\/logo\\\/image\\\/\"},\"sameAs\":[\"https:\\\/\\\/www.facebook.com\\\/kooningstheweddingpalace\",\"https:\\\/\\\/www.instagram.com\\\/kooningstheweddingpalace\",\"https:\\\/\\\/www.pinterest.com\\\/koonings\",\"https:\\\/\\\/www.youtube.com\\\/kooningstheweddingpalace\"]}]}<\/script>\n<!-- \/ Yoast SEO plugin. -->","yoast_head_json":{"title":"Modeca Gaura-D | Koonings","description":"Vous vous sentirez \u00e0 votre meilleur le jour J dans l'\u00e9poustouflante robe Gaura, parfait m\u00e9lange de sophistication et de romantisme. Confectionn\u00e9e en cr\u00eape luxueux, cette robe ajust\u00e9e et \u00e9vas\u00e9e pr\u00e9sente un corsage magnifiquement drap\u00e9 qui souligne \u00e9l\u00e9gamment votre silhouette. La cape amovible en tulle, orn\u00e9e de p\u00e9tales d\u00e9licats, ajoute une touche dramatique mais f\u00e9minine et cr\u00e9e un look inoubliable lors de votre passage \u00e0 l'autel. Pour un look plus \u00e9pur\u00e9, il existe la Gaura-D sans la cape, tandis que la cape est \u00e9galement disponible s\u00e9par\u00e9ment en tant que Gaura-FL, id\u00e9ale pour la mari\u00e9e qui souhaite ajouter un peu de magie \u00e0 son mariage. D\u00e9couvrez cette robe et bien d'autres robes de la collection chez Koonings.","robots":{"index":"index","follow":"follow","max-snippet":"max-snippet:-1","max-image-preview":"max-image-preview:large","max-video-preview":"max-video-preview:-1"},"canonical":"https:\/\/www.koonings.com\/fr\/product\/modeca-gaura-d\/","og_locale":"fr_FR","og_type":"article","og_title":"Modeca Gaura-D | Koonings","og_description":"Vous vous sentirez \u00e0 votre meilleur le jour J dans l'\u00e9poustouflante robe Gaura, parfait m\u00e9lange de sophistication et de romantisme. Confectionn\u00e9e en cr\u00eape luxueux, cette robe ajust\u00e9e et \u00e9vas\u00e9e pr\u00e9sente un corsage magnifiquement drap\u00e9 qui souligne \u00e9l\u00e9gamment votre silhouette. La cape amovible en tulle, orn\u00e9e de p\u00e9tales d\u00e9licats, ajoute une touche dramatique mais f\u00e9minine et cr\u00e9e un look inoubliable lors de votre passage \u00e0 l'autel. Pour un look plus \u00e9pur\u00e9, il existe la Gaura-D sans la cape, tandis que la cape est \u00e9galement disponible s\u00e9par\u00e9ment en tant que Gaura-FL, id\u00e9ale pour la mari\u00e9e qui souhaite ajouter un peu de magie \u00e0 son mariage. D\u00e9couvrez cette robe et bien d'autres robes de la collection chez Koonings.","og_url":"https:\/\/www.koonings.com\/fr\/product\/modeca-gaura-d\/","og_site_name":"Koonings","article_publisher":"https:\/\/www.facebook.com\/kooningstheweddingpalace","og_image":[{"width":1808,"height":2560,"url":"https:\/\/www.koonings.com\/wp-content\/uploads\/2025\/09\/51127_474658ba8f1c0684a888ee11a2eee36bb88a765a1851ad22e102cd2e7c730471fe33d64e-scaled.jpeg","type":"image\/jpeg"}],"twitter_card":"summary_large_image","twitter_misc":{"Dur\u00e9e de lecture estim\u00e9e":"1 minute"},"schema":{"@context":"https:\/\/schema.org","@graph":[{"@type":"WebPage","@id":"https:\/\/www.koonings.com\/fr\/product\/modeca-gaura-d\/","url":"https:\/\/www.koonings.com\/fr\/product\/modeca-gaura-d\/","name":"Modeca Gaura-D | Koonings","isPartOf":{"@id":"https:\/\/www.koonings.com\/fr\/#website"},"primaryImageOfPage":{"@id":"https:\/\/www.koonings.com\/fr\/product\/modeca-gaura-d\/#primaryimage"},"image":{"@id":"https:\/\/www.koonings.com\/fr\/product\/modeca-gaura-d\/#primaryimage"},"thumbnailUrl":"https:\/\/www.koonings.com\/wp-content\/uploads\/2025\/09\/51127_474658ba8f1c0684a888ee11a2eee36bb88a765a1851ad22e102cd2e7c730471fe33d64e-scaled.jpeg","datePublished":"2026-04-14T14:38:04+00:00","description":"Vous vous sentirez \u00e0 votre meilleur le jour J dans l'\u00e9poustouflante robe Gaura, parfait m\u00e9lange de sophistication et de romantisme. Confectionn\u00e9e en cr\u00eape luxueux, cette robe ajust\u00e9e et \u00e9vas\u00e9e pr\u00e9sente un corsage magnifiquement drap\u00e9 qui souligne \u00e9l\u00e9gamment votre silhouette. La cape amovible en tulle, orn\u00e9e de p\u00e9tales d\u00e9licats, ajoute une touche dramatique mais f\u00e9minine et cr\u00e9e un look inoubliable lors de votre passage \u00e0 l'autel. Pour un look plus \u00e9pur\u00e9, il existe la Gaura-D sans la cape, tandis que la cape est \u00e9galement disponible s\u00e9par\u00e9ment en tant que Gaura-FL, id\u00e9ale pour la mari\u00e9e qui souhaite ajouter un peu de magie \u00e0 son mariage. D\u00e9couvrez cette robe et bien d'autres robes de la collection chez Koonings.","breadcrumb":{"@id":"https:\/\/www.koonings.com\/fr\/product\/modeca-gaura-d\/#breadcrumb"},"inLanguage":"fr-FR","potentialAction":[{"@type":"ReadAction","target":["https:\/\/www.koonings.com\/fr\/product\/modeca-gaura-d\/"]}]},{"@type":"ImageObject","inLanguage":"fr-FR","@id":"https:\/\/www.koonings.com\/fr\/product\/modeca-gaura-d\/#primaryimage","url":"https:\/\/www.koonings.com\/wp-content\/uploads\/2025\/09\/51127_474658ba8f1c0684a888ee11a2eee36bb88a765a1851ad22e102cd2e7c730471fe33d64e-scaled.jpeg","contentUrl":"https:\/\/www.koonings.com\/wp-content\/uploads\/2025\/09\/51127_474658ba8f1c0684a888ee11a2eee36bb88a765a1851ad22e102cd2e7c730471fe33d64e-scaled.jpeg","width":1808,"height":2560},{"@type":"BreadcrumbList","@id":"https:\/\/www.koonings.com\/fr\/product\/modeca-gaura-d\/#breadcrumb","itemListElement":[{"@type":"ListItem","position":1,"name":"Home","item":"https:\/\/www.koonings.com\/fr\/"},{"@type":"ListItem","position":2,"name":"Modeca Gaura-D"}]},{"@type":"WebSite","@id":"https:\/\/www.koonings.com\/fr\/#website","url":"https:\/\/www.koonings.com\/fr\/","name":"Koonings","description":"De grootste bruidsmodewinkel ter wereld","publisher":{"@id":"https:\/\/www.koonings.com\/fr\/#organization"},"potentialAction":[{"@type":"SearchAction","target":{"@type":"EntryPoint","urlTemplate":"https:\/\/www.koonings.com\/fr\/?s={search_term_string}"},"query-input":{"@type":"PropertyValueSpecification","valueRequired":true,"valueName":"search_term_string"}}],"inLanguage":"fr-FR"},{"@type":"Organization","@id":"https:\/\/www.koonings.com\/fr\/#organization","name":"Koonings","url":"https:\/\/www.koonings.com\/fr\/","logo":{"@type":"ImageObject","inLanguage":"fr-FR","@id":"https:\/\/www.koonings.com\/fr\/#\/schema\/logo\/image\/","url":"https:\/\/www.koonings.com\/wp-content\/uploads\/2024\/07\/logo.png","contentUrl":"https:\/\/www.koonings.com\/wp-content\/uploads\/2024\/07\/logo.png","width":600,"height":428,"caption":"Koonings"},"image":{"@id":"https:\/\/www.koonings.com\/fr\/#\/schema\/logo\/image\/"},"sameAs":["https:\/\/www.facebook.com\/kooningstheweddingpalace","https:\/\/www.instagram.com\/kooningstheweddingpalace","https:\/\/www.pinterest.com\/koonings","https:\/\/www.youtube.com\/kooningstheweddingpalace"]}]}},"_links":{"self":[{"href":"https:\/\/www.koonings.com\/fr\/wp-json\/wp\/v2\/product\/108415","targetHints":{"allow":["GET"]}}],"collection":[{"href":"https:\/\/www.koonings.com\/fr\/wp-json\/wp\/v2\/product"}],"about":[{"href":"https:\/\/www.koonings.com\/fr\/wp-json\/wp\/v2\/types\/product"}],"wp:featuredmedia":[{"embeddable":true,"href":"https:\/\/www.koonings.com\/fr\/wp-json\/wp\/v2\/media\/95384"}],"wp:attachment":[{"href":"https:\/\/www.koonings.com\/fr\/wp-json\/wp\/v2\/media?parent=108415"}],"wp:term":[{"taxonomy":"productdetails","embeddable":true,"href":"https:\/\/www.koonings.com\/fr\/wp-json\/wp\/v2\/productdetails?post=108415"},{"taxonomy":"productneck","embeddable":true,"href":"https:\/\/www.koonings.com\/fr\/wp-json\/wp\/v2\/productneck?post=108415"},{"taxonomy":"productcolor","embeddable":true,"href":"https:\/\/www.koonings.com\/fr\/wp-json\/wp\/v2\/productcolor?post=108415"},{"taxonomy":"maat","embeddable":true,"href":"https:\/\/www.koonings.com\/fr\/wp-json\/wp\/v2\/maat?post=108415"},{"taxonomy":"productsupplier","embeddable":true,"href":"https:\/\/www.koonings.com\/fr\/wp-json\/wp\/v2\/productsupplier?post=108415"},{"taxonomy":"productsleeve","embeddable":true,"href":"https:\/\/www.koonings.com\/fr\/wp-json\/wp\/v2\/productsleeve?post=108415"},{"taxonomy":"productcategory","embeddable":true,"href":"https:\/\/www.koonings.com\/fr\/wp-json\/wp\/v2\/productcategory?post=108415"},{"taxonomy":"productsilhouette","embeddable":true,"href":"https:\/\/www.koonings.com\/fr\/wp-json\/wp\/v2\/productsilhouette?post=108415"},{"taxonomy":"productstyle","embeddable":true,"href":"https:\/\/www.koonings.com\/fr\/wp-json\/wp\/v2\/productstyle?post=108415"}],"curies":[{"name":"wp","href":"https:\/\/api.w.org\/{rel}","templated":true}]}}