{"id":108411,"date":"2026-04-14T16:36:55","date_gmt":"2026-04-14T14:36:55","guid":{"rendered":"https:\/\/www.koonings.com\/product\/modeca-curves-jemina\/"},"modified":"2026-04-14T15:36:50","modified_gmt":"2026-04-14T13:36:50","slug":"modeca-curves-jemina","status":"publish","type":"product","link":"https:\/\/www.koonings.com\/fr\/product\/modeca-curves-jemina\/","title":{"rendered":"Modeca Curves Jemina"},"content":{"rendered":"<p>Jemina &#8211; sexy mais simple. Cette robe de bal Mikado de Modeca Curves pr\u00e9sente un d\u00e9collet\u00e9 en V profond qui flatte merveilleusement vos courbes. Dot\u00e9e de poches pratiques et d&#8217;une silhouette \u00e9l\u00e9gante, Jemina allie sophistication moderne et \u00e9l\u00e9gance classique. Parfaite pour les mari\u00e9es aux courbes g\u00e9n\u00e9reuses qui veulent s&#8217;affirmer avec assurance et chic le jour de leur mariage.<br \/>\nD\u00e9couvrez Jemina et toute la collection Modeca Curves chez Koonings.   <\/p>\n","protected":false},"featured_media":96257,"template":"","meta":{"_acf_changed":false,"ghostkit_customizer_options":"","ghostkit_custom_css":"","ghostkit_custom_js_head":"","ghostkit_custom_js_foot":"","ghostkit_typography":""},"productdetails":[],"productneck":[356],"productcolor":[392],"maat":[375],"productsupplier":[439],"productsleeve":[359],"productcategory":[18],"productsilhouette":[384],"productstyle":[365,371],"class_list":["post-108411","product","type-product","status-publish","has-post-thumbnail","hentry","productneck-356","productcolor-392","maat-375","productsupplier-modeca-curves","productsleeve-359","productcategory-trouwjurken","productsilhouette-384","productstyle-365","productstyle-371"],"acf":[],"yoast_head":"<!-- This site is optimized with the Yoast SEO plugin v27.3 - https:\/\/yoast.com\/product\/yoast-seo-wordpress\/ -->\n<title>Modeca Curves Jemina | Koonings<\/title>\n<meta name=\"description\" content=\"Jemina - sexy mais simple. Cette robe de bal Mikado de Modeca Curves pr\u00e9sente un d\u00e9collet\u00e9 en V profond qui flatte merveilleusement vos courbes. Dot\u00e9e de poches pratiques et d&#039;une silhouette \u00e9l\u00e9gante, Jemina allie sophistication moderne et \u00e9l\u00e9gance classique. Parfaite pour les mari\u00e9es aux courbes g\u00e9n\u00e9reuses qui veulent s&#039;affirmer avec assurance et chic le jour de leur mariage. D\u00e9couvrez Jemina et toute la collection Modeca Curves chez Koonings.\" \/>\n<meta name=\"robots\" content=\"index, follow, max-snippet:-1, max-image-preview:large, max-video-preview:-1\" \/>\n<link rel=\"canonical\" href=\"https:\/\/www.koonings.com\/fr\/product\/modeca-curves-jemina\/\" \/>\n<meta property=\"og:locale\" content=\"fr_FR\" \/>\n<meta property=\"og:type\" content=\"article\" \/>\n<meta property=\"og:title\" content=\"Modeca Curves Jemina | Koonings\" \/>\n<meta property=\"og:description\" content=\"Jemina - sexy mais simple. Cette robe de bal Mikado de Modeca Curves pr\u00e9sente un d\u00e9collet\u00e9 en V profond qui flatte merveilleusement vos courbes. Dot\u00e9e de poches pratiques et d&#039;une silhouette \u00e9l\u00e9gante, Jemina allie sophistication moderne et \u00e9l\u00e9gance classique. Parfaite pour les mari\u00e9es aux courbes g\u00e9n\u00e9reuses qui veulent s&#039;affirmer avec assurance et chic le jour de leur mariage. D\u00e9couvrez Jemina et toute la collection Modeca Curves chez Koonings.\" \/>\n<meta property=\"og:url\" content=\"https:\/\/www.koonings.com\/fr\/product\/modeca-curves-jemina\/\" \/>\n<meta property=\"og:site_name\" content=\"Koonings\" \/>\n<meta property=\"article:publisher\" content=\"https:\/\/www.facebook.com\/kooningstheweddingpalace\" \/>\n<meta property=\"og:image\" content=\"https:\/\/www.koonings.com\/wp-content\/uploads\/2025\/09\/51113_3215f2ef280086c005446b3ee7a45a04a56b491fa66126f7d08f3d6adbdd6964ee459417-scaled.jpeg\" \/>\n\t<meta property=\"og:image:width\" content=\"1920\" \/>\n\t<meta property=\"og:image:height\" content=\"2560\" \/>\n\t<meta property=\"og:image:type\" content=\"image\/jpeg\" \/>\n<meta name=\"twitter:card\" content=\"summary_large_image\" \/>\n<script type=\"application\/ld+json\" class=\"yoast-schema-graph\">{\"@context\":\"https:\\\/\\\/schema.org\",\"@graph\":[{\"@type\":\"WebPage\",\"@id\":\"https:\\\/\\\/www.koonings.com\\\/fr\\\/product\\\/modeca-curves-jemina\\\/\",\"url\":\"https:\\\/\\\/www.koonings.com\\\/fr\\\/product\\\/modeca-curves-jemina\\\/\",\"name\":\"Modeca Curves Jemina | Koonings\",\"isPartOf\":{\"@id\":\"https:\\\/\\\/www.koonings.com\\\/fr\\\/#website\"},\"primaryImageOfPage\":{\"@id\":\"https:\\\/\\\/www.koonings.com\\\/fr\\\/product\\\/modeca-curves-jemina\\\/#primaryimage\"},\"image\":{\"@id\":\"https:\\\/\\\/www.koonings.com\\\/fr\\\/product\\\/modeca-curves-jemina\\\/#primaryimage\"},\"thumbnailUrl\":\"https:\\\/\\\/www.koonings.com\\\/wp-content\\\/uploads\\\/2025\\\/09\\\/51113_3215f2ef280086c005446b3ee7a45a04a56b491fa66126f7d08f3d6adbdd6964ee459417-scaled.jpeg\",\"datePublished\":\"2026-04-14T14:36:55+00:00\",\"description\":\"Jemina - sexy mais simple. Cette robe de bal Mikado de Modeca Curves pr\u00e9sente un d\u00e9collet\u00e9 en V profond qui flatte merveilleusement vos courbes. Dot\u00e9e de poches pratiques et d'une silhouette \u00e9l\u00e9gante, Jemina allie sophistication moderne et \u00e9l\u00e9gance classique. Parfaite pour les mari\u00e9es aux courbes g\u00e9n\u00e9reuses qui veulent s'affirmer avec assurance et chic le jour de leur mariage. D\u00e9couvrez Jemina et toute la collection Modeca Curves chez Koonings.\",\"breadcrumb\":{\"@id\":\"https:\\\/\\\/www.koonings.com\\\/fr\\\/product\\\/modeca-curves-jemina\\\/#breadcrumb\"},\"inLanguage\":\"fr-FR\",\"potentialAction\":[{\"@type\":\"ReadAction\",\"target\":[\"https:\\\/\\\/www.koonings.com\\\/fr\\\/product\\\/modeca-curves-jemina\\\/\"]}]},{\"@type\":\"ImageObject\",\"inLanguage\":\"fr-FR\",\"@id\":\"https:\\\/\\\/www.koonings.com\\\/fr\\\/product\\\/modeca-curves-jemina\\\/#primaryimage\",\"url\":\"https:\\\/\\\/www.koonings.com\\\/wp-content\\\/uploads\\\/2025\\\/09\\\/51113_3215f2ef280086c005446b3ee7a45a04a56b491fa66126f7d08f3d6adbdd6964ee459417-scaled.jpeg\",\"contentUrl\":\"https:\\\/\\\/www.koonings.com\\\/wp-content\\\/uploads\\\/2025\\\/09\\\/51113_3215f2ef280086c005446b3ee7a45a04a56b491fa66126f7d08f3d6adbdd6964ee459417-scaled.jpeg\",\"width\":1920,\"height\":2560},{\"@type\":\"BreadcrumbList\",\"@id\":\"https:\\\/\\\/www.koonings.com\\\/fr\\\/product\\\/modeca-curves-jemina\\\/#breadcrumb\",\"itemListElement\":[{\"@type\":\"ListItem\",\"position\":1,\"name\":\"Home\",\"item\":\"https:\\\/\\\/www.koonings.com\\\/fr\\\/\"},{\"@type\":\"ListItem\",\"position\":2,\"name\":\"Modeca Curves Jemina\"}]},{\"@type\":\"WebSite\",\"@id\":\"https:\\\/\\\/www.koonings.com\\\/fr\\\/#website\",\"url\":\"https:\\\/\\\/www.koonings.com\\\/fr\\\/\",\"name\":\"Koonings\",\"description\":\"De grootste bruidsmodewinkel ter wereld\",\"publisher\":{\"@id\":\"https:\\\/\\\/www.koonings.com\\\/fr\\\/#organization\"},\"potentialAction\":[{\"@type\":\"SearchAction\",\"target\":{\"@type\":\"EntryPoint\",\"urlTemplate\":\"https:\\\/\\\/www.koonings.com\\\/fr\\\/?s={search_term_string}\"},\"query-input\":{\"@type\":\"PropertyValueSpecification\",\"valueRequired\":true,\"valueName\":\"search_term_string\"}}],\"inLanguage\":\"fr-FR\"},{\"@type\":\"Organization\",\"@id\":\"https:\\\/\\\/www.koonings.com\\\/fr\\\/#organization\",\"name\":\"Koonings\",\"url\":\"https:\\\/\\\/www.koonings.com\\\/fr\\\/\",\"logo\":{\"@type\":\"ImageObject\",\"inLanguage\":\"fr-FR\",\"@id\":\"https:\\\/\\\/www.koonings.com\\\/fr\\\/#\\\/schema\\\/logo\\\/image\\\/\",\"url\":\"https:\\\/\\\/www.koonings.com\\\/wp-content\\\/uploads\\\/2024\\\/07\\\/logo.png\",\"contentUrl\":\"https:\\\/\\\/www.koonings.com\\\/wp-content\\\/uploads\\\/2024\\\/07\\\/logo.png\",\"width\":600,\"height\":428,\"caption\":\"Koonings\"},\"image\":{\"@id\":\"https:\\\/\\\/www.koonings.com\\\/fr\\\/#\\\/schema\\\/logo\\\/image\\\/\"},\"sameAs\":[\"https:\\\/\\\/www.facebook.com\\\/kooningstheweddingpalace\",\"https:\\\/\\\/www.instagram.com\\\/kooningstheweddingpalace\",\"https:\\\/\\\/www.pinterest.com\\\/koonings\",\"https:\\\/\\\/www.youtube.com\\\/kooningstheweddingpalace\"]}]}<\/script>\n<!-- \/ Yoast SEO plugin. -->","yoast_head_json":{"title":"Modeca Curves Jemina | Koonings","description":"Jemina - sexy mais simple. Cette robe de bal Mikado de Modeca Curves pr\u00e9sente un d\u00e9collet\u00e9 en V profond qui flatte merveilleusement vos courbes. Dot\u00e9e de poches pratiques et d'une silhouette \u00e9l\u00e9gante, Jemina allie sophistication moderne et \u00e9l\u00e9gance classique. Parfaite pour les mari\u00e9es aux courbes g\u00e9n\u00e9reuses qui veulent s'affirmer avec assurance et chic le jour de leur mariage. D\u00e9couvrez Jemina et toute la collection Modeca Curves chez Koonings.","robots":{"index":"index","follow":"follow","max-snippet":"max-snippet:-1","max-image-preview":"max-image-preview:large","max-video-preview":"max-video-preview:-1"},"canonical":"https:\/\/www.koonings.com\/fr\/product\/modeca-curves-jemina\/","og_locale":"fr_FR","og_type":"article","og_title":"Modeca Curves Jemina | Koonings","og_description":"Jemina - sexy mais simple. Cette robe de bal Mikado de Modeca Curves pr\u00e9sente un d\u00e9collet\u00e9 en V profond qui flatte merveilleusement vos courbes. Dot\u00e9e de poches pratiques et d'une silhouette \u00e9l\u00e9gante, Jemina allie sophistication moderne et \u00e9l\u00e9gance classique. Parfaite pour les mari\u00e9es aux courbes g\u00e9n\u00e9reuses qui veulent s'affirmer avec assurance et chic le jour de leur mariage. D\u00e9couvrez Jemina et toute la collection Modeca Curves chez Koonings.","og_url":"https:\/\/www.koonings.com\/fr\/product\/modeca-curves-jemina\/","og_site_name":"Koonings","article_publisher":"https:\/\/www.facebook.com\/kooningstheweddingpalace","og_image":[{"width":1920,"height":2560,"url":"https:\/\/www.koonings.com\/wp-content\/uploads\/2025\/09\/51113_3215f2ef280086c005446b3ee7a45a04a56b491fa66126f7d08f3d6adbdd6964ee459417-scaled.jpeg","type":"image\/jpeg"}],"twitter_card":"summary_large_image","schema":{"@context":"https:\/\/schema.org","@graph":[{"@type":"WebPage","@id":"https:\/\/www.koonings.com\/fr\/product\/modeca-curves-jemina\/","url":"https:\/\/www.koonings.com\/fr\/product\/modeca-curves-jemina\/","name":"Modeca Curves Jemina | Koonings","isPartOf":{"@id":"https:\/\/www.koonings.com\/fr\/#website"},"primaryImageOfPage":{"@id":"https:\/\/www.koonings.com\/fr\/product\/modeca-curves-jemina\/#primaryimage"},"image":{"@id":"https:\/\/www.koonings.com\/fr\/product\/modeca-curves-jemina\/#primaryimage"},"thumbnailUrl":"https:\/\/www.koonings.com\/wp-content\/uploads\/2025\/09\/51113_3215f2ef280086c005446b3ee7a45a04a56b491fa66126f7d08f3d6adbdd6964ee459417-scaled.jpeg","datePublished":"2026-04-14T14:36:55+00:00","description":"Jemina - sexy mais simple. Cette robe de bal Mikado de Modeca Curves pr\u00e9sente un d\u00e9collet\u00e9 en V profond qui flatte merveilleusement vos courbes. Dot\u00e9e de poches pratiques et d'une silhouette \u00e9l\u00e9gante, Jemina allie sophistication moderne et \u00e9l\u00e9gance classique. Parfaite pour les mari\u00e9es aux courbes g\u00e9n\u00e9reuses qui veulent s'affirmer avec assurance et chic le jour de leur mariage. D\u00e9couvrez Jemina et toute la collection Modeca Curves chez Koonings.","breadcrumb":{"@id":"https:\/\/www.koonings.com\/fr\/product\/modeca-curves-jemina\/#breadcrumb"},"inLanguage":"fr-FR","potentialAction":[{"@type":"ReadAction","target":["https:\/\/www.koonings.com\/fr\/product\/modeca-curves-jemina\/"]}]},{"@type":"ImageObject","inLanguage":"fr-FR","@id":"https:\/\/www.koonings.com\/fr\/product\/modeca-curves-jemina\/#primaryimage","url":"https:\/\/www.koonings.com\/wp-content\/uploads\/2025\/09\/51113_3215f2ef280086c005446b3ee7a45a04a56b491fa66126f7d08f3d6adbdd6964ee459417-scaled.jpeg","contentUrl":"https:\/\/www.koonings.com\/wp-content\/uploads\/2025\/09\/51113_3215f2ef280086c005446b3ee7a45a04a56b491fa66126f7d08f3d6adbdd6964ee459417-scaled.jpeg","width":1920,"height":2560},{"@type":"BreadcrumbList","@id":"https:\/\/www.koonings.com\/fr\/product\/modeca-curves-jemina\/#breadcrumb","itemListElement":[{"@type":"ListItem","position":1,"name":"Home","item":"https:\/\/www.koonings.com\/fr\/"},{"@type":"ListItem","position":2,"name":"Modeca Curves Jemina"}]},{"@type":"WebSite","@id":"https:\/\/www.koonings.com\/fr\/#website","url":"https:\/\/www.koonings.com\/fr\/","name":"Koonings","description":"De grootste bruidsmodewinkel ter wereld","publisher":{"@id":"https:\/\/www.koonings.com\/fr\/#organization"},"potentialAction":[{"@type":"SearchAction","target":{"@type":"EntryPoint","urlTemplate":"https:\/\/www.koonings.com\/fr\/?s={search_term_string}"},"query-input":{"@type":"PropertyValueSpecification","valueRequired":true,"valueName":"search_term_string"}}],"inLanguage":"fr-FR"},{"@type":"Organization","@id":"https:\/\/www.koonings.com\/fr\/#organization","name":"Koonings","url":"https:\/\/www.koonings.com\/fr\/","logo":{"@type":"ImageObject","inLanguage":"fr-FR","@id":"https:\/\/www.koonings.com\/fr\/#\/schema\/logo\/image\/","url":"https:\/\/www.koonings.com\/wp-content\/uploads\/2024\/07\/logo.png","contentUrl":"https:\/\/www.koonings.com\/wp-content\/uploads\/2024\/07\/logo.png","width":600,"height":428,"caption":"Koonings"},"image":{"@id":"https:\/\/www.koonings.com\/fr\/#\/schema\/logo\/image\/"},"sameAs":["https:\/\/www.facebook.com\/kooningstheweddingpalace","https:\/\/www.instagram.com\/kooningstheweddingpalace","https:\/\/www.pinterest.com\/koonings","https:\/\/www.youtube.com\/kooningstheweddingpalace"]}]}},"_links":{"self":[{"href":"https:\/\/www.koonings.com\/fr\/wp-json\/wp\/v2\/product\/108411","targetHints":{"allow":["GET"]}}],"collection":[{"href":"https:\/\/www.koonings.com\/fr\/wp-json\/wp\/v2\/product"}],"about":[{"href":"https:\/\/www.koonings.com\/fr\/wp-json\/wp\/v2\/types\/product"}],"wp:featuredmedia":[{"embeddable":true,"href":"https:\/\/www.koonings.com\/fr\/wp-json\/wp\/v2\/media\/96257"}],"wp:attachment":[{"href":"https:\/\/www.koonings.com\/fr\/wp-json\/wp\/v2\/media?parent=108411"}],"wp:term":[{"taxonomy":"productdetails","embeddable":true,"href":"https:\/\/www.koonings.com\/fr\/wp-json\/wp\/v2\/productdetails?post=108411"},{"taxonomy":"productneck","embeddable":true,"href":"https:\/\/www.koonings.com\/fr\/wp-json\/wp\/v2\/productneck?post=108411"},{"taxonomy":"productcolor","embeddable":true,"href":"https:\/\/www.koonings.com\/fr\/wp-json\/wp\/v2\/productcolor?post=108411"},{"taxonomy":"maat","embeddable":true,"href":"https:\/\/www.koonings.com\/fr\/wp-json\/wp\/v2\/maat?post=108411"},{"taxonomy":"productsupplier","embeddable":true,"href":"https:\/\/www.koonings.com\/fr\/wp-json\/wp\/v2\/productsupplier?post=108411"},{"taxonomy":"productsleeve","embeddable":true,"href":"https:\/\/www.koonings.com\/fr\/wp-json\/wp\/v2\/productsleeve?post=108411"},{"taxonomy":"productcategory","embeddable":true,"href":"https:\/\/www.koonings.com\/fr\/wp-json\/wp\/v2\/productcategory?post=108411"},{"taxonomy":"productsilhouette","embeddable":true,"href":"https:\/\/www.koonings.com\/fr\/wp-json\/wp\/v2\/productsilhouette?post=108411"},{"taxonomy":"productstyle","embeddable":true,"href":"https:\/\/www.koonings.com\/fr\/wp-json\/wp\/v2\/productstyle?post=108411"}],"curies":[{"name":"wp","href":"https:\/\/api.w.org\/{rel}","templated":true}]}}