{"id":107068,"date":"2026-05-06T15:36:18","date_gmt":"2026-05-06T13:36:18","guid":{"rendered":"https:\/\/www.koonings.com\/product\/le-papillon-par-modeca-hemilly-a\/"},"modified":"2026-04-14T15:42:38","modified_gmt":"2026-04-14T13:42:38","slug":"le-papillon-par-modeca-hemilly-a","status":"publish","type":"product","link":"https:\/\/www.koonings.com\/fr\/product\/le-papillon-par-modeca-hemilly-a\/","title":{"rendered":"Le Papillon par Modeca Hemilly-A"},"content":{"rendered":"<p>Hemilly est une robe trap\u00e8ze de la collection Le Papillon by Modeca, disponible chez Koonings. La robe pr\u00e9sente un corsage en dentelle illusion avec des manches longues amovibles et une jupe fluide en mousseline de soie. Des d\u00e9tails en dentelle ornent la tra\u00eene pour un effet romantique. La robe est \u00e9galement disponible en plusieurs variantes : sans manches longues (Hemilly-D), avec des manches amovibles et une tra\u00eene simple (Hemilly-A), et sans manches avec une jupe simple (Hemilly-DA).   <\/p>\n","protected":false},"featured_media":107069,"template":"","meta":{"_acf_changed":false,"ghostkit_customizer_options":"","ghostkit_custom_css":"","ghostkit_custom_js_head":"","ghostkit_custom_js_foot":"","ghostkit_typography":""},"productdetails":[379,376,381],"productneck":[350],"productcolor":[393,392],"maat":[],"productsupplier":[411],"productsleeve":[362],"productcategory":[18],"productsilhouette":[384],"productstyle":[369],"class_list":["post-107068","product","type-product","status-publish","has-post-thumbnail","hentry","productdetails-379","productdetails-376","productdetails-381","productneck-350","productcolor-393","productcolor-392","productsupplier-le-papillon-by-modeca","productsleeve-362","productcategory-trouwjurken","productsilhouette-384","productstyle-369"],"acf":[],"yoast_head":"<!-- This site is optimized with the Yoast SEO plugin v27.3 - https:\/\/yoast.com\/product\/yoast-seo-wordpress\/ -->\n<title>Le Papillon par Modeca Hemilly-A | Koonings<\/title>\n<meta name=\"description\" content=\"Hemilly est une robe trap\u00e8ze de la collection Le Papillon by Modeca, disponible chez Koonings. La robe pr\u00e9sente un corsage en dentelle illusion avec des manches longues amovibles et une jupe fluide en mousseline de soie. Des d\u00e9tails en dentelle ornent la tra\u00eene pour un effet romantique. La robe est \u00e9galement disponible en plusieurs variantes : sans manches longues (Hemilly-D), avec des manches amovibles et une tra\u00eene simple (Hemilly-A), et sans manches avec une jupe simple (Hemilly-DA).\" \/>\n<meta name=\"robots\" content=\"index, follow, max-snippet:-1, max-image-preview:large, max-video-preview:-1\" \/>\n<link rel=\"canonical\" href=\"https:\/\/www.koonings.com\/fr\/product\/le-papillon-par-modeca-hemilly-a\/\" \/>\n<meta property=\"og:locale\" content=\"fr_FR\" \/>\n<meta property=\"og:type\" content=\"article\" \/>\n<meta property=\"og:title\" content=\"Le Papillon par Modeca Hemilly-A | Koonings\" \/>\n<meta property=\"og:description\" content=\"Hemilly est une robe trap\u00e8ze de la collection Le Papillon by Modeca, disponible chez Koonings. La robe pr\u00e9sente un corsage en dentelle illusion avec des manches longues amovibles et une jupe fluide en mousseline de soie. Des d\u00e9tails en dentelle ornent la tra\u00eene pour un effet romantique. La robe est \u00e9galement disponible en plusieurs variantes : sans manches longues (Hemilly-D), avec des manches amovibles et une tra\u00eene simple (Hemilly-A), et sans manches avec une jupe simple (Hemilly-DA).\" \/>\n<meta property=\"og:url\" content=\"https:\/\/www.koonings.com\/fr\/product\/le-papillon-par-modeca-hemilly-a\/\" \/>\n<meta property=\"og:site_name\" content=\"Koonings\" \/>\n<meta property=\"article:publisher\" content=\"https:\/\/www.facebook.com\/kooningstheweddingpalace\" \/>\n<meta property=\"og:image\" content=\"https:\/\/www.koonings.com\/wp-content\/uploads\/2025\/12\/51102_94f09c37dd951bcf8f6e268e506174b22dd2d5818491160f7253876ac90b5526f68c2c2f.jpeg\" \/>\n\t<meta property=\"og:image:width\" content=\"1718\" \/>\n\t<meta property=\"og:image:height\" content=\"2429\" \/>\n\t<meta property=\"og:image:type\" content=\"image\/jpeg\" \/>\n<meta name=\"twitter:card\" content=\"summary_large_image\" \/>\n<script type=\"application\/ld+json\" class=\"yoast-schema-graph\">{\"@context\":\"https:\\\/\\\/schema.org\",\"@graph\":[{\"@type\":\"WebPage\",\"@id\":\"https:\\\/\\\/www.koonings.com\\\/fr\\\/product\\\/le-papillon-par-modeca-hemilly-a\\\/\",\"url\":\"https:\\\/\\\/www.koonings.com\\\/fr\\\/product\\\/le-papillon-par-modeca-hemilly-a\\\/\",\"name\":\"Le Papillon par Modeca Hemilly-A | Koonings\",\"isPartOf\":{\"@id\":\"https:\\\/\\\/www.koonings.com\\\/fr\\\/#website\"},\"primaryImageOfPage\":{\"@id\":\"https:\\\/\\\/www.koonings.com\\\/fr\\\/product\\\/le-papillon-par-modeca-hemilly-a\\\/#primaryimage\"},\"image\":{\"@id\":\"https:\\\/\\\/www.koonings.com\\\/fr\\\/product\\\/le-papillon-par-modeca-hemilly-a\\\/#primaryimage\"},\"thumbnailUrl\":\"https:\\\/\\\/www.koonings.com\\\/wp-content\\\/uploads\\\/2025\\\/12\\\/51102_94f09c37dd951bcf8f6e268e506174b22dd2d5818491160f7253876ac90b5526f68c2c2f.jpeg\",\"datePublished\":\"2026-05-06T13:36:18+00:00\",\"description\":\"Hemilly est une robe trap\u00e8ze de la collection Le Papillon by Modeca, disponible chez Koonings. La robe pr\u00e9sente un corsage en dentelle illusion avec des manches longues amovibles et une jupe fluide en mousseline de soie. Des d\u00e9tails en dentelle ornent la tra\u00eene pour un effet romantique. La robe est \u00e9galement disponible en plusieurs variantes : sans manches longues (Hemilly-D), avec des manches amovibles et une tra\u00eene simple (Hemilly-A), et sans manches avec une jupe simple (Hemilly-DA).\",\"breadcrumb\":{\"@id\":\"https:\\\/\\\/www.koonings.com\\\/fr\\\/product\\\/le-papillon-par-modeca-hemilly-a\\\/#breadcrumb\"},\"inLanguage\":\"fr-FR\",\"potentialAction\":[{\"@type\":\"ReadAction\",\"target\":[\"https:\\\/\\\/www.koonings.com\\\/fr\\\/product\\\/le-papillon-par-modeca-hemilly-a\\\/\"]}]},{\"@type\":\"ImageObject\",\"inLanguage\":\"fr-FR\",\"@id\":\"https:\\\/\\\/www.koonings.com\\\/fr\\\/product\\\/le-papillon-par-modeca-hemilly-a\\\/#primaryimage\",\"url\":\"https:\\\/\\\/www.koonings.com\\\/wp-content\\\/uploads\\\/2025\\\/12\\\/51102_94f09c37dd951bcf8f6e268e506174b22dd2d5818491160f7253876ac90b5526f68c2c2f.jpeg\",\"contentUrl\":\"https:\\\/\\\/www.koonings.com\\\/wp-content\\\/uploads\\\/2025\\\/12\\\/51102_94f09c37dd951bcf8f6e268e506174b22dd2d5818491160f7253876ac90b5526f68c2c2f.jpeg\",\"width\":1718,\"height\":2429},{\"@type\":\"BreadcrumbList\",\"@id\":\"https:\\\/\\\/www.koonings.com\\\/fr\\\/product\\\/le-papillon-par-modeca-hemilly-a\\\/#breadcrumb\",\"itemListElement\":[{\"@type\":\"ListItem\",\"position\":1,\"name\":\"Home\",\"item\":\"https:\\\/\\\/www.koonings.com\\\/fr\\\/\"},{\"@type\":\"ListItem\",\"position\":2,\"name\":\"Le Papillon par Modeca Hemilly-A\"}]},{\"@type\":\"WebSite\",\"@id\":\"https:\\\/\\\/www.koonings.com\\\/fr\\\/#website\",\"url\":\"https:\\\/\\\/www.koonings.com\\\/fr\\\/\",\"name\":\"Koonings\",\"description\":\"De grootste bruidsmodewinkel ter wereld\",\"publisher\":{\"@id\":\"https:\\\/\\\/www.koonings.com\\\/fr\\\/#organization\"},\"potentialAction\":[{\"@type\":\"SearchAction\",\"target\":{\"@type\":\"EntryPoint\",\"urlTemplate\":\"https:\\\/\\\/www.koonings.com\\\/fr\\\/?s={search_term_string}\"},\"query-input\":{\"@type\":\"PropertyValueSpecification\",\"valueRequired\":true,\"valueName\":\"search_term_string\"}}],\"inLanguage\":\"fr-FR\"},{\"@type\":\"Organization\",\"@id\":\"https:\\\/\\\/www.koonings.com\\\/fr\\\/#organization\",\"name\":\"Koonings\",\"url\":\"https:\\\/\\\/www.koonings.com\\\/fr\\\/\",\"logo\":{\"@type\":\"ImageObject\",\"inLanguage\":\"fr-FR\",\"@id\":\"https:\\\/\\\/www.koonings.com\\\/fr\\\/#\\\/schema\\\/logo\\\/image\\\/\",\"url\":\"https:\\\/\\\/www.koonings.com\\\/wp-content\\\/uploads\\\/2024\\\/07\\\/logo.png\",\"contentUrl\":\"https:\\\/\\\/www.koonings.com\\\/wp-content\\\/uploads\\\/2024\\\/07\\\/logo.png\",\"width\":600,\"height\":428,\"caption\":\"Koonings\"},\"image\":{\"@id\":\"https:\\\/\\\/www.koonings.com\\\/fr\\\/#\\\/schema\\\/logo\\\/image\\\/\"},\"sameAs\":[\"https:\\\/\\\/www.facebook.com\\\/kooningstheweddingpalace\",\"https:\\\/\\\/www.instagram.com\\\/kooningstheweddingpalace\",\"https:\\\/\\\/www.pinterest.com\\\/koonings\",\"https:\\\/\\\/www.youtube.com\\\/kooningstheweddingpalace\"]}]}<\/script>\n<!-- \/ Yoast SEO plugin. -->","yoast_head_json":{"title":"Le Papillon par Modeca Hemilly-A | Koonings","description":"Hemilly est une robe trap\u00e8ze de la collection Le Papillon by Modeca, disponible chez Koonings. La robe pr\u00e9sente un corsage en dentelle illusion avec des manches longues amovibles et une jupe fluide en mousseline de soie. Des d\u00e9tails en dentelle ornent la tra\u00eene pour un effet romantique. La robe est \u00e9galement disponible en plusieurs variantes : sans manches longues (Hemilly-D), avec des manches amovibles et une tra\u00eene simple (Hemilly-A), et sans manches avec une jupe simple (Hemilly-DA).","robots":{"index":"index","follow":"follow","max-snippet":"max-snippet:-1","max-image-preview":"max-image-preview:large","max-video-preview":"max-video-preview:-1"},"canonical":"https:\/\/www.koonings.com\/fr\/product\/le-papillon-par-modeca-hemilly-a\/","og_locale":"fr_FR","og_type":"article","og_title":"Le Papillon par Modeca Hemilly-A | Koonings","og_description":"Hemilly est une robe trap\u00e8ze de la collection Le Papillon by Modeca, disponible chez Koonings. La robe pr\u00e9sente un corsage en dentelle illusion avec des manches longues amovibles et une jupe fluide en mousseline de soie. Des d\u00e9tails en dentelle ornent la tra\u00eene pour un effet romantique. La robe est \u00e9galement disponible en plusieurs variantes : sans manches longues (Hemilly-D), avec des manches amovibles et une tra\u00eene simple (Hemilly-A), et sans manches avec une jupe simple (Hemilly-DA).","og_url":"https:\/\/www.koonings.com\/fr\/product\/le-papillon-par-modeca-hemilly-a\/","og_site_name":"Koonings","article_publisher":"https:\/\/www.facebook.com\/kooningstheweddingpalace","og_image":[{"width":1718,"height":2429,"url":"https:\/\/www.koonings.com\/wp-content\/uploads\/2025\/12\/51102_94f09c37dd951bcf8f6e268e506174b22dd2d5818491160f7253876ac90b5526f68c2c2f.jpeg","type":"image\/jpeg"}],"twitter_card":"summary_large_image","schema":{"@context":"https:\/\/schema.org","@graph":[{"@type":"WebPage","@id":"https:\/\/www.koonings.com\/fr\/product\/le-papillon-par-modeca-hemilly-a\/","url":"https:\/\/www.koonings.com\/fr\/product\/le-papillon-par-modeca-hemilly-a\/","name":"Le Papillon par Modeca Hemilly-A | Koonings","isPartOf":{"@id":"https:\/\/www.koonings.com\/fr\/#website"},"primaryImageOfPage":{"@id":"https:\/\/www.koonings.com\/fr\/product\/le-papillon-par-modeca-hemilly-a\/#primaryimage"},"image":{"@id":"https:\/\/www.koonings.com\/fr\/product\/le-papillon-par-modeca-hemilly-a\/#primaryimage"},"thumbnailUrl":"https:\/\/www.koonings.com\/wp-content\/uploads\/2025\/12\/51102_94f09c37dd951bcf8f6e268e506174b22dd2d5818491160f7253876ac90b5526f68c2c2f.jpeg","datePublished":"2026-05-06T13:36:18+00:00","description":"Hemilly est une robe trap\u00e8ze de la collection Le Papillon by Modeca, disponible chez Koonings. La robe pr\u00e9sente un corsage en dentelle illusion avec des manches longues amovibles et une jupe fluide en mousseline de soie. Des d\u00e9tails en dentelle ornent la tra\u00eene pour un effet romantique. La robe est \u00e9galement disponible en plusieurs variantes : sans manches longues (Hemilly-D), avec des manches amovibles et une tra\u00eene simple (Hemilly-A), et sans manches avec une jupe simple (Hemilly-DA).","breadcrumb":{"@id":"https:\/\/www.koonings.com\/fr\/product\/le-papillon-par-modeca-hemilly-a\/#breadcrumb"},"inLanguage":"fr-FR","potentialAction":[{"@type":"ReadAction","target":["https:\/\/www.koonings.com\/fr\/product\/le-papillon-par-modeca-hemilly-a\/"]}]},{"@type":"ImageObject","inLanguage":"fr-FR","@id":"https:\/\/www.koonings.com\/fr\/product\/le-papillon-par-modeca-hemilly-a\/#primaryimage","url":"https:\/\/www.koonings.com\/wp-content\/uploads\/2025\/12\/51102_94f09c37dd951bcf8f6e268e506174b22dd2d5818491160f7253876ac90b5526f68c2c2f.jpeg","contentUrl":"https:\/\/www.koonings.com\/wp-content\/uploads\/2025\/12\/51102_94f09c37dd951bcf8f6e268e506174b22dd2d5818491160f7253876ac90b5526f68c2c2f.jpeg","width":1718,"height":2429},{"@type":"BreadcrumbList","@id":"https:\/\/www.koonings.com\/fr\/product\/le-papillon-par-modeca-hemilly-a\/#breadcrumb","itemListElement":[{"@type":"ListItem","position":1,"name":"Home","item":"https:\/\/www.koonings.com\/fr\/"},{"@type":"ListItem","position":2,"name":"Le Papillon par Modeca Hemilly-A"}]},{"@type":"WebSite","@id":"https:\/\/www.koonings.com\/fr\/#website","url":"https:\/\/www.koonings.com\/fr\/","name":"Koonings","description":"De grootste bruidsmodewinkel ter wereld","publisher":{"@id":"https:\/\/www.koonings.com\/fr\/#organization"},"potentialAction":[{"@type":"SearchAction","target":{"@type":"EntryPoint","urlTemplate":"https:\/\/www.koonings.com\/fr\/?s={search_term_string}"},"query-input":{"@type":"PropertyValueSpecification","valueRequired":true,"valueName":"search_term_string"}}],"inLanguage":"fr-FR"},{"@type":"Organization","@id":"https:\/\/www.koonings.com\/fr\/#organization","name":"Koonings","url":"https:\/\/www.koonings.com\/fr\/","logo":{"@type":"ImageObject","inLanguage":"fr-FR","@id":"https:\/\/www.koonings.com\/fr\/#\/schema\/logo\/image\/","url":"https:\/\/www.koonings.com\/wp-content\/uploads\/2024\/07\/logo.png","contentUrl":"https:\/\/www.koonings.com\/wp-content\/uploads\/2024\/07\/logo.png","width":600,"height":428,"caption":"Koonings"},"image":{"@id":"https:\/\/www.koonings.com\/fr\/#\/schema\/logo\/image\/"},"sameAs":["https:\/\/www.facebook.com\/kooningstheweddingpalace","https:\/\/www.instagram.com\/kooningstheweddingpalace","https:\/\/www.pinterest.com\/koonings","https:\/\/www.youtube.com\/kooningstheweddingpalace"]}]}},"_links":{"self":[{"href":"https:\/\/www.koonings.com\/fr\/wp-json\/wp\/v2\/product\/107068","targetHints":{"allow":["GET"]}}],"collection":[{"href":"https:\/\/www.koonings.com\/fr\/wp-json\/wp\/v2\/product"}],"about":[{"href":"https:\/\/www.koonings.com\/fr\/wp-json\/wp\/v2\/types\/product"}],"wp:featuredmedia":[{"embeddable":true,"href":"https:\/\/www.koonings.com\/fr\/wp-json\/wp\/v2\/media\/107069"}],"wp:attachment":[{"href":"https:\/\/www.koonings.com\/fr\/wp-json\/wp\/v2\/media?parent=107068"}],"wp:term":[{"taxonomy":"productdetails","embeddable":true,"href":"https:\/\/www.koonings.com\/fr\/wp-json\/wp\/v2\/productdetails?post=107068"},{"taxonomy":"productneck","embeddable":true,"href":"https:\/\/www.koonings.com\/fr\/wp-json\/wp\/v2\/productneck?post=107068"},{"taxonomy":"productcolor","embeddable":true,"href":"https:\/\/www.koonings.com\/fr\/wp-json\/wp\/v2\/productcolor?post=107068"},{"taxonomy":"maat","embeddable":true,"href":"https:\/\/www.koonings.com\/fr\/wp-json\/wp\/v2\/maat?post=107068"},{"taxonomy":"productsupplier","embeddable":true,"href":"https:\/\/www.koonings.com\/fr\/wp-json\/wp\/v2\/productsupplier?post=107068"},{"taxonomy":"productsleeve","embeddable":true,"href":"https:\/\/www.koonings.com\/fr\/wp-json\/wp\/v2\/productsleeve?post=107068"},{"taxonomy":"productcategory","embeddable":true,"href":"https:\/\/www.koonings.com\/fr\/wp-json\/wp\/v2\/productcategory?post=107068"},{"taxonomy":"productsilhouette","embeddable":true,"href":"https:\/\/www.koonings.com\/fr\/wp-json\/wp\/v2\/productsilhouette?post=107068"},{"taxonomy":"productstyle","embeddable":true,"href":"https:\/\/www.koonings.com\/fr\/wp-json\/wp\/v2\/productstyle?post=107068"}],"curies":[{"name":"wp","href":"https:\/\/api.w.org\/{rel}","templated":true}]}}