{"id":107056,"date":"2026-05-06T15:36:17","date_gmt":"2026-05-06T13:36:17","guid":{"rendered":"https:\/\/www.koonings.com\/product\/le-papillon-par-modeca-hortense\/"},"modified":"2026-04-14T15:42:30","modified_gmt":"2026-04-14T13:42:30","slug":"le-papillon-par-modeca-hortense","status":"publish","type":"product","link":"https:\/\/www.koonings.com\/fr\/product\/le-papillon-par-modeca-hortense\/","title":{"rendered":"Le Papillon par Modeca Hortense"},"content":{"rendered":"<p>Une robe courte chic en taffetas avec une \u00e9l\u00e9gante encolure ronde et un corsage pliss\u00e9. La surprenante jupe, orn\u00e9e d&#8217;un gros n\u0153ud, conf\u00e8re \u00e0 la robe une allure \u00e0 la fois ludique et \u00e9l\u00e9gante. Pour un look plus discret et sophistiqu\u00e9, ce mod\u00e8le est \u00e9galement disponible sans jupe, sous le nom de Hortense-D.  <\/p>\n<p>Ce mod\u00e8le est issu de la collection Le Papillon by Modeca et est disponible exclusivement chez Koonings.<\/p>\n","protected":false},"featured_media":97185,"template":"","meta":{"_acf_changed":false,"ghostkit_customizer_options":"","ghostkit_custom_css":"","ghostkit_custom_js_head":"","ghostkit_custom_js_foot":"","ghostkit_typography":""},"productdetails":[],"productneck":[354],"productcolor":[392],"maat":[],"productsupplier":[411],"productsleeve":[],"productcategory":[18],"productsilhouette":[384,388],"productstyle":[372,366],"class_list":["post-107056","product","type-product","status-publish","has-post-thumbnail","hentry","productneck-354","productcolor-392","productsupplier-le-papillon-by-modeca","productcategory-trouwjurken","productsilhouette-384","productsilhouette-388","productstyle-372","productstyle-366"],"acf":[],"yoast_head":"<!-- This site is optimized with the Yoast SEO plugin v27.3 - https:\/\/yoast.com\/product\/yoast-seo-wordpress\/ -->\n<title>Le Papillon par Modeca Hortense | Koonings<\/title>\n<meta name=\"description\" content=\"Une robe courte chic en taffetas avec une \u00e9l\u00e9gante encolure ronde et un corsage pliss\u00e9. La surprenante jupe, orn\u00e9e d&#039;un gros n\u0153ud, conf\u00e8re \u00e0 la robe une allure \u00e0 la fois ludique et \u00e9l\u00e9gante. Pour un look plus discret et sophistiqu\u00e9, ce mod\u00e8le est \u00e9galement disponible sans jupe, sous le nom de Hortense-D. Ce mod\u00e8le est issu de la collection Le Papillon by Modeca et est disponible exclusivement chez Koonings.\" \/>\n<meta name=\"robots\" content=\"index, follow, max-snippet:-1, max-image-preview:large, max-video-preview:-1\" \/>\n<link rel=\"canonical\" href=\"https:\/\/www.koonings.com\/fr\/product\/le-papillon-par-modeca-hortense\/\" \/>\n<meta property=\"og:locale\" content=\"fr_FR\" \/>\n<meta property=\"og:type\" content=\"article\" \/>\n<meta property=\"og:title\" content=\"Le Papillon par Modeca Hortense | Koonings\" \/>\n<meta property=\"og:description\" content=\"Une robe courte chic en taffetas avec une \u00e9l\u00e9gante encolure ronde et un corsage pliss\u00e9. La surprenante jupe, orn\u00e9e d&#039;un gros n\u0153ud, conf\u00e8re \u00e0 la robe une allure \u00e0 la fois ludique et \u00e9l\u00e9gante. Pour un look plus discret et sophistiqu\u00e9, ce mod\u00e8le est \u00e9galement disponible sans jupe, sous le nom de Hortense-D. Ce mod\u00e8le est issu de la collection Le Papillon by Modeca et est disponible exclusivement chez Koonings.\" \/>\n<meta property=\"og:url\" content=\"https:\/\/www.koonings.com\/fr\/product\/le-papillon-par-modeca-hortense\/\" \/>\n<meta property=\"og:site_name\" content=\"Koonings\" \/>\n<meta property=\"article:publisher\" content=\"https:\/\/www.facebook.com\/kooningstheweddingpalace\" \/>\n<meta property=\"og:image\" content=\"https:\/\/www.koonings.com\/wp-content\/uploads\/2025\/09\/51101_ebf2ab035102686a38e68a741889cc16d0e320fec33106b199fe3a5a276baa34e964c02e.jpeg\" \/>\n\t<meta property=\"og:image:width\" content=\"1514\" \/>\n\t<meta property=\"og:image:height\" content=\"2140\" \/>\n\t<meta property=\"og:image:type\" content=\"image\/jpeg\" \/>\n<meta name=\"twitter:card\" content=\"summary_large_image\" \/>\n<script type=\"application\/ld+json\" class=\"yoast-schema-graph\">{\"@context\":\"https:\\\/\\\/schema.org\",\"@graph\":[{\"@type\":\"WebPage\",\"@id\":\"https:\\\/\\\/www.koonings.com\\\/fr\\\/product\\\/le-papillon-par-modeca-hortense\\\/\",\"url\":\"https:\\\/\\\/www.koonings.com\\\/fr\\\/product\\\/le-papillon-par-modeca-hortense\\\/\",\"name\":\"Le Papillon par Modeca Hortense | Koonings\",\"isPartOf\":{\"@id\":\"https:\\\/\\\/www.koonings.com\\\/fr\\\/#website\"},\"primaryImageOfPage\":{\"@id\":\"https:\\\/\\\/www.koonings.com\\\/fr\\\/product\\\/le-papillon-par-modeca-hortense\\\/#primaryimage\"},\"image\":{\"@id\":\"https:\\\/\\\/www.koonings.com\\\/fr\\\/product\\\/le-papillon-par-modeca-hortense\\\/#primaryimage\"},\"thumbnailUrl\":\"https:\\\/\\\/www.koonings.com\\\/wp-content\\\/uploads\\\/2025\\\/09\\\/51101_ebf2ab035102686a38e68a741889cc16d0e320fec33106b199fe3a5a276baa34e964c02e.jpeg\",\"datePublished\":\"2026-05-06T13:36:17+00:00\",\"description\":\"Une robe courte chic en taffetas avec une \u00e9l\u00e9gante encolure ronde et un corsage pliss\u00e9. La surprenante jupe, orn\u00e9e d'un gros n\u0153ud, conf\u00e8re \u00e0 la robe une allure \u00e0 la fois ludique et \u00e9l\u00e9gante. Pour un look plus discret et sophistiqu\u00e9, ce mod\u00e8le est \u00e9galement disponible sans jupe, sous le nom de Hortense-D. Ce mod\u00e8le est issu de la collection Le Papillon by Modeca et est disponible exclusivement chez Koonings.\",\"breadcrumb\":{\"@id\":\"https:\\\/\\\/www.koonings.com\\\/fr\\\/product\\\/le-papillon-par-modeca-hortense\\\/#breadcrumb\"},\"inLanguage\":\"fr-FR\",\"potentialAction\":[{\"@type\":\"ReadAction\",\"target\":[\"https:\\\/\\\/www.koonings.com\\\/fr\\\/product\\\/le-papillon-par-modeca-hortense\\\/\"]}]},{\"@type\":\"ImageObject\",\"inLanguage\":\"fr-FR\",\"@id\":\"https:\\\/\\\/www.koonings.com\\\/fr\\\/product\\\/le-papillon-par-modeca-hortense\\\/#primaryimage\",\"url\":\"https:\\\/\\\/www.koonings.com\\\/wp-content\\\/uploads\\\/2025\\\/09\\\/51101_ebf2ab035102686a38e68a741889cc16d0e320fec33106b199fe3a5a276baa34e964c02e.jpeg\",\"contentUrl\":\"https:\\\/\\\/www.koonings.com\\\/wp-content\\\/uploads\\\/2025\\\/09\\\/51101_ebf2ab035102686a38e68a741889cc16d0e320fec33106b199fe3a5a276baa34e964c02e.jpeg\",\"width\":1514,\"height\":2140},{\"@type\":\"BreadcrumbList\",\"@id\":\"https:\\\/\\\/www.koonings.com\\\/fr\\\/product\\\/le-papillon-par-modeca-hortense\\\/#breadcrumb\",\"itemListElement\":[{\"@type\":\"ListItem\",\"position\":1,\"name\":\"Home\",\"item\":\"https:\\\/\\\/www.koonings.com\\\/fr\\\/\"},{\"@type\":\"ListItem\",\"position\":2,\"name\":\"Le Papillon par Modeca Hortense\"}]},{\"@type\":\"WebSite\",\"@id\":\"https:\\\/\\\/www.koonings.com\\\/fr\\\/#website\",\"url\":\"https:\\\/\\\/www.koonings.com\\\/fr\\\/\",\"name\":\"Koonings\",\"description\":\"De grootste bruidsmodewinkel ter wereld\",\"publisher\":{\"@id\":\"https:\\\/\\\/www.koonings.com\\\/fr\\\/#organization\"},\"potentialAction\":[{\"@type\":\"SearchAction\",\"target\":{\"@type\":\"EntryPoint\",\"urlTemplate\":\"https:\\\/\\\/www.koonings.com\\\/fr\\\/?s={search_term_string}\"},\"query-input\":{\"@type\":\"PropertyValueSpecification\",\"valueRequired\":true,\"valueName\":\"search_term_string\"}}],\"inLanguage\":\"fr-FR\"},{\"@type\":\"Organization\",\"@id\":\"https:\\\/\\\/www.koonings.com\\\/fr\\\/#organization\",\"name\":\"Koonings\",\"url\":\"https:\\\/\\\/www.koonings.com\\\/fr\\\/\",\"logo\":{\"@type\":\"ImageObject\",\"inLanguage\":\"fr-FR\",\"@id\":\"https:\\\/\\\/www.koonings.com\\\/fr\\\/#\\\/schema\\\/logo\\\/image\\\/\",\"url\":\"https:\\\/\\\/www.koonings.com\\\/wp-content\\\/uploads\\\/2024\\\/07\\\/logo.png\",\"contentUrl\":\"https:\\\/\\\/www.koonings.com\\\/wp-content\\\/uploads\\\/2024\\\/07\\\/logo.png\",\"width\":600,\"height\":428,\"caption\":\"Koonings\"},\"image\":{\"@id\":\"https:\\\/\\\/www.koonings.com\\\/fr\\\/#\\\/schema\\\/logo\\\/image\\\/\"},\"sameAs\":[\"https:\\\/\\\/www.facebook.com\\\/kooningstheweddingpalace\",\"https:\\\/\\\/www.instagram.com\\\/kooningstheweddingpalace\",\"https:\\\/\\\/www.pinterest.com\\\/koonings\",\"https:\\\/\\\/www.youtube.com\\\/kooningstheweddingpalace\"]}]}<\/script>\n<!-- \/ Yoast SEO plugin. -->","yoast_head_json":{"title":"Le Papillon par Modeca Hortense | Koonings","description":"Une robe courte chic en taffetas avec une \u00e9l\u00e9gante encolure ronde et un corsage pliss\u00e9. La surprenante jupe, orn\u00e9e d'un gros n\u0153ud, conf\u00e8re \u00e0 la robe une allure \u00e0 la fois ludique et \u00e9l\u00e9gante. Pour un look plus discret et sophistiqu\u00e9, ce mod\u00e8le est \u00e9galement disponible sans jupe, sous le nom de Hortense-D. Ce mod\u00e8le est issu de la collection Le Papillon by Modeca et est disponible exclusivement chez Koonings.","robots":{"index":"index","follow":"follow","max-snippet":"max-snippet:-1","max-image-preview":"max-image-preview:large","max-video-preview":"max-video-preview:-1"},"canonical":"https:\/\/www.koonings.com\/fr\/product\/le-papillon-par-modeca-hortense\/","og_locale":"fr_FR","og_type":"article","og_title":"Le Papillon par Modeca Hortense | Koonings","og_description":"Une robe courte chic en taffetas avec une \u00e9l\u00e9gante encolure ronde et un corsage pliss\u00e9. La surprenante jupe, orn\u00e9e d'un gros n\u0153ud, conf\u00e8re \u00e0 la robe une allure \u00e0 la fois ludique et \u00e9l\u00e9gante. Pour un look plus discret et sophistiqu\u00e9, ce mod\u00e8le est \u00e9galement disponible sans jupe, sous le nom de Hortense-D. Ce mod\u00e8le est issu de la collection Le Papillon by Modeca et est disponible exclusivement chez Koonings.","og_url":"https:\/\/www.koonings.com\/fr\/product\/le-papillon-par-modeca-hortense\/","og_site_name":"Koonings","article_publisher":"https:\/\/www.facebook.com\/kooningstheweddingpalace","og_image":[{"width":1514,"height":2140,"url":"https:\/\/www.koonings.com\/wp-content\/uploads\/2025\/09\/51101_ebf2ab035102686a38e68a741889cc16d0e320fec33106b199fe3a5a276baa34e964c02e.jpeg","type":"image\/jpeg"}],"twitter_card":"summary_large_image","schema":{"@context":"https:\/\/schema.org","@graph":[{"@type":"WebPage","@id":"https:\/\/www.koonings.com\/fr\/product\/le-papillon-par-modeca-hortense\/","url":"https:\/\/www.koonings.com\/fr\/product\/le-papillon-par-modeca-hortense\/","name":"Le Papillon par Modeca Hortense | Koonings","isPartOf":{"@id":"https:\/\/www.koonings.com\/fr\/#website"},"primaryImageOfPage":{"@id":"https:\/\/www.koonings.com\/fr\/product\/le-papillon-par-modeca-hortense\/#primaryimage"},"image":{"@id":"https:\/\/www.koonings.com\/fr\/product\/le-papillon-par-modeca-hortense\/#primaryimage"},"thumbnailUrl":"https:\/\/www.koonings.com\/wp-content\/uploads\/2025\/09\/51101_ebf2ab035102686a38e68a741889cc16d0e320fec33106b199fe3a5a276baa34e964c02e.jpeg","datePublished":"2026-05-06T13:36:17+00:00","description":"Une robe courte chic en taffetas avec une \u00e9l\u00e9gante encolure ronde et un corsage pliss\u00e9. La surprenante jupe, orn\u00e9e d'un gros n\u0153ud, conf\u00e8re \u00e0 la robe une allure \u00e0 la fois ludique et \u00e9l\u00e9gante. Pour un look plus discret et sophistiqu\u00e9, ce mod\u00e8le est \u00e9galement disponible sans jupe, sous le nom de Hortense-D. Ce mod\u00e8le est issu de la collection Le Papillon by Modeca et est disponible exclusivement chez Koonings.","breadcrumb":{"@id":"https:\/\/www.koonings.com\/fr\/product\/le-papillon-par-modeca-hortense\/#breadcrumb"},"inLanguage":"fr-FR","potentialAction":[{"@type":"ReadAction","target":["https:\/\/www.koonings.com\/fr\/product\/le-papillon-par-modeca-hortense\/"]}]},{"@type":"ImageObject","inLanguage":"fr-FR","@id":"https:\/\/www.koonings.com\/fr\/product\/le-papillon-par-modeca-hortense\/#primaryimage","url":"https:\/\/www.koonings.com\/wp-content\/uploads\/2025\/09\/51101_ebf2ab035102686a38e68a741889cc16d0e320fec33106b199fe3a5a276baa34e964c02e.jpeg","contentUrl":"https:\/\/www.koonings.com\/wp-content\/uploads\/2025\/09\/51101_ebf2ab035102686a38e68a741889cc16d0e320fec33106b199fe3a5a276baa34e964c02e.jpeg","width":1514,"height":2140},{"@type":"BreadcrumbList","@id":"https:\/\/www.koonings.com\/fr\/product\/le-papillon-par-modeca-hortense\/#breadcrumb","itemListElement":[{"@type":"ListItem","position":1,"name":"Home","item":"https:\/\/www.koonings.com\/fr\/"},{"@type":"ListItem","position":2,"name":"Le Papillon par Modeca Hortense"}]},{"@type":"WebSite","@id":"https:\/\/www.koonings.com\/fr\/#website","url":"https:\/\/www.koonings.com\/fr\/","name":"Koonings","description":"De grootste bruidsmodewinkel ter wereld","publisher":{"@id":"https:\/\/www.koonings.com\/fr\/#organization"},"potentialAction":[{"@type":"SearchAction","target":{"@type":"EntryPoint","urlTemplate":"https:\/\/www.koonings.com\/fr\/?s={search_term_string}"},"query-input":{"@type":"PropertyValueSpecification","valueRequired":true,"valueName":"search_term_string"}}],"inLanguage":"fr-FR"},{"@type":"Organization","@id":"https:\/\/www.koonings.com\/fr\/#organization","name":"Koonings","url":"https:\/\/www.koonings.com\/fr\/","logo":{"@type":"ImageObject","inLanguage":"fr-FR","@id":"https:\/\/www.koonings.com\/fr\/#\/schema\/logo\/image\/","url":"https:\/\/www.koonings.com\/wp-content\/uploads\/2024\/07\/logo.png","contentUrl":"https:\/\/www.koonings.com\/wp-content\/uploads\/2024\/07\/logo.png","width":600,"height":428,"caption":"Koonings"},"image":{"@id":"https:\/\/www.koonings.com\/fr\/#\/schema\/logo\/image\/"},"sameAs":["https:\/\/www.facebook.com\/kooningstheweddingpalace","https:\/\/www.instagram.com\/kooningstheweddingpalace","https:\/\/www.pinterest.com\/koonings","https:\/\/www.youtube.com\/kooningstheweddingpalace"]}]}},"_links":{"self":[{"href":"https:\/\/www.koonings.com\/fr\/wp-json\/wp\/v2\/product\/107056","targetHints":{"allow":["GET"]}}],"collection":[{"href":"https:\/\/www.koonings.com\/fr\/wp-json\/wp\/v2\/product"}],"about":[{"href":"https:\/\/www.koonings.com\/fr\/wp-json\/wp\/v2\/types\/product"}],"wp:featuredmedia":[{"embeddable":true,"href":"https:\/\/www.koonings.com\/fr\/wp-json\/wp\/v2\/media\/97185"}],"wp:attachment":[{"href":"https:\/\/www.koonings.com\/fr\/wp-json\/wp\/v2\/media?parent=107056"}],"wp:term":[{"taxonomy":"productdetails","embeddable":true,"href":"https:\/\/www.koonings.com\/fr\/wp-json\/wp\/v2\/productdetails?post=107056"},{"taxonomy":"productneck","embeddable":true,"href":"https:\/\/www.koonings.com\/fr\/wp-json\/wp\/v2\/productneck?post=107056"},{"taxonomy":"productcolor","embeddable":true,"href":"https:\/\/www.koonings.com\/fr\/wp-json\/wp\/v2\/productcolor?post=107056"},{"taxonomy":"maat","embeddable":true,"href":"https:\/\/www.koonings.com\/fr\/wp-json\/wp\/v2\/maat?post=107056"},{"taxonomy":"productsupplier","embeddable":true,"href":"https:\/\/www.koonings.com\/fr\/wp-json\/wp\/v2\/productsupplier?post=107056"},{"taxonomy":"productsleeve","embeddable":true,"href":"https:\/\/www.koonings.com\/fr\/wp-json\/wp\/v2\/productsleeve?post=107056"},{"taxonomy":"productcategory","embeddable":true,"href":"https:\/\/www.koonings.com\/fr\/wp-json\/wp\/v2\/productcategory?post=107056"},{"taxonomy":"productsilhouette","embeddable":true,"href":"https:\/\/www.koonings.com\/fr\/wp-json\/wp\/v2\/productsilhouette?post=107056"},{"taxonomy":"productstyle","embeddable":true,"href":"https:\/\/www.koonings.com\/fr\/wp-json\/wp\/v2\/productstyle?post=107056"}],"curies":[{"name":"wp","href":"https:\/\/api.w.org\/{rel}","templated":true}]}}