{"id":107053,"date":"2026-05-06T15:36:17","date_gmt":"2026-05-06T13:36:17","guid":{"rendered":"https:\/\/www.koonings.com\/product\/le-papillon-par-modeca-horacia\/"},"modified":"2026-04-14T15:39:33","modified_gmt":"2026-04-14T13:39:33","slug":"le-papillon-par-modeca-horacia","status":"publish","type":"product","link":"https:\/\/www.koonings.com\/fr\/product\/le-papillon-par-modeca-horacia\/","title":{"rendered":"Le Papillon par Modeca Horacia"},"content":{"rendered":"<p>Une robe romantique de forme A avec un d\u00e9collet\u00e9 en forme de c\u0153ur et un corsage en dentelle illusion. Les bretelles d\u00e9collet\u00e9es avec des p\u00e9tales en 3D cr\u00e9ent un look ludique et r\u00eaveur, tandis qu&#8217;une fente subtile ajoute de l&#8217;\u00e9l\u00e9gance au mod\u00e8le. Pour un look plus strict et minimaliste, ce mod\u00e8le est \u00e9galement disponible sans d\u00e9tails floraux sous le nom de Horacia-D.  <\/p>\n<p>Ce motif enchanteur est issu de la collection Le Papillon by Modeca et est disponible chez Koonings.<\/p>\n","protected":false},"featured_media":97160,"template":"","meta":{"_acf_changed":false,"ghostkit_customizer_options":"","ghostkit_custom_css":"","ghostkit_custom_js_head":"","ghostkit_custom_js_foot":"","ghostkit_typography":""},"productdetails":[376,378,381],"productneck":[355],"productcolor":[393,392],"maat":[],"productsupplier":[411],"productsleeve":[357,363],"productcategory":[18],"productsilhouette":[384],"productstyle":[366],"class_list":["post-107053","product","type-product","status-publish","has-post-thumbnail","hentry","productdetails-376","productdetails-378","productdetails-381","productneck-355","productcolor-393","productcolor-392","productsupplier-le-papillon-by-modeca","productsleeve-357","productsleeve-363","productcategory-trouwjurken","productsilhouette-384","productstyle-366"],"acf":[],"yoast_head":"<!-- This site is optimized with the Yoast SEO plugin v27.3 - https:\/\/yoast.com\/product\/yoast-seo-wordpress\/ -->\n<title>Le Papillon par Modeca Horacia | Koonings<\/title>\n<meta name=\"description\" content=\"Une robe romantique de forme A avec un d\u00e9collet\u00e9 en forme de c\u0153ur et un corsage en dentelle illusion. Les bretelles d\u00e9collet\u00e9es avec des p\u00e9tales en 3D cr\u00e9ent un look ludique et r\u00eaveur, tandis qu&#039;une fente subtile ajoute de l&#039;\u00e9l\u00e9gance au mod\u00e8le. Pour un look plus strict et minimaliste, ce mod\u00e8le est \u00e9galement disponible sans d\u00e9tails floraux sous le nom de Horacia-D. Ce motif enchanteur est issu de la collection Le Papillon by Modeca et est disponible chez Koonings.\" \/>\n<meta name=\"robots\" content=\"index, follow, max-snippet:-1, max-image-preview:large, max-video-preview:-1\" \/>\n<link rel=\"canonical\" href=\"https:\/\/www.koonings.com\/fr\/product\/le-papillon-par-modeca-horacia\/\" \/>\n<meta property=\"og:locale\" content=\"fr_FR\" \/>\n<meta property=\"og:type\" content=\"article\" \/>\n<meta property=\"og:title\" content=\"Le Papillon par Modeca Horacia | Koonings\" \/>\n<meta property=\"og:description\" content=\"Une robe romantique de forme A avec un d\u00e9collet\u00e9 en forme de c\u0153ur et un corsage en dentelle illusion. Les bretelles d\u00e9collet\u00e9es avec des p\u00e9tales en 3D cr\u00e9ent un look ludique et r\u00eaveur, tandis qu&#039;une fente subtile ajoute de l&#039;\u00e9l\u00e9gance au mod\u00e8le. Pour un look plus strict et minimaliste, ce mod\u00e8le est \u00e9galement disponible sans d\u00e9tails floraux sous le nom de Horacia-D. Ce motif enchanteur est issu de la collection Le Papillon by Modeca et est disponible chez Koonings.\" \/>\n<meta property=\"og:url\" content=\"https:\/\/www.koonings.com\/fr\/product\/le-papillon-par-modeca-horacia\/\" \/>\n<meta property=\"og:site_name\" content=\"Koonings\" \/>\n<meta property=\"article:publisher\" content=\"https:\/\/www.facebook.com\/kooningstheweddingpalace\" \/>\n<meta property=\"og:image\" content=\"https:\/\/www.koonings.com\/wp-content\/uploads\/2025\/09\/51100_b750b66b2c3bf6f28a07cff6df5b76ce8662e58b6a99d8e86cc703e1f3b53f6571039d6d.jpeg\" \/>\n\t<meta property=\"og:image:width\" content=\"1495\" \/>\n\t<meta property=\"og:image:height\" content=\"2112\" \/>\n\t<meta property=\"og:image:type\" content=\"image\/jpeg\" \/>\n<meta name=\"twitter:card\" content=\"summary_large_image\" \/>\n<script type=\"application\/ld+json\" class=\"yoast-schema-graph\">{\"@context\":\"https:\\\/\\\/schema.org\",\"@graph\":[{\"@type\":\"WebPage\",\"@id\":\"https:\\\/\\\/www.koonings.com\\\/fr\\\/product\\\/le-papillon-par-modeca-horacia\\\/\",\"url\":\"https:\\\/\\\/www.koonings.com\\\/fr\\\/product\\\/le-papillon-par-modeca-horacia\\\/\",\"name\":\"Le Papillon par Modeca Horacia | Koonings\",\"isPartOf\":{\"@id\":\"https:\\\/\\\/www.koonings.com\\\/fr\\\/#website\"},\"primaryImageOfPage\":{\"@id\":\"https:\\\/\\\/www.koonings.com\\\/fr\\\/product\\\/le-papillon-par-modeca-horacia\\\/#primaryimage\"},\"image\":{\"@id\":\"https:\\\/\\\/www.koonings.com\\\/fr\\\/product\\\/le-papillon-par-modeca-horacia\\\/#primaryimage\"},\"thumbnailUrl\":\"https:\\\/\\\/www.koonings.com\\\/wp-content\\\/uploads\\\/2025\\\/09\\\/51100_b750b66b2c3bf6f28a07cff6df5b76ce8662e58b6a99d8e86cc703e1f3b53f6571039d6d.jpeg\",\"datePublished\":\"2026-05-06T13:36:17+00:00\",\"description\":\"Une robe romantique de forme A avec un d\u00e9collet\u00e9 en forme de c\u0153ur et un corsage en dentelle illusion. Les bretelles d\u00e9collet\u00e9es avec des p\u00e9tales en 3D cr\u00e9ent un look ludique et r\u00eaveur, tandis qu'une fente subtile ajoute de l'\u00e9l\u00e9gance au mod\u00e8le. Pour un look plus strict et minimaliste, ce mod\u00e8le est \u00e9galement disponible sans d\u00e9tails floraux sous le nom de Horacia-D. Ce motif enchanteur est issu de la collection Le Papillon by Modeca et est disponible chez Koonings.\",\"breadcrumb\":{\"@id\":\"https:\\\/\\\/www.koonings.com\\\/fr\\\/product\\\/le-papillon-par-modeca-horacia\\\/#breadcrumb\"},\"inLanguage\":\"fr-FR\",\"potentialAction\":[{\"@type\":\"ReadAction\",\"target\":[\"https:\\\/\\\/www.koonings.com\\\/fr\\\/product\\\/le-papillon-par-modeca-horacia\\\/\"]}]},{\"@type\":\"ImageObject\",\"inLanguage\":\"fr-FR\",\"@id\":\"https:\\\/\\\/www.koonings.com\\\/fr\\\/product\\\/le-papillon-par-modeca-horacia\\\/#primaryimage\",\"url\":\"https:\\\/\\\/www.koonings.com\\\/wp-content\\\/uploads\\\/2025\\\/09\\\/51100_b750b66b2c3bf6f28a07cff6df5b76ce8662e58b6a99d8e86cc703e1f3b53f6571039d6d.jpeg\",\"contentUrl\":\"https:\\\/\\\/www.koonings.com\\\/wp-content\\\/uploads\\\/2025\\\/09\\\/51100_b750b66b2c3bf6f28a07cff6df5b76ce8662e58b6a99d8e86cc703e1f3b53f6571039d6d.jpeg\",\"width\":1495,\"height\":2112},{\"@type\":\"BreadcrumbList\",\"@id\":\"https:\\\/\\\/www.koonings.com\\\/fr\\\/product\\\/le-papillon-par-modeca-horacia\\\/#breadcrumb\",\"itemListElement\":[{\"@type\":\"ListItem\",\"position\":1,\"name\":\"Home\",\"item\":\"https:\\\/\\\/www.koonings.com\\\/fr\\\/\"},{\"@type\":\"ListItem\",\"position\":2,\"name\":\"Le Papillon par Modeca Horacia\"}]},{\"@type\":\"WebSite\",\"@id\":\"https:\\\/\\\/www.koonings.com\\\/fr\\\/#website\",\"url\":\"https:\\\/\\\/www.koonings.com\\\/fr\\\/\",\"name\":\"Koonings\",\"description\":\"De grootste bruidsmodewinkel ter wereld\",\"publisher\":{\"@id\":\"https:\\\/\\\/www.koonings.com\\\/fr\\\/#organization\"},\"potentialAction\":[{\"@type\":\"SearchAction\",\"target\":{\"@type\":\"EntryPoint\",\"urlTemplate\":\"https:\\\/\\\/www.koonings.com\\\/fr\\\/?s={search_term_string}\"},\"query-input\":{\"@type\":\"PropertyValueSpecification\",\"valueRequired\":true,\"valueName\":\"search_term_string\"}}],\"inLanguage\":\"fr-FR\"},{\"@type\":\"Organization\",\"@id\":\"https:\\\/\\\/www.koonings.com\\\/fr\\\/#organization\",\"name\":\"Koonings\",\"url\":\"https:\\\/\\\/www.koonings.com\\\/fr\\\/\",\"logo\":{\"@type\":\"ImageObject\",\"inLanguage\":\"fr-FR\",\"@id\":\"https:\\\/\\\/www.koonings.com\\\/fr\\\/#\\\/schema\\\/logo\\\/image\\\/\",\"url\":\"https:\\\/\\\/www.koonings.com\\\/wp-content\\\/uploads\\\/2024\\\/07\\\/logo.png\",\"contentUrl\":\"https:\\\/\\\/www.koonings.com\\\/wp-content\\\/uploads\\\/2024\\\/07\\\/logo.png\",\"width\":600,\"height\":428,\"caption\":\"Koonings\"},\"image\":{\"@id\":\"https:\\\/\\\/www.koonings.com\\\/fr\\\/#\\\/schema\\\/logo\\\/image\\\/\"},\"sameAs\":[\"https:\\\/\\\/www.facebook.com\\\/kooningstheweddingpalace\",\"https:\\\/\\\/www.instagram.com\\\/kooningstheweddingpalace\",\"https:\\\/\\\/www.pinterest.com\\\/koonings\",\"https:\\\/\\\/www.youtube.com\\\/kooningstheweddingpalace\"]}]}<\/script>\n<!-- \/ Yoast SEO plugin. -->","yoast_head_json":{"title":"Le Papillon par Modeca Horacia | Koonings","description":"Une robe romantique de forme A avec un d\u00e9collet\u00e9 en forme de c\u0153ur et un corsage en dentelle illusion. Les bretelles d\u00e9collet\u00e9es avec des p\u00e9tales en 3D cr\u00e9ent un look ludique et r\u00eaveur, tandis qu'une fente subtile ajoute de l'\u00e9l\u00e9gance au mod\u00e8le. Pour un look plus strict et minimaliste, ce mod\u00e8le est \u00e9galement disponible sans d\u00e9tails floraux sous le nom de Horacia-D. Ce motif enchanteur est issu de la collection Le Papillon by Modeca et est disponible chez Koonings.","robots":{"index":"index","follow":"follow","max-snippet":"max-snippet:-1","max-image-preview":"max-image-preview:large","max-video-preview":"max-video-preview:-1"},"canonical":"https:\/\/www.koonings.com\/fr\/product\/le-papillon-par-modeca-horacia\/","og_locale":"fr_FR","og_type":"article","og_title":"Le Papillon par Modeca Horacia | Koonings","og_description":"Une robe romantique de forme A avec un d\u00e9collet\u00e9 en forme de c\u0153ur et un corsage en dentelle illusion. Les bretelles d\u00e9collet\u00e9es avec des p\u00e9tales en 3D cr\u00e9ent un look ludique et r\u00eaveur, tandis qu'une fente subtile ajoute de l'\u00e9l\u00e9gance au mod\u00e8le. Pour un look plus strict et minimaliste, ce mod\u00e8le est \u00e9galement disponible sans d\u00e9tails floraux sous le nom de Horacia-D. Ce motif enchanteur est issu de la collection Le Papillon by Modeca et est disponible chez Koonings.","og_url":"https:\/\/www.koonings.com\/fr\/product\/le-papillon-par-modeca-horacia\/","og_site_name":"Koonings","article_publisher":"https:\/\/www.facebook.com\/kooningstheweddingpalace","og_image":[{"width":1495,"height":2112,"url":"https:\/\/www.koonings.com\/wp-content\/uploads\/2025\/09\/51100_b750b66b2c3bf6f28a07cff6df5b76ce8662e58b6a99d8e86cc703e1f3b53f6571039d6d.jpeg","type":"image\/jpeg"}],"twitter_card":"summary_large_image","schema":{"@context":"https:\/\/schema.org","@graph":[{"@type":"WebPage","@id":"https:\/\/www.koonings.com\/fr\/product\/le-papillon-par-modeca-horacia\/","url":"https:\/\/www.koonings.com\/fr\/product\/le-papillon-par-modeca-horacia\/","name":"Le Papillon par Modeca Horacia | Koonings","isPartOf":{"@id":"https:\/\/www.koonings.com\/fr\/#website"},"primaryImageOfPage":{"@id":"https:\/\/www.koonings.com\/fr\/product\/le-papillon-par-modeca-horacia\/#primaryimage"},"image":{"@id":"https:\/\/www.koonings.com\/fr\/product\/le-papillon-par-modeca-horacia\/#primaryimage"},"thumbnailUrl":"https:\/\/www.koonings.com\/wp-content\/uploads\/2025\/09\/51100_b750b66b2c3bf6f28a07cff6df5b76ce8662e58b6a99d8e86cc703e1f3b53f6571039d6d.jpeg","datePublished":"2026-05-06T13:36:17+00:00","description":"Une robe romantique de forme A avec un d\u00e9collet\u00e9 en forme de c\u0153ur et un corsage en dentelle illusion. Les bretelles d\u00e9collet\u00e9es avec des p\u00e9tales en 3D cr\u00e9ent un look ludique et r\u00eaveur, tandis qu'une fente subtile ajoute de l'\u00e9l\u00e9gance au mod\u00e8le. Pour un look plus strict et minimaliste, ce mod\u00e8le est \u00e9galement disponible sans d\u00e9tails floraux sous le nom de Horacia-D. Ce motif enchanteur est issu de la collection Le Papillon by Modeca et est disponible chez Koonings.","breadcrumb":{"@id":"https:\/\/www.koonings.com\/fr\/product\/le-papillon-par-modeca-horacia\/#breadcrumb"},"inLanguage":"fr-FR","potentialAction":[{"@type":"ReadAction","target":["https:\/\/www.koonings.com\/fr\/product\/le-papillon-par-modeca-horacia\/"]}]},{"@type":"ImageObject","inLanguage":"fr-FR","@id":"https:\/\/www.koonings.com\/fr\/product\/le-papillon-par-modeca-horacia\/#primaryimage","url":"https:\/\/www.koonings.com\/wp-content\/uploads\/2025\/09\/51100_b750b66b2c3bf6f28a07cff6df5b76ce8662e58b6a99d8e86cc703e1f3b53f6571039d6d.jpeg","contentUrl":"https:\/\/www.koonings.com\/wp-content\/uploads\/2025\/09\/51100_b750b66b2c3bf6f28a07cff6df5b76ce8662e58b6a99d8e86cc703e1f3b53f6571039d6d.jpeg","width":1495,"height":2112},{"@type":"BreadcrumbList","@id":"https:\/\/www.koonings.com\/fr\/product\/le-papillon-par-modeca-horacia\/#breadcrumb","itemListElement":[{"@type":"ListItem","position":1,"name":"Home","item":"https:\/\/www.koonings.com\/fr\/"},{"@type":"ListItem","position":2,"name":"Le Papillon par Modeca Horacia"}]},{"@type":"WebSite","@id":"https:\/\/www.koonings.com\/fr\/#website","url":"https:\/\/www.koonings.com\/fr\/","name":"Koonings","description":"De grootste bruidsmodewinkel ter wereld","publisher":{"@id":"https:\/\/www.koonings.com\/fr\/#organization"},"potentialAction":[{"@type":"SearchAction","target":{"@type":"EntryPoint","urlTemplate":"https:\/\/www.koonings.com\/fr\/?s={search_term_string}"},"query-input":{"@type":"PropertyValueSpecification","valueRequired":true,"valueName":"search_term_string"}}],"inLanguage":"fr-FR"},{"@type":"Organization","@id":"https:\/\/www.koonings.com\/fr\/#organization","name":"Koonings","url":"https:\/\/www.koonings.com\/fr\/","logo":{"@type":"ImageObject","inLanguage":"fr-FR","@id":"https:\/\/www.koonings.com\/fr\/#\/schema\/logo\/image\/","url":"https:\/\/www.koonings.com\/wp-content\/uploads\/2024\/07\/logo.png","contentUrl":"https:\/\/www.koonings.com\/wp-content\/uploads\/2024\/07\/logo.png","width":600,"height":428,"caption":"Koonings"},"image":{"@id":"https:\/\/www.koonings.com\/fr\/#\/schema\/logo\/image\/"},"sameAs":["https:\/\/www.facebook.com\/kooningstheweddingpalace","https:\/\/www.instagram.com\/kooningstheweddingpalace","https:\/\/www.pinterest.com\/koonings","https:\/\/www.youtube.com\/kooningstheweddingpalace"]}]}},"_links":{"self":[{"href":"https:\/\/www.koonings.com\/fr\/wp-json\/wp\/v2\/product\/107053","targetHints":{"allow":["GET"]}}],"collection":[{"href":"https:\/\/www.koonings.com\/fr\/wp-json\/wp\/v2\/product"}],"about":[{"href":"https:\/\/www.koonings.com\/fr\/wp-json\/wp\/v2\/types\/product"}],"wp:featuredmedia":[{"embeddable":true,"href":"https:\/\/www.koonings.com\/fr\/wp-json\/wp\/v2\/media\/97160"}],"wp:attachment":[{"href":"https:\/\/www.koonings.com\/fr\/wp-json\/wp\/v2\/media?parent=107053"}],"wp:term":[{"taxonomy":"productdetails","embeddable":true,"href":"https:\/\/www.koonings.com\/fr\/wp-json\/wp\/v2\/productdetails?post=107053"},{"taxonomy":"productneck","embeddable":true,"href":"https:\/\/www.koonings.com\/fr\/wp-json\/wp\/v2\/productneck?post=107053"},{"taxonomy":"productcolor","embeddable":true,"href":"https:\/\/www.koonings.com\/fr\/wp-json\/wp\/v2\/productcolor?post=107053"},{"taxonomy":"maat","embeddable":true,"href":"https:\/\/www.koonings.com\/fr\/wp-json\/wp\/v2\/maat?post=107053"},{"taxonomy":"productsupplier","embeddable":true,"href":"https:\/\/www.koonings.com\/fr\/wp-json\/wp\/v2\/productsupplier?post=107053"},{"taxonomy":"productsleeve","embeddable":true,"href":"https:\/\/www.koonings.com\/fr\/wp-json\/wp\/v2\/productsleeve?post=107053"},{"taxonomy":"productcategory","embeddable":true,"href":"https:\/\/www.koonings.com\/fr\/wp-json\/wp\/v2\/productcategory?post=107053"},{"taxonomy":"productsilhouette","embeddable":true,"href":"https:\/\/www.koonings.com\/fr\/wp-json\/wp\/v2\/productsilhouette?post=107053"},{"taxonomy":"productstyle","embeddable":true,"href":"https:\/\/www.koonings.com\/fr\/wp-json\/wp\/v2\/productstyle?post=107053"}],"curies":[{"name":"wp","href":"https:\/\/api.w.org\/{rel}","templated":true}]}}