{"id":107050,"date":"2026-05-06T15:36:16","date_gmt":"2026-05-06T13:36:16","guid":{"rendered":"https:\/\/www.koonings.com\/product\/le-papillon-par-modeca-hind\/"},"modified":"2026-04-14T15:41:57","modified_gmt":"2026-04-14T13:41:57","slug":"le-papillon-par-modeca-hind","status":"publish","type":"product","link":"https:\/\/www.koonings.com\/fr\/product\/le-papillon-par-modeca-hind\/","title":{"rendered":"Le Papillon par Modeca Hind"},"content":{"rendered":"<p>Cette robe audacieuse de forme A est dot\u00e9e d&#8217;un bustier et d&#8217;une encolure profonde en forme de c\u0153ur, ce qui donne une impression d&#8217;assurance. Le corsage pliss\u00e9 en tulle \u00e9tincelant ajoute de la profondeur et de la texture, tandis que la jupe en tulle \u00e9tincelant est orn\u00e9e de dentelle perl\u00e9e. Le r\u00e9sultat est un look enchanteur et inoubliable &#8211; parfait pour la mari\u00e9e qui souhaite combiner \u00e9l\u00e9gance et audace.  <\/p>\n<p>Ce mod\u00e8le fait partie de la collection Le Papillon by Modeca et est disponible chez Koonings.<\/p>\n","protected":false},"featured_media":97143,"template":"","meta":{"_acf_changed":false,"ghostkit_customizer_options":"","ghostkit_custom_css":"","ghostkit_custom_js_head":"","ghostkit_custom_js_foot":"","ghostkit_typography":""},"productdetails":[379,376,378,381],"productneck":[355],"productcolor":[393,392],"maat":[],"productsupplier":[411],"productsleeve":[363],"productcategory":[18],"productsilhouette":[384],"productstyle":[366,370],"class_list":["post-107050","product","type-product","status-publish","has-post-thumbnail","hentry","productdetails-379","productdetails-376","productdetails-378","productdetails-381","productneck-355","productcolor-393","productcolor-392","productsupplier-le-papillon-by-modeca","productsleeve-363","productcategory-trouwjurken","productsilhouette-384","productstyle-366","productstyle-370"],"acf":[],"yoast_head":"<!-- This site is optimized with the Yoast SEO plugin v27.3 - https:\/\/yoast.com\/product\/yoast-seo-wordpress\/ -->\n<title>Le Papillon par Modeca Hind | Koonings<\/title>\n<meta name=\"description\" content=\"Cette robe audacieuse de forme A est dot\u00e9e d&#039;un bustier et d&#039;une encolure profonde en forme de c\u0153ur, ce qui donne une impression d&#039;assurance. Le corsage pliss\u00e9 en tulle \u00e9tincelant ajoute de la profondeur et de la texture, tandis que la jupe en tulle \u00e9tincelant est orn\u00e9e de dentelle perl\u00e9e. Le r\u00e9sultat est un look enchanteur et inoubliable - parfait pour la mari\u00e9e qui souhaite combiner \u00e9l\u00e9gance et audace. Ce mod\u00e8le fait partie de la collection Le Papillon by Modeca et est disponible chez Koonings.\" \/>\n<meta name=\"robots\" content=\"index, follow, max-snippet:-1, max-image-preview:large, max-video-preview:-1\" \/>\n<link rel=\"canonical\" href=\"https:\/\/www.koonings.com\/fr\/product\/le-papillon-par-modeca-hind\/\" \/>\n<meta property=\"og:locale\" content=\"fr_FR\" \/>\n<meta property=\"og:type\" content=\"article\" \/>\n<meta property=\"og:title\" content=\"Le Papillon par Modeca Hind | Koonings\" \/>\n<meta property=\"og:description\" content=\"Cette robe audacieuse de forme A est dot\u00e9e d&#039;un bustier et d&#039;une encolure profonde en forme de c\u0153ur, ce qui donne une impression d&#039;assurance. Le corsage pliss\u00e9 en tulle \u00e9tincelant ajoute de la profondeur et de la texture, tandis que la jupe en tulle \u00e9tincelant est orn\u00e9e de dentelle perl\u00e9e. Le r\u00e9sultat est un look enchanteur et inoubliable - parfait pour la mari\u00e9e qui souhaite combiner \u00e9l\u00e9gance et audace. Ce mod\u00e8le fait partie de la collection Le Papillon by Modeca et est disponible chez Koonings.\" \/>\n<meta property=\"og:url\" content=\"https:\/\/www.koonings.com\/fr\/product\/le-papillon-par-modeca-hind\/\" \/>\n<meta property=\"og:site_name\" content=\"Koonings\" \/>\n<meta property=\"article:publisher\" content=\"https:\/\/www.facebook.com\/kooningstheweddingpalace\" \/>\n<meta property=\"og:image\" content=\"https:\/\/www.koonings.com\/wp-content\/uploads\/2025\/09\/51099_1aedab839acf20bdf07ee60b4757c8a1c65952c64305a0a8da35db4c155737869cfae3a6.jpeg\" \/>\n\t<meta property=\"og:image:width\" content=\"1540\" \/>\n\t<meta property=\"og:image:height\" content=\"2176\" \/>\n\t<meta property=\"og:image:type\" content=\"image\/jpeg\" \/>\n<meta name=\"twitter:card\" content=\"summary_large_image\" \/>\n<script type=\"application\/ld+json\" class=\"yoast-schema-graph\">{\"@context\":\"https:\\\/\\\/schema.org\",\"@graph\":[{\"@type\":\"WebPage\",\"@id\":\"https:\\\/\\\/www.koonings.com\\\/fr\\\/product\\\/le-papillon-par-modeca-hind\\\/\",\"url\":\"https:\\\/\\\/www.koonings.com\\\/fr\\\/product\\\/le-papillon-par-modeca-hind\\\/\",\"name\":\"Le Papillon par Modeca Hind | Koonings\",\"isPartOf\":{\"@id\":\"https:\\\/\\\/www.koonings.com\\\/fr\\\/#website\"},\"primaryImageOfPage\":{\"@id\":\"https:\\\/\\\/www.koonings.com\\\/fr\\\/product\\\/le-papillon-par-modeca-hind\\\/#primaryimage\"},\"image\":{\"@id\":\"https:\\\/\\\/www.koonings.com\\\/fr\\\/product\\\/le-papillon-par-modeca-hind\\\/#primaryimage\"},\"thumbnailUrl\":\"https:\\\/\\\/www.koonings.com\\\/wp-content\\\/uploads\\\/2025\\\/09\\\/51099_1aedab839acf20bdf07ee60b4757c8a1c65952c64305a0a8da35db4c155737869cfae3a6.jpeg\",\"datePublished\":\"2026-05-06T13:36:16+00:00\",\"description\":\"Cette robe audacieuse de forme A est dot\u00e9e d'un bustier et d'une encolure profonde en forme de c\u0153ur, ce qui donne une impression d'assurance. Le corsage pliss\u00e9 en tulle \u00e9tincelant ajoute de la profondeur et de la texture, tandis que la jupe en tulle \u00e9tincelant est orn\u00e9e de dentelle perl\u00e9e. Le r\u00e9sultat est un look enchanteur et inoubliable - parfait pour la mari\u00e9e qui souhaite combiner \u00e9l\u00e9gance et audace. Ce mod\u00e8le fait partie de la collection Le Papillon by Modeca et est disponible chez Koonings.\",\"breadcrumb\":{\"@id\":\"https:\\\/\\\/www.koonings.com\\\/fr\\\/product\\\/le-papillon-par-modeca-hind\\\/#breadcrumb\"},\"inLanguage\":\"fr-FR\",\"potentialAction\":[{\"@type\":\"ReadAction\",\"target\":[\"https:\\\/\\\/www.koonings.com\\\/fr\\\/product\\\/le-papillon-par-modeca-hind\\\/\"]}]},{\"@type\":\"ImageObject\",\"inLanguage\":\"fr-FR\",\"@id\":\"https:\\\/\\\/www.koonings.com\\\/fr\\\/product\\\/le-papillon-par-modeca-hind\\\/#primaryimage\",\"url\":\"https:\\\/\\\/www.koonings.com\\\/wp-content\\\/uploads\\\/2025\\\/09\\\/51099_1aedab839acf20bdf07ee60b4757c8a1c65952c64305a0a8da35db4c155737869cfae3a6.jpeg\",\"contentUrl\":\"https:\\\/\\\/www.koonings.com\\\/wp-content\\\/uploads\\\/2025\\\/09\\\/51099_1aedab839acf20bdf07ee60b4757c8a1c65952c64305a0a8da35db4c155737869cfae3a6.jpeg\",\"width\":1540,\"height\":2176},{\"@type\":\"BreadcrumbList\",\"@id\":\"https:\\\/\\\/www.koonings.com\\\/fr\\\/product\\\/le-papillon-par-modeca-hind\\\/#breadcrumb\",\"itemListElement\":[{\"@type\":\"ListItem\",\"position\":1,\"name\":\"Home\",\"item\":\"https:\\\/\\\/www.koonings.com\\\/fr\\\/\"},{\"@type\":\"ListItem\",\"position\":2,\"name\":\"Le Papillon par Modeca Hind\"}]},{\"@type\":\"WebSite\",\"@id\":\"https:\\\/\\\/www.koonings.com\\\/fr\\\/#website\",\"url\":\"https:\\\/\\\/www.koonings.com\\\/fr\\\/\",\"name\":\"Koonings\",\"description\":\"De grootste bruidsmodewinkel ter wereld\",\"publisher\":{\"@id\":\"https:\\\/\\\/www.koonings.com\\\/fr\\\/#organization\"},\"potentialAction\":[{\"@type\":\"SearchAction\",\"target\":{\"@type\":\"EntryPoint\",\"urlTemplate\":\"https:\\\/\\\/www.koonings.com\\\/fr\\\/?s={search_term_string}\"},\"query-input\":{\"@type\":\"PropertyValueSpecification\",\"valueRequired\":true,\"valueName\":\"search_term_string\"}}],\"inLanguage\":\"fr-FR\"},{\"@type\":\"Organization\",\"@id\":\"https:\\\/\\\/www.koonings.com\\\/fr\\\/#organization\",\"name\":\"Koonings\",\"url\":\"https:\\\/\\\/www.koonings.com\\\/fr\\\/\",\"logo\":{\"@type\":\"ImageObject\",\"inLanguage\":\"fr-FR\",\"@id\":\"https:\\\/\\\/www.koonings.com\\\/fr\\\/#\\\/schema\\\/logo\\\/image\\\/\",\"url\":\"https:\\\/\\\/www.koonings.com\\\/wp-content\\\/uploads\\\/2024\\\/07\\\/logo.png\",\"contentUrl\":\"https:\\\/\\\/www.koonings.com\\\/wp-content\\\/uploads\\\/2024\\\/07\\\/logo.png\",\"width\":600,\"height\":428,\"caption\":\"Koonings\"},\"image\":{\"@id\":\"https:\\\/\\\/www.koonings.com\\\/fr\\\/#\\\/schema\\\/logo\\\/image\\\/\"},\"sameAs\":[\"https:\\\/\\\/www.facebook.com\\\/kooningstheweddingpalace\",\"https:\\\/\\\/www.instagram.com\\\/kooningstheweddingpalace\",\"https:\\\/\\\/www.pinterest.com\\\/koonings\",\"https:\\\/\\\/www.youtube.com\\\/kooningstheweddingpalace\"]}]}<\/script>\n<!-- \/ Yoast SEO plugin. -->","yoast_head_json":{"title":"Le Papillon par Modeca Hind | Koonings","description":"Cette robe audacieuse de forme A est dot\u00e9e d'un bustier et d'une encolure profonde en forme de c\u0153ur, ce qui donne une impression d'assurance. Le corsage pliss\u00e9 en tulle \u00e9tincelant ajoute de la profondeur et de la texture, tandis que la jupe en tulle \u00e9tincelant est orn\u00e9e de dentelle perl\u00e9e. Le r\u00e9sultat est un look enchanteur et inoubliable - parfait pour la mari\u00e9e qui souhaite combiner \u00e9l\u00e9gance et audace. Ce mod\u00e8le fait partie de la collection Le Papillon by Modeca et est disponible chez Koonings.","robots":{"index":"index","follow":"follow","max-snippet":"max-snippet:-1","max-image-preview":"max-image-preview:large","max-video-preview":"max-video-preview:-1"},"canonical":"https:\/\/www.koonings.com\/fr\/product\/le-papillon-par-modeca-hind\/","og_locale":"fr_FR","og_type":"article","og_title":"Le Papillon par Modeca Hind | Koonings","og_description":"Cette robe audacieuse de forme A est dot\u00e9e d'un bustier et d'une encolure profonde en forme de c\u0153ur, ce qui donne une impression d'assurance. Le corsage pliss\u00e9 en tulle \u00e9tincelant ajoute de la profondeur et de la texture, tandis que la jupe en tulle \u00e9tincelant est orn\u00e9e de dentelle perl\u00e9e. Le r\u00e9sultat est un look enchanteur et inoubliable - parfait pour la mari\u00e9e qui souhaite combiner \u00e9l\u00e9gance et audace. Ce mod\u00e8le fait partie de la collection Le Papillon by Modeca et est disponible chez Koonings.","og_url":"https:\/\/www.koonings.com\/fr\/product\/le-papillon-par-modeca-hind\/","og_site_name":"Koonings","article_publisher":"https:\/\/www.facebook.com\/kooningstheweddingpalace","og_image":[{"width":1540,"height":2176,"url":"https:\/\/www.koonings.com\/wp-content\/uploads\/2025\/09\/51099_1aedab839acf20bdf07ee60b4757c8a1c65952c64305a0a8da35db4c155737869cfae3a6.jpeg","type":"image\/jpeg"}],"twitter_card":"summary_large_image","schema":{"@context":"https:\/\/schema.org","@graph":[{"@type":"WebPage","@id":"https:\/\/www.koonings.com\/fr\/product\/le-papillon-par-modeca-hind\/","url":"https:\/\/www.koonings.com\/fr\/product\/le-papillon-par-modeca-hind\/","name":"Le Papillon par Modeca Hind | Koonings","isPartOf":{"@id":"https:\/\/www.koonings.com\/fr\/#website"},"primaryImageOfPage":{"@id":"https:\/\/www.koonings.com\/fr\/product\/le-papillon-par-modeca-hind\/#primaryimage"},"image":{"@id":"https:\/\/www.koonings.com\/fr\/product\/le-papillon-par-modeca-hind\/#primaryimage"},"thumbnailUrl":"https:\/\/www.koonings.com\/wp-content\/uploads\/2025\/09\/51099_1aedab839acf20bdf07ee60b4757c8a1c65952c64305a0a8da35db4c155737869cfae3a6.jpeg","datePublished":"2026-05-06T13:36:16+00:00","description":"Cette robe audacieuse de forme A est dot\u00e9e d'un bustier et d'une encolure profonde en forme de c\u0153ur, ce qui donne une impression d'assurance. Le corsage pliss\u00e9 en tulle \u00e9tincelant ajoute de la profondeur et de la texture, tandis que la jupe en tulle \u00e9tincelant est orn\u00e9e de dentelle perl\u00e9e. Le r\u00e9sultat est un look enchanteur et inoubliable - parfait pour la mari\u00e9e qui souhaite combiner \u00e9l\u00e9gance et audace. Ce mod\u00e8le fait partie de la collection Le Papillon by Modeca et est disponible chez Koonings.","breadcrumb":{"@id":"https:\/\/www.koonings.com\/fr\/product\/le-papillon-par-modeca-hind\/#breadcrumb"},"inLanguage":"fr-FR","potentialAction":[{"@type":"ReadAction","target":["https:\/\/www.koonings.com\/fr\/product\/le-papillon-par-modeca-hind\/"]}]},{"@type":"ImageObject","inLanguage":"fr-FR","@id":"https:\/\/www.koonings.com\/fr\/product\/le-papillon-par-modeca-hind\/#primaryimage","url":"https:\/\/www.koonings.com\/wp-content\/uploads\/2025\/09\/51099_1aedab839acf20bdf07ee60b4757c8a1c65952c64305a0a8da35db4c155737869cfae3a6.jpeg","contentUrl":"https:\/\/www.koonings.com\/wp-content\/uploads\/2025\/09\/51099_1aedab839acf20bdf07ee60b4757c8a1c65952c64305a0a8da35db4c155737869cfae3a6.jpeg","width":1540,"height":2176},{"@type":"BreadcrumbList","@id":"https:\/\/www.koonings.com\/fr\/product\/le-papillon-par-modeca-hind\/#breadcrumb","itemListElement":[{"@type":"ListItem","position":1,"name":"Home","item":"https:\/\/www.koonings.com\/fr\/"},{"@type":"ListItem","position":2,"name":"Le Papillon par Modeca Hind"}]},{"@type":"WebSite","@id":"https:\/\/www.koonings.com\/fr\/#website","url":"https:\/\/www.koonings.com\/fr\/","name":"Koonings","description":"De grootste bruidsmodewinkel ter wereld","publisher":{"@id":"https:\/\/www.koonings.com\/fr\/#organization"},"potentialAction":[{"@type":"SearchAction","target":{"@type":"EntryPoint","urlTemplate":"https:\/\/www.koonings.com\/fr\/?s={search_term_string}"},"query-input":{"@type":"PropertyValueSpecification","valueRequired":true,"valueName":"search_term_string"}}],"inLanguage":"fr-FR"},{"@type":"Organization","@id":"https:\/\/www.koonings.com\/fr\/#organization","name":"Koonings","url":"https:\/\/www.koonings.com\/fr\/","logo":{"@type":"ImageObject","inLanguage":"fr-FR","@id":"https:\/\/www.koonings.com\/fr\/#\/schema\/logo\/image\/","url":"https:\/\/www.koonings.com\/wp-content\/uploads\/2024\/07\/logo.png","contentUrl":"https:\/\/www.koonings.com\/wp-content\/uploads\/2024\/07\/logo.png","width":600,"height":428,"caption":"Koonings"},"image":{"@id":"https:\/\/www.koonings.com\/fr\/#\/schema\/logo\/image\/"},"sameAs":["https:\/\/www.facebook.com\/kooningstheweddingpalace","https:\/\/www.instagram.com\/kooningstheweddingpalace","https:\/\/www.pinterest.com\/koonings","https:\/\/www.youtube.com\/kooningstheweddingpalace"]}]}},"_links":{"self":[{"href":"https:\/\/www.koonings.com\/fr\/wp-json\/wp\/v2\/product\/107050","targetHints":{"allow":["GET"]}}],"collection":[{"href":"https:\/\/www.koonings.com\/fr\/wp-json\/wp\/v2\/product"}],"about":[{"href":"https:\/\/www.koonings.com\/fr\/wp-json\/wp\/v2\/types\/product"}],"wp:featuredmedia":[{"embeddable":true,"href":"https:\/\/www.koonings.com\/fr\/wp-json\/wp\/v2\/media\/97143"}],"wp:attachment":[{"href":"https:\/\/www.koonings.com\/fr\/wp-json\/wp\/v2\/media?parent=107050"}],"wp:term":[{"taxonomy":"productdetails","embeddable":true,"href":"https:\/\/www.koonings.com\/fr\/wp-json\/wp\/v2\/productdetails?post=107050"},{"taxonomy":"productneck","embeddable":true,"href":"https:\/\/www.koonings.com\/fr\/wp-json\/wp\/v2\/productneck?post=107050"},{"taxonomy":"productcolor","embeddable":true,"href":"https:\/\/www.koonings.com\/fr\/wp-json\/wp\/v2\/productcolor?post=107050"},{"taxonomy":"maat","embeddable":true,"href":"https:\/\/www.koonings.com\/fr\/wp-json\/wp\/v2\/maat?post=107050"},{"taxonomy":"productsupplier","embeddable":true,"href":"https:\/\/www.koonings.com\/fr\/wp-json\/wp\/v2\/productsupplier?post=107050"},{"taxonomy":"productsleeve","embeddable":true,"href":"https:\/\/www.koonings.com\/fr\/wp-json\/wp\/v2\/productsleeve?post=107050"},{"taxonomy":"productcategory","embeddable":true,"href":"https:\/\/www.koonings.com\/fr\/wp-json\/wp\/v2\/productcategory?post=107050"},{"taxonomy":"productsilhouette","embeddable":true,"href":"https:\/\/www.koonings.com\/fr\/wp-json\/wp\/v2\/productsilhouette?post=107050"},{"taxonomy":"productstyle","embeddable":true,"href":"https:\/\/www.koonings.com\/fr\/wp-json\/wp\/v2\/productstyle?post=107050"}],"curies":[{"name":"wp","href":"https:\/\/api.w.org\/{rel}","templated":true}]}}