{"id":107047,"date":"2026-05-06T15:36:16","date_gmt":"2026-05-06T13:36:16","guid":{"rendered":"https:\/\/www.koonings.com\/product\/le-papillon-par-modeca-hilma\/"},"modified":"2026-04-14T15:39:24","modified_gmt":"2026-04-14T13:39:24","slug":"le-papillon-par-modeca-hilma","status":"publish","type":"product","link":"https:\/\/www.koonings.com\/fr\/product\/le-papillon-par-modeca-hilma\/","title":{"rendered":"Le Papillon par Modeca Hilma"},"content":{"rendered":"<p>Cette robe de bal spectaculaire en satin mat pr\u00e9sente un d\u00e9collet\u00e9 profond et une taille basse qui cr\u00e9ent une silhouette audacieuse et flatteuse. Les poches cach\u00e9es sont pratiques, tandis que le n\u0153ud d\u00e9tachable dans le dos attire tous les regards et ajoute du glamour et du charme. Cette robe est parfaite pour les mari\u00e9es qui souhaitent se d\u00e9marquer par un design \u00e9pur\u00e9 et \u00e9l\u00e9gant.  <\/p>\n<p>Ce mod\u00e8le est \u00e9galement disponible sans l&#8217;archet sous le nom de Hilma-D.<br \/>\nDe la collection Le Papillon by Modeca, disponible exclusivement chez Koonings.<\/p>\n","protected":false},"featured_media":97126,"template":"","meta":{"_acf_changed":false,"ghostkit_customizer_options":"","ghostkit_custom_css":"","ghostkit_custom_js_head":"","ghostkit_custom_js_foot":"","ghostkit_typography":""},"productdetails":[],"productneck":[355],"productcolor":[392],"maat":[],"productsupplier":[411],"productsleeve":[359],"productcategory":[18],"productsilhouette":[388],"productstyle":[369,372],"class_list":["post-107047","product","type-product","status-publish","has-post-thumbnail","hentry","productneck-355","productcolor-392","productsupplier-le-papillon-by-modeca","productsleeve-359","productcategory-trouwjurken","productsilhouette-388","productstyle-369","productstyle-372"],"acf":[],"yoast_head":"<!-- This site is optimized with the Yoast SEO plugin v27.3 - https:\/\/yoast.com\/product\/yoast-seo-wordpress\/ -->\n<title>Le Papillon par Modeca Hilma | Koonings<\/title>\n<meta name=\"description\" content=\"Cette robe de bal spectaculaire en satin mat pr\u00e9sente un d\u00e9collet\u00e9 profond et une taille basse qui cr\u00e9ent une silhouette audacieuse et flatteuse. Les poches cach\u00e9es sont pratiques, tandis que le n\u0153ud d\u00e9tachable dans le dos attire tous les regards et ajoute du glamour et du charme. Cette robe est parfaite pour les mari\u00e9es qui souhaitent se d\u00e9marquer par un design \u00e9pur\u00e9 et \u00e9l\u00e9gant. Ce mod\u00e8le est \u00e9galement disponible sans l&#039;archet sous le nom de Hilma-D. De la collection Le Papillon by Modeca, disponible exclusivement chez Koonings.\" \/>\n<meta name=\"robots\" content=\"index, follow, max-snippet:-1, max-image-preview:large, max-video-preview:-1\" \/>\n<link rel=\"canonical\" href=\"https:\/\/www.koonings.com\/fr\/product\/le-papillon-par-modeca-hilma\/\" \/>\n<meta property=\"og:locale\" content=\"fr_FR\" \/>\n<meta property=\"og:type\" content=\"article\" \/>\n<meta property=\"og:title\" content=\"Le Papillon par Modeca Hilma | Koonings\" \/>\n<meta property=\"og:description\" content=\"Cette robe de bal spectaculaire en satin mat pr\u00e9sente un d\u00e9collet\u00e9 profond et une taille basse qui cr\u00e9ent une silhouette audacieuse et flatteuse. Les poches cach\u00e9es sont pratiques, tandis que le n\u0153ud d\u00e9tachable dans le dos attire tous les regards et ajoute du glamour et du charme. Cette robe est parfaite pour les mari\u00e9es qui souhaitent se d\u00e9marquer par un design \u00e9pur\u00e9 et \u00e9l\u00e9gant. Ce mod\u00e8le est \u00e9galement disponible sans l&#039;archet sous le nom de Hilma-D. De la collection Le Papillon by Modeca, disponible exclusivement chez Koonings.\" \/>\n<meta property=\"og:url\" content=\"https:\/\/www.koonings.com\/fr\/product\/le-papillon-par-modeca-hilma\/\" \/>\n<meta property=\"og:site_name\" content=\"Koonings\" \/>\n<meta property=\"article:publisher\" content=\"https:\/\/www.facebook.com\/kooningstheweddingpalace\" \/>\n<meta property=\"og:image\" content=\"https:\/\/www.koonings.com\/wp-content\/uploads\/2025\/09\/51098_e168f2ef0b69e157f53cf976c142462857ce1507b3bc2416311e468a487a3395239cf2d8.jpeg\" \/>\n\t<meta property=\"og:image:width\" content=\"1404\" \/>\n\t<meta property=\"og:image:height\" content=\"1988\" \/>\n\t<meta property=\"og:image:type\" content=\"image\/jpeg\" \/>\n<meta name=\"twitter:card\" content=\"summary_large_image\" \/>\n<script type=\"application\/ld+json\" class=\"yoast-schema-graph\">{\"@context\":\"https:\\\/\\\/schema.org\",\"@graph\":[{\"@type\":\"WebPage\",\"@id\":\"https:\\\/\\\/www.koonings.com\\\/fr\\\/product\\\/le-papillon-par-modeca-hilma\\\/\",\"url\":\"https:\\\/\\\/www.koonings.com\\\/fr\\\/product\\\/le-papillon-par-modeca-hilma\\\/\",\"name\":\"Le Papillon par Modeca Hilma | Koonings\",\"isPartOf\":{\"@id\":\"https:\\\/\\\/www.koonings.com\\\/fr\\\/#website\"},\"primaryImageOfPage\":{\"@id\":\"https:\\\/\\\/www.koonings.com\\\/fr\\\/product\\\/le-papillon-par-modeca-hilma\\\/#primaryimage\"},\"image\":{\"@id\":\"https:\\\/\\\/www.koonings.com\\\/fr\\\/product\\\/le-papillon-par-modeca-hilma\\\/#primaryimage\"},\"thumbnailUrl\":\"https:\\\/\\\/www.koonings.com\\\/wp-content\\\/uploads\\\/2025\\\/09\\\/51098_e168f2ef0b69e157f53cf976c142462857ce1507b3bc2416311e468a487a3395239cf2d8.jpeg\",\"datePublished\":\"2026-05-06T13:36:16+00:00\",\"description\":\"Cette robe de bal spectaculaire en satin mat pr\u00e9sente un d\u00e9collet\u00e9 profond et une taille basse qui cr\u00e9ent une silhouette audacieuse et flatteuse. Les poches cach\u00e9es sont pratiques, tandis que le n\u0153ud d\u00e9tachable dans le dos attire tous les regards et ajoute du glamour et du charme. Cette robe est parfaite pour les mari\u00e9es qui souhaitent se d\u00e9marquer par un design \u00e9pur\u00e9 et \u00e9l\u00e9gant. Ce mod\u00e8le est \u00e9galement disponible sans l'archet sous le nom de Hilma-D. De la collection Le Papillon by Modeca, disponible exclusivement chez Koonings.\",\"breadcrumb\":{\"@id\":\"https:\\\/\\\/www.koonings.com\\\/fr\\\/product\\\/le-papillon-par-modeca-hilma\\\/#breadcrumb\"},\"inLanguage\":\"fr-FR\",\"potentialAction\":[{\"@type\":\"ReadAction\",\"target\":[\"https:\\\/\\\/www.koonings.com\\\/fr\\\/product\\\/le-papillon-par-modeca-hilma\\\/\"]}]},{\"@type\":\"ImageObject\",\"inLanguage\":\"fr-FR\",\"@id\":\"https:\\\/\\\/www.koonings.com\\\/fr\\\/product\\\/le-papillon-par-modeca-hilma\\\/#primaryimage\",\"url\":\"https:\\\/\\\/www.koonings.com\\\/wp-content\\\/uploads\\\/2025\\\/09\\\/51098_e168f2ef0b69e157f53cf976c142462857ce1507b3bc2416311e468a487a3395239cf2d8.jpeg\",\"contentUrl\":\"https:\\\/\\\/www.koonings.com\\\/wp-content\\\/uploads\\\/2025\\\/09\\\/51098_e168f2ef0b69e157f53cf976c142462857ce1507b3bc2416311e468a487a3395239cf2d8.jpeg\",\"width\":1404,\"height\":1988},{\"@type\":\"BreadcrumbList\",\"@id\":\"https:\\\/\\\/www.koonings.com\\\/fr\\\/product\\\/le-papillon-par-modeca-hilma\\\/#breadcrumb\",\"itemListElement\":[{\"@type\":\"ListItem\",\"position\":1,\"name\":\"Home\",\"item\":\"https:\\\/\\\/www.koonings.com\\\/fr\\\/\"},{\"@type\":\"ListItem\",\"position\":2,\"name\":\"Le Papillon par Modeca Hilma\"}]},{\"@type\":\"WebSite\",\"@id\":\"https:\\\/\\\/www.koonings.com\\\/fr\\\/#website\",\"url\":\"https:\\\/\\\/www.koonings.com\\\/fr\\\/\",\"name\":\"Koonings\",\"description\":\"De grootste bruidsmodewinkel ter wereld\",\"publisher\":{\"@id\":\"https:\\\/\\\/www.koonings.com\\\/fr\\\/#organization\"},\"potentialAction\":[{\"@type\":\"SearchAction\",\"target\":{\"@type\":\"EntryPoint\",\"urlTemplate\":\"https:\\\/\\\/www.koonings.com\\\/fr\\\/?s={search_term_string}\"},\"query-input\":{\"@type\":\"PropertyValueSpecification\",\"valueRequired\":true,\"valueName\":\"search_term_string\"}}],\"inLanguage\":\"fr-FR\"},{\"@type\":\"Organization\",\"@id\":\"https:\\\/\\\/www.koonings.com\\\/fr\\\/#organization\",\"name\":\"Koonings\",\"url\":\"https:\\\/\\\/www.koonings.com\\\/fr\\\/\",\"logo\":{\"@type\":\"ImageObject\",\"inLanguage\":\"fr-FR\",\"@id\":\"https:\\\/\\\/www.koonings.com\\\/fr\\\/#\\\/schema\\\/logo\\\/image\\\/\",\"url\":\"https:\\\/\\\/www.koonings.com\\\/wp-content\\\/uploads\\\/2024\\\/07\\\/logo.png\",\"contentUrl\":\"https:\\\/\\\/www.koonings.com\\\/wp-content\\\/uploads\\\/2024\\\/07\\\/logo.png\",\"width\":600,\"height\":428,\"caption\":\"Koonings\"},\"image\":{\"@id\":\"https:\\\/\\\/www.koonings.com\\\/fr\\\/#\\\/schema\\\/logo\\\/image\\\/\"},\"sameAs\":[\"https:\\\/\\\/www.facebook.com\\\/kooningstheweddingpalace\",\"https:\\\/\\\/www.instagram.com\\\/kooningstheweddingpalace\",\"https:\\\/\\\/www.pinterest.com\\\/koonings\",\"https:\\\/\\\/www.youtube.com\\\/kooningstheweddingpalace\"]}]}<\/script>\n<!-- \/ Yoast SEO plugin. -->","yoast_head_json":{"title":"Le Papillon par Modeca Hilma | Koonings","description":"Cette robe de bal spectaculaire en satin mat pr\u00e9sente un d\u00e9collet\u00e9 profond et une taille basse qui cr\u00e9ent une silhouette audacieuse et flatteuse. Les poches cach\u00e9es sont pratiques, tandis que le n\u0153ud d\u00e9tachable dans le dos attire tous les regards et ajoute du glamour et du charme. Cette robe est parfaite pour les mari\u00e9es qui souhaitent se d\u00e9marquer par un design \u00e9pur\u00e9 et \u00e9l\u00e9gant. Ce mod\u00e8le est \u00e9galement disponible sans l'archet sous le nom de Hilma-D. De la collection Le Papillon by Modeca, disponible exclusivement chez Koonings.","robots":{"index":"index","follow":"follow","max-snippet":"max-snippet:-1","max-image-preview":"max-image-preview:large","max-video-preview":"max-video-preview:-1"},"canonical":"https:\/\/www.koonings.com\/fr\/product\/le-papillon-par-modeca-hilma\/","og_locale":"fr_FR","og_type":"article","og_title":"Le Papillon par Modeca Hilma | Koonings","og_description":"Cette robe de bal spectaculaire en satin mat pr\u00e9sente un d\u00e9collet\u00e9 profond et une taille basse qui cr\u00e9ent une silhouette audacieuse et flatteuse. Les poches cach\u00e9es sont pratiques, tandis que le n\u0153ud d\u00e9tachable dans le dos attire tous les regards et ajoute du glamour et du charme. Cette robe est parfaite pour les mari\u00e9es qui souhaitent se d\u00e9marquer par un design \u00e9pur\u00e9 et \u00e9l\u00e9gant. Ce mod\u00e8le est \u00e9galement disponible sans l'archet sous le nom de Hilma-D. De la collection Le Papillon by Modeca, disponible exclusivement chez Koonings.","og_url":"https:\/\/www.koonings.com\/fr\/product\/le-papillon-par-modeca-hilma\/","og_site_name":"Koonings","article_publisher":"https:\/\/www.facebook.com\/kooningstheweddingpalace","og_image":[{"width":1404,"height":1988,"url":"https:\/\/www.koonings.com\/wp-content\/uploads\/2025\/09\/51098_e168f2ef0b69e157f53cf976c142462857ce1507b3bc2416311e468a487a3395239cf2d8.jpeg","type":"image\/jpeg"}],"twitter_card":"summary_large_image","schema":{"@context":"https:\/\/schema.org","@graph":[{"@type":"WebPage","@id":"https:\/\/www.koonings.com\/fr\/product\/le-papillon-par-modeca-hilma\/","url":"https:\/\/www.koonings.com\/fr\/product\/le-papillon-par-modeca-hilma\/","name":"Le Papillon par Modeca Hilma | Koonings","isPartOf":{"@id":"https:\/\/www.koonings.com\/fr\/#website"},"primaryImageOfPage":{"@id":"https:\/\/www.koonings.com\/fr\/product\/le-papillon-par-modeca-hilma\/#primaryimage"},"image":{"@id":"https:\/\/www.koonings.com\/fr\/product\/le-papillon-par-modeca-hilma\/#primaryimage"},"thumbnailUrl":"https:\/\/www.koonings.com\/wp-content\/uploads\/2025\/09\/51098_e168f2ef0b69e157f53cf976c142462857ce1507b3bc2416311e468a487a3395239cf2d8.jpeg","datePublished":"2026-05-06T13:36:16+00:00","description":"Cette robe de bal spectaculaire en satin mat pr\u00e9sente un d\u00e9collet\u00e9 profond et une taille basse qui cr\u00e9ent une silhouette audacieuse et flatteuse. Les poches cach\u00e9es sont pratiques, tandis que le n\u0153ud d\u00e9tachable dans le dos attire tous les regards et ajoute du glamour et du charme. Cette robe est parfaite pour les mari\u00e9es qui souhaitent se d\u00e9marquer par un design \u00e9pur\u00e9 et \u00e9l\u00e9gant. Ce mod\u00e8le est \u00e9galement disponible sans l'archet sous le nom de Hilma-D. De la collection Le Papillon by Modeca, disponible exclusivement chez Koonings.","breadcrumb":{"@id":"https:\/\/www.koonings.com\/fr\/product\/le-papillon-par-modeca-hilma\/#breadcrumb"},"inLanguage":"fr-FR","potentialAction":[{"@type":"ReadAction","target":["https:\/\/www.koonings.com\/fr\/product\/le-papillon-par-modeca-hilma\/"]}]},{"@type":"ImageObject","inLanguage":"fr-FR","@id":"https:\/\/www.koonings.com\/fr\/product\/le-papillon-par-modeca-hilma\/#primaryimage","url":"https:\/\/www.koonings.com\/wp-content\/uploads\/2025\/09\/51098_e168f2ef0b69e157f53cf976c142462857ce1507b3bc2416311e468a487a3395239cf2d8.jpeg","contentUrl":"https:\/\/www.koonings.com\/wp-content\/uploads\/2025\/09\/51098_e168f2ef0b69e157f53cf976c142462857ce1507b3bc2416311e468a487a3395239cf2d8.jpeg","width":1404,"height":1988},{"@type":"BreadcrumbList","@id":"https:\/\/www.koonings.com\/fr\/product\/le-papillon-par-modeca-hilma\/#breadcrumb","itemListElement":[{"@type":"ListItem","position":1,"name":"Home","item":"https:\/\/www.koonings.com\/fr\/"},{"@type":"ListItem","position":2,"name":"Le Papillon par Modeca Hilma"}]},{"@type":"WebSite","@id":"https:\/\/www.koonings.com\/fr\/#website","url":"https:\/\/www.koonings.com\/fr\/","name":"Koonings","description":"De grootste bruidsmodewinkel ter wereld","publisher":{"@id":"https:\/\/www.koonings.com\/fr\/#organization"},"potentialAction":[{"@type":"SearchAction","target":{"@type":"EntryPoint","urlTemplate":"https:\/\/www.koonings.com\/fr\/?s={search_term_string}"},"query-input":{"@type":"PropertyValueSpecification","valueRequired":true,"valueName":"search_term_string"}}],"inLanguage":"fr-FR"},{"@type":"Organization","@id":"https:\/\/www.koonings.com\/fr\/#organization","name":"Koonings","url":"https:\/\/www.koonings.com\/fr\/","logo":{"@type":"ImageObject","inLanguage":"fr-FR","@id":"https:\/\/www.koonings.com\/fr\/#\/schema\/logo\/image\/","url":"https:\/\/www.koonings.com\/wp-content\/uploads\/2024\/07\/logo.png","contentUrl":"https:\/\/www.koonings.com\/wp-content\/uploads\/2024\/07\/logo.png","width":600,"height":428,"caption":"Koonings"},"image":{"@id":"https:\/\/www.koonings.com\/fr\/#\/schema\/logo\/image\/"},"sameAs":["https:\/\/www.facebook.com\/kooningstheweddingpalace","https:\/\/www.instagram.com\/kooningstheweddingpalace","https:\/\/www.pinterest.com\/koonings","https:\/\/www.youtube.com\/kooningstheweddingpalace"]}]}},"_links":{"self":[{"href":"https:\/\/www.koonings.com\/fr\/wp-json\/wp\/v2\/product\/107047","targetHints":{"allow":["GET"]}}],"collection":[{"href":"https:\/\/www.koonings.com\/fr\/wp-json\/wp\/v2\/product"}],"about":[{"href":"https:\/\/www.koonings.com\/fr\/wp-json\/wp\/v2\/types\/product"}],"wp:featuredmedia":[{"embeddable":true,"href":"https:\/\/www.koonings.com\/fr\/wp-json\/wp\/v2\/media\/97126"}],"wp:attachment":[{"href":"https:\/\/www.koonings.com\/fr\/wp-json\/wp\/v2\/media?parent=107047"}],"wp:term":[{"taxonomy":"productdetails","embeddable":true,"href":"https:\/\/www.koonings.com\/fr\/wp-json\/wp\/v2\/productdetails?post=107047"},{"taxonomy":"productneck","embeddable":true,"href":"https:\/\/www.koonings.com\/fr\/wp-json\/wp\/v2\/productneck?post=107047"},{"taxonomy":"productcolor","embeddable":true,"href":"https:\/\/www.koonings.com\/fr\/wp-json\/wp\/v2\/productcolor?post=107047"},{"taxonomy":"maat","embeddable":true,"href":"https:\/\/www.koonings.com\/fr\/wp-json\/wp\/v2\/maat?post=107047"},{"taxonomy":"productsupplier","embeddable":true,"href":"https:\/\/www.koonings.com\/fr\/wp-json\/wp\/v2\/productsupplier?post=107047"},{"taxonomy":"productsleeve","embeddable":true,"href":"https:\/\/www.koonings.com\/fr\/wp-json\/wp\/v2\/productsleeve?post=107047"},{"taxonomy":"productcategory","embeddable":true,"href":"https:\/\/www.koonings.com\/fr\/wp-json\/wp\/v2\/productcategory?post=107047"},{"taxonomy":"productsilhouette","embeddable":true,"href":"https:\/\/www.koonings.com\/fr\/wp-json\/wp\/v2\/productsilhouette?post=107047"},{"taxonomy":"productstyle","embeddable":true,"href":"https:\/\/www.koonings.com\/fr\/wp-json\/wp\/v2\/productstyle?post=107047"}],"curies":[{"name":"wp","href":"https:\/\/api.w.org\/{rel}","templated":true}]}}