{"id":107043,"date":"2026-05-06T15:36:15","date_gmt":"2026-05-06T13:36:15","guid":{"rendered":"https:\/\/www.koonings.com\/product\/le-papillon-par-modeca-hildred\/"},"modified":"2026-04-14T15:39:38","modified_gmt":"2026-04-14T13:39:38","slug":"le-papillon-par-modeca-hildred","status":"publish","type":"product","link":"https:\/\/www.koonings.com\/fr\/product\/le-papillon-par-modeca-hildred\/","title":{"rendered":"Le Papillon par Modeca Hildred"},"content":{"rendered":"<p>Cette robe sophistiqu\u00e9e en cr\u00eape, de coupe ajust\u00e9e et \u00e9vas\u00e9e, pr\u00e9sente une encolure carr\u00e9e et un dos en dentelle illusion, avec un \u00e9l\u00e9gant pliss\u00e9 en cascade. Les d\u00e9tails de dentelle sur la tra\u00eene donnent une allure romantique et sophistiqu\u00e9e, tandis que les lignes \u00e9pur\u00e9es cr\u00e9ent une silhouette intemporelle. Pour un look plus minimaliste, ce mod\u00e8le est \u00e9galement disponible avec une tra\u00eene lisse sous le nom de Hildred-A.  <\/p>\n<p>Ce dessin appartient \u00e0 la collection Le Papillon by Modeca et est disponible chez Koonings.<\/p>\n","protected":false},"featured_media":97105,"template":"","meta":{"_acf_changed":false,"ghostkit_customizer_options":"","ghostkit_custom_css":"","ghostkit_custom_js_head":"","ghostkit_custom_js_foot":"","ghostkit_typography":""},"productdetails":[376],"productneck":[352],"productcolor":[392],"maat":[],"productsupplier":[411],"productsleeve":[359],"productcategory":[18],"productsilhouette":[387,389],"productstyle":[365,366],"class_list":["post-107043","product","type-product","status-publish","has-post-thumbnail","hentry","productdetails-376","productneck-352","productcolor-392","productsupplier-le-papillon-by-modeca","productsleeve-359","productcategory-trouwjurken","productsilhouette-387","productsilhouette-389","productstyle-365","productstyle-366"],"acf":[],"yoast_head":"<!-- This site is optimized with the Yoast SEO plugin v27.3 - https:\/\/yoast.com\/product\/yoast-seo-wordpress\/ -->\n<title>Le Papillon par Modeca Hildred | Koonings<\/title>\n<meta name=\"description\" content=\"Cette robe sophistiqu\u00e9e en cr\u00eape, de coupe ajust\u00e9e et \u00e9vas\u00e9e, pr\u00e9sente une encolure carr\u00e9e et un dos en dentelle illusion, avec un \u00e9l\u00e9gant pliss\u00e9 en cascade. Les d\u00e9tails de dentelle sur la tra\u00eene donnent une allure romantique et sophistiqu\u00e9e, tandis que les lignes \u00e9pur\u00e9es cr\u00e9ent une silhouette intemporelle. Pour un look plus minimaliste, ce mod\u00e8le est \u00e9galement disponible avec une tra\u00eene lisse sous le nom de Hildred-A. Ce dessin appartient \u00e0 la collection Le Papillon by Modeca et est disponible chez Koonings.\" \/>\n<meta name=\"robots\" content=\"index, follow, max-snippet:-1, max-image-preview:large, max-video-preview:-1\" \/>\n<link rel=\"canonical\" href=\"https:\/\/www.koonings.com\/fr\/product\/le-papillon-par-modeca-hildred\/\" \/>\n<meta property=\"og:locale\" content=\"fr_FR\" \/>\n<meta property=\"og:type\" content=\"article\" \/>\n<meta property=\"og:title\" content=\"Le Papillon par Modeca Hildred | Koonings\" \/>\n<meta property=\"og:description\" content=\"Cette robe sophistiqu\u00e9e en cr\u00eape, de coupe ajust\u00e9e et \u00e9vas\u00e9e, pr\u00e9sente une encolure carr\u00e9e et un dos en dentelle illusion, avec un \u00e9l\u00e9gant pliss\u00e9 en cascade. Les d\u00e9tails de dentelle sur la tra\u00eene donnent une allure romantique et sophistiqu\u00e9e, tandis que les lignes \u00e9pur\u00e9es cr\u00e9ent une silhouette intemporelle. Pour un look plus minimaliste, ce mod\u00e8le est \u00e9galement disponible avec une tra\u00eene lisse sous le nom de Hildred-A. Ce dessin appartient \u00e0 la collection Le Papillon by Modeca et est disponible chez Koonings.\" \/>\n<meta property=\"og:url\" content=\"https:\/\/www.koonings.com\/fr\/product\/le-papillon-par-modeca-hildred\/\" \/>\n<meta property=\"og:site_name\" content=\"Koonings\" \/>\n<meta property=\"article:publisher\" content=\"https:\/\/www.facebook.com\/kooningstheweddingpalace\" \/>\n<meta property=\"og:image\" content=\"https:\/\/www.koonings.com\/wp-content\/uploads\/2025\/09\/51097_059cdaa742312c0b957aa1912bbd77b38106ed9323add85154ab9c80be25629dd95fbd87.jpeg\" \/>\n\t<meta property=\"og:image:width\" content=\"1660\" \/>\n\t<meta property=\"og:image:height\" content=\"2349\" \/>\n\t<meta property=\"og:image:type\" content=\"image\/jpeg\" \/>\n<meta name=\"twitter:card\" content=\"summary_large_image\" \/>\n<script type=\"application\/ld+json\" class=\"yoast-schema-graph\">{\"@context\":\"https:\\\/\\\/schema.org\",\"@graph\":[{\"@type\":\"WebPage\",\"@id\":\"https:\\\/\\\/www.koonings.com\\\/fr\\\/product\\\/le-papillon-par-modeca-hildred\\\/\",\"url\":\"https:\\\/\\\/www.koonings.com\\\/fr\\\/product\\\/le-papillon-par-modeca-hildred\\\/\",\"name\":\"Le Papillon par Modeca Hildred | Koonings\",\"isPartOf\":{\"@id\":\"https:\\\/\\\/www.koonings.com\\\/fr\\\/#website\"},\"primaryImageOfPage\":{\"@id\":\"https:\\\/\\\/www.koonings.com\\\/fr\\\/product\\\/le-papillon-par-modeca-hildred\\\/#primaryimage\"},\"image\":{\"@id\":\"https:\\\/\\\/www.koonings.com\\\/fr\\\/product\\\/le-papillon-par-modeca-hildred\\\/#primaryimage\"},\"thumbnailUrl\":\"https:\\\/\\\/www.koonings.com\\\/wp-content\\\/uploads\\\/2025\\\/09\\\/51097_059cdaa742312c0b957aa1912bbd77b38106ed9323add85154ab9c80be25629dd95fbd87.jpeg\",\"datePublished\":\"2026-05-06T13:36:15+00:00\",\"description\":\"Cette robe sophistiqu\u00e9e en cr\u00eape, de coupe ajust\u00e9e et \u00e9vas\u00e9e, pr\u00e9sente une encolure carr\u00e9e et un dos en dentelle illusion, avec un \u00e9l\u00e9gant pliss\u00e9 en cascade. Les d\u00e9tails de dentelle sur la tra\u00eene donnent une allure romantique et sophistiqu\u00e9e, tandis que les lignes \u00e9pur\u00e9es cr\u00e9ent une silhouette intemporelle. Pour un look plus minimaliste, ce mod\u00e8le est \u00e9galement disponible avec une tra\u00eene lisse sous le nom de Hildred-A. Ce dessin appartient \u00e0 la collection Le Papillon by Modeca et est disponible chez Koonings.\",\"breadcrumb\":{\"@id\":\"https:\\\/\\\/www.koonings.com\\\/fr\\\/product\\\/le-papillon-par-modeca-hildred\\\/#breadcrumb\"},\"inLanguage\":\"fr-FR\",\"potentialAction\":[{\"@type\":\"ReadAction\",\"target\":[\"https:\\\/\\\/www.koonings.com\\\/fr\\\/product\\\/le-papillon-par-modeca-hildred\\\/\"]}]},{\"@type\":\"ImageObject\",\"inLanguage\":\"fr-FR\",\"@id\":\"https:\\\/\\\/www.koonings.com\\\/fr\\\/product\\\/le-papillon-par-modeca-hildred\\\/#primaryimage\",\"url\":\"https:\\\/\\\/www.koonings.com\\\/wp-content\\\/uploads\\\/2025\\\/09\\\/51097_059cdaa742312c0b957aa1912bbd77b38106ed9323add85154ab9c80be25629dd95fbd87.jpeg\",\"contentUrl\":\"https:\\\/\\\/www.koonings.com\\\/wp-content\\\/uploads\\\/2025\\\/09\\\/51097_059cdaa742312c0b957aa1912bbd77b38106ed9323add85154ab9c80be25629dd95fbd87.jpeg\",\"width\":1660,\"height\":2349},{\"@type\":\"BreadcrumbList\",\"@id\":\"https:\\\/\\\/www.koonings.com\\\/fr\\\/product\\\/le-papillon-par-modeca-hildred\\\/#breadcrumb\",\"itemListElement\":[{\"@type\":\"ListItem\",\"position\":1,\"name\":\"Home\",\"item\":\"https:\\\/\\\/www.koonings.com\\\/fr\\\/\"},{\"@type\":\"ListItem\",\"position\":2,\"name\":\"Le Papillon par Modeca Hildred\"}]},{\"@type\":\"WebSite\",\"@id\":\"https:\\\/\\\/www.koonings.com\\\/fr\\\/#website\",\"url\":\"https:\\\/\\\/www.koonings.com\\\/fr\\\/\",\"name\":\"Koonings\",\"description\":\"De grootste bruidsmodewinkel ter wereld\",\"publisher\":{\"@id\":\"https:\\\/\\\/www.koonings.com\\\/fr\\\/#organization\"},\"potentialAction\":[{\"@type\":\"SearchAction\",\"target\":{\"@type\":\"EntryPoint\",\"urlTemplate\":\"https:\\\/\\\/www.koonings.com\\\/fr\\\/?s={search_term_string}\"},\"query-input\":{\"@type\":\"PropertyValueSpecification\",\"valueRequired\":true,\"valueName\":\"search_term_string\"}}],\"inLanguage\":\"fr-FR\"},{\"@type\":\"Organization\",\"@id\":\"https:\\\/\\\/www.koonings.com\\\/fr\\\/#organization\",\"name\":\"Koonings\",\"url\":\"https:\\\/\\\/www.koonings.com\\\/fr\\\/\",\"logo\":{\"@type\":\"ImageObject\",\"inLanguage\":\"fr-FR\",\"@id\":\"https:\\\/\\\/www.koonings.com\\\/fr\\\/#\\\/schema\\\/logo\\\/image\\\/\",\"url\":\"https:\\\/\\\/www.koonings.com\\\/wp-content\\\/uploads\\\/2024\\\/07\\\/logo.png\",\"contentUrl\":\"https:\\\/\\\/www.koonings.com\\\/wp-content\\\/uploads\\\/2024\\\/07\\\/logo.png\",\"width\":600,\"height\":428,\"caption\":\"Koonings\"},\"image\":{\"@id\":\"https:\\\/\\\/www.koonings.com\\\/fr\\\/#\\\/schema\\\/logo\\\/image\\\/\"},\"sameAs\":[\"https:\\\/\\\/www.facebook.com\\\/kooningstheweddingpalace\",\"https:\\\/\\\/www.instagram.com\\\/kooningstheweddingpalace\",\"https:\\\/\\\/www.pinterest.com\\\/koonings\",\"https:\\\/\\\/www.youtube.com\\\/kooningstheweddingpalace\"]}]}<\/script>\n<!-- \/ Yoast SEO plugin. -->","yoast_head_json":{"title":"Le Papillon par Modeca Hildred | Koonings","description":"Cette robe sophistiqu\u00e9e en cr\u00eape, de coupe ajust\u00e9e et \u00e9vas\u00e9e, pr\u00e9sente une encolure carr\u00e9e et un dos en dentelle illusion, avec un \u00e9l\u00e9gant pliss\u00e9 en cascade. Les d\u00e9tails de dentelle sur la tra\u00eene donnent une allure romantique et sophistiqu\u00e9e, tandis que les lignes \u00e9pur\u00e9es cr\u00e9ent une silhouette intemporelle. Pour un look plus minimaliste, ce mod\u00e8le est \u00e9galement disponible avec une tra\u00eene lisse sous le nom de Hildred-A. Ce dessin appartient \u00e0 la collection Le Papillon by Modeca et est disponible chez Koonings.","robots":{"index":"index","follow":"follow","max-snippet":"max-snippet:-1","max-image-preview":"max-image-preview:large","max-video-preview":"max-video-preview:-1"},"canonical":"https:\/\/www.koonings.com\/fr\/product\/le-papillon-par-modeca-hildred\/","og_locale":"fr_FR","og_type":"article","og_title":"Le Papillon par Modeca Hildred | Koonings","og_description":"Cette robe sophistiqu\u00e9e en cr\u00eape, de coupe ajust\u00e9e et \u00e9vas\u00e9e, pr\u00e9sente une encolure carr\u00e9e et un dos en dentelle illusion, avec un \u00e9l\u00e9gant pliss\u00e9 en cascade. Les d\u00e9tails de dentelle sur la tra\u00eene donnent une allure romantique et sophistiqu\u00e9e, tandis que les lignes \u00e9pur\u00e9es cr\u00e9ent une silhouette intemporelle. Pour un look plus minimaliste, ce mod\u00e8le est \u00e9galement disponible avec une tra\u00eene lisse sous le nom de Hildred-A. Ce dessin appartient \u00e0 la collection Le Papillon by Modeca et est disponible chez Koonings.","og_url":"https:\/\/www.koonings.com\/fr\/product\/le-papillon-par-modeca-hildred\/","og_site_name":"Koonings","article_publisher":"https:\/\/www.facebook.com\/kooningstheweddingpalace","og_image":[{"width":1660,"height":2349,"url":"https:\/\/www.koonings.com\/wp-content\/uploads\/2025\/09\/51097_059cdaa742312c0b957aa1912bbd77b38106ed9323add85154ab9c80be25629dd95fbd87.jpeg","type":"image\/jpeg"}],"twitter_card":"summary_large_image","schema":{"@context":"https:\/\/schema.org","@graph":[{"@type":"WebPage","@id":"https:\/\/www.koonings.com\/fr\/product\/le-papillon-par-modeca-hildred\/","url":"https:\/\/www.koonings.com\/fr\/product\/le-papillon-par-modeca-hildred\/","name":"Le Papillon par Modeca Hildred | Koonings","isPartOf":{"@id":"https:\/\/www.koonings.com\/fr\/#website"},"primaryImageOfPage":{"@id":"https:\/\/www.koonings.com\/fr\/product\/le-papillon-par-modeca-hildred\/#primaryimage"},"image":{"@id":"https:\/\/www.koonings.com\/fr\/product\/le-papillon-par-modeca-hildred\/#primaryimage"},"thumbnailUrl":"https:\/\/www.koonings.com\/wp-content\/uploads\/2025\/09\/51097_059cdaa742312c0b957aa1912bbd77b38106ed9323add85154ab9c80be25629dd95fbd87.jpeg","datePublished":"2026-05-06T13:36:15+00:00","description":"Cette robe sophistiqu\u00e9e en cr\u00eape, de coupe ajust\u00e9e et \u00e9vas\u00e9e, pr\u00e9sente une encolure carr\u00e9e et un dos en dentelle illusion, avec un \u00e9l\u00e9gant pliss\u00e9 en cascade. Les d\u00e9tails de dentelle sur la tra\u00eene donnent une allure romantique et sophistiqu\u00e9e, tandis que les lignes \u00e9pur\u00e9es cr\u00e9ent une silhouette intemporelle. Pour un look plus minimaliste, ce mod\u00e8le est \u00e9galement disponible avec une tra\u00eene lisse sous le nom de Hildred-A. Ce dessin appartient \u00e0 la collection Le Papillon by Modeca et est disponible chez Koonings.","breadcrumb":{"@id":"https:\/\/www.koonings.com\/fr\/product\/le-papillon-par-modeca-hildred\/#breadcrumb"},"inLanguage":"fr-FR","potentialAction":[{"@type":"ReadAction","target":["https:\/\/www.koonings.com\/fr\/product\/le-papillon-par-modeca-hildred\/"]}]},{"@type":"ImageObject","inLanguage":"fr-FR","@id":"https:\/\/www.koonings.com\/fr\/product\/le-papillon-par-modeca-hildred\/#primaryimage","url":"https:\/\/www.koonings.com\/wp-content\/uploads\/2025\/09\/51097_059cdaa742312c0b957aa1912bbd77b38106ed9323add85154ab9c80be25629dd95fbd87.jpeg","contentUrl":"https:\/\/www.koonings.com\/wp-content\/uploads\/2025\/09\/51097_059cdaa742312c0b957aa1912bbd77b38106ed9323add85154ab9c80be25629dd95fbd87.jpeg","width":1660,"height":2349},{"@type":"BreadcrumbList","@id":"https:\/\/www.koonings.com\/fr\/product\/le-papillon-par-modeca-hildred\/#breadcrumb","itemListElement":[{"@type":"ListItem","position":1,"name":"Home","item":"https:\/\/www.koonings.com\/fr\/"},{"@type":"ListItem","position":2,"name":"Le Papillon par Modeca Hildred"}]},{"@type":"WebSite","@id":"https:\/\/www.koonings.com\/fr\/#website","url":"https:\/\/www.koonings.com\/fr\/","name":"Koonings","description":"De grootste bruidsmodewinkel ter wereld","publisher":{"@id":"https:\/\/www.koonings.com\/fr\/#organization"},"potentialAction":[{"@type":"SearchAction","target":{"@type":"EntryPoint","urlTemplate":"https:\/\/www.koonings.com\/fr\/?s={search_term_string}"},"query-input":{"@type":"PropertyValueSpecification","valueRequired":true,"valueName":"search_term_string"}}],"inLanguage":"fr-FR"},{"@type":"Organization","@id":"https:\/\/www.koonings.com\/fr\/#organization","name":"Koonings","url":"https:\/\/www.koonings.com\/fr\/","logo":{"@type":"ImageObject","inLanguage":"fr-FR","@id":"https:\/\/www.koonings.com\/fr\/#\/schema\/logo\/image\/","url":"https:\/\/www.koonings.com\/wp-content\/uploads\/2024\/07\/logo.png","contentUrl":"https:\/\/www.koonings.com\/wp-content\/uploads\/2024\/07\/logo.png","width":600,"height":428,"caption":"Koonings"},"image":{"@id":"https:\/\/www.koonings.com\/fr\/#\/schema\/logo\/image\/"},"sameAs":["https:\/\/www.facebook.com\/kooningstheweddingpalace","https:\/\/www.instagram.com\/kooningstheweddingpalace","https:\/\/www.pinterest.com\/koonings","https:\/\/www.youtube.com\/kooningstheweddingpalace"]}]}},"_links":{"self":[{"href":"https:\/\/www.koonings.com\/fr\/wp-json\/wp\/v2\/product\/107043","targetHints":{"allow":["GET"]}}],"collection":[{"href":"https:\/\/www.koonings.com\/fr\/wp-json\/wp\/v2\/product"}],"about":[{"href":"https:\/\/www.koonings.com\/fr\/wp-json\/wp\/v2\/types\/product"}],"wp:featuredmedia":[{"embeddable":true,"href":"https:\/\/www.koonings.com\/fr\/wp-json\/wp\/v2\/media\/97105"}],"wp:attachment":[{"href":"https:\/\/www.koonings.com\/fr\/wp-json\/wp\/v2\/media?parent=107043"}],"wp:term":[{"taxonomy":"productdetails","embeddable":true,"href":"https:\/\/www.koonings.com\/fr\/wp-json\/wp\/v2\/productdetails?post=107043"},{"taxonomy":"productneck","embeddable":true,"href":"https:\/\/www.koonings.com\/fr\/wp-json\/wp\/v2\/productneck?post=107043"},{"taxonomy":"productcolor","embeddable":true,"href":"https:\/\/www.koonings.com\/fr\/wp-json\/wp\/v2\/productcolor?post=107043"},{"taxonomy":"maat","embeddable":true,"href":"https:\/\/www.koonings.com\/fr\/wp-json\/wp\/v2\/maat?post=107043"},{"taxonomy":"productsupplier","embeddable":true,"href":"https:\/\/www.koonings.com\/fr\/wp-json\/wp\/v2\/productsupplier?post=107043"},{"taxonomy":"productsleeve","embeddable":true,"href":"https:\/\/www.koonings.com\/fr\/wp-json\/wp\/v2\/productsleeve?post=107043"},{"taxonomy":"productcategory","embeddable":true,"href":"https:\/\/www.koonings.com\/fr\/wp-json\/wp\/v2\/productcategory?post=107043"},{"taxonomy":"productsilhouette","embeddable":true,"href":"https:\/\/www.koonings.com\/fr\/wp-json\/wp\/v2\/productsilhouette?post=107043"},{"taxonomy":"productstyle","embeddable":true,"href":"https:\/\/www.koonings.com\/fr\/wp-json\/wp\/v2\/productstyle?post=107043"}],"curies":[{"name":"wp","href":"https:\/\/api.w.org\/{rel}","templated":true}]}}