{"id":107040,"date":"2026-05-06T15:36:15","date_gmt":"2026-05-06T13:36:15","guid":{"rendered":"https:\/\/www.koonings.com\/product\/le-papillon-par-modeca-hilde\/"},"modified":"2026-04-14T15:39:22","modified_gmt":"2026-04-14T13:39:22","slug":"le-papillon-par-modeca-hilde","status":"publish","type":"product","link":"https:\/\/www.koonings.com\/fr\/product\/le-papillon-par-modeca-hilde\/","title":{"rendered":"Le Papillon par Modeca Hilde"},"content":{"rendered":"<p>Cette magnifique robe en cr\u00eape de ligne A pr\u00e9sente un d\u00e9collet\u00e9 flatteur en forme de c\u0153ur et des lignes \u00e9pur\u00e9es et minimalistes. Les manches amovibles en mousseline de soie ajoutent une touche de douceur et de romantisme. Pour un look plus simple et plus \u00e9pur\u00e9, ce mod\u00e8le est \u00e9galement disponible sans les manches sous le nom de Hilde-D. Intemporel, \u00e9l\u00e9gant et polyvalent.   <\/p>\n<p>Ce motif fait partie de la collection Le Papillon by Modeca et est disponible chez Koonings.<\/p>\n","protected":false},"featured_media":97084,"template":"","meta":{"_acf_changed":false,"ghostkit_customizer_options":"","ghostkit_custom_css":"","ghostkit_custom_js_head":"","ghostkit_custom_js_foot":"","ghostkit_typography":""},"productdetails":[],"productneck":[355],"productcolor":[392],"maat":[],"productsupplier":[411],"productsleeve":[357,359,363],"productcategory":[18],"productsilhouette":[384],"productstyle":[365],"class_list":["post-107040","product","type-product","status-publish","has-post-thumbnail","hentry","productneck-355","productcolor-392","productsupplier-le-papillon-by-modeca","productsleeve-357","productsleeve-359","productsleeve-363","productcategory-trouwjurken","productsilhouette-384","productstyle-365"],"acf":[],"yoast_head":"<!-- This site is optimized with the Yoast SEO plugin v27.3 - https:\/\/yoast.com\/product\/yoast-seo-wordpress\/ -->\n<title>Le Papillon par Modeca Hilde | Koonings<\/title>\n<meta name=\"description\" content=\"Cette magnifique robe en cr\u00eape de ligne A pr\u00e9sente un d\u00e9collet\u00e9 flatteur en forme de c\u0153ur et des lignes \u00e9pur\u00e9es et minimalistes. Les manches amovibles en mousseline de soie ajoutent une touche de douceur et de romantisme. Pour un look plus simple et plus \u00e9pur\u00e9, ce mod\u00e8le est \u00e9galement disponible sans les manches sous le nom de Hilde-D. Intemporel, \u00e9l\u00e9gant et polyvalent. Ce motif fait partie de la collection Le Papillon by Modeca et est disponible chez Koonings.\" \/>\n<meta name=\"robots\" content=\"index, follow, max-snippet:-1, max-image-preview:large, max-video-preview:-1\" \/>\n<link rel=\"canonical\" href=\"https:\/\/www.koonings.com\/fr\/product\/le-papillon-par-modeca-hilde\/\" \/>\n<meta property=\"og:locale\" content=\"fr_FR\" \/>\n<meta property=\"og:type\" content=\"article\" \/>\n<meta property=\"og:title\" content=\"Le Papillon par Modeca Hilde | Koonings\" \/>\n<meta property=\"og:description\" content=\"Cette magnifique robe en cr\u00eape de ligne A pr\u00e9sente un d\u00e9collet\u00e9 flatteur en forme de c\u0153ur et des lignes \u00e9pur\u00e9es et minimalistes. Les manches amovibles en mousseline de soie ajoutent une touche de douceur et de romantisme. Pour un look plus simple et plus \u00e9pur\u00e9, ce mod\u00e8le est \u00e9galement disponible sans les manches sous le nom de Hilde-D. Intemporel, \u00e9l\u00e9gant et polyvalent. Ce motif fait partie de la collection Le Papillon by Modeca et est disponible chez Koonings.\" \/>\n<meta property=\"og:url\" content=\"https:\/\/www.koonings.com\/fr\/product\/le-papillon-par-modeca-hilde\/\" \/>\n<meta property=\"og:site_name\" content=\"Koonings\" \/>\n<meta property=\"article:publisher\" content=\"https:\/\/www.facebook.com\/kooningstheweddingpalace\" \/>\n<meta property=\"og:image\" content=\"https:\/\/www.koonings.com\/wp-content\/uploads\/2025\/09\/51096_867abd358c1d42a48c38022f011c59f69da5e13cd69c999a1490e73b137d8ed40223e645-scaled.jpeg\" \/>\n\t<meta property=\"og:image:width\" content=\"1807\" \/>\n\t<meta property=\"og:image:height\" content=\"2560\" \/>\n\t<meta property=\"og:image:type\" content=\"image\/jpeg\" \/>\n<meta name=\"twitter:card\" content=\"summary_large_image\" \/>\n<script type=\"application\/ld+json\" class=\"yoast-schema-graph\">{\"@context\":\"https:\\\/\\\/schema.org\",\"@graph\":[{\"@type\":\"WebPage\",\"@id\":\"https:\\\/\\\/www.koonings.com\\\/fr\\\/product\\\/le-papillon-par-modeca-hilde\\\/\",\"url\":\"https:\\\/\\\/www.koonings.com\\\/fr\\\/product\\\/le-papillon-par-modeca-hilde\\\/\",\"name\":\"Le Papillon par Modeca Hilde | Koonings\",\"isPartOf\":{\"@id\":\"https:\\\/\\\/www.koonings.com\\\/fr\\\/#website\"},\"primaryImageOfPage\":{\"@id\":\"https:\\\/\\\/www.koonings.com\\\/fr\\\/product\\\/le-papillon-par-modeca-hilde\\\/#primaryimage\"},\"image\":{\"@id\":\"https:\\\/\\\/www.koonings.com\\\/fr\\\/product\\\/le-papillon-par-modeca-hilde\\\/#primaryimage\"},\"thumbnailUrl\":\"https:\\\/\\\/www.koonings.com\\\/wp-content\\\/uploads\\\/2025\\\/09\\\/51096_867abd358c1d42a48c38022f011c59f69da5e13cd69c999a1490e73b137d8ed40223e645-scaled.jpeg\",\"datePublished\":\"2026-05-06T13:36:15+00:00\",\"description\":\"Cette magnifique robe en cr\u00eape de ligne A pr\u00e9sente un d\u00e9collet\u00e9 flatteur en forme de c\u0153ur et des lignes \u00e9pur\u00e9es et minimalistes. Les manches amovibles en mousseline de soie ajoutent une touche de douceur et de romantisme. Pour un look plus simple et plus \u00e9pur\u00e9, ce mod\u00e8le est \u00e9galement disponible sans les manches sous le nom de Hilde-D. Intemporel, \u00e9l\u00e9gant et polyvalent. Ce motif fait partie de la collection Le Papillon by Modeca et est disponible chez Koonings.\",\"breadcrumb\":{\"@id\":\"https:\\\/\\\/www.koonings.com\\\/fr\\\/product\\\/le-papillon-par-modeca-hilde\\\/#breadcrumb\"},\"inLanguage\":\"fr-FR\",\"potentialAction\":[{\"@type\":\"ReadAction\",\"target\":[\"https:\\\/\\\/www.koonings.com\\\/fr\\\/product\\\/le-papillon-par-modeca-hilde\\\/\"]}]},{\"@type\":\"ImageObject\",\"inLanguage\":\"fr-FR\",\"@id\":\"https:\\\/\\\/www.koonings.com\\\/fr\\\/product\\\/le-papillon-par-modeca-hilde\\\/#primaryimage\",\"url\":\"https:\\\/\\\/www.koonings.com\\\/wp-content\\\/uploads\\\/2025\\\/09\\\/51096_867abd358c1d42a48c38022f011c59f69da5e13cd69c999a1490e73b137d8ed40223e645-scaled.jpeg\",\"contentUrl\":\"https:\\\/\\\/www.koonings.com\\\/wp-content\\\/uploads\\\/2025\\\/09\\\/51096_867abd358c1d42a48c38022f011c59f69da5e13cd69c999a1490e73b137d8ed40223e645-scaled.jpeg\",\"width\":1807,\"height\":2560},{\"@type\":\"BreadcrumbList\",\"@id\":\"https:\\\/\\\/www.koonings.com\\\/fr\\\/product\\\/le-papillon-par-modeca-hilde\\\/#breadcrumb\",\"itemListElement\":[{\"@type\":\"ListItem\",\"position\":1,\"name\":\"Home\",\"item\":\"https:\\\/\\\/www.koonings.com\\\/fr\\\/\"},{\"@type\":\"ListItem\",\"position\":2,\"name\":\"Le Papillon par Modeca Hilde\"}]},{\"@type\":\"WebSite\",\"@id\":\"https:\\\/\\\/www.koonings.com\\\/fr\\\/#website\",\"url\":\"https:\\\/\\\/www.koonings.com\\\/fr\\\/\",\"name\":\"Koonings\",\"description\":\"De grootste bruidsmodewinkel ter wereld\",\"publisher\":{\"@id\":\"https:\\\/\\\/www.koonings.com\\\/fr\\\/#organization\"},\"potentialAction\":[{\"@type\":\"SearchAction\",\"target\":{\"@type\":\"EntryPoint\",\"urlTemplate\":\"https:\\\/\\\/www.koonings.com\\\/fr\\\/?s={search_term_string}\"},\"query-input\":{\"@type\":\"PropertyValueSpecification\",\"valueRequired\":true,\"valueName\":\"search_term_string\"}}],\"inLanguage\":\"fr-FR\"},{\"@type\":\"Organization\",\"@id\":\"https:\\\/\\\/www.koonings.com\\\/fr\\\/#organization\",\"name\":\"Koonings\",\"url\":\"https:\\\/\\\/www.koonings.com\\\/fr\\\/\",\"logo\":{\"@type\":\"ImageObject\",\"inLanguage\":\"fr-FR\",\"@id\":\"https:\\\/\\\/www.koonings.com\\\/fr\\\/#\\\/schema\\\/logo\\\/image\\\/\",\"url\":\"https:\\\/\\\/www.koonings.com\\\/wp-content\\\/uploads\\\/2024\\\/07\\\/logo.png\",\"contentUrl\":\"https:\\\/\\\/www.koonings.com\\\/wp-content\\\/uploads\\\/2024\\\/07\\\/logo.png\",\"width\":600,\"height\":428,\"caption\":\"Koonings\"},\"image\":{\"@id\":\"https:\\\/\\\/www.koonings.com\\\/fr\\\/#\\\/schema\\\/logo\\\/image\\\/\"},\"sameAs\":[\"https:\\\/\\\/www.facebook.com\\\/kooningstheweddingpalace\",\"https:\\\/\\\/www.instagram.com\\\/kooningstheweddingpalace\",\"https:\\\/\\\/www.pinterest.com\\\/koonings\",\"https:\\\/\\\/www.youtube.com\\\/kooningstheweddingpalace\"]}]}<\/script>\n<!-- \/ Yoast SEO plugin. -->","yoast_head_json":{"title":"Le Papillon par Modeca Hilde | Koonings","description":"Cette magnifique robe en cr\u00eape de ligne A pr\u00e9sente un d\u00e9collet\u00e9 flatteur en forme de c\u0153ur et des lignes \u00e9pur\u00e9es et minimalistes. Les manches amovibles en mousseline de soie ajoutent une touche de douceur et de romantisme. Pour un look plus simple et plus \u00e9pur\u00e9, ce mod\u00e8le est \u00e9galement disponible sans les manches sous le nom de Hilde-D. Intemporel, \u00e9l\u00e9gant et polyvalent. Ce motif fait partie de la collection Le Papillon by Modeca et est disponible chez Koonings.","robots":{"index":"index","follow":"follow","max-snippet":"max-snippet:-1","max-image-preview":"max-image-preview:large","max-video-preview":"max-video-preview:-1"},"canonical":"https:\/\/www.koonings.com\/fr\/product\/le-papillon-par-modeca-hilde\/","og_locale":"fr_FR","og_type":"article","og_title":"Le Papillon par Modeca Hilde | Koonings","og_description":"Cette magnifique robe en cr\u00eape de ligne A pr\u00e9sente un d\u00e9collet\u00e9 flatteur en forme de c\u0153ur et des lignes \u00e9pur\u00e9es et minimalistes. Les manches amovibles en mousseline de soie ajoutent une touche de douceur et de romantisme. Pour un look plus simple et plus \u00e9pur\u00e9, ce mod\u00e8le est \u00e9galement disponible sans les manches sous le nom de Hilde-D. Intemporel, \u00e9l\u00e9gant et polyvalent. Ce motif fait partie de la collection Le Papillon by Modeca et est disponible chez Koonings.","og_url":"https:\/\/www.koonings.com\/fr\/product\/le-papillon-par-modeca-hilde\/","og_site_name":"Koonings","article_publisher":"https:\/\/www.facebook.com\/kooningstheweddingpalace","og_image":[{"width":1807,"height":2560,"url":"https:\/\/www.koonings.com\/wp-content\/uploads\/2025\/09\/51096_867abd358c1d42a48c38022f011c59f69da5e13cd69c999a1490e73b137d8ed40223e645-scaled.jpeg","type":"image\/jpeg"}],"twitter_card":"summary_large_image","schema":{"@context":"https:\/\/schema.org","@graph":[{"@type":"WebPage","@id":"https:\/\/www.koonings.com\/fr\/product\/le-papillon-par-modeca-hilde\/","url":"https:\/\/www.koonings.com\/fr\/product\/le-papillon-par-modeca-hilde\/","name":"Le Papillon par Modeca Hilde | Koonings","isPartOf":{"@id":"https:\/\/www.koonings.com\/fr\/#website"},"primaryImageOfPage":{"@id":"https:\/\/www.koonings.com\/fr\/product\/le-papillon-par-modeca-hilde\/#primaryimage"},"image":{"@id":"https:\/\/www.koonings.com\/fr\/product\/le-papillon-par-modeca-hilde\/#primaryimage"},"thumbnailUrl":"https:\/\/www.koonings.com\/wp-content\/uploads\/2025\/09\/51096_867abd358c1d42a48c38022f011c59f69da5e13cd69c999a1490e73b137d8ed40223e645-scaled.jpeg","datePublished":"2026-05-06T13:36:15+00:00","description":"Cette magnifique robe en cr\u00eape de ligne A pr\u00e9sente un d\u00e9collet\u00e9 flatteur en forme de c\u0153ur et des lignes \u00e9pur\u00e9es et minimalistes. Les manches amovibles en mousseline de soie ajoutent une touche de douceur et de romantisme. Pour un look plus simple et plus \u00e9pur\u00e9, ce mod\u00e8le est \u00e9galement disponible sans les manches sous le nom de Hilde-D. Intemporel, \u00e9l\u00e9gant et polyvalent. Ce motif fait partie de la collection Le Papillon by Modeca et est disponible chez Koonings.","breadcrumb":{"@id":"https:\/\/www.koonings.com\/fr\/product\/le-papillon-par-modeca-hilde\/#breadcrumb"},"inLanguage":"fr-FR","potentialAction":[{"@type":"ReadAction","target":["https:\/\/www.koonings.com\/fr\/product\/le-papillon-par-modeca-hilde\/"]}]},{"@type":"ImageObject","inLanguage":"fr-FR","@id":"https:\/\/www.koonings.com\/fr\/product\/le-papillon-par-modeca-hilde\/#primaryimage","url":"https:\/\/www.koonings.com\/wp-content\/uploads\/2025\/09\/51096_867abd358c1d42a48c38022f011c59f69da5e13cd69c999a1490e73b137d8ed40223e645-scaled.jpeg","contentUrl":"https:\/\/www.koonings.com\/wp-content\/uploads\/2025\/09\/51096_867abd358c1d42a48c38022f011c59f69da5e13cd69c999a1490e73b137d8ed40223e645-scaled.jpeg","width":1807,"height":2560},{"@type":"BreadcrumbList","@id":"https:\/\/www.koonings.com\/fr\/product\/le-papillon-par-modeca-hilde\/#breadcrumb","itemListElement":[{"@type":"ListItem","position":1,"name":"Home","item":"https:\/\/www.koonings.com\/fr\/"},{"@type":"ListItem","position":2,"name":"Le Papillon par Modeca Hilde"}]},{"@type":"WebSite","@id":"https:\/\/www.koonings.com\/fr\/#website","url":"https:\/\/www.koonings.com\/fr\/","name":"Koonings","description":"De grootste bruidsmodewinkel ter wereld","publisher":{"@id":"https:\/\/www.koonings.com\/fr\/#organization"},"potentialAction":[{"@type":"SearchAction","target":{"@type":"EntryPoint","urlTemplate":"https:\/\/www.koonings.com\/fr\/?s={search_term_string}"},"query-input":{"@type":"PropertyValueSpecification","valueRequired":true,"valueName":"search_term_string"}}],"inLanguage":"fr-FR"},{"@type":"Organization","@id":"https:\/\/www.koonings.com\/fr\/#organization","name":"Koonings","url":"https:\/\/www.koonings.com\/fr\/","logo":{"@type":"ImageObject","inLanguage":"fr-FR","@id":"https:\/\/www.koonings.com\/fr\/#\/schema\/logo\/image\/","url":"https:\/\/www.koonings.com\/wp-content\/uploads\/2024\/07\/logo.png","contentUrl":"https:\/\/www.koonings.com\/wp-content\/uploads\/2024\/07\/logo.png","width":600,"height":428,"caption":"Koonings"},"image":{"@id":"https:\/\/www.koonings.com\/fr\/#\/schema\/logo\/image\/"},"sameAs":["https:\/\/www.facebook.com\/kooningstheweddingpalace","https:\/\/www.instagram.com\/kooningstheweddingpalace","https:\/\/www.pinterest.com\/koonings","https:\/\/www.youtube.com\/kooningstheweddingpalace"]}]}},"_links":{"self":[{"href":"https:\/\/www.koonings.com\/fr\/wp-json\/wp\/v2\/product\/107040","targetHints":{"allow":["GET"]}}],"collection":[{"href":"https:\/\/www.koonings.com\/fr\/wp-json\/wp\/v2\/product"}],"about":[{"href":"https:\/\/www.koonings.com\/fr\/wp-json\/wp\/v2\/types\/product"}],"wp:featuredmedia":[{"embeddable":true,"href":"https:\/\/www.koonings.com\/fr\/wp-json\/wp\/v2\/media\/97084"}],"wp:attachment":[{"href":"https:\/\/www.koonings.com\/fr\/wp-json\/wp\/v2\/media?parent=107040"}],"wp:term":[{"taxonomy":"productdetails","embeddable":true,"href":"https:\/\/www.koonings.com\/fr\/wp-json\/wp\/v2\/productdetails?post=107040"},{"taxonomy":"productneck","embeddable":true,"href":"https:\/\/www.koonings.com\/fr\/wp-json\/wp\/v2\/productneck?post=107040"},{"taxonomy":"productcolor","embeddable":true,"href":"https:\/\/www.koonings.com\/fr\/wp-json\/wp\/v2\/productcolor?post=107040"},{"taxonomy":"maat","embeddable":true,"href":"https:\/\/www.koonings.com\/fr\/wp-json\/wp\/v2\/maat?post=107040"},{"taxonomy":"productsupplier","embeddable":true,"href":"https:\/\/www.koonings.com\/fr\/wp-json\/wp\/v2\/productsupplier?post=107040"},{"taxonomy":"productsleeve","embeddable":true,"href":"https:\/\/www.koonings.com\/fr\/wp-json\/wp\/v2\/productsleeve?post=107040"},{"taxonomy":"productcategory","embeddable":true,"href":"https:\/\/www.koonings.com\/fr\/wp-json\/wp\/v2\/productcategory?post=107040"},{"taxonomy":"productsilhouette","embeddable":true,"href":"https:\/\/www.koonings.com\/fr\/wp-json\/wp\/v2\/productsilhouette?post=107040"},{"taxonomy":"productstyle","embeddable":true,"href":"https:\/\/www.koonings.com\/fr\/wp-json\/wp\/v2\/productstyle?post=107040"}],"curies":[{"name":"wp","href":"https:\/\/api.w.org\/{rel}","templated":true}]}}