{"id":107037,"date":"2026-05-06T15:36:14","date_gmt":"2026-05-06T13:36:14","guid":{"rendered":"https:\/\/www.koonings.com\/product\/le-papillon-par-modeca-hilary-d\/"},"modified":"2026-04-14T15:39:39","modified_gmt":"2026-04-14T13:39:39","slug":"le-papillon-par-modeca-hilary-d","status":"publish","type":"product","link":"https:\/\/www.koonings.com\/fr\/product\/le-papillon-par-modeca-hilary-d\/","title":{"rendered":"Le Papillon par Modeca Hilary-D"},"content":{"rendered":"<p>Une robe chic en cr\u00eape de forme \u00e9vas\u00e9e avec un corsage pliss\u00e9 et une \u00e9l\u00e9gante fente. Les bretelles florales amovibles ajoutent une touche de f\u00e9minit\u00e9 et de sophistication, tandis que les lignes \u00e9pur\u00e9es et le design minimaliste rendent la robe parfaite pour la mari\u00e9e moderne. Pour un look \u00e9l\u00e9gant et sophistiqu\u00e9, ce mod\u00e8le est \u00e9galement disponible sans les bretelles sous le nom de Hilary-D.  <\/p>\n<p>Ce dessin est issu de la collection Le Papillon by Modeca et est disponible chez Koonings.<\/p>\n","protected":false},"featured_media":97059,"template":"","meta":{"_acf_changed":false,"ghostkit_customizer_options":"","ghostkit_custom_css":"","ghostkit_custom_js_head":"","ghostkit_custom_js_foot":"","ghostkit_typography":""},"productdetails":[378],"productneck":[355],"productcolor":[393,392],"maat":[],"productsupplier":[411],"productsleeve":[357,359],"productcategory":[18],"productsilhouette":[389],"productstyle":[365],"class_list":["post-107037","product","type-product","status-publish","has-post-thumbnail","hentry","productdetails-378","productneck-355","productcolor-393","productcolor-392","productsupplier-le-papillon-by-modeca","productsleeve-357","productsleeve-359","productcategory-trouwjurken","productsilhouette-389","productstyle-365"],"acf":[],"yoast_head":"<!-- This site is optimized with the Yoast SEO plugin v27.3 - https:\/\/yoast.com\/product\/yoast-seo-wordpress\/ -->\n<title>Le Papillon par Modeca Hilary-D | Koonings<\/title>\n<meta name=\"description\" content=\"Une robe chic en cr\u00eape de forme \u00e9vas\u00e9e avec un corsage pliss\u00e9 et une \u00e9l\u00e9gante fente. Les bretelles florales amovibles ajoutent une touche de f\u00e9minit\u00e9 et de sophistication, tandis que les lignes \u00e9pur\u00e9es et le design minimaliste rendent la robe parfaite pour la mari\u00e9e moderne. Pour un look \u00e9l\u00e9gant et sophistiqu\u00e9, ce mod\u00e8le est \u00e9galement disponible sans les bretelles sous le nom de Hilary-D. Ce dessin est issu de la collection Le Papillon by Modeca et est disponible chez Koonings.\" \/>\n<meta name=\"robots\" content=\"index, follow, max-snippet:-1, max-image-preview:large, max-video-preview:-1\" \/>\n<link rel=\"canonical\" href=\"https:\/\/www.koonings.com\/fr\/product\/le-papillon-par-modeca-hilary-d\/\" \/>\n<meta property=\"og:locale\" content=\"fr_FR\" \/>\n<meta property=\"og:type\" content=\"article\" \/>\n<meta property=\"og:title\" content=\"Le Papillon par Modeca Hilary-D | Koonings\" \/>\n<meta property=\"og:description\" content=\"Une robe chic en cr\u00eape de forme \u00e9vas\u00e9e avec un corsage pliss\u00e9 et une \u00e9l\u00e9gante fente. Les bretelles florales amovibles ajoutent une touche de f\u00e9minit\u00e9 et de sophistication, tandis que les lignes \u00e9pur\u00e9es et le design minimaliste rendent la robe parfaite pour la mari\u00e9e moderne. Pour un look \u00e9l\u00e9gant et sophistiqu\u00e9, ce mod\u00e8le est \u00e9galement disponible sans les bretelles sous le nom de Hilary-D. Ce dessin est issu de la collection Le Papillon by Modeca et est disponible chez Koonings.\" \/>\n<meta property=\"og:url\" content=\"https:\/\/www.koonings.com\/fr\/product\/le-papillon-par-modeca-hilary-d\/\" \/>\n<meta property=\"og:site_name\" content=\"Koonings\" \/>\n<meta property=\"article:publisher\" content=\"https:\/\/www.facebook.com\/kooningstheweddingpalace\" \/>\n<meta property=\"og:image\" content=\"https:\/\/www.koonings.com\/wp-content\/uploads\/2025\/09\/51095_8d885c1eea81115840c9886fd35ee975e527020916679e0df2dc5bd3beb858f1598cf8b0.jpeg\" \/>\n\t<meta property=\"og:image:width\" content=\"1316\" \/>\n\t<meta property=\"og:image:height\" content=\"1859\" \/>\n\t<meta property=\"og:image:type\" content=\"image\/jpeg\" \/>\n<meta name=\"twitter:card\" content=\"summary_large_image\" \/>\n<script type=\"application\/ld+json\" class=\"yoast-schema-graph\">{\"@context\":\"https:\\\/\\\/schema.org\",\"@graph\":[{\"@type\":\"WebPage\",\"@id\":\"https:\\\/\\\/www.koonings.com\\\/fr\\\/product\\\/le-papillon-par-modeca-hilary-d\\\/\",\"url\":\"https:\\\/\\\/www.koonings.com\\\/fr\\\/product\\\/le-papillon-par-modeca-hilary-d\\\/\",\"name\":\"Le Papillon par Modeca Hilary-D | Koonings\",\"isPartOf\":{\"@id\":\"https:\\\/\\\/www.koonings.com\\\/fr\\\/#website\"},\"primaryImageOfPage\":{\"@id\":\"https:\\\/\\\/www.koonings.com\\\/fr\\\/product\\\/le-papillon-par-modeca-hilary-d\\\/#primaryimage\"},\"image\":{\"@id\":\"https:\\\/\\\/www.koonings.com\\\/fr\\\/product\\\/le-papillon-par-modeca-hilary-d\\\/#primaryimage\"},\"thumbnailUrl\":\"https:\\\/\\\/www.koonings.com\\\/wp-content\\\/uploads\\\/2025\\\/09\\\/51095_8d885c1eea81115840c9886fd35ee975e527020916679e0df2dc5bd3beb858f1598cf8b0.jpeg\",\"datePublished\":\"2026-05-06T13:36:14+00:00\",\"description\":\"Une robe chic en cr\u00eape de forme \u00e9vas\u00e9e avec un corsage pliss\u00e9 et une \u00e9l\u00e9gante fente. Les bretelles florales amovibles ajoutent une touche de f\u00e9minit\u00e9 et de sophistication, tandis que les lignes \u00e9pur\u00e9es et le design minimaliste rendent la robe parfaite pour la mari\u00e9e moderne. Pour un look \u00e9l\u00e9gant et sophistiqu\u00e9, ce mod\u00e8le est \u00e9galement disponible sans les bretelles sous le nom de Hilary-D. Ce dessin est issu de la collection Le Papillon by Modeca et est disponible chez Koonings.\",\"breadcrumb\":{\"@id\":\"https:\\\/\\\/www.koonings.com\\\/fr\\\/product\\\/le-papillon-par-modeca-hilary-d\\\/#breadcrumb\"},\"inLanguage\":\"fr-FR\",\"potentialAction\":[{\"@type\":\"ReadAction\",\"target\":[\"https:\\\/\\\/www.koonings.com\\\/fr\\\/product\\\/le-papillon-par-modeca-hilary-d\\\/\"]}]},{\"@type\":\"ImageObject\",\"inLanguage\":\"fr-FR\",\"@id\":\"https:\\\/\\\/www.koonings.com\\\/fr\\\/product\\\/le-papillon-par-modeca-hilary-d\\\/#primaryimage\",\"url\":\"https:\\\/\\\/www.koonings.com\\\/wp-content\\\/uploads\\\/2025\\\/09\\\/51095_8d885c1eea81115840c9886fd35ee975e527020916679e0df2dc5bd3beb858f1598cf8b0.jpeg\",\"contentUrl\":\"https:\\\/\\\/www.koonings.com\\\/wp-content\\\/uploads\\\/2025\\\/09\\\/51095_8d885c1eea81115840c9886fd35ee975e527020916679e0df2dc5bd3beb858f1598cf8b0.jpeg\",\"width\":1316,\"height\":1859},{\"@type\":\"BreadcrumbList\",\"@id\":\"https:\\\/\\\/www.koonings.com\\\/fr\\\/product\\\/le-papillon-par-modeca-hilary-d\\\/#breadcrumb\",\"itemListElement\":[{\"@type\":\"ListItem\",\"position\":1,\"name\":\"Home\",\"item\":\"https:\\\/\\\/www.koonings.com\\\/fr\\\/\"},{\"@type\":\"ListItem\",\"position\":2,\"name\":\"Le Papillon par Modeca Hilary-D\"}]},{\"@type\":\"WebSite\",\"@id\":\"https:\\\/\\\/www.koonings.com\\\/fr\\\/#website\",\"url\":\"https:\\\/\\\/www.koonings.com\\\/fr\\\/\",\"name\":\"Koonings\",\"description\":\"De grootste bruidsmodewinkel ter wereld\",\"publisher\":{\"@id\":\"https:\\\/\\\/www.koonings.com\\\/fr\\\/#organization\"},\"potentialAction\":[{\"@type\":\"SearchAction\",\"target\":{\"@type\":\"EntryPoint\",\"urlTemplate\":\"https:\\\/\\\/www.koonings.com\\\/fr\\\/?s={search_term_string}\"},\"query-input\":{\"@type\":\"PropertyValueSpecification\",\"valueRequired\":true,\"valueName\":\"search_term_string\"}}],\"inLanguage\":\"fr-FR\"},{\"@type\":\"Organization\",\"@id\":\"https:\\\/\\\/www.koonings.com\\\/fr\\\/#organization\",\"name\":\"Koonings\",\"url\":\"https:\\\/\\\/www.koonings.com\\\/fr\\\/\",\"logo\":{\"@type\":\"ImageObject\",\"inLanguage\":\"fr-FR\",\"@id\":\"https:\\\/\\\/www.koonings.com\\\/fr\\\/#\\\/schema\\\/logo\\\/image\\\/\",\"url\":\"https:\\\/\\\/www.koonings.com\\\/wp-content\\\/uploads\\\/2024\\\/07\\\/logo.png\",\"contentUrl\":\"https:\\\/\\\/www.koonings.com\\\/wp-content\\\/uploads\\\/2024\\\/07\\\/logo.png\",\"width\":600,\"height\":428,\"caption\":\"Koonings\"},\"image\":{\"@id\":\"https:\\\/\\\/www.koonings.com\\\/fr\\\/#\\\/schema\\\/logo\\\/image\\\/\"},\"sameAs\":[\"https:\\\/\\\/www.facebook.com\\\/kooningstheweddingpalace\",\"https:\\\/\\\/www.instagram.com\\\/kooningstheweddingpalace\",\"https:\\\/\\\/www.pinterest.com\\\/koonings\",\"https:\\\/\\\/www.youtube.com\\\/kooningstheweddingpalace\"]}]}<\/script>\n<!-- \/ Yoast SEO plugin. -->","yoast_head_json":{"title":"Le Papillon par Modeca Hilary-D | Koonings","description":"Une robe chic en cr\u00eape de forme \u00e9vas\u00e9e avec un corsage pliss\u00e9 et une \u00e9l\u00e9gante fente. Les bretelles florales amovibles ajoutent une touche de f\u00e9minit\u00e9 et de sophistication, tandis que les lignes \u00e9pur\u00e9es et le design minimaliste rendent la robe parfaite pour la mari\u00e9e moderne. Pour un look \u00e9l\u00e9gant et sophistiqu\u00e9, ce mod\u00e8le est \u00e9galement disponible sans les bretelles sous le nom de Hilary-D. Ce dessin est issu de la collection Le Papillon by Modeca et est disponible chez Koonings.","robots":{"index":"index","follow":"follow","max-snippet":"max-snippet:-1","max-image-preview":"max-image-preview:large","max-video-preview":"max-video-preview:-1"},"canonical":"https:\/\/www.koonings.com\/fr\/product\/le-papillon-par-modeca-hilary-d\/","og_locale":"fr_FR","og_type":"article","og_title":"Le Papillon par Modeca Hilary-D | Koonings","og_description":"Une robe chic en cr\u00eape de forme \u00e9vas\u00e9e avec un corsage pliss\u00e9 et une \u00e9l\u00e9gante fente. Les bretelles florales amovibles ajoutent une touche de f\u00e9minit\u00e9 et de sophistication, tandis que les lignes \u00e9pur\u00e9es et le design minimaliste rendent la robe parfaite pour la mari\u00e9e moderne. Pour un look \u00e9l\u00e9gant et sophistiqu\u00e9, ce mod\u00e8le est \u00e9galement disponible sans les bretelles sous le nom de Hilary-D. Ce dessin est issu de la collection Le Papillon by Modeca et est disponible chez Koonings.","og_url":"https:\/\/www.koonings.com\/fr\/product\/le-papillon-par-modeca-hilary-d\/","og_site_name":"Koonings","article_publisher":"https:\/\/www.facebook.com\/kooningstheweddingpalace","og_image":[{"width":1316,"height":1859,"url":"https:\/\/www.koonings.com\/wp-content\/uploads\/2025\/09\/51095_8d885c1eea81115840c9886fd35ee975e527020916679e0df2dc5bd3beb858f1598cf8b0.jpeg","type":"image\/jpeg"}],"twitter_card":"summary_large_image","schema":{"@context":"https:\/\/schema.org","@graph":[{"@type":"WebPage","@id":"https:\/\/www.koonings.com\/fr\/product\/le-papillon-par-modeca-hilary-d\/","url":"https:\/\/www.koonings.com\/fr\/product\/le-papillon-par-modeca-hilary-d\/","name":"Le Papillon par Modeca Hilary-D | Koonings","isPartOf":{"@id":"https:\/\/www.koonings.com\/fr\/#website"},"primaryImageOfPage":{"@id":"https:\/\/www.koonings.com\/fr\/product\/le-papillon-par-modeca-hilary-d\/#primaryimage"},"image":{"@id":"https:\/\/www.koonings.com\/fr\/product\/le-papillon-par-modeca-hilary-d\/#primaryimage"},"thumbnailUrl":"https:\/\/www.koonings.com\/wp-content\/uploads\/2025\/09\/51095_8d885c1eea81115840c9886fd35ee975e527020916679e0df2dc5bd3beb858f1598cf8b0.jpeg","datePublished":"2026-05-06T13:36:14+00:00","description":"Une robe chic en cr\u00eape de forme \u00e9vas\u00e9e avec un corsage pliss\u00e9 et une \u00e9l\u00e9gante fente. Les bretelles florales amovibles ajoutent une touche de f\u00e9minit\u00e9 et de sophistication, tandis que les lignes \u00e9pur\u00e9es et le design minimaliste rendent la robe parfaite pour la mari\u00e9e moderne. Pour un look \u00e9l\u00e9gant et sophistiqu\u00e9, ce mod\u00e8le est \u00e9galement disponible sans les bretelles sous le nom de Hilary-D. Ce dessin est issu de la collection Le Papillon by Modeca et est disponible chez Koonings.","breadcrumb":{"@id":"https:\/\/www.koonings.com\/fr\/product\/le-papillon-par-modeca-hilary-d\/#breadcrumb"},"inLanguage":"fr-FR","potentialAction":[{"@type":"ReadAction","target":["https:\/\/www.koonings.com\/fr\/product\/le-papillon-par-modeca-hilary-d\/"]}]},{"@type":"ImageObject","inLanguage":"fr-FR","@id":"https:\/\/www.koonings.com\/fr\/product\/le-papillon-par-modeca-hilary-d\/#primaryimage","url":"https:\/\/www.koonings.com\/wp-content\/uploads\/2025\/09\/51095_8d885c1eea81115840c9886fd35ee975e527020916679e0df2dc5bd3beb858f1598cf8b0.jpeg","contentUrl":"https:\/\/www.koonings.com\/wp-content\/uploads\/2025\/09\/51095_8d885c1eea81115840c9886fd35ee975e527020916679e0df2dc5bd3beb858f1598cf8b0.jpeg","width":1316,"height":1859},{"@type":"BreadcrumbList","@id":"https:\/\/www.koonings.com\/fr\/product\/le-papillon-par-modeca-hilary-d\/#breadcrumb","itemListElement":[{"@type":"ListItem","position":1,"name":"Home","item":"https:\/\/www.koonings.com\/fr\/"},{"@type":"ListItem","position":2,"name":"Le Papillon par Modeca Hilary-D"}]},{"@type":"WebSite","@id":"https:\/\/www.koonings.com\/fr\/#website","url":"https:\/\/www.koonings.com\/fr\/","name":"Koonings","description":"De grootste bruidsmodewinkel ter wereld","publisher":{"@id":"https:\/\/www.koonings.com\/fr\/#organization"},"potentialAction":[{"@type":"SearchAction","target":{"@type":"EntryPoint","urlTemplate":"https:\/\/www.koonings.com\/fr\/?s={search_term_string}"},"query-input":{"@type":"PropertyValueSpecification","valueRequired":true,"valueName":"search_term_string"}}],"inLanguage":"fr-FR"},{"@type":"Organization","@id":"https:\/\/www.koonings.com\/fr\/#organization","name":"Koonings","url":"https:\/\/www.koonings.com\/fr\/","logo":{"@type":"ImageObject","inLanguage":"fr-FR","@id":"https:\/\/www.koonings.com\/fr\/#\/schema\/logo\/image\/","url":"https:\/\/www.koonings.com\/wp-content\/uploads\/2024\/07\/logo.png","contentUrl":"https:\/\/www.koonings.com\/wp-content\/uploads\/2024\/07\/logo.png","width":600,"height":428,"caption":"Koonings"},"image":{"@id":"https:\/\/www.koonings.com\/fr\/#\/schema\/logo\/image\/"},"sameAs":["https:\/\/www.facebook.com\/kooningstheweddingpalace","https:\/\/www.instagram.com\/kooningstheweddingpalace","https:\/\/www.pinterest.com\/koonings","https:\/\/www.youtube.com\/kooningstheweddingpalace"]}]}},"_links":{"self":[{"href":"https:\/\/www.koonings.com\/fr\/wp-json\/wp\/v2\/product\/107037","targetHints":{"allow":["GET"]}}],"collection":[{"href":"https:\/\/www.koonings.com\/fr\/wp-json\/wp\/v2\/product"}],"about":[{"href":"https:\/\/www.koonings.com\/fr\/wp-json\/wp\/v2\/types\/product"}],"wp:featuredmedia":[{"embeddable":true,"href":"https:\/\/www.koonings.com\/fr\/wp-json\/wp\/v2\/media\/97059"}],"wp:attachment":[{"href":"https:\/\/www.koonings.com\/fr\/wp-json\/wp\/v2\/media?parent=107037"}],"wp:term":[{"taxonomy":"productdetails","embeddable":true,"href":"https:\/\/www.koonings.com\/fr\/wp-json\/wp\/v2\/productdetails?post=107037"},{"taxonomy":"productneck","embeddable":true,"href":"https:\/\/www.koonings.com\/fr\/wp-json\/wp\/v2\/productneck?post=107037"},{"taxonomy":"productcolor","embeddable":true,"href":"https:\/\/www.koonings.com\/fr\/wp-json\/wp\/v2\/productcolor?post=107037"},{"taxonomy":"maat","embeddable":true,"href":"https:\/\/www.koonings.com\/fr\/wp-json\/wp\/v2\/maat?post=107037"},{"taxonomy":"productsupplier","embeddable":true,"href":"https:\/\/www.koonings.com\/fr\/wp-json\/wp\/v2\/productsupplier?post=107037"},{"taxonomy":"productsleeve","embeddable":true,"href":"https:\/\/www.koonings.com\/fr\/wp-json\/wp\/v2\/productsleeve?post=107037"},{"taxonomy":"productcategory","embeddable":true,"href":"https:\/\/www.koonings.com\/fr\/wp-json\/wp\/v2\/productcategory?post=107037"},{"taxonomy":"productsilhouette","embeddable":true,"href":"https:\/\/www.koonings.com\/fr\/wp-json\/wp\/v2\/productsilhouette?post=107037"},{"taxonomy":"productstyle","embeddable":true,"href":"https:\/\/www.koonings.com\/fr\/wp-json\/wp\/v2\/productstyle?post=107037"}],"curies":[{"name":"wp","href":"https:\/\/api.w.org\/{rel}","templated":true}]}}