{"id":107031,"date":"2026-05-06T15:36:13","date_gmt":"2026-05-06T13:36:13","guid":{"rendered":"https:\/\/www.koonings.com\/product\/le-papillon-par-modeca-hesper\/"},"modified":"2026-04-14T15:39:39","modified_gmt":"2026-04-14T13:39:39","slug":"le-papillon-par-modeca-hesper","status":"publish","type":"product","link":"https:\/\/www.koonings.com\/fr\/product\/le-papillon-par-modeca-hesper\/","title":{"rendered":"Le Papillon par Modeca Hesper"},"content":{"rendered":"<p>Cette robe de coupe \u00e9vas\u00e9e \u00e0 couper le souffle pr\u00e9sente un d\u00e9collet\u00e9 en c\u0153ur profond et une jupe enchanteresse en tulle \u00e9tincelant. L&#8217;ensemble de la robe est orn\u00e9 d&#8217;une magnifique dentelle florale, qui cr\u00e9e un \u00e9quilibre parfait entre romantisme et sophistication. Le dos ouvert ajoute une touche d&#8217;audace et rehausse l&#8217;\u00e9l\u00e9gance sensuelle, tandis que le design g\u00e9n\u00e9ral reste \u00e0 la fois intemporel et contemporain. Id\u00e9ale pour la mari\u00e9e qui souhaite un look inoubliable et enchanteur.   <\/p>\n<p>Ce dessin est issu de la collection Le Papillon by Modeca et est disponible chez Koonings.<\/p>\n","protected":false},"featured_media":97021,"template":"","meta":{"_acf_changed":false,"ghostkit_customizer_options":"","ghostkit_custom_css":"","ghostkit_custom_js_head":"","ghostkit_custom_js_foot":"","ghostkit_typography":""},"productdetails":[376,381],"productneck":[355],"productcolor":[393,392],"maat":[],"productsupplier":[411],"productsleeve":[359],"productcategory":[18],"productsilhouette":[387,389],"productstyle":[366],"class_list":["post-107031","product","type-product","status-publish","has-post-thumbnail","hentry","productdetails-376","productdetails-381","productneck-355","productcolor-393","productcolor-392","productsupplier-le-papillon-by-modeca","productsleeve-359","productcategory-trouwjurken","productsilhouette-387","productsilhouette-389","productstyle-366"],"acf":[],"yoast_head":"<!-- This site is optimized with the Yoast SEO plugin v27.3 - https:\/\/yoast.com\/product\/yoast-seo-wordpress\/ -->\n<title>Le Papillon par Modeca Hesper | Koonings<\/title>\n<meta name=\"description\" content=\"Cette robe de coupe \u00e9vas\u00e9e \u00e0 couper le souffle pr\u00e9sente un d\u00e9collet\u00e9 en c\u0153ur profond et une jupe enchanteresse en tulle \u00e9tincelant. L&#039;ensemble de la robe est orn\u00e9 d&#039;une magnifique dentelle florale, qui cr\u00e9e un \u00e9quilibre parfait entre romantisme et sophistication. Le dos ouvert ajoute une touche d&#039;audace et rehausse l&#039;\u00e9l\u00e9gance sensuelle, tandis que le design g\u00e9n\u00e9ral reste \u00e0 la fois intemporel et contemporain. Id\u00e9ale pour la mari\u00e9e qui souhaite un look inoubliable et enchanteur. Ce dessin est issu de la collection Le Papillon by Modeca et est disponible chez Koonings.\" \/>\n<meta name=\"robots\" content=\"index, follow, max-snippet:-1, max-image-preview:large, max-video-preview:-1\" \/>\n<link rel=\"canonical\" href=\"https:\/\/www.koonings.com\/fr\/product\/le-papillon-par-modeca-hesper\/\" \/>\n<meta property=\"og:locale\" content=\"fr_FR\" \/>\n<meta property=\"og:type\" content=\"article\" \/>\n<meta property=\"og:title\" content=\"Le Papillon par Modeca Hesper | Koonings\" \/>\n<meta property=\"og:description\" content=\"Cette robe de coupe \u00e9vas\u00e9e \u00e0 couper le souffle pr\u00e9sente un d\u00e9collet\u00e9 en c\u0153ur profond et une jupe enchanteresse en tulle \u00e9tincelant. L&#039;ensemble de la robe est orn\u00e9 d&#039;une magnifique dentelle florale, qui cr\u00e9e un \u00e9quilibre parfait entre romantisme et sophistication. Le dos ouvert ajoute une touche d&#039;audace et rehausse l&#039;\u00e9l\u00e9gance sensuelle, tandis que le design g\u00e9n\u00e9ral reste \u00e0 la fois intemporel et contemporain. Id\u00e9ale pour la mari\u00e9e qui souhaite un look inoubliable et enchanteur. Ce dessin est issu de la collection Le Papillon by Modeca et est disponible chez Koonings.\" \/>\n<meta property=\"og:url\" content=\"https:\/\/www.koonings.com\/fr\/product\/le-papillon-par-modeca-hesper\/\" \/>\n<meta property=\"og:site_name\" content=\"Koonings\" \/>\n<meta property=\"article:publisher\" content=\"https:\/\/www.facebook.com\/kooningstheweddingpalace\" \/>\n<meta property=\"og:image\" content=\"https:\/\/www.koonings.com\/wp-content\/uploads\/2025\/09\/51093_5bb788043417027fce63e7a3a8fff6d1800822cec75399ed5b0341d9be4bf5671821a9cc.jpeg\" \/>\n\t<meta property=\"og:image:width\" content=\"1754\" \/>\n\t<meta property=\"og:image:height\" content=\"2482\" \/>\n\t<meta property=\"og:image:type\" content=\"image\/jpeg\" \/>\n<meta name=\"twitter:card\" content=\"summary_large_image\" \/>\n<meta name=\"twitter:label1\" content=\"Dur\u00e9e de lecture estim\u00e9e\" \/>\n\t<meta name=\"twitter:data1\" content=\"1 minute\" \/>\n<script type=\"application\/ld+json\" class=\"yoast-schema-graph\">{\"@context\":\"https:\\\/\\\/schema.org\",\"@graph\":[{\"@type\":\"WebPage\",\"@id\":\"https:\\\/\\\/www.koonings.com\\\/fr\\\/product\\\/le-papillon-par-modeca-hesper\\\/\",\"url\":\"https:\\\/\\\/www.koonings.com\\\/fr\\\/product\\\/le-papillon-par-modeca-hesper\\\/\",\"name\":\"Le Papillon par Modeca Hesper | Koonings\",\"isPartOf\":{\"@id\":\"https:\\\/\\\/www.koonings.com\\\/fr\\\/#website\"},\"primaryImageOfPage\":{\"@id\":\"https:\\\/\\\/www.koonings.com\\\/fr\\\/product\\\/le-papillon-par-modeca-hesper\\\/#primaryimage\"},\"image\":{\"@id\":\"https:\\\/\\\/www.koonings.com\\\/fr\\\/product\\\/le-papillon-par-modeca-hesper\\\/#primaryimage\"},\"thumbnailUrl\":\"https:\\\/\\\/www.koonings.com\\\/wp-content\\\/uploads\\\/2025\\\/09\\\/51093_5bb788043417027fce63e7a3a8fff6d1800822cec75399ed5b0341d9be4bf5671821a9cc.jpeg\",\"datePublished\":\"2026-05-06T13:36:13+00:00\",\"description\":\"Cette robe de coupe \u00e9vas\u00e9e \u00e0 couper le souffle pr\u00e9sente un d\u00e9collet\u00e9 en c\u0153ur profond et une jupe enchanteresse en tulle \u00e9tincelant. L'ensemble de la robe est orn\u00e9 d'une magnifique dentelle florale, qui cr\u00e9e un \u00e9quilibre parfait entre romantisme et sophistication. Le dos ouvert ajoute une touche d'audace et rehausse l'\u00e9l\u00e9gance sensuelle, tandis que le design g\u00e9n\u00e9ral reste \u00e0 la fois intemporel et contemporain. Id\u00e9ale pour la mari\u00e9e qui souhaite un look inoubliable et enchanteur. Ce dessin est issu de la collection Le Papillon by Modeca et est disponible chez Koonings.\",\"breadcrumb\":{\"@id\":\"https:\\\/\\\/www.koonings.com\\\/fr\\\/product\\\/le-papillon-par-modeca-hesper\\\/#breadcrumb\"},\"inLanguage\":\"fr-FR\",\"potentialAction\":[{\"@type\":\"ReadAction\",\"target\":[\"https:\\\/\\\/www.koonings.com\\\/fr\\\/product\\\/le-papillon-par-modeca-hesper\\\/\"]}]},{\"@type\":\"ImageObject\",\"inLanguage\":\"fr-FR\",\"@id\":\"https:\\\/\\\/www.koonings.com\\\/fr\\\/product\\\/le-papillon-par-modeca-hesper\\\/#primaryimage\",\"url\":\"https:\\\/\\\/www.koonings.com\\\/wp-content\\\/uploads\\\/2025\\\/09\\\/51093_5bb788043417027fce63e7a3a8fff6d1800822cec75399ed5b0341d9be4bf5671821a9cc.jpeg\",\"contentUrl\":\"https:\\\/\\\/www.koonings.com\\\/wp-content\\\/uploads\\\/2025\\\/09\\\/51093_5bb788043417027fce63e7a3a8fff6d1800822cec75399ed5b0341d9be4bf5671821a9cc.jpeg\",\"width\":1754,\"height\":2482},{\"@type\":\"BreadcrumbList\",\"@id\":\"https:\\\/\\\/www.koonings.com\\\/fr\\\/product\\\/le-papillon-par-modeca-hesper\\\/#breadcrumb\",\"itemListElement\":[{\"@type\":\"ListItem\",\"position\":1,\"name\":\"Home\",\"item\":\"https:\\\/\\\/www.koonings.com\\\/fr\\\/\"},{\"@type\":\"ListItem\",\"position\":2,\"name\":\"Le Papillon par Modeca Hesper\"}]},{\"@type\":\"WebSite\",\"@id\":\"https:\\\/\\\/www.koonings.com\\\/fr\\\/#website\",\"url\":\"https:\\\/\\\/www.koonings.com\\\/fr\\\/\",\"name\":\"Koonings\",\"description\":\"De grootste bruidsmodewinkel ter wereld\",\"publisher\":{\"@id\":\"https:\\\/\\\/www.koonings.com\\\/fr\\\/#organization\"},\"potentialAction\":[{\"@type\":\"SearchAction\",\"target\":{\"@type\":\"EntryPoint\",\"urlTemplate\":\"https:\\\/\\\/www.koonings.com\\\/fr\\\/?s={search_term_string}\"},\"query-input\":{\"@type\":\"PropertyValueSpecification\",\"valueRequired\":true,\"valueName\":\"search_term_string\"}}],\"inLanguage\":\"fr-FR\"},{\"@type\":\"Organization\",\"@id\":\"https:\\\/\\\/www.koonings.com\\\/fr\\\/#organization\",\"name\":\"Koonings\",\"url\":\"https:\\\/\\\/www.koonings.com\\\/fr\\\/\",\"logo\":{\"@type\":\"ImageObject\",\"inLanguage\":\"fr-FR\",\"@id\":\"https:\\\/\\\/www.koonings.com\\\/fr\\\/#\\\/schema\\\/logo\\\/image\\\/\",\"url\":\"https:\\\/\\\/www.koonings.com\\\/wp-content\\\/uploads\\\/2024\\\/07\\\/logo.png\",\"contentUrl\":\"https:\\\/\\\/www.koonings.com\\\/wp-content\\\/uploads\\\/2024\\\/07\\\/logo.png\",\"width\":600,\"height\":428,\"caption\":\"Koonings\"},\"image\":{\"@id\":\"https:\\\/\\\/www.koonings.com\\\/fr\\\/#\\\/schema\\\/logo\\\/image\\\/\"},\"sameAs\":[\"https:\\\/\\\/www.facebook.com\\\/kooningstheweddingpalace\",\"https:\\\/\\\/www.instagram.com\\\/kooningstheweddingpalace\",\"https:\\\/\\\/www.pinterest.com\\\/koonings\",\"https:\\\/\\\/www.youtube.com\\\/kooningstheweddingpalace\"]}]}<\/script>\n<!-- \/ Yoast SEO plugin. -->","yoast_head_json":{"title":"Le Papillon par Modeca Hesper | Koonings","description":"Cette robe de coupe \u00e9vas\u00e9e \u00e0 couper le souffle pr\u00e9sente un d\u00e9collet\u00e9 en c\u0153ur profond et une jupe enchanteresse en tulle \u00e9tincelant. L'ensemble de la robe est orn\u00e9 d'une magnifique dentelle florale, qui cr\u00e9e un \u00e9quilibre parfait entre romantisme et sophistication. Le dos ouvert ajoute une touche d'audace et rehausse l'\u00e9l\u00e9gance sensuelle, tandis que le design g\u00e9n\u00e9ral reste \u00e0 la fois intemporel et contemporain. Id\u00e9ale pour la mari\u00e9e qui souhaite un look inoubliable et enchanteur. Ce dessin est issu de la collection Le Papillon by Modeca et est disponible chez Koonings.","robots":{"index":"index","follow":"follow","max-snippet":"max-snippet:-1","max-image-preview":"max-image-preview:large","max-video-preview":"max-video-preview:-1"},"canonical":"https:\/\/www.koonings.com\/fr\/product\/le-papillon-par-modeca-hesper\/","og_locale":"fr_FR","og_type":"article","og_title":"Le Papillon par Modeca Hesper | Koonings","og_description":"Cette robe de coupe \u00e9vas\u00e9e \u00e0 couper le souffle pr\u00e9sente un d\u00e9collet\u00e9 en c\u0153ur profond et une jupe enchanteresse en tulle \u00e9tincelant. L'ensemble de la robe est orn\u00e9 d'une magnifique dentelle florale, qui cr\u00e9e un \u00e9quilibre parfait entre romantisme et sophistication. Le dos ouvert ajoute une touche d'audace et rehausse l'\u00e9l\u00e9gance sensuelle, tandis que le design g\u00e9n\u00e9ral reste \u00e0 la fois intemporel et contemporain. Id\u00e9ale pour la mari\u00e9e qui souhaite un look inoubliable et enchanteur. Ce dessin est issu de la collection Le Papillon by Modeca et est disponible chez Koonings.","og_url":"https:\/\/www.koonings.com\/fr\/product\/le-papillon-par-modeca-hesper\/","og_site_name":"Koonings","article_publisher":"https:\/\/www.facebook.com\/kooningstheweddingpalace","og_image":[{"width":1754,"height":2482,"url":"https:\/\/www.koonings.com\/wp-content\/uploads\/2025\/09\/51093_5bb788043417027fce63e7a3a8fff6d1800822cec75399ed5b0341d9be4bf5671821a9cc.jpeg","type":"image\/jpeg"}],"twitter_card":"summary_large_image","twitter_misc":{"Dur\u00e9e de lecture estim\u00e9e":"1 minute"},"schema":{"@context":"https:\/\/schema.org","@graph":[{"@type":"WebPage","@id":"https:\/\/www.koonings.com\/fr\/product\/le-papillon-par-modeca-hesper\/","url":"https:\/\/www.koonings.com\/fr\/product\/le-papillon-par-modeca-hesper\/","name":"Le Papillon par Modeca Hesper | Koonings","isPartOf":{"@id":"https:\/\/www.koonings.com\/fr\/#website"},"primaryImageOfPage":{"@id":"https:\/\/www.koonings.com\/fr\/product\/le-papillon-par-modeca-hesper\/#primaryimage"},"image":{"@id":"https:\/\/www.koonings.com\/fr\/product\/le-papillon-par-modeca-hesper\/#primaryimage"},"thumbnailUrl":"https:\/\/www.koonings.com\/wp-content\/uploads\/2025\/09\/51093_5bb788043417027fce63e7a3a8fff6d1800822cec75399ed5b0341d9be4bf5671821a9cc.jpeg","datePublished":"2026-05-06T13:36:13+00:00","description":"Cette robe de coupe \u00e9vas\u00e9e \u00e0 couper le souffle pr\u00e9sente un d\u00e9collet\u00e9 en c\u0153ur profond et une jupe enchanteresse en tulle \u00e9tincelant. L'ensemble de la robe est orn\u00e9 d'une magnifique dentelle florale, qui cr\u00e9e un \u00e9quilibre parfait entre romantisme et sophistication. Le dos ouvert ajoute une touche d'audace et rehausse l'\u00e9l\u00e9gance sensuelle, tandis que le design g\u00e9n\u00e9ral reste \u00e0 la fois intemporel et contemporain. Id\u00e9ale pour la mari\u00e9e qui souhaite un look inoubliable et enchanteur. Ce dessin est issu de la collection Le Papillon by Modeca et est disponible chez Koonings.","breadcrumb":{"@id":"https:\/\/www.koonings.com\/fr\/product\/le-papillon-par-modeca-hesper\/#breadcrumb"},"inLanguage":"fr-FR","potentialAction":[{"@type":"ReadAction","target":["https:\/\/www.koonings.com\/fr\/product\/le-papillon-par-modeca-hesper\/"]}]},{"@type":"ImageObject","inLanguage":"fr-FR","@id":"https:\/\/www.koonings.com\/fr\/product\/le-papillon-par-modeca-hesper\/#primaryimage","url":"https:\/\/www.koonings.com\/wp-content\/uploads\/2025\/09\/51093_5bb788043417027fce63e7a3a8fff6d1800822cec75399ed5b0341d9be4bf5671821a9cc.jpeg","contentUrl":"https:\/\/www.koonings.com\/wp-content\/uploads\/2025\/09\/51093_5bb788043417027fce63e7a3a8fff6d1800822cec75399ed5b0341d9be4bf5671821a9cc.jpeg","width":1754,"height":2482},{"@type":"BreadcrumbList","@id":"https:\/\/www.koonings.com\/fr\/product\/le-papillon-par-modeca-hesper\/#breadcrumb","itemListElement":[{"@type":"ListItem","position":1,"name":"Home","item":"https:\/\/www.koonings.com\/fr\/"},{"@type":"ListItem","position":2,"name":"Le Papillon par Modeca Hesper"}]},{"@type":"WebSite","@id":"https:\/\/www.koonings.com\/fr\/#website","url":"https:\/\/www.koonings.com\/fr\/","name":"Koonings","description":"De grootste bruidsmodewinkel ter wereld","publisher":{"@id":"https:\/\/www.koonings.com\/fr\/#organization"},"potentialAction":[{"@type":"SearchAction","target":{"@type":"EntryPoint","urlTemplate":"https:\/\/www.koonings.com\/fr\/?s={search_term_string}"},"query-input":{"@type":"PropertyValueSpecification","valueRequired":true,"valueName":"search_term_string"}}],"inLanguage":"fr-FR"},{"@type":"Organization","@id":"https:\/\/www.koonings.com\/fr\/#organization","name":"Koonings","url":"https:\/\/www.koonings.com\/fr\/","logo":{"@type":"ImageObject","inLanguage":"fr-FR","@id":"https:\/\/www.koonings.com\/fr\/#\/schema\/logo\/image\/","url":"https:\/\/www.koonings.com\/wp-content\/uploads\/2024\/07\/logo.png","contentUrl":"https:\/\/www.koonings.com\/wp-content\/uploads\/2024\/07\/logo.png","width":600,"height":428,"caption":"Koonings"},"image":{"@id":"https:\/\/www.koonings.com\/fr\/#\/schema\/logo\/image\/"},"sameAs":["https:\/\/www.facebook.com\/kooningstheweddingpalace","https:\/\/www.instagram.com\/kooningstheweddingpalace","https:\/\/www.pinterest.com\/koonings","https:\/\/www.youtube.com\/kooningstheweddingpalace"]}]}},"_links":{"self":[{"href":"https:\/\/www.koonings.com\/fr\/wp-json\/wp\/v2\/product\/107031","targetHints":{"allow":["GET"]}}],"collection":[{"href":"https:\/\/www.koonings.com\/fr\/wp-json\/wp\/v2\/product"}],"about":[{"href":"https:\/\/www.koonings.com\/fr\/wp-json\/wp\/v2\/types\/product"}],"wp:featuredmedia":[{"embeddable":true,"href":"https:\/\/www.koonings.com\/fr\/wp-json\/wp\/v2\/media\/97021"}],"wp:attachment":[{"href":"https:\/\/www.koonings.com\/fr\/wp-json\/wp\/v2\/media?parent=107031"}],"wp:term":[{"taxonomy":"productdetails","embeddable":true,"href":"https:\/\/www.koonings.com\/fr\/wp-json\/wp\/v2\/productdetails?post=107031"},{"taxonomy":"productneck","embeddable":true,"href":"https:\/\/www.koonings.com\/fr\/wp-json\/wp\/v2\/productneck?post=107031"},{"taxonomy":"productcolor","embeddable":true,"href":"https:\/\/www.koonings.com\/fr\/wp-json\/wp\/v2\/productcolor?post=107031"},{"taxonomy":"maat","embeddable":true,"href":"https:\/\/www.koonings.com\/fr\/wp-json\/wp\/v2\/maat?post=107031"},{"taxonomy":"productsupplier","embeddable":true,"href":"https:\/\/www.koonings.com\/fr\/wp-json\/wp\/v2\/productsupplier?post=107031"},{"taxonomy":"productsleeve","embeddable":true,"href":"https:\/\/www.koonings.com\/fr\/wp-json\/wp\/v2\/productsleeve?post=107031"},{"taxonomy":"productcategory","embeddable":true,"href":"https:\/\/www.koonings.com\/fr\/wp-json\/wp\/v2\/productcategory?post=107031"},{"taxonomy":"productsilhouette","embeddable":true,"href":"https:\/\/www.koonings.com\/fr\/wp-json\/wp\/v2\/productsilhouette?post=107031"},{"taxonomy":"productstyle","embeddable":true,"href":"https:\/\/www.koonings.com\/fr\/wp-json\/wp\/v2\/productstyle?post=107031"}],"curies":[{"name":"wp","href":"https:\/\/api.w.org\/{rel}","templated":true}]}}