{"id":98692,"date":"2025-01-16T15:35:08","date_gmt":"2025-01-16T14:35:08","guid":{"rendered":"https:\/\/www.koonings.com\/inspiration\/magasin-de-mariage-liege\/"},"modified":"2025-09-29T12:29:09","modified_gmt":"2025-09-29T10:29:09","slug":"magasin-de-mariage-liege","status":"publish","type":"page","link":"https:\/\/www.koonings.com\/fr\/inspiration\/magasin-de-mariage-liege\/","title":{"rendered":"Magasin de mariage Li\u00e8ge"},"content":{"rendered":"\r\n\r\n<div class=\"eye-element fullwidth-row alignfull style-both bg--none  alignfull \" style=\" \">\r\n\r\n    <div class=\"container\">\r\n        <div class=\"row\">\r\n            <div class=\"col-12\">\r\n                <div class=\"acf-innerblocks-container\">\n\n<h1 class=\"wp-block-heading has-text-align-center\" id=\"bruidswinkel-luik\">Magasin de mariage Li\u00e8ge<\/h1>\n\n\n\n<p class=\"has-text-align-center\">Vous cherchez des v\u00eatements de mariage \u00e0 Li\u00e8ge ? \u00c0 une demi-heure de route de l&#8217;autre c\u00f4t\u00e9 de la fronti\u00e8re, dans le charmant Valkenburg, vous trouverez le magasin de v\u00eatements de mariage <a href=\"https:\/\/www.koonings.com\/fr\/valkenburg\/\">Koonings The Wedding Castle<\/a>, situ\u00e9 dans le magnifique Kasteel Oost. Une exp\u00e9rience unique vous attend dans ce <a href=\"https:\/\/www.koonings.com\/fr\/inspiration\/la-mode-nuptiale-dans-le-limbourg-du-sud\/\">magasin de robes de mari\u00e9e qui poss\u00e8de la plus grande collection du Limbourg<\/a>. Que vous r\u00eaviez d&#8217;une robe de princesse romantique ou d&#8217;une robe de mari\u00e9e moderne et sophistiqu\u00e9e, vous trouverez chez nous le look parfait.   <\/p>\n\n\n\r\n<div class=\"eye-element bsbutton text-center \" >\r\n\t        <a class=\"btn btn-gold\" href=\"\/afspraak-maken\"\r\n           target=\"\">Prenez rendez-vous<\/a>\r\n\t<\/div>\n<\/div>\r\n            <\/div>\r\n        <\/div>\r\n    <\/div>\r\n\r\n<\/div>\r\n\r\n    \r\n\r\n<div class=\"eye-element fullwidth-row alignfull style-both bg--none  alignfull \" style=\" \">\r\n\r\n    <div class=\"container\">\r\n        <div class=\"row\">\r\n            <div class=\"col-12\">\r\n                <div class=\"acf-innerblocks-container\">\n\n<div class=\"ghostkit-grid ghostkit-grid-gap-md\"><div class=\"ghostkit-grid-inner\">\n<div class=\"ghostkit-col ghostkit-col-md-12 ghostkit-col-6\"><div class=\"ghostkit-col-content is-layout-flow wp-block-ghostkit-grid-column-is-layout-flow\">\n<h2 class=\"wp-block-heading\" id=\"koonings-the-wedding-castle-bruidsmode-dichtbij-luik\">Koonings Le Ch\u00e2teau du Mariage : La mode nuptiale pr\u00e8s de Li\u00e8ge<\/h2>\n\n\n\n<p>Koonings The Wedding Castle n&#8217;est pas un magasin de robes de mari\u00e9e ordinaire. L&#8217;embl\u00e9matique Castle East offre un cadre inspirant et atmosph\u00e9rique o\u00f9 vous pouvez essayer \u00e0 loisir notre vaste collection de robes de mari\u00e9e. Notre gamme comprend des milliers de robes dans diff\u00e9rents styles, tailles et gammes de prix &#8211; des marques connues aux mod\u00e8les exclusifs. Nous vous garantissons que chaque mari\u00e9e trouvera chez nous la robe de ses r\u00eaves.   <\/p>\n\n\n\n<p>Gr\u00e2ce \u00e0 l&#8217;assistance personnelle de nos stylistes exp\u00e9riment\u00e9s, vous ferez de votre recherche une exp\u00e9rience particuli\u00e8re. Ils \u00e9couteront vos souhaits, vous donneront des conseils sur mesure et veilleront \u00e0 ce que vous rentriez chez vous avec un grand sourire. Chez Koonings, tout tourne autour de vous.  <\/p>\n\n\n\r\n<div class=\"eye-element bsbutton text-start \" >\r\n\t        <a class=\"btn btn-primary\" href=\"\/moodboard-maken\/\"\r\n           target=\"\">Cr\u00e9ez votre propre tableau d&#8217;humeur pour votre robe de mari\u00e9e<\/a>\r\n\t<\/div><\/div><\/div>\n\n\n\n<div class=\"ghostkit-col ghostkit-col-md-12 ghostkit-col-6\"><div class=\"ghostkit-col-content is-layout-flow wp-block-ghostkit-grid-column-is-layout-flow\">\r\n<div class=\"eye-element images style-default variant-1 multi-image\">\r\n\r\n\t        <div class=\"composition\">\r\n\t\t\t                <div class=\"image-0\">\r\n                    <img decoding=\"async\" class=\"img-fluid\" src=\"https:\/\/www.koonings.com\/wp-content\/uploads\/2024\/07\/WDS_9795-200x300.jpg\" srcset=\"https:\/\/www.koonings.com\/wp-content\/uploads\/2024\/07\/WDS_9795-200x300.jpg 200w, https:\/\/www.koonings.com\/wp-content\/uploads\/2024\/07\/WDS_9795-683x1024.jpg 683w, https:\/\/www.koonings.com\/wp-content\/uploads\/2024\/07\/WDS_9795-768x1152.jpg 768w, https:\/\/www.koonings.com\/wp-content\/uploads\/2024\/07\/WDS_9795-1024x1536.jpg 1024w, https:\/\/www.koonings.com\/wp-content\/uploads\/2024\/07\/WDS_9795-1365x2048.jpg 1365w, https:\/\/www.koonings.com\/wp-content\/uploads\/2024\/07\/WDS_9795-scaled.jpg 1707w\" alt=\"\">\r\n                <\/div>\r\n\t\t\t\r\n            <div class=\"swiper images-swiper\">\r\n\r\n\t\t\t\t\r\n                <div class=\"swiper-wrapper\">\r\n\t\t\t\t\t                        <li class=\"swiper-slide\">\r\n                            <img decoding=\"async\" class=\" img-fluid\" src=\"https:\/\/www.koonings.com\/wp-content\/uploads\/2024\/07\/foto1WDS_0170-kopie-1024x683.jpg\" srcset=\"https:\/\/www.koonings.com\/wp-content\/uploads\/2024\/07\/foto1WDS_0170-kopie-scaled.jpg\" alt=\"\">\r\n                        <\/li>\r\n\t\t\t\t\t                <\/div>\r\n\r\n                <div class=\"swiper-pagination\"><\/div>\r\n\r\n                <div class=\"swiper-button-prev\"><\/div>\r\n                <div class=\"swiper-button-next\"><\/div>\r\n\r\n            <\/div>\r\n\r\n        <\/div>\r\n\t\r\n\t<\/div><\/div><\/div>\n<\/div><\/div>\n\n<\/div>\r\n            <\/div>\r\n        <\/div>\r\n    <\/div>\r\n\r\n<\/div>\r\n\r\n    \r\n\r\n<div class=\"eye-element fullwidth-row alignfull style-both bg--none  alignfull \" style=\" \">\r\n\r\n    <div class=\"container\">\r\n        <div class=\"row\">\r\n            <div class=\"col-12\">\r\n                <div class=\"acf-innerblocks-container\">\n\n<h2 class=\"wp-block-heading\" id=\"waarom-koonings-de-perfecte-keuze-is-voor-bruiden-uit-luik\">Pourquoi Koonings est le choix id\u00e9al pour les jeunes mari\u00e9es de Li\u00e8ge ?<\/h2>\n\n\n\n<ul start=\"1\" class=\"wp-block-list\">\n<li><strong>La plus grande collection de mariages du Limbourg<\/strong>: du style classique au style moderne, vous trouverez toujours quelque chose qui vous convient chez Koonings.<\/li>\n\n\n\n<li>Dans le cadre d&#8217;<strong>un ch\u00e2teau historique :<\/strong> Castle East, dans un d\u00e9cor de conte de f\u00e9es, fera de votre visite un moment inoubliable.<\/li>\n\n\n\n<li><strong>Conseils d&#8217;experts<\/strong>: nos stylistes prennent le temps de vous aider et de r\u00e9pondre \u00e0 vos souhaits.<\/li>\n\n\n\n<li><strong>Pr\u00e8s de Li\u00e8ge<\/strong>: 30 minutes de route suffisent pour rejoindre notre boutique de mariage unique dans le Limbourg.<\/li>\n\n\n\n<li><strong>Une marque de confiance<\/strong>: Koonings est un nom bien \u00e9tabli dans le monde du mariage, connu gr\u00e2ce \u00e0 des \u00e9missions telles que <em>Say Yes to the Dress<\/em> et <em>Married at First Sight<\/em>.<\/li>\n<\/ul>\n\n<\/div>\r\n            <\/div>\r\n        <\/div>\r\n    <\/div>\r\n\r\n<\/div>\r\n\r\n    \r\n\r\n<div class=\"eye-element fullwidth-row alignfull style-both bg--lightgray  alignfull \" style=\" \">\r\n\r\n    <div class=\"container\">\r\n        <div class=\"row\">\r\n            <div class=\"col-12\">\r\n                <div class=\"acf-innerblocks-container\">\n\n<h2 class=\"wp-block-heading has-text-align-center\" id=\"routebeschrijving-van-luik-naar-koonings-the-wedding-castle\">Itin\u00e9raire de Li\u00e8ge \u00e0 Koonings The Wedding Castle<\/h2>\n\n\n\n<p class=\"has-text-align-center\">Koonings The Wedding Castle est facilement accessible depuis Li\u00e8ge. Prenez l&#8217;E25 en direction de Maastricht et suivez l&#8217;A79 en direction de Valkenburg. \u00c0 la sortie 4, suivez les panneaux indiquant Kasteel Oost, o\u00f9 vous pouvez vous garer gratuitement. Pour un itin\u00e9raire d\u00e9taill\u00e9, vous pouvez utiliser <a href=\"https:\/\/www.google.com\/maps\/dir\/\/Oosterweg+30,+6301+PX+Valkenburg\/@50.8618028,5.7593203,12z\/data=!4m8!4m7!1m0!1m5!1m1!1s0x47c09556dd064395:0x4979aaf79c0c47c4!2m2!1d5.8418127!2d50.8618943\" target=\"_blank\" rel=\"noreferrer noopener\">Google Maps<\/a>.   <\/p>\n\n\n\n<div class=\"ghostkit-google-maps\" style=\"min-height:350px\" data-lat=\"50.8620043\" data-lng=\"5.841919500000001\" data-zoom=\"10\" data-show-zoom-buttons=\"true\" data-show-map-type-buttons=\"true\" data-show-street-view-button=\"true\" data-show-fullscreen-button=\"true\" data-option-scroll-wheel=\"true\" data-option-draggable=\"true\" data-styles=\"\"><div class=\"ghostkit-google-maps-marker\" data-title=\"Koonings The Wedding Castle\" data-lat=\"40.7127753\" data-lng=\"-74.0059728\" data-address=\"1356 Broadway, New York, NY 10018, Verenigde Staten\"><div class=\"ghostkit-pro-google-maps-marker-info-window-text\" style=\"display:none\"><p>Oosterweg 36<br>6301 PX Valkenburg<\/p><\/div><\/div><\/div>\n\n<\/div>\r\n            <\/div>\r\n        <\/div>\r\n    <\/div>\r\n\r\n<\/div>\r\n\r\n    \r\n\r\n<div class=\"eye-element fullwidth-row alignfull style-both bg--none  alignfull \" style=\" \">\r\n\r\n    <div class=\"container\">\r\n        <div class=\"row\">\r\n            <div class=\"col-12\">\r\n                <div class=\"acf-innerblocks-container\">\n\n<div class=\"ghostkit-grid ghostkit-grid-gap-md\"><div class=\"ghostkit-grid-inner\">\n<div class=\"ghostkit-col ghostkit-col-md-12 ghostkit-col-6\"><div class=\"ghostkit-col-content is-layout-flow wp-block-ghostkit-grid-column-is-layout-flow\">\r\n<div class=\"eye-block empty-space empty-space--large pt-md-5 pb-md-5 pt-4 pb-4\" ><\/div>\n\n\n<h2 class=\"wp-block-heading\" id=\"alles-voor-een-compleet-bruiloftsplaatje\">Tout pour une image compl\u00e8te du mariage<\/h2>\n\n\n\n<p>Chez Koonings, vous ne trouverez pas que des robes de mari\u00e9e. Nous proposons \u00e9galement des <a href=\"https:\/\/www.koonings.com\/fr\/marie\/\">costumes \u00e9l\u00e9gants pour les mari\u00e9s et leurs t\u00e9moins<\/a>, ainsi que des <a href=\"https:\/\/www.koonings.com\/fr\/collection-de-mariages\/enfants\/\">tenues pour les enfants<\/a> qui jouent un r\u00f4le dans votre c\u00e9r\u00e9monie. Qu&#8217;il s&#8217;agisse d&#8217;un costume parfaitement ajust\u00e9 pour le mari\u00e9 ou d&#8217;une tenue festive pour les bouqueti\u00e8res, nous avons tout ce qu&#8217;il faut pour que votre mariage se d\u00e9roule \u00e0 la perfection.  <\/p>\n<\/div><\/div>\n\n\n\n<div class=\"ghostkit-col ghostkit-col-md-12 ghostkit-col-6\"><div class=\"ghostkit-col-content is-layout-flow wp-block-ghostkit-grid-column-is-layout-flow\">\r\n<div class=\"eye-element images style-default variant-1 multi-image\">\r\n\r\n\t        <div class=\"composition\">\r\n\t\t\t                <div class=\"image-0\">\r\n                    <img decoding=\"async\" class=\"img-fluid\" src=\"https:\/\/www.koonings.com\/wp-content\/uploads\/2024\/08\/koonings-trouwpak-wilvorst-431107-40-trouwkostuum-a-1-212x300.jpg\" srcset=\"https:\/\/www.koonings.com\/wp-content\/uploads\/2024\/08\/koonings-trouwpak-wilvorst-431107-40-trouwkostuum-a-1-212x300.jpg 212w, https:\/\/www.koonings.com\/wp-content\/uploads\/2024\/08\/koonings-trouwpak-wilvorst-431107-40-trouwkostuum-a-1-724x1024.jpg 724w, https:\/\/www.koonings.com\/wp-content\/uploads\/2024\/08\/koonings-trouwpak-wilvorst-431107-40-trouwkostuum-a-1-768x1087.jpg 768w, https:\/\/www.koonings.com\/wp-content\/uploads\/2024\/08\/koonings-trouwpak-wilvorst-431107-40-trouwkostuum-a-1-1086x1536.jpg 1086w, https:\/\/www.koonings.com\/wp-content\/uploads\/2024\/08\/koonings-trouwpak-wilvorst-431107-40-trouwkostuum-a-1.jpg 1311w\" alt=\"\">\r\n                <\/div>\r\n\t\t\t\r\n            <div class=\"swiper images-swiper\">\r\n\r\n\t\t\t\t\r\n                <div class=\"swiper-wrapper\">\r\n\t\t\t\t\t                        <li class=\"swiper-slide\">\r\n                            <img decoding=\"async\" class=\" img-fluid\" src=\"https:\/\/www.koonings.com\/wp-content\/uploads\/2024\/07\/herenpakken-1024x671.png\" srcset=\"https:\/\/www.koonings.com\/wp-content\/uploads\/2024\/07\/herenpakken.png\" alt=\"Koonings herenpakken\">\r\n                        <\/li>\r\n\t\t\t\t\t                <\/div>\r\n\r\n                <div class=\"swiper-pagination\"><\/div>\r\n\r\n                <div class=\"swiper-button-prev\"><\/div>\r\n                <div class=\"swiper-button-next\"><\/div>\r\n\r\n            <\/div>\r\n\r\n        <\/div>\r\n\t\r\n\t<\/div><\/div><\/div>\n<\/div><\/div>\n\n<\/div>\r\n            <\/div>\r\n        <\/div>\r\n    <\/div>\r\n\r\n<\/div>\r\n\r\n    \r\n\r\n<div class=\"eye-element fullwidth-row alignfull style-both bg--none  alignfull \" style=\" \">\r\n\r\n    <div class=\"container\">\r\n        <div class=\"row\">\r\n            <div class=\"col-12\">\r\n                <div class=\"acf-innerblocks-container\">\n\n<h2 class=\"wp-block-heading has-text-align-center\" id=\"plan-jouw-bezoek-vandaag-nog\">Planifiez votre visite d\u00e8s aujourd&#8217;hui<\/h2>\n\n\n\n<p class=\"has-text-align-center\">Une visite chez Koonings The Wedding Castle s&#8217;impose \u00e0 toutes les jeunes mari\u00e9es. Que vous habitiez Li\u00e8ge, <a href=\"https:\/\/www.koonings.com\/fr\/inspiration\/boutique-de-mariage-unique-a-maasmechelen\/\">Maasmechelen<\/a> ou une r\u00e9gion voisine, notre magasin de mariage vous propose une collection unique, un service personnalis\u00e9 et un lieu inspirant. Prenez rendez-vous d\u00e8s aujourd&#8217;hui et d\u00e9couvrez pourquoi tant de mari\u00e9es choisissent Koonings. Nous nous r\u00e9jouissons de vous accueillir !   <\/p>\n\n\n\r\n<div class=\"eye-element bsbutton text-center \" >\r\n\t        <a class=\"btn btn-gold\" href=\"\/afspraak-maken\"\r\n           target=\"\">Prenez rendez-vous<\/a>\r\n\t<\/div>\n<\/div>\r\n            <\/div>\r\n        <\/div>\r\n    <\/div>\r\n\r\n<\/div>\r\n\r\n    ","protected":false},"excerpt":{"rendered":"","protected":false},"author":2,"featured_media":0,"parent":16224,"menu_order":0,"comment_status":"closed","ping_status":"closed","template":"","meta":{"_acf_changed":false,"ghostkit_customizer_options":"","ghostkit_custom_css":"","ghostkit_custom_js_head":"","ghostkit_custom_js_foot":"","ghostkit_typography":"","footnotes":""},"class_list":["post-98692","page","type-page","status-publish","hentry"],"acf":[],"yoast_head":"<!-- This site is optimized with the Yoast SEO plugin v27.3 - https:\/\/yoast.com\/product\/yoast-seo-wordpress\/ -->\n<title>Magasin de mariage Li\u00e8ge | Koonings<\/title>\n<meta name=\"robots\" content=\"index, follow, max-snippet:-1, max-image-preview:large, max-video-preview:-1\" \/>\n<link rel=\"canonical\" href=\"https:\/\/www.koonings.com\/fr\/inspiration\/magasin-de-mariage-liege\/\" \/>\n<meta property=\"og:locale\" content=\"fr_FR\" \/>\n<meta property=\"og:type\" content=\"article\" \/>\n<meta property=\"og:title\" content=\"Magasin de mariage Li\u00e8ge | Koonings\" \/>\n<meta property=\"og:url\" content=\"https:\/\/www.koonings.com\/fr\/inspiration\/magasin-de-mariage-liege\/\" \/>\n<meta property=\"og:site_name\" content=\"Koonings\" \/>\n<meta property=\"article:publisher\" content=\"https:\/\/www.facebook.com\/kooningstheweddingpalace\" \/>\n<meta property=\"article:modified_time\" content=\"2025-09-29T10:29:09+00:00\" \/>\n<meta property=\"og:image\" content=\"https:\/\/www.koonings.com\/wp-content\/uploads\/2024\/06\/palace-hero-screenshot-1024x575.png\" \/>\n\t<meta property=\"og:image:width\" content=\"1024\" \/>\n\t<meta property=\"og:image:height\" content=\"575\" \/>\n\t<meta property=\"og:image:type\" content=\"image\/png\" \/>\n<meta name=\"twitter:card\" content=\"summary_large_image\" \/>\n<meta name=\"twitter:label1\" content=\"Dur\u00e9e de lecture estim\u00e9e\" \/>\n\t<meta name=\"twitter:data1\" content=\"3 minutes\" \/>\n<script type=\"application\/ld+json\" class=\"yoast-schema-graph\">{\"@context\":\"https:\\\/\\\/schema.org\",\"@graph\":[{\"@type\":\"WebPage\",\"@id\":\"https:\\\/\\\/www.koonings.com\\\/fr\\\/inspiration\\\/magasin-de-mariage-liege\\\/\",\"url\":\"https:\\\/\\\/www.koonings.com\\\/fr\\\/inspiration\\\/magasin-de-mariage-liege\\\/\",\"name\":\"Magasin de mariage Li\u00e8ge | Koonings\",\"isPartOf\":{\"@id\":\"https:\\\/\\\/www.koonings.com\\\/fr\\\/#website\"},\"datePublished\":\"2025-01-16T14:35:08+00:00\",\"dateModified\":\"2025-09-29T10:29:09+00:00\",\"breadcrumb\":{\"@id\":\"https:\\\/\\\/www.koonings.com\\\/fr\\\/inspiration\\\/magasin-de-mariage-liege\\\/#breadcrumb\"},\"inLanguage\":\"fr-FR\",\"potentialAction\":[{\"@type\":\"ReadAction\",\"target\":[\"https:\\\/\\\/www.koonings.com\\\/fr\\\/inspiration\\\/magasin-de-mariage-liege\\\/\"]}]},{\"@type\":\"BreadcrumbList\",\"@id\":\"https:\\\/\\\/www.koonings.com\\\/fr\\\/inspiration\\\/magasin-de-mariage-liege\\\/#breadcrumb\",\"itemListElement\":[{\"@type\":\"ListItem\",\"position\":1,\"name\":\"Home\",\"item\":\"https:\\\/\\\/www.koonings.com\\\/fr\\\/\"},{\"@type\":\"ListItem\",\"position\":2,\"name\":\"Inspiration\",\"item\":\"https:\\\/\\\/www.koonings.com\\\/fr\\\/inspiration\\\/\"},{\"@type\":\"ListItem\",\"position\":3,\"name\":\"Magasin de mariage Li\u00e8ge\"}]},{\"@type\":\"WebSite\",\"@id\":\"https:\\\/\\\/www.koonings.com\\\/fr\\\/#website\",\"url\":\"https:\\\/\\\/www.koonings.com\\\/fr\\\/\",\"name\":\"Koonings\",\"description\":\"De grootste bruidsmodewinkel ter wereld\",\"publisher\":{\"@id\":\"https:\\\/\\\/www.koonings.com\\\/fr\\\/#organization\"},\"potentialAction\":[{\"@type\":\"SearchAction\",\"target\":{\"@type\":\"EntryPoint\",\"urlTemplate\":\"https:\\\/\\\/www.koonings.com\\\/fr\\\/?s={search_term_string}\"},\"query-input\":{\"@type\":\"PropertyValueSpecification\",\"valueRequired\":true,\"valueName\":\"search_term_string\"}}],\"inLanguage\":\"fr-FR\"},{\"@type\":\"Organization\",\"@id\":\"https:\\\/\\\/www.koonings.com\\\/fr\\\/#organization\",\"name\":\"Koonings\",\"url\":\"https:\\\/\\\/www.koonings.com\\\/fr\\\/\",\"logo\":{\"@type\":\"ImageObject\",\"inLanguage\":\"fr-FR\",\"@id\":\"https:\\\/\\\/www.koonings.com\\\/fr\\\/#\\\/schema\\\/logo\\\/image\\\/\",\"url\":\"https:\\\/\\\/www.koonings.com\\\/wp-content\\\/uploads\\\/2024\\\/07\\\/logo.png\",\"contentUrl\":\"https:\\\/\\\/www.koonings.com\\\/wp-content\\\/uploads\\\/2024\\\/07\\\/logo.png\",\"width\":600,\"height\":428,\"caption\":\"Koonings\"},\"image\":{\"@id\":\"https:\\\/\\\/www.koonings.com\\\/fr\\\/#\\\/schema\\\/logo\\\/image\\\/\"},\"sameAs\":[\"https:\\\/\\\/www.facebook.com\\\/kooningstheweddingpalace\",\"https:\\\/\\\/www.instagram.com\\\/kooningstheweddingpalace\",\"https:\\\/\\\/www.pinterest.com\\\/koonings\",\"https:\\\/\\\/www.youtube.com\\\/kooningstheweddingpalace\"]}]}<\/script>\n<!-- \/ Yoast SEO plugin. -->","yoast_head_json":{"title":"Magasin de mariage Li\u00e8ge | Koonings","robots":{"index":"index","follow":"follow","max-snippet":"max-snippet:-1","max-image-preview":"max-image-preview:large","max-video-preview":"max-video-preview:-1"},"canonical":"https:\/\/www.koonings.com\/fr\/inspiration\/magasin-de-mariage-liege\/","og_locale":"fr_FR","og_type":"article","og_title":"Magasin de mariage Li\u00e8ge | Koonings","og_url":"https:\/\/www.koonings.com\/fr\/inspiration\/magasin-de-mariage-liege\/","og_site_name":"Koonings","article_publisher":"https:\/\/www.facebook.com\/kooningstheweddingpalace","article_modified_time":"2025-09-29T10:29:09+00:00","og_image":[{"width":1024,"height":575,"url":"https:\/\/www.koonings.com\/wp-content\/uploads\/2024\/06\/palace-hero-screenshot-1024x575.png","type":"image\/png"}],"twitter_card":"summary_large_image","twitter_misc":{"Dur\u00e9e de lecture estim\u00e9e":"3 minutes"},"schema":{"@context":"https:\/\/schema.org","@graph":[{"@type":"WebPage","@id":"https:\/\/www.koonings.com\/fr\/inspiration\/magasin-de-mariage-liege\/","url":"https:\/\/www.koonings.com\/fr\/inspiration\/magasin-de-mariage-liege\/","name":"Magasin de mariage Li\u00e8ge | Koonings","isPartOf":{"@id":"https:\/\/www.koonings.com\/fr\/#website"},"datePublished":"2025-01-16T14:35:08+00:00","dateModified":"2025-09-29T10:29:09+00:00","breadcrumb":{"@id":"https:\/\/www.koonings.com\/fr\/inspiration\/magasin-de-mariage-liege\/#breadcrumb"},"inLanguage":"fr-FR","potentialAction":[{"@type":"ReadAction","target":["https:\/\/www.koonings.com\/fr\/inspiration\/magasin-de-mariage-liege\/"]}]},{"@type":"BreadcrumbList","@id":"https:\/\/www.koonings.com\/fr\/inspiration\/magasin-de-mariage-liege\/#breadcrumb","itemListElement":[{"@type":"ListItem","position":1,"name":"Home","item":"https:\/\/www.koonings.com\/fr\/"},{"@type":"ListItem","position":2,"name":"Inspiration","item":"https:\/\/www.koonings.com\/fr\/inspiration\/"},{"@type":"ListItem","position":3,"name":"Magasin de mariage Li\u00e8ge"}]},{"@type":"WebSite","@id":"https:\/\/www.koonings.com\/fr\/#website","url":"https:\/\/www.koonings.com\/fr\/","name":"Koonings","description":"De grootste bruidsmodewinkel ter wereld","publisher":{"@id":"https:\/\/www.koonings.com\/fr\/#organization"},"potentialAction":[{"@type":"SearchAction","target":{"@type":"EntryPoint","urlTemplate":"https:\/\/www.koonings.com\/fr\/?s={search_term_string}"},"query-input":{"@type":"PropertyValueSpecification","valueRequired":true,"valueName":"search_term_string"}}],"inLanguage":"fr-FR"},{"@type":"Organization","@id":"https:\/\/www.koonings.com\/fr\/#organization","name":"Koonings","url":"https:\/\/www.koonings.com\/fr\/","logo":{"@type":"ImageObject","inLanguage":"fr-FR","@id":"https:\/\/www.koonings.com\/fr\/#\/schema\/logo\/image\/","url":"https:\/\/www.koonings.com\/wp-content\/uploads\/2024\/07\/logo.png","contentUrl":"https:\/\/www.koonings.com\/wp-content\/uploads\/2024\/07\/logo.png","width":600,"height":428,"caption":"Koonings"},"image":{"@id":"https:\/\/www.koonings.com\/fr\/#\/schema\/logo\/image\/"},"sameAs":["https:\/\/www.facebook.com\/kooningstheweddingpalace","https:\/\/www.instagram.com\/kooningstheweddingpalace","https:\/\/www.pinterest.com\/koonings","https:\/\/www.youtube.com\/kooningstheweddingpalace"]}]}},"_links":{"self":[{"href":"https:\/\/www.koonings.com\/fr\/wp-json\/wp\/v2\/pages\/98692","targetHints":{"allow":["GET"]}}],"collection":[{"href":"https:\/\/www.koonings.com\/fr\/wp-json\/wp\/v2\/pages"}],"about":[{"href":"https:\/\/www.koonings.com\/fr\/wp-json\/wp\/v2\/types\/page"}],"author":[{"embeddable":true,"href":"https:\/\/www.koonings.com\/fr\/wp-json\/wp\/v2\/users\/2"}],"replies":[{"embeddable":true,"href":"https:\/\/www.koonings.com\/fr\/wp-json\/wp\/v2\/comments?post=98692"}],"version-history":[{"count":1,"href":"https:\/\/www.koonings.com\/fr\/wp-json\/wp\/v2\/pages\/98692\/revisions"}],"predecessor-version":[{"id":98694,"href":"https:\/\/www.koonings.com\/fr\/wp-json\/wp\/v2\/pages\/98692\/revisions\/98694"}],"up":[{"embeddable":true,"href":"https:\/\/www.koonings.com\/fr\/wp-json\/wp\/v2\/pages\/16224"}],"wp:attachment":[{"href":"https:\/\/www.koonings.com\/fr\/wp-json\/wp\/v2\/media?parent=98692"}],"curies":[{"name":"wp","href":"https:\/\/api.w.org\/{rel}","templated":true}]}}