{"id":98664,"date":"2025-06-17T13:39:11","date_gmt":"2025-06-17T11:39:11","guid":{"rendered":"https:\/\/www.koonings.com\/branches\/"},"modified":"2025-09-29T12:26:05","modified_gmt":"2025-09-29T10:26:05","slug":"branches","status":"publish","type":"page","link":"https:\/\/www.koonings.com\/fr\/branches\/","title":{"rendered":"Branches"},"content":{"rendered":"\n<h1 class=\"wp-block-heading has-text-align-center\" id=\"koonings-vestigingen\">Branches de Koonings<\/h1>\n\n<p class=\"has-text-align-center\">Quel que soit le lieu choisi, vous pouvez \u00eatre s\u00fbr que chez Koonings, vous \u00eates entre de bonnes mains. Vivez ici une exp\u00e9rience de mariage \u00e0 360 degr\u00e9s, profitez de notre vaste choix et, surtout, des conseils personnalis\u00e9s de votre styliste qui prendra le temps de s&#8217;occuper de vous et de vos souhaits. <\/p>\n\r\n\r\n<div class=\"eye-element fullwidth-row alignfull style-both bg--none  alignfull \" style=\" \">\r\n\r\n    <div class=\"container\">\r\n        <div class=\"row\">\r\n            <div class=\"col-12\">\r\n                <div class=\"acf-innerblocks-container\">\n\n<div class=\"ghostkit-grid ghostkit-grid-gap-md\"><div class=\"ghostkit-grid-inner\">\n<div class=\"ghostkit-col ghostkit-col-md-12 ghostkit-col-6\"><div class=\"ghostkit-col-content is-layout-flow wp-block-ghostkit-grid-column-is-layout-flow\">\n<h2 class=\"wp-block-heading has-text-align-center\" id=\"deurne\">Deurne<\/h2>\n\n\n\r\n<article class=\"eye-element imagelinkcard without-sublinks\"\r\n         style=\"position: relative\">\r\n\t    <a href=\"\/deurne\" target=\"\" class=\"main-link\"\r\n       title=\"\">\r\n\t\t        <img decoding=\"async\" src=\"https:\/\/www.koonings.com\/wp-content\/uploads\/2025\/06\/koonings_palace_deurne_thumb-1-768x432-1.jpg\" srcset=\"https:\/\/www.koonings.com\/wp-content\/uploads\/2025\/06\/koonings_palace_deurne_thumb-1-768x432-1.jpg\" alt=\"\"\r\n             class=\"imagelinkcard__image img-fluid\">\r\n\t\t        <!--        <div class=\"shine\"><\/div>-->\r\n    <\/a>\r\n\r\n\t<\/article>\n\n\r\n<div class=\"eye-block empty-space empty-space--small pt-md-3 pb-md-3 pt-2 pb-2\" ><\/div>\n\n\n<p>Vous voulez vivre une journ\u00e9e unique et pouvoir choisir parmi la plus grande s\u00e9lection de robes de mari\u00e9e ? Prenez rendez-vous dans le plus grand magasin de mode nuptiale au monde chez Koonings The Wedding Palace \u00e0 Deurne. Dans une atmosph\u00e8re \u00e9l\u00e9gante, vous trouverez parmi 4 500 robes de mari\u00e9e sur plus de 11 000 m\u00b2 de mod\u00e8les dans les styles, tailles et budgets les plus divers. Prenez des photos souvenirs sur notre c\u00e9l\u00e8bre escalier de l&#8217;\u00e9mission t\u00e9l\u00e9vis\u00e9e Say Yes To The Dress, portez un toast \u00e0 votre succ\u00e8s au restaurant ou faites-vous dorloter au salon de beaut\u00e9.   <\/p>\n\n\n\n<ul class=\"wp-block-list\">\n<li>Le plus grand du monde<\/li>\n\n\n\n<li>+ 4 500 robes de mari\u00e9e<\/li>\n\n\n\n<li>Connu de Say Yes to the Dress<\/li>\n\n\n\n<li>Restaurant rose<\/li>\n<\/ul>\n\n\n\r\n<div class=\"eye-element bsbutton text-start  d-block d-md-none\" >\r\n\t        <a class=\"btn btn-primary\" href=\"\/album\/the-wedding-palace\/\"\r\n           target=\"\">Jetez un coup d&#8217;\u0153il \u00e0 l&#8217;int\u00e9rieur du palais<\/a>\r\n\t<\/div><\/div><\/div>\n\n\n\n<div class=\"ghostkit-col ghostkit-col-md-12 ghostkit-col-6\"><div class=\"ghostkit-col-content is-layout-flow wp-block-ghostkit-grid-column-is-layout-flow\">\n<h2 class=\"wp-block-heading has-text-align-center\" id=\"valkenburg\">Valkenburg<\/h2>\n\n\n\r\n<article class=\"eye-element imagelinkcard without-sublinks\"\r\n         style=\"position: relative\">\r\n\t    <a href=\"\/valkenburg\" target=\"\" class=\"main-link\"\r\n       title=\"\">\r\n\t\t        <img decoding=\"async\" src=\"https:\/\/www.koonings.com\/wp-content\/uploads\/2025\/06\/KOO_Aad_Valkenburg-2-768x438-1.jpeg\" srcset=\"https:\/\/www.koonings.com\/wp-content\/uploads\/2025\/06\/KOO_Aad_Valkenburg-2-768x438-1.jpeg\" alt=\"\"\r\n             class=\"imagelinkcard__image img-fluid\">\r\n\t\t        <!--        <div class=\"shine\"><\/div>-->\r\n    <\/a>\r\n\r\n\t<\/article>\n\n\r\n<div class=\"eye-block empty-space empty-space--small pt-md-3 pb-md-3 pt-2 pb-2\" ><\/div>\n\n\n<p>Ou bien est-ce que la recherche exclusive de votre robe de mari\u00e9e dans un cadre pittoresque est exactement ce que vous recherchez pour ce jour sp\u00e9cial ? Chez Koonings The Wedding Castle \u00e0 Valkenburg, vous essayerez des robes de mari\u00e9e dans l&#8217;une des salles enchanteresses du ch\u00e2teau. Vous b\u00e9n\u00e9ficierez d&#8217;un traitement VIP payant, avec boissons et collations, tout en \u00e9tant guid\u00e9e par votre styliste personnel et exp\u00e9riment\u00e9. Apr\u00e8s une promenade dans les jardins du ch\u00e2teau, d\u00e9gustez de d\u00e9licieux plats dans l&#8217;un de nos restaurants. Et pour ceux qui r\u00eavent d&#8217;un mariage de conte de f\u00e9es, ces salles uniques peuvent \u00e9galement \u00eatre r\u00e9serv\u00e9es pour des \u00e9v\u00e9nements.    <\/p>\n\n\n\n<ul class=\"wp-block-list\">\n<li>S&#8217;installer dans un ch\u00e2teau romantique<\/li>\n\n\n\n<li>Des bulles pendant votre rendez-vous<\/li>\n\n\n\n<li>Votre propre salon comme cabine d&#8217;essayage<\/li>\n\n\n\n<li>Restaurant dirig\u00e9 par un chef \u00e9toil\u00e9<\/li>\n<\/ul>\n\n\n\r\n<div class=\"eye-element bsbutton text-start  d-block d-md-none\" >\r\n\t        <a class=\"btn btn-primary\" href=\"\/album\/the-wedding-castle-valkenburg\/\"\r\n           target=\"\">Jetez un coup d&#8217;\u0153il \u00e0 l&#8217;int\u00e9rieur du ch\u00e2teau<\/a>\r\n\t<\/div><\/div><\/div>\n<\/div><\/div>\n\n\n\n<div class=\"ghostkit-grid ghostkit-grid-gap-md d-none d-md-block\"><div class=\"ghostkit-grid-inner\">\n<div class=\"ghostkit-col ghostkit-col-md-12 ghostkit-col-6\"><div class=\"ghostkit-col-content is-layout-flow wp-block-ghostkit-grid-column-is-layout-flow\">\r\n<div class=\"eye-element bsbutton text-start \" >\r\n\t        <a class=\"btn btn-primary\" href=\"\/album\/the-wedding-palace\/\"\r\n           target=\"\">Jetez un coup d&#8217;\u0153il \u00e0 l&#8217;int\u00e9rieur du palais<\/a>\r\n\t<\/div><\/div><\/div>\n\n\n\n<div class=\"ghostkit-col ghostkit-col-md-12 ghostkit-col-6\"><div class=\"ghostkit-col-content is-layout-flow wp-block-ghostkit-grid-column-is-layout-flow\">\r\n<div class=\"eye-element bsbutton text-start \" >\r\n\t        <a class=\"btn btn-primary\" href=\"\/album\/the-wedding-castle-valkenburg\/\"\r\n           target=\"\">Jetez un coup d&#8217;\u0153il \u00e0 l&#8217;int\u00e9rieur du ch\u00e2teau<\/a>\r\n\t<\/div><\/div><\/div>\n<\/div><\/div>\n\n<\/div>\r\n            <\/div>\r\n        <\/div>\r\n    <\/div>\r\n\r\n<\/div>\r\n\r\n    ","protected":false},"excerpt":{"rendered":"<p>Branches de Koonings Quel que soit le lieu choisi, vous pouvez \u00eatre s\u00fbr que chez Koonings, vous \u00eates entre de bonnes mains. Vivez ici une exp\u00e9rience de mariage \u00e0 360 degr\u00e9s, profitez de notre vaste choix et, surtout, des conseils personnalis\u00e9s de votre styliste qui prendra le temps de s&#8217;occuper de vous et de vos [&hellip;]<\/p>\n","protected":false},"author":2,"featured_media":0,"parent":0,"menu_order":0,"comment_status":"closed","ping_status":"closed","template":"","meta":{"_acf_changed":false,"ghostkit_customizer_options":"","ghostkit_custom_css":"","ghostkit_custom_js_head":"","ghostkit_custom_js_foot":"","ghostkit_typography":"","footnotes":""},"class_list":["post-98664","page","type-page","status-publish","hentry"],"acf":[],"yoast_head":"<!-- This site is optimized with the Yoast SEO plugin v26.8 - https:\/\/yoast.com\/product\/yoast-seo-wordpress\/ -->\n<title>Branches | Koonings<\/title>\n<meta name=\"robots\" content=\"index, follow, max-snippet:-1, max-image-preview:large, max-video-preview:-1\" \/>\n<link rel=\"canonical\" href=\"https:\/\/www.koonings.com\/fr\/branches\/\" \/>\n<meta property=\"og:locale\" content=\"fr_FR\" \/>\n<meta property=\"og:type\" content=\"article\" \/>\n<meta property=\"og:title\" content=\"Branches | Koonings\" \/>\n<meta property=\"og:description\" content=\"Branches de Koonings Quel que soit le lieu choisi, vous pouvez \u00eatre s\u00fbr que chez Koonings, vous \u00eates entre de bonnes mains. Vivez ici une exp\u00e9rience de mariage \u00e0 360 degr\u00e9s, profitez de notre vaste choix et, surtout, des conseils personnalis\u00e9s de votre styliste qui prendra le temps de s&#8217;occuper de vous et de vos [&hellip;]\" \/>\n<meta property=\"og:url\" content=\"https:\/\/www.koonings.com\/fr\/branches\/\" \/>\n<meta property=\"og:site_name\" content=\"Koonings\" \/>\n<meta property=\"article:publisher\" content=\"https:\/\/www.facebook.com\/kooningstheweddingpalace\" \/>\n<meta property=\"article:modified_time\" content=\"2025-09-29T10:26:05+00:00\" \/>\n<meta property=\"og:image\" content=\"https:\/\/www.koonings.com\/wp-content\/uploads\/2024\/06\/palace-hero-screenshot-1024x575.png\" \/>\n\t<meta property=\"og:image:width\" content=\"1024\" \/>\n\t<meta property=\"og:image:height\" content=\"575\" \/>\n\t<meta property=\"og:image:type\" content=\"image\/png\" \/>\n<meta name=\"twitter:card\" content=\"summary_large_image\" \/>\n<meta name=\"twitter:label1\" content=\"Dur\u00e9e de lecture estim\u00e9e\" \/>\n\t<meta name=\"twitter:data1\" content=\"2 minutes\" \/>\n<script type=\"application\/ld+json\" class=\"yoast-schema-graph\">{\"@context\":\"https:\/\/schema.org\",\"@graph\":[{\"@type\":\"WebPage\",\"@id\":\"https:\/\/www.koonings.com\/fr\/branches\/\",\"url\":\"https:\/\/www.koonings.com\/fr\/branches\/\",\"name\":\"Branches | Koonings\",\"isPartOf\":{\"@id\":\"https:\/\/www.koonings.com\/fr\/#website\"},\"datePublished\":\"2025-06-17T11:39:11+00:00\",\"dateModified\":\"2025-09-29T10:26:05+00:00\",\"breadcrumb\":{\"@id\":\"https:\/\/www.koonings.com\/fr\/branches\/#breadcrumb\"},\"inLanguage\":\"fr-FR\",\"potentialAction\":[{\"@type\":\"ReadAction\",\"target\":[\"https:\/\/www.koonings.com\/fr\/branches\/\"]}]},{\"@type\":\"BreadcrumbList\",\"@id\":\"https:\/\/www.koonings.com\/fr\/branches\/#breadcrumb\",\"itemListElement\":[{\"@type\":\"ListItem\",\"position\":1,\"name\":\"Home\",\"item\":\"https:\/\/www.koonings.com\/fr\/\"},{\"@type\":\"ListItem\",\"position\":2,\"name\":\"Branches\"}]},{\"@type\":\"WebSite\",\"@id\":\"https:\/\/www.koonings.com\/fr\/#website\",\"url\":\"https:\/\/www.koonings.com\/fr\/\",\"name\":\"Koonings\",\"description\":\"De grootste bruidsmodewinkel ter wereld\",\"publisher\":{\"@id\":\"https:\/\/www.koonings.com\/fr\/#organization\"},\"potentialAction\":[{\"@type\":\"SearchAction\",\"target\":{\"@type\":\"EntryPoint\",\"urlTemplate\":\"https:\/\/www.koonings.com\/fr\/?s={search_term_string}\"},\"query-input\":{\"@type\":\"PropertyValueSpecification\",\"valueRequired\":true,\"valueName\":\"search_term_string\"}}],\"inLanguage\":\"fr-FR\"},{\"@type\":\"Organization\",\"@id\":\"https:\/\/www.koonings.com\/fr\/#organization\",\"name\":\"Koonings\",\"url\":\"https:\/\/www.koonings.com\/fr\/\",\"logo\":{\"@type\":\"ImageObject\",\"inLanguage\":\"fr-FR\",\"@id\":\"https:\/\/www.koonings.com\/fr\/#\/schema\/logo\/image\/\",\"url\":\"https:\/\/www.koonings.com\/wp-content\/uploads\/2024\/07\/logo.png\",\"contentUrl\":\"https:\/\/www.koonings.com\/wp-content\/uploads\/2024\/07\/logo.png\",\"width\":600,\"height\":428,\"caption\":\"Koonings\"},\"image\":{\"@id\":\"https:\/\/www.koonings.com\/fr\/#\/schema\/logo\/image\/\"},\"sameAs\":[\"https:\/\/www.facebook.com\/kooningstheweddingpalace\",\"https:\/\/www.instagram.com\/kooningstheweddingpalace\",\"https:\/\/www.pinterest.com\/koonings\",\"https:\/\/www.youtube.com\/kooningstheweddingpalace\"]}]}<\/script>\n<!-- \/ Yoast SEO plugin. -->","yoast_head_json":{"title":"Branches | Koonings","robots":{"index":"index","follow":"follow","max-snippet":"max-snippet:-1","max-image-preview":"max-image-preview:large","max-video-preview":"max-video-preview:-1"},"canonical":"https:\/\/www.koonings.com\/fr\/branches\/","og_locale":"fr_FR","og_type":"article","og_title":"Branches | Koonings","og_description":"Branches de Koonings Quel que soit le lieu choisi, vous pouvez \u00eatre s\u00fbr que chez Koonings, vous \u00eates entre de bonnes mains. Vivez ici une exp\u00e9rience de mariage \u00e0 360 degr\u00e9s, profitez de notre vaste choix et, surtout, des conseils personnalis\u00e9s de votre styliste qui prendra le temps de s&#8217;occuper de vous et de vos [&hellip;]","og_url":"https:\/\/www.koonings.com\/fr\/branches\/","og_site_name":"Koonings","article_publisher":"https:\/\/www.facebook.com\/kooningstheweddingpalace","article_modified_time":"2025-09-29T10:26:05+00:00","og_image":[{"width":1024,"height":575,"url":"https:\/\/www.koonings.com\/wp-content\/uploads\/2024\/06\/palace-hero-screenshot-1024x575.png","type":"image\/png"}],"twitter_card":"summary_large_image","twitter_misc":{"Dur\u00e9e de lecture estim\u00e9e":"2 minutes"},"schema":{"@context":"https:\/\/schema.org","@graph":[{"@type":"WebPage","@id":"https:\/\/www.koonings.com\/fr\/branches\/","url":"https:\/\/www.koonings.com\/fr\/branches\/","name":"Branches | Koonings","isPartOf":{"@id":"https:\/\/www.koonings.com\/fr\/#website"},"datePublished":"2025-06-17T11:39:11+00:00","dateModified":"2025-09-29T10:26:05+00:00","breadcrumb":{"@id":"https:\/\/www.koonings.com\/fr\/branches\/#breadcrumb"},"inLanguage":"fr-FR","potentialAction":[{"@type":"ReadAction","target":["https:\/\/www.koonings.com\/fr\/branches\/"]}]},{"@type":"BreadcrumbList","@id":"https:\/\/www.koonings.com\/fr\/branches\/#breadcrumb","itemListElement":[{"@type":"ListItem","position":1,"name":"Home","item":"https:\/\/www.koonings.com\/fr\/"},{"@type":"ListItem","position":2,"name":"Branches"}]},{"@type":"WebSite","@id":"https:\/\/www.koonings.com\/fr\/#website","url":"https:\/\/www.koonings.com\/fr\/","name":"Koonings","description":"De grootste bruidsmodewinkel ter wereld","publisher":{"@id":"https:\/\/www.koonings.com\/fr\/#organization"},"potentialAction":[{"@type":"SearchAction","target":{"@type":"EntryPoint","urlTemplate":"https:\/\/www.koonings.com\/fr\/?s={search_term_string}"},"query-input":{"@type":"PropertyValueSpecification","valueRequired":true,"valueName":"search_term_string"}}],"inLanguage":"fr-FR"},{"@type":"Organization","@id":"https:\/\/www.koonings.com\/fr\/#organization","name":"Koonings","url":"https:\/\/www.koonings.com\/fr\/","logo":{"@type":"ImageObject","inLanguage":"fr-FR","@id":"https:\/\/www.koonings.com\/fr\/#\/schema\/logo\/image\/","url":"https:\/\/www.koonings.com\/wp-content\/uploads\/2024\/07\/logo.png","contentUrl":"https:\/\/www.koonings.com\/wp-content\/uploads\/2024\/07\/logo.png","width":600,"height":428,"caption":"Koonings"},"image":{"@id":"https:\/\/www.koonings.com\/fr\/#\/schema\/logo\/image\/"},"sameAs":["https:\/\/www.facebook.com\/kooningstheweddingpalace","https:\/\/www.instagram.com\/kooningstheweddingpalace","https:\/\/www.pinterest.com\/koonings","https:\/\/www.youtube.com\/kooningstheweddingpalace"]}]}},"_links":{"self":[{"href":"https:\/\/www.koonings.com\/fr\/wp-json\/wp\/v2\/pages\/98664","targetHints":{"allow":["GET"]}}],"collection":[{"href":"https:\/\/www.koonings.com\/fr\/wp-json\/wp\/v2\/pages"}],"about":[{"href":"https:\/\/www.koonings.com\/fr\/wp-json\/wp\/v2\/types\/page"}],"author":[{"embeddable":true,"href":"https:\/\/www.koonings.com\/fr\/wp-json\/wp\/v2\/users\/2"}],"replies":[{"embeddable":true,"href":"https:\/\/www.koonings.com\/fr\/wp-json\/wp\/v2\/comments?post=98664"}],"version-history":[{"count":1,"href":"https:\/\/www.koonings.com\/fr\/wp-json\/wp\/v2\/pages\/98664\/revisions"}],"predecessor-version":[{"id":98665,"href":"https:\/\/www.koonings.com\/fr\/wp-json\/wp\/v2\/pages\/98664\/revisions\/98665"}],"wp:attachment":[{"href":"https:\/\/www.koonings.com\/fr\/wp-json\/wp\/v2\/media?parent=98664"}],"curies":[{"name":"wp","href":"https:\/\/api.w.org\/{rel}","templated":true}]}}