{"id":98651,"date":"2025-05-21T16:08:13","date_gmt":"2025-05-21T14:08:13","guid":{"rendered":"https:\/\/www.koonings.com\/mariee\/accessoires-de-mariage\/"},"modified":"2025-09-29T12:25:33","modified_gmt":"2025-09-29T10:25:33","slug":"accessoires-de-mariage","status":"publish","type":"page","link":"https:\/\/www.koonings.com\/fr\/mariee\/accessoires-de-mariage\/","title":{"rendered":"Accessoires de mariage"},"content":{"rendered":"\r\n\r\n<div class=\"eye-element fullwidth-row alignfull style-both bg--none  alignfull \" style=\" \">\r\n\r\n    <div class=\"container\">\r\n        <div class=\"row\">\r\n            <div class=\"col-12\">\r\n                <div class=\"acf-innerblocks-container\">\n\n<h1 class=\"wp-block-heading has-text-align-center\" id=\"bruidsaccessoires-bij-koonings\"><strong>Accessoires de mariage chez Koonings<\/strong><\/h1>\n\n\n\n<p class=\"has-text-align-center\">Le choix d&#8217;une robe de mari\u00e9e est un moment magique &#8211; mais les bons <strong>accessoires de mariage<\/strong> compl\u00e8tent vraiment votre look. Chez Koonings, vous trouverez une vaste collection d&#8217;accessoires pour personnaliser votre style jusque dans les moindres d\u00e9tails. Des voiles \u00e9l\u00e9gants aux bijoux de mariage \u00e9tincelants, en passant par les accessoires de coiffure sophistiqu\u00e9s et la lingerie de luxe : chaque d\u00e9tail contribue \u00e0 votre look unique.  <\/p>\n\n\n\r\n\r\n<div class=\"eye-element fullwidth-row alignfull style-both bg--none  alignfull \" style=\" \">\r\n\r\n    <div class=\"container\">\r\n        <div class=\"row\">\r\n            <div class=\"col-12\">\r\n                <div class=\"acf-innerblocks-container\">\n\r\n<div class=\"eye-block empty-space empty-space--large pt-md-5 pb-md-5 pt-4 pb-4\" ><\/div>\n\n\n<div class=\"ghostkit-grid ghostkit-grid-gap-md\"><div class=\"ghostkit-grid-inner\">\n<div class=\"ghostkit-col ghostkit-col-md-12 ghostkit-col-6\"><div class=\"ghostkit-col-content is-layout-flow wp-block-ghostkit-grid-column-is-layout-flow\">\r\n<div class=\"eye-block empty-space empty-space--small pt-md-3 pb-md-3 pt-2 pb-2\" ><\/div>\n\n\n<h2 class=\"wp-block-heading\" id=\"sieraden\">Des bijoux qui rendent votre moment sp\u00e9cial<\/h2>\n\n\n\n<p>Les bijoux ne se contentent pas de compl\u00e9ter votre tenue, ils vous font briller, soulignent votre personnalit\u00e9 et apportent la touche finale magique. Que vous soyez adepte d&#8217;une \u00e9l\u00e9gance subtile ou que vous souhaitiez vous d\u00e9marquer, vous trouverez dans notre collection des boucles d&#8217;oreilles, des colliers et des bracelets parfaitement adapt\u00e9s \u00e0 votre style et \u00e0 votre tenue. <\/p>\n<\/div><\/div>\n\n\n\n<div class=\"ghostkit-col ghostkit-col-md-12 ghostkit-col-6\"><div class=\"ghostkit-col-content is-layout-flow wp-block-ghostkit-grid-column-is-layout-flow\">\n<figure class=\"wp-block-image size-full is-resized\"><img decoding=\"async\" width=\"1300\" height=\"975\" src=\"https:\/\/www.koonings.com\/wp-content\/uploads\/2024\/08\/sieraden_collectie_2022.png.webp\" alt=\"\" class=\"wp-image-17413\" style=\"width:386px;height:auto\" srcset=\"https:\/\/www.koonings.com\/wp-content\/uploads\/2024\/08\/sieraden_collectie_2022.png.webp 1300w, https:\/\/www.koonings.com\/wp-content\/uploads\/2024\/08\/sieraden_collectie_2022.png-300x225.webp 300w, https:\/\/www.koonings.com\/wp-content\/uploads\/2024\/08\/sieraden_collectie_2022.png-1024x768.webp 1024w, https:\/\/www.koonings.com\/wp-content\/uploads\/2024\/08\/sieraden_collectie_2022.png-768x576.webp 768w\" sizes=\"(max-width: 1300px) 100vw, 1300px\" \/><\/figure>\n<\/div><\/div>\n<\/div><\/div>\n\n\n\r\n<div class=\"eye-block empty-space empty-space--large pt-md-5 pb-md-5 pt-4 pb-4\" ><\/div>\n\n\n<div class=\"ghostkit-grid ghostkit-grid-gap-md\"><div class=\"ghostkit-grid-inner\">\n<div class=\"ghostkit-col ghostkit-col-md-12 ghostkit-col-6\"><div class=\"ghostkit-col-content is-layout-flow wp-block-ghostkit-grid-column-is-layout-flow\">\n<figure class=\"wp-block-image size-large\"><img decoding=\"async\" width=\"845\" height=\"1024\" src=\"https:\/\/www.koonings.com\/wp-content\/uploads\/2024\/08\/koo_abrazi_rosa-veil-2-e1747836880392-845x1024.webp\" alt=\"\" class=\"wp-image-12565\" srcset=\"https:\/\/www.koonings.com\/wp-content\/uploads\/2024\/08\/koo_abrazi_rosa-veil-2-e1747836880392-845x1024.webp 845w, https:\/\/www.koonings.com\/wp-content\/uploads\/2024\/08\/koo_abrazi_rosa-veil-2-e1747836880392-247x300.webp 247w, https:\/\/www.koonings.com\/wp-content\/uploads\/2024\/08\/koo_abrazi_rosa-veil-2-e1747836880392-768x931.webp 768w, https:\/\/www.koonings.com\/wp-content\/uploads\/2024\/08\/koo_abrazi_rosa-veil-2-e1747836880392.webp 1200w\" sizes=\"(max-width: 845px) 100vw, 845px\" \/><\/figure>\n<\/div><\/div>\n\n\n\n<div class=\"ghostkit-col ghostkit-col-md-12 ghostkit-col-6\"><div class=\"ghostkit-col-content is-layout-flow wp-block-ghostkit-grid-column-is-layout-flow\">\r\n<div class=\"eye-block empty-space empty-space--small pt-md-3 pb-md-3 pt-2 pb-2\" ><\/div>\n\n\n<h2 class=\"wp-block-heading\" id=\"sieraden\">Voiles et accessoires de coiffure<\/h2>\n\n\n\n<p>Parfois, la magie r\u00e9side dans un petit d\u00e9tail. Un voile qui tombe doucement autour de vous, un accessoire de coiffure qui apporte ce petit plus &#8211; ce sont ces d\u00e9tails qui rendent votre look de mari\u00e9e personnel. <\/p>\n\n\n\n<p>Que vous choisissiez la sobri\u00e9t\u00e9 ou l&#8217;audace, c&#8217;est le moment de briller, \u00e0 la perfection.<\/p>\n\n\n\n<p><strong><em>Conseil de notre styliste :<\/em><\/strong> Adaptez votre accessoire \u00e0 votre coiffure ainsi qu&#8217;\u00e0 votre robe : les cheveux l\u00e2ch\u00e9s requi\u00e8rent des accents diff\u00e9rents de ceux d&#8217;une coiffure tir\u00e9e. Nos stylistes se feront un plaisir de vous aider \u00e0 choisir. <\/p>\n<\/div><\/div>\n<\/div><\/div>\n\n<\/div>\r\n            <\/div>\r\n        <\/div>\r\n    <\/div>\r\n\r\n<\/div>\r\n\r\n    \n\n\r\n<div class=\"eye-block empty-space empty-space--large pt-md-5 pb-md-5 pt-4 pb-4\" ><\/div>\n\n\n<div class=\"ghostkit-grid ghostkit-grid-gap-md\"><div class=\"ghostkit-grid-inner\">\n<div class=\"ghostkit-col ghostkit-col-md-12 ghostkit-col-6\"><div class=\"ghostkit-col-content is-layout-flow wp-block-ghostkit-grid-column-is-layout-flow\">\r\n<div class=\"eye-block empty-space empty-space--small pt-md-3 pb-md-3 pt-2 pb-2\" ><\/div>\n\n\n<h2 class=\"wp-block-heading\" id=\"sieraden\">De la lingerie comme une seconde peau<\/h2>\n\n\n\n<p>Ce que personne ne voit fait souvent la plus grande diff\u00e9rence. La bonne lingerie permet \u00e0 votre robe de tomber parfaitement, \u00e0 votre silhouette d&#8217;\u00eatre superbe et \u00e0 vous de vous sentir \u00e0 l&#8217;aise et confiante tout au long de la journ\u00e9e. Que vous optiez pour des v\u00eatements subtils, un corps sans couture ou une lingerie \u00e9l\u00e9gante pour la nuit de noces, tout commence par une bonne base adapt\u00e9e \u00e0 votre corps et \u00e0 votre robe.  <\/p>\n\n\n\n<p>Notre collection est sp\u00e9cialement con\u00e7ue pour les mari\u00e9es qui ne veulent pas choisir entre beaut\u00e9 et fonctionnalit\u00e9. Parce que vous m\u00e9ritez de vous sentir aussi bien que vous \u00eates belle. <\/p>\n<\/div><\/div>\n\n\n\n<div class=\"ghostkit-col ghostkit-col-md-12 ghostkit-col-6\"><div class=\"ghostkit-col-content is-layout-flow wp-block-ghostkit-grid-column-is-layout-flow\"><\/div><\/div>\n<\/div><\/div>\n\n\n\r\n<div class=\"eye-block empty-space empty-space--large pt-md-5 pb-md-5 pt-4 pb-4\" ><\/div>\n\n\n<div class=\"ghostkit-grid ghostkit-grid-gap-md\"><div class=\"ghostkit-grid-inner\">\n<div class=\"ghostkit-col ghostkit-col-md-12 ghostkit-col-6\"><div class=\"ghostkit-col-content is-layout-flow wp-block-ghostkit-grid-column-is-layout-flow\">\n<figure class=\"wp-block-image size-large\"><img decoding=\"async\" width=\"1024\" height=\"1024\" src=\"https:\/\/www.koonings.com\/wp-content\/uploads\/2024\/08\/koo_something_blue_blauwe_kousenbandje.png-2-1024x1024.webp\" alt=\"\" class=\"wp-image-12705\" srcset=\"https:\/\/www.koonings.com\/wp-content\/uploads\/2024\/08\/koo_something_blue_blauwe_kousenbandje.png-2-1024x1024.webp 1024w, https:\/\/www.koonings.com\/wp-content\/uploads\/2024\/08\/koo_something_blue_blauwe_kousenbandje.png-2-300x300.webp 300w, https:\/\/www.koonings.com\/wp-content\/uploads\/2024\/08\/koo_something_blue_blauwe_kousenbandje.png-2-150x150.webp 150w, https:\/\/www.koonings.com\/wp-content\/uploads\/2024\/08\/koo_something_blue_blauwe_kousenbandje.png-2-768x768.webp 768w, https:\/\/www.koonings.com\/wp-content\/uploads\/2024\/08\/koo_something_blue_blauwe_kousenbandje.png-2.webp 1080w\" sizes=\"(max-width: 1024px) 100vw, 1024px\" \/><\/figure>\n<\/div><\/div>\n\n\n\n<div class=\"ghostkit-col ghostkit-col-md-12 ghostkit-col-6\"><div class=\"ghostkit-col-content is-layout-flow wp-block-ghostkit-grid-column-is-layout-flow\">\r\n<div class=\"eye-block empty-space empty-space--small pt-md-3 pb-md-3 pt-2 pb-2\" ><\/div>\n\n\n<h2 class=\"wp-block-heading\" id=\"sieraden\">Jarreti\u00e8re &#8211; votre d\u00e9tail secret<\/h2>\n\n\n\n<p>Parfois, le charme r\u00e9side pr\u00e9cis\u00e9ment dans ce qui n&#8217;est pas visible. La <strong>bonneterie<\/strong> est un d\u00e9tail intime et ludique qui s&#8217;inscrit dans une tradition s\u00e9culaire, mais aujourd&#8217;hui, il s&#8217;agit surtout d&#8217;un clin d&#8217;\u0153il \u00e0 vous-m\u00eame. Un petit secret sous votre robe qui peut \u00eatre aussi personnel que le reste de votre look.  <\/p>\n\n\n\n<p>Choisissez le style qui vous convient : de la dentelle fine au satin doux, avec un ruban subtil ou une touche de couleur. Parfaites pour \u00eatre associ\u00e9es \u00e0 votre lingerie et \u00e0 votre robe de mari\u00e9e, elles sont secr\u00e8tement un peu magiques. <\/p>\n<\/div><\/div>\n<\/div><\/div>\n\n\n\r\n<div class=\"eye-block empty-space empty-space--large pt-md-5 pb-md-5 pt-4 pb-4\" ><\/div>\n\n\r\n\r\n<div class=\"eye-element fullwidth-row alignfull style-both bg--none  alignfull \" style=\" \">\r\n\r\n    <div class=\"container\">\r\n        <div class=\"row\">\r\n            <div class=\"col-12\">\r\n                <div class=\"acf-innerblocks-container\">\n\n<pre class=\"wp-block-verse has-text-align-center\">D\u00e9couvrez les d\u00e9tails qui rendront votre look de mari\u00e9e inoubliable<\/pre>\n\n\n\n<p class=\"has-text-align-center\">Chez Koonings, tout est question d&#8217;exp\u00e9rience. Lors de votre rendez-vous, nos stylistes ne penseront pas seulement \u00e0 la robe parfaite, mais aussi \u00e0 la touche finale qui donnera vie \u00e0 votre r\u00eave. Chaque accessoire est choisi en fonction de votre style, de votre silhouette et de votre grand jour.  <\/p>\n\n\n\n<p class=\"has-text-align-center\"><strong>Prenez rendez-vous d\u00e8s aujourd&#8217;hui et b\u00e9n\u00e9ficiez des conseils de nos experts.<\/strong> <br\/>Car chez Koonings, votre conte de f\u00e9es commence et se termine dans la perfection.<\/p>\n\n\n\r\n<div class=\"eye-element bsbutton text-center \" >\r\n\t        <a class=\"btn btn-gold\" href=\"https:\/\/www.koonings.com\/fr\/prendre-un-rendez-vous\/\"\r\n           target=\"\">Prenez rendez-vous<\/a>\r\n\t<\/div>\n<\/div>\r\n            <\/div>\r\n        <\/div>\r\n    <\/div>\r\n\r\n<\/div>\r\n\r\n    \n<\/div>\r\n            <\/div>\r\n        <\/div>\r\n    <\/div>\r\n\r\n<\/div>\r\n\r\n    ","protected":false},"excerpt":{"rendered":"","protected":false},"author":2,"featured_media":0,"parent":16545,"menu_order":0,"comment_status":"closed","ping_status":"closed","template":"","meta":{"_acf_changed":false,"ghostkit_customizer_options":"","ghostkit_custom_css":"","ghostkit_custom_js_head":"","ghostkit_custom_js_foot":"","ghostkit_typography":"","footnotes":""},"class_list":["post-98651","page","type-page","status-publish","hentry"],"acf":[],"yoast_head":"<!-- This site is optimized with the Yoast SEO plugin v27.3 - https:\/\/yoast.com\/product\/yoast-seo-wordpress\/ -->\n<title>Accessoires de mariage | Koonings<\/title>\n<meta name=\"description\" content=\"D\u00e9couvrez des accessoires de mariage tels que des bijoux, des voiles, de la lingerie et des accessoires de coiffure. Faites briller votre look de mari\u00e9e avec la collection de Koonings.\" \/>\n<meta name=\"robots\" content=\"index, follow, max-snippet:-1, max-image-preview:large, max-video-preview:-1\" \/>\n<link rel=\"canonical\" href=\"https:\/\/www.koonings.com\/fr\/mariee\/accessoires-de-mariage\/\" \/>\n<meta property=\"og:locale\" content=\"fr_FR\" \/>\n<meta property=\"og:type\" content=\"article\" \/>\n<meta property=\"og:title\" content=\"Accessoires de mariage | Koonings\" \/>\n<meta property=\"og:description\" content=\"D\u00e9couvrez des accessoires de mariage tels que des bijoux, des voiles, de la lingerie et des accessoires de coiffure. Faites briller votre look de mari\u00e9e avec la collection de Koonings.\" \/>\n<meta property=\"og:url\" content=\"https:\/\/www.koonings.com\/fr\/mariee\/accessoires-de-mariage\/\" \/>\n<meta property=\"og:site_name\" content=\"Koonings\" \/>\n<meta property=\"article:publisher\" content=\"https:\/\/www.facebook.com\/kooningstheweddingpalace\" \/>\n<meta property=\"article:modified_time\" content=\"2025-09-29T10:25:33+00:00\" \/>\n<meta property=\"og:image\" content=\"https:\/\/www.koonings.com\/wp-content\/uploads\/2024\/08\/sieraden_collectie_2022.png.webp\" \/>\n\t<meta property=\"og:image:width\" content=\"1300\" \/>\n\t<meta property=\"og:image:height\" content=\"975\" \/>\n\t<meta property=\"og:image:type\" content=\"image\/webp\" \/>\n<meta name=\"twitter:card\" content=\"summary_large_image\" \/>\n<meta name=\"twitter:label1\" content=\"Dur\u00e9e de lecture estim\u00e9e\" \/>\n\t<meta name=\"twitter:data1\" content=\"3 minutes\" \/>\n<script type=\"application\/ld+json\" class=\"yoast-schema-graph\">{\"@context\":\"https:\\\/\\\/schema.org\",\"@graph\":[{\"@type\":\"WebPage\",\"@id\":\"https:\\\/\\\/www.koonings.com\\\/fr\\\/mariee\\\/accessoires-de-mariage\\\/\",\"url\":\"https:\\\/\\\/www.koonings.com\\\/fr\\\/mariee\\\/accessoires-de-mariage\\\/\",\"name\":\"Accessoires de mariage | Koonings\",\"isPartOf\":{\"@id\":\"https:\\\/\\\/www.koonings.com\\\/fr\\\/#website\"},\"primaryImageOfPage\":{\"@id\":\"https:\\\/\\\/www.koonings.com\\\/fr\\\/mariee\\\/accessoires-de-mariage\\\/#primaryimage\"},\"image\":{\"@id\":\"https:\\\/\\\/www.koonings.com\\\/fr\\\/mariee\\\/accessoires-de-mariage\\\/#primaryimage\"},\"thumbnailUrl\":\"https:\\\/\\\/www.koonings.com\\\/wp-content\\\/uploads\\\/2024\\\/08\\\/sieraden_collectie_2022.png.webp\",\"datePublished\":\"2025-05-21T14:08:13+00:00\",\"dateModified\":\"2025-09-29T10:25:33+00:00\",\"description\":\"D\u00e9couvrez des accessoires de mariage tels que des bijoux, des voiles, de la lingerie et des accessoires de coiffure. Faites briller votre look de mari\u00e9e avec la collection de Koonings.\",\"breadcrumb\":{\"@id\":\"https:\\\/\\\/www.koonings.com\\\/fr\\\/mariee\\\/accessoires-de-mariage\\\/#breadcrumb\"},\"inLanguage\":\"fr-FR\",\"potentialAction\":[{\"@type\":\"ReadAction\",\"target\":[\"https:\\\/\\\/www.koonings.com\\\/fr\\\/mariee\\\/accessoires-de-mariage\\\/\"]}]},{\"@type\":\"ImageObject\",\"inLanguage\":\"fr-FR\",\"@id\":\"https:\\\/\\\/www.koonings.com\\\/fr\\\/mariee\\\/accessoires-de-mariage\\\/#primaryimage\",\"url\":\"https:\\\/\\\/www.koonings.com\\\/wp-content\\\/uploads\\\/2024\\\/08\\\/sieraden_collectie_2022.png.webp\",\"contentUrl\":\"https:\\\/\\\/www.koonings.com\\\/wp-content\\\/uploads\\\/2024\\\/08\\\/sieraden_collectie_2022.png.webp\"},{\"@type\":\"BreadcrumbList\",\"@id\":\"https:\\\/\\\/www.koonings.com\\\/fr\\\/mariee\\\/accessoires-de-mariage\\\/#breadcrumb\",\"itemListElement\":[{\"@type\":\"ListItem\",\"position\":1,\"name\":\"Home\",\"item\":\"https:\\\/\\\/www.koonings.com\\\/fr\\\/\"},{\"@type\":\"ListItem\",\"position\":2,\"name\":\"Mari\u00e9e\",\"item\":\"https:\\\/\\\/www.koonings.com\\\/fr\\\/mariee\\\/\"},{\"@type\":\"ListItem\",\"position\":3,\"name\":\"Accessoires de mariage\"}]},{\"@type\":\"WebSite\",\"@id\":\"https:\\\/\\\/www.koonings.com\\\/fr\\\/#website\",\"url\":\"https:\\\/\\\/www.koonings.com\\\/fr\\\/\",\"name\":\"Koonings\",\"description\":\"De grootste bruidsmodewinkel ter wereld\",\"publisher\":{\"@id\":\"https:\\\/\\\/www.koonings.com\\\/fr\\\/#organization\"},\"potentialAction\":[{\"@type\":\"SearchAction\",\"target\":{\"@type\":\"EntryPoint\",\"urlTemplate\":\"https:\\\/\\\/www.koonings.com\\\/fr\\\/?s={search_term_string}\"},\"query-input\":{\"@type\":\"PropertyValueSpecification\",\"valueRequired\":true,\"valueName\":\"search_term_string\"}}],\"inLanguage\":\"fr-FR\"},{\"@type\":\"Organization\",\"@id\":\"https:\\\/\\\/www.koonings.com\\\/fr\\\/#organization\",\"name\":\"Koonings\",\"url\":\"https:\\\/\\\/www.koonings.com\\\/fr\\\/\",\"logo\":{\"@type\":\"ImageObject\",\"inLanguage\":\"fr-FR\",\"@id\":\"https:\\\/\\\/www.koonings.com\\\/fr\\\/#\\\/schema\\\/logo\\\/image\\\/\",\"url\":\"https:\\\/\\\/www.koonings.com\\\/wp-content\\\/uploads\\\/2024\\\/07\\\/logo.png\",\"contentUrl\":\"https:\\\/\\\/www.koonings.com\\\/wp-content\\\/uploads\\\/2024\\\/07\\\/logo.png\",\"width\":600,\"height\":428,\"caption\":\"Koonings\"},\"image\":{\"@id\":\"https:\\\/\\\/www.koonings.com\\\/fr\\\/#\\\/schema\\\/logo\\\/image\\\/\"},\"sameAs\":[\"https:\\\/\\\/www.facebook.com\\\/kooningstheweddingpalace\",\"https:\\\/\\\/www.instagram.com\\\/kooningstheweddingpalace\",\"https:\\\/\\\/www.pinterest.com\\\/koonings\",\"https:\\\/\\\/www.youtube.com\\\/kooningstheweddingpalace\"]}]}<\/script>\n<!-- \/ Yoast SEO plugin. -->","yoast_head_json":{"title":"Accessoires de mariage | Koonings","description":"D\u00e9couvrez des accessoires de mariage tels que des bijoux, des voiles, de la lingerie et des accessoires de coiffure. Faites briller votre look de mari\u00e9e avec la collection de Koonings.","robots":{"index":"index","follow":"follow","max-snippet":"max-snippet:-1","max-image-preview":"max-image-preview:large","max-video-preview":"max-video-preview:-1"},"canonical":"https:\/\/www.koonings.com\/fr\/mariee\/accessoires-de-mariage\/","og_locale":"fr_FR","og_type":"article","og_title":"Accessoires de mariage | Koonings","og_description":"D\u00e9couvrez des accessoires de mariage tels que des bijoux, des voiles, de la lingerie et des accessoires de coiffure. Faites briller votre look de mari\u00e9e avec la collection de Koonings.","og_url":"https:\/\/www.koonings.com\/fr\/mariee\/accessoires-de-mariage\/","og_site_name":"Koonings","article_publisher":"https:\/\/www.facebook.com\/kooningstheweddingpalace","article_modified_time":"2025-09-29T10:25:33+00:00","og_image":[{"width":1300,"height":975,"url":"https:\/\/www.koonings.com\/wp-content\/uploads\/2024\/08\/sieraden_collectie_2022.png.webp","type":"image\/webp"}],"twitter_card":"summary_large_image","twitter_misc":{"Dur\u00e9e de lecture estim\u00e9e":"3 minutes"},"schema":{"@context":"https:\/\/schema.org","@graph":[{"@type":"WebPage","@id":"https:\/\/www.koonings.com\/fr\/mariee\/accessoires-de-mariage\/","url":"https:\/\/www.koonings.com\/fr\/mariee\/accessoires-de-mariage\/","name":"Accessoires de mariage | Koonings","isPartOf":{"@id":"https:\/\/www.koonings.com\/fr\/#website"},"primaryImageOfPage":{"@id":"https:\/\/www.koonings.com\/fr\/mariee\/accessoires-de-mariage\/#primaryimage"},"image":{"@id":"https:\/\/www.koonings.com\/fr\/mariee\/accessoires-de-mariage\/#primaryimage"},"thumbnailUrl":"https:\/\/www.koonings.com\/wp-content\/uploads\/2024\/08\/sieraden_collectie_2022.png.webp","datePublished":"2025-05-21T14:08:13+00:00","dateModified":"2025-09-29T10:25:33+00:00","description":"D\u00e9couvrez des accessoires de mariage tels que des bijoux, des voiles, de la lingerie et des accessoires de coiffure. Faites briller votre look de mari\u00e9e avec la collection de Koonings.","breadcrumb":{"@id":"https:\/\/www.koonings.com\/fr\/mariee\/accessoires-de-mariage\/#breadcrumb"},"inLanguage":"fr-FR","potentialAction":[{"@type":"ReadAction","target":["https:\/\/www.koonings.com\/fr\/mariee\/accessoires-de-mariage\/"]}]},{"@type":"ImageObject","inLanguage":"fr-FR","@id":"https:\/\/www.koonings.com\/fr\/mariee\/accessoires-de-mariage\/#primaryimage","url":"https:\/\/www.koonings.com\/wp-content\/uploads\/2024\/08\/sieraden_collectie_2022.png.webp","contentUrl":"https:\/\/www.koonings.com\/wp-content\/uploads\/2024\/08\/sieraden_collectie_2022.png.webp"},{"@type":"BreadcrumbList","@id":"https:\/\/www.koonings.com\/fr\/mariee\/accessoires-de-mariage\/#breadcrumb","itemListElement":[{"@type":"ListItem","position":1,"name":"Home","item":"https:\/\/www.koonings.com\/fr\/"},{"@type":"ListItem","position":2,"name":"Mari\u00e9e","item":"https:\/\/www.koonings.com\/fr\/mariee\/"},{"@type":"ListItem","position":3,"name":"Accessoires de mariage"}]},{"@type":"WebSite","@id":"https:\/\/www.koonings.com\/fr\/#website","url":"https:\/\/www.koonings.com\/fr\/","name":"Koonings","description":"De grootste bruidsmodewinkel ter wereld","publisher":{"@id":"https:\/\/www.koonings.com\/fr\/#organization"},"potentialAction":[{"@type":"SearchAction","target":{"@type":"EntryPoint","urlTemplate":"https:\/\/www.koonings.com\/fr\/?s={search_term_string}"},"query-input":{"@type":"PropertyValueSpecification","valueRequired":true,"valueName":"search_term_string"}}],"inLanguage":"fr-FR"},{"@type":"Organization","@id":"https:\/\/www.koonings.com\/fr\/#organization","name":"Koonings","url":"https:\/\/www.koonings.com\/fr\/","logo":{"@type":"ImageObject","inLanguage":"fr-FR","@id":"https:\/\/www.koonings.com\/fr\/#\/schema\/logo\/image\/","url":"https:\/\/www.koonings.com\/wp-content\/uploads\/2024\/07\/logo.png","contentUrl":"https:\/\/www.koonings.com\/wp-content\/uploads\/2024\/07\/logo.png","width":600,"height":428,"caption":"Koonings"},"image":{"@id":"https:\/\/www.koonings.com\/fr\/#\/schema\/logo\/image\/"},"sameAs":["https:\/\/www.facebook.com\/kooningstheweddingpalace","https:\/\/www.instagram.com\/kooningstheweddingpalace","https:\/\/www.pinterest.com\/koonings","https:\/\/www.youtube.com\/kooningstheweddingpalace"]}]}},"_links":{"self":[{"href":"https:\/\/www.koonings.com\/fr\/wp-json\/wp\/v2\/pages\/98651","targetHints":{"allow":["GET"]}}],"collection":[{"href":"https:\/\/www.koonings.com\/fr\/wp-json\/wp\/v2\/pages"}],"about":[{"href":"https:\/\/www.koonings.com\/fr\/wp-json\/wp\/v2\/types\/page"}],"author":[{"embeddable":true,"href":"https:\/\/www.koonings.com\/fr\/wp-json\/wp\/v2\/users\/2"}],"replies":[{"embeddable":true,"href":"https:\/\/www.koonings.com\/fr\/wp-json\/wp\/v2\/comments?post=98651"}],"version-history":[{"count":1,"href":"https:\/\/www.koonings.com\/fr\/wp-json\/wp\/v2\/pages\/98651\/revisions"}],"predecessor-version":[{"id":98652,"href":"https:\/\/www.koonings.com\/fr\/wp-json\/wp\/v2\/pages\/98651\/revisions\/98652"}],"up":[{"embeddable":true,"href":"https:\/\/www.koonings.com\/fr\/wp-json\/wp\/v2\/pages\/16545"}],"wp:attachment":[{"href":"https:\/\/www.koonings.com\/fr\/wp-json\/wp\/v2\/media?parent=98651"}],"curies":[{"name":"wp","href":"https:\/\/api.w.org\/{rel}","templated":true}]}}