{"id":98617,"date":"2025-01-10T13:36:17","date_gmt":"2025-01-10T12:36:17","guid":{"rendered":"https:\/\/www.koonings.com\/inspiration\/mode-nuptiale-a-maastricht\/"},"modified":"2025-09-29T12:19:13","modified_gmt":"2025-09-29T10:19:13","slug":"mode-nuptiale-a-maastricht","status":"publish","type":"page","link":"https:\/\/www.koonings.com\/fr\/inspiration\/mode-nuptiale-a-maastricht\/","title":{"rendered":"Mode nuptiale \u00e0 Maastricht"},"content":{"rendered":"\r\n\r\n<div class=\"eye-element fullwidth-row alignfull style-both bg--none  alignfull \" style=\" \">\r\n\r\n    <div class=\"container\">\r\n        <div class=\"row\">\r\n            <div class=\"col-12\">\r\n                <div class=\"acf-innerblocks-container\">\n\n<h1 class=\"wp-block-heading has-text-align-center\" id=\"bruidsmode-in-maastricht\">Mode nuptiale \u00e0 Maastricht<\/h1>\n\n\n\n<p class=\"has-text-align-center\">Vous \u00eates \u00e0 la recherche d&#8217;une mode nuptiale \u00e0 Maastricht ? <a href=\"https:\/\/www.koonings.com\/fr\/valkenburg\/\">Koonings The Wedding Castle \u00e0 Valkenburg<\/a> est votre destination id\u00e9ale ! \u00c0 seulement 15 minutes en voiture du centre de Maastricht, vous trouverez la plus grande collection de robes de mari\u00e9e du Limbourg. Dans l&#8217;atmosph\u00e8re enchanteresse du Kasteel Oost historique, nous sommes pr\u00eats \u00e0 faire de la robe de vos r\u00eaves une r\u00e9alit\u00e9.  <\/p>\n\n\n\r\n<div class=\"eye-element bsbutton text-center \" >\r\n\t        <a class=\"btn btn-gold\" href=\"\/afspraak-maken\"\r\n           target=\"\">Prenez rendez-vous<\/a>\r\n\t<\/div>\n<\/div>\r\n            <\/div>\r\n        <\/div>\r\n    <\/div>\r\n\r\n<\/div>\r\n\r\n    \r\n\r\n<div class=\"eye-element fullwidth-row alignfull style-both bg--none  alignfull \" style=\" \">\r\n\r\n    <div class=\"container\">\r\n        <div class=\"row\">\r\n            <div class=\"col-12\">\r\n                <div class=\"acf-innerblocks-container\">\n\n<div class=\"ghostkit-grid ghostkit-grid-gap-md\"><div class=\"ghostkit-grid-inner\">\n<div class=\"ghostkit-col ghostkit-col-md-12 ghostkit-col-6\"><div class=\"ghostkit-col-content is-layout-flow wp-block-ghostkit-grid-column-is-layout-flow\">\r\n<div class=\"eye-block empty-space empty-space--small pt-md-3 pb-md-3 pt-2 pb-2\" ><\/div>\n\n\n<h2 class=\"wp-block-heading\" id=\"koonings-the-wedding-castle-een-unieke-ervaring\">Koonings The Wedding Castle : une exp\u00e9rience unique<\/h2>\n\n\n\n<p>Koonings The Wedding Castle est plus qu&#8217;un magasin de robes de mari\u00e9e &#8211; c&#8217;est une exp\u00e9rience unique. Situ\u00e9 dans la belle ville de Valkenburg, notre ch\u00e2teau offre le cadre id\u00e9al pour essayer des robes de mari\u00e9e \u00e0 votre guise et d\u00e9couvrir votre style unique. Que vous recherchiez une <a href=\"https:\/\/www.koonings.com\/fr\/mariee\/robes-de-mariee\/\">robe de princesse classique<\/a>, un <a href=\"https:\/\/www.koonings.com\/fr\/mariee\/robes-de-mariee\/\">style boh\u00e8me moderne<\/a> ou quelque chose entre les deux, nous avons la robe de mari\u00e9e qui vous convient parfaitement.  <\/p>\n\n\n\n<p>Avec des milliers de robes de mari\u00e9e de marques connues et de mod\u00e8les exclusifs, notre collection est in\u00e9gal\u00e9e dans le Limbourg m\u00e9ridional. De plus, vous pouvez compter sur les conseils avis\u00e9s de notre \u00e9quipe de stylistes exp\u00e9riment\u00e9s, qui vous guideront avec une attention personnelle. <\/p>\n\n\n\r\n<div class=\"eye-element bsbutton text-start \" >\r\n\t        <a class=\"btn btn-primary\" href=\"\/moodboard-maken\/\"\r\n           target=\"\">Cr\u00e9ez votre propre tableau d&#8217;humeur<\/a>\r\n\t<\/div><\/div><\/div>\n\n\n\n<div class=\"ghostkit-col ghostkit-col-md-12 ghostkit-col-6\"><div class=\"ghostkit-col-content is-layout-flow wp-block-ghostkit-grid-column-is-layout-flow\">\r\n<div class=\"eye-element images style-default variant-1 multi-image\">\r\n\r\n\t        <div class=\"composition\">\r\n\t\t\t                <div class=\"image-0\">\r\n                    <img decoding=\"async\" class=\"img-fluid\" src=\"https:\/\/www.koonings.com\/wp-content\/uploads\/2024\/07\/thumbnail_IMG_9798-225x300.jpg\" srcset=\"https:\/\/www.koonings.com\/wp-content\/uploads\/2024\/07\/thumbnail_IMG_9798-225x300.jpg 225w, https:\/\/www.koonings.com\/wp-content\/uploads\/2024\/07\/thumbnail_IMG_9798-768x1024.jpg 768w, https:\/\/www.koonings.com\/wp-content\/uploads\/2024\/07\/thumbnail_IMG_9798-1152x1536.jpg 1152w, https:\/\/www.koonings.com\/wp-content\/uploads\/2024\/07\/thumbnail_IMG_9798.jpg 1440w\" alt=\"\">\r\n                <\/div>\r\n\t\t\t\r\n            <div class=\"swiper images-swiper\">\r\n\r\n\t\t\t\t\r\n                <div class=\"swiper-wrapper\">\r\n\t\t\t\t\t                        <li class=\"swiper-slide\">\r\n                            <img decoding=\"async\" class=\" img-fluid\" src=\"https:\/\/www.koonings.com\/wp-content\/uploads\/2024\/07\/Wit-Baron-van-Mettecoven-1024x576.jpg\" srcset=\"https:\/\/www.koonings.com\/wp-content\/uploads\/2024\/07\/Wit-Baron-van-Mettecoven-scaled.jpg\" alt=\"\">\r\n                        <\/li>\r\n\t\t\t\t\t                        <li class=\"swiper-slide\">\r\n                            <img decoding=\"async\" class=\" img-fluid\" src=\"https:\/\/www.koonings.com\/wp-content\/uploads\/2024\/07\/KOO_castle_dronebeeld-1024x573.jpg\" srcset=\"https:\/\/www.koonings.com\/wp-content\/uploads\/2024\/07\/KOO_castle_dronebeeld.jpg\" alt=\"\">\r\n                        <\/li>\r\n\t\t\t\t\t                        <li class=\"swiper-slide\">\r\n                            <img decoding=\"async\" class=\" img-fluid\" src=\"https:\/\/www.koonings.com\/wp-content\/uploads\/2024\/07\/foto1WDS_0170-kopie-1024x683.jpg\" srcset=\"https:\/\/www.koonings.com\/wp-content\/uploads\/2024\/07\/foto1WDS_0170-kopie-scaled.jpg\" alt=\"\">\r\n                        <\/li>\r\n\t\t\t\t\t                <\/div>\r\n\r\n                <div class=\"swiper-pagination\"><\/div>\r\n\r\n                <div class=\"swiper-button-prev\"><\/div>\r\n                <div class=\"swiper-button-next\"><\/div>\r\n\r\n            <\/div>\r\n\r\n        <\/div>\r\n\t\r\n\t<\/div><\/div><\/div>\n<\/div><\/div>\n\n<\/div>\r\n            <\/div>\r\n        <\/div>\r\n    <\/div>\r\n\r\n<\/div>\r\n\r\n    \r\n\r\n<div class=\"eye-element fullwidth-row alignfull style-both bg--lightgray  alignfull \" style=\" \">\r\n\r\n    <div class=\"container\">\r\n        <div class=\"row\">\r\n            <div class=\"col-12\">\r\n                <div class=\"acf-innerblocks-container\">\n\n<h2 class=\"wp-block-heading\" id=\"waarom-bruiden-uit-maastricht-voor-koonings-kiezen\">Pourquoi les mari\u00e9es de Maastricht choisissent-elles Koonings ?<\/h2>\n\n\n\n<div class=\"ghostkit-grid ghostkit-grid-gap-md\"><div class=\"ghostkit-grid-inner\">\n<div class=\"ghostkit-col ghostkit-col-lg-12 ghostkit-col-2 is-layout-flow wp-block-ghostkit-grid-column-is-layout-flow\"><div class=\"ghostkit-col-content\"><\/div><\/div>\n\n\n\n<div class=\"ghostkit-col ghostkit-col-lg-12 ghostkit-col-8\"><div class=\"ghostkit-col-content is-layout-flow wp-block-ghostkit-grid-column-is-layout-flow\">\n<ol start=\"1\" class=\"wp-block-list\">\n<li><strong>La plus grande collection du Limbourg<\/strong>: D\u00e9couvrez la vaste collection de robes de mari\u00e9e, de l&#8217;\u00e9l\u00e9gance intemporelle \u00e0 la tendance unique.<\/li>\n\n\n\n<li><strong>Lieu historique<\/strong>: Venez essayer votre robe de mari\u00e9e dans le romantique Kasteel Oost \u00e0 Valkenburg pour une exp\u00e9rience inoubliable.<\/li>\n\n\n\n<li><strong>Conseils d&#8217;experts<\/strong>: nos stylistes sont des experts qui vous aideront \u00e0 trouver la robe parfaite en fonction de votre personnalit\u00e9 et de votre style.<\/li>\n\n\n\n<li><strong>Facile d&#8217;acc\u00e8s<\/strong>: Magasin de mariage Koonings Le ch\u00e2teau du mariage se trouve \u00e0 15 minutes de route de Maastricht et dispose d&#8217;un grand nombre de places de parking gratuites.<\/li>\n\n\n\n<li><strong>Des ann\u00e9es d&#8217;exp\u00e9rience<\/strong>: En tant que membre de Koonings, connu pour <em>Say Yes to the Dress<\/em> et <em>Married at First Sight<\/em>, nous offrons une qualit\u00e9 et des connaissances in\u00e9gal\u00e9es.<\/li>\n<\/ol>\n<\/div><\/div>\n\n\n\n<div class=\"ghostkit-col ghostkit-col-lg-12 ghostkit-col-2 is-layout-flow wp-block-ghostkit-grid-column-is-layout-flow\"><div class=\"ghostkit-col-content\"><\/div><\/div>\n<\/div><\/div>\n\n<\/div>\r\n            <\/div>\r\n        <\/div>\r\n    <\/div>\r\n\r\n<\/div>\r\n\r\n    \r\n\r\n<div class=\"eye-element fullwidth-row alignfull style-both bg--none  alignfull \" style=\" \">\r\n\r\n    <div class=\"container\">\r\n        <div class=\"row\">\r\n            <div class=\"col-12\">\r\n                <div class=\"acf-innerblocks-container\">\n\n<h2 class=\"wp-block-heading\" id=\"routebeschrijving-van-maastricht-naar-koonings-the-wedding-castle\">Itin\u00e9raire de Maastricht \u00e0 Koonings The Wedding Castle<\/h2>\n\n\n\n<p>Le magasin de mariage Koonings The Wedding Castle est facilement accessible depuis Maastricht. Suivez l&#8217;A79 en direction de Valkenburg et prenez la sortie 4 (Valkenburg). De l\u00e0, il ne reste que quelques minutes de route jusqu&#8217;au Kasteel Oost, o\u00f9 vous pouvez vous garer gratuitement. Consultez l&#8217;<a href=\"https:\/\/www.google.com\/maps\/dir\/\/Oosterweg+30,+6301+PX+Valkenburg\/@51.4686976,5.7638912,12z\/data=!4m8!4m7!1m0!1m5!1m1!1s0x47c09556dd064395:0x4979aaf79c0c47c4!2m2!1d5.8418127!2d50.8618943\" target=\"_blank\" rel=\"noreferrer noopener\">itin\u00e9raire exact sur Google Maps<\/a> et planifiez votre visite d\u00e8s aujourd&#8217;hui.   <\/p>\n\n\n\n<div class=\"ghostkit-grid ghostkit-grid-gap-md\"><div class=\"ghostkit-grid-inner\">\n<div class=\"ghostkit-col ghostkit-col-lg-12 ghostkit-col-2 is-layout-flow wp-block-ghostkit-grid-column-is-layout-flow\"><div class=\"ghostkit-col-content\"><\/div><\/div>\n\n\n\n<div class=\"ghostkit-col ghostkit-col-lg-12 ghostkit-col-8\"><div class=\"ghostkit-col-content is-layout-flow wp-block-ghostkit-grid-column-is-layout-flow\">\n<div class=\"ghostkit-google-maps\" style=\"min-height:350px\" data-lat=\"51.259032721107396\" data-lng=\"5.7598854798944865\" data-zoom=\"8\" data-show-zoom-buttons=\"true\" data-show-map-type-buttons=\"true\" data-show-street-view-button=\"true\" data-show-fullscreen-button=\"true\" data-option-scroll-wheel=\"true\" data-option-draggable=\"true\" data-styles=\"\"><div class=\"ghostkit-google-maps-marker\" data-title=\"Koonings The Wedding Castle\" data-lat=\"50.8620043\" data-lng=\"5.841919499999999\" data-address=\"Oost, Oosterweg 36, 6301 PX Valkenburg, Nederland\"><div class=\"ghostkit-pro-google-maps-marker-info-window-text\" style=\"display:none\"><p>Kasteel Oost, Oosterweg 30, 6301 PX Valkenburg<\/p><\/div><\/div><\/div>\n<\/div><\/div>\n\n\n\n<div class=\"ghostkit-col ghostkit-col-lg-12 ghostkit-col-2 is-layout-flow wp-block-ghostkit-grid-column-is-layout-flow\"><div class=\"ghostkit-col-content\"><\/div><\/div>\n<\/div><\/div>\n\n<\/div>\r\n            <\/div>\r\n        <\/div>\r\n    <\/div>\r\n\r\n<\/div>\r\n\r\n    \r\n\r\n<div class=\"eye-element fullwidth-row alignfull style-both bg--lightgray  alignfull \" style=\" \">\r\n\r\n    <div class=\"container\">\r\n        <div class=\"row\">\r\n            <div class=\"col-12\">\r\n                <div class=\"acf-innerblocks-container\">\n\n<div class=\"ghostkit-grid ghostkit-grid-gap-md\"><div class=\"ghostkit-grid-inner\">\n<div class=\"ghostkit-col ghostkit-col-md-12 ghostkit-col-6\"><div class=\"ghostkit-col-content is-layout-flow wp-block-ghostkit-grid-column-is-layout-flow\">\n<h2 class=\"wp-block-heading\" id=\"maak-jouw-bruidsdroom-waar\">R\u00e9alisez votre r\u00eave de mariage<\/h2>\n\n\n\n<p>Chez Koonings, tout tourne autour de vous et de vos r\u00eaves de mariage. Que vous soyez de Maastricht ou d&#8217;une ville voisine, nous ferons en sorte que votre recherche de la robe de mari\u00e9e parfaite soit inoubliable. D\u00e9couvrez pourquoi tant de mari\u00e9es choisissent Koonings et prenez rendez-vous d\u00e8s aujourd&#8217;hui.  <\/p>\n\n\n\n<p>Outre les robes de mari\u00e9e, Koonings propose \u00e9galement une vaste collection de <a href=\"https:\/\/www.koonings.com\/fr\/marie\/costumes-de-mariage\/\">mode nuptiale pour le mari\u00e9<\/a>, les gar\u00e7ons d&#8217;honneur et les <a href=\"https:\/\/www.koonings.com\/fr\/collection-de-mariages\/enfants\/\">enfants<\/a>. Des costumes \u00e9l\u00e9gants aux accessoires assortis pour les messieurs, nous veillons \u00e0 ce que tout le monde soit \u00e0 son avantage le jour de votre mariage. M\u00eame pour les plus jeunes invit\u00e9s, comme les bouqueti\u00e8res et les porteurs d&#8217;anneaux, nous avons une merveilleuse s\u00e9lection de tenues qui s&#8217;accordent parfaitement avec le style de votre mariage. Chez Koonings, vous trouverez tout ce dont vous avez besoin pour habiller avec style l&#8217;ensemble de votre groupe de mariage.   <\/p>\n\n\n\r\n<div class=\"eye-element bsbutton text-start \" >\r\n\t        <a class=\"btn btn-primary\" href=\"\/bruid\/trouwjurken\"\r\n           target=\"\">Voir la collection de robes de mari\u00e9e<\/a>\r\n\t<\/div><\/div><\/div>\n\n\n\n<div class=\"ghostkit-col ghostkit-col-md-12 ghostkit-col-6\"><div class=\"ghostkit-col-content is-layout-flow wp-block-ghostkit-grid-column-is-layout-flow\">\r\n<div class=\"eye-element images style-default variant-1 multi-image\">\r\n\r\n\t        <div class=\"composition\">\r\n\t\t\t                <div class=\"image-0\">\r\n                    <img decoding=\"async\" class=\"img-fluid\" src=\"https:\/\/www.koonings.com\/wp-content\/uploads\/2024\/08\/koonings-trouwpak-wilvorst-green-wedding-trouwkostuum-gw-look2-a-212x300.jpg\" srcset=\"https:\/\/www.koonings.com\/wp-content\/uploads\/2024\/08\/koonings-trouwpak-wilvorst-green-wedding-trouwkostuum-gw-look2-a-212x300.jpg 212w, https:\/\/www.koonings.com\/wp-content\/uploads\/2024\/08\/koonings-trouwpak-wilvorst-green-wedding-trouwkostuum-gw-look2-a.jpg 679w\" alt=\"\">\r\n                <\/div>\r\n\t\t\t\r\n            <div class=\"swiper images-swiper\">\r\n\r\n\t\t\t\t\r\n                <div class=\"swiper-wrapper\">\r\n\t\t\t\t\t                        <li class=\"swiper-slide\">\r\n                            <img decoding=\"async\" class=\" img-fluid\" src=\"https:\/\/www.koonings.com\/wp-content\/uploads\/2024\/07\/herenpakken-1024x671.png\" srcset=\"https:\/\/www.koonings.com\/wp-content\/uploads\/2024\/07\/herenpakken.png\" alt=\"Koonings herenpakken\">\r\n                        <\/li>\r\n\t\t\t\t\t                <\/div>\r\n\r\n                <div class=\"swiper-pagination\"><\/div>\r\n\r\n                <div class=\"swiper-button-prev\"><\/div>\r\n                <div class=\"swiper-button-next\"><\/div>\r\n\r\n            <\/div>\r\n\r\n        <\/div>\r\n\t\r\n\t<\/div><\/div><\/div>\n<\/div><\/div>\n\n<\/div>\r\n            <\/div>\r\n        <\/div>\r\n    <\/div>\r\n\r\n<\/div>\r\n\r\n    \r\n\r\n<div class=\"eye-element fullwidth-row alignfull style-both bg--none  alignfull \" style=\" \">\r\n\r\n    <div class=\"container\">\r\n        <div class=\"row\">\r\n            <div class=\"col-12\">\r\n                <div class=\"acf-innerblocks-container\">\n\n<h2 class=\"wp-block-heading has-text-align-center\" id=\"plan-jouw-pasafspraak\">Planifiez votre rendez-vous d&#8217;essayage<\/h2>\n\n\n\n<p class=\"has-text-align-center\">N&#8217;attendez plus ! Prenez rendez-vous chez Koonings The Wedding Castle et d\u00e9couvrez par vous-m\u00eame pourquoi nous sommes le meilleur choix pour la <a href=\"https:\/\/www.koonings.com\/fr\/inspiration\/la-mode-nuptiale-dans-le-limbourg-du-sud\/\">mode nuptiale dans le Limbourg du Sud<\/a>. Nous sommes impatients de vous aider \u00e0 briller le jour de votre mariage !  <\/p>\n\n\n\r\n<div class=\"eye-element bsbutton text-center \" >\r\n\t        <a class=\"btn btn-gold\" href=\"\/afspraak-maken\"\r\n           target=\"\">Prenez rendez-vous<\/a>\r\n\t<\/div>\n<\/div>\r\n            <\/div>\r\n        <\/div>\r\n    <\/div>\r\n\r\n<\/div>\r\n\r\n    ","protected":false},"excerpt":{"rendered":"","protected":false},"author":2,"featured_media":0,"parent":16224,"menu_order":0,"comment_status":"closed","ping_status":"closed","template":"","meta":{"_acf_changed":false,"ghostkit_customizer_options":"","ghostkit_custom_css":"","ghostkit_custom_js_head":"","ghostkit_custom_js_foot":"","ghostkit_typography":"","footnotes":""},"class_list":["post-98617","page","type-page","status-publish","hentry"],"acf":[],"yoast_head":"<!-- This site is optimized with the Yoast SEO plugin v27.3 - https:\/\/yoast.com\/product\/yoast-seo-wordpress\/ -->\n<title>Mode nuptiale \u00e0 Maastricht | Koonings<\/title>\n<meta name=\"description\" content=\"Vous cherchez la mode nuptiale \u00e0 Maastricht ? \u00c0 15 minutes de route de Maastricht, vous trouverez la plus grande collection de robes de mari\u00e9e du Limbourg.\" \/>\n<meta name=\"robots\" content=\"index, follow, max-snippet:-1, max-image-preview:large, max-video-preview:-1\" \/>\n<link rel=\"canonical\" href=\"https:\/\/www.koonings.com\/fr\/inspiration\/mode-nuptiale-a-maastricht\/\" \/>\n<meta property=\"og:locale\" content=\"fr_FR\" \/>\n<meta property=\"og:type\" content=\"article\" \/>\n<meta property=\"og:title\" content=\"Mode nuptiale \u00e0 Maastricht | Koonings\" \/>\n<meta property=\"og:description\" content=\"Vous cherchez la mode nuptiale \u00e0 Maastricht ? \u00c0 15 minutes de route de Maastricht, vous trouverez la plus grande collection de robes de mari\u00e9e du Limbourg.\" \/>\n<meta property=\"og:url\" content=\"https:\/\/www.koonings.com\/fr\/inspiration\/mode-nuptiale-a-maastricht\/\" \/>\n<meta property=\"og:site_name\" content=\"Koonings\" \/>\n<meta property=\"article:publisher\" content=\"https:\/\/www.facebook.com\/kooningstheweddingpalace\" \/>\n<meta property=\"article:modified_time\" content=\"2025-09-29T10:19:13+00:00\" \/>\n<meta property=\"og:image\" content=\"https:\/\/www.koonings.com\/wp-content\/uploads\/2024\/06\/palace-hero-screenshot-1024x575.png\" \/>\n\t<meta property=\"og:image:width\" content=\"1024\" \/>\n\t<meta property=\"og:image:height\" content=\"575\" \/>\n\t<meta property=\"og:image:type\" content=\"image\/png\" \/>\n<meta name=\"twitter:card\" content=\"summary_large_image\" \/>\n<meta name=\"twitter:label1\" content=\"Dur\u00e9e de lecture estim\u00e9e\" \/>\n\t<meta name=\"twitter:data1\" content=\"3 minutes\" \/>\n<script type=\"application\/ld+json\" class=\"yoast-schema-graph\">{\"@context\":\"https:\\\/\\\/schema.org\",\"@graph\":[{\"@type\":\"WebPage\",\"@id\":\"https:\\\/\\\/www.koonings.com\\\/fr\\\/inspiration\\\/mode-nuptiale-a-maastricht\\\/\",\"url\":\"https:\\\/\\\/www.koonings.com\\\/fr\\\/inspiration\\\/mode-nuptiale-a-maastricht\\\/\",\"name\":\"Mode nuptiale \u00e0 Maastricht | Koonings\",\"isPartOf\":{\"@id\":\"https:\\\/\\\/www.koonings.com\\\/fr\\\/#website\"},\"datePublished\":\"2025-01-10T12:36:17+00:00\",\"dateModified\":\"2025-09-29T10:19:13+00:00\",\"description\":\"Vous cherchez la mode nuptiale \u00e0 Maastricht ? \u00c0 15 minutes de route de Maastricht, vous trouverez la plus grande collection de robes de mari\u00e9e du Limbourg.\",\"breadcrumb\":{\"@id\":\"https:\\\/\\\/www.koonings.com\\\/fr\\\/inspiration\\\/mode-nuptiale-a-maastricht\\\/#breadcrumb\"},\"inLanguage\":\"fr-FR\",\"potentialAction\":[{\"@type\":\"ReadAction\",\"target\":[\"https:\\\/\\\/www.koonings.com\\\/fr\\\/inspiration\\\/mode-nuptiale-a-maastricht\\\/\"]}]},{\"@type\":\"BreadcrumbList\",\"@id\":\"https:\\\/\\\/www.koonings.com\\\/fr\\\/inspiration\\\/mode-nuptiale-a-maastricht\\\/#breadcrumb\",\"itemListElement\":[{\"@type\":\"ListItem\",\"position\":1,\"name\":\"Home\",\"item\":\"https:\\\/\\\/www.koonings.com\\\/fr\\\/\"},{\"@type\":\"ListItem\",\"position\":2,\"name\":\"Inspiration\",\"item\":\"https:\\\/\\\/www.koonings.com\\\/fr\\\/inspiration\\\/\"},{\"@type\":\"ListItem\",\"position\":3,\"name\":\"Mode nuptiale \u00e0 Maastricht\"}]},{\"@type\":\"WebSite\",\"@id\":\"https:\\\/\\\/www.koonings.com\\\/fr\\\/#website\",\"url\":\"https:\\\/\\\/www.koonings.com\\\/fr\\\/\",\"name\":\"Koonings\",\"description\":\"De grootste bruidsmodewinkel ter wereld\",\"publisher\":{\"@id\":\"https:\\\/\\\/www.koonings.com\\\/fr\\\/#organization\"},\"potentialAction\":[{\"@type\":\"SearchAction\",\"target\":{\"@type\":\"EntryPoint\",\"urlTemplate\":\"https:\\\/\\\/www.koonings.com\\\/fr\\\/?s={search_term_string}\"},\"query-input\":{\"@type\":\"PropertyValueSpecification\",\"valueRequired\":true,\"valueName\":\"search_term_string\"}}],\"inLanguage\":\"fr-FR\"},{\"@type\":\"Organization\",\"@id\":\"https:\\\/\\\/www.koonings.com\\\/fr\\\/#organization\",\"name\":\"Koonings\",\"url\":\"https:\\\/\\\/www.koonings.com\\\/fr\\\/\",\"logo\":{\"@type\":\"ImageObject\",\"inLanguage\":\"fr-FR\",\"@id\":\"https:\\\/\\\/www.koonings.com\\\/fr\\\/#\\\/schema\\\/logo\\\/image\\\/\",\"url\":\"https:\\\/\\\/www.koonings.com\\\/wp-content\\\/uploads\\\/2024\\\/07\\\/logo.png\",\"contentUrl\":\"https:\\\/\\\/www.koonings.com\\\/wp-content\\\/uploads\\\/2024\\\/07\\\/logo.png\",\"width\":600,\"height\":428,\"caption\":\"Koonings\"},\"image\":{\"@id\":\"https:\\\/\\\/www.koonings.com\\\/fr\\\/#\\\/schema\\\/logo\\\/image\\\/\"},\"sameAs\":[\"https:\\\/\\\/www.facebook.com\\\/kooningstheweddingpalace\",\"https:\\\/\\\/www.instagram.com\\\/kooningstheweddingpalace\",\"https:\\\/\\\/www.pinterest.com\\\/koonings\",\"https:\\\/\\\/www.youtube.com\\\/kooningstheweddingpalace\"]}]}<\/script>\n<!-- \/ Yoast SEO plugin. -->","yoast_head_json":{"title":"Mode nuptiale \u00e0 Maastricht | Koonings","description":"Vous cherchez la mode nuptiale \u00e0 Maastricht ? \u00c0 15 minutes de route de Maastricht, vous trouverez la plus grande collection de robes de mari\u00e9e du Limbourg.","robots":{"index":"index","follow":"follow","max-snippet":"max-snippet:-1","max-image-preview":"max-image-preview:large","max-video-preview":"max-video-preview:-1"},"canonical":"https:\/\/www.koonings.com\/fr\/inspiration\/mode-nuptiale-a-maastricht\/","og_locale":"fr_FR","og_type":"article","og_title":"Mode nuptiale \u00e0 Maastricht | Koonings","og_description":"Vous cherchez la mode nuptiale \u00e0 Maastricht ? \u00c0 15 minutes de route de Maastricht, vous trouverez la plus grande collection de robes de mari\u00e9e du Limbourg.","og_url":"https:\/\/www.koonings.com\/fr\/inspiration\/mode-nuptiale-a-maastricht\/","og_site_name":"Koonings","article_publisher":"https:\/\/www.facebook.com\/kooningstheweddingpalace","article_modified_time":"2025-09-29T10:19:13+00:00","og_image":[{"width":1024,"height":575,"url":"https:\/\/www.koonings.com\/wp-content\/uploads\/2024\/06\/palace-hero-screenshot-1024x575.png","type":"image\/png"}],"twitter_card":"summary_large_image","twitter_misc":{"Dur\u00e9e de lecture estim\u00e9e":"3 minutes"},"schema":{"@context":"https:\/\/schema.org","@graph":[{"@type":"WebPage","@id":"https:\/\/www.koonings.com\/fr\/inspiration\/mode-nuptiale-a-maastricht\/","url":"https:\/\/www.koonings.com\/fr\/inspiration\/mode-nuptiale-a-maastricht\/","name":"Mode nuptiale \u00e0 Maastricht | Koonings","isPartOf":{"@id":"https:\/\/www.koonings.com\/fr\/#website"},"datePublished":"2025-01-10T12:36:17+00:00","dateModified":"2025-09-29T10:19:13+00:00","description":"Vous cherchez la mode nuptiale \u00e0 Maastricht ? \u00c0 15 minutes de route de Maastricht, vous trouverez la plus grande collection de robes de mari\u00e9e du Limbourg.","breadcrumb":{"@id":"https:\/\/www.koonings.com\/fr\/inspiration\/mode-nuptiale-a-maastricht\/#breadcrumb"},"inLanguage":"fr-FR","potentialAction":[{"@type":"ReadAction","target":["https:\/\/www.koonings.com\/fr\/inspiration\/mode-nuptiale-a-maastricht\/"]}]},{"@type":"BreadcrumbList","@id":"https:\/\/www.koonings.com\/fr\/inspiration\/mode-nuptiale-a-maastricht\/#breadcrumb","itemListElement":[{"@type":"ListItem","position":1,"name":"Home","item":"https:\/\/www.koonings.com\/fr\/"},{"@type":"ListItem","position":2,"name":"Inspiration","item":"https:\/\/www.koonings.com\/fr\/inspiration\/"},{"@type":"ListItem","position":3,"name":"Mode nuptiale \u00e0 Maastricht"}]},{"@type":"WebSite","@id":"https:\/\/www.koonings.com\/fr\/#website","url":"https:\/\/www.koonings.com\/fr\/","name":"Koonings","description":"De grootste bruidsmodewinkel ter wereld","publisher":{"@id":"https:\/\/www.koonings.com\/fr\/#organization"},"potentialAction":[{"@type":"SearchAction","target":{"@type":"EntryPoint","urlTemplate":"https:\/\/www.koonings.com\/fr\/?s={search_term_string}"},"query-input":{"@type":"PropertyValueSpecification","valueRequired":true,"valueName":"search_term_string"}}],"inLanguage":"fr-FR"},{"@type":"Organization","@id":"https:\/\/www.koonings.com\/fr\/#organization","name":"Koonings","url":"https:\/\/www.koonings.com\/fr\/","logo":{"@type":"ImageObject","inLanguage":"fr-FR","@id":"https:\/\/www.koonings.com\/fr\/#\/schema\/logo\/image\/","url":"https:\/\/www.koonings.com\/wp-content\/uploads\/2024\/07\/logo.png","contentUrl":"https:\/\/www.koonings.com\/wp-content\/uploads\/2024\/07\/logo.png","width":600,"height":428,"caption":"Koonings"},"image":{"@id":"https:\/\/www.koonings.com\/fr\/#\/schema\/logo\/image\/"},"sameAs":["https:\/\/www.facebook.com\/kooningstheweddingpalace","https:\/\/www.instagram.com\/kooningstheweddingpalace","https:\/\/www.pinterest.com\/koonings","https:\/\/www.youtube.com\/kooningstheweddingpalace"]}]}},"_links":{"self":[{"href":"https:\/\/www.koonings.com\/fr\/wp-json\/wp\/v2\/pages\/98617","targetHints":{"allow":["GET"]}}],"collection":[{"href":"https:\/\/www.koonings.com\/fr\/wp-json\/wp\/v2\/pages"}],"about":[{"href":"https:\/\/www.koonings.com\/fr\/wp-json\/wp\/v2\/types\/page"}],"author":[{"embeddable":true,"href":"https:\/\/www.koonings.com\/fr\/wp-json\/wp\/v2\/users\/2"}],"replies":[{"embeddable":true,"href":"https:\/\/www.koonings.com\/fr\/wp-json\/wp\/v2\/comments?post=98617"}],"version-history":[{"count":1,"href":"https:\/\/www.koonings.com\/fr\/wp-json\/wp\/v2\/pages\/98617\/revisions"}],"predecessor-version":[{"id":98618,"href":"https:\/\/www.koonings.com\/fr\/wp-json\/wp\/v2\/pages\/98617\/revisions\/98618"}],"up":[{"embeddable":true,"href":"https:\/\/www.koonings.com\/fr\/wp-json\/wp\/v2\/pages\/16224"}],"wp:attachment":[{"href":"https:\/\/www.koonings.com\/fr\/wp-json\/wp\/v2\/media?parent=98617"}],"curies":[{"name":"wp","href":"https:\/\/api.w.org\/{rel}","templated":true}]}}