{"id":98578,"date":"2025-01-09T17:02:13","date_gmt":"2025-01-09T16:02:13","guid":{"rendered":"https:\/\/www.koonings.com\/inspiration\/la-mode-nuptiale-dans-le-limbourg-du-sud\/"},"modified":"2025-09-29T12:14:40","modified_gmt":"2025-09-29T10:14:40","slug":"la-mode-nuptiale-dans-le-limbourg-du-sud","status":"publish","type":"page","link":"https:\/\/www.koonings.com\/fr\/inspiration\/la-mode-nuptiale-dans-le-limbourg-du-sud\/","title":{"rendered":"La mode nuptiale dans le Limbourg du Sud"},"content":{"rendered":"\r\n\r\n<div class=\"eye-element fullwidth-row alignfull style-both bg--none  alignfull \" style=\" \">\r\n\r\n    <div class=\"container\">\r\n        <div class=\"row\">\r\n            <div class=\"col-12\">\r\n                <div class=\"acf-innerblocks-container\">\n\n<h1 class=\"wp-block-heading has-text-align-center\" id=\"bruidsmode-in-zuid-limburg\">La mode nuptiale dans le Limbourg du Sud<\/h1>\n\n\n\n<p class=\"has-text-align-center\">Bienvenue \u00e0 <a href=\"https:\/\/www.koonings.com\/fr\/valkenburg\/\">Koonings The Wedding Castle<\/a>, le plus grand et le plus charmant magasin de mariage du Limbourg m\u00e9ridional. Dans le quartier historique de Kasteel Oost \u00e0 Valkenburg, une exp\u00e9rience in\u00e9gal\u00e9e attend chaque future mari\u00e9e. Avec une <a href=\"https:\/\/www.koonings.com\/fr\/mariee\/robes-de-mariee\/\">collection de robes de mari\u00e9e \u00e0 couper le souffle<\/a> et une \u00e9quipe de stylistes exp\u00e9riment\u00e9s, nous vous aiderons \u00e0 trouver la robe de mari\u00e9e parfaite. Que vous veniez du Limbourg, du Limbourg du Sud ou de l&#8217;une des villes environnantes, Koonings est votre destination pour tout ce qui concerne le mariage.   <\/p>\n\n\n\r\n<div class=\"eye-element bsbutton text-center \" >\r\n\t        <a class=\"btn btn-gold\" href=\"\/afspraak-maken\"\r\n           target=\"\">Prenez rendez-vous<\/a>\r\n\t<\/div>\n<\/div>\r\n            <\/div>\r\n        <\/div>\r\n    <\/div>\r\n\r\n<\/div>\r\n\r\n    \r\n\r\n<div class=\"eye-element fullwidth-row alignfull style-both bg--none  alignfull \" style=\" \">\r\n\r\n    <div class=\"container\">\r\n        <div class=\"row\">\r\n            <div class=\"col-12\">\r\n                <div class=\"acf-innerblocks-container\">\n\n<div class=\"ghostkit-grid ghostkit-grid-gap-md\"><div class=\"ghostkit-grid-inner\">\n<div class=\"ghostkit-col ghostkit-col-md-12 ghostkit-col-6\"><div class=\"ghostkit-col-content is-layout-flow wp-block-ghostkit-grid-column-is-layout-flow\">\n<h2 class=\"wp-block-heading\" id=\"de-grootste-collectie-van-limburg\">La plus grande collection du Limbourg<\/h2>\n\n\n\n<p>Chez Koonings The Wedding Castle, vous trouverez la plus grande collection de robes de mari\u00e9e du Limbourg. En tant que membre de Koonings, nous apportons avec nous des ann\u00e9es de connaissances et d&#8217;exp\u00e9rience dans le monde du mariage. Koonings est un nom familier dans le secteur, connu gr\u00e2ce \u00e0 des \u00e9missions telles que <em>Say Yes to the Dress (Dites oui \u00e0 la robe)<\/em> et <em>Married at First Sight (Mari\u00e9s au premier regard<\/em>). En fait, notre site principal \u00e0 Deurne est le plus grand magasin de mariage au monde. Dans le nouvel \u00e9tablissement de Koonings \u00e0 Valkenburg, vous recevrez le m\u00eame service in\u00e9gal\u00e9 et la m\u00eame expertise que les mari\u00e9es attendent de Koonings.    <\/p>\n\n\n\n<p>Koonings est dirig\u00e9 par <a href=\"https:\/\/www.koonings.com\/fr\/a-propos-de-nous\/ramona-koonings\/\">Ramona Koonings<\/a>, une entrepreneuse passionn\u00e9e et exp\u00e9riment\u00e9e dans le domaine de la mode nuptiale. Outre son travail de propri\u00e9taire, elle con\u00e7oit \u00e9galement sa propre ligne de robes de mari\u00e9e, qui sont disponibles exclusivement chez Koonings. Ses cr\u00e9ations refl\u00e8tent son engagement en faveur de la qualit\u00e9, du style et des besoins uniques de chaque mari\u00e9e.  <\/p>\n\n\n\r\n<div class=\"eye-element bsbutton text-start \" >\r\n\t        <a class=\"btn btn-primary\" href=\"\/bruid\/trouwjurken\"\r\n           target=\"\">Voir la collection de robes de mari\u00e9e<\/a>\r\n\t<\/div><\/div><\/div>\n\n\n\n<div class=\"ghostkit-col ghostkit-col-md-12 ghostkit-col-6\"><div class=\"ghostkit-col-content is-layout-flow wp-block-ghostkit-grid-column-is-layout-flow\">\r\n<div class=\"eye-element images style-default variant-1 multi-image\">\r\n\r\n\t        <div class=\"composition\">\r\n\t\t\t                <div class=\"image-0\">\r\n                    <img decoding=\"async\" class=\"img-fluid\" src=\"https:\/\/www.koonings.com\/wp-content\/uploads\/2024\/07\/foto1bWDS_9275-205x300.jpg\" srcset=\"https:\/\/www.koonings.com\/wp-content\/uploads\/2024\/07\/foto1bWDS_9275-205x300.jpg 205w, https:\/\/www.koonings.com\/wp-content\/uploads\/2024\/07\/foto1bWDS_9275-699x1024.jpg 699w, https:\/\/www.koonings.com\/wp-content\/uploads\/2024\/07\/foto1bWDS_9275-768x1124.jpg 768w, https:\/\/www.koonings.com\/wp-content\/uploads\/2024\/07\/foto1bWDS_9275-1049x1536.jpg 1049w, https:\/\/www.koonings.com\/wp-content\/uploads\/2024\/07\/foto1bWDS_9275-1399x2048.jpg 1399w, https:\/\/www.koonings.com\/wp-content\/uploads\/2024\/07\/foto1bWDS_9275-scaled.jpg 1748w\" alt=\"\">\r\n                <\/div>\r\n\t\t\t\r\n            <div class=\"swiper images-swiper\">\r\n\r\n\t\t\t\t\r\n                <div class=\"swiper-wrapper\">\r\n\t\t\t\t\t                        <li class=\"swiper-slide\">\r\n                            <img decoding=\"async\" class=\" img-fluid\" src=\"https:\/\/www.koonings.com\/wp-content\/uploads\/2024\/07\/foto1WDS_0170-kopie-1024x683.jpg\" srcset=\"https:\/\/www.koonings.com\/wp-content\/uploads\/2024\/07\/foto1WDS_0170-kopie-scaled.jpg\" alt=\"\">\r\n                        <\/li>\r\n\t\t\t\t\t                <\/div>\r\n\r\n                <div class=\"swiper-pagination\"><\/div>\r\n\r\n                <div class=\"swiper-button-prev\"><\/div>\r\n                <div class=\"swiper-button-next\"><\/div>\r\n\r\n            <\/div>\r\n\r\n        <\/div>\r\n\t\r\n\t<\/div><\/div><\/div>\n<\/div><\/div>\n\n<\/div>\r\n            <\/div>\r\n        <\/div>\r\n    <\/div>\r\n\r\n<\/div>\r\n\r\n    \r\n\r\n<div class=\"eye-element fullwidth-row alignfull style-both bg--lightgray  alignfull \" style=\" \">\r\n\r\n    <div class=\"container\">\r\n        <div class=\"row\">\r\n            <div class=\"col-12\">\r\n                <div class=\"acf-innerblocks-container\">\n\n<h2 class=\"wp-block-heading has-text-align-center\" id=\"de-perfecte-bruidsjurk-in-zuid-limburg\">La robe de mari\u00e9e parfaite dans le Limbourg m\u00e9ridional<\/h2>\n\n\n\n<p class=\"has-text-align-center\">Chez Koonings The Wedding Castle, tout tourne autour de vous. Notre ch\u00e2teau de Valkenburg offre un cadre magique o\u00f9 vous pouvez essayer des robes de mari\u00e9e \u00e0 votre guise et d\u00e9couvrir votre style unique. Que vous r\u00eaviez d&#8217;une robe de princesse classique, d&#8217;une robe moderne et \u00e9l\u00e9gante ou de quelque chose entre les deux. Gr\u00e2ce \u00e0 un <a href=\"https:\/\/www.koonings.com\/fr\/creez-un-tableau-dhumeur\/\">tableau d&#8217;id\u00e9es de robes de mari\u00e9e<\/a> \u00e9labor\u00e9 par vos soins, nous savons exactement ce que vous recherchez. Et gr\u00e2ce \u00e0 notre vaste collection et \u00e0 l&#8217;acc\u00e8s aux 4 500 robes suppl\u00e9mentaires dans notre magasin de Deurne, vous \u00eates assur\u00e9e de trouver la robe de vos r\u00eaves parmi toutes les grandes marques et les mod\u00e8les exclusifs.      <\/p>\n\n\n\n<p class=\"has-text-align-center\">Gr\u00e2ce \u00e0 notre situation dans le sud du Limbourg, nous sommes accessibles aux futurs mari\u00e9s de toute la r\u00e9gion. Non seulement les mari\u00e9es de Maastricht, Heerlen et Landgraaf, mais aussi celles de Li\u00e8ge et de plusieurs villes allemandes savent comment nous trouver. <\/p>\n\n\n\r\n<div class=\"eye-element bsbutton text-center \" >\r\n\t        <a class=\"btn btn-primary\" href=\"\/moodboard-maken\/\"\r\n           target=\"\">Cr\u00e9ez votre propre tableau d&#8217;humeur<\/a>\r\n\t<\/div>\n<\/div>\r\n            <\/div>\r\n        <\/div>\r\n    <\/div>\r\n\r\n<\/div>\r\n\r\n    \r\n\r\n<div class=\"eye-element fullwidth-row alignfull style-both bg--none  alignfull \" style=\" \">\r\n\r\n    <div class=\"container\">\r\n        <div class=\"row\">\r\n            <div class=\"col-12\">\r\n                <div class=\"acf-innerblocks-container\">\n\n<h2 class=\"wp-block-heading\" id=\"waarom-koonings-in-valkenburg\">Pourquoi Koonings \u00e0 Valkenburg ?<\/h2>\n\n\n\n<div class=\"ghostkit-grid ghostkit-grid-gap-md\"><div class=\"ghostkit-grid-inner\">\n<div class=\"ghostkit-col ghostkit-col-lg-12 ghostkit-col-2 is-layout-flow wp-block-ghostkit-grid-column-is-layout-flow\"><div class=\"ghostkit-col-content\"><\/div><\/div>\n\n\n\n<div class=\"ghostkit-col ghostkit-col-lg-12 ghostkit-col-8\"><div class=\"ghostkit-col-content is-layout-flow wp-block-ghostkit-grid-column-is-layout-flow\">\n<ol start=\"1\" class=\"wp-block-list\">\n<li><strong>Un lieu unique<\/strong>: Notre magasin de mode nuptiale \u00e0 Valkenburg n&#8217;est pas seulement un magasin, mais une exp\u00e9rience inoubliable o\u00f9 vous pouvez \u00e9galement d\u00eener au <a href=\"https:\/\/monrevevalkenburg.com\/\" target=\"_blank\" rel=\"noreferrer noopener\">restaurant de luxe Mon R\u00eave<\/a>, passer la nuit \u00e0 l&#8217;h\u00f4tel Kasteel Oost ou m\u00eame c\u00e9l\u00e9brer votre mariage. Situ\u00e9 au c\u0153ur du Limbourg m\u00e9ridional, cet endroit respire le romantisme et la grandeur. <\/li>\n\n\n\n<li><strong>La plus vaste collection<\/strong>: avec des milliers de robes de mari\u00e9e de marques r\u00e9put\u00e9es, nous avons quelque chose de beau pour toutes les mari\u00e9es.<\/li>\n\n\n\n<li><strong>Des stylistes experts<\/strong>: Notre \u00e9quipe est pr\u00eate \u00e0 vous guider depuis votre premier rendez-vous jusqu&#8217;au moment o\u00f9 vous trouverez la robe de vos r\u00eaves.<\/li>\n\n\n\n<li><strong>Accessibilit\u00e9<\/strong>: Notre magasin de mariage \u00e0 Valkenburg est facilement accessible depuis tout le Limbourg et les r\u00e9gions avoisinantes.<\/li>\n\n\n\n<li><strong>Exp\u00e9rience<\/strong>: En tant que membre de Koonings, nous apportons au Limbourg du Sud l&#8217;expertise du plus grand magasin de mode nuptiale au monde.<\/li>\n\n\n\n<li><strong>Des mod\u00e8les exclusifs<\/strong>: Gr\u00e2ce \u00e0 la <a href=\"https:\/\/www.koonings.com\/fr\/mariee\/robes-de-mariee\/?supplier=ramona-koonings-couture\">ligne de robes de mari\u00e9e de Ramona Koonings<\/a>, nous proposons des choix uniques et \u00e9l\u00e9gants pour toutes les mari\u00e9es.<\/li>\n<\/ol>\n<\/div><\/div>\n\n\n\n<div class=\"ghostkit-col ghostkit-col-lg-12 ghostkit-col-2 is-layout-flow wp-block-ghostkit-grid-column-is-layout-flow\"><div class=\"ghostkit-col-content\"><\/div><\/div>\n<\/div><\/div>\n\n<\/div>\r\n            <\/div>\r\n        <\/div>\r\n    <\/div>\r\n\r\n<\/div>\r\n\r\n    \r\n\r\n<div class=\"eye-element fullwidth-row alignfull style-both bg--none  alignfull \" style=\" \">\r\n\r\n    <div class=\"container\">\r\n        <div class=\"row\">\r\n            <div class=\"col-12\">\r\n                <div class=\"acf-innerblocks-container\">\n\n<h2 class=\"wp-block-heading\" id=\"bruidsmode-voor-elke-bruid\">La mode nuptiale pour toutes les mari\u00e9es<\/h2>\n\n\n\n<p>Notre collection est con\u00e7ue pour convenir \u00e0 tous les styles et \u00e0 toutes les pr\u00e9f\u00e9rences. De l&#8217;\u00e9l\u00e9gance intemporelle au <a href=\"https:\/\/www.koonings.com\/fr\/mariee\/robes-de-mariee\/\">chic boh\u00e8me<\/a>, nous avons des robes qui conviennent \u00e0 toutes les personnalit\u00e9s et \u00e0 tous les th\u00e8mes de mariage. Nous proposons \u00e9galement des accessoires tels que des voiles, des bijoux et des chaussures pour compl\u00e9ter votre look. Les futures mari\u00e9es du Limbourg du Sud, de Valkenburg et du reste du Limbourg peuvent compter sur une exp\u00e9rience personnalis\u00e9e et luxueuse chez Koonings.   <\/p>\n\n\n\n<h3 class=\"wp-block-heading\" id=\"bruidsmode-maastricht\">Mode nuptiale Maastricht<\/h3>\n\n\n\n<p>Vous \u00eates \u00e0 la recherche d&#8217;une <a href=\"https:\/\/www.koonings.com\/inspiratie\/bruidsmode-in-maastricht\/\">mode nuptiale \u00e0 Maastricht<\/a>? Koonings The Wedding Castle \u00e0 Valkenburg se trouve \u00e0 15 minutes de route de Maastricht. Gr\u00e2ce \u00e0 notre emplacement unique et \u00e0 notre vaste collection, nous sommes un choix populaire pour les mari\u00e9es de cette belle ville. D\u00e9couvrez comment nous pouvons vous aider \u00e0 trouver la robe de vos r\u00eaves et prenez rendez-vous d\u00e8s aujourd&#8217;hui.   <br\/><\/p>\n\n\n\n<h3 class=\"wp-block-heading\" id=\"bruidswinkel-in-de-buurt-van-heerlen\">Magasin de mariage pr\u00e8s de Heerlen<\/h3>\n\n\n\n<p>Pour les mari\u00e9es \u00e0 la recherche d&#8217;un <a href=\"https:\/\/www.koonings.com\/inspiratie\/bruidswinkel-heerlen\/\">magasin de robes de mari\u00e9e \u00e0 Heerlen<\/a>, Koonings offre le m\u00e9lange parfait de style et de service. \u00c0 seulement 20 minutes de Valkenburg, \u00e0 Kasteel Oost, vous trouverez la plus grande collection de robes de mari\u00e9e du Limbourg. Laissez-vous inspirer par notre collection exclusive et profitez d&#8217;une journ\u00e9e pleine d&#8217;attention personnelle.  <\/p>\n\n\n\n<h3 class=\"wp-block-heading\" id=\"bruidsmode-nabij-landgraaf\">Mode nuptiale pr\u00e8s de Landgraaf<\/h3>\n\n\n\n<p>Vous r\u00eavez d&#8217;une robe de mari\u00e9e qui refl\u00e8te votre style ? Koonings est l&#8217;endroit id\u00e9al pour la <a href=\"https:\/\/www.koonings.com\/fr\/inspiration\/magasin-de-mariage-landgraaf\/\">mode nuptiale \u00e0 Landgraaf<\/a>. \u00c0 quelques minutes de route de Valkenburg, vous trouverez un choix in\u00e9gal\u00e9 de robes de mari\u00e9e dans l&#8217;atmosph\u00e8re enchanteresse de Kasteel Oost.  <\/p>\n\n\n\n<h3 class=\"wp-block-heading\" id=\"bruidsmode-bij-luik\">Mode nuptiale pr\u00e8s de Li\u00e8ge<\/h3>\n\n\n\n<p>La <a href=\"https:\/\/www.koonings.com\/inspiratie\/bruidswinkel-luik\/\">mode nuptiale Koonings est \u00e9galement un excellent choix pour les mari\u00e9es de Li\u00e8ge<\/a>, en Belgique. Il suffit d&#8217;une demi-heure de route pour se retrouver dans notre magasin de mariage de conte de f\u00e9es \u00e0 Valkenburg. D\u00e9couvrez pourquoi tant de mari\u00e9es de Li\u00e8ge choisissent Koonings.  <\/p>\n\n\n\n<h3 class=\"wp-block-heading\" id=\"bruidsmode-geleen\">Mariage Geleen<\/h3>\n\n\n\n<p>Vous cherchez un <a href=\"https:\/\/www.koonings.com\/fr\/inspiration\/mode-nuptiale-a-geleen\/\">magasin de mode nuptiale \u00e0 Geleen<\/a>? \u00c0 25 minutes de route, dans la belle ville de Valkenburg, vous trouverez le magasin de mode nuptiale Koonings The Wedding Castle, situ\u00e9 dans l&#8217;atmosph\u00e8re du Kasteel Oost. Vous y d\u00e9couvrirez la plus grande collection de mode nuptiale du Limbourg et pourrez chercher la robe de vos r\u00eaves dans un cadre enchanteur.  <\/p>\n\n\n\n<h3 class=\"wp-block-heading\" id=\"bruidswinkel-nabij-roermond\">Magasin de mariage pr\u00e8s de Roermond<\/h3>\n\n\n\n<p>Vous cherchez un <a href=\"https:\/\/www.koonings.com\/fr\/inspiration\/magasin-de-mariage-roermond\/\">magasin de mariage \u00e0 Roermond<\/a>? En 35 minutes, vous serez face \u00e0 la plus grande collection de mode nuptiale du Limbourg. Dans le pittoresque Valkenburg, le magasin de robes de mari\u00e9e Koonings The Wedding Castle est situ\u00e9 dans le majestueux Kasteel Oost. Vous y trouverez certainement la robe de mari\u00e9e de vos r\u00eaves.   <\/p>\n\n\n\r\n\r\n<div class=\"eye-element fullwidth-row alignfull style-both bg--none  alignfull \" style=\" \">\r\n\r\n    <div class=\"container\">\r\n        <div class=\"row\">\r\n            <div class=\"col-12\">\r\n                <div class=\"acf-innerblocks-container\">\n\n<h2 class=\"wp-block-heading has-text-align-center\" id=\"plan-jouw-pasafspraak\">Planifiez votre rendez-vous d&#8217;essayage<\/h2>\n\n\n\n<p class=\"has-text-align-center\">Chez Koonings The Wedding Castle, nous faisons de votre recherche de la robe de mari\u00e9e parfaite une exp\u00e9rience inoubliable. Que vous veniez de Maastricht, Heerlen, Landgraaf ou Li\u00e8ge, nous sommes pr\u00eats \u00e0 vous aider \u00e0 briller le jour de votre mariage. Prenez rendez-vous d\u00e8s aujourd&#8217;hui et d\u00e9couvrez pourquoi nous sommes le meilleur choix pour la mode nuptiale dans le sud du Limbourg.  <\/p>\n\n\n\r\n<div class=\"eye-element bsbutton text-center \" >\r\n\t        <a class=\"btn btn-gold\" href=\"\/afspraak-maken\"\r\n           target=\"\">Prenez rendez-vous<\/a>\r\n\t<\/div>\n<\/div>\r\n            <\/div>\r\n        <\/div>\r\n    <\/div>\r\n\r\n<\/div>\r\n\r\n    \n<\/div>\r\n            <\/div>\r\n        <\/div>\r\n    <\/div>\r\n\r\n<\/div>\r\n\r\n    ","protected":false},"excerpt":{"rendered":"","protected":false},"author":2,"featured_media":0,"parent":16224,"menu_order":0,"comment_status":"closed","ping_status":"closed","template":"","meta":{"_acf_changed":false,"ghostkit_customizer_options":"","ghostkit_custom_css":"","ghostkit_custom_js_head":"","ghostkit_custom_js_foot":"","ghostkit_typography":"","footnotes":""},"class_list":["post-98578","page","type-page","status-publish","hentry"],"acf":[],"yoast_head":"<!-- This site is optimized with the Yoast SEO plugin v27.3 - https:\/\/yoast.com\/product\/yoast-seo-wordpress\/ -->\n<title>La mode nuptiale dans le Limbourg du Sud | Koonings<\/title>\n<meta name=\"description\" content=\"Vous \u00eates originaire du Limbourg, du Limbourg du Sud ou de l&#039;une des villes environnantes ? Koonings est votre destination pour tout ce qui concerne le mariage.\" \/>\n<meta name=\"robots\" content=\"index, follow, max-snippet:-1, max-image-preview:large, max-video-preview:-1\" \/>\n<link rel=\"canonical\" href=\"https:\/\/www.koonings.com\/fr\/inspiration\/la-mode-nuptiale-dans-le-limbourg-du-sud\/\" \/>\n<meta property=\"og:locale\" content=\"fr_FR\" \/>\n<meta property=\"og:type\" content=\"article\" \/>\n<meta property=\"og:title\" content=\"La mode nuptiale dans le Limbourg du Sud | Koonings\" \/>\n<meta property=\"og:description\" content=\"Vous \u00eates originaire du Limbourg, du Limbourg du Sud ou de l&#039;une des villes environnantes ? Koonings est votre destination pour tout ce qui concerne le mariage.\" \/>\n<meta property=\"og:url\" content=\"https:\/\/www.koonings.com\/fr\/inspiration\/la-mode-nuptiale-dans-le-limbourg-du-sud\/\" \/>\n<meta property=\"og:site_name\" content=\"Koonings\" \/>\n<meta property=\"article:publisher\" content=\"https:\/\/www.facebook.com\/kooningstheweddingpalace\" \/>\n<meta property=\"article:modified_time\" content=\"2025-09-29T10:14:40+00:00\" \/>\n<meta property=\"og:image\" content=\"https:\/\/www.koonings.com\/wp-content\/uploads\/2024\/06\/palace-hero-screenshot-1024x575.png\" \/>\n\t<meta property=\"og:image:width\" content=\"1024\" \/>\n\t<meta property=\"og:image:height\" content=\"575\" \/>\n\t<meta property=\"og:image:type\" content=\"image\/png\" \/>\n<meta name=\"twitter:card\" content=\"summary_large_image\" \/>\n<meta name=\"twitter:label1\" content=\"Dur\u00e9e de lecture estim\u00e9e\" \/>\n\t<meta name=\"twitter:data1\" content=\"6 minutes\" \/>\n<script type=\"application\/ld+json\" class=\"yoast-schema-graph\">{\"@context\":\"https:\\\/\\\/schema.org\",\"@graph\":[{\"@type\":\"WebPage\",\"@id\":\"https:\\\/\\\/www.koonings.com\\\/fr\\\/inspiration\\\/la-mode-nuptiale-dans-le-limbourg-du-sud\\\/\",\"url\":\"https:\\\/\\\/www.koonings.com\\\/fr\\\/inspiration\\\/la-mode-nuptiale-dans-le-limbourg-du-sud\\\/\",\"name\":\"La mode nuptiale dans le Limbourg du Sud | Koonings\",\"isPartOf\":{\"@id\":\"https:\\\/\\\/www.koonings.com\\\/fr\\\/#website\"},\"datePublished\":\"2025-01-09T16:02:13+00:00\",\"dateModified\":\"2025-09-29T10:14:40+00:00\",\"description\":\"Vous \u00eates originaire du Limbourg, du Limbourg du Sud ou de l'une des villes environnantes ? Koonings est votre destination pour tout ce qui concerne le mariage.\",\"breadcrumb\":{\"@id\":\"https:\\\/\\\/www.koonings.com\\\/fr\\\/inspiration\\\/la-mode-nuptiale-dans-le-limbourg-du-sud\\\/#breadcrumb\"},\"inLanguage\":\"fr-FR\",\"potentialAction\":[{\"@type\":\"ReadAction\",\"target\":[\"https:\\\/\\\/www.koonings.com\\\/fr\\\/inspiration\\\/la-mode-nuptiale-dans-le-limbourg-du-sud\\\/\"]}]},{\"@type\":\"BreadcrumbList\",\"@id\":\"https:\\\/\\\/www.koonings.com\\\/fr\\\/inspiration\\\/la-mode-nuptiale-dans-le-limbourg-du-sud\\\/#breadcrumb\",\"itemListElement\":[{\"@type\":\"ListItem\",\"position\":1,\"name\":\"Home\",\"item\":\"https:\\\/\\\/www.koonings.com\\\/fr\\\/\"},{\"@type\":\"ListItem\",\"position\":2,\"name\":\"Inspiration\",\"item\":\"https:\\\/\\\/www.koonings.com\\\/fr\\\/inspiration\\\/\"},{\"@type\":\"ListItem\",\"position\":3,\"name\":\"La mode nuptiale dans le Limbourg du Sud\"}]},{\"@type\":\"WebSite\",\"@id\":\"https:\\\/\\\/www.koonings.com\\\/fr\\\/#website\",\"url\":\"https:\\\/\\\/www.koonings.com\\\/fr\\\/\",\"name\":\"Koonings\",\"description\":\"De grootste bruidsmodewinkel ter wereld\",\"publisher\":{\"@id\":\"https:\\\/\\\/www.koonings.com\\\/fr\\\/#organization\"},\"potentialAction\":[{\"@type\":\"SearchAction\",\"target\":{\"@type\":\"EntryPoint\",\"urlTemplate\":\"https:\\\/\\\/www.koonings.com\\\/fr\\\/?s={search_term_string}\"},\"query-input\":{\"@type\":\"PropertyValueSpecification\",\"valueRequired\":true,\"valueName\":\"search_term_string\"}}],\"inLanguage\":\"fr-FR\"},{\"@type\":\"Organization\",\"@id\":\"https:\\\/\\\/www.koonings.com\\\/fr\\\/#organization\",\"name\":\"Koonings\",\"url\":\"https:\\\/\\\/www.koonings.com\\\/fr\\\/\",\"logo\":{\"@type\":\"ImageObject\",\"inLanguage\":\"fr-FR\",\"@id\":\"https:\\\/\\\/www.koonings.com\\\/fr\\\/#\\\/schema\\\/logo\\\/image\\\/\",\"url\":\"https:\\\/\\\/www.koonings.com\\\/wp-content\\\/uploads\\\/2024\\\/07\\\/logo.png\",\"contentUrl\":\"https:\\\/\\\/www.koonings.com\\\/wp-content\\\/uploads\\\/2024\\\/07\\\/logo.png\",\"width\":600,\"height\":428,\"caption\":\"Koonings\"},\"image\":{\"@id\":\"https:\\\/\\\/www.koonings.com\\\/fr\\\/#\\\/schema\\\/logo\\\/image\\\/\"},\"sameAs\":[\"https:\\\/\\\/www.facebook.com\\\/kooningstheweddingpalace\",\"https:\\\/\\\/www.instagram.com\\\/kooningstheweddingpalace\",\"https:\\\/\\\/www.pinterest.com\\\/koonings\",\"https:\\\/\\\/www.youtube.com\\\/kooningstheweddingpalace\"]}]}<\/script>\n<!-- \/ Yoast SEO plugin. -->","yoast_head_json":{"title":"La mode nuptiale dans le Limbourg du Sud | Koonings","description":"Vous \u00eates originaire du Limbourg, du Limbourg du Sud ou de l'une des villes environnantes ? Koonings est votre destination pour tout ce qui concerne le mariage.","robots":{"index":"index","follow":"follow","max-snippet":"max-snippet:-1","max-image-preview":"max-image-preview:large","max-video-preview":"max-video-preview:-1"},"canonical":"https:\/\/www.koonings.com\/fr\/inspiration\/la-mode-nuptiale-dans-le-limbourg-du-sud\/","og_locale":"fr_FR","og_type":"article","og_title":"La mode nuptiale dans le Limbourg du Sud | Koonings","og_description":"Vous \u00eates originaire du Limbourg, du Limbourg du Sud ou de l'une des villes environnantes ? Koonings est votre destination pour tout ce qui concerne le mariage.","og_url":"https:\/\/www.koonings.com\/fr\/inspiration\/la-mode-nuptiale-dans-le-limbourg-du-sud\/","og_site_name":"Koonings","article_publisher":"https:\/\/www.facebook.com\/kooningstheweddingpalace","article_modified_time":"2025-09-29T10:14:40+00:00","og_image":[{"width":1024,"height":575,"url":"https:\/\/www.koonings.com\/wp-content\/uploads\/2024\/06\/palace-hero-screenshot-1024x575.png","type":"image\/png"}],"twitter_card":"summary_large_image","twitter_misc":{"Dur\u00e9e de lecture estim\u00e9e":"6 minutes"},"schema":{"@context":"https:\/\/schema.org","@graph":[{"@type":"WebPage","@id":"https:\/\/www.koonings.com\/fr\/inspiration\/la-mode-nuptiale-dans-le-limbourg-du-sud\/","url":"https:\/\/www.koonings.com\/fr\/inspiration\/la-mode-nuptiale-dans-le-limbourg-du-sud\/","name":"La mode nuptiale dans le Limbourg du Sud | Koonings","isPartOf":{"@id":"https:\/\/www.koonings.com\/fr\/#website"},"datePublished":"2025-01-09T16:02:13+00:00","dateModified":"2025-09-29T10:14:40+00:00","description":"Vous \u00eates originaire du Limbourg, du Limbourg du Sud ou de l'une des villes environnantes ? Koonings est votre destination pour tout ce qui concerne le mariage.","breadcrumb":{"@id":"https:\/\/www.koonings.com\/fr\/inspiration\/la-mode-nuptiale-dans-le-limbourg-du-sud\/#breadcrumb"},"inLanguage":"fr-FR","potentialAction":[{"@type":"ReadAction","target":["https:\/\/www.koonings.com\/fr\/inspiration\/la-mode-nuptiale-dans-le-limbourg-du-sud\/"]}]},{"@type":"BreadcrumbList","@id":"https:\/\/www.koonings.com\/fr\/inspiration\/la-mode-nuptiale-dans-le-limbourg-du-sud\/#breadcrumb","itemListElement":[{"@type":"ListItem","position":1,"name":"Home","item":"https:\/\/www.koonings.com\/fr\/"},{"@type":"ListItem","position":2,"name":"Inspiration","item":"https:\/\/www.koonings.com\/fr\/inspiration\/"},{"@type":"ListItem","position":3,"name":"La mode nuptiale dans le Limbourg du Sud"}]},{"@type":"WebSite","@id":"https:\/\/www.koonings.com\/fr\/#website","url":"https:\/\/www.koonings.com\/fr\/","name":"Koonings","description":"De grootste bruidsmodewinkel ter wereld","publisher":{"@id":"https:\/\/www.koonings.com\/fr\/#organization"},"potentialAction":[{"@type":"SearchAction","target":{"@type":"EntryPoint","urlTemplate":"https:\/\/www.koonings.com\/fr\/?s={search_term_string}"},"query-input":{"@type":"PropertyValueSpecification","valueRequired":true,"valueName":"search_term_string"}}],"inLanguage":"fr-FR"},{"@type":"Organization","@id":"https:\/\/www.koonings.com\/fr\/#organization","name":"Koonings","url":"https:\/\/www.koonings.com\/fr\/","logo":{"@type":"ImageObject","inLanguage":"fr-FR","@id":"https:\/\/www.koonings.com\/fr\/#\/schema\/logo\/image\/","url":"https:\/\/www.koonings.com\/wp-content\/uploads\/2024\/07\/logo.png","contentUrl":"https:\/\/www.koonings.com\/wp-content\/uploads\/2024\/07\/logo.png","width":600,"height":428,"caption":"Koonings"},"image":{"@id":"https:\/\/www.koonings.com\/fr\/#\/schema\/logo\/image\/"},"sameAs":["https:\/\/www.facebook.com\/kooningstheweddingpalace","https:\/\/www.instagram.com\/kooningstheweddingpalace","https:\/\/www.pinterest.com\/koonings","https:\/\/www.youtube.com\/kooningstheweddingpalace"]}]}},"_links":{"self":[{"href":"https:\/\/www.koonings.com\/fr\/wp-json\/wp\/v2\/pages\/98578","targetHints":{"allow":["GET"]}}],"collection":[{"href":"https:\/\/www.koonings.com\/fr\/wp-json\/wp\/v2\/pages"}],"about":[{"href":"https:\/\/www.koonings.com\/fr\/wp-json\/wp\/v2\/types\/page"}],"author":[{"embeddable":true,"href":"https:\/\/www.koonings.com\/fr\/wp-json\/wp\/v2\/users\/2"}],"replies":[{"embeddable":true,"href":"https:\/\/www.koonings.com\/fr\/wp-json\/wp\/v2\/comments?post=98578"}],"version-history":[{"count":1,"href":"https:\/\/www.koonings.com\/fr\/wp-json\/wp\/v2\/pages\/98578\/revisions"}],"predecessor-version":[{"id":98579,"href":"https:\/\/www.koonings.com\/fr\/wp-json\/wp\/v2\/pages\/98578\/revisions\/98579"}],"up":[{"embeddable":true,"href":"https:\/\/www.koonings.com\/fr\/wp-json\/wp\/v2\/pages\/16224"}],"wp:attachment":[{"href":"https:\/\/www.koonings.com\/fr\/wp-json\/wp\/v2\/media?parent=98578"}],"curies":[{"name":"wp","href":"https:\/\/api.w.org\/{rel}","templated":true}]}}