{"id":98559,"date":"2025-05-21T16:41:31","date_gmt":"2025-05-21T14:41:31","guid":{"rendered":"https:\/\/www.koonings.com\/mariee\/chaussures-de-mariee\/"},"modified":"2025-09-29T12:10:04","modified_gmt":"2025-09-29T10:10:04","slug":"chaussures-de-mariee","status":"publish","type":"page","link":"https:\/\/www.koonings.com\/fr\/mariee\/chaussures-de-mariee\/","title":{"rendered":"Chaussures de mari\u00e9e"},"content":{"rendered":"\r\n\r\n<div class=\"eye-element fullwidth-row alignfull style-both bg--none  alignfull \" style=\" \">\r\n\r\n    <div class=\"container\">\r\n        <div class=\"row\">\r\n            <div class=\"col-12\">\r\n                <div class=\"acf-innerblocks-container\">\n\n<h1 class=\"wp-block-heading has-text-align-center\" id=\"bruidsschoenen-bij-koonings\">Chaussures de mari\u00e9e chez Koonings<\/h1>\n\n\n\n<p class=\"has-text-align-center\">Du moment o\u00f9 vous vous dirigez vers l&#8217;autel jusqu&#8217;\u00e0 la derni\u00e8re pirouette sur la piste de danse, vos chaussures de mariage vous accompagneront toute la journ\u00e9e. Elles ne portent pas seulement votre look, mais aussi votre sentiment &#8211; confiant, \u00e9l\u00e9gant et compl\u00e8tement vous-m\u00eame. <\/p>\n\n\n\n<p class=\"has-text-align-center\">Chez Koonings, vous trouverez des chaussures de mari\u00e9e qui rehaussent votre style et qui sont agr\u00e9ables \u00e0 porter. Que vous r\u00eaviez de talons classiques, de ballerines souples ou que vous recherchiez une touche de glamour avec un soup\u00e7on de paillettes : il y a toujours une paire qui convient \u00e0 votre robe, \u00e0 votre journ\u00e9e et surtout \u00e0 vous. <\/p>\n\n\n\r\n\r\n<div class=\"eye-element fullwidth-row alignfull style-both bg--none  alignfull \" style=\" \">\r\n\r\n    <div class=\"container\">\r\n        <div class=\"row\">\r\n            <div class=\"col-12\">\r\n                <div class=\"acf-innerblocks-container\">\n\n<div class=\"ghostkit-grid ghostkit-grid-gap-md\"><div class=\"ghostkit-grid-inner\">\n<div class=\"ghostkit-col ghostkit-col-md-12 ghostkit-col-6\"><div class=\"ghostkit-col-content is-layout-flow wp-block-ghostkit-grid-column-is-layout-flow\">\n<figure class=\"wp-block-image size-large\"><img decoding=\"async\" width=\"1024\" height=\"768\" src=\"https:\/\/www.koonings.com\/wp-content\/uploads\/2024\/09\/trouwschoenen-1024x768.jpg\" alt=\"\" class=\"wp-image-24266\" srcset=\"https:\/\/www.koonings.com\/wp-content\/uploads\/2024\/09\/trouwschoenen-1024x768.jpg 1024w, https:\/\/www.koonings.com\/wp-content\/uploads\/2024\/09\/trouwschoenen-300x225.jpg 300w, https:\/\/www.koonings.com\/wp-content\/uploads\/2024\/09\/trouwschoenen-768x576.jpg 768w, https:\/\/www.koonings.com\/wp-content\/uploads\/2024\/09\/trouwschoenen-1536x1152.jpg 1536w, https:\/\/www.koonings.com\/wp-content\/uploads\/2024\/09\/trouwschoenen-2048x1536.jpg 2048w\" sizes=\"(max-width: 1024px) 100vw, 1024px\" \/><\/figure>\n<\/div><\/div>\n\n\n\n<div class=\"ghostkit-col ghostkit-col-md-12 ghostkit-col-6\"><div class=\"ghostkit-col-content is-layout-flow wp-block-ghostkit-grid-column-is-layout-flow\">\n<h2 class=\"wp-block-heading\" id=\"shoestories-by-elsa\">Des marques qui savent ce dont vous avez besoin<\/h2>\n\n\n\n<p>Que vous soyez \u00e0 la recherche d&#8217;une \u00e9l\u00e9gance intemporelle, d&#8217;un style moderne ou d&#8217;un confort ultime, notre collection de chaussures de mariage a \u00e9t\u00e9 soigneusement con\u00e7ue pour r\u00e9pondre \u00e0 vos besoins. Chaque marque apporte quelque chose d&#8217;unique, de sorte que vous pouvez trouver exactement la paire qui rendra vos pieds et votre c\u0153ur heureux : <\/p>\n\n\n\n<p><strong>Monsieur Fiarucci <\/strong>  &#8211; Pour les mari\u00e9es ou les invit\u00e9es qui optent pour la fantaisie et le style. Pensez \u00e0 des chaussures plates inhabituelles et \u00e0 des mod\u00e8les uniques qui sont juste un peu diff\u00e9rents &#8211; mais toujours \u00e9l\u00e9gants. <\/p>\n\n\n\n<p><strong>Rainbow Club<\/strong> &#8211; Pour la mari\u00e9e qui aime la beaut\u00e9 classique et le luxe doux. Ces mod\u00e8les \u00e9l\u00e9gants, dot\u00e9s de semelles int\u00e9rieures confortables, vous feront briller sans effort tout au long de la journ\u00e9e. <\/p>\n\n\n\n<p><strong>Fiarucci Bridal &amp; Party<\/strong> &#8211; Tendance mais confortable, parfaite pour les mari\u00e9es qui veulent combiner style et libert\u00e9 de mouvement. Id\u00e9ale pour la f\u00eate, la s\u00e9ance photo ou tout simplement lorsque vous voulez \u00eatre vous-m\u00eame. <\/p>\n<\/div><\/div>\n<\/div><\/div>\n\n<\/div>\r\n            <\/div>\r\n        <\/div>\r\n    <\/div>\r\n\r\n<\/div>\r\n\r\n    \n\n\r\n\r\n<div class=\"eye-element fullwidth-row alignfull style-both bg--none  alignfull \" style=\" \">\r\n\r\n    <div class=\"container\">\r\n        <div class=\"row\">\r\n            <div class=\"col-12\">\r\n                <div class=\"acf-innerblocks-container\">\n\n<div class=\"ghostkit-grid ghostkit-grid-gap-md\"><div class=\"ghostkit-grid-inner\">\n<div class=\"ghostkit-col ghostkit-col-md-12 ghostkit-col-6\"><div class=\"ghostkit-col-content is-layout-flow wp-block-ghostkit-grid-column-is-layout-flow\">\r\n<div class=\"eye-block empty-space empty-space--small pt-md-3 pb-md-3 pt-2 pb-2\" ><\/div>\n\n\n<h2 class=\"wp-block-heading\" id=\"shoestories-by-elsa\">Histoires de chaussures par Elsa<\/h2>\n\n\n\n<p>Le jour de votre mariage, vous ne souhaitez rien de plus que de vous sentir belle, confiante et \u00e0 l&#8217;aise &#8211; du premier instant \u00e0 la derni\u00e8re danse. Les chaussures de mari\u00e9e de <strong>Shoestories by Elsa<\/strong> sont sp\u00e9cialement con\u00e7ues pour aller dans ce sens : \u00e9l\u00e9gantes, f\u00e9minines et \u00e9tonnamment confortables. <\/p>\n\n\n\n<p>Fabriqu\u00e9es dans des mati\u00e8res luxueuses telles que le satin, la dentelle et le daim, ces chaussures sont aussi agr\u00e9ables \u00e0 porter qu&#8217;\u00e0 regarder. Que vous optiez pour un talon \u00e9l\u00e9gant ou que vous pr\u00e9f\u00e9riez rester un peu plus pr\u00e8s du sol, chaque paire est disponible en diff\u00e9rentes hauteurs et peut \u00eatre teint\u00e9e pour que vos chaussures s&#8217;harmonisent parfaitement avec votre robe, votre style ou m\u00eame le th\u00e8me de votre journ\u00e9e. <\/p>\n\n\n\n<p>Ce sont des chaussures que vous porterez avec fiert\u00e9 &#8211; et peut-\u00eatre apr\u00e8s.<\/p>\n<\/div><\/div>\n\n\n\n<div class=\"ghostkit-col ghostkit-col-md-12 ghostkit-col-6\"><div class=\"ghostkit-col-content is-layout-flow wp-block-ghostkit-grid-column-is-layout-flow\">\n<figure class=\"wp-block-image size-full\"><img decoding=\"async\" width=\"800\" height=\"800\" src=\"https:\/\/www.koonings.com\/wp-content\/uploads\/2024\/08\/blog_schoenen1.jpg-2.webp\" alt=\"\" class=\"wp-image-14564\" srcset=\"https:\/\/www.koonings.com\/wp-content\/uploads\/2024\/08\/blog_schoenen1.jpg-2.webp 800w, https:\/\/www.koonings.com\/wp-content\/uploads\/2024\/08\/blog_schoenen1.jpg-2-300x300.webp 300w, https:\/\/www.koonings.com\/wp-content\/uploads\/2024\/08\/blog_schoenen1.jpg-2-150x150.webp 150w, https:\/\/www.koonings.com\/wp-content\/uploads\/2024\/08\/blog_schoenen1.jpg-2-768x768.webp 768w\" sizes=\"(max-width: 800px) 100vw, 800px\" \/><\/figure>\n<\/div><\/div>\n<\/div><\/div>\n\n<\/div>\r\n            <\/div>\r\n        <\/div>\r\n    <\/div>\r\n\r\n<\/div>\r\n\r\n    \n\n\r\n\r\n<div class=\"eye-element fullwidth-row alignfull style-both bg--none  alignfull \" style=\" \">\r\n\r\n    <div class=\"container\">\r\n        <div class=\"row\">\r\n            <div class=\"col-12\">\r\n                <div class=\"acf-innerblocks-container\">\n\n<div class=\"ghostkit-grid ghostkit-grid-gap-md\"><div class=\"ghostkit-grid-inner\">\n<div class=\"ghostkit-col ghostkit-col-md-12 ghostkit-col-6\"><div class=\"ghostkit-col-content is-layout-flow wp-block-ghostkit-grid-column-is-layout-flow\">\n<figure class=\"wp-block-image size-large\"><img decoding=\"async\" width=\"1024\" height=\"999\" src=\"https:\/\/www.koonings.com\/wp-content\/uploads\/2024\/08\/blog_schoenen2.jpg-1-1024x999.webp\" alt=\"\" class=\"wp-image-10999\" srcset=\"https:\/\/www.koonings.com\/wp-content\/uploads\/2024\/08\/blog_schoenen2.jpg-1-1024x999.webp 1024w, https:\/\/www.koonings.com\/wp-content\/uploads\/2024\/08\/blog_schoenen2.jpg-1-300x293.webp 300w, https:\/\/www.koonings.com\/wp-content\/uploads\/2024\/08\/blog_schoenen2.jpg-1-768x749.webp 768w, https:\/\/www.koonings.com\/wp-content\/uploads\/2024\/08\/blog_schoenen2.jpg-1.webp 1300w\" sizes=\"(max-width: 1024px) 100vw, 1024px\" \/><\/figure>\n<\/div><\/div>\n\n\n\n<div class=\"ghostkit-col ghostkit-col-md-12 ghostkit-col-6\"><div class=\"ghostkit-col-content is-layout-flow wp-block-ghostkit-grid-column-is-layout-flow\">\r\n<div class=\"eye-block empty-space empty-space--small pt-md-3 pb-md-3 pt-2 pb-2\" ><\/div>\n\n\n<h2 class=\"wp-block-heading\" id=\"shoestories-by-elsa\">Conseils pratiques de nos stylistes<\/h2>\n\n\n\n<p>Une bonne pr\u00e9paration vous permettra d&#8217;\u00eatre confiante et sereine le jour J. Nos stylistes se feront un plaisir de vous donner quelques conseils judicieux pour que vos chaussures soient non seulement belles, mais aussi agr\u00e9ables \u00e0 porter. <\/p>\n\n\n\n<p><strong>Essayez votre robe avec vos chaussures<\/strong> &#8211; vous serez ainsi s\u00fbre que la longueur est correcte et que le style s&#8217;harmonise parfaitement.<\/p>\n\n\n\n<p><strong>Essayez vos chaussures sur diff\u00e9rentes surfaces<\/strong>, lisses ou rugueuses, afin de vous assurer que vous vous tenez bien debout.<\/p>\n\n\n\n<p><strong>Portez vos chaussures avant le grand jour<\/strong> &#8211; vous \u00e9viterez ainsi les surprises et les ampoules.<\/p>\n\n\n\n<p><em><strong>Conseil suppl\u00e9mentaire :<\/strong> <\/em>Apr\u00e8s le mariage, faites teindre vos chaussures de mariage dans la couleur de votre choix. Ainsi, elles ne resteront pas seulement un beau souvenir, mais vous aurez \u00e9galement plaisir \u00e0 les porter \u00e0 nouveau &#8211; durables et \u00e9l\u00e9gantes. <\/p>\n<\/div><\/div>\n<\/div><\/div>\n\n<\/div>\r\n            <\/div>\r\n        <\/div>\r\n    <\/div>\r\n\r\n<\/div>\r\n\r\n    \n\n\r\n\r\n<div class=\"eye-element fullwidth-row alignfull style-both bg--none  alignfull \" style=\" \">\r\n\r\n    <div class=\"container\">\r\n        <div class=\"row\">\r\n            <div class=\"col-12\">\r\n                <div class=\"acf-innerblocks-container\">\n\n<h2 class=\"wp-block-heading has-text-align-center\" id=\"maak-jouw-look-compleet\"><strong>Compl\u00e9tez votre look<\/strong><\/h2>\n\n\n\n<p class=\"has-text-align-center\">Chez Koonings, nous croyons \u00e0 la magie d&#8217;une image globale. Nos stylistes vous aident non seulement \u00e0 trouver la robe parfaite, mais aussi la touche finale. Vos chaussures de mari\u00e9e sont plus qu&#8217;un d\u00e9tail &#8211; elles vous donnent litt\u00e9ralement les bases d&#8217;une journ\u00e9e confiante et radieuse.  <\/p>\n\n\n\n<p class=\"has-text-align-center\"><strong>Prenez rendez-vous d\u00e8s aujourd&#8217;hui et b\u00e9n\u00e9ficiez des conseils de notre styliste.<\/strong><br\/>Parce que de la t\u00eate aux pieds, vous brillez chez Koonings.<\/p>\n\n\n\r\n<div class=\"eye-element bsbutton text-center \" >\r\n\t        <a class=\"btn btn-gold\" href=\"https:\/\/www.koonings.com\/fr\/prendre-un-rendez-vous\/\"\r\n           target=\"\">Prenez rendez-vous<\/a>\r\n\t<\/div>\n<\/div>\r\n            <\/div>\r\n        <\/div>\r\n    <\/div>\r\n\r\n<\/div>\r\n\r\n    \n<\/div>\r\n            <\/div>\r\n        <\/div>\r\n    <\/div>\r\n\r\n<\/div>\r\n\r\n    ","protected":false},"excerpt":{"rendered":"","protected":false},"author":2,"featured_media":0,"parent":16545,"menu_order":0,"comment_status":"closed","ping_status":"closed","template":"","meta":{"_acf_changed":false,"ghostkit_customizer_options":"","ghostkit_custom_css":"","ghostkit_custom_js_head":"","ghostkit_custom_js_foot":"","ghostkit_typography":"","footnotes":""},"class_list":["post-98559","page","type-page","status-publish","hentry"],"acf":[],"yoast_head":"<!-- This site is optimized with the Yoast SEO plugin v27.3 - https:\/\/yoast.com\/product\/yoast-seo-wordpress\/ -->\n<title>Chaussures de mari\u00e9e | Koonings<\/title>\n<meta name=\"description\" content=\"D\u00e9couvrez des chaussures de mari\u00e9e \u00e9l\u00e9gantes et confortables chez Koonings. Des talons classiques aux chaussures plates modernes - parfaitement assorties \u00e0 votre robe de mari\u00e9e.\" \/>\n<meta name=\"robots\" content=\"index, follow, max-snippet:-1, max-image-preview:large, max-video-preview:-1\" \/>\n<link rel=\"canonical\" href=\"https:\/\/www.koonings.com\/fr\/mariee\/chaussures-de-mariee\/\" \/>\n<meta property=\"og:locale\" content=\"fr_FR\" \/>\n<meta property=\"og:type\" content=\"article\" \/>\n<meta property=\"og:title\" content=\"Chaussures de mari\u00e9e | Koonings\" \/>\n<meta property=\"og:description\" content=\"D\u00e9couvrez des chaussures de mari\u00e9e \u00e9l\u00e9gantes et confortables chez Koonings. Des talons classiques aux chaussures plates modernes - parfaitement assorties \u00e0 votre robe de mari\u00e9e.\" \/>\n<meta property=\"og:url\" content=\"https:\/\/www.koonings.com\/fr\/mariee\/chaussures-de-mariee\/\" \/>\n<meta property=\"og:site_name\" content=\"Koonings\" \/>\n<meta property=\"article:publisher\" content=\"https:\/\/www.facebook.com\/kooningstheweddingpalace\" \/>\n<meta property=\"article:modified_time\" content=\"2025-09-29T10:10:04+00:00\" \/>\n<meta property=\"og:image\" content=\"https:\/\/www.koonings.com\/wp-content\/uploads\/2024\/09\/trouwschoenen-scaled.jpg\" \/>\n\t<meta property=\"og:image:width\" content=\"2560\" \/>\n\t<meta property=\"og:image:height\" content=\"1920\" \/>\n\t<meta property=\"og:image:type\" content=\"image\/jpeg\" \/>\n<meta name=\"twitter:card\" content=\"summary_large_image\" \/>\n<meta name=\"twitter:label1\" content=\"Dur\u00e9e de lecture estim\u00e9e\" \/>\n\t<meta name=\"twitter:data1\" content=\"3 minutes\" \/>\n<script type=\"application\/ld+json\" class=\"yoast-schema-graph\">{\"@context\":\"https:\\\/\\\/schema.org\",\"@graph\":[{\"@type\":\"WebPage\",\"@id\":\"https:\\\/\\\/www.koonings.com\\\/fr\\\/mariee\\\/chaussures-de-mariee\\\/\",\"url\":\"https:\\\/\\\/www.koonings.com\\\/fr\\\/mariee\\\/chaussures-de-mariee\\\/\",\"name\":\"Chaussures de mari\u00e9e | Koonings\",\"isPartOf\":{\"@id\":\"https:\\\/\\\/www.koonings.com\\\/fr\\\/#website\"},\"primaryImageOfPage\":{\"@id\":\"https:\\\/\\\/www.koonings.com\\\/fr\\\/mariee\\\/chaussures-de-mariee\\\/#primaryimage\"},\"image\":{\"@id\":\"https:\\\/\\\/www.koonings.com\\\/fr\\\/mariee\\\/chaussures-de-mariee\\\/#primaryimage\"},\"thumbnailUrl\":\"https:\\\/\\\/www.koonings.com\\\/wp-content\\\/uploads\\\/2024\\\/09\\\/trouwschoenen-1024x768.jpg\",\"datePublished\":\"2025-05-21T14:41:31+00:00\",\"dateModified\":\"2025-09-29T10:10:04+00:00\",\"description\":\"D\u00e9couvrez des chaussures de mari\u00e9e \u00e9l\u00e9gantes et confortables chez Koonings. Des talons classiques aux chaussures plates modernes - parfaitement assorties \u00e0 votre robe de mari\u00e9e.\",\"breadcrumb\":{\"@id\":\"https:\\\/\\\/www.koonings.com\\\/fr\\\/mariee\\\/chaussures-de-mariee\\\/#breadcrumb\"},\"inLanguage\":\"fr-FR\",\"potentialAction\":[{\"@type\":\"ReadAction\",\"target\":[\"https:\\\/\\\/www.koonings.com\\\/fr\\\/mariee\\\/chaussures-de-mariee\\\/\"]}]},{\"@type\":\"ImageObject\",\"inLanguage\":\"fr-FR\",\"@id\":\"https:\\\/\\\/www.koonings.com\\\/fr\\\/mariee\\\/chaussures-de-mariee\\\/#primaryimage\",\"url\":\"https:\\\/\\\/www.koonings.com\\\/wp-content\\\/uploads\\\/2024\\\/09\\\/trouwschoenen-1024x768.jpg\",\"contentUrl\":\"https:\\\/\\\/www.koonings.com\\\/wp-content\\\/uploads\\\/2024\\\/09\\\/trouwschoenen-1024x768.jpg\"},{\"@type\":\"BreadcrumbList\",\"@id\":\"https:\\\/\\\/www.koonings.com\\\/fr\\\/mariee\\\/chaussures-de-mariee\\\/#breadcrumb\",\"itemListElement\":[{\"@type\":\"ListItem\",\"position\":1,\"name\":\"Home\",\"item\":\"https:\\\/\\\/www.koonings.com\\\/fr\\\/\"},{\"@type\":\"ListItem\",\"position\":2,\"name\":\"Mari\u00e9e\",\"item\":\"https:\\\/\\\/www.koonings.com\\\/fr\\\/mariee\\\/\"},{\"@type\":\"ListItem\",\"position\":3,\"name\":\"Chaussures de mari\u00e9e\"}]},{\"@type\":\"WebSite\",\"@id\":\"https:\\\/\\\/www.koonings.com\\\/fr\\\/#website\",\"url\":\"https:\\\/\\\/www.koonings.com\\\/fr\\\/\",\"name\":\"Koonings\",\"description\":\"De grootste bruidsmodewinkel ter wereld\",\"publisher\":{\"@id\":\"https:\\\/\\\/www.koonings.com\\\/fr\\\/#organization\"},\"potentialAction\":[{\"@type\":\"SearchAction\",\"target\":{\"@type\":\"EntryPoint\",\"urlTemplate\":\"https:\\\/\\\/www.koonings.com\\\/fr\\\/?s={search_term_string}\"},\"query-input\":{\"@type\":\"PropertyValueSpecification\",\"valueRequired\":true,\"valueName\":\"search_term_string\"}}],\"inLanguage\":\"fr-FR\"},{\"@type\":\"Organization\",\"@id\":\"https:\\\/\\\/www.koonings.com\\\/fr\\\/#organization\",\"name\":\"Koonings\",\"url\":\"https:\\\/\\\/www.koonings.com\\\/fr\\\/\",\"logo\":{\"@type\":\"ImageObject\",\"inLanguage\":\"fr-FR\",\"@id\":\"https:\\\/\\\/www.koonings.com\\\/fr\\\/#\\\/schema\\\/logo\\\/image\\\/\",\"url\":\"https:\\\/\\\/www.koonings.com\\\/wp-content\\\/uploads\\\/2024\\\/07\\\/logo.png\",\"contentUrl\":\"https:\\\/\\\/www.koonings.com\\\/wp-content\\\/uploads\\\/2024\\\/07\\\/logo.png\",\"width\":600,\"height\":428,\"caption\":\"Koonings\"},\"image\":{\"@id\":\"https:\\\/\\\/www.koonings.com\\\/fr\\\/#\\\/schema\\\/logo\\\/image\\\/\"},\"sameAs\":[\"https:\\\/\\\/www.facebook.com\\\/kooningstheweddingpalace\",\"https:\\\/\\\/www.instagram.com\\\/kooningstheweddingpalace\",\"https:\\\/\\\/www.pinterest.com\\\/koonings\",\"https:\\\/\\\/www.youtube.com\\\/kooningstheweddingpalace\"]}]}<\/script>\n<!-- \/ Yoast SEO plugin. -->","yoast_head_json":{"title":"Chaussures de mari\u00e9e | Koonings","description":"D\u00e9couvrez des chaussures de mari\u00e9e \u00e9l\u00e9gantes et confortables chez Koonings. Des talons classiques aux chaussures plates modernes - parfaitement assorties \u00e0 votre robe de mari\u00e9e.","robots":{"index":"index","follow":"follow","max-snippet":"max-snippet:-1","max-image-preview":"max-image-preview:large","max-video-preview":"max-video-preview:-1"},"canonical":"https:\/\/www.koonings.com\/fr\/mariee\/chaussures-de-mariee\/","og_locale":"fr_FR","og_type":"article","og_title":"Chaussures de mari\u00e9e | Koonings","og_description":"D\u00e9couvrez des chaussures de mari\u00e9e \u00e9l\u00e9gantes et confortables chez Koonings. Des talons classiques aux chaussures plates modernes - parfaitement assorties \u00e0 votre robe de mari\u00e9e.","og_url":"https:\/\/www.koonings.com\/fr\/mariee\/chaussures-de-mariee\/","og_site_name":"Koonings","article_publisher":"https:\/\/www.facebook.com\/kooningstheweddingpalace","article_modified_time":"2025-09-29T10:10:04+00:00","og_image":[{"width":2560,"height":1920,"url":"https:\/\/www.koonings.com\/wp-content\/uploads\/2024\/09\/trouwschoenen-scaled.jpg","type":"image\/jpeg"}],"twitter_card":"summary_large_image","twitter_misc":{"Dur\u00e9e de lecture estim\u00e9e":"3 minutes"},"schema":{"@context":"https:\/\/schema.org","@graph":[{"@type":"WebPage","@id":"https:\/\/www.koonings.com\/fr\/mariee\/chaussures-de-mariee\/","url":"https:\/\/www.koonings.com\/fr\/mariee\/chaussures-de-mariee\/","name":"Chaussures de mari\u00e9e | Koonings","isPartOf":{"@id":"https:\/\/www.koonings.com\/fr\/#website"},"primaryImageOfPage":{"@id":"https:\/\/www.koonings.com\/fr\/mariee\/chaussures-de-mariee\/#primaryimage"},"image":{"@id":"https:\/\/www.koonings.com\/fr\/mariee\/chaussures-de-mariee\/#primaryimage"},"thumbnailUrl":"https:\/\/www.koonings.com\/wp-content\/uploads\/2024\/09\/trouwschoenen-1024x768.jpg","datePublished":"2025-05-21T14:41:31+00:00","dateModified":"2025-09-29T10:10:04+00:00","description":"D\u00e9couvrez des chaussures de mari\u00e9e \u00e9l\u00e9gantes et confortables chez Koonings. Des talons classiques aux chaussures plates modernes - parfaitement assorties \u00e0 votre robe de mari\u00e9e.","breadcrumb":{"@id":"https:\/\/www.koonings.com\/fr\/mariee\/chaussures-de-mariee\/#breadcrumb"},"inLanguage":"fr-FR","potentialAction":[{"@type":"ReadAction","target":["https:\/\/www.koonings.com\/fr\/mariee\/chaussures-de-mariee\/"]}]},{"@type":"ImageObject","inLanguage":"fr-FR","@id":"https:\/\/www.koonings.com\/fr\/mariee\/chaussures-de-mariee\/#primaryimage","url":"https:\/\/www.koonings.com\/wp-content\/uploads\/2024\/09\/trouwschoenen-1024x768.jpg","contentUrl":"https:\/\/www.koonings.com\/wp-content\/uploads\/2024\/09\/trouwschoenen-1024x768.jpg"},{"@type":"BreadcrumbList","@id":"https:\/\/www.koonings.com\/fr\/mariee\/chaussures-de-mariee\/#breadcrumb","itemListElement":[{"@type":"ListItem","position":1,"name":"Home","item":"https:\/\/www.koonings.com\/fr\/"},{"@type":"ListItem","position":2,"name":"Mari\u00e9e","item":"https:\/\/www.koonings.com\/fr\/mariee\/"},{"@type":"ListItem","position":3,"name":"Chaussures de mari\u00e9e"}]},{"@type":"WebSite","@id":"https:\/\/www.koonings.com\/fr\/#website","url":"https:\/\/www.koonings.com\/fr\/","name":"Koonings","description":"De grootste bruidsmodewinkel ter wereld","publisher":{"@id":"https:\/\/www.koonings.com\/fr\/#organization"},"potentialAction":[{"@type":"SearchAction","target":{"@type":"EntryPoint","urlTemplate":"https:\/\/www.koonings.com\/fr\/?s={search_term_string}"},"query-input":{"@type":"PropertyValueSpecification","valueRequired":true,"valueName":"search_term_string"}}],"inLanguage":"fr-FR"},{"@type":"Organization","@id":"https:\/\/www.koonings.com\/fr\/#organization","name":"Koonings","url":"https:\/\/www.koonings.com\/fr\/","logo":{"@type":"ImageObject","inLanguage":"fr-FR","@id":"https:\/\/www.koonings.com\/fr\/#\/schema\/logo\/image\/","url":"https:\/\/www.koonings.com\/wp-content\/uploads\/2024\/07\/logo.png","contentUrl":"https:\/\/www.koonings.com\/wp-content\/uploads\/2024\/07\/logo.png","width":600,"height":428,"caption":"Koonings"},"image":{"@id":"https:\/\/www.koonings.com\/fr\/#\/schema\/logo\/image\/"},"sameAs":["https:\/\/www.facebook.com\/kooningstheweddingpalace","https:\/\/www.instagram.com\/kooningstheweddingpalace","https:\/\/www.pinterest.com\/koonings","https:\/\/www.youtube.com\/kooningstheweddingpalace"]}]}},"_links":{"self":[{"href":"https:\/\/www.koonings.com\/fr\/wp-json\/wp\/v2\/pages\/98559","targetHints":{"allow":["GET"]}}],"collection":[{"href":"https:\/\/www.koonings.com\/fr\/wp-json\/wp\/v2\/pages"}],"about":[{"href":"https:\/\/www.koonings.com\/fr\/wp-json\/wp\/v2\/types\/page"}],"author":[{"embeddable":true,"href":"https:\/\/www.koonings.com\/fr\/wp-json\/wp\/v2\/users\/2"}],"replies":[{"embeddable":true,"href":"https:\/\/www.koonings.com\/fr\/wp-json\/wp\/v2\/comments?post=98559"}],"version-history":[{"count":1,"href":"https:\/\/www.koonings.com\/fr\/wp-json\/wp\/v2\/pages\/98559\/revisions"}],"predecessor-version":[{"id":98560,"href":"https:\/\/www.koonings.com\/fr\/wp-json\/wp\/v2\/pages\/98559\/revisions\/98560"}],"up":[{"embeddable":true,"href":"https:\/\/www.koonings.com\/fr\/wp-json\/wp\/v2\/pages\/16545"}],"wp:attachment":[{"href":"https:\/\/www.koonings.com\/fr\/wp-json\/wp\/v2\/media?parent=98559"}],"curies":[{"name":"wp","href":"https:\/\/api.w.org\/{rel}","templated":true}]}}