{"id":98555,"date":"2025-04-28T16:14:38","date_gmt":"2025-04-28T14:14:38","guid":{"rendered":"https:\/\/www.koonings.com\/addy-van-den-krommenacker\/lautobiographie-daddy\/"},"modified":"2025-09-29T12:09:28","modified_gmt":"2025-09-29T10:09:28","slug":"lautobiographie-daddy","status":"publish","type":"page","link":"https:\/\/www.koonings.com\/fr\/addy-van-den-krommenacker\/lautobiographie-daddy\/","title":{"rendered":"L&#8217;autobiographie d&#8217;Addy"},"content":{"rendered":"\r\n\r\n<div class=\"eye-element fullwidth-row alignfull style-both bg--none  alignfull \" style=\" \">\r\n\r\n    <div class=\"container\">\r\n        <div class=\"row\">\r\n            <div class=\"col-12\">\r\n                <div class=\"acf-innerblocks-container\">\n\n<h1 class=\"wp-block-heading has-text-align-center\" id=\"over-addy-van-den-krommenacker-1\">L&#8217;autobiographie d&#8217;Addy : un regard derri\u00e8re la couture<\/h1>\n\n\n\n<p class=\"has-text-align-center\">L&#8217;univers d&#8217;Addy van den Krommenacker est fait d&#8217;artisanat, de sophistication et d&#8217;inspiration. Dans son autobiographie <em>&#8220;Addy&#8221;<\/em>, il vous emm\u00e8ne dans un voyage personnel \u00e0 travers les moments forts, les doutes et les triomphes de son impressionnante carri\u00e8re. <\/p>\n\n\n\n<p class=\"has-text-align-center\">Vous \u00eates curieux de conna\u00eetre toute l&#8217;histoire ?<\/p>\n\n\n\r\n<div class=\"eye-element bsbutton text-center \" >\r\n\t        <a class=\"btn btn-primary\" href=\"https:\/\/www.addystore.com\/celebration-show-addy-van-den-krommenacker\/\"\r\n           target=\"_blank\">Commander l&#8217;autobiographie &#8220;Addy&#8221;<\/a>\r\n\t<\/div>\n<\/div>\r\n            <\/div>\r\n        <\/div>\r\n    <\/div>\r\n\r\n<\/div>\r\n\r\n    \r\n\r\n<div class=\"eye-element fullwidth-row alignfull style-both bg--none  alignfull \" style=\" \">\r\n\r\n    <div class=\"container\">\r\n        <div class=\"row\">\r\n            <div class=\"col-12\">\r\n                <div class=\"acf-innerblocks-container\">\n\n<div class=\"ghostkit-grid ghostkit-grid-gap-md\"><div class=\"ghostkit-grid-inner\">\n<div class=\"ghostkit-col ghostkit-col-md-12 ghostkit-col-6\"><div class=\"ghostkit-col-content is-layout-flow wp-block-ghostkit-grid-column-is-layout-flow\">\r\n<div class=\"eye-block empty-space empty-space--large pt-md-5 pb-md-5 pt-4 pb-4\" ><\/div>\n\n\n<h2 class=\"wp-block-heading\" id=\"ontdek-het-inspirerende-verhaal-van-addy\">D\u00e9couvrez l&#8217;histoire inspirante d&#8217;Addy<\/h2>\n\n\n\n<p>L&#8217;autobiographie d&#8217;Addy van den Krommenacker r\u00e9v\u00e8le la personne qui se cache derri\u00e8re le couturier : une visionnaire cr\u00e9ative avec une passion sans pr\u00e9c\u00e9dent pour la beaut\u00e9, les tissus et la f\u00e9minit\u00e9. Une histoire honn\u00eate et inspirante sur la fa\u00e7on de rester fid\u00e8le \u00e0 soi-m\u00eame dans un monde de c\u00e9l\u00e9brit\u00e9, de critiques et de changements. <\/p>\n\n\n\n<p>&#8220;<em>Addy&#8221;<\/em> a \u00e9t\u00e9 publi\u00e9 \u00e0 l&#8217;occasion de son 25e anniversaire en tant que designer et offre un aper\u00e7u unique d&#8217;une vie pleine de mode et de magie.<\/p>\n\n\n\n<p>L&#8217;autobiographie d&#8217;Addy van den Krommenacker est disponible exclusivement sur l&#8217;<a href=\"https:\/\/www.addystore.com\">Addy Store au<\/a> prix de 29,95 euros. Un must pour tout amateur de haute couture et d&#8217;histoires de r\u00e9silience, de passion et de cr\u00e9ativit\u00e9. <\/p>\n\n\n\r\n<div class=\"eye-element bsbutton text-center \" >\r\n\t        <a class=\"btn btn-primary\" href=\"https:\/\/www.addystore.com\/celebration-show-addy-van-den-krommenacker\/\"\r\n           target=\"_blank\">Commander l&#8217;autobiographie &#8220;Addy&#8221;<\/a>\r\n\t<\/div><\/div><\/div>\n\n\n\n<div class=\"ghostkit-col ghostkit-col-md-12 ghostkit-col-6\"><div class=\"ghostkit-col-content is-layout-flow wp-block-ghostkit-grid-column-is-layout-flow\">\n<figure class=\"wp-block-image size-large\"><img decoding=\"async\" width=\"729\" height=\"1024\" src=\"https:\/\/www.koonings.com\/wp-content\/uploads\/2025\/04\/IMG_4247-729x1024.jpeg\" alt=\"Autobiographie Addy van den Krommenacker\" class=\"wp-image-85319\" srcset=\"https:\/\/www.koonings.com\/wp-content\/uploads\/2025\/04\/IMG_4247-729x1024.jpeg 729w, https:\/\/www.koonings.com\/wp-content\/uploads\/2025\/04\/IMG_4247-214x300.jpeg 214w, https:\/\/www.koonings.com\/wp-content\/uploads\/2025\/04\/IMG_4247-768x1078.jpeg 768w, https:\/\/www.koonings.com\/wp-content\/uploads\/2025\/04\/IMG_4247-1094x1536.jpeg 1094w, https:\/\/www.koonings.com\/wp-content\/uploads\/2025\/04\/IMG_4247.jpeg 1213w\" sizes=\"(max-width: 729px) 100vw, 729px\" \/><\/figure>\n<\/div><\/div>\n<\/div><\/div>\n\n<\/div>\r\n            <\/div>\r\n        <\/div>\r\n    <\/div>\r\n\r\n<\/div>\r\n\r\n    ","protected":false},"excerpt":{"rendered":"","protected":false},"author":2,"featured_media":0,"parent":86756,"menu_order":0,"comment_status":"closed","ping_status":"closed","template":"","meta":{"_acf_changed":false,"ghostkit_customizer_options":"","ghostkit_custom_css":"","ghostkit_custom_js_head":"","ghostkit_custom_js_foot":"","ghostkit_typography":"","footnotes":""},"class_list":["post-98555","page","type-page","status-publish","hentry"],"acf":[],"yoast_head":"<!-- This site is optimized with the Yoast SEO plugin v27.3 - https:\/\/yoast.com\/product\/yoast-seo-wordpress\/ -->\n<title>L&#039;autobiographie d&#039;Addy | Koonings<\/title>\n<meta name=\"description\" content=\"Plongez dans l&#039;histoire extraordinaire de la vie du cr\u00e9ateur de mode Addy van den Krommenacker. Dans son autobiographie, il partage son parcours fait de mode, de passion et de moments inoubliables.\" \/>\n<meta name=\"robots\" content=\"index, follow, max-snippet:-1, max-image-preview:large, max-video-preview:-1\" \/>\n<link rel=\"canonical\" href=\"https:\/\/www.koonings.com\/fr\/addy-van-den-krommenacker\/lautobiographie-daddy\/\" \/>\n<meta property=\"og:locale\" content=\"fr_FR\" \/>\n<meta property=\"og:type\" content=\"article\" \/>\n<meta property=\"og:title\" content=\"L&#039;autobiographie d&#039;Addy | Koonings\" \/>\n<meta property=\"og:description\" content=\"Plongez dans l&#039;histoire extraordinaire de la vie du cr\u00e9ateur de mode Addy van den Krommenacker. Dans son autobiographie, il partage son parcours fait de mode, de passion et de moments inoubliables.\" \/>\n<meta property=\"og:url\" content=\"https:\/\/www.koonings.com\/fr\/addy-van-den-krommenacker\/lautobiographie-daddy\/\" \/>\n<meta property=\"og:site_name\" content=\"Koonings\" \/>\n<meta property=\"article:publisher\" content=\"https:\/\/www.facebook.com\/kooningstheweddingpalace\" \/>\n<meta property=\"article:modified_time\" content=\"2025-09-29T10:09:28+00:00\" \/>\n<meta property=\"og:image\" content=\"https:\/\/www.koonings.com\/wp-content\/uploads\/2025\/04\/IMG_4247.jpeg\" \/>\n\t<meta property=\"og:image:width\" content=\"1213\" \/>\n\t<meta property=\"og:image:height\" content=\"1703\" \/>\n\t<meta property=\"og:image:type\" content=\"image\/jpeg\" \/>\n<meta name=\"twitter:card\" content=\"summary_large_image\" \/>\n<meta name=\"twitter:label1\" content=\"Dur\u00e9e de lecture estim\u00e9e\" \/>\n\t<meta name=\"twitter:data1\" content=\"1 minute\" \/>\n<script type=\"application\/ld+json\" class=\"yoast-schema-graph\">{\"@context\":\"https:\\\/\\\/schema.org\",\"@graph\":[{\"@type\":\"WebPage\",\"@id\":\"https:\\\/\\\/www.koonings.com\\\/fr\\\/addy-van-den-krommenacker\\\/lautobiographie-daddy\\\/\",\"url\":\"https:\\\/\\\/www.koonings.com\\\/fr\\\/addy-van-den-krommenacker\\\/lautobiographie-daddy\\\/\",\"name\":\"L'autobiographie d'Addy | Koonings\",\"isPartOf\":{\"@id\":\"https:\\\/\\\/www.koonings.com\\\/fr\\\/#website\"},\"primaryImageOfPage\":{\"@id\":\"https:\\\/\\\/www.koonings.com\\\/fr\\\/addy-van-den-krommenacker\\\/lautobiographie-daddy\\\/#primaryimage\"},\"image\":{\"@id\":\"https:\\\/\\\/www.koonings.com\\\/fr\\\/addy-van-den-krommenacker\\\/lautobiographie-daddy\\\/#primaryimage\"},\"thumbnailUrl\":\"https:\\\/\\\/www.koonings.com\\\/wp-content\\\/uploads\\\/2025\\\/04\\\/IMG_4247-729x1024.jpeg\",\"datePublished\":\"2025-04-28T14:14:38+00:00\",\"dateModified\":\"2025-09-29T10:09:28+00:00\",\"description\":\"Plongez dans l'histoire extraordinaire de la vie du cr\u00e9ateur de mode Addy van den Krommenacker. Dans son autobiographie, il partage son parcours fait de mode, de passion et de moments inoubliables.\",\"breadcrumb\":{\"@id\":\"https:\\\/\\\/www.koonings.com\\\/fr\\\/addy-van-den-krommenacker\\\/lautobiographie-daddy\\\/#breadcrumb\"},\"inLanguage\":\"fr-FR\",\"potentialAction\":[{\"@type\":\"ReadAction\",\"target\":[\"https:\\\/\\\/www.koonings.com\\\/fr\\\/addy-van-den-krommenacker\\\/lautobiographie-daddy\\\/\"]}]},{\"@type\":\"ImageObject\",\"inLanguage\":\"fr-FR\",\"@id\":\"https:\\\/\\\/www.koonings.com\\\/fr\\\/addy-van-den-krommenacker\\\/lautobiographie-daddy\\\/#primaryimage\",\"url\":\"https:\\\/\\\/www.koonings.com\\\/wp-content\\\/uploads\\\/2025\\\/04\\\/IMG_4247-729x1024.jpeg\",\"contentUrl\":\"https:\\\/\\\/www.koonings.com\\\/wp-content\\\/uploads\\\/2025\\\/04\\\/IMG_4247-729x1024.jpeg\"},{\"@type\":\"BreadcrumbList\",\"@id\":\"https:\\\/\\\/www.koonings.com\\\/fr\\\/addy-van-den-krommenacker\\\/lautobiographie-daddy\\\/#breadcrumb\",\"itemListElement\":[{\"@type\":\"ListItem\",\"position\":1,\"name\":\"Home\",\"item\":\"https:\\\/\\\/www.koonings.com\\\/fr\\\/\"},{\"@type\":\"ListItem\",\"position\":2,\"name\":\"Addy van den Krommenacker\",\"item\":\"https:\\\/\\\/www.koonings.com\\\/fr\\\/addy-van-den-krommenacker\\\/\"},{\"@type\":\"ListItem\",\"position\":3,\"name\":\"L&rsquo;autobiographie d&rsquo;Addy\"}]},{\"@type\":\"WebSite\",\"@id\":\"https:\\\/\\\/www.koonings.com\\\/fr\\\/#website\",\"url\":\"https:\\\/\\\/www.koonings.com\\\/fr\\\/\",\"name\":\"Koonings\",\"description\":\"De grootste bruidsmodewinkel ter wereld\",\"publisher\":{\"@id\":\"https:\\\/\\\/www.koonings.com\\\/fr\\\/#organization\"},\"potentialAction\":[{\"@type\":\"SearchAction\",\"target\":{\"@type\":\"EntryPoint\",\"urlTemplate\":\"https:\\\/\\\/www.koonings.com\\\/fr\\\/?s={search_term_string}\"},\"query-input\":{\"@type\":\"PropertyValueSpecification\",\"valueRequired\":true,\"valueName\":\"search_term_string\"}}],\"inLanguage\":\"fr-FR\"},{\"@type\":\"Organization\",\"@id\":\"https:\\\/\\\/www.koonings.com\\\/fr\\\/#organization\",\"name\":\"Koonings\",\"url\":\"https:\\\/\\\/www.koonings.com\\\/fr\\\/\",\"logo\":{\"@type\":\"ImageObject\",\"inLanguage\":\"fr-FR\",\"@id\":\"https:\\\/\\\/www.koonings.com\\\/fr\\\/#\\\/schema\\\/logo\\\/image\\\/\",\"url\":\"https:\\\/\\\/www.koonings.com\\\/wp-content\\\/uploads\\\/2024\\\/07\\\/logo.png\",\"contentUrl\":\"https:\\\/\\\/www.koonings.com\\\/wp-content\\\/uploads\\\/2024\\\/07\\\/logo.png\",\"width\":600,\"height\":428,\"caption\":\"Koonings\"},\"image\":{\"@id\":\"https:\\\/\\\/www.koonings.com\\\/fr\\\/#\\\/schema\\\/logo\\\/image\\\/\"},\"sameAs\":[\"https:\\\/\\\/www.facebook.com\\\/kooningstheweddingpalace\",\"https:\\\/\\\/www.instagram.com\\\/kooningstheweddingpalace\",\"https:\\\/\\\/www.pinterest.com\\\/koonings\",\"https:\\\/\\\/www.youtube.com\\\/kooningstheweddingpalace\"]}]}<\/script>\n<!-- \/ Yoast SEO plugin. -->","yoast_head_json":{"title":"L'autobiographie d'Addy | Koonings","description":"Plongez dans l'histoire extraordinaire de la vie du cr\u00e9ateur de mode Addy van den Krommenacker. Dans son autobiographie, il partage son parcours fait de mode, de passion et de moments inoubliables.","robots":{"index":"index","follow":"follow","max-snippet":"max-snippet:-1","max-image-preview":"max-image-preview:large","max-video-preview":"max-video-preview:-1"},"canonical":"https:\/\/www.koonings.com\/fr\/addy-van-den-krommenacker\/lautobiographie-daddy\/","og_locale":"fr_FR","og_type":"article","og_title":"L'autobiographie d'Addy | Koonings","og_description":"Plongez dans l'histoire extraordinaire de la vie du cr\u00e9ateur de mode Addy van den Krommenacker. Dans son autobiographie, il partage son parcours fait de mode, de passion et de moments inoubliables.","og_url":"https:\/\/www.koonings.com\/fr\/addy-van-den-krommenacker\/lautobiographie-daddy\/","og_site_name":"Koonings","article_publisher":"https:\/\/www.facebook.com\/kooningstheweddingpalace","article_modified_time":"2025-09-29T10:09:28+00:00","og_image":[{"width":1213,"height":1703,"url":"https:\/\/www.koonings.com\/wp-content\/uploads\/2025\/04\/IMG_4247.jpeg","type":"image\/jpeg"}],"twitter_card":"summary_large_image","twitter_misc":{"Dur\u00e9e de lecture estim\u00e9e":"1 minute"},"schema":{"@context":"https:\/\/schema.org","@graph":[{"@type":"WebPage","@id":"https:\/\/www.koonings.com\/fr\/addy-van-den-krommenacker\/lautobiographie-daddy\/","url":"https:\/\/www.koonings.com\/fr\/addy-van-den-krommenacker\/lautobiographie-daddy\/","name":"L'autobiographie d'Addy | Koonings","isPartOf":{"@id":"https:\/\/www.koonings.com\/fr\/#website"},"primaryImageOfPage":{"@id":"https:\/\/www.koonings.com\/fr\/addy-van-den-krommenacker\/lautobiographie-daddy\/#primaryimage"},"image":{"@id":"https:\/\/www.koonings.com\/fr\/addy-van-den-krommenacker\/lautobiographie-daddy\/#primaryimage"},"thumbnailUrl":"https:\/\/www.koonings.com\/wp-content\/uploads\/2025\/04\/IMG_4247-729x1024.jpeg","datePublished":"2025-04-28T14:14:38+00:00","dateModified":"2025-09-29T10:09:28+00:00","description":"Plongez dans l'histoire extraordinaire de la vie du cr\u00e9ateur de mode Addy van den Krommenacker. Dans son autobiographie, il partage son parcours fait de mode, de passion et de moments inoubliables.","breadcrumb":{"@id":"https:\/\/www.koonings.com\/fr\/addy-van-den-krommenacker\/lautobiographie-daddy\/#breadcrumb"},"inLanguage":"fr-FR","potentialAction":[{"@type":"ReadAction","target":["https:\/\/www.koonings.com\/fr\/addy-van-den-krommenacker\/lautobiographie-daddy\/"]}]},{"@type":"ImageObject","inLanguage":"fr-FR","@id":"https:\/\/www.koonings.com\/fr\/addy-van-den-krommenacker\/lautobiographie-daddy\/#primaryimage","url":"https:\/\/www.koonings.com\/wp-content\/uploads\/2025\/04\/IMG_4247-729x1024.jpeg","contentUrl":"https:\/\/www.koonings.com\/wp-content\/uploads\/2025\/04\/IMG_4247-729x1024.jpeg"},{"@type":"BreadcrumbList","@id":"https:\/\/www.koonings.com\/fr\/addy-van-den-krommenacker\/lautobiographie-daddy\/#breadcrumb","itemListElement":[{"@type":"ListItem","position":1,"name":"Home","item":"https:\/\/www.koonings.com\/fr\/"},{"@type":"ListItem","position":2,"name":"Addy van den Krommenacker","item":"https:\/\/www.koonings.com\/fr\/addy-van-den-krommenacker\/"},{"@type":"ListItem","position":3,"name":"L&rsquo;autobiographie d&rsquo;Addy"}]},{"@type":"WebSite","@id":"https:\/\/www.koonings.com\/fr\/#website","url":"https:\/\/www.koonings.com\/fr\/","name":"Koonings","description":"De grootste bruidsmodewinkel ter wereld","publisher":{"@id":"https:\/\/www.koonings.com\/fr\/#organization"},"potentialAction":[{"@type":"SearchAction","target":{"@type":"EntryPoint","urlTemplate":"https:\/\/www.koonings.com\/fr\/?s={search_term_string}"},"query-input":{"@type":"PropertyValueSpecification","valueRequired":true,"valueName":"search_term_string"}}],"inLanguage":"fr-FR"},{"@type":"Organization","@id":"https:\/\/www.koonings.com\/fr\/#organization","name":"Koonings","url":"https:\/\/www.koonings.com\/fr\/","logo":{"@type":"ImageObject","inLanguage":"fr-FR","@id":"https:\/\/www.koonings.com\/fr\/#\/schema\/logo\/image\/","url":"https:\/\/www.koonings.com\/wp-content\/uploads\/2024\/07\/logo.png","contentUrl":"https:\/\/www.koonings.com\/wp-content\/uploads\/2024\/07\/logo.png","width":600,"height":428,"caption":"Koonings"},"image":{"@id":"https:\/\/www.koonings.com\/fr\/#\/schema\/logo\/image\/"},"sameAs":["https:\/\/www.facebook.com\/kooningstheweddingpalace","https:\/\/www.instagram.com\/kooningstheweddingpalace","https:\/\/www.pinterest.com\/koonings","https:\/\/www.youtube.com\/kooningstheweddingpalace"]}]}},"_links":{"self":[{"href":"https:\/\/www.koonings.com\/fr\/wp-json\/wp\/v2\/pages\/98555","targetHints":{"allow":["GET"]}}],"collection":[{"href":"https:\/\/www.koonings.com\/fr\/wp-json\/wp\/v2\/pages"}],"about":[{"href":"https:\/\/www.koonings.com\/fr\/wp-json\/wp\/v2\/types\/page"}],"author":[{"embeddable":true,"href":"https:\/\/www.koonings.com\/fr\/wp-json\/wp\/v2\/users\/2"}],"replies":[{"embeddable":true,"href":"https:\/\/www.koonings.com\/fr\/wp-json\/wp\/v2\/comments?post=98555"}],"version-history":[{"count":1,"href":"https:\/\/www.koonings.com\/fr\/wp-json\/wp\/v2\/pages\/98555\/revisions"}],"predecessor-version":[{"id":98557,"href":"https:\/\/www.koonings.com\/fr\/wp-json\/wp\/v2\/pages\/98555\/revisions\/98557"}],"up":[{"embeddable":true,"href":"https:\/\/www.koonings.com\/fr\/wp-json\/wp\/v2\/pages\/86756"}],"wp:attachment":[{"href":"https:\/\/www.koonings.com\/fr\/wp-json\/wp\/v2\/media?parent=98555"}],"curies":[{"name":"wp","href":"https:\/\/api.w.org\/{rel}","templated":true}]}}