{"id":98546,"date":"2025-02-20T16:42:30","date_gmt":"2025-02-20T15:42:30","guid":{"rendered":"https:\/\/www.koonings.com\/inspiration\/boutique-de-mariage-unique-a-maasmechelen\/"},"modified":"2025-09-29T12:08:50","modified_gmt":"2025-09-29T10:08:50","slug":"boutique-de-mariage-unique-a-maasmechelen","status":"publish","type":"page","link":"https:\/\/www.koonings.com\/fr\/inspiration\/boutique-de-mariage-unique-a-maasmechelen\/","title":{"rendered":"Boutique de mariage unique \u00e0 Maasmechelen"},"content":{"rendered":"\r\n\r\n<div class=\"eye-element fullwidth-row alignfull style-both bg--none  alignfull \" style=\" \">\r\n\r\n    <div class=\"container\">\r\n        <div class=\"row\">\r\n            <div class=\"col-12\">\r\n                <div class=\"acf-innerblocks-container\">\n\n<h1 class=\"wp-block-heading has-text-align-center\" id=\"unieke-bruidswinkel-in-maasmechelen\">Boutique de mariage unique \u00e0 Maasmechelen<\/h1>\n\n\n\n<p class=\"has-text-align-center\">Vous r\u00eavez de la robe de mari\u00e9e parfaite et vous cherchez un magasin de robes de mari\u00e9e unique \u00e0 Maasmechelen ? <a href=\"https:\/\/www.koonings.com\/fr\/valkenburg\/\">Koonings The Wedding Castle<\/a>, situ\u00e9 dans le charmant Kasteel Oost \u00e0 Valkenburg, propose la plus vaste <a href=\"https:\/\/www.koonings.com\/inspiratie\/bruidsmode-in-zuid-limburg\/\">collection de robes de mari\u00e9e du Limbourg m\u00e9ridional<\/a>. Chez nous, il s&#8217;agit de trouver la robe qui refl\u00e8te votre amour et votre personnalit\u00e9. <\/p>\n\n\n\r\n<div class=\"eye-element bsbutton text-center \" >\r\n\t        <a class=\"btn btn-gold\" href=\"\/afspraak-maken\"\r\n           target=\"\">Prenez rendez-vous<\/a>\r\n\t<\/div>\n<\/div>\r\n            <\/div>\r\n        <\/div>\r\n    <\/div>\r\n\r\n<\/div>\r\n\r\n    \r\n\r\n<div class=\"eye-element fullwidth-row alignfull style-both bg--none  alignfull \" style=\" \">\r\n\r\n    <div class=\"container\">\r\n        <div class=\"row\">\r\n            <div class=\"col-12\">\r\n                <div class=\"acf-innerblocks-container\">\n\n<div class=\"ghostkit-grid ghostkit-grid-gap-md\"><div class=\"ghostkit-grid-inner\">\n<div class=\"ghostkit-col ghostkit-col-md-12 ghostkit-col-6\"><div class=\"ghostkit-col-content is-layout-flow wp-block-ghostkit-grid-column-is-layout-flow\">\n<h2 class=\"wp-block-heading\" id=\"een-magische-ervaring-bij-koonings-the-wedding-castle\">Une exp\u00e9rience magique au ch\u00e2teau de mariage de Koonings<\/h2>\n\n\n\n<p>Se marier est une exp\u00e9rience unique dans une vie et nous rendons votre recherche de la robe id\u00e9ale tout aussi sp\u00e9ciale. Dans notre boutique de mariage unique, vous serez chaleureusement accueillie et guid\u00e9e par des stylistes exp\u00e9riment\u00e9s qui accordent la priorit\u00e9 \u00e0 votre style et \u00e0 vos souhaits. Que vous recherchiez une robe de princesse intemporelle, une cr\u00e9ation moderne sophistiqu\u00e9e ou une robe de r\u00eave boh\u00e8me, nous vous proposons un large \u00e9ventail de mod\u00e8les exclusifs.  <\/p>\n\n\n\n<p>Avec des milliers de robes de marques et de cr\u00e9ateurs renomm\u00e9s, nous vous offrons un choix in\u00e9gal\u00e9. Notre objectif est de vous permettre de briller le jour J et de trouver la robe qui vous convient parfaitement. <\/p>\n\n\n\r\n<div class=\"eye-element bsbutton text-start \" >\r\n\t        <a class=\"btn btn-primary\" href=\"\/moodboard-maken\/\"\r\n           target=\"\">Cr\u00e9ez votre propre tableau d&#8217;humeur pour votre robe de mari\u00e9e<\/a>\r\n\t<\/div><\/div><\/div>\n\n\n\n<div class=\"ghostkit-col ghostkit-col-md-12 ghostkit-col-6\"><div class=\"ghostkit-col-content is-layout-flow wp-block-ghostkit-grid-column-is-layout-flow\">\r\n<div class=\"eye-element images style-default variant-1 multi-image\">\r\n\r\n\t        <div class=\"composition\">\r\n\t\t\t                <div class=\"image-0\">\r\n                    <img decoding=\"async\" class=\"img-fluid\" src=\"https:\/\/www.koonings.com\/wp-content\/uploads\/2024\/07\/WDS_9795-200x300.jpg\" srcset=\"https:\/\/www.koonings.com\/wp-content\/uploads\/2024\/07\/WDS_9795-200x300.jpg 200w, https:\/\/www.koonings.com\/wp-content\/uploads\/2024\/07\/WDS_9795-683x1024.jpg 683w, https:\/\/www.koonings.com\/wp-content\/uploads\/2024\/07\/WDS_9795-768x1152.jpg 768w, https:\/\/www.koonings.com\/wp-content\/uploads\/2024\/07\/WDS_9795-1024x1536.jpg 1024w, https:\/\/www.koonings.com\/wp-content\/uploads\/2024\/07\/WDS_9795-1365x2048.jpg 1365w, https:\/\/www.koonings.com\/wp-content\/uploads\/2024\/07\/WDS_9795-scaled.jpg 1707w\" alt=\"\">\r\n                <\/div>\r\n\t\t\t\r\n            <div class=\"swiper images-swiper\">\r\n\r\n\t\t\t\t\r\n                <div class=\"swiper-wrapper\">\r\n\t\t\t\t\t                        <li class=\"swiper-slide\">\r\n                            <img decoding=\"async\" class=\" img-fluid\" src=\"https:\/\/www.koonings.com\/wp-content\/uploads\/2024\/07\/foto1WDS_0170-kopie-1024x683.jpg\" srcset=\"https:\/\/www.koonings.com\/wp-content\/uploads\/2024\/07\/foto1WDS_0170-kopie-scaled.jpg\" alt=\"\">\r\n                        <\/li>\r\n\t\t\t\t\t                <\/div>\r\n\r\n                <div class=\"swiper-pagination\"><\/div>\r\n\r\n                <div class=\"swiper-button-prev\"><\/div>\r\n                <div class=\"swiper-button-next\"><\/div>\r\n\r\n            <\/div>\r\n\r\n        <\/div>\r\n\t\r\n\t<\/div><\/div><\/div>\n<\/div><\/div>\n\n<\/div>\r\n            <\/div>\r\n        <\/div>\r\n    <\/div>\r\n\r\n<\/div>\r\n\r\n    \r\n\r\n<div class=\"eye-element fullwidth-row alignfull style-both bg--none  alignfull \" style=\" \">\r\n\r\n    <div class=\"container\">\r\n        <div class=\"row\">\r\n            <div class=\"col-12\">\r\n                <div class=\"acf-innerblocks-container\">\n\n<h2 class=\"wp-block-heading\" id=\"waarom-koonings-de-perfecte-keuze-is-voor-bruiden-uit-maasmechelen\">Pourquoi Koonings est le choix id\u00e9al pour les jeunes mari\u00e9es de Maasmechelen ?<\/h2>\n\n\n\n<ul start=\"1\" class=\"wp-block-list\">\n<li><strong>La plus grande collection de mariages du Limbourg<\/strong> &#8211; Des robes classiques aux robes \u00e0 la mode, il y en a pour tous les go\u00fbts.<\/li>\n\n\n\n<li><strong>Une exp\u00e9rience unique<\/strong> &#8211; L&#8217;emplacement dans le ch\u00e2teau de conte de f\u00e9es Castle East rendra votre moment d&#8217;essayage inoubliable.<\/li>\n\n\n\n<li><strong>Des conseils professionnels<\/strong> &#8211; Nos stylistes experts vous guident avec une attention personnelle.<\/li>\n\n\n\n<li><strong>Rapidement accessible<\/strong> &#8211; En 25 minutes, vous pouvez facilement vous rendre en voiture de Maasmechelen \u00e0 notre magasin de mariage \u00e0 Valkenburg.<\/li>\n\n\n\n<li><strong>Connu \u00e0 la t\u00e9l\u00e9vision<\/strong> &#8211; Koonings est le magasin de robes de mari\u00e9e de <em>Say Yes to the Dress<\/em> et <em>Married at First Sight<\/em>.<\/li>\n<\/ul>\n\n<\/div>\r\n            <\/div>\r\n        <\/div>\r\n    <\/div>\r\n\r\n<\/div>\r\n\r\n    \r\n\r\n<div class=\"eye-element fullwidth-row alignfull style-both bg--lightgray  alignfull \" style=\" \">\r\n\r\n    <div class=\"container\">\r\n        <div class=\"row\">\r\n            <div class=\"col-12\">\r\n                <div class=\"acf-innerblocks-container\">\n\n<h2 class=\"wp-block-heading has-text-align-center\" id=\"zo-bereik-je-koonings-bruidsmode-vanuit-maasmechelen\">Comment se rendre chez Koonings Bridalwear \u00e0 partir de Maasmechelen ?<\/h2>\n\n\n\n<p class=\"has-text-align-center\">Depuis Maasmechelen, vous pouvez vous rendre en un rien de temps au magasin de mariage Koonings. Empruntez l&#8217;E314 et l&#8217;A79 en direction de Valkenburg, prenez la sortie 4 et suivez les panneaux Kasteel Oost. Vous pouvez vous garer dans le grand parking gratuit situ\u00e9 \u00e0 proximit\u00e9 du magasin de robes de mari\u00e9e. Planifiez facilement votre itin\u00e9raire avec <a href=\"https:\/\/www.google.com\/maps\/dir\/\/Oosterweg+30,+6301+PX+Valkenburg\/@50.8618028,5.7593203,12z\/data=!4m8!4m7!1m0!1m5!1m1!1s0x47c09556dd064395:0x4979aaf79c0c47c4!2m2!1d5.8418127!2d50.8618943\" target=\"_blank\" rel=\"noreferrer noopener\">Google Maps<\/a> et d\u00e9couvrez par vous-m\u00eame pourquoi tant de mari\u00e9es choisissent Koonings.   <\/p>\n\n\n\n<div class=\"ghostkit-google-maps\" style=\"min-height:350px\" data-lat=\"50.8620043\" data-lng=\"5.841919500000001\" data-zoom=\"10\" data-show-zoom-buttons=\"true\" data-show-map-type-buttons=\"true\" data-show-street-view-button=\"true\" data-show-fullscreen-button=\"true\" data-option-scroll-wheel=\"true\" data-option-draggable=\"true\" data-styles=\"\"><div class=\"ghostkit-google-maps-marker\" data-title=\"Koonings The Wedding Castle\" data-lat=\"40.7127753\" data-lng=\"-74.0059728\" data-address=\"1356 Broadway, New York, NY 10018, Verenigde Staten\"><div class=\"ghostkit-pro-google-maps-marker-info-window-text\" style=\"display:none\"><p>Oosterweg 36<br>6301 PX Valkenburg<\/p><\/div><\/div><\/div>\n\n<\/div>\r\n            <\/div>\r\n        <\/div>\r\n    <\/div>\r\n\r\n<\/div>\r\n\r\n    \r\n\r\n<div class=\"eye-element fullwidth-row alignfull style-both bg--none  alignfull \" style=\" \">\r\n\r\n    <div class=\"container\">\r\n        <div class=\"row\">\r\n            <div class=\"col-12\">\r\n                <div class=\"acf-innerblocks-container\">\n\n<div class=\"ghostkit-grid ghostkit-grid-gap-md\"><div class=\"ghostkit-grid-inner\">\n<div class=\"ghostkit-col ghostkit-col-md-12 ghostkit-col-6\"><div class=\"ghostkit-col-content is-layout-flow wp-block-ghostkit-grid-column-is-layout-flow\">\r\n<div class=\"eye-block empty-space empty-space--large pt-md-5 pb-md-5 pt-4 pb-4\" ><\/div>\n\n\n<h2 class=\"wp-block-heading\" id=\"bruidsdroom\">R\u00eave de mari\u00e9e<\/h2>\n\n\n\n<p>Vous r\u00eavez d&#8217;une robe de mari\u00e9e qui vous convienne parfaitement ? Passez donc chez Koonings The Wedding Castle et laissez-vous s\u00e9duire par notre belle collection de mode nuptiale. Que vous veniez de Maasmechelen, de <a href=\"https:\/\/www.koonings.com\/inspiratie\/bruidswinkel-luik\/\">Li\u00e8ge<\/a> ou de la r\u00e9gion du Limbourg Sud, nous serons ravis de vous aider \u00e0 trouver la robe de vos r\u00eaves. Prenez rendez-vous d\u00e8s aujourd&#8217;hui et d\u00e9couvrez la magie de Koonings !   <\/p>\n\n\n\r\n<div class=\"eye-element bsbutton text-start \" >\r\n\t        <a class=\"btn btn-primary\" href=\"\/bruid\/trouwjurken\"\r\n           target=\"\">Voir la collection de robes de mari\u00e9e<\/a>\r\n\t<\/div>\n\n\n<h2 class=\"wp-block-heading\" id=\"compleet-bruidsmodeaanbod-voor-de-hele-bruiloft\">Offre compl\u00e8te de mode nuptiale pour l&#8217;ensemble du mariage<\/h2>\n\n\n\n<p>Chez Koonings, vous trouverez non seulement des robes de mari\u00e9e, mais aussi la tenue de mariage parfaite pour le mari\u00e9, les t\u00e9moins et les enfants. Vous ne trouverez pas de plus grande collection dans la r\u00e9gion de Maasmechelen. Des costumes sur mesure \u00e9l\u00e9gants et des accessoires chics aux tenues \u00e9l\u00e9gantes pour les plus petits invit\u00e9s &#8211; nous aidons tout le monde \u00e0 \u00eatre parfait le jour de votre mariage.  <\/p>\n<\/div><\/div>\n\n\n\n<div class=\"ghostkit-col ghostkit-col-md-12 ghostkit-col-6\"><div class=\"ghostkit-col-content is-layout-flow wp-block-ghostkit-grid-column-is-layout-flow\">\r\n<div class=\"eye-element images style-default variant-1 multi-image\">\r\n\r\n\t        <div class=\"composition\">\r\n\t\t\t                <div class=\"image-0\">\r\n                    <img decoding=\"async\" class=\"img-fluid\" src=\"https:\/\/www.koonings.com\/wp-content\/uploads\/2024\/08\/koonings-trouwpak-wilvorst-431107-40-trouwkostuum-a-1-212x300.jpg\" srcset=\"https:\/\/www.koonings.com\/wp-content\/uploads\/2024\/08\/koonings-trouwpak-wilvorst-431107-40-trouwkostuum-a-1-212x300.jpg 212w, https:\/\/www.koonings.com\/wp-content\/uploads\/2024\/08\/koonings-trouwpak-wilvorst-431107-40-trouwkostuum-a-1-724x1024.jpg 724w, https:\/\/www.koonings.com\/wp-content\/uploads\/2024\/08\/koonings-trouwpak-wilvorst-431107-40-trouwkostuum-a-1-768x1087.jpg 768w, https:\/\/www.koonings.com\/wp-content\/uploads\/2024\/08\/koonings-trouwpak-wilvorst-431107-40-trouwkostuum-a-1-1086x1536.jpg 1086w, https:\/\/www.koonings.com\/wp-content\/uploads\/2024\/08\/koonings-trouwpak-wilvorst-431107-40-trouwkostuum-a-1.jpg 1311w\" alt=\"\">\r\n                <\/div>\r\n\t\t\t\r\n            <div class=\"swiper images-swiper\">\r\n\r\n\t\t\t\t\r\n                <div class=\"swiper-wrapper\">\r\n\t\t\t\t\t                        <li class=\"swiper-slide\">\r\n                            <img decoding=\"async\" class=\" img-fluid\" src=\"https:\/\/www.koonings.com\/wp-content\/uploads\/2024\/07\/herenpakken-1024x671.png\" srcset=\"https:\/\/www.koonings.com\/wp-content\/uploads\/2024\/07\/herenpakken.png\" alt=\"Koonings herenpakken\">\r\n                        <\/li>\r\n\t\t\t\t\t                <\/div>\r\n\r\n                <div class=\"swiper-pagination\"><\/div>\r\n\r\n                <div class=\"swiper-button-prev\"><\/div>\r\n                <div class=\"swiper-button-next\"><\/div>\r\n\r\n            <\/div>\r\n\r\n        <\/div>\r\n\t\r\n\t<\/div><\/div><\/div>\n<\/div><\/div>\n\n<\/div>\r\n            <\/div>\r\n        <\/div>\r\n    <\/div>\r\n\r\n<\/div>\r\n\r\n    \r\n\r\n<div class=\"eye-element fullwidth-row alignfull style-both bg--none  alignfull \" style=\" \">\r\n\r\n    <div class=\"container\">\r\n        <div class=\"row\">\r\n            <div class=\"col-12\">\r\n                <div class=\"acf-innerblocks-container\">\n\n<h2 class=\"wp-block-heading has-text-align-center\" id=\"plan-jouw-bezoek-aan-koonings-the-wedding-castle\">Planifiez votre visite \u00e0 Koonings The Wedding Castle<\/h2>\n\n\n\n<p class=\"has-text-align-center\">\u00cates-vous pr\u00eate \u00e0 trouver la robe de vos r\u00eaves ? Arr\u00eatez-vous chez Koonings The Wedding Castle et d\u00e9couvrez la plus belle mode nuptiale dans un environnement inspirant. Que vous veniez de Maasmechelen, Lanaken ou d&#8217;une autre ville belge, nous sommes heureux de vous accueillir. Prenez rendez-vous d\u00e8s aujourd&#8217;hui et d\u00e9couvrez la magie de Koonings !   <\/p>\n\n\n\r\n<div class=\"eye-element bsbutton text-center \" >\r\n\t        <a class=\"btn btn-gold\" href=\"\/afspraak-maken\"\r\n           target=\"\">Prenez rendez-vous<\/a>\r\n\t<\/div>\n<\/div>\r\n            <\/div>\r\n        <\/div>\r\n    <\/div>\r\n\r\n<\/div>\r\n\r\n    ","protected":false},"excerpt":{"rendered":"","protected":false},"author":2,"featured_media":0,"parent":16224,"menu_order":0,"comment_status":"closed","ping_status":"closed","template":"","meta":{"_acf_changed":false,"ghostkit_customizer_options":"","ghostkit_custom_css":"","ghostkit_custom_js_head":"","ghostkit_custom_js_foot":"","ghostkit_typography":"","footnotes":""},"class_list":["post-98546","page","type-page","status-publish","hentry"],"acf":[],"yoast_head":"<!-- This site is optimized with the Yoast SEO plugin v27.3 - https:\/\/yoast.com\/product\/yoast-seo-wordpress\/ -->\n<title>Boutique de mariage unique \u00e0 Maasmechelen | Koonings<\/title>\n<meta name=\"description\" content=\"Vous \u00eates \u00e0 la recherche de la robe de mari\u00e9e parfaite dans un magasin de mariage unique \u00e0 Maasmechelen ? Chez Koonings The Wedding Castle, vous trouverez la plus grande collection de robes de mari\u00e9e.\" \/>\n<meta name=\"robots\" content=\"index, follow, max-snippet:-1, max-image-preview:large, max-video-preview:-1\" \/>\n<link rel=\"canonical\" href=\"https:\/\/www.koonings.com\/fr\/inspiration\/boutique-de-mariage-unique-a-maasmechelen\/\" \/>\n<meta property=\"og:locale\" content=\"fr_FR\" \/>\n<meta property=\"og:type\" content=\"article\" \/>\n<meta property=\"og:title\" content=\"Boutique de mariage unique \u00e0 Maasmechelen | Koonings\" \/>\n<meta property=\"og:description\" content=\"Vous \u00eates \u00e0 la recherche de la robe de mari\u00e9e parfaite dans un magasin de mariage unique \u00e0 Maasmechelen ? Chez Koonings The Wedding Castle, vous trouverez la plus grande collection de robes de mari\u00e9e.\" \/>\n<meta property=\"og:url\" content=\"https:\/\/www.koonings.com\/fr\/inspiration\/boutique-de-mariage-unique-a-maasmechelen\/\" \/>\n<meta property=\"og:site_name\" content=\"Koonings\" \/>\n<meta property=\"article:publisher\" content=\"https:\/\/www.facebook.com\/kooningstheweddingpalace\" \/>\n<meta property=\"article:modified_time\" content=\"2025-09-29T10:08:50+00:00\" \/>\n<meta property=\"og:image\" content=\"https:\/\/www.koonings.com\/wp-content\/uploads\/2024\/06\/palace-hero-screenshot-1024x575.png\" \/>\n\t<meta property=\"og:image:width\" content=\"1024\" \/>\n\t<meta property=\"og:image:height\" content=\"575\" \/>\n\t<meta property=\"og:image:type\" content=\"image\/png\" \/>\n<meta name=\"twitter:card\" content=\"summary_large_image\" \/>\n<meta name=\"twitter:label1\" content=\"Dur\u00e9e de lecture estim\u00e9e\" \/>\n\t<meta name=\"twitter:data1\" content=\"3 minutes\" \/>\n<script type=\"application\/ld+json\" class=\"yoast-schema-graph\">{\"@context\":\"https:\\\/\\\/schema.org\",\"@graph\":[{\"@type\":\"WebPage\",\"@id\":\"https:\\\/\\\/www.koonings.com\\\/fr\\\/inspiration\\\/boutique-de-mariage-unique-a-maasmechelen\\\/\",\"url\":\"https:\\\/\\\/www.koonings.com\\\/fr\\\/inspiration\\\/boutique-de-mariage-unique-a-maasmechelen\\\/\",\"name\":\"Boutique de mariage unique \u00e0 Maasmechelen | Koonings\",\"isPartOf\":{\"@id\":\"https:\\\/\\\/www.koonings.com\\\/fr\\\/#website\"},\"datePublished\":\"2025-02-20T15:42:30+00:00\",\"dateModified\":\"2025-09-29T10:08:50+00:00\",\"description\":\"Vous \u00eates \u00e0 la recherche de la robe de mari\u00e9e parfaite dans un magasin de mariage unique \u00e0 Maasmechelen ? Chez Koonings The Wedding Castle, vous trouverez la plus grande collection de robes de mari\u00e9e.\",\"breadcrumb\":{\"@id\":\"https:\\\/\\\/www.koonings.com\\\/fr\\\/inspiration\\\/boutique-de-mariage-unique-a-maasmechelen\\\/#breadcrumb\"},\"inLanguage\":\"fr-FR\",\"potentialAction\":[{\"@type\":\"ReadAction\",\"target\":[\"https:\\\/\\\/www.koonings.com\\\/fr\\\/inspiration\\\/boutique-de-mariage-unique-a-maasmechelen\\\/\"]}]},{\"@type\":\"BreadcrumbList\",\"@id\":\"https:\\\/\\\/www.koonings.com\\\/fr\\\/inspiration\\\/boutique-de-mariage-unique-a-maasmechelen\\\/#breadcrumb\",\"itemListElement\":[{\"@type\":\"ListItem\",\"position\":1,\"name\":\"Home\",\"item\":\"https:\\\/\\\/www.koonings.com\\\/fr\\\/\"},{\"@type\":\"ListItem\",\"position\":2,\"name\":\"Inspiration\",\"item\":\"https:\\\/\\\/www.koonings.com\\\/fr\\\/inspiration\\\/\"},{\"@type\":\"ListItem\",\"position\":3,\"name\":\"Boutique de mariage unique \u00e0 Maasmechelen\"}]},{\"@type\":\"WebSite\",\"@id\":\"https:\\\/\\\/www.koonings.com\\\/fr\\\/#website\",\"url\":\"https:\\\/\\\/www.koonings.com\\\/fr\\\/\",\"name\":\"Koonings\",\"description\":\"De grootste bruidsmodewinkel ter wereld\",\"publisher\":{\"@id\":\"https:\\\/\\\/www.koonings.com\\\/fr\\\/#organization\"},\"potentialAction\":[{\"@type\":\"SearchAction\",\"target\":{\"@type\":\"EntryPoint\",\"urlTemplate\":\"https:\\\/\\\/www.koonings.com\\\/fr\\\/?s={search_term_string}\"},\"query-input\":{\"@type\":\"PropertyValueSpecification\",\"valueRequired\":true,\"valueName\":\"search_term_string\"}}],\"inLanguage\":\"fr-FR\"},{\"@type\":\"Organization\",\"@id\":\"https:\\\/\\\/www.koonings.com\\\/fr\\\/#organization\",\"name\":\"Koonings\",\"url\":\"https:\\\/\\\/www.koonings.com\\\/fr\\\/\",\"logo\":{\"@type\":\"ImageObject\",\"inLanguage\":\"fr-FR\",\"@id\":\"https:\\\/\\\/www.koonings.com\\\/fr\\\/#\\\/schema\\\/logo\\\/image\\\/\",\"url\":\"https:\\\/\\\/www.koonings.com\\\/wp-content\\\/uploads\\\/2024\\\/07\\\/logo.png\",\"contentUrl\":\"https:\\\/\\\/www.koonings.com\\\/wp-content\\\/uploads\\\/2024\\\/07\\\/logo.png\",\"width\":600,\"height\":428,\"caption\":\"Koonings\"},\"image\":{\"@id\":\"https:\\\/\\\/www.koonings.com\\\/fr\\\/#\\\/schema\\\/logo\\\/image\\\/\"},\"sameAs\":[\"https:\\\/\\\/www.facebook.com\\\/kooningstheweddingpalace\",\"https:\\\/\\\/www.instagram.com\\\/kooningstheweddingpalace\",\"https:\\\/\\\/www.pinterest.com\\\/koonings\",\"https:\\\/\\\/www.youtube.com\\\/kooningstheweddingpalace\"]}]}<\/script>\n<!-- \/ Yoast SEO plugin. -->","yoast_head_json":{"title":"Boutique de mariage unique \u00e0 Maasmechelen | Koonings","description":"Vous \u00eates \u00e0 la recherche de la robe de mari\u00e9e parfaite dans un magasin de mariage unique \u00e0 Maasmechelen ? Chez Koonings The Wedding Castle, vous trouverez la plus grande collection de robes de mari\u00e9e.","robots":{"index":"index","follow":"follow","max-snippet":"max-snippet:-1","max-image-preview":"max-image-preview:large","max-video-preview":"max-video-preview:-1"},"canonical":"https:\/\/www.koonings.com\/fr\/inspiration\/boutique-de-mariage-unique-a-maasmechelen\/","og_locale":"fr_FR","og_type":"article","og_title":"Boutique de mariage unique \u00e0 Maasmechelen | Koonings","og_description":"Vous \u00eates \u00e0 la recherche de la robe de mari\u00e9e parfaite dans un magasin de mariage unique \u00e0 Maasmechelen ? Chez Koonings The Wedding Castle, vous trouverez la plus grande collection de robes de mari\u00e9e.","og_url":"https:\/\/www.koonings.com\/fr\/inspiration\/boutique-de-mariage-unique-a-maasmechelen\/","og_site_name":"Koonings","article_publisher":"https:\/\/www.facebook.com\/kooningstheweddingpalace","article_modified_time":"2025-09-29T10:08:50+00:00","og_image":[{"width":1024,"height":575,"url":"https:\/\/www.koonings.com\/wp-content\/uploads\/2024\/06\/palace-hero-screenshot-1024x575.png","type":"image\/png"}],"twitter_card":"summary_large_image","twitter_misc":{"Dur\u00e9e de lecture estim\u00e9e":"3 minutes"},"schema":{"@context":"https:\/\/schema.org","@graph":[{"@type":"WebPage","@id":"https:\/\/www.koonings.com\/fr\/inspiration\/boutique-de-mariage-unique-a-maasmechelen\/","url":"https:\/\/www.koonings.com\/fr\/inspiration\/boutique-de-mariage-unique-a-maasmechelen\/","name":"Boutique de mariage unique \u00e0 Maasmechelen | Koonings","isPartOf":{"@id":"https:\/\/www.koonings.com\/fr\/#website"},"datePublished":"2025-02-20T15:42:30+00:00","dateModified":"2025-09-29T10:08:50+00:00","description":"Vous \u00eates \u00e0 la recherche de la robe de mari\u00e9e parfaite dans un magasin de mariage unique \u00e0 Maasmechelen ? Chez Koonings The Wedding Castle, vous trouverez la plus grande collection de robes de mari\u00e9e.","breadcrumb":{"@id":"https:\/\/www.koonings.com\/fr\/inspiration\/boutique-de-mariage-unique-a-maasmechelen\/#breadcrumb"},"inLanguage":"fr-FR","potentialAction":[{"@type":"ReadAction","target":["https:\/\/www.koonings.com\/fr\/inspiration\/boutique-de-mariage-unique-a-maasmechelen\/"]}]},{"@type":"BreadcrumbList","@id":"https:\/\/www.koonings.com\/fr\/inspiration\/boutique-de-mariage-unique-a-maasmechelen\/#breadcrumb","itemListElement":[{"@type":"ListItem","position":1,"name":"Home","item":"https:\/\/www.koonings.com\/fr\/"},{"@type":"ListItem","position":2,"name":"Inspiration","item":"https:\/\/www.koonings.com\/fr\/inspiration\/"},{"@type":"ListItem","position":3,"name":"Boutique de mariage unique \u00e0 Maasmechelen"}]},{"@type":"WebSite","@id":"https:\/\/www.koonings.com\/fr\/#website","url":"https:\/\/www.koonings.com\/fr\/","name":"Koonings","description":"De grootste bruidsmodewinkel ter wereld","publisher":{"@id":"https:\/\/www.koonings.com\/fr\/#organization"},"potentialAction":[{"@type":"SearchAction","target":{"@type":"EntryPoint","urlTemplate":"https:\/\/www.koonings.com\/fr\/?s={search_term_string}"},"query-input":{"@type":"PropertyValueSpecification","valueRequired":true,"valueName":"search_term_string"}}],"inLanguage":"fr-FR"},{"@type":"Organization","@id":"https:\/\/www.koonings.com\/fr\/#organization","name":"Koonings","url":"https:\/\/www.koonings.com\/fr\/","logo":{"@type":"ImageObject","inLanguage":"fr-FR","@id":"https:\/\/www.koonings.com\/fr\/#\/schema\/logo\/image\/","url":"https:\/\/www.koonings.com\/wp-content\/uploads\/2024\/07\/logo.png","contentUrl":"https:\/\/www.koonings.com\/wp-content\/uploads\/2024\/07\/logo.png","width":600,"height":428,"caption":"Koonings"},"image":{"@id":"https:\/\/www.koonings.com\/fr\/#\/schema\/logo\/image\/"},"sameAs":["https:\/\/www.facebook.com\/kooningstheweddingpalace","https:\/\/www.instagram.com\/kooningstheweddingpalace","https:\/\/www.pinterest.com\/koonings","https:\/\/www.youtube.com\/kooningstheweddingpalace"]}]}},"_links":{"self":[{"href":"https:\/\/www.koonings.com\/fr\/wp-json\/wp\/v2\/pages\/98546","targetHints":{"allow":["GET"]}}],"collection":[{"href":"https:\/\/www.koonings.com\/fr\/wp-json\/wp\/v2\/pages"}],"about":[{"href":"https:\/\/www.koonings.com\/fr\/wp-json\/wp\/v2\/types\/page"}],"author":[{"embeddable":true,"href":"https:\/\/www.koonings.com\/fr\/wp-json\/wp\/v2\/users\/2"}],"replies":[{"embeddable":true,"href":"https:\/\/www.koonings.com\/fr\/wp-json\/wp\/v2\/comments?post=98546"}],"version-history":[{"count":1,"href":"https:\/\/www.koonings.com\/fr\/wp-json\/wp\/v2\/pages\/98546\/revisions"}],"predecessor-version":[{"id":98547,"href":"https:\/\/www.koonings.com\/fr\/wp-json\/wp\/v2\/pages\/98546\/revisions\/98547"}],"up":[{"embeddable":true,"href":"https:\/\/www.koonings.com\/fr\/wp-json\/wp\/v2\/pages\/16224"}],"wp:attachment":[{"href":"https:\/\/www.koonings.com\/fr\/wp-json\/wp\/v2\/media?parent=98546"}],"curies":[{"name":"wp","href":"https:\/\/api.w.org\/{rel}","templated":true}]}}